{"id":997,"date":"2025-11-20T12:50:02","date_gmt":"2025-11-20T12:50:02","guid":{"rendered":"https:\/\/jiushidao.com\/?post_type=product&#038;p=997"},"modified":"2025-12-23T17:04:15","modified_gmt":"2025-12-23T17:04:15","slug":"ginseng-consolidation-and-nourishment-paste","status":"publish","type":"product","link":"https:\/\/jiushidao.com\/vi\/san-pham\/ginseng-consolidation-and-nourishment-paste\/","title":{"rendered":"Kem d\u01b0\u1ee1ng v\u00e0 c\u1ee7ng c\u1ed1 nh\u00e2n s\u00e2m"},"content":{"rendered":"<section class=\"ybc-p\">B\u1ed5 kh\u00ed, th\u00fac \u0111\u1ea9y s\u1ea3n xu\u1ea5t d\u1ecbch v\u00e0 l\u00e0m \u1ea9m ph\u1ed5i. \u0110\u01b0\u1ee3c thi\u1ebft k\u1ebf \u0111\u1eb7c bi\u1ec7t \u0111\u1ec3 gi\u00fap m\u1ecdi ng\u01b0\u1eddi ph\u1ee5c h\u1ed3i s\u1ee9c kh\u1ecfe sau khi \u1ed1m, gi\u1ea3m m\u1ec7t m\u1ecfi, suy nh\u01b0\u1ee3c v\u00e0 \u0111\u1ed5 m\u1ed3 h\u00f4i qu\u00e1 nhi\u1ec1u. Ngo\u00e0i ra, s\u1ea3n ph\u1ea9m c\u00f2n gi\u00fap l\u00e0m d\u1ecbu t\u00e2m tr\u00ed \u0111\u1ec3 c\u1ea3i thi\u1ec7n gi\u1ea5c ng\u1ee7, c\u1ee7ng c\u1ed1 s\u1ee9c kh\u1ecfe n\u1ec1n t\u1ea3ng v\u00e0 t\u0103ng c\u01b0\u1eddng s\u1ee9c s\u1ed1ng t\u1ed5ng th\u1ec3.<\/section>\n<section class=\"ybc-p\"><strong>L\u1ee3i \u00edch ch\u00ednh:<\/strong>\u200b<\/section>\n<ul class=\"ybc-ul-component\">\n<li class=\"ybc-li-component ybc-li-component_ul\">\n<section class=\"ybc-p\">B\u1ed5 sung Qi v\u00e0 d\u1ecbch c\u01a1 th\u1ec3 \u0111\u1ec3 ph\u1ee5c h\u1ed3i n\u0103ng l\u01b0\u1ee3ng<\/section>\n<\/li>\n<li class=\"ybc-li-component ybc-li-component_ul\">\n<section class=\"ybc-p\">Gi\u1ea3m m\u1ec7t m\u1ecfi v\u00e0 \u0111\u1ed5 m\u1ed3 h\u00f4i qu\u00e1 nhi\u1ec1u<\/section>\n<\/li>\n<li class=\"ybc-li-component ybc-li-component_ul\">\n<section class=\"ybc-p\">L\u00e0m d\u1ecbu t\u00e2m tr\u00ed v\u00e0 th\u00fac \u0111\u1ea9y gi\u1ea5c ng\u1ee7 ngon<\/section>\n<\/li>\n<li class=\"ybc-li-component ybc-li-component_ul\">\n<section class=\"ybc-p\">T\u0103ng c\u01b0\u1eddng th\u1ec3 ch\u1ea5t c\u01a1 b\u1ea3n c\u1ee7a c\u01a1 th\u1ec3<\/section>\n<\/li>\n<li class=\"ybc-li-component ybc-li-component_ul\">\n<section class=\"ybc-p\">H\u1ed7 tr\u1ee3 s\u1ee9c kh\u1ecfe v\u00e0 th\u1ec3 ch\u1ea5t l\u00e2u d\u00e0i<\/section>\n<\/li>\n<\/ul>","protected":false},"excerpt":{"rendered":"<p>B\u1ed5 kh\u00ed, th\u00fac \u0111\u1ea9y s\u1ea3n xu\u1ea5t d\u1ecbch v\u00e0 l\u00e0m \u1ea9m ph\u1ed5i. \u0110\u01b0\u1ee3c thi\u1ebft k\u1ebf \u0111\u1eb7c bi\u1ec7t \u0111\u1ec3 gi\u00fap ng\u01b0\u1eddi b\u1ec7nh ph\u1ee5c h\u1ed3i s\u1ee9c kh\u1ecfe sau khi \u1ed1m, gi\u1ea3m m\u1ec7t m\u1ecfi, suy nh\u01b0\u1ee3c v\u00e0 \u0111\u1ed5 m\u1ed3 h\u00f4i qu\u00e1 nhi\u1ec1u. Ngo\u00e0i ra, s\u1ea3n ph\u1ea9m c\u00f2n c\u00f3 t\u00e1c d\u1ee5ng:<span class=\"excerpt-hellip\"> [\u2026]<\/span><\/p>","protected":false},"featured_media":1034,"comment_status":"open","ping_status":"closed","template":"","meta":[],"product_brand":[],"product_cat":[65],"product_tag":[],"class_list":{"0":"post-997","1":"product","2":"type-product","3":"status-publish","4":"has-post-thumbnail","6":"product_cat-rui_shan_tang","8":"first","9":"instock","10":"shipping-taxable","11":"product-type-external"},"yoast_head":"<!-- This site is optimized with the Yoast SEO Premium plugin v25.8 (Yoast SEO v25.8) - https:\/\/yoast.com\/wordpress\/plugins\/seo\/ -->\n<title>Ginseng Consolidation and Nourishment Paste - Jiushidao - Global Food Marketplace for Business Growth and Cosumers<\/title>\n<meta name=\"robots\" content=\"index, follow, max-snippet:-1, max-image-preview:large, max-video-preview:-1\" \/>\n<link rel=\"canonical\" href=\"https:\/\/jiushidao.com\/vi\/san-pham\/ginseng-consolidation-and-nourishment-paste\/\" \/>\n<meta property=\"og:locale\" content=\"vi_VN\" \/>\n<meta property=\"og:type\" content=\"article\" \/>\n<meta property=\"og:title\" content=\"Ginseng Consolidation and Nourishment Paste\" \/>\n<meta property=\"og:description\" content=\"Replenishes Qi, promotes fluid production, and moistens the lungs. Specifically designed to help individuals regain strength after illness, alleviating fatigue, weakness, and excessive sweating. Additionally, it [\u2026]\" \/>\n<meta property=\"og:url\" content=\"https:\/\/jiushidao.com\/vi\/san-pham\/ginseng-consolidation-and-nourishment-paste\/\" \/>\n<meta property=\"og:site_name\" content=\"Jiushidao - Global Food Marketplace for Business Growth and Cosumers\" \/>\n<meta property=\"article:modified_time\" content=\"2025-12-23T17:04:15+00:00\" \/>\n<meta property=\"og:image\" content=\"https:\/\/jiushidao.com\/wp-content\/uploads\/2025\/11\/\u56fe\u724712.png\" \/>\n\t<meta property=\"og:image:width\" content=\"800\" \/>\n\t<meta property=\"og:image:height\" content=\"800\" \/>\n\t<meta property=\"og:image:type\" content=\"image\/png\" \/>\n<meta name=\"twitter:card\" content=\"summary_large_image\" \/>\n<meta name=\"twitter:label1\" content=\"\u01af\u1edbc t\u00ednh th\u1eddi gian \u0111\u1ecdc\" \/>\n\t<meta name=\"twitter:data1\" content=\"1 ph\u00fat\" \/>\n<script type=\"application\/ld+json\" class=\"yoast-schema-graph\">{\"@context\":\"https:\/\/schema.org\",\"@graph\":[{\"@type\":\"WebPage\",\"@id\":\"https:\/\/jiushidao.com\/product\/ginseng-consolidation-and-nourishment-paste\/\",\"url\":\"https:\/\/jiushidao.com\/product\/ginseng-consolidation-and-nourishment-paste\/\",\"name\":\"Ginseng Consolidation and Nourishment Paste - Jiushidao - Global Food Marketplace for Business Growth and Cosumers\",\"isPartOf\":{\"@id\":\"https:\/\/jiushidao.com\/#website\"},\"primaryImageOfPage\":{\"@id\":\"https:\/\/jiushidao.com\/product\/ginseng-consolidation-and-nourishment-paste\/#primaryimage\"},\"image\":{\"@id\":\"https:\/\/jiushidao.com\/product\/ginseng-consolidation-and-nourishment-paste\/#primaryimage\"},\"thumbnailUrl\":\"https:\/\/jiushidao.com\/wp-content\/uploads\/2025\/11\/\u56fe\u724712.png\",\"datePublished\":\"2025-11-20T12:50:02+00:00\",\"dateModified\":\"2025-12-23T17:04:15+00:00\",\"breadcrumb\":{\"@id\":\"https:\/\/jiushidao.com\/product\/ginseng-consolidation-and-nourishment-paste\/#breadcrumb\"},\"inLanguage\":\"vi\",\"potentialAction\":[{\"@type\":\"ReadAction\",\"target\":[\"https:\/\/jiushidao.com\/product\/ginseng-consolidation-and-nourishment-paste\/\"]}]},{\"@type\":\"ImageObject\",\"inLanguage\":\"vi\",\"@id\":\"https:\/\/jiushidao.com\/product\/ginseng-consolidation-and-nourishment-paste\/#primaryimage\",\"url\":\"https:\/\/jiushidao.com\/wp-content\/uploads\/2025\/11\/\u56fe\u724712.png\",\"contentUrl\":\"https:\/\/jiushidao.com\/wp-content\/uploads\/2025\/11\/\u56fe\u724712.png\",\"width\":800,\"height\":800},{\"@type\":\"BreadcrumbList\",\"@id\":\"https:\/\/jiushidao.com\/product\/ginseng-consolidation-and-nourishment-paste\/#breadcrumb\",\"itemListElement\":[{\"@type\":\"ListItem\",\"position\":1,\"name\":\"Home\",\"item\":\"https:\/\/jiushidao.com\/\"},{\"@type\":\"ListItem\",\"position\":2,\"name\":\"Store\",\"item\":\"https:\/\/jiushidao.com\/store\/\"},{\"@type\":\"ListItem\",\"position\":3,\"name\":\"Ginseng Consolidation and Nourishment Paste\"}]},{\"@type\":\"WebSite\",\"@id\":\"https:\/\/jiushidao.com\/#website\",\"url\":\"https:\/\/jiushidao.com\/\",\"name\":\"Jiushidao - Global Food Marketplace for Business Growth and Cosumers\",\"description\":\"Jiushidao - Global Food Marketplace for Business Growth and Cosumers\",\"potentialAction\":[{\"@type\":\"SearchAction\",\"target\":{\"@type\":\"EntryPoint\",\"urlTemplate\":\"https:\/\/jiushidao.com\/?s={search_term_string}\"},\"query-input\":{\"@type\":\"PropertyValueSpecification\",\"valueRequired\":true,\"valueName\":\"search_term_string\"}}],\"inLanguage\":\"vi\"}]}<\/script>\n<!-- \/ Yoast SEO Premium plugin. -->","yoast_head_json":{"title":"Ginseng Consolidation and Nourishment Paste - Jiushidao - Global Food Marketplace for Business Growth and Cosumers","robots":{"index":"index","follow":"follow","max-snippet":"max-snippet:-1","max-image-preview":"max-image-preview:large","max-video-preview":"max-video-preview:-1"},"canonical":"https:\/\/jiushidao.com\/vi\/san-pham\/ginseng-consolidation-and-nourishment-paste\/","og_locale":"vi_VN","og_type":"article","og_title":"Ginseng Consolidation and Nourishment Paste","og_description":"Replenishes Qi, promotes fluid production, and moistens the lungs. Specifically designed to help individuals regain strength after illness, alleviating fatigue, weakness, and excessive sweating. Additionally, it [\u2026]","og_url":"https:\/\/jiushidao.com\/vi\/san-pham\/ginseng-consolidation-and-nourishment-paste\/","og_site_name":"Jiushidao - Global Food Marketplace for Business Growth and Cosumers","article_modified_time":"2025-12-23T17:04:15+00:00","og_image":[{"width":800,"height":800,"url":"https:\/\/jiushidao.com\/wp-content\/uploads\/2025\/11\/\u56fe\u724712.png","type":"image\/png"}],"twitter_card":"summary_large_image","twitter_misc":{"\u01af\u1edbc t\u00ednh th\u1eddi gian \u0111\u1ecdc":"1 ph\u00fat"},"schema":{"@context":"https:\/\/schema.org","@graph":[{"@type":"WebPage","@id":"https:\/\/jiushidao.com\/product\/ginseng-consolidation-and-nourishment-paste\/","url":"https:\/\/jiushidao.com\/product\/ginseng-consolidation-and-nourishment-paste\/","name":"Ginseng Consolidation and Nourishment Paste - Jiushidao - Global Food Marketplace for Business Growth and Cosumers","isPartOf":{"@id":"https:\/\/jiushidao.com\/#website"},"primaryImageOfPage":{"@id":"https:\/\/jiushidao.com\/product\/ginseng-consolidation-and-nourishment-paste\/#primaryimage"},"image":{"@id":"https:\/\/jiushidao.com\/product\/ginseng-consolidation-and-nourishment-paste\/#primaryimage"},"thumbnailUrl":"https:\/\/jiushidao.com\/wp-content\/uploads\/2025\/11\/\u56fe\u724712.png","datePublished":"2025-11-20T12:50:02+00:00","dateModified":"2025-12-23T17:04:15+00:00","breadcrumb":{"@id":"https:\/\/jiushidao.com\/product\/ginseng-consolidation-and-nourishment-paste\/#breadcrumb"},"inLanguage":"vi","potentialAction":[{"@type":"ReadAction","target":["https:\/\/jiushidao.com\/product\/ginseng-consolidation-and-nourishment-paste\/"]}]},{"@type":"ImageObject","inLanguage":"vi","@id":"https:\/\/jiushidao.com\/product\/ginseng-consolidation-and-nourishment-paste\/#primaryimage","url":"https:\/\/jiushidao.com\/wp-content\/uploads\/2025\/11\/\u56fe\u724712.png","contentUrl":"https:\/\/jiushidao.com\/wp-content\/uploads\/2025\/11\/\u56fe\u724712.png","width":800,"height":800},{"@type":"BreadcrumbList","@id":"https:\/\/jiushidao.com\/product\/ginseng-consolidation-and-nourishment-paste\/#breadcrumb","itemListElement":[{"@type":"ListItem","position":1,"name":"Home","item":"https:\/\/jiushidao.com\/"},{"@type":"ListItem","position":2,"name":"Store","item":"https:\/\/jiushidao.com\/store\/"},{"@type":"ListItem","position":3,"name":"Ginseng Consolidation and Nourishment Paste"}]},{"@type":"WebSite","@id":"https:\/\/jiushidao.com\/#website","url":"https:\/\/jiushidao.com\/","name":"Jiushidao - Global Food Marketplace for Business Growth and Cosumers","description":"Jiushidao - Global Food Marketplace for Business Growth and Cosumers","potentialAction":[{"@type":"SearchAction","target":{"@type":"EntryPoint","urlTemplate":"https:\/\/jiushidao.com\/?s={search_term_string}"},"query-input":{"@type":"PropertyValueSpecification","valueRequired":true,"valueName":"search_term_string"}}],"inLanguage":"vi"}]}},"_links":{"self":[{"href":"https:\/\/jiushidao.com\/vi\/wp-json\/wp\/v2\/product\/997","targetHints":{"allow":["GET"]}}],"collection":[{"href":"https:\/\/jiushidao.com\/vi\/wp-json\/wp\/v2\/product"}],"about":[{"href":"https:\/\/jiushidao.com\/vi\/wp-json\/wp\/v2\/types\/product"}],"replies":[{"embeddable":true,"href":"https:\/\/jiushidao.com\/vi\/wp-json\/wp\/v2\/comments?post=997"}],"version-history":[{"count":1,"href":"https:\/\/jiushidao.com\/vi\/wp-json\/wp\/v2\/product\/997\/revisions"}],"predecessor-version":[{"id":998,"href":"https:\/\/jiushidao.com\/vi\/wp-json\/wp\/v2\/product\/997\/revisions\/998"}],"wp:featuredmedia":[{"embeddable":true,"href":"https:\/\/jiushidao.com\/vi\/wp-json\/wp\/v2\/media\/1034"}],"wp:attachment":[{"href":"https:\/\/jiushidao.com\/vi\/wp-json\/wp\/v2\/media?parent=997"}],"wp:term":[{"taxonomy":"product_brand","embeddable":true,"href":"https:\/\/jiushidao.com\/vi\/wp-json\/wp\/v2\/product_brand?post=997"},{"taxonomy":"product_cat","embeddable":true,"href":"https:\/\/jiushidao.com\/vi\/wp-json\/wp\/v2\/product_cat?post=997"},{"taxonomy":"product_tag","embeddable":true,"href":"https:\/\/jiushidao.com\/vi\/wp-json\/wp\/v2\/product_tag?post=997"}],"curies":[{"name":"wp","href":"https:\/\/api.w.org\/{rel}","templated":true}]}}