{"id":995,"date":"2025-11-20T12:47:06","date_gmt":"2025-11-20T12:47:06","guid":{"rendered":"https:\/\/jiushidao.com\/?post_type=product&#038;p=995"},"modified":"2025-12-23T17:19:47","modified_gmt":"2025-12-23T17:19:47","slug":"poria-cocos-clearing-paste","status":"publish","type":"product","link":"https:\/\/jiushidao.com\/vi\/san-pham\/poria-cocos-clearing-paste\/","title":{"rendered":"B\u1ed9t r\u1ec5 c\u00e2y sung v\u00e0 l\u00e1 sen"},"content":{"rendered":"<section class=\"ybc-p\">Thanh nhi\u1ec7t, tr\u1eeb th\u1ea5p v\u1edbi hi\u1ec7u qu\u1ea3 r\u00f5 r\u1ec7t. Gi\u1ea3i quy\u1ebft hi\u1ec7u qu\u1ea3 t\u00ecnh tr\u1ea1ng l\u01b0\u1ee1i v\u00e0ng, d\u00e0y, da nh\u1eddn v\u00e0 ph\u00e2n d\u00ednh. Gi\u00fap lo\u1ea1i b\u1ecf b\u1ec7nh ch\u00e0m v\u00e0 m\u1ee5n tr\u1ee9ng c\u00e1 do th\u1ea5p nhi\u1ec7t g\u00e2y ra, mang l\u1ea1i c\u1ea3m gi\u00e1c s\u1ea3ng kho\u00e1i v\u00e0 nh\u1eb9 nh\u00e0ng cho c\u01a1 th\u1ec3.<\/section>\n<section class=\"ybc-p\"><strong>L\u1ee3i \u00edch ch\u00ednh:<\/strong>\u200b<\/section>\n<ul class=\"ybc-ul-component\">\n<li class=\"ybc-li-component ybc-li-component_ul\">\n<section class=\"ybc-p\">Thanh nhi\u1ec7t \u0111\u1ed9c h\u1ea1i ra kh\u1ecfi c\u01a1 th\u1ec3<\/section>\n<\/li>\n<li class=\"ybc-li-component ybc-li-component_ul\">\n<section class=\"ybc-p\">Lo\u1ea1i b\u1ecf \u0111\u1ed9 \u1ea9m v\u00e0 \u0111\u1ed9 \u1ea9m d\u01b0 th\u1eeba<\/section>\n<\/li>\n<li class=\"ybc-li-component ybc-li-component_ul\">\n<section class=\"ybc-p\">C\u1ea3i thi\u1ec7n t\u00ecnh tr\u1ea1ng da nh\u01b0 b\u1ec7nh ch\u00e0m v\u00e0 m\u1ee5n tr\u1ee9ng c\u00e1<\/section>\n<\/li>\n<li class=\"ybc-li-component ybc-li-component_ul\">\n<section class=\"ybc-p\">Gi\u1ea3m t\u00ecnh tr\u1ea1ng da nh\u1eddn v\u00e0 c\u00e1c tri\u1ec7u ch\u1ee9ng ph\u00e2n d\u00ednh<\/section>\n<\/li>\n<li class=\"ybc-li-component ybc-li-component_ul\">\n<section class=\"ybc-p\">Th\u00fac \u0111\u1ea9y c\u1ea3m gi\u00e1c nh\u1eb9 nh\u00e0ng v\u00e0 t\u01b0\u01a1i m\u00e1t t\u1ed5ng th\u1ec3<\/section>\n<\/li>\n<\/ul>","protected":false},"excerpt":{"rendered":"<p>Thanh nhi\u1ec7t, tr\u1eeb th\u1ea5p, hi\u1ec7u qu\u1ea3 r\u00f5 r\u1ec7t. Tr\u1ecb hi\u1ec7u qu\u1ea3 t\u00ecnh tr\u1ea1ng l\u01b0\u1ee1i v\u00e0ng, d\u00e0y, da nh\u1eddn, ph\u00e2n d\u00ednh. H\u1ed7 tr\u1ee3 \u0111i\u1ec1u tr\u1ecb b\u1ec7nh ch\u00e0m v\u00e0 m\u1ee5n tr\u1ee9ng c\u00e1 do:<span class=\"excerpt-hellip\"> [\u2026]<\/span><\/p>","protected":false},"featured_media":1032,"comment_status":"open","ping_status":"closed","template":"","meta":[],"product_brand":[],"product_cat":[65],"product_tag":[],"class_list":{"0":"post-995","1":"product","2":"type-product","3":"status-publish","4":"has-post-thumbnail","6":"product_cat-rui_shan_tang","8":"first","9":"instock","10":"shipping-taxable","11":"product-type-external"},"yoast_head":"<!-- This site is optimized with the Yoast SEO Premium plugin v25.8 (Yoast SEO v25.8) - https:\/\/yoast.com\/wordpress\/plugins\/seo\/ -->\n<title>Hairy Fig Root and Lotus Leaf Paste - Jiushidao - Global Food Marketplace for Business Growth and Cosumers<\/title>\n<meta name=\"robots\" content=\"index, follow, max-snippet:-1, max-image-preview:large, max-video-preview:-1\" \/>\n<link rel=\"canonical\" href=\"https:\/\/jiushidao.com\/vi\/san-pham\/poria-cocos-clearing-paste\/\" \/>\n<meta property=\"og:locale\" content=\"vi_VN\" \/>\n<meta property=\"og:type\" content=\"article\" \/>\n<meta property=\"og:title\" content=\"Hairy Fig Root and Lotus Leaf Paste\" \/>\n<meta property=\"og:description\" content=\"Clears heat and eliminates dampness with targeted efficacy. Effectively addresses yellow, thick tongue coating, oily skin, and sticky stools. Helps eradicate eczema and acne caused by [\u2026]\" \/>\n<meta property=\"og:url\" content=\"https:\/\/jiushidao.com\/vi\/san-pham\/poria-cocos-clearing-paste\/\" \/>\n<meta property=\"og:site_name\" content=\"Jiushidao - Global Food Marketplace for Business Growth and Cosumers\" \/>\n<meta property=\"article:modified_time\" content=\"2025-12-23T17:19:47+00:00\" \/>\n<meta property=\"og:image\" content=\"https:\/\/jiushidao.com\/wp-content\/uploads\/2025\/11\/\u56fe\u72478.png\" \/>\n\t<meta property=\"og:image:width\" content=\"800\" \/>\n\t<meta property=\"og:image:height\" content=\"800\" \/>\n\t<meta property=\"og:image:type\" content=\"image\/png\" \/>\n<meta name=\"twitter:card\" content=\"summary_large_image\" \/>\n<meta name=\"twitter:label1\" content=\"\u01af\u1edbc t\u00ednh th\u1eddi gian \u0111\u1ecdc\" \/>\n\t<meta name=\"twitter:data1\" content=\"1 ph\u00fat\" \/>\n<script type=\"application\/ld+json\" class=\"yoast-schema-graph\">{\"@context\":\"https:\/\/schema.org\",\"@graph\":[{\"@type\":\"WebPage\",\"@id\":\"https:\/\/jiushidao.com\/product\/poria-cocos-clearing-paste\/\",\"url\":\"https:\/\/jiushidao.com\/product\/poria-cocos-clearing-paste\/\",\"name\":\"Hairy Fig Root and Lotus Leaf Paste - Jiushidao - Global Food Marketplace for Business Growth and Cosumers\",\"isPartOf\":{\"@id\":\"https:\/\/jiushidao.com\/#website\"},\"primaryImageOfPage\":{\"@id\":\"https:\/\/jiushidao.com\/product\/poria-cocos-clearing-paste\/#primaryimage\"},\"image\":{\"@id\":\"https:\/\/jiushidao.com\/product\/poria-cocos-clearing-paste\/#primaryimage\"},\"thumbnailUrl\":\"https:\/\/jiushidao.com\/wp-content\/uploads\/2025\/11\/\u56fe\u72478.png\",\"datePublished\":\"2025-11-20T12:47:06+00:00\",\"dateModified\":\"2025-12-23T17:19:47+00:00\",\"breadcrumb\":{\"@id\":\"https:\/\/jiushidao.com\/product\/poria-cocos-clearing-paste\/#breadcrumb\"},\"inLanguage\":\"vi\",\"potentialAction\":[{\"@type\":\"ReadAction\",\"target\":[\"https:\/\/jiushidao.com\/product\/poria-cocos-clearing-paste\/\"]}]},{\"@type\":\"ImageObject\",\"inLanguage\":\"vi\",\"@id\":\"https:\/\/jiushidao.com\/product\/poria-cocos-clearing-paste\/#primaryimage\",\"url\":\"https:\/\/jiushidao.com\/wp-content\/uploads\/2025\/11\/\u56fe\u72478.png\",\"contentUrl\":\"https:\/\/jiushidao.com\/wp-content\/uploads\/2025\/11\/\u56fe\u72478.png\",\"width\":800,\"height\":800},{\"@type\":\"BreadcrumbList\",\"@id\":\"https:\/\/jiushidao.com\/product\/poria-cocos-clearing-paste\/#breadcrumb\",\"itemListElement\":[{\"@type\":\"ListItem\",\"position\":1,\"name\":\"Home\",\"item\":\"https:\/\/jiushidao.com\/\"},{\"@type\":\"ListItem\",\"position\":2,\"name\":\"Store\",\"item\":\"https:\/\/jiushidao.com\/store\/\"},{\"@type\":\"ListItem\",\"position\":3,\"name\":\"Hairy Fig Root and Lotus Leaf Paste\"}]},{\"@type\":\"WebSite\",\"@id\":\"https:\/\/jiushidao.com\/#website\",\"url\":\"https:\/\/jiushidao.com\/\",\"name\":\"Jiushidao - Global Food Marketplace for Business Growth and Cosumers\",\"description\":\"Jiushidao - Global Food Marketplace for Business Growth and Cosumers\",\"potentialAction\":[{\"@type\":\"SearchAction\",\"target\":{\"@type\":\"EntryPoint\",\"urlTemplate\":\"https:\/\/jiushidao.com\/?s={search_term_string}\"},\"query-input\":{\"@type\":\"PropertyValueSpecification\",\"valueRequired\":true,\"valueName\":\"search_term_string\"}}],\"inLanguage\":\"vi\"}]}<\/script>\n<!-- \/ Yoast SEO Premium plugin. -->","yoast_head_json":{"title":"Hairy Fig Root and Lotus Leaf Paste - Jiushidao - Global Food Marketplace for Business Growth and Cosumers","robots":{"index":"index","follow":"follow","max-snippet":"max-snippet:-1","max-image-preview":"max-image-preview:large","max-video-preview":"max-video-preview:-1"},"canonical":"https:\/\/jiushidao.com\/vi\/san-pham\/poria-cocos-clearing-paste\/","og_locale":"vi_VN","og_type":"article","og_title":"Hairy Fig Root and Lotus Leaf Paste","og_description":"Clears heat and eliminates dampness with targeted efficacy. Effectively addresses yellow, thick tongue coating, oily skin, and sticky stools. Helps eradicate eczema and acne caused by [\u2026]","og_url":"https:\/\/jiushidao.com\/vi\/san-pham\/poria-cocos-clearing-paste\/","og_site_name":"Jiushidao - Global Food Marketplace for Business Growth and Cosumers","article_modified_time":"2025-12-23T17:19:47+00:00","og_image":[{"width":800,"height":800,"url":"https:\/\/jiushidao.com\/wp-content\/uploads\/2025\/11\/\u56fe\u72478.png","type":"image\/png"}],"twitter_card":"summary_large_image","twitter_misc":{"\u01af\u1edbc t\u00ednh th\u1eddi gian \u0111\u1ecdc":"1 ph\u00fat"},"schema":{"@context":"https:\/\/schema.org","@graph":[{"@type":"WebPage","@id":"https:\/\/jiushidao.com\/product\/poria-cocos-clearing-paste\/","url":"https:\/\/jiushidao.com\/product\/poria-cocos-clearing-paste\/","name":"Hairy Fig Root and Lotus Leaf Paste - Jiushidao - Global Food Marketplace for Business Growth and Cosumers","isPartOf":{"@id":"https:\/\/jiushidao.com\/#website"},"primaryImageOfPage":{"@id":"https:\/\/jiushidao.com\/product\/poria-cocos-clearing-paste\/#primaryimage"},"image":{"@id":"https:\/\/jiushidao.com\/product\/poria-cocos-clearing-paste\/#primaryimage"},"thumbnailUrl":"https:\/\/jiushidao.com\/wp-content\/uploads\/2025\/11\/\u56fe\u72478.png","datePublished":"2025-11-20T12:47:06+00:00","dateModified":"2025-12-23T17:19:47+00:00","breadcrumb":{"@id":"https:\/\/jiushidao.com\/product\/poria-cocos-clearing-paste\/#breadcrumb"},"inLanguage":"vi","potentialAction":[{"@type":"ReadAction","target":["https:\/\/jiushidao.com\/product\/poria-cocos-clearing-paste\/"]}]},{"@type":"ImageObject","inLanguage":"vi","@id":"https:\/\/jiushidao.com\/product\/poria-cocos-clearing-paste\/#primaryimage","url":"https:\/\/jiushidao.com\/wp-content\/uploads\/2025\/11\/\u56fe\u72478.png","contentUrl":"https:\/\/jiushidao.com\/wp-content\/uploads\/2025\/11\/\u56fe\u72478.png","width":800,"height":800},{"@type":"BreadcrumbList","@id":"https:\/\/jiushidao.com\/product\/poria-cocos-clearing-paste\/#breadcrumb","itemListElement":[{"@type":"ListItem","position":1,"name":"Home","item":"https:\/\/jiushidao.com\/"},{"@type":"ListItem","position":2,"name":"Store","item":"https:\/\/jiushidao.com\/store\/"},{"@type":"ListItem","position":3,"name":"Hairy Fig Root and Lotus Leaf Paste"}]},{"@type":"WebSite","@id":"https:\/\/jiushidao.com\/#website","url":"https:\/\/jiushidao.com\/","name":"Jiushidao - Global Food Marketplace for Business Growth and Cosumers","description":"Jiushidao - Global Food Marketplace for Business Growth and Cosumers","potentialAction":[{"@type":"SearchAction","target":{"@type":"EntryPoint","urlTemplate":"https:\/\/jiushidao.com\/?s={search_term_string}"},"query-input":{"@type":"PropertyValueSpecification","valueRequired":true,"valueName":"search_term_string"}}],"inLanguage":"vi"}]}},"_links":{"self":[{"href":"https:\/\/jiushidao.com\/vi\/wp-json\/wp\/v2\/product\/995","targetHints":{"allow":["GET"]}}],"collection":[{"href":"https:\/\/jiushidao.com\/vi\/wp-json\/wp\/v2\/product"}],"about":[{"href":"https:\/\/jiushidao.com\/vi\/wp-json\/wp\/v2\/types\/product"}],"replies":[{"embeddable":true,"href":"https:\/\/jiushidao.com\/vi\/wp-json\/wp\/v2\/comments?post=995"}],"version-history":[{"count":3,"href":"https:\/\/jiushidao.com\/vi\/wp-json\/wp\/v2\/product\/995\/revisions"}],"predecessor-version":[{"id":1033,"href":"https:\/\/jiushidao.com\/vi\/wp-json\/wp\/v2\/product\/995\/revisions\/1033"}],"wp:featuredmedia":[{"embeddable":true,"href":"https:\/\/jiushidao.com\/vi\/wp-json\/wp\/v2\/media\/1032"}],"wp:attachment":[{"href":"https:\/\/jiushidao.com\/vi\/wp-json\/wp\/v2\/media?parent=995"}],"wp:term":[{"taxonomy":"product_brand","embeddable":true,"href":"https:\/\/jiushidao.com\/vi\/wp-json\/wp\/v2\/product_brand?post=995"},{"taxonomy":"product_cat","embeddable":true,"href":"https:\/\/jiushidao.com\/vi\/wp-json\/wp\/v2\/product_cat?post=995"},{"taxonomy":"product_tag","embeddable":true,"href":"https:\/\/jiushidao.com\/vi\/wp-json\/wp\/v2\/product_tag?post=995"}],"curies":[{"name":"wp","href":"https:\/\/api.w.org\/{rel}","templated":true}]}}