{"id":993,"date":"2025-11-20T12:46:10","date_gmt":"2025-11-20T12:46:10","guid":{"rendered":"https:\/\/jiushidao.com\/?post_type=product&#038;p=993"},"modified":"2025-12-23T21:50:35","modified_gmt":"2025-12-23T21:50:35","slug":"puren-yu-tong-paste","status":"publish","type":"product","link":"https:\/\/jiushidao.com\/vi\/san-pham\/puren-yu-tong-paste\/","title":{"rendered":"B\u1ed9t Puren Yu Tong"},"content":{"rendered":"<section class=\"ybc-p\">L\u00e0m d\u1ecbu gan, \u0111i\u1ec1u h\u00f2a kh\u00ed huy\u1ebft, k\u00edch th\u00edch tu\u1ea7n ho\u00e0n m\u00e1u, gi\u1ea3i quy\u1ebft t\u00ecnh tr\u1ea1ng \u1ee9 tr\u1ec7 gan v\u00e0 \u1ee9 m\u00e1u. C\u00f4ng th\u1ee9c n\u00e0y c\u1ea3i thi\u1ec7n hi\u1ec7u qu\u1ea3 t\u00ecnh tr\u1ea1ng m\u00e1u \u0111\u00f4ng trong k\u1ef3 kinh nguy\u1ec7t, c\u0103ng t\u1ee9c v\u00e0 \u0111au ng\u1ef1c, c\u0169ng nh\u01b0 s\u1eafc t\u1ed1 da m\u1eb7t, th\u00fac \u0111\u1ea9y tinh th\u1ea7n s\u1ea3ng kho\u00e1i v\u00e0 l\u00e0n da s\u00e1ng m\u1ecbn, r\u1ea1ng r\u1ee1 h\u01a1n.<\/section>\n<section class=\"ybc-p\"><strong>L\u1ee3i \u00edch ch\u00ednh:<\/strong>\u200b<\/section>\n<ul class=\"ybc-ul-component\">\n<li class=\"ybc-li-component ybc-li-component_ul\">\n<section class=\"ybc-p\">\u0110i\u1ec1u h\u00f2a kh\u00ed gan v\u00e0 gi\u1ea3m c\u0103ng th\u1eb3ng c\u1ea3m x\u00fac<\/section>\n<\/li>\n<li class=\"ybc-li-component ybc-li-component_ul\">\n<section class=\"ybc-p\">Gi\u1ea3m c\u0103ng t\u1ee9c ng\u1ef1c v\u00e0 kh\u00f3 ch\u1ecbu trong k\u1ef3 kinh nguy\u1ec7t<\/section>\n<\/li>\n<li class=\"ybc-li-component ybc-li-component_ul\">\n<section class=\"ybc-p\">C\u1ea3i thi\u1ec7n l\u01b0u th\u00f4ng m\u00e1u v\u00e0 l\u00e0m gi\u1ea3m t\u00ecnh tr\u1ea1ng \u1ee9 m\u00e1u<\/section>\n<\/li>\n<li class=\"ybc-li-component ybc-li-component_ul\">\n<section class=\"ybc-p\">L\u00e0m m\u1edd s\u1eafc t\u1ed1 da cho t\u00f4ng m\u00e0u da \u0111\u1ec1u h\u01a1n<\/section>\n<\/li>\n<li class=\"ybc-li-component ybc-li-component_ul\">\n<section class=\"ybc-p\">Th\u00fac \u0111\u1ea9y s\u1ef1 c\u00e2n b\u1eb1ng t\u1ed5ng th\u1ec3 v\u1ec1 m\u1eb7t c\u1ea3m x\u00fac v\u00e0 th\u1ec3 ch\u1ea5t<\/section>\n<\/li>\n<\/ul>","protected":false},"excerpt":{"rendered":"<p>L\u00e0m d\u1ecbu gan, \u0111i\u1ec1u h\u00f2a kh\u00ed huy\u1ebft, k\u00edch ho\u1ea1t tu\u1ea7n ho\u00e0n m\u00e1u, gi\u1ea3i quy\u1ebft t\u00ecnh tr\u1ea1ng \u1ee9 tr\u1ec7 gan, \u1ee9 m\u00e1u. C\u00f4ng th\u1ee9c n\u00e0y c\u00f3 hi\u1ec7u qu\u1ea3 c\u1ea3i thi\u1ec7n t\u00ecnh tr\u1ea1ng m\u00e1u \u0111\u00f4ng trong k\u1ef3 kinh nguy\u1ec7t, c\u0103ng t\u1ee9c ng\u1ef1c v\u00e0 c\u00e1c v\u1ea5n \u0111\u1ec1 v\u1ec1 tuy\u1ebfn v\u00fa.<span class=\"excerpt-hellip\"> [\u2026]<\/span><\/p>","protected":false},"featured_media":1030,"comment_status":"open","ping_status":"closed","template":"","meta":[],"product_brand":[],"product_cat":[65],"product_tag":[],"class_list":{"0":"post-993","1":"product","2":"type-product","3":"status-publish","4":"has-post-thumbnail","6":"product_cat-rui_shan_tang","8":"first","9":"instock","10":"shipping-taxable","11":"product-type-external"},"yoast_head":"<!-- This site is optimized with the Yoast SEO Premium plugin v25.8 (Yoast SEO v25.8) - https:\/\/yoast.com\/wordpress\/plugins\/seo\/ -->\n<title>Puren Yu Tong Paste - Jiushidao - Global Food Marketplace for Business Growth and Cosumers<\/title>\n<meta name=\"robots\" content=\"index, follow, max-snippet:-1, max-image-preview:large, max-video-preview:-1\" \/>\n<link rel=\"canonical\" href=\"https:\/\/jiushidao.com\/vi\/san-pham\/puren-yu-tong-paste\/\" \/>\n<meta property=\"og:locale\" content=\"vi_VN\" \/>\n<meta property=\"og:type\" content=\"article\" \/>\n<meta property=\"og:title\" content=\"Puren Yu Tong Paste\" \/>\n<meta property=\"og:description\" content=\"Soothes the liver, regulates qi, and activates blood circulation to resolve liver stagnation and blood stasis. This formulation effectively improves menstrual blood clots, breast distension and [\u2026]\" \/>\n<meta property=\"og:url\" content=\"https:\/\/jiushidao.com\/vi\/san-pham\/puren-yu-tong-paste\/\" \/>\n<meta property=\"og:site_name\" content=\"Jiushidao - Global Food Marketplace for Business Growth and Cosumers\" \/>\n<meta property=\"article:modified_time\" content=\"2025-12-23T21:50:35+00:00\" \/>\n<meta property=\"og:image\" content=\"https:\/\/jiushidao.com\/wp-content\/uploads\/2025\/11\/\u56fe\u72477.png\" \/>\n\t<meta property=\"og:image:width\" content=\"800\" \/>\n\t<meta property=\"og:image:height\" content=\"800\" \/>\n\t<meta property=\"og:image:type\" content=\"image\/png\" \/>\n<meta name=\"twitter:card\" content=\"summary_large_image\" \/>\n<meta name=\"twitter:label1\" content=\"\u01af\u1edbc t\u00ednh th\u1eddi gian \u0111\u1ecdc\" \/>\n\t<meta name=\"twitter:data1\" content=\"1 ph\u00fat\" \/>\n<script type=\"application\/ld+json\" class=\"yoast-schema-graph\">{\"@context\":\"https:\/\/schema.org\",\"@graph\":[{\"@type\":\"WebPage\",\"@id\":\"https:\/\/jiushidao.com\/product\/puren-yu-tong-paste\/\",\"url\":\"https:\/\/jiushidao.com\/product\/puren-yu-tong-paste\/\",\"name\":\"Puren Yu Tong Paste - Jiushidao - Global Food Marketplace for Business Growth and Cosumers\",\"isPartOf\":{\"@id\":\"https:\/\/jiushidao.com\/#website\"},\"primaryImageOfPage\":{\"@id\":\"https:\/\/jiushidao.com\/product\/puren-yu-tong-paste\/#primaryimage\"},\"image\":{\"@id\":\"https:\/\/jiushidao.com\/product\/puren-yu-tong-paste\/#primaryimage\"},\"thumbnailUrl\":\"https:\/\/jiushidao.com\/wp-content\/uploads\/2025\/11\/\u56fe\u72477.png\",\"datePublished\":\"2025-11-20T12:46:10+00:00\",\"dateModified\":\"2025-12-23T21:50:35+00:00\",\"breadcrumb\":{\"@id\":\"https:\/\/jiushidao.com\/product\/puren-yu-tong-paste\/#breadcrumb\"},\"inLanguage\":\"vi\",\"potentialAction\":[{\"@type\":\"ReadAction\",\"target\":[\"https:\/\/jiushidao.com\/product\/puren-yu-tong-paste\/\"]}]},{\"@type\":\"ImageObject\",\"inLanguage\":\"vi\",\"@id\":\"https:\/\/jiushidao.com\/product\/puren-yu-tong-paste\/#primaryimage\",\"url\":\"https:\/\/jiushidao.com\/wp-content\/uploads\/2025\/11\/\u56fe\u72477.png\",\"contentUrl\":\"https:\/\/jiushidao.com\/wp-content\/uploads\/2025\/11\/\u56fe\u72477.png\",\"width\":800,\"height\":800},{\"@type\":\"BreadcrumbList\",\"@id\":\"https:\/\/jiushidao.com\/product\/puren-yu-tong-paste\/#breadcrumb\",\"itemListElement\":[{\"@type\":\"ListItem\",\"position\":1,\"name\":\"Home\",\"item\":\"https:\/\/jiushidao.com\/\"},{\"@type\":\"ListItem\",\"position\":2,\"name\":\"Store\",\"item\":\"https:\/\/jiushidao.com\/store\/\"},{\"@type\":\"ListItem\",\"position\":3,\"name\":\"Puren Yu Tong Paste\"}]},{\"@type\":\"WebSite\",\"@id\":\"https:\/\/jiushidao.com\/#website\",\"url\":\"https:\/\/jiushidao.com\/\",\"name\":\"Jiushidao - Global Food Marketplace for Business Growth and Cosumers\",\"description\":\"Jiushidao - Global Food Marketplace for Business Growth and Cosumers\",\"potentialAction\":[{\"@type\":\"SearchAction\",\"target\":{\"@type\":\"EntryPoint\",\"urlTemplate\":\"https:\/\/jiushidao.com\/?s={search_term_string}\"},\"query-input\":{\"@type\":\"PropertyValueSpecification\",\"valueRequired\":true,\"valueName\":\"search_term_string\"}}],\"inLanguage\":\"vi\"}]}<\/script>\n<!-- \/ Yoast SEO Premium plugin. -->","yoast_head_json":{"title":"Puren Yu Tong Paste - Jiushidao - Global Food Marketplace for Business Growth and Cosumers","robots":{"index":"index","follow":"follow","max-snippet":"max-snippet:-1","max-image-preview":"max-image-preview:large","max-video-preview":"max-video-preview:-1"},"canonical":"https:\/\/jiushidao.com\/vi\/san-pham\/puren-yu-tong-paste\/","og_locale":"vi_VN","og_type":"article","og_title":"Puren Yu Tong Paste","og_description":"Soothes the liver, regulates qi, and activates blood circulation to resolve liver stagnation and blood stasis. This formulation effectively improves menstrual blood clots, breast distension and [\u2026]","og_url":"https:\/\/jiushidao.com\/vi\/san-pham\/puren-yu-tong-paste\/","og_site_name":"Jiushidao - Global Food Marketplace for Business Growth and Cosumers","article_modified_time":"2025-12-23T21:50:35+00:00","og_image":[{"width":800,"height":800,"url":"https:\/\/jiushidao.com\/wp-content\/uploads\/2025\/11\/\u56fe\u72477.png","type":"image\/png"}],"twitter_card":"summary_large_image","twitter_misc":{"\u01af\u1edbc t\u00ednh th\u1eddi gian \u0111\u1ecdc":"1 ph\u00fat"},"schema":{"@context":"https:\/\/schema.org","@graph":[{"@type":"WebPage","@id":"https:\/\/jiushidao.com\/product\/puren-yu-tong-paste\/","url":"https:\/\/jiushidao.com\/product\/puren-yu-tong-paste\/","name":"Puren Yu Tong Paste - Jiushidao - Global Food Marketplace for Business Growth and Cosumers","isPartOf":{"@id":"https:\/\/jiushidao.com\/#website"},"primaryImageOfPage":{"@id":"https:\/\/jiushidao.com\/product\/puren-yu-tong-paste\/#primaryimage"},"image":{"@id":"https:\/\/jiushidao.com\/product\/puren-yu-tong-paste\/#primaryimage"},"thumbnailUrl":"https:\/\/jiushidao.com\/wp-content\/uploads\/2025\/11\/\u56fe\u72477.png","datePublished":"2025-11-20T12:46:10+00:00","dateModified":"2025-12-23T21:50:35+00:00","breadcrumb":{"@id":"https:\/\/jiushidao.com\/product\/puren-yu-tong-paste\/#breadcrumb"},"inLanguage":"vi","potentialAction":[{"@type":"ReadAction","target":["https:\/\/jiushidao.com\/product\/puren-yu-tong-paste\/"]}]},{"@type":"ImageObject","inLanguage":"vi","@id":"https:\/\/jiushidao.com\/product\/puren-yu-tong-paste\/#primaryimage","url":"https:\/\/jiushidao.com\/wp-content\/uploads\/2025\/11\/\u56fe\u72477.png","contentUrl":"https:\/\/jiushidao.com\/wp-content\/uploads\/2025\/11\/\u56fe\u72477.png","width":800,"height":800},{"@type":"BreadcrumbList","@id":"https:\/\/jiushidao.com\/product\/puren-yu-tong-paste\/#breadcrumb","itemListElement":[{"@type":"ListItem","position":1,"name":"Home","item":"https:\/\/jiushidao.com\/"},{"@type":"ListItem","position":2,"name":"Store","item":"https:\/\/jiushidao.com\/store\/"},{"@type":"ListItem","position":3,"name":"Puren Yu Tong Paste"}]},{"@type":"WebSite","@id":"https:\/\/jiushidao.com\/#website","url":"https:\/\/jiushidao.com\/","name":"Jiushidao - Global Food Marketplace for Business Growth and Cosumers","description":"Jiushidao - Global Food Marketplace for Business Growth and Cosumers","potentialAction":[{"@type":"SearchAction","target":{"@type":"EntryPoint","urlTemplate":"https:\/\/jiushidao.com\/?s={search_term_string}"},"query-input":{"@type":"PropertyValueSpecification","valueRequired":true,"valueName":"search_term_string"}}],"inLanguage":"vi"}]}},"_links":{"self":[{"href":"https:\/\/jiushidao.com\/vi\/wp-json\/wp\/v2\/product\/993","targetHints":{"allow":["GET"]}}],"collection":[{"href":"https:\/\/jiushidao.com\/vi\/wp-json\/wp\/v2\/product"}],"about":[{"href":"https:\/\/jiushidao.com\/vi\/wp-json\/wp\/v2\/types\/product"}],"replies":[{"embeddable":true,"href":"https:\/\/jiushidao.com\/vi\/wp-json\/wp\/v2\/comments?post=993"}],"version-history":[{"count":1,"href":"https:\/\/jiushidao.com\/vi\/wp-json\/wp\/v2\/product\/993\/revisions"}],"predecessor-version":[{"id":994,"href":"https:\/\/jiushidao.com\/vi\/wp-json\/wp\/v2\/product\/993\/revisions\/994"}],"wp:featuredmedia":[{"embeddable":true,"href":"https:\/\/jiushidao.com\/vi\/wp-json\/wp\/v2\/media\/1030"}],"wp:attachment":[{"href":"https:\/\/jiushidao.com\/vi\/wp-json\/wp\/v2\/media?parent=993"}],"wp:term":[{"taxonomy":"product_brand","embeddable":true,"href":"https:\/\/jiushidao.com\/vi\/wp-json\/wp\/v2\/product_brand?post=993"},{"taxonomy":"product_cat","embeddable":true,"href":"https:\/\/jiushidao.com\/vi\/wp-json\/wp\/v2\/product_cat?post=993"},{"taxonomy":"product_tag","embeddable":true,"href":"https:\/\/jiushidao.com\/vi\/wp-json\/wp\/v2\/product_tag?post=993"}],"curies":[{"name":"wp","href":"https:\/\/api.w.org\/{rel}","templated":true}]}}