{"id":988,"date":"2025-11-20T12:26:54","date_gmt":"2025-11-20T12:26:54","guid":{"rendered":"https:\/\/jiushidao.com\/?post_type=product&#038;p=988"},"modified":"2025-12-23T21:50:56","modified_gmt":"2025-12-23T21:50:56","slug":"centrally-restoring-paste","status":"publish","type":"product","link":"https:\/\/jiushidao.com\/vi\/san-pham\/centrally-restoring-paste\/","title":{"rendered":"D\u00e1n ph\u1ee5c h\u1ed3i trung t\u00e2m"},"content":{"rendered":"<section class=\"ybc-p\">L\u00e0m \u1ea5m v\u00f9ng b\u1ee5ng, t\u0103ng c\u01b0\u1eddng ch\u1ee9c n\u0103ng l\u00e1 l\u00e1ch, \u0111i\u1ec1u h\u00f2a d\u1ea1 d\u00e0y v\u00e0 gi\u1ea3m \u0111au.<\/section>\n<section class=\"ybc-p\">B\u1ed9t th\u1ea3o d\u01b0\u1ee3c n\u00e0y \u0111\u01b0\u1ee3c b\u00e0o ch\u1ebf \u0111\u1eb7c bi\u1ec7t \u0111\u1ec3 kh\u1eafc ph\u1ee5c c\u00e1c khi\u1ebfm khuy\u1ebft li\u00ean quan \u0111\u1ebfn ch\u1ee9ng l\u1ea1nh v\u00e0 suy nh\u01b0\u1ee3c \u1edf t\u1ef3 v\u00e0 d\u1ea1 d\u00e0y. S\u1ea3n ph\u1ea9m gi\u00fap gi\u1ea3m hi\u1ec7u qu\u1ea3 c\u00e1c tri\u1ec7u ch\u1ee9ng nh\u01b0 \u0111au b\u1ee5ng do l\u1ea1nh, th\u00edch \u1ea5m v\u00e0 t\u1ee9c, ch\u00e1n \u0103n, \u0111\u1ea7y b\u1ee5ng v\u00e0 ph\u00e2n l\u1ecfng. B\u1eb1ng c\u00e1ch ph\u1ee5c h\u1ed3i ch\u1ee9c n\u0103ng kh\u1ecfe m\u1ea1nh c\u1ee7a h\u1ec7 ti\u00eau h\u00f3a, s\u1ea3n ph\u1ea9m th\u00fac \u0111\u1ea9y s\u1ee9c kh\u1ecfe t\u1ed5ng th\u1ec3 t\u1eeb b\u00ean trong.<\/section>\n<section class=\"ybc-p\"><strong>L\u1ee3i \u00edch ch\u00ednh:<\/strong>\u200b<\/section>\n<ul class=\"ybc-ul-component\">\n<li class=\"ybc-li-component ybc-li-component_ul\">\n<section class=\"ybc-p\"><strong>L\u00e0m \u1ea5m n\u0103ng l\u01b0\u1ee3ng trung gian:<\/strong>\u200bXua tan c\u1ea3m l\u1ea1nh b\u00ean trong v\u00e0 t\u0103ng c\u01b0\u1eddng n\u0103ng l\u01b0\u1ee3ng ti\u00eau h\u00f3a.<\/section>\n<\/li>\n<li class=\"ybc-li-component ybc-li-component_ul\">\n<section class=\"ybc-p\"><strong>T\u0103ng c\u01b0\u1eddng ch\u1ee9c n\u0103ng l\u00e1 l\u00e1ch:<\/strong>C\u1ea3i thi\u1ec7n kh\u1ea3 n\u0103ng h\u1ea5p th\u1ee5 ch\u1ea5t dinh d\u01b0\u1ee1ng v\u00e0 s\u1ea3n xu\u1ea5t n\u0103ng l\u01b0\u1ee3ng.<\/section>\n<\/li>\n<li class=\"ybc-li-component ybc-li-component_ul\">\n<section class=\"ybc-p\"><strong>\u0110i\u1ec1u h\u00f2a d\u1ea1 d\u00e0y:<\/strong>\u200b L\u00e0m d\u1ecbu s\u1ef1 kh\u00f3 ch\u1ecbu v\u00e0 h\u1ed7 tr\u1ee3 ch\u1ee9c n\u0103ng d\u1ea1 d\u00e0y b\u00ecnh th\u01b0\u1eddng.<\/section>\n<\/li>\n<li class=\"ybc-li-component ybc-li-component_ul\">\n<section class=\"ybc-p\"><strong>Gi\u1ea3m \u0111au v\u00e0 kh\u00f3 ch\u1ecbu:<\/strong>\u200b Gi\u1ea3m \u0111au d\u1ea1 d\u00e0y v\u00e0 ch\u01b0\u1edbng b\u1ee5ng do c\u1ea3m l\u1ea1nh.<\/section>\n<\/li>\n<li class=\"ybc-li-component ybc-li-component_ul\">\n<section class=\"ybc-p\"><strong>\u0110i\u1ec1u h\u00f2a ti\u00eau h\u00f3a:<\/strong>Gi\u00fap gi\u1ea3m \u0111\u1ea7y h\u01a1i v\u00e0 c\u1ea3i thi\u1ec7n \u0111\u1ed9 \u0111\u1eb7c c\u1ee7a ph\u00e2n.<\/section>\n<\/li>\n<\/ul>","protected":false},"excerpt":{"rendered":"<p>L\u00e0m \u1ea5m v\u00f9ng b\u1ee5ng, b\u1ed5 t\u1ef3, \u0111i\u1ec1u h\u00f2a d\u1ea1 d\u00e0y v\u00e0 gi\u1ea3m \u0111au. Lo\u1ea1i b\u1ed9t th\u1ea3o d\u01b0\u1ee3c n\u00e0y \u0111\u01b0\u1ee3c \u0111\u1eb7c ch\u1ebf \u0111\u1ec3 kh\u1eafc ph\u1ee5c c\u00e1c ch\u1ee9ng b\u1ec7nh li\u00ean quan \u0111\u1ebfn c\u1ea3m l\u1ea1nh v\u00e0 suy nh\u01b0\u1ee3c.<span class=\"excerpt-hellip\"> [\u2026]<\/span><\/p>","protected":false},"featured_media":1029,"comment_status":"open","ping_status":"closed","template":"","meta":[],"product_brand":[],"product_cat":[65],"product_tag":[],"class_list":{"0":"post-988","1":"product","2":"type-product","3":"status-publish","4":"has-post-thumbnail","6":"product_cat-rui_shan_tang","8":"first","9":"instock","10":"shipping-taxable","11":"product-type-external"},"yoast_head":"<!-- This site is optimized with the Yoast SEO Premium plugin v25.8 (Yoast SEO v25.8) - https:\/\/yoast.com\/wordpress\/plugins\/seo\/ -->\n<title>Centrally-Restoring Paste - Jiushidao - Global Food Marketplace for Business Growth and Cosumers<\/title>\n<meta name=\"robots\" content=\"index, follow, max-snippet:-1, max-image-preview:large, max-video-preview:-1\" \/>\n<link rel=\"canonical\" href=\"https:\/\/jiushidao.com\/vi\/san-pham\/centrally-restoring-paste\/\" \/>\n<meta property=\"og:locale\" content=\"vi_VN\" \/>\n<meta property=\"og:type\" content=\"article\" \/>\n<meta property=\"og:title\" content=\"Centrally-Restoring Paste\" \/>\n<meta property=\"og:description\" content=\"Warms the Middle, Strengthens the Spleen, Harmonizes the Stomach, and Relieves Pain. This herbal paste is specially formulated to address deficiencies related to cold and weakness [\u2026]\" \/>\n<meta property=\"og:url\" content=\"https:\/\/jiushidao.com\/vi\/san-pham\/centrally-restoring-paste\/\" \/>\n<meta property=\"og:site_name\" content=\"Jiushidao - Global Food Marketplace for Business Growth and Cosumers\" \/>\n<meta property=\"article:modified_time\" content=\"2025-12-23T21:50:56+00:00\" \/>\n<meta property=\"og:image\" content=\"https:\/\/jiushidao.com\/wp-content\/uploads\/2025\/11\/\u56fe\u72475.png\" \/>\n\t<meta property=\"og:image:width\" content=\"800\" \/>\n\t<meta property=\"og:image:height\" content=\"800\" \/>\n\t<meta property=\"og:image:type\" content=\"image\/png\" \/>\n<meta name=\"twitter:card\" content=\"summary_large_image\" \/>\n<meta name=\"twitter:label1\" content=\"\u01af\u1edbc t\u00ednh th\u1eddi gian \u0111\u1ecdc\" \/>\n\t<meta name=\"twitter:data1\" content=\"1 ph\u00fat\" \/>\n<script type=\"application\/ld+json\" class=\"yoast-schema-graph\">{\"@context\":\"https:\/\/schema.org\",\"@graph\":[{\"@type\":\"WebPage\",\"@id\":\"https:\/\/jiushidao.com\/product\/centrally-restoring-paste\/\",\"url\":\"https:\/\/jiushidao.com\/product\/centrally-restoring-paste\/\",\"name\":\"Centrally-Restoring Paste - Jiushidao - Global Food Marketplace for Business Growth and Cosumers\",\"isPartOf\":{\"@id\":\"https:\/\/jiushidao.com\/#website\"},\"primaryImageOfPage\":{\"@id\":\"https:\/\/jiushidao.com\/product\/centrally-restoring-paste\/#primaryimage\"},\"image\":{\"@id\":\"https:\/\/jiushidao.com\/product\/centrally-restoring-paste\/#primaryimage\"},\"thumbnailUrl\":\"https:\/\/jiushidao.com\/wp-content\/uploads\/2025\/11\/\u56fe\u72475.png\",\"datePublished\":\"2025-11-20T12:26:54+00:00\",\"dateModified\":\"2025-12-23T21:50:56+00:00\",\"breadcrumb\":{\"@id\":\"https:\/\/jiushidao.com\/product\/centrally-restoring-paste\/#breadcrumb\"},\"inLanguage\":\"vi\",\"potentialAction\":[{\"@type\":\"ReadAction\",\"target\":[\"https:\/\/jiushidao.com\/product\/centrally-restoring-paste\/\"]}]},{\"@type\":\"ImageObject\",\"inLanguage\":\"vi\",\"@id\":\"https:\/\/jiushidao.com\/product\/centrally-restoring-paste\/#primaryimage\",\"url\":\"https:\/\/jiushidao.com\/wp-content\/uploads\/2025\/11\/\u56fe\u72475.png\",\"contentUrl\":\"https:\/\/jiushidao.com\/wp-content\/uploads\/2025\/11\/\u56fe\u72475.png\",\"width\":800,\"height\":800},{\"@type\":\"BreadcrumbList\",\"@id\":\"https:\/\/jiushidao.com\/product\/centrally-restoring-paste\/#breadcrumb\",\"itemListElement\":[{\"@type\":\"ListItem\",\"position\":1,\"name\":\"Home\",\"item\":\"https:\/\/jiushidao.com\/\"},{\"@type\":\"ListItem\",\"position\":2,\"name\":\"Store\",\"item\":\"https:\/\/jiushidao.com\/store\/\"},{\"@type\":\"ListItem\",\"position\":3,\"name\":\"Centrally-Restoring Paste\"}]},{\"@type\":\"WebSite\",\"@id\":\"https:\/\/jiushidao.com\/#website\",\"url\":\"https:\/\/jiushidao.com\/\",\"name\":\"Jiushidao - Global Food Marketplace for Business Growth and Cosumers\",\"description\":\"Jiushidao - Global Food Marketplace for Business Growth and Cosumers\",\"potentialAction\":[{\"@type\":\"SearchAction\",\"target\":{\"@type\":\"EntryPoint\",\"urlTemplate\":\"https:\/\/jiushidao.com\/?s={search_term_string}\"},\"query-input\":{\"@type\":\"PropertyValueSpecification\",\"valueRequired\":true,\"valueName\":\"search_term_string\"}}],\"inLanguage\":\"vi\"}]}<\/script>\n<!-- \/ Yoast SEO Premium plugin. -->","yoast_head_json":{"title":"Centrally-Restoring Paste - Jiushidao - Global Food Marketplace for Business Growth and Cosumers","robots":{"index":"index","follow":"follow","max-snippet":"max-snippet:-1","max-image-preview":"max-image-preview:large","max-video-preview":"max-video-preview:-1"},"canonical":"https:\/\/jiushidao.com\/vi\/san-pham\/centrally-restoring-paste\/","og_locale":"vi_VN","og_type":"article","og_title":"Centrally-Restoring Paste","og_description":"Warms the Middle, Strengthens the Spleen, Harmonizes the Stomach, and Relieves Pain. This herbal paste is specially formulated to address deficiencies related to cold and weakness [\u2026]","og_url":"https:\/\/jiushidao.com\/vi\/san-pham\/centrally-restoring-paste\/","og_site_name":"Jiushidao - Global Food Marketplace for Business Growth and Cosumers","article_modified_time":"2025-12-23T21:50:56+00:00","og_image":[{"width":800,"height":800,"url":"https:\/\/jiushidao.com\/wp-content\/uploads\/2025\/11\/\u56fe\u72475.png","type":"image\/png"}],"twitter_card":"summary_large_image","twitter_misc":{"\u01af\u1edbc t\u00ednh th\u1eddi gian \u0111\u1ecdc":"1 ph\u00fat"},"schema":{"@context":"https:\/\/schema.org","@graph":[{"@type":"WebPage","@id":"https:\/\/jiushidao.com\/product\/centrally-restoring-paste\/","url":"https:\/\/jiushidao.com\/product\/centrally-restoring-paste\/","name":"Centrally-Restoring Paste - Jiushidao - Global Food Marketplace for Business Growth and Cosumers","isPartOf":{"@id":"https:\/\/jiushidao.com\/#website"},"primaryImageOfPage":{"@id":"https:\/\/jiushidao.com\/product\/centrally-restoring-paste\/#primaryimage"},"image":{"@id":"https:\/\/jiushidao.com\/product\/centrally-restoring-paste\/#primaryimage"},"thumbnailUrl":"https:\/\/jiushidao.com\/wp-content\/uploads\/2025\/11\/\u56fe\u72475.png","datePublished":"2025-11-20T12:26:54+00:00","dateModified":"2025-12-23T21:50:56+00:00","breadcrumb":{"@id":"https:\/\/jiushidao.com\/product\/centrally-restoring-paste\/#breadcrumb"},"inLanguage":"vi","potentialAction":[{"@type":"ReadAction","target":["https:\/\/jiushidao.com\/product\/centrally-restoring-paste\/"]}]},{"@type":"ImageObject","inLanguage":"vi","@id":"https:\/\/jiushidao.com\/product\/centrally-restoring-paste\/#primaryimage","url":"https:\/\/jiushidao.com\/wp-content\/uploads\/2025\/11\/\u56fe\u72475.png","contentUrl":"https:\/\/jiushidao.com\/wp-content\/uploads\/2025\/11\/\u56fe\u72475.png","width":800,"height":800},{"@type":"BreadcrumbList","@id":"https:\/\/jiushidao.com\/product\/centrally-restoring-paste\/#breadcrumb","itemListElement":[{"@type":"ListItem","position":1,"name":"Home","item":"https:\/\/jiushidao.com\/"},{"@type":"ListItem","position":2,"name":"Store","item":"https:\/\/jiushidao.com\/store\/"},{"@type":"ListItem","position":3,"name":"Centrally-Restoring Paste"}]},{"@type":"WebSite","@id":"https:\/\/jiushidao.com\/#website","url":"https:\/\/jiushidao.com\/","name":"Jiushidao - Global Food Marketplace for Business Growth and Cosumers","description":"Jiushidao - Global Food Marketplace for Business Growth and Cosumers","potentialAction":[{"@type":"SearchAction","target":{"@type":"EntryPoint","urlTemplate":"https:\/\/jiushidao.com\/?s={search_term_string}"},"query-input":{"@type":"PropertyValueSpecification","valueRequired":true,"valueName":"search_term_string"}}],"inLanguage":"vi"}]}},"_links":{"self":[{"href":"https:\/\/jiushidao.com\/vi\/wp-json\/wp\/v2\/product\/988","targetHints":{"allow":["GET"]}}],"collection":[{"href":"https:\/\/jiushidao.com\/vi\/wp-json\/wp\/v2\/product"}],"about":[{"href":"https:\/\/jiushidao.com\/vi\/wp-json\/wp\/v2\/types\/product"}],"replies":[{"embeddable":true,"href":"https:\/\/jiushidao.com\/vi\/wp-json\/wp\/v2\/comments?post=988"}],"version-history":[{"count":1,"href":"https:\/\/jiushidao.com\/vi\/wp-json\/wp\/v2\/product\/988\/revisions"}],"predecessor-version":[{"id":989,"href":"https:\/\/jiushidao.com\/vi\/wp-json\/wp\/v2\/product\/988\/revisions\/989"}],"wp:featuredmedia":[{"embeddable":true,"href":"https:\/\/jiushidao.com\/vi\/wp-json\/wp\/v2\/media\/1029"}],"wp:attachment":[{"href":"https:\/\/jiushidao.com\/vi\/wp-json\/wp\/v2\/media?parent=988"}],"wp:term":[{"taxonomy":"product_brand","embeddable":true,"href":"https:\/\/jiushidao.com\/vi\/wp-json\/wp\/v2\/product_brand?post=988"},{"taxonomy":"product_cat","embeddable":true,"href":"https:\/\/jiushidao.com\/vi\/wp-json\/wp\/v2\/product_cat?post=988"},{"taxonomy":"product_tag","embeddable":true,"href":"https:\/\/jiushidao.com\/vi\/wp-json\/wp\/v2\/product_tag?post=988"}],"curies":[{"name":"wp","href":"https:\/\/api.w.org\/{rel}","templated":true}]}}