{"id":986,"date":"2025-11-20T12:26:02","date_gmt":"2025-11-20T12:26:02","guid":{"rendered":"https:\/\/jiushidao.com\/?post_type=product&#038;p=986"},"modified":"2025-12-23T21:51:37","modified_gmt":"2025-12-23T21:51:37","slug":"wild-jujube-seed-paste","status":"publish","type":"product","link":"https:\/\/jiushidao.com\/vi\/san-pham\/wild-jujube-seed-paste\/","title":{"rendered":"B\u1ed9t h\u1ea1t t\u00e1o t\u00e0u d\u1ea1i"},"content":{"rendered":"<div class=\"agent-chat__conv--ai__speech_show\" data-conv-index=\"19\" data-speech-index=\"0\">\n<div class=\"\">\n<div class=\"agent-chat__speech-text--box agent-chat__speech-text--box-left\" data-hy-exposured=\"1\">\n<div class=\"agent-chat__speech-text\">\n<div class=\"hyc-component-text\">\n<div class=\"hyc-content-md hyc-content-md-done\">\n<div class=\"hyc-common-markdown hyc-common-markdown-style\">\n<section class=\"ybc-p\"><strong>B\u1ed9t h\u1ea1t t\u00e1o t\u00e0u chua<\/strong><\/section>\n<section class=\"ybc-p\">Nu\u00f4i d\u01b0\u1ee1ng tr\u00e1i tim, l\u00e0m d\u1ecbu tinh th\u1ea7n v\u00e0 th\u00fac \u0111\u1ea9y gi\u1ea5c ng\u1ee7 ngon. B\u1ed9t th\u1ea3o d\u01b0\u1ee3c truy\u1ec1n th\u1ed1ng n\u00e0y \u0111\u01b0\u1ee3c b\u00e0o ch\u1ebf chuy\u00ean nghi\u1ec7p \u0111\u1ec3 xoa d\u1ecbu t\u00e2m tr\u00ed v\u00e0 gi\u1ea3m b\u1edbt s\u1ef1 b\u1ed3n ch\u1ed3n. N\u00f3 gi\u1ea3i quy\u1ebft hi\u1ec7u qu\u1ea3 c\u00e1c v\u1ea5n \u0111\u1ec1 ph\u1ed5 bi\u1ebfn nh\u01b0 m\u1ea5t ng\u1ee7, ng\u1ee7 kh\u00f4ng y\u00ean gi\u1ea5c v\u1edbi nh\u1eefng gi\u1ea5c m\u01a1 s\u1ed1ng \u0111\u1ed9ng, c\u00e1u g\u1eaft v\u00e0 c\u00e1c tri\u1ec7u ch\u1ee9ng li\u00ean quan \u0111\u1ebfn suy nh\u01b0\u1ee3c th\u1ea7n kinh. B\u1eb1ng c\u00e1ch nu\u00f4i d\u01b0\u1ee1ng tr\u1ea1ng th\u00e1i t\u0129nh t\u00e2m s\u00e2u s\u1eafc, n\u00f3 gi\u00fap b\u1ea1n \u0111\u1ea1t \u0111\u01b0\u1ee3c gi\u1ea5c ng\u1ee7 ph\u1ee5c h\u1ed3i v\u00e0 ch\u1ea5t l\u01b0\u1ee3ng cao h\u01a1n, \u0111\u00e1nh th\u1ee9c b\u1ea1n v\u1edbi c\u1ea3m gi\u00e1c th\u1ef1c s\u1ef1 s\u1ea3ng kho\u00e1i.<\/section>\n<section class=\"ybc-p\"><strong>L\u1ee3i \u00edch ch\u00ednh:<\/strong><\/section>\n<ul class=\"ybc-ul-component\">\n<li class=\"ybc-li-component ybc-li-component_ul\">\n<section class=\"ybc-p\"><strong>Th\u00fac \u0111\u1ea9y gi\u1ea5c ng\u1ee7 t\u1ef1 nhi\u00ean:<\/strong>\u200b Gi\u00fap b\u1ea1n ng\u1ee7 nhanh h\u01a1n v\u00e0 s\u00e2u h\u01a1n.<\/section>\n<\/li>\n<li class=\"ybc-li-component ybc-li-component_ul\">\n<section class=\"ybc-p\"><strong>L\u00e0m d\u1ecbu tinh th\u1ea7n:<\/strong>\u200b L\u00e0m d\u1ecbu s\u1ef1 lo l\u1eafng, c\u00e1u k\u1ec9nh v\u00e0 t\u00e2m tr\u00ed c\u0103ng th\u1eb3ng.<\/section>\n<\/li>\n<li class=\"ybc-li-component ybc-li-component_ul\">\n<section class=\"ybc-p\"><strong>Gi\u1ea3m nh\u1eefng gi\u1ea5c m\u01a1 kh\u00f4ng y\u00ean:<\/strong>Gi\u00fap gi\u1ea3m t\u00ecnh tr\u1ea1ng m\u01a1 th\u01b0\u1eddng xuy\u00ean ho\u1eb7c m\u01a1 s\u1ed1ng \u0111\u1ed9ng \u0111\u1ec3 c\u00f3 gi\u1ea5c ng\u1ee7 kh\u00f4ng b\u1ecb gi\u00e1n \u0111o\u1ea1n.<\/section>\n<\/li>\n<li class=\"ybc-li-component ybc-li-component_ul\">\n<section class=\"ybc-p\"><strong>L\u00e0m gi\u1ea3m ch\u1ee9ng suy nh\u01b0\u1ee3c th\u1ea7n kinh:<\/strong>\u200b Gi\u1ea3i quy\u1ebft c\u00e1c tri\u1ec7u ch\u1ee9ng nh\u01b0 m\u1ec7t m\u1ecfi v\u1ec1 tinh th\u1ea7n v\u00e0 c\u0103ng th\u1eb3ng.<\/section>\n<\/li>\n<li class=\"ybc-li-component ybc-li-component_ul\">\n<section class=\"ybc-p\"><strong>C\u1ea3i thi\u1ec7n ch\u1ea5t l\u01b0\u1ee3ng gi\u1ea5c ng\u1ee7:<\/strong>\u200b H\u1ed7 tr\u1ee3 chu k\u1ef3 gi\u1ea5c ng\u1ee7 tr\u1ecdn v\u1eb9n \u0111\u1ec3 th\u1ee9c d\u1eady tr\u00e0n \u0111\u1ea7y n\u0103ng l\u01b0\u1ee3ng.<\/section>\n<\/li>\n<\/ul>\n<\/div>\n<\/div>\n<\/div>\n<\/div>\n<\/div>\n<\/div>\n<\/div>\n<div class=\"agent-chat__conv--ai__toolbar\" data-conv-index=\"19\" data-speech-index=\"0\">\n<div><\/div>\n<div class=\"agent-chat__toolbar agent-chat__toolbar_new\">\n<div class=\"agent-chat__toolbar__left\"><\/div>\n<div class=\"agent-chat__toolbar__right\">\n<div class=\"agent-chat__toolbar__item agent-chat__toolbar__copy agent-chat__toolbar__copy--fit-width\">\n<div class=\"agent-chat__toolbar__copy__icon\"><\/div>\n<div class=\"agent-chat__toolbar__copy__arrow-container\"><\/div>\n<\/div>\n<div class=\"agent-chat__toolbar__item agent-chat__toolbar__collect\"><\/div>\n<div class=\"agent-chat__toolbar__item agent-chat__toolbar__suitable\"><\/div>\n<div class=\"agent-chat__toolbar__item agent-chat__toolbar__suitable\"><\/div>\n<div class=\"dropdown-tooltip-wrapper\">\n<div class=\"agent-chat__toolbar__item agent-chat__toolbar__repeat\"><\/div>\n<\/div>\n<div class=\"agent-chat__toolbar__item agent-chat__toolbar__share\"><\/div>\n<\/div>\n<\/div>\n<\/div>","protected":false},"excerpt":{"rendered":"<p>B\u1ed9t h\u1ea1t t\u00e1o t\u00e0u chua nu\u00f4i d\u01b0\u1ee1ng tr\u00e1i tim, l\u00e0m d\u1ecbu tinh th\u1ea7n v\u00e0 th\u00fac \u0111\u1ea9y gi\u1ea5c ng\u1ee7 ngon. Lo\u1ea1i b\u1ed9t th\u1ea3o d\u01b0\u1ee3c truy\u1ec1n th\u1ed1ng n\u00e0y \u0111\u01b0\u1ee3c b\u00e0o ch\u1ebf chuy\u00ean nghi\u1ec7p \u0111\u1ec3 l\u00e0m d\u1ecbu t\u00e2m tr\u00ed v\u00e0<span class=\"excerpt-hellip\"> [\u2026]<\/span><\/p>","protected":false},"featured_media":1028,"comment_status":"open","ping_status":"closed","template":"","meta":[],"product_brand":[],"product_cat":[65],"product_tag":[],"class_list":{"0":"post-986","1":"product","2":"type-product","3":"status-publish","4":"has-post-thumbnail","6":"product_cat-rui_shan_tang","8":"first","9":"instock","10":"shipping-taxable","11":"product-type-external"},"yoast_head":"<!-- This site is optimized with the Yoast SEO Premium plugin v25.8 (Yoast SEO v25.8) - https:\/\/yoast.com\/wordpress\/plugins\/seo\/ -->\n<title>Wild Jujube Seed Paste - Jiushidao - Global Food Marketplace for Business Growth and Cosumers<\/title>\n<meta name=\"robots\" content=\"index, follow, max-snippet:-1, max-image-preview:large, max-video-preview:-1\" \/>\n<link rel=\"canonical\" href=\"https:\/\/jiushidao.com\/vi\/san-pham\/wild-jujube-seed-paste\/\" \/>\n<meta property=\"og:locale\" content=\"vi_VN\" \/>\n<meta property=\"og:type\" content=\"article\" \/>\n<meta property=\"og:title\" content=\"Wild Jujube Seed Paste\" \/>\n<meta property=\"og:description\" content=\"Sour Jujube Seed Paste Nourish the Heart, Calm the Spirit, and Promote Restful Sleep. This traditional herbal paste is expertly formulated to soothe the mind and [\u2026]\" \/>\n<meta property=\"og:url\" content=\"https:\/\/jiushidao.com\/vi\/san-pham\/wild-jujube-seed-paste\/\" \/>\n<meta property=\"og:site_name\" content=\"Jiushidao - Global Food Marketplace for Business Growth and Cosumers\" \/>\n<meta property=\"article:modified_time\" content=\"2025-12-23T21:51:37+00:00\" \/>\n<meta property=\"og:image\" content=\"https:\/\/jiushidao.com\/wp-content\/uploads\/2025\/11\/\u56fe\u72474.png\" \/>\n\t<meta property=\"og:image:width\" content=\"800\" \/>\n\t<meta property=\"og:image:height\" content=\"800\" \/>\n\t<meta property=\"og:image:type\" content=\"image\/png\" \/>\n<meta name=\"twitter:card\" content=\"summary_large_image\" \/>\n<meta name=\"twitter:label1\" content=\"\u01af\u1edbc t\u00ednh th\u1eddi gian \u0111\u1ecdc\" \/>\n\t<meta name=\"twitter:data1\" content=\"1 ph\u00fat\" \/>\n<script type=\"application\/ld+json\" class=\"yoast-schema-graph\">{\"@context\":\"https:\/\/schema.org\",\"@graph\":[{\"@type\":\"WebPage\",\"@id\":\"https:\/\/jiushidao.com\/product\/wild-jujube-seed-paste\/\",\"url\":\"https:\/\/jiushidao.com\/product\/wild-jujube-seed-paste\/\",\"name\":\"Wild Jujube Seed Paste - Jiushidao - Global Food Marketplace for Business Growth and Cosumers\",\"isPartOf\":{\"@id\":\"https:\/\/jiushidao.com\/#website\"},\"primaryImageOfPage\":{\"@id\":\"https:\/\/jiushidao.com\/product\/wild-jujube-seed-paste\/#primaryimage\"},\"image\":{\"@id\":\"https:\/\/jiushidao.com\/product\/wild-jujube-seed-paste\/#primaryimage\"},\"thumbnailUrl\":\"https:\/\/jiushidao.com\/wp-content\/uploads\/2025\/11\/\u56fe\u72474.png\",\"datePublished\":\"2025-11-20T12:26:02+00:00\",\"dateModified\":\"2025-12-23T21:51:37+00:00\",\"breadcrumb\":{\"@id\":\"https:\/\/jiushidao.com\/product\/wild-jujube-seed-paste\/#breadcrumb\"},\"inLanguage\":\"vi\",\"potentialAction\":[{\"@type\":\"ReadAction\",\"target\":[\"https:\/\/jiushidao.com\/product\/wild-jujube-seed-paste\/\"]}]},{\"@type\":\"ImageObject\",\"inLanguage\":\"vi\",\"@id\":\"https:\/\/jiushidao.com\/product\/wild-jujube-seed-paste\/#primaryimage\",\"url\":\"https:\/\/jiushidao.com\/wp-content\/uploads\/2025\/11\/\u56fe\u72474.png\",\"contentUrl\":\"https:\/\/jiushidao.com\/wp-content\/uploads\/2025\/11\/\u56fe\u72474.png\",\"width\":800,\"height\":800},{\"@type\":\"BreadcrumbList\",\"@id\":\"https:\/\/jiushidao.com\/product\/wild-jujube-seed-paste\/#breadcrumb\",\"itemListElement\":[{\"@type\":\"ListItem\",\"position\":1,\"name\":\"Home\",\"item\":\"https:\/\/jiushidao.com\/\"},{\"@type\":\"ListItem\",\"position\":2,\"name\":\"Store\",\"item\":\"https:\/\/jiushidao.com\/store\/\"},{\"@type\":\"ListItem\",\"position\":3,\"name\":\"Wild Jujube Seed Paste\"}]},{\"@type\":\"WebSite\",\"@id\":\"https:\/\/jiushidao.com\/#website\",\"url\":\"https:\/\/jiushidao.com\/\",\"name\":\"Jiushidao - Global Food Marketplace for Business Growth and Cosumers\",\"description\":\"Jiushidao - Global Food Marketplace for Business Growth and Cosumers\",\"potentialAction\":[{\"@type\":\"SearchAction\",\"target\":{\"@type\":\"EntryPoint\",\"urlTemplate\":\"https:\/\/jiushidao.com\/?s={search_term_string}\"},\"query-input\":{\"@type\":\"PropertyValueSpecification\",\"valueRequired\":true,\"valueName\":\"search_term_string\"}}],\"inLanguage\":\"vi\"}]}<\/script>\n<!-- \/ Yoast SEO Premium plugin. -->","yoast_head_json":{"title":"Wild Jujube Seed Paste - Jiushidao - Global Food Marketplace for Business Growth and Cosumers","robots":{"index":"index","follow":"follow","max-snippet":"max-snippet:-1","max-image-preview":"max-image-preview:large","max-video-preview":"max-video-preview:-1"},"canonical":"https:\/\/jiushidao.com\/vi\/san-pham\/wild-jujube-seed-paste\/","og_locale":"vi_VN","og_type":"article","og_title":"Wild Jujube Seed Paste","og_description":"Sour Jujube Seed Paste Nourish the Heart, Calm the Spirit, and Promote Restful Sleep. This traditional herbal paste is expertly formulated to soothe the mind and [\u2026]","og_url":"https:\/\/jiushidao.com\/vi\/san-pham\/wild-jujube-seed-paste\/","og_site_name":"Jiushidao - Global Food Marketplace for Business Growth and Cosumers","article_modified_time":"2025-12-23T21:51:37+00:00","og_image":[{"width":800,"height":800,"url":"https:\/\/jiushidao.com\/wp-content\/uploads\/2025\/11\/\u56fe\u72474.png","type":"image\/png"}],"twitter_card":"summary_large_image","twitter_misc":{"\u01af\u1edbc t\u00ednh th\u1eddi gian \u0111\u1ecdc":"1 ph\u00fat"},"schema":{"@context":"https:\/\/schema.org","@graph":[{"@type":"WebPage","@id":"https:\/\/jiushidao.com\/product\/wild-jujube-seed-paste\/","url":"https:\/\/jiushidao.com\/product\/wild-jujube-seed-paste\/","name":"Wild Jujube Seed Paste - Jiushidao - Global Food Marketplace for Business Growth and Cosumers","isPartOf":{"@id":"https:\/\/jiushidao.com\/#website"},"primaryImageOfPage":{"@id":"https:\/\/jiushidao.com\/product\/wild-jujube-seed-paste\/#primaryimage"},"image":{"@id":"https:\/\/jiushidao.com\/product\/wild-jujube-seed-paste\/#primaryimage"},"thumbnailUrl":"https:\/\/jiushidao.com\/wp-content\/uploads\/2025\/11\/\u56fe\u72474.png","datePublished":"2025-11-20T12:26:02+00:00","dateModified":"2025-12-23T21:51:37+00:00","breadcrumb":{"@id":"https:\/\/jiushidao.com\/product\/wild-jujube-seed-paste\/#breadcrumb"},"inLanguage":"vi","potentialAction":[{"@type":"ReadAction","target":["https:\/\/jiushidao.com\/product\/wild-jujube-seed-paste\/"]}]},{"@type":"ImageObject","inLanguage":"vi","@id":"https:\/\/jiushidao.com\/product\/wild-jujube-seed-paste\/#primaryimage","url":"https:\/\/jiushidao.com\/wp-content\/uploads\/2025\/11\/\u56fe\u72474.png","contentUrl":"https:\/\/jiushidao.com\/wp-content\/uploads\/2025\/11\/\u56fe\u72474.png","width":800,"height":800},{"@type":"BreadcrumbList","@id":"https:\/\/jiushidao.com\/product\/wild-jujube-seed-paste\/#breadcrumb","itemListElement":[{"@type":"ListItem","position":1,"name":"Home","item":"https:\/\/jiushidao.com\/"},{"@type":"ListItem","position":2,"name":"Store","item":"https:\/\/jiushidao.com\/store\/"},{"@type":"ListItem","position":3,"name":"Wild Jujube Seed Paste"}]},{"@type":"WebSite","@id":"https:\/\/jiushidao.com\/#website","url":"https:\/\/jiushidao.com\/","name":"Jiushidao - Global Food Marketplace for Business Growth and Cosumers","description":"Jiushidao - Global Food Marketplace for Business Growth and Cosumers","potentialAction":[{"@type":"SearchAction","target":{"@type":"EntryPoint","urlTemplate":"https:\/\/jiushidao.com\/?s={search_term_string}"},"query-input":{"@type":"PropertyValueSpecification","valueRequired":true,"valueName":"search_term_string"}}],"inLanguage":"vi"}]}},"_links":{"self":[{"href":"https:\/\/jiushidao.com\/vi\/wp-json\/wp\/v2\/product\/986","targetHints":{"allow":["GET"]}}],"collection":[{"href":"https:\/\/jiushidao.com\/vi\/wp-json\/wp\/v2\/product"}],"about":[{"href":"https:\/\/jiushidao.com\/vi\/wp-json\/wp\/v2\/types\/product"}],"replies":[{"embeddable":true,"href":"https:\/\/jiushidao.com\/vi\/wp-json\/wp\/v2\/comments?post=986"}],"version-history":[{"count":1,"href":"https:\/\/jiushidao.com\/vi\/wp-json\/wp\/v2\/product\/986\/revisions"}],"predecessor-version":[{"id":987,"href":"https:\/\/jiushidao.com\/vi\/wp-json\/wp\/v2\/product\/986\/revisions\/987"}],"wp:featuredmedia":[{"embeddable":true,"href":"https:\/\/jiushidao.com\/vi\/wp-json\/wp\/v2\/media\/1028"}],"wp:attachment":[{"href":"https:\/\/jiushidao.com\/vi\/wp-json\/wp\/v2\/media?parent=986"}],"wp:term":[{"taxonomy":"product_brand","embeddable":true,"href":"https:\/\/jiushidao.com\/vi\/wp-json\/wp\/v2\/product_brand?post=986"},{"taxonomy":"product_cat","embeddable":true,"href":"https:\/\/jiushidao.com\/vi\/wp-json\/wp\/v2\/product_cat?post=986"},{"taxonomy":"product_tag","embeddable":true,"href":"https:\/\/jiushidao.com\/vi\/wp-json\/wp\/v2\/product_tag?post=986"}],"curies":[{"name":"wp","href":"https:\/\/api.w.org\/{rel}","templated":true}]}}