{"id":984,"date":"2025-11-20T12:18:34","date_gmt":"2025-11-20T12:18:34","guid":{"rendered":"https:\/\/jiushidao.com\/?post_type=product&#038;p=984"},"modified":"2025-12-23T21:52:05","modified_gmt":"2025-12-23T21:52:05","slug":"mulberry-and-wolfberry-paste","status":"publish","type":"product","link":"https:\/\/jiushidao.com\/vi\/san-pham\/mulberry-and-wolfberry-paste\/","title":{"rendered":"B\u1ed9t d\u00e2u t\u1eb1m v\u00e0 k\u1ef7 t\u1eed"},"content":{"rendered":"<section class=\"ybc-p\"><strong>B\u1ed9t d\u00e2u t\u1eb1m v\u00e0 k\u1ef7 t\u1eed<\/strong><\/section>\n<section class=\"ybc-p\">B\u1ed5 Th\u1eadn, T\u0103ng C\u01b0\u1eddng Sinh L\u00fd v\u00e0 C\u1ea3i Thi\u1ec7n Th\u1ecb L\u1ef1c. C\u00f4ng th\u1ee9c th\u1ea3o d\u01b0\u1ee3c m\u1ea1nh m\u1ebd n\u00e0y \u0111\u01b0\u1ee3c thi\u1ebft k\u1ebf \u0111\u1eb7c bi\u1ec7t \u0111\u1ec3 gi\u1ea3i quy\u1ebft t\u00ecnh tr\u1ea1ng thi\u1ebfu h\u1ee5t \u00c2m trong Th\u1eadn v\u00e0 Gan. S\u1ea3n ph\u1ea9m gi\u00fap gi\u1ea3m hi\u1ec7u qu\u1ea3 c\u00e1c tri\u1ec7u ch\u1ee9ng li\u00ean quan nh\u01b0 ch\u00f3ng m\u1eb7t, m\u1edd m\u1eaft, suy gi\u1ea3m th\u1ecb l\u1ef1c, t\u00f3c b\u1ea1c s\u1edbm, \u0111au nh\u1ee9c v\u00e0 y\u1ebfu c\u01a1 v\u00f9ng l\u01b0ng d\u01b0\u1edbi v\u00e0 \u0111\u1ea7u g\u1ed1i. B\u1eb1ng c\u00e1ch t\u00e1c \u0111\u1ed9ng tr\u1ef1c ti\u1ebfp v\u00e0o g\u1ed1c r\u1ec5 c\u1ee7a nh\u1eefng v\u1ea5n \u0111\u1ec1 n\u00e0y, s\u1ea3n ph\u1ea9m gi\u00fap kh\u00f4i ph\u1ee5c s\u1ef1 c\u00e2n b\u1eb1ng v\u00e0 th\u00fac \u0111\u1ea9y s\u1ee9c s\u1ed1ng t\u1ed5ng th\u1ec3 t\u1eeb b\u00ean trong.<\/section>\n<section class=\"ybc-p\"><strong>L\u1ee3i \u00edch ch\u00ednh:<\/strong><\/section>\n<ul class=\"ybc-ul-component\">\n<li class=\"ybc-li-component ybc-li-component_ul\">\n<section class=\"ybc-p\"><strong>Nu\u00f4i d\u01b0\u1ee1ng Gan v\u00e0 Th\u1eadn \u00c2m:<\/strong>\u200b Nh\u1eafm v\u00e0o nguy\u00ean nh\u00e2n g\u1ed1c r\u1ec5 c\u1ee7a c\u00e1c tri\u1ec7u ch\u1ee9ng thi\u1ebfu h\u1ee5t.<\/section>\n<\/li>\n<li class=\"ybc-li-component ybc-li-component_ul\">\n<section class=\"ybc-p\"><strong>L\u00e0m s\u1eafc n\u00e9t t\u1ea7m nh\u00ecn:<\/strong>Gi\u00fap c\u1ea3i thi\u1ec7n th\u1ecb l\u1ef1c v\u00e0 gi\u1ea3m t\u00ecnh tr\u1ea1ng m\u1edd m\u1eaft.<\/section>\n<\/li>\n<li class=\"ybc-li-component ybc-li-component_ul\">\n<section class=\"ybc-p\"><strong>Gi\u1ea3m ch\u00f3ng m\u1eb7t:<\/strong>\u200b Gi\u1ea3m c\u1ea3m gi\u00e1c ch\u00f3ng m\u1eb7t v\u00e0 cho\u00e1ng v\u00e1ng.<\/section>\n<\/li>\n<li class=\"ybc-li-component ybc-li-component_ul\">\n<section class=\"ybc-p\"><strong>T\u0103ng c\u01b0\u1eddng s\u1ee9c m\u1ea1nh cho ph\u1ea7n l\u01b0ng d\u01b0\u1edbi:<\/strong>Gi\u1ea3m \u0111au nh\u1ee9c v\u00e0 y\u1ebfu \u1edf l\u01b0ng v\u00e0 \u0111\u1ea7u g\u1ed1i.<\/section>\n<\/li>\n<li class=\"ybc-li-component ybc-li-component_ul\">\n<section class=\"ybc-p\"><strong>Th\u00fac \u0111\u1ea9y m\u00e1i t\u00f3c kh\u1ecfe m\u1ea1nh:<\/strong>\u200b Gi\u00fap ch\u1ed1ng l\u1ea1i t\u00ecnh tr\u1ea1ng t\u00f3c b\u1ea1c s\u1edbm.<\/section>\n<\/li>\n<\/ul>","protected":false},"excerpt":{"rendered":"<p>Cao d\u00e2u t\u1eb1m v\u00e0 k\u1ef7 t\u1eed nu\u00f4i d\u01b0\u1ee1ng gan th\u1eadn, t\u0103ng c\u01b0\u1eddng tinh ch\u1ea5t v\u00e0 c\u1ea3i thi\u1ec7n th\u1ecb l\u1ef1c. C\u00f4ng th\u1ee9c th\u1ea3o d\u01b0\u1ee3c m\u1ea1nh m\u1ebd n\u00e0y \u0111\u01b0\u1ee3c thi\u1ebft k\u1ebf \u0111\u1eb7c bi\u1ec7t \u0111\u1ec3 gi\u1ea3i quy\u1ebft c\u00e1c v\u1ea5n \u0111\u1ec1 v\u1ec1 \u00e2m.<span class=\"excerpt-hellip\"> [\u2026]<\/span><\/p>","protected":false},"featured_media":1037,"comment_status":"open","ping_status":"closed","template":"","meta":[],"product_brand":[],"product_cat":[65],"product_tag":[],"class_list":{"0":"post-984","1":"product","2":"type-product","3":"status-publish","4":"has-post-thumbnail","6":"product_cat-rui_shan_tang","8":"first","9":"instock","10":"shipping-taxable","11":"product-type-external"},"yoast_head":"<!-- This site is optimized with the Yoast SEO Premium plugin v25.8 (Yoast SEO v25.8) - https:\/\/yoast.com\/wordpress\/plugins\/seo\/ -->\n<title>Mulberry and Wolfberry Paste - Jiushidao - Global Food Marketplace for Business Growth and Cosumers<\/title>\n<meta name=\"robots\" content=\"index, follow, max-snippet:-1, max-image-preview:large, max-video-preview:-1\" \/>\n<link rel=\"canonical\" href=\"https:\/\/jiushidao.com\/vi\/san-pham\/mulberry-and-wolfberry-paste\/\" \/>\n<meta property=\"og:locale\" content=\"vi_VN\" \/>\n<meta property=\"og:type\" content=\"article\" \/>\n<meta property=\"og:title\" content=\"Mulberry and Wolfberry Paste\" \/>\n<meta property=\"og:description\" content=\"Mulberry and Wolfberry Paste Nourish the Liver and Kidneys, Boost Essence and Improve Vision. This potent herbal formulation is specifically designed to address deficiencies of Yin [\u2026]\" \/>\n<meta property=\"og:url\" content=\"https:\/\/jiushidao.com\/vi\/san-pham\/mulberry-and-wolfberry-paste\/\" \/>\n<meta property=\"og:site_name\" content=\"Jiushidao - Global Food Marketplace for Business Growth and Cosumers\" \/>\n<meta property=\"article:modified_time\" content=\"2025-12-23T21:52:05+00:00\" \/>\n<meta property=\"og:image\" content=\"https:\/\/jiushidao.com\/wp-content\/uploads\/2025\/11\/\u56fe\u72473.png\" \/>\n\t<meta property=\"og:image:width\" content=\"800\" \/>\n\t<meta property=\"og:image:height\" content=\"800\" \/>\n\t<meta property=\"og:image:type\" content=\"image\/png\" \/>\n<meta name=\"twitter:card\" content=\"summary_large_image\" \/>\n<meta name=\"twitter:label1\" content=\"\u01af\u1edbc t\u00ednh th\u1eddi gian \u0111\u1ecdc\" \/>\n\t<meta name=\"twitter:data1\" content=\"1 ph\u00fat\" \/>\n<script type=\"application\/ld+json\" class=\"yoast-schema-graph\">{\"@context\":\"https:\/\/schema.org\",\"@graph\":[{\"@type\":\"WebPage\",\"@id\":\"https:\/\/jiushidao.com\/product\/mulberry-and-wolfberry-paste\/\",\"url\":\"https:\/\/jiushidao.com\/product\/mulberry-and-wolfberry-paste\/\",\"name\":\"Mulberry and Wolfberry Paste - Jiushidao - Global Food Marketplace for Business Growth and Cosumers\",\"isPartOf\":{\"@id\":\"https:\/\/jiushidao.com\/#website\"},\"primaryImageOfPage\":{\"@id\":\"https:\/\/jiushidao.com\/product\/mulberry-and-wolfberry-paste\/#primaryimage\"},\"image\":{\"@id\":\"https:\/\/jiushidao.com\/product\/mulberry-and-wolfberry-paste\/#primaryimage\"},\"thumbnailUrl\":\"https:\/\/jiushidao.com\/wp-content\/uploads\/2025\/11\/\u56fe\u72473.png\",\"datePublished\":\"2025-11-20T12:18:34+00:00\",\"dateModified\":\"2025-12-23T21:52:05+00:00\",\"breadcrumb\":{\"@id\":\"https:\/\/jiushidao.com\/product\/mulberry-and-wolfberry-paste\/#breadcrumb\"},\"inLanguage\":\"vi\",\"potentialAction\":[{\"@type\":\"ReadAction\",\"target\":[\"https:\/\/jiushidao.com\/product\/mulberry-and-wolfberry-paste\/\"]}]},{\"@type\":\"ImageObject\",\"inLanguage\":\"vi\",\"@id\":\"https:\/\/jiushidao.com\/product\/mulberry-and-wolfberry-paste\/#primaryimage\",\"url\":\"https:\/\/jiushidao.com\/wp-content\/uploads\/2025\/11\/\u56fe\u72473.png\",\"contentUrl\":\"https:\/\/jiushidao.com\/wp-content\/uploads\/2025\/11\/\u56fe\u72473.png\",\"width\":800,\"height\":800},{\"@type\":\"BreadcrumbList\",\"@id\":\"https:\/\/jiushidao.com\/product\/mulberry-and-wolfberry-paste\/#breadcrumb\",\"itemListElement\":[{\"@type\":\"ListItem\",\"position\":1,\"name\":\"Home\",\"item\":\"https:\/\/jiushidao.com\/\"},{\"@type\":\"ListItem\",\"position\":2,\"name\":\"Store\",\"item\":\"https:\/\/jiushidao.com\/store\/\"},{\"@type\":\"ListItem\",\"position\":3,\"name\":\"Mulberry and Wolfberry Paste\"}]},{\"@type\":\"WebSite\",\"@id\":\"https:\/\/jiushidao.com\/#website\",\"url\":\"https:\/\/jiushidao.com\/\",\"name\":\"Jiushidao - Global Food Marketplace for Business Growth and Cosumers\",\"description\":\"Jiushidao - Global Food Marketplace for Business Growth and Cosumers\",\"potentialAction\":[{\"@type\":\"SearchAction\",\"target\":{\"@type\":\"EntryPoint\",\"urlTemplate\":\"https:\/\/jiushidao.com\/?s={search_term_string}\"},\"query-input\":{\"@type\":\"PropertyValueSpecification\",\"valueRequired\":true,\"valueName\":\"search_term_string\"}}],\"inLanguage\":\"vi\"}]}<\/script>\n<!-- \/ Yoast SEO Premium plugin. -->","yoast_head_json":{"title":"Mulberry and Wolfberry Paste - Jiushidao - Global Food Marketplace for Business Growth and Cosumers","robots":{"index":"index","follow":"follow","max-snippet":"max-snippet:-1","max-image-preview":"max-image-preview:large","max-video-preview":"max-video-preview:-1"},"canonical":"https:\/\/jiushidao.com\/vi\/san-pham\/mulberry-and-wolfberry-paste\/","og_locale":"vi_VN","og_type":"article","og_title":"Mulberry and Wolfberry Paste","og_description":"Mulberry and Wolfberry Paste Nourish the Liver and Kidneys, Boost Essence and Improve Vision. This potent herbal formulation is specifically designed to address deficiencies of Yin [\u2026]","og_url":"https:\/\/jiushidao.com\/vi\/san-pham\/mulberry-and-wolfberry-paste\/","og_site_name":"Jiushidao - Global Food Marketplace for Business Growth and Cosumers","article_modified_time":"2025-12-23T21:52:05+00:00","og_image":[{"width":800,"height":800,"url":"https:\/\/jiushidao.com\/wp-content\/uploads\/2025\/11\/\u56fe\u72473.png","type":"image\/png"}],"twitter_card":"summary_large_image","twitter_misc":{"\u01af\u1edbc t\u00ednh th\u1eddi gian \u0111\u1ecdc":"1 ph\u00fat"},"schema":{"@context":"https:\/\/schema.org","@graph":[{"@type":"WebPage","@id":"https:\/\/jiushidao.com\/product\/mulberry-and-wolfberry-paste\/","url":"https:\/\/jiushidao.com\/product\/mulberry-and-wolfberry-paste\/","name":"Mulberry and Wolfberry Paste - Jiushidao - Global Food Marketplace for Business Growth and Cosumers","isPartOf":{"@id":"https:\/\/jiushidao.com\/#website"},"primaryImageOfPage":{"@id":"https:\/\/jiushidao.com\/product\/mulberry-and-wolfberry-paste\/#primaryimage"},"image":{"@id":"https:\/\/jiushidao.com\/product\/mulberry-and-wolfberry-paste\/#primaryimage"},"thumbnailUrl":"https:\/\/jiushidao.com\/wp-content\/uploads\/2025\/11\/\u56fe\u72473.png","datePublished":"2025-11-20T12:18:34+00:00","dateModified":"2025-12-23T21:52:05+00:00","breadcrumb":{"@id":"https:\/\/jiushidao.com\/product\/mulberry-and-wolfberry-paste\/#breadcrumb"},"inLanguage":"vi","potentialAction":[{"@type":"ReadAction","target":["https:\/\/jiushidao.com\/product\/mulberry-and-wolfberry-paste\/"]}]},{"@type":"ImageObject","inLanguage":"vi","@id":"https:\/\/jiushidao.com\/product\/mulberry-and-wolfberry-paste\/#primaryimage","url":"https:\/\/jiushidao.com\/wp-content\/uploads\/2025\/11\/\u56fe\u72473.png","contentUrl":"https:\/\/jiushidao.com\/wp-content\/uploads\/2025\/11\/\u56fe\u72473.png","width":800,"height":800},{"@type":"BreadcrumbList","@id":"https:\/\/jiushidao.com\/product\/mulberry-and-wolfberry-paste\/#breadcrumb","itemListElement":[{"@type":"ListItem","position":1,"name":"Home","item":"https:\/\/jiushidao.com\/"},{"@type":"ListItem","position":2,"name":"Store","item":"https:\/\/jiushidao.com\/store\/"},{"@type":"ListItem","position":3,"name":"Mulberry and Wolfberry Paste"}]},{"@type":"WebSite","@id":"https:\/\/jiushidao.com\/#website","url":"https:\/\/jiushidao.com\/","name":"Jiushidao - Global Food Marketplace for Business Growth and Cosumers","description":"Jiushidao - Global Food Marketplace for Business Growth and Cosumers","potentialAction":[{"@type":"SearchAction","target":{"@type":"EntryPoint","urlTemplate":"https:\/\/jiushidao.com\/?s={search_term_string}"},"query-input":{"@type":"PropertyValueSpecification","valueRequired":true,"valueName":"search_term_string"}}],"inLanguage":"vi"}]}},"_links":{"self":[{"href":"https:\/\/jiushidao.com\/vi\/wp-json\/wp\/v2\/product\/984","targetHints":{"allow":["GET"]}}],"collection":[{"href":"https:\/\/jiushidao.com\/vi\/wp-json\/wp\/v2\/product"}],"about":[{"href":"https:\/\/jiushidao.com\/vi\/wp-json\/wp\/v2\/types\/product"}],"replies":[{"embeddable":true,"href":"https:\/\/jiushidao.com\/vi\/wp-json\/wp\/v2\/comments?post=984"}],"version-history":[{"count":1,"href":"https:\/\/jiushidao.com\/vi\/wp-json\/wp\/v2\/product\/984\/revisions"}],"predecessor-version":[{"id":985,"href":"https:\/\/jiushidao.com\/vi\/wp-json\/wp\/v2\/product\/984\/revisions\/985"}],"wp:featuredmedia":[{"embeddable":true,"href":"https:\/\/jiushidao.com\/vi\/wp-json\/wp\/v2\/media\/1037"}],"wp:attachment":[{"href":"https:\/\/jiushidao.com\/vi\/wp-json\/wp\/v2\/media?parent=984"}],"wp:term":[{"taxonomy":"product_brand","embeddable":true,"href":"https:\/\/jiushidao.com\/vi\/wp-json\/wp\/v2\/product_brand?post=984"},{"taxonomy":"product_cat","embeddable":true,"href":"https:\/\/jiushidao.com\/vi\/wp-json\/wp\/v2\/product_cat?post=984"},{"taxonomy":"product_tag","embeddable":true,"href":"https:\/\/jiushidao.com\/vi\/wp-json\/wp\/v2\/product_tag?post=984"}],"curies":[{"name":"wp","href":"https:\/\/api.w.org\/{rel}","templated":true}]}}