{"id":982,"date":"2025-11-20T12:12:53","date_gmt":"2025-11-20T12:12:53","guid":{"rendered":"https:\/\/jiushidao.com\/?post_type=product&#038;p=982"},"modified":"2025-12-23T21:52:32","modified_gmt":"2025-12-23T21:52:32","slug":"american-ginseng-and-longan-paste","status":"publish","type":"product","link":"https:\/\/jiushidao.com\/vi\/san-pham\/american-ginseng-and-longan-paste\/","title":{"rendered":"Nh\u00e2n s\u00e2m M\u1ef9 v\u00e0 nh\u00e3n nh\u1ee5c"},"content":{"rendered":"<section class=\"ybc-p\">B\u1ed5 Kh\u00ed v\u00e0 D\u01b0\u1ee1ng Huy\u1ebft. H\u1ed7n h\u1ee3p th\u1ea3o d\u01b0\u1ee3c truy\u1ec1n th\u1ed1ng n\u00e0y \u0111\u01b0\u1ee3c \u0111\u1eb7c ch\u1ebf \u0111\u1ec3 gi\u1ea3i quy\u1ebft t\u00ecnh tr\u1ea1ng thi\u1ebfu h\u1ee5t c\u1ea3 Kh\u00ed (n\u0103ng l\u01b0\u1ee3ng s\u1ed1ng) v\u00e0 Huy\u1ebft, \u0111\u1ed3ng th\u1eddi nu\u00f4i d\u01b0\u1ee1ng \u00c2m v\u00e0 th\u00fac \u0111\u1ea9y s\u1ea3n sinh d\u1ecbch. S\u1ea3n ph\u1ea9m l\u00fd t\u01b0\u1edfng cho nh\u1eefng ng\u01b0\u1eddi c\u00f3 th\u1ec3 tr\u1ea1ng \u0111\u1eb7c tr\u01b0ng b\u1edfi Kh\u00ed v\u00e0 Huy\u1ebft suy y\u1ebfu ho\u1eb7c \u00c2m suy y\u1ebfu k\u00e8m theo nhi\u1ec7t n\u1ed9i. Gi\u1ea3m c\u00e1c tri\u1ec7u ch\u1ee9ng th\u01b0\u1eddng g\u1eb7p nh\u01b0 m\u1ec7t m\u1ecfi m\u00e3n t\u00ednh, suy nh\u01b0\u1ee3c, h\u1ed3i h\u1ed9p, kh\u00f4 mi\u1ec7ng v\u00e0 c\u1ed5 h\u1ecdng. S\u1ea3n ph\u1ea9m gi\u00fap kh\u00f4i ph\u1ee5c s\u1ef1 c\u00e2n b\u1eb1ng c\u01a1 b\u1ea3n c\u1ee7a c\u01a1 th\u1ec3, th\u00fac \u0111\u1ea9y s\u1ee9c s\u1ed1ng v\u00e0 s\u1ee9c kh\u1ecfe t\u1ed5ng th\u1ec3 t\u1eeb trong ra ngo\u00e0i.<\/section>\n<section class=\"ybc-p\"><strong>L\u1ee3i \u00edch ch\u00ednh:<\/strong><\/section>\n<ul class=\"ybc-ul-component\">\n<li class=\"ybc-li-component ybc-li-component_ul\">\n<section class=\"ybc-p\"><strong>T\u0103ng c\u01b0\u1eddng kh\u00ed huy\u1ebft:<\/strong>\u200b Gi\u1ea3i quy\u1ebft nguy\u00ean nh\u00e2n g\u1ed1c r\u1ec5 c\u1ee7a t\u00ecnh tr\u1ea1ng m\u1ec7t m\u1ecfi v\u00e0 suy nh\u01b0\u1ee3c.<\/section>\n<\/li>\n<li class=\"ybc-li-component ybc-li-component_ul\">\n<section class=\"ybc-p\"><strong>Nu\u00f4i d\u01b0\u1ee1ng d\u1ecbch \u00e2m:<\/strong>\u200b Gi\u1ea3m t\u00ecnh tr\u1ea1ng kh\u00f4 da v\u00e0 n\u00f3ng trong.<\/section>\n<\/li>\n<li class=\"ybc-li-component ybc-li-component_ul\">\n<section class=\"ybc-p\"><strong>Gi\u1ea3m m\u1ec7t m\u1ecfi:<\/strong>Ch\u1ed1ng l\u1ea1i t\u00ecnh tr\u1ea1ng m\u1ec7t m\u1ecfi m\u00e3n t\u00ednh v\u00e0 thi\u1ebfu n\u0103ng l\u01b0\u1ee3ng.<\/section>\n<\/li>\n<li class=\"ybc-li-component ybc-li-component_ul\">\n<section class=\"ybc-p\"><strong>L\u00e0m d\u1ecbu tinh th\u1ea7n:<\/strong>Gi\u00fap l\u00e0m gi\u1ea3m ch\u1ee9ng h\u1ed3i h\u1ed9p v\u00e0 b\u1ed3n ch\u1ed3n.<\/section>\n<\/li>\n<li class=\"ybc-li-component ybc-li-component_ul\">\n<section class=\"ybc-p\"><strong>Gi\u1ea3m kh\u00f4 da:<\/strong>\u200b L\u00e0m d\u1ecbu t\u00ecnh tr\u1ea1ng kh\u00f4 mi\u1ec7ng v\u00e0 c\u1ed5 h\u1ecdng hi\u1ec7u qu\u1ea3.<\/section>\n<\/li>\n<\/ul>","protected":false},"excerpt":{"rendered":"<p>B\u1ed5 sung Kh\u00ed v\u00e0 D\u01b0\u1ee1ng huy\u1ebft. H\u1ed7n h\u1ee3p th\u1ea3o d\u01b0\u1ee3c truy\u1ec1n th\u1ed1ng n\u00e0y \u0111\u01b0\u1ee3c b\u00e0o ch\u1ebf \u0111\u1eb7c bi\u1ec7t \u0111\u1ec3 gi\u1ea3i quy\u1ebft t\u00ecnh tr\u1ea1ng thi\u1ebfu h\u1ee5t c\u1ea3 Kh\u00ed (n\u0103ng l\u01b0\u1ee3ng s\u1ed1ng) v\u00e0 M\u00e1u.<span class=\"excerpt-hellip\"> [\u2026]<\/span><\/p>","protected":false},"featured_media":1027,"comment_status":"open","ping_status":"closed","template":"","meta":[],"product_brand":[],"product_cat":[65],"product_tag":[],"class_list":{"0":"post-982","1":"product","2":"type-product","3":"status-publish","4":"has-post-thumbnail","6":"product_cat-rui_shan_tang","8":"first","9":"instock","10":"shipping-taxable","11":"product-type-external"},"yoast_head":"<!-- This site is optimized with the Yoast SEO Premium plugin v25.8 (Yoast SEO v25.8) - https:\/\/yoast.com\/wordpress\/plugins\/seo\/ -->\n<title>American Ginseng and Longan Paste - Jiushidao - Global Food Marketplace for Business Growth and Cosumers<\/title>\n<meta name=\"robots\" content=\"index, follow, max-snippet:-1, max-image-preview:large, max-video-preview:-1\" \/>\n<link rel=\"canonical\" href=\"https:\/\/jiushidao.com\/vi\/san-pham\/american-ginseng-and-longan-paste\/\" \/>\n<meta property=\"og:locale\" content=\"vi_VN\" \/>\n<meta property=\"og:type\" content=\"article\" \/>\n<meta property=\"og:title\" content=\"American Ginseng and Longan Paste\" \/>\n<meta property=\"og:description\" content=\"Replenish Your Qi and Nourish Your Blood. This traditional herbal blend is specifically formulated to address deficiencies in both Qi (vital energy) and Blood, as well [\u2026]\" \/>\n<meta property=\"og:url\" content=\"https:\/\/jiushidao.com\/vi\/san-pham\/american-ginseng-and-longan-paste\/\" \/>\n<meta property=\"og:site_name\" content=\"Jiushidao - Global Food Marketplace for Business Growth and Cosumers\" \/>\n<meta property=\"article:modified_time\" content=\"2025-12-23T21:52:32+00:00\" \/>\n<meta property=\"og:image\" content=\"https:\/\/jiushidao.com\/wp-content\/uploads\/2025\/11\/\u56fe\u72472.png\" \/>\n\t<meta property=\"og:image:width\" content=\"800\" \/>\n\t<meta property=\"og:image:height\" content=\"800\" \/>\n\t<meta property=\"og:image:type\" content=\"image\/png\" \/>\n<meta name=\"twitter:card\" content=\"summary_large_image\" \/>\n<meta name=\"twitter:label1\" content=\"\u01af\u1edbc t\u00ednh th\u1eddi gian \u0111\u1ecdc\" \/>\n\t<meta name=\"twitter:data1\" content=\"1 ph\u00fat\" \/>\n<script type=\"application\/ld+json\" class=\"yoast-schema-graph\">{\"@context\":\"https:\/\/schema.org\",\"@graph\":[{\"@type\":\"WebPage\",\"@id\":\"https:\/\/jiushidao.com\/product\/american-ginseng-and-longan-paste\/\",\"url\":\"https:\/\/jiushidao.com\/product\/american-ginseng-and-longan-paste\/\",\"name\":\"American Ginseng and Longan Paste - Jiushidao - Global Food Marketplace for Business Growth and Cosumers\",\"isPartOf\":{\"@id\":\"https:\/\/jiushidao.com\/#website\"},\"primaryImageOfPage\":{\"@id\":\"https:\/\/jiushidao.com\/product\/american-ginseng-and-longan-paste\/#primaryimage\"},\"image\":{\"@id\":\"https:\/\/jiushidao.com\/product\/american-ginseng-and-longan-paste\/#primaryimage\"},\"thumbnailUrl\":\"https:\/\/jiushidao.com\/wp-content\/uploads\/2025\/11\/\u56fe\u72472.png\",\"datePublished\":\"2025-11-20T12:12:53+00:00\",\"dateModified\":\"2025-12-23T21:52:32+00:00\",\"breadcrumb\":{\"@id\":\"https:\/\/jiushidao.com\/product\/american-ginseng-and-longan-paste\/#breadcrumb\"},\"inLanguage\":\"vi\",\"potentialAction\":[{\"@type\":\"ReadAction\",\"target\":[\"https:\/\/jiushidao.com\/product\/american-ginseng-and-longan-paste\/\"]}]},{\"@type\":\"ImageObject\",\"inLanguage\":\"vi\",\"@id\":\"https:\/\/jiushidao.com\/product\/american-ginseng-and-longan-paste\/#primaryimage\",\"url\":\"https:\/\/jiushidao.com\/wp-content\/uploads\/2025\/11\/\u56fe\u72472.png\",\"contentUrl\":\"https:\/\/jiushidao.com\/wp-content\/uploads\/2025\/11\/\u56fe\u72472.png\",\"width\":800,\"height\":800},{\"@type\":\"BreadcrumbList\",\"@id\":\"https:\/\/jiushidao.com\/product\/american-ginseng-and-longan-paste\/#breadcrumb\",\"itemListElement\":[{\"@type\":\"ListItem\",\"position\":1,\"name\":\"Home\",\"item\":\"https:\/\/jiushidao.com\/\"},{\"@type\":\"ListItem\",\"position\":2,\"name\":\"Store\",\"item\":\"https:\/\/jiushidao.com\/store\/\"},{\"@type\":\"ListItem\",\"position\":3,\"name\":\"American Ginseng and Longan Paste\"}]},{\"@type\":\"WebSite\",\"@id\":\"https:\/\/jiushidao.com\/#website\",\"url\":\"https:\/\/jiushidao.com\/\",\"name\":\"Jiushidao - Global Food Marketplace for Business Growth and Cosumers\",\"description\":\"Jiushidao - Global Food Marketplace for Business Growth and Cosumers\",\"potentialAction\":[{\"@type\":\"SearchAction\",\"target\":{\"@type\":\"EntryPoint\",\"urlTemplate\":\"https:\/\/jiushidao.com\/?s={search_term_string}\"},\"query-input\":{\"@type\":\"PropertyValueSpecification\",\"valueRequired\":true,\"valueName\":\"search_term_string\"}}],\"inLanguage\":\"vi\"}]}<\/script>\n<!-- \/ Yoast SEO Premium plugin. -->","yoast_head_json":{"title":"American Ginseng and Longan Paste - Jiushidao - Global Food Marketplace for Business Growth and Cosumers","robots":{"index":"index","follow":"follow","max-snippet":"max-snippet:-1","max-image-preview":"max-image-preview:large","max-video-preview":"max-video-preview:-1"},"canonical":"https:\/\/jiushidao.com\/vi\/san-pham\/american-ginseng-and-longan-paste\/","og_locale":"vi_VN","og_type":"article","og_title":"American Ginseng and Longan Paste","og_description":"Replenish Your Qi and Nourish Your Blood. This traditional herbal blend is specifically formulated to address deficiencies in both Qi (vital energy) and Blood, as well [\u2026]","og_url":"https:\/\/jiushidao.com\/vi\/san-pham\/american-ginseng-and-longan-paste\/","og_site_name":"Jiushidao - Global Food Marketplace for Business Growth and Cosumers","article_modified_time":"2025-12-23T21:52:32+00:00","og_image":[{"width":800,"height":800,"url":"https:\/\/jiushidao.com\/wp-content\/uploads\/2025\/11\/\u56fe\u72472.png","type":"image\/png"}],"twitter_card":"summary_large_image","twitter_misc":{"\u01af\u1edbc t\u00ednh th\u1eddi gian \u0111\u1ecdc":"1 ph\u00fat"},"schema":{"@context":"https:\/\/schema.org","@graph":[{"@type":"WebPage","@id":"https:\/\/jiushidao.com\/product\/american-ginseng-and-longan-paste\/","url":"https:\/\/jiushidao.com\/product\/american-ginseng-and-longan-paste\/","name":"American Ginseng and Longan Paste - Jiushidao - Global Food Marketplace for Business Growth and Cosumers","isPartOf":{"@id":"https:\/\/jiushidao.com\/#website"},"primaryImageOfPage":{"@id":"https:\/\/jiushidao.com\/product\/american-ginseng-and-longan-paste\/#primaryimage"},"image":{"@id":"https:\/\/jiushidao.com\/product\/american-ginseng-and-longan-paste\/#primaryimage"},"thumbnailUrl":"https:\/\/jiushidao.com\/wp-content\/uploads\/2025\/11\/\u56fe\u72472.png","datePublished":"2025-11-20T12:12:53+00:00","dateModified":"2025-12-23T21:52:32+00:00","breadcrumb":{"@id":"https:\/\/jiushidao.com\/product\/american-ginseng-and-longan-paste\/#breadcrumb"},"inLanguage":"vi","potentialAction":[{"@type":"ReadAction","target":["https:\/\/jiushidao.com\/product\/american-ginseng-and-longan-paste\/"]}]},{"@type":"ImageObject","inLanguage":"vi","@id":"https:\/\/jiushidao.com\/product\/american-ginseng-and-longan-paste\/#primaryimage","url":"https:\/\/jiushidao.com\/wp-content\/uploads\/2025\/11\/\u56fe\u72472.png","contentUrl":"https:\/\/jiushidao.com\/wp-content\/uploads\/2025\/11\/\u56fe\u72472.png","width":800,"height":800},{"@type":"BreadcrumbList","@id":"https:\/\/jiushidao.com\/product\/american-ginseng-and-longan-paste\/#breadcrumb","itemListElement":[{"@type":"ListItem","position":1,"name":"Home","item":"https:\/\/jiushidao.com\/"},{"@type":"ListItem","position":2,"name":"Store","item":"https:\/\/jiushidao.com\/store\/"},{"@type":"ListItem","position":3,"name":"American Ginseng and Longan Paste"}]},{"@type":"WebSite","@id":"https:\/\/jiushidao.com\/#website","url":"https:\/\/jiushidao.com\/","name":"Jiushidao - Global Food Marketplace for Business Growth and Cosumers","description":"Jiushidao - Global Food Marketplace for Business Growth and Cosumers","potentialAction":[{"@type":"SearchAction","target":{"@type":"EntryPoint","urlTemplate":"https:\/\/jiushidao.com\/?s={search_term_string}"},"query-input":{"@type":"PropertyValueSpecification","valueRequired":true,"valueName":"search_term_string"}}],"inLanguage":"vi"}]}},"_links":{"self":[{"href":"https:\/\/jiushidao.com\/vi\/wp-json\/wp\/v2\/product\/982","targetHints":{"allow":["GET"]}}],"collection":[{"href":"https:\/\/jiushidao.com\/vi\/wp-json\/wp\/v2\/product"}],"about":[{"href":"https:\/\/jiushidao.com\/vi\/wp-json\/wp\/v2\/types\/product"}],"replies":[{"embeddable":true,"href":"https:\/\/jiushidao.com\/vi\/wp-json\/wp\/v2\/comments?post=982"}],"version-history":[{"count":1,"href":"https:\/\/jiushidao.com\/vi\/wp-json\/wp\/v2\/product\/982\/revisions"}],"predecessor-version":[{"id":983,"href":"https:\/\/jiushidao.com\/vi\/wp-json\/wp\/v2\/product\/982\/revisions\/983"}],"wp:featuredmedia":[{"embeddable":true,"href":"https:\/\/jiushidao.com\/vi\/wp-json\/wp\/v2\/media\/1027"}],"wp:attachment":[{"href":"https:\/\/jiushidao.com\/vi\/wp-json\/wp\/v2\/media?parent=982"}],"wp:term":[{"taxonomy":"product_brand","embeddable":true,"href":"https:\/\/jiushidao.com\/vi\/wp-json\/wp\/v2\/product_brand?post=982"},{"taxonomy":"product_cat","embeddable":true,"href":"https:\/\/jiushidao.com\/vi\/wp-json\/wp\/v2\/product_cat?post=982"},{"taxonomy":"product_tag","embeddable":true,"href":"https:\/\/jiushidao.com\/vi\/wp-json\/wp\/v2\/product_tag?post=982"}],"curies":[{"name":"wp","href":"https:\/\/api.w.org\/{rel}","templated":true}]}}