{"id":980,"date":"2025-11-20T12:04:54","date_gmt":"2025-11-20T12:04:54","guid":{"rendered":"https:\/\/jiushidao.com\/?post_type=product&#038;p=980"},"modified":"2025-12-23T21:53:33","modified_gmt":"2025-12-23T21:53:33","slug":"deer-antler-and-ginseng-paste","status":"publish","type":"product","link":"https:\/\/jiushidao.com\/vi\/san-pham\/deer-antler-and-ginseng-paste\/","title":{"rendered":"B\u1ed9t nhung h\u01b0\u01a1u v\u00e0 nh\u00e2n s\u00e2m"},"content":{"rendered":"<section class=\"ybc-p\"><strong>B\u1ed9t nhung h\u01b0\u01a1u v\u00e0 nh\u00e2n s\u00e2m<\/strong><\/section>\n<section class=\"ybc-p\">B\u1ed5 sung tinh ch\u1ea5t th\u1eadn v\u00e0 ph\u1ee5c h\u1ed3i n\u0103ng l\u01b0\u1ee3ng c\u1ed1t l\u00f5i c\u1ee7a b\u1ea1n.<\/section>\n<section class=\"ybc-p\">C\u00f4ng th\u1ee9c th\u1ea3o d\u01b0\u1ee3c m\u1ea1nh m\u1ebd n\u00e0y \u0111\u01b0\u1ee3c \u0111\u1eb7c ch\u1ebf \u0111\u1ec3 gi\u1ea3i quy\u1ebft c\u00e1c d\u1ea5u hi\u1ec7u thi\u1ebfu h\u1ee5t ph\u1ed5 bi\u1ebfn, ch\u1eb3ng h\u1ea1n nh\u01b0 \u0111au nh\u1ee9c v\u00e0 y\u1ebfu \u1edf l\u01b0ng d\u01b0\u1edbi v\u00e0 \u0111\u1ea7u g\u1ed1i, nh\u1ea1y c\u1ea3m v\u1edbi l\u1ea1nh, m\u1ec7t m\u1ecfi m\u00e3n t\u00ednh v\u00e0 thi\u1ebfu s\u1ee9c s\u1ed1ng. B\u1eb1ng c\u00e1ch nu\u00f4i d\u01b0\u1ee1ng n\u0103ng l\u01b0\u1ee3ng c\u01a1 b\u1ea3n c\u1ee7a c\u01a1 th\u1ec3, s\u1ea3n ph\u1ea9m gi\u00fap t\u0103ng c\u01b0\u1eddng h\u1ec7 mi\u1ec5n d\u1ecbch v\u00e0 t\u0103ng c\u01b0\u1eddng s\u1ee9c s\u1ed1ng t\u1ed5ng th\u1ec3, tinh th\u1ea7n minh m\u1eabn v\u00e0 s\u1ee9c kh\u1ecfe t\u00e2m linh, gi\u00fap b\u1ea1n c\u1ea3m th\u1ea5y kh\u1ecfe m\u1ea1nh h\u01a1n, d\u1ebbo dai h\u01a1n v\u00e0 tr\u00e0n \u0111\u1ea7y s\u1ee9c s\u1ed1ng.<\/section>\n<section class=\"ybc-p\"><strong>L\u1ee3i \u00edch ch\u00ednh:<\/strong><\/section>\n<ul class=\"ybc-ul-component\">\n<li class=\"ybc-li-component ybc-li-component_ul\">\n<section class=\"ybc-p\"><strong>B\u1ed5 th\u1eadn v\u00e0 tinh:<\/strong>\u200b Nh\u1eafm v\u00e0o g\u1ed1c r\u1ec5 c\u1ee7a s\u1ee9c s\u1ed1ng \u0111\u1ec3 c\u00f3 s\u1ee9c kh\u1ecfe n\u1ec1n t\u1ea3ng.<\/section>\n<\/li>\n<li class=\"ybc-li-component ybc-li-component_ul\">\n<section class=\"ybc-p\"><strong>T\u0103ng c\u01b0\u1eddng n\u0103ng l\u01b0\u1ee3ng c\u1ed1t l\u00f5i (Qi):<\/strong>Ch\u1ed1ng m\u1ec7t m\u1ecfi v\u00e0 ph\u1ee5c h\u1ed3i n\u0103ng l\u01b0\u1ee3ng.<\/section>\n<\/li>\n<li class=\"ybc-li-component ybc-li-component_ul\">\n<section class=\"ybc-p\"><strong>Gi\u1ea3m t\u00ecnh tr\u1ea1ng y\u1ebfu c\u01a1:<\/strong>\u200b Gi\u1ea3m c\u00e1c tri\u1ec7u ch\u1ee9ng nh\u01b0 \u0111au l\u01b0ng d\u01b0\u1edbi v\u00e0 kh\u00f4ng ch\u1ecbu \u0111\u01b0\u1ee3c l\u1ea1nh.<\/section>\n<\/li>\n<li class=\"ybc-li-component ybc-li-component_ul\">\n<section class=\"ybc-p\"><strong>T\u0103ng c\u01b0\u1eddng kh\u1ea3 n\u0103ng mi\u1ec5n d\u1ecbch:<\/strong>\u200b H\u1ed7 tr\u1ee3 h\u1ec7 th\u1ed1ng ph\u00f2ng v\u1ec7 t\u1ef1 nhi\u00ean c\u1ee7a c\u01a1 th\u1ec3.<\/section>\n<\/li>\n<li class=\"ybc-li-component ybc-li-component_ul\">\n<section class=\"ybc-p\"><strong>T\u0103ng c\u01b0\u1eddng s\u1ee9c s\u1ed1ng:<\/strong>\u200b Th\u00fac \u0111\u1ea9y c\u1ea3m gi\u00e1c kh\u1ecfe m\u1ea1nh to\u00e0n di\u1ec7n v\u00e0 ni\u1ec1m \u0111am m\u00ea cu\u1ed9c s\u1ed1ng.<\/section>\n<\/li>\n<\/ul>","protected":false},"excerpt":{"rendered":"<p>Cao nhung h\u01b0\u01a1u v\u00e0 nh\u00e2n s\u00e2m b\u1ed5 th\u1eadn, ph\u1ee5c h\u1ed3i n\u0103ng l\u01b0\u1ee3ng c\u1ed1t l\u00f5i. C\u00f4ng th\u1ee9c th\u1ea3o d\u01b0\u1ee3c m\u1ea1nh m\u1ebd n\u00e0y \u0111\u01b0\u1ee3c \u0111\u1eb7c ch\u1ebf \u0111\u1ec3 gi\u1ea3i quy\u1ebft c\u00e1c d\u1ea5u hi\u1ec7u thi\u1ebfu h\u1ee5t th\u01b0\u1eddng g\u1eb7p,<span class=\"excerpt-hellip\"> [\u2026]<\/span><\/p>","protected":false},"featured_media":1026,"comment_status":"open","ping_status":"closed","template":"","meta":[],"product_brand":[],"product_cat":[65],"product_tag":[],"class_list":{"0":"post-980","1":"product","2":"type-product","3":"status-publish","4":"has-post-thumbnail","6":"product_cat-rui_shan_tang","8":"first","9":"instock","10":"shipping-taxable","11":"product-type-external"},"yoast_head":"<!-- This site is optimized with the Yoast SEO Premium plugin v25.8 (Yoast SEO v25.8) - https:\/\/yoast.com\/wordpress\/plugins\/seo\/ -->\n<title>Deer Antler and Ginseng Paste - Jiushidao - Global Food Marketplace for Business Growth and Cosumers<\/title>\n<meta name=\"robots\" content=\"index, follow, max-snippet:-1, max-image-preview:large, max-video-preview:-1\" \/>\n<link rel=\"canonical\" href=\"https:\/\/jiushidao.com\/vi\/san-pham\/deer-antler-and-ginseng-paste\/\" \/>\n<meta property=\"og:locale\" content=\"vi_VN\" \/>\n<meta property=\"og:type\" content=\"article\" \/>\n<meta property=\"og:title\" content=\"Deer Antler and Ginseng Paste\" \/>\n<meta property=\"og:description\" content=\"Deer Antler and Ginshen Paste Replenish Kidney Essence and Revitalize Your Core Energy. This potent herbal formulation is specifically crafted to address common signs of deficiency, [\u2026]\" \/>\n<meta property=\"og:url\" content=\"https:\/\/jiushidao.com\/vi\/san-pham\/deer-antler-and-ginseng-paste\/\" \/>\n<meta property=\"og:site_name\" content=\"Jiushidao - Global Food Marketplace for Business Growth and Cosumers\" \/>\n<meta property=\"article:modified_time\" content=\"2025-12-23T21:53:33+00:00\" \/>\n<meta property=\"og:image\" content=\"https:\/\/jiushidao.com\/wp-content\/uploads\/2025\/11\/\u56fe\u72471.png\" \/>\n\t<meta property=\"og:image:width\" content=\"800\" \/>\n\t<meta property=\"og:image:height\" content=\"800\" \/>\n\t<meta property=\"og:image:type\" content=\"image\/png\" \/>\n<meta name=\"twitter:card\" content=\"summary_large_image\" \/>\n<meta name=\"twitter:label1\" content=\"\u01af\u1edbc t\u00ednh th\u1eddi gian \u0111\u1ecdc\" \/>\n\t<meta name=\"twitter:data1\" content=\"1 ph\u00fat\" \/>\n<script type=\"application\/ld+json\" class=\"yoast-schema-graph\">{\"@context\":\"https:\/\/schema.org\",\"@graph\":[{\"@type\":\"WebPage\",\"@id\":\"https:\/\/jiushidao.com\/product\/deer-antler-and-ginseng-paste\/\",\"url\":\"https:\/\/jiushidao.com\/product\/deer-antler-and-ginseng-paste\/\",\"name\":\"Deer Antler and Ginseng Paste - Jiushidao - Global Food Marketplace for Business Growth and Cosumers\",\"isPartOf\":{\"@id\":\"https:\/\/jiushidao.com\/#website\"},\"primaryImageOfPage\":{\"@id\":\"https:\/\/jiushidao.com\/product\/deer-antler-and-ginseng-paste\/#primaryimage\"},\"image\":{\"@id\":\"https:\/\/jiushidao.com\/product\/deer-antler-and-ginseng-paste\/#primaryimage\"},\"thumbnailUrl\":\"https:\/\/jiushidao.com\/wp-content\/uploads\/2025\/11\/\u56fe\u72471.png\",\"datePublished\":\"2025-11-20T12:04:54+00:00\",\"dateModified\":\"2025-12-23T21:53:33+00:00\",\"breadcrumb\":{\"@id\":\"https:\/\/jiushidao.com\/product\/deer-antler-and-ginseng-paste\/#breadcrumb\"},\"inLanguage\":\"vi\",\"potentialAction\":[{\"@type\":\"ReadAction\",\"target\":[\"https:\/\/jiushidao.com\/product\/deer-antler-and-ginseng-paste\/\"]}]},{\"@type\":\"ImageObject\",\"inLanguage\":\"vi\",\"@id\":\"https:\/\/jiushidao.com\/product\/deer-antler-and-ginseng-paste\/#primaryimage\",\"url\":\"https:\/\/jiushidao.com\/wp-content\/uploads\/2025\/11\/\u56fe\u72471.png\",\"contentUrl\":\"https:\/\/jiushidao.com\/wp-content\/uploads\/2025\/11\/\u56fe\u72471.png\",\"width\":800,\"height\":800},{\"@type\":\"BreadcrumbList\",\"@id\":\"https:\/\/jiushidao.com\/product\/deer-antler-and-ginseng-paste\/#breadcrumb\",\"itemListElement\":[{\"@type\":\"ListItem\",\"position\":1,\"name\":\"Home\",\"item\":\"https:\/\/jiushidao.com\/\"},{\"@type\":\"ListItem\",\"position\":2,\"name\":\"Store\",\"item\":\"https:\/\/jiushidao.com\/store\/\"},{\"@type\":\"ListItem\",\"position\":3,\"name\":\"Deer Antler and Ginseng Paste\"}]},{\"@type\":\"WebSite\",\"@id\":\"https:\/\/jiushidao.com\/#website\",\"url\":\"https:\/\/jiushidao.com\/\",\"name\":\"Jiushidao - Global Food Marketplace for Business Growth and Cosumers\",\"description\":\"Jiushidao - Global Food Marketplace for Business Growth and Cosumers\",\"potentialAction\":[{\"@type\":\"SearchAction\",\"target\":{\"@type\":\"EntryPoint\",\"urlTemplate\":\"https:\/\/jiushidao.com\/?s={search_term_string}\"},\"query-input\":{\"@type\":\"PropertyValueSpecification\",\"valueRequired\":true,\"valueName\":\"search_term_string\"}}],\"inLanguage\":\"vi\"}]}<\/script>\n<!-- \/ Yoast SEO Premium plugin. -->","yoast_head_json":{"title":"Deer Antler and Ginseng Paste - Jiushidao - Global Food Marketplace for Business Growth and Cosumers","robots":{"index":"index","follow":"follow","max-snippet":"max-snippet:-1","max-image-preview":"max-image-preview:large","max-video-preview":"max-video-preview:-1"},"canonical":"https:\/\/jiushidao.com\/vi\/san-pham\/deer-antler-and-ginseng-paste\/","og_locale":"vi_VN","og_type":"article","og_title":"Deer Antler and Ginseng Paste","og_description":"Deer Antler and Ginshen Paste Replenish Kidney Essence and Revitalize Your Core Energy. This potent herbal formulation is specifically crafted to address common signs of deficiency, [\u2026]","og_url":"https:\/\/jiushidao.com\/vi\/san-pham\/deer-antler-and-ginseng-paste\/","og_site_name":"Jiushidao - Global Food Marketplace for Business Growth and Cosumers","article_modified_time":"2025-12-23T21:53:33+00:00","og_image":[{"width":800,"height":800,"url":"https:\/\/jiushidao.com\/wp-content\/uploads\/2025\/11\/\u56fe\u72471.png","type":"image\/png"}],"twitter_card":"summary_large_image","twitter_misc":{"\u01af\u1edbc t\u00ednh th\u1eddi gian \u0111\u1ecdc":"1 ph\u00fat"},"schema":{"@context":"https:\/\/schema.org","@graph":[{"@type":"WebPage","@id":"https:\/\/jiushidao.com\/product\/deer-antler-and-ginseng-paste\/","url":"https:\/\/jiushidao.com\/product\/deer-antler-and-ginseng-paste\/","name":"Deer Antler and Ginseng Paste - Jiushidao - Global Food Marketplace for Business Growth and Cosumers","isPartOf":{"@id":"https:\/\/jiushidao.com\/#website"},"primaryImageOfPage":{"@id":"https:\/\/jiushidao.com\/product\/deer-antler-and-ginseng-paste\/#primaryimage"},"image":{"@id":"https:\/\/jiushidao.com\/product\/deer-antler-and-ginseng-paste\/#primaryimage"},"thumbnailUrl":"https:\/\/jiushidao.com\/wp-content\/uploads\/2025\/11\/\u56fe\u72471.png","datePublished":"2025-11-20T12:04:54+00:00","dateModified":"2025-12-23T21:53:33+00:00","breadcrumb":{"@id":"https:\/\/jiushidao.com\/product\/deer-antler-and-ginseng-paste\/#breadcrumb"},"inLanguage":"vi","potentialAction":[{"@type":"ReadAction","target":["https:\/\/jiushidao.com\/product\/deer-antler-and-ginseng-paste\/"]}]},{"@type":"ImageObject","inLanguage":"vi","@id":"https:\/\/jiushidao.com\/product\/deer-antler-and-ginseng-paste\/#primaryimage","url":"https:\/\/jiushidao.com\/wp-content\/uploads\/2025\/11\/\u56fe\u72471.png","contentUrl":"https:\/\/jiushidao.com\/wp-content\/uploads\/2025\/11\/\u56fe\u72471.png","width":800,"height":800},{"@type":"BreadcrumbList","@id":"https:\/\/jiushidao.com\/product\/deer-antler-and-ginseng-paste\/#breadcrumb","itemListElement":[{"@type":"ListItem","position":1,"name":"Home","item":"https:\/\/jiushidao.com\/"},{"@type":"ListItem","position":2,"name":"Store","item":"https:\/\/jiushidao.com\/store\/"},{"@type":"ListItem","position":3,"name":"Deer Antler and Ginseng Paste"}]},{"@type":"WebSite","@id":"https:\/\/jiushidao.com\/#website","url":"https:\/\/jiushidao.com\/","name":"Jiushidao - Global Food Marketplace for Business Growth and Cosumers","description":"Jiushidao - Global Food Marketplace for Business Growth and Cosumers","potentialAction":[{"@type":"SearchAction","target":{"@type":"EntryPoint","urlTemplate":"https:\/\/jiushidao.com\/?s={search_term_string}"},"query-input":{"@type":"PropertyValueSpecification","valueRequired":true,"valueName":"search_term_string"}}],"inLanguage":"vi"}]}},"_links":{"self":[{"href":"https:\/\/jiushidao.com\/vi\/wp-json\/wp\/v2\/product\/980","targetHints":{"allow":["GET"]}}],"collection":[{"href":"https:\/\/jiushidao.com\/vi\/wp-json\/wp\/v2\/product"}],"about":[{"href":"https:\/\/jiushidao.com\/vi\/wp-json\/wp\/v2\/types\/product"}],"replies":[{"embeddable":true,"href":"https:\/\/jiushidao.com\/vi\/wp-json\/wp\/v2\/comments?post=980"}],"version-history":[{"count":1,"href":"https:\/\/jiushidao.com\/vi\/wp-json\/wp\/v2\/product\/980\/revisions"}],"predecessor-version":[{"id":981,"href":"https:\/\/jiushidao.com\/vi\/wp-json\/wp\/v2\/product\/980\/revisions\/981"}],"wp:featuredmedia":[{"embeddable":true,"href":"https:\/\/jiushidao.com\/vi\/wp-json\/wp\/v2\/media\/1026"}],"wp:attachment":[{"href":"https:\/\/jiushidao.com\/vi\/wp-json\/wp\/v2\/media?parent=980"}],"wp:term":[{"taxonomy":"product_brand","embeddable":true,"href":"https:\/\/jiushidao.com\/vi\/wp-json\/wp\/v2\/product_brand?post=980"},{"taxonomy":"product_cat","embeddable":true,"href":"https:\/\/jiushidao.com\/vi\/wp-json\/wp\/v2\/product_cat?post=980"},{"taxonomy":"product_tag","embeddable":true,"href":"https:\/\/jiushidao.com\/vi\/wp-json\/wp\/v2\/product_tag?post=980"}],"curies":[{"name":"wp","href":"https:\/\/api.w.org\/{rel}","templated":true}]}}