{"id":961,"date":"2025-10-31T18:02:00","date_gmt":"2025-10-31T18:02:00","guid":{"rendered":"https:\/\/jiushidao.com\/?post_type=product&#038;p=961"},"modified":"2025-12-23T22:23:08","modified_gmt":"2025-12-23T22:23:08","slug":"mulberry-concentrate-paste","status":"publish","type":"product","link":"https:\/\/jiushidao.com\/vi\/san-pham\/mulberry-concentrate-paste\/","title":{"rendered":"B\u1ed9t c\u00f4 \u0111\u1eb7c d\u00e2u t\u1eb1m"},"content":{"rendered":"<section class=\"ybc-p\">Th\u01b0\u1edfng th\u1ee9c h\u01b0\u01a1ng v\u1ecb \u0111\u1eadm \u0111\u00e0, m\u1ec1m m\u1ea1i c\u1ee7a\u00a0<strong>B\u1ed9t d\u00e2u t\u1eb1m<\/strong>\u0110\u01b0\u1ee3c ch\u1ebf bi\u1ebfn t\u1eeb nh\u1eefng qu\u1ea3 d\u00e2u t\u1eb1m ch\u00edn d\u01b0\u1edbi \u00e1nh n\u1eafng m\u1eb7t tr\u1eddi, \u0111\u01b0\u1ee3c tr\u1ed3ng t\u1ea1i \u1ed1c \u0111\u1ea3o m\u00e0u m\u1ee1 c\u1ee7a huy\u1ec7n Shufu, Kashgar, n\u1eb1m d\u1ecdc theo r\u00eca ph\u00eda t\u00e2y c\u1ee7a sa m\u1ea1c Taklamakan. N\u01a1i \u0111\u00e2y, nh\u1eefng gi\u1edd n\u1eafng d\u00e0i v\u00e0 s\u1ef1 ch\u00eanh l\u1ec7ch nhi\u1ec7t \u0111\u1ed9 \u0111\u00e1ng k\u1ec3 gi\u1eefa ng\u00e0y v\u00e0 \u0111\u00eam gi\u00fap qu\u1ea3 d\u00e2u t\u1eb1m c\u00f3 \u0111\u01b0\u1ee3c v\u1ecb ng\u1ecdt \u0111\u1eb7c bi\u1ec7t v\u00e0 h\u01b0\u01a1ng v\u1ecb \u0111\u1eadm \u0111\u00e0.<\/section>\n<section class=\"ybc-p\">S\u1eed d\u1ee5ng quy tr\u00ecnh ch\u00e2n kh\u00f4ng nh\u1eb9 nh\u00e0ng \u1edf nhi\u1ec7t \u0111\u1ed9 th\u1ea5p (60\u00b0C trong 10 gi\u1edd), ch\u00fang t\u00f4i ninh nh\u1eeb d\u00e2u t\u1eb1m t\u01b0\u01a1i \u0111\u1ec3 gi\u1eef nguy\u00ean d\u01b0\u1ee1ng ch\u1ea5t t\u1ef1 nhi\u00ean v\u00e0 h\u01b0\u01a1ng v\u1ecb t\u01b0\u01a1i ngon. Sau \u0111\u00f3, d\u1ecbch c\u00f4 \u0111\u1eb7c \u0111\u01b0\u1ee3c l\u1ecdc k\u1ef9 qua l\u01b0\u1edbi l\u1ecdc 300 mesh, t\u1ea1o th\u00e0nh h\u1ed7n h\u1ee3p m\u1ecbn, b\u00f3ng, kh\u00f4ng t\u1ea1p ch\u1ea5t.\u00a0<strong>kh\u00f4ng c\u00f3 ch\u1ea5t ph\u1ee5 gia<\/strong>\u2014kh\u00f4ng ch\u1ea5t b\u1ea3o qu\u1ea3n, ch\u1ea5t l\u00e0m \u0111\u1eb7c, h\u01b0\u01a1ng li\u1ec7u hay m\u00e0u nh\u00e2n t\u1ea1o\u2014s\u1eefa \u0111\u1eb7c n\u00e0y mang \u0111\u1ebfn tr\u1ea3i nghi\u1ec7m tinh khi\u1ebft, gi\u00e0u dinh d\u01b0\u1ee1ng. M\u1ed7i l\u1ecd ch\u1ee9a tinh ch\u1ea5t c\u1ee7a 10kg d\u00e2u t\u1eb1m t\u01b0\u01a1i, c\u00f4 \u0111\u1eb7c th\u00e0nh 1kg s\u1eefa \u0111\u1eb7c th\u01a1m ngon. \u0110\u01b0\u1ee3c \u0111\u00f3ng g\u00f3i trong l\u1ecd th\u1ee7y tinh m\u00e0u h\u1ed5 ph\u00e1ch \u0111\u1ec3 tr\u00e1nh \u00e1nh s\u00e1ng v\u00e0 oxy, s\u1ea3n ph\u1ea9m \u0111\u1ea3m b\u1ea3o \u0111\u1ed9 t\u01b0\u01a1i ngon v\u00e0 hi\u1ec7u qu\u1ea3 l\u00e2u d\u00e0i.<\/section>\n<hr \/>\n<h3><strong>C\u00e1c t\u00ednh n\u0103ng ch\u00ednh<\/strong><\/h3>\n<ul class=\"ybc-ul-component\">\n<li class=\"ybc-li-component ybc-li-component_ul\">\n<section class=\"ybc-p\"><strong>D\u00e2u t\u1eb1m T\u00e2n C\u01b0\u01a1ng cao c\u1ea5p<\/strong>: \u0110\u01b0\u1ee3c tr\u1ed3ng \u1edf \u1ed1c \u0111\u1ea3o gi\u00e0u dinh d\u01b0\u1ee1ng c\u1ee7a Qu\u1eadn Shufu, Kashgar<\/section>\n<\/li>\n<li class=\"ybc-li-component ybc-li-component_ul\">\n<section class=\"ybc-p\"><strong>\u0110un nh\u1ecf l\u1eeda ch\u00e2n kh\u00f4ng \u1edf nhi\u1ec7t \u0111\u1ed9 th\u1ea5p<\/strong>: 60\u00b0C \u1ee7 ch\u1eadm trong 10 gi\u1edd \u0111\u1ec3 gi\u1eef l\u1ea1i ch\u1ea5t dinh d\u01b0\u1ee1ng v\u00e0 h\u01b0\u01a1ng v\u1ecb<\/section>\n<\/li>\n<li class=\"ybc-li-component ybc-li-component_ul\">\n<section class=\"ybc-p\"><strong>Kh\u00f4ng c\u00f3 ch\u1ea5t ph\u1ee5 gia<\/strong>: Kh\u00f4ng ch\u1ee9a ch\u1ea5t b\u1ea3o qu\u1ea3n, ch\u1ea5t l\u00e0m \u0111\u1eb7c, h\u01b0\u01a1ng v\u1ecb v\u00e0 m\u00e0u nh\u00e2n t\u1ea1o<\/section>\n<\/li>\n<li class=\"ybc-li-component ybc-li-component_ul\">\n<section class=\"ybc-p\"><strong>N\u1ed3ng \u0111\u1ed9 cao<\/strong>: 10kg d\u00e2u t\u1eb1m t\u01b0\u01a1i c\u00f4 \u0111\u1eb7c th\u00e0nh 1kg b\u1ed9t nh\u00e3o<\/section>\n<\/li>\n<li class=\"ybc-li-component ybc-li-component_ul\">\n<section class=\"ybc-p\"><strong>H\u0169 th\u1ee7y tinh h\u1ed5 ph\u00e1ch b\u1ea3o v\u1ec7<\/strong>: Ng\u0103n ch\u1eb7n \u00e1nh s\u00e1ng v\u00e0 oxy \u0111\u1ec3 duy tr\u00ec \u0111\u1ed9 t\u01b0\u01a1i v\u00e0 hi\u1ec7u l\u1ef1c<\/section>\n<\/li>\n<\/ul>","protected":false},"excerpt":{"rendered":"<p>Th\u01b0\u1edfng th\u1ee9c h\u01b0\u01a1ng v\u1ecb \u0111\u1eadm \u0111\u00e0, m\u1ec1m m\u1ea1i c\u1ee7a Mulberry Paste, \u0111\u01b0\u1ee3c ch\u1ebf bi\u1ebfn t\u1eeb nh\u1eefng qu\u1ea3 d\u00e2u t\u1eb1m ch\u00edn d\u01b0\u1edbi \u00e1nh n\u1eafng m\u1eb7t tr\u1eddi \u0111\u01b0\u1ee3c tr\u1ed3ng \u1edf \u1ed1c \u0111\u1ea3o m\u00e0u m\u1ee1 c\u1ee7a Qu\u1eadn Shufu, Kashgar, n\u1eb1m d\u1ecdc theo r\u00eca ph\u00eda t\u00e2y<span class=\"excerpt-hellip\"> [\u2026]<\/span><\/p>","protected":false},"featured_media":962,"comment_status":"open","ping_status":"closed","template":"","meta":[],"product_brand":[64],"product_cat":[63],"product_tag":[],"class_list":{"0":"post-961","1":"product","2":"type-product","3":"status-publish","4":"has-post-thumbnail","6":"product_brand-64","7":"product_cat-jiang_guo_cui","9":"first","10":"instock","11":"shipping-taxable","12":"product-type-external"},"yoast_head":"<!-- This site is optimized with the Yoast SEO Premium plugin v25.8 (Yoast SEO v25.8) - https:\/\/yoast.com\/wordpress\/plugins\/seo\/ -->\n<title>Mulberry Concentrate Paste\u200b - Jiushidao - Global Food Marketplace for Business Growth and Cosumers<\/title>\n<meta name=\"robots\" content=\"index, follow, max-snippet:-1, max-image-preview:large, max-video-preview:-1\" \/>\n<link rel=\"canonical\" href=\"https:\/\/jiushidao.com\/vi\/san-pham\/mulberry-concentrate-paste\/\" \/>\n<meta property=\"og:locale\" content=\"vi_VN\" \/>\n<meta property=\"og:type\" content=\"article\" \/>\n<meta property=\"og:title\" content=\"Mulberry Concentrate Paste\u200b\" \/>\n<meta property=\"og:description\" content=\"Indulge in the rich, velvety taste of\u00a0Mulberry Paste, crafted from sun-ripened mulberries grown in the fertile oasis of Shufu County, Kashgar, nestled along the western edge [\u2026]\" \/>\n<meta property=\"og:url\" content=\"https:\/\/jiushidao.com\/vi\/san-pham\/mulberry-concentrate-paste\/\" \/>\n<meta property=\"og:site_name\" content=\"Jiushidao - Global Food Marketplace for Business Growth and Cosumers\" \/>\n<meta property=\"article:modified_time\" content=\"2025-12-23T22:23:08+00:00\" \/>\n<meta property=\"og:image\" content=\"https:\/\/jiushidao.com\/wp-content\/uploads\/2025\/10\/\u56fe\u724719-1.png\" \/>\n\t<meta property=\"og:image:width\" content=\"68\" \/>\n\t<meta property=\"og:image:height\" content=\"84\" \/>\n\t<meta property=\"og:image:type\" content=\"image\/png\" \/>\n<meta name=\"twitter:card\" content=\"summary_large_image\" \/>\n<meta name=\"twitter:label1\" content=\"\u01af\u1edbc t\u00ednh th\u1eddi gian \u0111\u1ecdc\" \/>\n\t<meta name=\"twitter:data1\" content=\"2 ph\u00fat\" \/>\n<script type=\"application\/ld+json\" class=\"yoast-schema-graph\">{\"@context\":\"https:\/\/schema.org\",\"@graph\":[{\"@type\":\"WebPage\",\"@id\":\"https:\/\/jiushidao.com\/product\/mulberry-concentrate-paste\/\",\"url\":\"https:\/\/jiushidao.com\/product\/mulberry-concentrate-paste\/\",\"name\":\"Mulberry Concentrate Paste\u200b - Jiushidao - Global Food Marketplace for Business Growth and Cosumers\",\"isPartOf\":{\"@id\":\"https:\/\/jiushidao.com\/#website\"},\"primaryImageOfPage\":{\"@id\":\"https:\/\/jiushidao.com\/product\/mulberry-concentrate-paste\/#primaryimage\"},\"image\":{\"@id\":\"https:\/\/jiushidao.com\/product\/mulberry-concentrate-paste\/#primaryimage\"},\"thumbnailUrl\":\"https:\/\/jiushidao.com\/wp-content\/uploads\/2025\/10\/\u56fe\u724719-1.png\",\"datePublished\":\"2025-10-31T18:02:00+00:00\",\"dateModified\":\"2025-12-23T22:23:08+00:00\",\"breadcrumb\":{\"@id\":\"https:\/\/jiushidao.com\/product\/mulberry-concentrate-paste\/#breadcrumb\"},\"inLanguage\":\"vi\",\"potentialAction\":[{\"@type\":\"ReadAction\",\"target\":[\"https:\/\/jiushidao.com\/product\/mulberry-concentrate-paste\/\"]}]},{\"@type\":\"ImageObject\",\"inLanguage\":\"vi\",\"@id\":\"https:\/\/jiushidao.com\/product\/mulberry-concentrate-paste\/#primaryimage\",\"url\":\"https:\/\/jiushidao.com\/wp-content\/uploads\/2025\/10\/\u56fe\u724719-1.png\",\"contentUrl\":\"https:\/\/jiushidao.com\/wp-content\/uploads\/2025\/10\/\u56fe\u724719-1.png\",\"width\":68,\"height\":84},{\"@type\":\"BreadcrumbList\",\"@id\":\"https:\/\/jiushidao.com\/product\/mulberry-concentrate-paste\/#breadcrumb\",\"itemListElement\":[{\"@type\":\"ListItem\",\"position\":1,\"name\":\"Home\",\"item\":\"https:\/\/jiushidao.com\/\"},{\"@type\":\"ListItem\",\"position\":2,\"name\":\"Store\",\"item\":\"https:\/\/jiushidao.com\/store\/\"},{\"@type\":\"ListItem\",\"position\":3,\"name\":\"Mulberry Concentrate Paste\u200b\"}]},{\"@type\":\"WebSite\",\"@id\":\"https:\/\/jiushidao.com\/#website\",\"url\":\"https:\/\/jiushidao.com\/\",\"name\":\"Jiushidao - Global Food Marketplace for Business Growth and Cosumers\",\"description\":\"Jiushidao - Global Food Marketplace for Business Growth and Cosumers\",\"potentialAction\":[{\"@type\":\"SearchAction\",\"target\":{\"@type\":\"EntryPoint\",\"urlTemplate\":\"https:\/\/jiushidao.com\/?s={search_term_string}\"},\"query-input\":{\"@type\":\"PropertyValueSpecification\",\"valueRequired\":true,\"valueName\":\"search_term_string\"}}],\"inLanguage\":\"vi\"}]}<\/script>\n<!-- \/ Yoast SEO Premium plugin. -->","yoast_head_json":{"title":"Mulberry Concentrate Paste\u200b - Jiushidao - Global Food Marketplace for Business Growth and Cosumers","robots":{"index":"index","follow":"follow","max-snippet":"max-snippet:-1","max-image-preview":"max-image-preview:large","max-video-preview":"max-video-preview:-1"},"canonical":"https:\/\/jiushidao.com\/vi\/san-pham\/mulberry-concentrate-paste\/","og_locale":"vi_VN","og_type":"article","og_title":"Mulberry Concentrate Paste\u200b","og_description":"Indulge in the rich, velvety taste of\u00a0Mulberry Paste, crafted from sun-ripened mulberries grown in the fertile oasis of Shufu County, Kashgar, nestled along the western edge [\u2026]","og_url":"https:\/\/jiushidao.com\/vi\/san-pham\/mulberry-concentrate-paste\/","og_site_name":"Jiushidao - Global Food Marketplace for Business Growth and Cosumers","article_modified_time":"2025-12-23T22:23:08+00:00","og_image":[{"width":68,"height":84,"url":"https:\/\/jiushidao.com\/wp-content\/uploads\/2025\/10\/\u56fe\u724719-1.png","type":"image\/png"}],"twitter_card":"summary_large_image","twitter_misc":{"\u01af\u1edbc t\u00ednh th\u1eddi gian \u0111\u1ecdc":"2 ph\u00fat"},"schema":{"@context":"https:\/\/schema.org","@graph":[{"@type":"WebPage","@id":"https:\/\/jiushidao.com\/product\/mulberry-concentrate-paste\/","url":"https:\/\/jiushidao.com\/product\/mulberry-concentrate-paste\/","name":"Mulberry Concentrate Paste\u200b - Jiushidao - Global Food Marketplace for Business Growth and Cosumers","isPartOf":{"@id":"https:\/\/jiushidao.com\/#website"},"primaryImageOfPage":{"@id":"https:\/\/jiushidao.com\/product\/mulberry-concentrate-paste\/#primaryimage"},"image":{"@id":"https:\/\/jiushidao.com\/product\/mulberry-concentrate-paste\/#primaryimage"},"thumbnailUrl":"https:\/\/jiushidao.com\/wp-content\/uploads\/2025\/10\/\u56fe\u724719-1.png","datePublished":"2025-10-31T18:02:00+00:00","dateModified":"2025-12-23T22:23:08+00:00","breadcrumb":{"@id":"https:\/\/jiushidao.com\/product\/mulberry-concentrate-paste\/#breadcrumb"},"inLanguage":"vi","potentialAction":[{"@type":"ReadAction","target":["https:\/\/jiushidao.com\/product\/mulberry-concentrate-paste\/"]}]},{"@type":"ImageObject","inLanguage":"vi","@id":"https:\/\/jiushidao.com\/product\/mulberry-concentrate-paste\/#primaryimage","url":"https:\/\/jiushidao.com\/wp-content\/uploads\/2025\/10\/\u56fe\u724719-1.png","contentUrl":"https:\/\/jiushidao.com\/wp-content\/uploads\/2025\/10\/\u56fe\u724719-1.png","width":68,"height":84},{"@type":"BreadcrumbList","@id":"https:\/\/jiushidao.com\/product\/mulberry-concentrate-paste\/#breadcrumb","itemListElement":[{"@type":"ListItem","position":1,"name":"Home","item":"https:\/\/jiushidao.com\/"},{"@type":"ListItem","position":2,"name":"Store","item":"https:\/\/jiushidao.com\/store\/"},{"@type":"ListItem","position":3,"name":"Mulberry Concentrate Paste\u200b"}]},{"@type":"WebSite","@id":"https:\/\/jiushidao.com\/#website","url":"https:\/\/jiushidao.com\/","name":"Jiushidao - Global Food Marketplace for Business Growth and Cosumers","description":"Jiushidao - Global Food Marketplace for Business Growth and Cosumers","potentialAction":[{"@type":"SearchAction","target":{"@type":"EntryPoint","urlTemplate":"https:\/\/jiushidao.com\/?s={search_term_string}"},"query-input":{"@type":"PropertyValueSpecification","valueRequired":true,"valueName":"search_term_string"}}],"inLanguage":"vi"}]}},"_links":{"self":[{"href":"https:\/\/jiushidao.com\/vi\/wp-json\/wp\/v2\/product\/961","targetHints":{"allow":["GET"]}}],"collection":[{"href":"https:\/\/jiushidao.com\/vi\/wp-json\/wp\/v2\/product"}],"about":[{"href":"https:\/\/jiushidao.com\/vi\/wp-json\/wp\/v2\/types\/product"}],"replies":[{"embeddable":true,"href":"https:\/\/jiushidao.com\/vi\/wp-json\/wp\/v2\/comments?post=961"}],"version-history":[{"count":1,"href":"https:\/\/jiushidao.com\/vi\/wp-json\/wp\/v2\/product\/961\/revisions"}],"predecessor-version":[{"id":963,"href":"https:\/\/jiushidao.com\/vi\/wp-json\/wp\/v2\/product\/961\/revisions\/963"}],"wp:featuredmedia":[{"embeddable":true,"href":"https:\/\/jiushidao.com\/vi\/wp-json\/wp\/v2\/media\/962"}],"wp:attachment":[{"href":"https:\/\/jiushidao.com\/vi\/wp-json\/wp\/v2\/media?parent=961"}],"wp:term":[{"taxonomy":"product_brand","embeddable":true,"href":"https:\/\/jiushidao.com\/vi\/wp-json\/wp\/v2\/product_brand?post=961"},{"taxonomy":"product_cat","embeddable":true,"href":"https:\/\/jiushidao.com\/vi\/wp-json\/wp\/v2\/product_cat?post=961"},{"taxonomy":"product_tag","embeddable":true,"href":"https:\/\/jiushidao.com\/vi\/wp-json\/wp\/v2\/product_tag?post=961"}],"curies":[{"name":"wp","href":"https:\/\/api.w.org\/{rel}","templated":true}]}}