{"id":956,"date":"2025-10-31T10:16:52","date_gmt":"2025-10-31T10:16:52","guid":{"rendered":"https:\/\/jiushidao.com\/?post_type=product&#038;p=956"},"modified":"2025-12-23T21:54:32","modified_gmt":"2025-12-23T21:54:32","slug":"star-anise-pear-paste","status":"publish","type":"product","link":"https:\/\/jiushidao.com\/vi\/san-pham\/star-anise-pear-paste\/","title":{"rendered":"B\u1ed9t h\u1ed3i v\u00e0 l\u00ea\u200b"},"content":{"rendered":"<section class=\"ybc-p\">Tr\u1ea3i nghi\u1ec7m tinh t\u00fay nguy\u00ean ch\u1ea5t c\u1ee7a l\u00ea di s\u1ea3n T\u00e2n C\u01b0\u01a1ng v\u1edbi\u00a0<strong>M\u1ee9t l\u00ea truy\u1ec1n th\u1ed1ng Bajiao<\/strong>\u0110\u01b0\u1ee3c ch\u1ebf t\u00e1c t\u1eeb nh\u1eefng gi\u1ed1ng l\u00ea c\u1ed5 x\u01b0a \u0111\u01b0\u1ee3c tr\u1ed3ng t\u1ea1i \u1ed1c \u0111\u1ea3o \u1edf r\u00eca ph\u00eda t\u00e2y sa m\u1ea1c Taklamakan. \u0110\u01b0\u1ee3c t\u1eafm m\u00ecnh trong \u00e1nh n\u1eafng chan h\u00f2a v\u00e0 nu\u00f4i d\u01b0\u1ee1ng b\u1edfi s\u1ef1 bi\u1ebfn \u0111\u1ed5i nhi\u1ec7t \u0111\u1ed9 \u0111\u00e1ng k\u1ec3 gi\u1eefa ng\u00e0y v\u00e0 \u0111\u00eam, nh\u1eefng qu\u1ea3 l\u00ea b\u1ea3n \u0111\u1ecba n\u00e0y ch\u00edn m\u1ecdng \u0111\u1ebfn \u0111\u1ed9 ho\u00e0n h\u1ea3o\u2014m\u1ec1m m\u1ea1i, m\u1ecdng n\u01b0\u1edbc v\u00e0 ng\u1ecdt t\u1ef1 nhi\u00ean.<\/section>\n<section class=\"ybc-p\">S\u1eed d\u1ee5ng quy tr\u00ecnh ch\u00e2n kh\u00f4ng nh\u1eb9 nh\u00e0ng \u1edf nhi\u1ec7t \u0111\u1ed9 th\u1ea5p (60\u00b0C trong 10 gi\u1edd), ch\u00fang t\u00f4i ninh l\u00ea t\u1eeb t\u1eeb \u0111\u1ec3 gi\u1eef nguy\u00ean h\u01b0\u01a1ng v\u1ecb tinh t\u1ebf v\u00e0 ch\u1ea5t dinh d\u01b0\u1ee1ng, sau \u0111\u00f3 l\u1ecdc ph\u1ea7n c\u00f4 \u0111\u1eb7c qua r\u00e2y 300 l\u01b0\u1edbi \u0111\u1ec3 c\u00f3 k\u1ebft c\u1ea5u c\u1ef1c k\u1ef3 m\u1ecbn. V\u1edbi\u00a0<strong>kh\u00f4ng c\u00f3 ch\u1ea5t ph\u1ee5 gia<\/strong>\u2014kh\u00f4ng ch\u1ea5t b\u1ea3o qu\u1ea3n, ch\u1ea5t l\u00e0m \u0111\u1eb7c, h\u01b0\u01a1ng li\u1ec7u hay m\u00e0u s\u1eafc\u2014s\u1eefa chua n\u00e0y mang \u0111\u1ebfn h\u01b0\u01a1ng v\u1ecb thanh m\u00e1t, d\u1ec5 ch\u1ecbu, l\u00e0m d\u1ecbu c\u1ed5 h\u1ecdng v\u00e0 nu\u00f4i d\u01b0\u1ee1ng c\u01a1 th\u1ec3. \u0110\u01b0\u1ee3c \u0111\u00f3ng g\u00f3i trong l\u1ecd th\u1ee7y tinh m\u00e0u h\u1ed5 ph\u00e1ch \u0111\u1ec3 ng\u0103n \u00e1nh s\u00e1ng v\u00e0 oxy, m\u1ed7i l\u1ecd s\u1eefa chua l\u00ea l\u00e0 m\u1ed9t m\u00f3n qu\u00e0 c\u00f4 \u0111\u1eb7c t\u1eeb thi\u00ean nhi\u00ean.<\/section>\n<hr \/>\n<h3><strong>C\u00e1c t\u00ednh n\u0103ng ch\u00ednh<\/strong><\/h3>\n<ul class=\"ybc-ul-component\">\n<li class=\"ybc-li-component ybc-li-component_ul\">\n<section class=\"ybc-p\">\u00a0<strong>L\u00ea T\u00e2n C\u01b0\u01a1ng di s\u1ea3n<\/strong>: \u0110\u01b0\u1ee3c tr\u1ed3ng \u1edf \u1ed1c \u0111\u1ea3o sa m\u1ea1c Taklamakan \u0111\u1ec3 c\u00f3 h\u01b0\u01a1ng v\u1ecb ng\u1ecdt ng\u00e0o, tr\u1ecdn v\u1eb9n<\/section>\n<\/li>\n<li class=\"ybc-li-component ybc-li-component_ul\">\n<section class=\"ybc-p\">\u00a0<strong>\u0110un nh\u1ecf l\u1eeda ch\u00e2n kh\u00f4ng \u1edf nhi\u1ec7t \u0111\u1ed9 th\u1ea5p<\/strong>: \u1ee6 \u1edf nhi\u1ec7t \u0111\u1ed9 60\u00b0C trong 10 gi\u1edd \u0111\u1ec3 gi\u1eef nguy\u00ean ch\u1ea5t dinh d\u01b0\u1ee1ng v\u00e0 h\u01b0\u01a1ng v\u1ecb<\/section>\n<\/li>\n<li class=\"ybc-li-component ybc-li-component_ul\">\n<section class=\"ybc-p\">\u00a0<strong>Kh\u00f4ng c\u00f3 ch\u1ea5t ph\u1ee5 gia<\/strong>: Kh\u00f4ng c\u00f3 ch\u1ea5t b\u1ea3o qu\u1ea3n, ch\u1ea5t l\u00e0m \u0111\u1eb7c, h\u01b0\u01a1ng v\u1ecb nh\u00e2n t\u1ea1o ho\u1eb7c m\u00e0u s\u1eafc<\/section>\n<\/li>\n<li class=\"ybc-li-component ybc-li-component_ul\">\n<section class=\"ybc-p\">\u00a0<strong>N\u1ed3ng \u0111\u1ed9 cao<\/strong>: 10kg l\u00ea t\u01b0\u01a1i c\u00f4 \u0111\u1eb7c th\u00e0nh 1kg b\u1ed9t nh\u00e3o<\/section>\n<\/li>\n<li class=\"ybc-li-component ybc-li-component_ul\">\n<section class=\"ybc-p\">\u00a0<strong>Bao b\u00ec ch\u1eb7n \u00e1nh s\u00e1ng<\/strong>: L\u1ecd th\u1ee7y tinh m\u00e0u h\u1ed5 ph\u00e1ch \u0111\u1ea3m b\u1ea3o \u0111\u1ed9 t\u01b0\u01a1i v\u00e0 hi\u1ec7u l\u1ef1c<\/section>\n<\/li>\n<\/ul>","protected":false},"excerpt":{"rendered":"<p>Tr\u1ea3i nghi\u1ec7m tinh t\u00fay nguy\u00ean ch\u1ea5t c\u1ee7a l\u00ea di s\u1ea3n T\u00e2n C\u01b0\u01a1ng v\u1edbi m\u1ee9t l\u00ea truy\u1ec1n th\u1ed1ng Bajiao, \u0111\u01b0\u1ee3c ch\u1ebf t\u00e1c t\u1eeb c\u00e1c gi\u1ed1ng l\u00ea c\u1ed5 x\u01b0a \u0111\u01b0\u1ee3c tr\u1ed3ng \u1edf \u1ed1c \u0111\u1ea3o \u1edf r\u00eca ph\u00eda t\u00e2y c\u1ee7a<span class=\"excerpt-hellip\"> [\u2026]<\/span><\/p>","protected":false},"featured_media":957,"comment_status":"open","ping_status":"closed","template":"","meta":[],"product_brand":[64],"product_cat":[63],"product_tag":[],"class_list":{"0":"post-956","1":"product","2":"type-product","3":"status-publish","4":"has-post-thumbnail","6":"product_brand-64","7":"product_cat-jiang_guo_cui","9":"first","10":"instock","11":"shipping-taxable","12":"product-type-external"},"yoast_head":"<!-- This site is optimized with the Yoast SEO Premium plugin v25.8 (Yoast SEO v25.8) - https:\/\/yoast.com\/wordpress\/plugins\/seo\/ -->\n<title>Star Anise &amp; Pear Paste\u200b - Jiushidao - Global Food Marketplace for Business Growth and Cosumers<\/title>\n<meta name=\"robots\" content=\"index, follow, max-snippet:-1, max-image-preview:large, max-video-preview:-1\" \/>\n<link rel=\"canonical\" href=\"https:\/\/jiushidao.com\/vi\/san-pham\/star-anise-pear-paste\/\" \/>\n<meta property=\"og:locale\" content=\"vi_VN\" \/>\n<meta property=\"og:type\" content=\"article\" \/>\n<meta property=\"og:title\" content=\"Star Anise &amp; Pear Paste\u200b\" \/>\n<meta property=\"og:description\" content=\"Experience the pure essence of Xinjiang\u2019s heritage pears with\u00a0Bajiao Traditional Pear Paste, crafted from ancient pear varieties grown in the oasis on the western edge of [\u2026]\" \/>\n<meta property=\"og:url\" content=\"https:\/\/jiushidao.com\/vi\/san-pham\/star-anise-pear-paste\/\" \/>\n<meta property=\"og:site_name\" content=\"Jiushidao - Global Food Marketplace for Business Growth and Cosumers\" \/>\n<meta property=\"article:modified_time\" content=\"2025-12-23T21:54:32+00:00\" \/>\n<meta property=\"og:image\" content=\"https:\/\/jiushidao.com\/wp-content\/uploads\/2025\/10\/\u56fe\u724718-1.png\" \/>\n\t<meta property=\"og:image:width\" content=\"800\" \/>\n\t<meta property=\"og:image:height\" content=\"1323\" \/>\n\t<meta property=\"og:image:type\" content=\"image\/png\" \/>\n<meta name=\"twitter:card\" content=\"summary_large_image\" \/>\n<meta name=\"twitter:label1\" content=\"\u01af\u1edbc t\u00ednh th\u1eddi gian \u0111\u1ecdc\" \/>\n\t<meta name=\"twitter:data1\" content=\"2 ph\u00fat\" \/>\n<script type=\"application\/ld+json\" class=\"yoast-schema-graph\">{\"@context\":\"https:\/\/schema.org\",\"@graph\":[{\"@type\":\"WebPage\",\"@id\":\"https:\/\/jiushidao.com\/product\/star-anise-pear-paste\/\",\"url\":\"https:\/\/jiushidao.com\/product\/star-anise-pear-paste\/\",\"name\":\"Star Anise & Pear Paste\u200b - Jiushidao - Global Food Marketplace for Business Growth and Cosumers\",\"isPartOf\":{\"@id\":\"https:\/\/jiushidao.com\/#website\"},\"primaryImageOfPage\":{\"@id\":\"https:\/\/jiushidao.com\/product\/star-anise-pear-paste\/#primaryimage\"},\"image\":{\"@id\":\"https:\/\/jiushidao.com\/product\/star-anise-pear-paste\/#primaryimage\"},\"thumbnailUrl\":\"https:\/\/jiushidao.com\/wp-content\/uploads\/2025\/10\/\u56fe\u724718-1.png\",\"datePublished\":\"2025-10-31T10:16:52+00:00\",\"dateModified\":\"2025-12-23T21:54:32+00:00\",\"breadcrumb\":{\"@id\":\"https:\/\/jiushidao.com\/product\/star-anise-pear-paste\/#breadcrumb\"},\"inLanguage\":\"vi\",\"potentialAction\":[{\"@type\":\"ReadAction\",\"target\":[\"https:\/\/jiushidao.com\/product\/star-anise-pear-paste\/\"]}]},{\"@type\":\"ImageObject\",\"inLanguage\":\"vi\",\"@id\":\"https:\/\/jiushidao.com\/product\/star-anise-pear-paste\/#primaryimage\",\"url\":\"https:\/\/jiushidao.com\/wp-content\/uploads\/2025\/10\/\u56fe\u724718-1.png\",\"contentUrl\":\"https:\/\/jiushidao.com\/wp-content\/uploads\/2025\/10\/\u56fe\u724718-1.png\",\"width\":800,\"height\":1323},{\"@type\":\"BreadcrumbList\",\"@id\":\"https:\/\/jiushidao.com\/product\/star-anise-pear-paste\/#breadcrumb\",\"itemListElement\":[{\"@type\":\"ListItem\",\"position\":1,\"name\":\"Home\",\"item\":\"https:\/\/jiushidao.com\/\"},{\"@type\":\"ListItem\",\"position\":2,\"name\":\"Store\",\"item\":\"https:\/\/jiushidao.com\/store\/\"},{\"@type\":\"ListItem\",\"position\":3,\"name\":\"Star Anise &#038; Pear Paste\u200b\"}]},{\"@type\":\"WebSite\",\"@id\":\"https:\/\/jiushidao.com\/#website\",\"url\":\"https:\/\/jiushidao.com\/\",\"name\":\"Jiushidao - Global Food Marketplace for Business Growth and Cosumers\",\"description\":\"Jiushidao - Global Food Marketplace for Business Growth and Cosumers\",\"potentialAction\":[{\"@type\":\"SearchAction\",\"target\":{\"@type\":\"EntryPoint\",\"urlTemplate\":\"https:\/\/jiushidao.com\/?s={search_term_string}\"},\"query-input\":{\"@type\":\"PropertyValueSpecification\",\"valueRequired\":true,\"valueName\":\"search_term_string\"}}],\"inLanguage\":\"vi\"}]}<\/script>\n<!-- \/ Yoast SEO Premium plugin. -->","yoast_head_json":{"title":"Star Anise & Pear Paste\u200b - Jiushidao - Global Food Marketplace for Business Growth and Cosumers","robots":{"index":"index","follow":"follow","max-snippet":"max-snippet:-1","max-image-preview":"max-image-preview:large","max-video-preview":"max-video-preview:-1"},"canonical":"https:\/\/jiushidao.com\/vi\/san-pham\/star-anise-pear-paste\/","og_locale":"vi_VN","og_type":"article","og_title":"Star Anise & Pear Paste\u200b","og_description":"Experience the pure essence of Xinjiang\u2019s heritage pears with\u00a0Bajiao Traditional Pear Paste, crafted from ancient pear varieties grown in the oasis on the western edge of [\u2026]","og_url":"https:\/\/jiushidao.com\/vi\/san-pham\/star-anise-pear-paste\/","og_site_name":"Jiushidao - Global Food Marketplace for Business Growth and Cosumers","article_modified_time":"2025-12-23T21:54:32+00:00","og_image":[{"width":800,"height":1323,"url":"https:\/\/jiushidao.com\/wp-content\/uploads\/2025\/10\/\u56fe\u724718-1.png","type":"image\/png"}],"twitter_card":"summary_large_image","twitter_misc":{"\u01af\u1edbc t\u00ednh th\u1eddi gian \u0111\u1ecdc":"2 ph\u00fat"},"schema":{"@context":"https:\/\/schema.org","@graph":[{"@type":"WebPage","@id":"https:\/\/jiushidao.com\/product\/star-anise-pear-paste\/","url":"https:\/\/jiushidao.com\/product\/star-anise-pear-paste\/","name":"Star Anise & Pear Paste\u200b - Jiushidao - Global Food Marketplace for Business Growth and Cosumers","isPartOf":{"@id":"https:\/\/jiushidao.com\/#website"},"primaryImageOfPage":{"@id":"https:\/\/jiushidao.com\/product\/star-anise-pear-paste\/#primaryimage"},"image":{"@id":"https:\/\/jiushidao.com\/product\/star-anise-pear-paste\/#primaryimage"},"thumbnailUrl":"https:\/\/jiushidao.com\/wp-content\/uploads\/2025\/10\/\u56fe\u724718-1.png","datePublished":"2025-10-31T10:16:52+00:00","dateModified":"2025-12-23T21:54:32+00:00","breadcrumb":{"@id":"https:\/\/jiushidao.com\/product\/star-anise-pear-paste\/#breadcrumb"},"inLanguage":"vi","potentialAction":[{"@type":"ReadAction","target":["https:\/\/jiushidao.com\/product\/star-anise-pear-paste\/"]}]},{"@type":"ImageObject","inLanguage":"vi","@id":"https:\/\/jiushidao.com\/product\/star-anise-pear-paste\/#primaryimage","url":"https:\/\/jiushidao.com\/wp-content\/uploads\/2025\/10\/\u56fe\u724718-1.png","contentUrl":"https:\/\/jiushidao.com\/wp-content\/uploads\/2025\/10\/\u56fe\u724718-1.png","width":800,"height":1323},{"@type":"BreadcrumbList","@id":"https:\/\/jiushidao.com\/product\/star-anise-pear-paste\/#breadcrumb","itemListElement":[{"@type":"ListItem","position":1,"name":"Home","item":"https:\/\/jiushidao.com\/"},{"@type":"ListItem","position":2,"name":"Store","item":"https:\/\/jiushidao.com\/store\/"},{"@type":"ListItem","position":3,"name":"Star Anise &#038; Pear Paste\u200b"}]},{"@type":"WebSite","@id":"https:\/\/jiushidao.com\/#website","url":"https:\/\/jiushidao.com\/","name":"Jiushidao - Global Food Marketplace for Business Growth and Cosumers","description":"Jiushidao - Global Food Marketplace for Business Growth and Cosumers","potentialAction":[{"@type":"SearchAction","target":{"@type":"EntryPoint","urlTemplate":"https:\/\/jiushidao.com\/?s={search_term_string}"},"query-input":{"@type":"PropertyValueSpecification","valueRequired":true,"valueName":"search_term_string"}}],"inLanguage":"vi"}]}},"_links":{"self":[{"href":"https:\/\/jiushidao.com\/vi\/wp-json\/wp\/v2\/product\/956","targetHints":{"allow":["GET"]}}],"collection":[{"href":"https:\/\/jiushidao.com\/vi\/wp-json\/wp\/v2\/product"}],"about":[{"href":"https:\/\/jiushidao.com\/vi\/wp-json\/wp\/v2\/types\/product"}],"replies":[{"embeddable":true,"href":"https:\/\/jiushidao.com\/vi\/wp-json\/wp\/v2\/comments?post=956"}],"version-history":[{"count":1,"href":"https:\/\/jiushidao.com\/vi\/wp-json\/wp\/v2\/product\/956\/revisions"}],"predecessor-version":[{"id":958,"href":"https:\/\/jiushidao.com\/vi\/wp-json\/wp\/v2\/product\/956\/revisions\/958"}],"wp:featuredmedia":[{"embeddable":true,"href":"https:\/\/jiushidao.com\/vi\/wp-json\/wp\/v2\/media\/957"}],"wp:attachment":[{"href":"https:\/\/jiushidao.com\/vi\/wp-json\/wp\/v2\/media?parent=956"}],"wp:term":[{"taxonomy":"product_brand","embeddable":true,"href":"https:\/\/jiushidao.com\/vi\/wp-json\/wp\/v2\/product_brand?post=956"},{"taxonomy":"product_cat","embeddable":true,"href":"https:\/\/jiushidao.com\/vi\/wp-json\/wp\/v2\/product_cat?post=956"},{"taxonomy":"product_tag","embeddable":true,"href":"https:\/\/jiushidao.com\/vi\/wp-json\/wp\/v2\/product_tag?post=956"}],"curies":[{"name":"wp","href":"https:\/\/api.w.org\/{rel}","templated":true}]}}