{"id":942,"date":"2025-10-31T08:09:35","date_gmt":"2025-10-31T08:09:35","guid":{"rendered":"https:\/\/jiushidao.com\/?post_type=product&#038;p=942"},"modified":"2025-12-23T22:19:41","modified_gmt":"2025-12-23T22:19:41","slug":"xinjiang-fruit-extract-desert-red-goji-berry-whole-fruit-puree","status":"publish","type":"product","link":"https:\/\/jiushidao.com\/vi\/san-pham\/xinjiang-fruit-extract-desert-red-goji-berry-whole-fruit-puree\/","title":{"rendered":"Chi\u1ebft xu\u1ea5t qu\u1ea3 k\u1ef7 t\u1eed \u0111\u1ecf sa m\u1ea1c T\u00e2n C\u01b0\u01a1ng xay nhuy\u1ec5n t\u1eeb qu\u1ea3 nguy\u00ean qu\u1ea3\u200b"},"content":{"rendered":"<section class=\"ybc-p\">Kh\u00e1m ph\u00e1 h\u01b0\u01a1ng v\u1ecb \u0111\u00edch th\u1ef1c v\u00e0 l\u1ee3i \u00edch s\u1ee9c kh\u1ecfe c\u1ee7a qu\u1ea3 k\u1ef7 t\u1eed t\u1ed1t nh\u1ea5t T\u00e2n C\u01b0\u01a1ng v\u1edbi\u00a0<strong>Jiangguocui sa m\u1ea1c \u0111\u1ecf Goji Berry nguy\u00ean tr\u00e1i c\u00e2y xay nhuy\u1ec5n<\/strong>. C\u00f3 ngu\u1ed3n g\u1ed1c t\u1eeb \u1ed1c \u0111\u1ea3o ng\u1eadp tr\u00e0n \u00e1nh n\u1eafng gi\u1eefa sa m\u1ea1c Taklamakan v\u00e0 d\u00e3y n\u00fai T\u00e2y C\u00f4n L\u00f4n \u1edf Kashgar, qu\u1ea3 k\u1ef7 t\u1eed c\u1ee7a ch\u00fang t\u00f4i \u0111\u01b0\u1ee3c nu\u00f4i d\u01b0\u1ee1ng b\u1edfi \u0111\u1ea5t gi\u00e0u kho\u00e1ng ch\u1ea5t, ngu\u1ed3n n\u01b0\u1edbc tinh khi\u1ebft, \u00e1nh n\u1eafng d\u1ed3i d\u00e0o v\u00e0 s\u1ef1 ch\u00eanh l\u1ec7ch nhi\u1ec7t \u0111\u1ed9 \u0111\u00e1ng k\u1ec3 gi\u1eefa ng\u00e0y v\u00e0 \u0111\u00eam. Nh\u1eefng \u0111i\u1ec1u ki\u1ec7n sinh tr\u01b0\u1edfng l\u00fd t\u01b0\u1edfng n\u00e0y t\u1ea1o n\u00ean h\u01b0\u01a1ng v\u1ecb \u0111\u1eadm \u0111\u00e0 \u0111\u1ed9c \u0111\u00e1o - ng\u1ecdt t\u1ef1 nhi\u00ean, \u0111\u1eafng nh\u1eb9 d\u1ec5 ch\u1ecbu v\u00e0 ch\u00e1t nh\u1eb9.<\/section>\n<section class=\"ybc-p\">S\u1eed d\u1ee5ng c\u00f4ng ngh\u1ec7 \u00e9p l\u1ea1nh kh\u00f4ng c\u00f4 \u0111\u1eb7c, ch\u00fang t\u00f4i nh\u1eb9 nh\u00e0ng x\u1eed l\u00fd c\u00e1c lo\u1ea1i qu\u1ea3 m\u1ecdng b\u00ean trong\u00a0<strong>24 gi\u1edd thu ho\u1ea1ch<\/strong>\u0111\u1ec3 gi\u1eef nguy\u00ean v\u1eb9n gi\u00e1 tr\u1ecb dinh d\u01b0\u1ee1ng v\u00e0 h\u01b0\u01a1ng v\u1ecb nguy\u00ean b\u1ea3n c\u1ee7a ch\u00fang. K\u1ebft qu\u1ea3 l\u00e0 m\u1ed9t h\u1ed7n h\u1ee3p nhuy\u1ec5n m\u1ecbn, c\u00f3 k\u1ebft c\u1ea5u phong ph\u00fa.\u00a0<strong>100% qu\u1ea3 k\u1ef7 t\u1eed nguy\u00ean ch\u1ea5t<\/strong>kh\u00f4ng ch\u1ea5t ph\u1ee5 gia\u2014kh\u00f4ng n\u01b0\u1edbc, kh\u00f4ng \u0111\u01b0\u1eddng hay ch\u1ea5t b\u1ea3o qu\u1ea3n. \u0110\u01b0\u1ee3c \u0111\u00f3ng g\u00f3i trong t\u00fai nh\u00f4m ch\u1ed1ng s\u00e1ng ti\u00ean ti\u1ebfn, \u0111\u01b0\u1ee3c b\u1ea3o v\u1ec7 b\u1eb1ng kh\u00ed tr\u01a1, h\u1ed7n h\u1ee3p xay nhuy\u1ec5n n\u00e0y gi\u1eef \u0111\u01b0\u1ee3c \u0111\u1ed9 t\u01b0\u01a1i ngon t\u1ed1i \u01b0u, to\u00e0n v\u1eb9n dinh d\u01b0\u1ee1ng v\u00e0 \u0111\u1ed9 \u1ed5n \u0111\u1ecbnh t\u1eeb khi thu ho\u1ea1ch \u0111\u1ebfn t\u1eadn nh\u00e0.<\/section>\n<hr \/>\n<h3><strong>C\u00e1c t\u00ednh n\u0103ng ch\u00ednh<\/strong><\/h3>\n<ul class=\"ybc-ul-component\">\n<li class=\"ybc-li-component ybc-li-component_ul\">\n<section class=\"ybc-p\">\u00a0<strong>Qu\u1ea3 Goji T\u00e2n C\u01b0\u01a1ng nguy\u00ean ch\u1ea5t:<\/strong>\u0110\u01b0\u1ee3c tr\u1ed3ng trong m\u00f4i tr\u01b0\u1eddng \u1ed1c \u0111\u1ea3o sa m\u1ea1c gi\u00e0u dinh d\u01b0\u1ee1ng c\u1ee7a Kashgar<\/section>\n<\/li>\n<li class=\"ybc-li-component ybc-li-component_ul\">\n<section class=\"ybc-p\">\u00a0<strong>\u00c9p l\u1ea1nh trong v\u00f2ng 24 gi\u1edd:<\/strong>Gi\u1eef nguy\u00ean \u0111\u1ed9 t\u01b0\u01a1i, h\u01b0\u01a1ng v\u1ecb v\u00e0 c\u00e1c ch\u1ea5t dinh d\u01b0\u1ee1ng c\u00f3 l\u1ee3i<\/section>\n<\/li>\n<li class=\"ybc-li-component ybc-li-component_ul\">\n<section class=\"ybc-p\">\u00a0<strong>Bao b\u00ec kh\u1ed1i s\u00e1ng ti\u00ean ti\u1ebfn:<\/strong>T\u00fai l\u00f3t nh\u00f4m c\u00f3 l\u1edbp b\u1ea3o v\u1ec7 kh\u00ed tr\u01a1\u2014ch\u1ed1ng oxy, ch\u1ed1ng r\u01a1i, kh\u00f3a ch\u1ea5t dinh d\u01b0\u1ee1ng<\/section>\n<\/li>\n<li class=\"ybc-li-component ybc-li-component_ul\">\n<section class=\"ybc-p\">\u00a0<strong>100% Th\u00e0nh ph\u1ea7n s\u1ea1ch:<\/strong>Ch\u1ec9 xay nhuy\u1ec5n qu\u1ea3 k\u1ef7 t\u1eed nguy\u00ean ch\u1ea5t\u2014kh\u00f4ng c\u00f3 ch\u1ea5t ph\u1ee5 gia ho\u1eb7c ch\u1ea5t c\u00f4 \u0111\u1eb7c<\/section>\n<\/li>\n<li class=\"ybc-li-component ybc-li-component_ul\">\n<section class=\"ybc-p\">\u00a0<strong>N\u01b0\u1edbc \u00e9p tr\u00e1i c\u00e2y nguy\u00ean qu\u1ea3:<\/strong>Gi\u1eef l\u1ea1i v\u1ecf, c\u00f9i v\u00e0 h\u1ea1t \u0111\u1ec3 c\u00f3 gi\u00e1 tr\u1ecb dinh d\u01b0\u1ee1ng t\u1ed1i \u0111a<\/section>\n<\/li>\n<\/ul>","protected":false},"excerpt":{"rendered":"<p>Kh\u00e1m ph\u00e1 h\u01b0\u01a1ng v\u1ecb \u0111\u00edch th\u1ef1c v\u00e0 l\u1ee3i \u00edch s\u1ee9c kh\u1ecfe c\u1ee7a qu\u1ea3 k\u1ef7 t\u1eed T\u00e2n C\u01b0\u01a1ng h\u1ea3o h\u1ea1ng v\u1edbi n\u01b0\u1edbc \u00e9p nguy\u00ean qu\u1ea3 k\u1ef7 t\u1eed Jiangguocui Desert Red. Ngu\u1ed3n g\u1ed1c t\u1eeb \u1ed1c \u0111\u1ea3o ng\u1eadp tr\u00e0n \u00e1nh n\u1eafng gi\u1eefa<span class=\"excerpt-hellip\"> [\u2026]<\/span><\/p>","protected":false},"featured_media":944,"comment_status":"open","ping_status":"closed","template":"","meta":[],"product_brand":[64],"product_cat":[61],"product_tag":[],"class_list":{"0":"post-942","1":"product","2":"type-product","3":"status-publish","4":"has-post-thumbnail","6":"product_brand-64","7":"product_cat-da_jiang_you_li","9":"first","10":"instock","11":"shipping-taxable","12":"product-type-external"},"yoast_head":"<!-- This site is optimized with the Yoast SEO Premium plugin v25.8 (Yoast SEO v25.8) - https:\/\/yoast.com\/wordpress\/plugins\/seo\/ -->\n<title>Xinjiang Fruit Extract Desert Red Goji Berry Whole Fruit Puree\u200b - Jiushidao - Global Food Marketplace for Business Growth and Cosumers<\/title>\n<meta name=\"robots\" content=\"index, follow, max-snippet:-1, max-image-preview:large, max-video-preview:-1\" \/>\n<link rel=\"canonical\" href=\"https:\/\/jiushidao.com\/vi\/san-pham\/xinjiang-fruit-extract-desert-red-goji-berry-whole-fruit-puree\/\" \/>\n<meta property=\"og:locale\" content=\"vi_VN\" \/>\n<meta property=\"og:type\" content=\"article\" \/>\n<meta property=\"og:title\" content=\"Xinjiang Fruit Extract Desert Red Goji Berry Whole Fruit Puree\u200b\" \/>\n<meta property=\"og:description\" content=\"Discover the authentic taste and wellness benefits of Xinjiang\u2019s finest goji berries with\u00a0Jiangguocui Desert Red Goji Berry Whole Fruit Puree. Sourced from the sun-drenched oasis between [\u2026]\" \/>\n<meta property=\"og:url\" content=\"https:\/\/jiushidao.com\/vi\/san-pham\/xinjiang-fruit-extract-desert-red-goji-berry-whole-fruit-puree\/\" \/>\n<meta property=\"og:site_name\" content=\"Jiushidao - Global Food Marketplace for Business Growth and Cosumers\" \/>\n<meta property=\"article:modified_time\" content=\"2025-12-23T22:19:41+00:00\" \/>\n<meta property=\"og:image\" content=\"https:\/\/jiushidao.com\/wp-content\/uploads\/2025\/10\/\u56fe\u724711-2-1200x800.png\" \/>\n\t<meta property=\"og:image:width\" content=\"1200\" \/>\n\t<meta property=\"og:image:height\" content=\"800\" \/>\n\t<meta property=\"og:image:type\" content=\"image\/png\" \/>\n<meta name=\"twitter:card\" content=\"summary_large_image\" \/>\n<meta name=\"twitter:label1\" content=\"\u01af\u1edbc t\u00ednh th\u1eddi gian \u0111\u1ecdc\" \/>\n\t<meta name=\"twitter:data1\" content=\"2 ph\u00fat\" \/>\n<script type=\"application\/ld+json\" class=\"yoast-schema-graph\">{\"@context\":\"https:\/\/schema.org\",\"@graph\":[{\"@type\":\"WebPage\",\"@id\":\"https:\/\/jiushidao.com\/product\/xinjiang-fruit-extract-desert-red-goji-berry-whole-fruit-puree\/\",\"url\":\"https:\/\/jiushidao.com\/product\/xinjiang-fruit-extract-desert-red-goji-berry-whole-fruit-puree\/\",\"name\":\"Xinjiang Fruit Extract Desert Red Goji Berry Whole Fruit Puree\u200b - Jiushidao - Global Food Marketplace for Business Growth and Cosumers\",\"isPartOf\":{\"@id\":\"https:\/\/jiushidao.com\/#website\"},\"primaryImageOfPage\":{\"@id\":\"https:\/\/jiushidao.com\/product\/xinjiang-fruit-extract-desert-red-goji-berry-whole-fruit-puree\/#primaryimage\"},\"image\":{\"@id\":\"https:\/\/jiushidao.com\/product\/xinjiang-fruit-extract-desert-red-goji-berry-whole-fruit-puree\/#primaryimage\"},\"thumbnailUrl\":\"https:\/\/jiushidao.com\/wp-content\/uploads\/2025\/10\/\u56fe\u724711-2.png\",\"datePublished\":\"2025-10-31T08:09:35+00:00\",\"dateModified\":\"2025-12-23T22:19:41+00:00\",\"breadcrumb\":{\"@id\":\"https:\/\/jiushidao.com\/product\/xinjiang-fruit-extract-desert-red-goji-berry-whole-fruit-puree\/#breadcrumb\"},\"inLanguage\":\"vi\",\"potentialAction\":[{\"@type\":\"ReadAction\",\"target\":[\"https:\/\/jiushidao.com\/product\/xinjiang-fruit-extract-desert-red-goji-berry-whole-fruit-puree\/\"]}]},{\"@type\":\"ImageObject\",\"inLanguage\":\"vi\",\"@id\":\"https:\/\/jiushidao.com\/product\/xinjiang-fruit-extract-desert-red-goji-berry-whole-fruit-puree\/#primaryimage\",\"url\":\"https:\/\/jiushidao.com\/wp-content\/uploads\/2025\/10\/\u56fe\u724711-2.png\",\"contentUrl\":\"https:\/\/jiushidao.com\/wp-content\/uploads\/2025\/10\/\u56fe\u724711-2.png\",\"width\":2493,\"height\":1661},{\"@type\":\"BreadcrumbList\",\"@id\":\"https:\/\/jiushidao.com\/product\/xinjiang-fruit-extract-desert-red-goji-berry-whole-fruit-puree\/#breadcrumb\",\"itemListElement\":[{\"@type\":\"ListItem\",\"position\":1,\"name\":\"Home\",\"item\":\"https:\/\/jiushidao.com\/\"},{\"@type\":\"ListItem\",\"position\":2,\"name\":\"Store\",\"item\":\"https:\/\/jiushidao.com\/store\/\"},{\"@type\":\"ListItem\",\"position\":3,\"name\":\"Xinjiang Fruit Extract Desert Red Goji Berry Whole Fruit Puree\u200b\"}]},{\"@type\":\"WebSite\",\"@id\":\"https:\/\/jiushidao.com\/#website\",\"url\":\"https:\/\/jiushidao.com\/\",\"name\":\"Jiushidao - Global Food Marketplace for Business Growth and Cosumers\",\"description\":\"Jiushidao - Global Food Marketplace for Business Growth and Cosumers\",\"potentialAction\":[{\"@type\":\"SearchAction\",\"target\":{\"@type\":\"EntryPoint\",\"urlTemplate\":\"https:\/\/jiushidao.com\/?s={search_term_string}\"},\"query-input\":{\"@type\":\"PropertyValueSpecification\",\"valueRequired\":true,\"valueName\":\"search_term_string\"}}],\"inLanguage\":\"vi\"}]}<\/script>\n<!-- \/ Yoast SEO Premium plugin. -->","yoast_head_json":{"title":"Xinjiang Fruit Extract Desert Red Goji Berry Whole Fruit Puree\u200b - Jiushidao - Global Food Marketplace for Business Growth and Cosumers","robots":{"index":"index","follow":"follow","max-snippet":"max-snippet:-1","max-image-preview":"max-image-preview:large","max-video-preview":"max-video-preview:-1"},"canonical":"https:\/\/jiushidao.com\/vi\/san-pham\/xinjiang-fruit-extract-desert-red-goji-berry-whole-fruit-puree\/","og_locale":"vi_VN","og_type":"article","og_title":"Xinjiang Fruit Extract Desert Red Goji Berry Whole Fruit Puree\u200b","og_description":"Discover the authentic taste and wellness benefits of Xinjiang\u2019s finest goji berries with\u00a0Jiangguocui Desert Red Goji Berry Whole Fruit Puree. Sourced from the sun-drenched oasis between [\u2026]","og_url":"https:\/\/jiushidao.com\/vi\/san-pham\/xinjiang-fruit-extract-desert-red-goji-berry-whole-fruit-puree\/","og_site_name":"Jiushidao - Global Food Marketplace for Business Growth and Cosumers","article_modified_time":"2025-12-23T22:19:41+00:00","og_image":[{"width":1200,"height":800,"url":"https:\/\/jiushidao.com\/wp-content\/uploads\/2025\/10\/\u56fe\u724711-2-1200x800.png","type":"image\/png"}],"twitter_card":"summary_large_image","twitter_misc":{"\u01af\u1edbc t\u00ednh th\u1eddi gian \u0111\u1ecdc":"2 ph\u00fat"},"schema":{"@context":"https:\/\/schema.org","@graph":[{"@type":"WebPage","@id":"https:\/\/jiushidao.com\/product\/xinjiang-fruit-extract-desert-red-goji-berry-whole-fruit-puree\/","url":"https:\/\/jiushidao.com\/product\/xinjiang-fruit-extract-desert-red-goji-berry-whole-fruit-puree\/","name":"Xinjiang Fruit Extract Desert Red Goji Berry Whole Fruit Puree\u200b - Jiushidao - Global Food Marketplace for Business Growth and Cosumers","isPartOf":{"@id":"https:\/\/jiushidao.com\/#website"},"primaryImageOfPage":{"@id":"https:\/\/jiushidao.com\/product\/xinjiang-fruit-extract-desert-red-goji-berry-whole-fruit-puree\/#primaryimage"},"image":{"@id":"https:\/\/jiushidao.com\/product\/xinjiang-fruit-extract-desert-red-goji-berry-whole-fruit-puree\/#primaryimage"},"thumbnailUrl":"https:\/\/jiushidao.com\/wp-content\/uploads\/2025\/10\/\u56fe\u724711-2.png","datePublished":"2025-10-31T08:09:35+00:00","dateModified":"2025-12-23T22:19:41+00:00","breadcrumb":{"@id":"https:\/\/jiushidao.com\/product\/xinjiang-fruit-extract-desert-red-goji-berry-whole-fruit-puree\/#breadcrumb"},"inLanguage":"vi","potentialAction":[{"@type":"ReadAction","target":["https:\/\/jiushidao.com\/product\/xinjiang-fruit-extract-desert-red-goji-berry-whole-fruit-puree\/"]}]},{"@type":"ImageObject","inLanguage":"vi","@id":"https:\/\/jiushidao.com\/product\/xinjiang-fruit-extract-desert-red-goji-berry-whole-fruit-puree\/#primaryimage","url":"https:\/\/jiushidao.com\/wp-content\/uploads\/2025\/10\/\u56fe\u724711-2.png","contentUrl":"https:\/\/jiushidao.com\/wp-content\/uploads\/2025\/10\/\u56fe\u724711-2.png","width":2493,"height":1661},{"@type":"BreadcrumbList","@id":"https:\/\/jiushidao.com\/product\/xinjiang-fruit-extract-desert-red-goji-berry-whole-fruit-puree\/#breadcrumb","itemListElement":[{"@type":"ListItem","position":1,"name":"Home","item":"https:\/\/jiushidao.com\/"},{"@type":"ListItem","position":2,"name":"Store","item":"https:\/\/jiushidao.com\/store\/"},{"@type":"ListItem","position":3,"name":"Xinjiang Fruit Extract Desert Red Goji Berry Whole Fruit Puree\u200b"}]},{"@type":"WebSite","@id":"https:\/\/jiushidao.com\/#website","url":"https:\/\/jiushidao.com\/","name":"Jiushidao - Global Food Marketplace for Business Growth and Cosumers","description":"Jiushidao - Global Food Marketplace for Business Growth and Cosumers","potentialAction":[{"@type":"SearchAction","target":{"@type":"EntryPoint","urlTemplate":"https:\/\/jiushidao.com\/?s={search_term_string}"},"query-input":{"@type":"PropertyValueSpecification","valueRequired":true,"valueName":"search_term_string"}}],"inLanguage":"vi"}]}},"_links":{"self":[{"href":"https:\/\/jiushidao.com\/vi\/wp-json\/wp\/v2\/product\/942","targetHints":{"allow":["GET"]}}],"collection":[{"href":"https:\/\/jiushidao.com\/vi\/wp-json\/wp\/v2\/product"}],"about":[{"href":"https:\/\/jiushidao.com\/vi\/wp-json\/wp\/v2\/types\/product"}],"replies":[{"embeddable":true,"href":"https:\/\/jiushidao.com\/vi\/wp-json\/wp\/v2\/comments?post=942"}],"version-history":[{"count":1,"href":"https:\/\/jiushidao.com\/vi\/wp-json\/wp\/v2\/product\/942\/revisions"}],"predecessor-version":[{"id":945,"href":"https:\/\/jiushidao.com\/vi\/wp-json\/wp\/v2\/product\/942\/revisions\/945"}],"wp:featuredmedia":[{"embeddable":true,"href":"https:\/\/jiushidao.com\/vi\/wp-json\/wp\/v2\/media\/944"}],"wp:attachment":[{"href":"https:\/\/jiushidao.com\/vi\/wp-json\/wp\/v2\/media?parent=942"}],"wp:term":[{"taxonomy":"product_brand","embeddable":true,"href":"https:\/\/jiushidao.com\/vi\/wp-json\/wp\/v2\/product_brand?post=942"},{"taxonomy":"product_cat","embeddable":true,"href":"https:\/\/jiushidao.com\/vi\/wp-json\/wp\/v2\/product_cat?post=942"},{"taxonomy":"product_tag","embeddable":true,"href":"https:\/\/jiushidao.com\/vi\/wp-json\/wp\/v2\/product_tag?post=942"}],"curies":[{"name":"wp","href":"https:\/\/api.w.org\/{rel}","templated":true}]}}