{"id":939,"date":"2025-10-31T08:00:28","date_gmt":"2025-10-31T08:00:28","guid":{"rendered":"https:\/\/jiushidao.com\/?post_type=product&#038;p=939"},"modified":"2025-12-23T22:37:50","modified_gmt":"2025-12-23T22:37:50","slug":"xinjiang-fruit-extract-nfc-pomegranate-juice","status":"publish","type":"product","link":"https:\/\/jiushidao.com\/vi\/san-pham\/xinjiang-fruit-extract-nfc-pomegranate-juice\/","title":{"rendered":"Chi\u1ebft xu\u1ea5t tr\u00e1i c\u00e2y T\u00e2n C\u01b0\u01a1ng NFC N\u01b0\u1edbc \u00e9p l\u1ef1u\u200b"},"content":{"rendered":"<section class=\"ybc-p\">Th\u01b0\u1edfng th\u1ee9c h\u01b0\u01a1ng v\u1ecb th\u01a1m ngon nh\u01b0 ng\u1ecdc c\u1ee7a nh\u1eefng qu\u1ea3 l\u1ef1u ngon nh\u1ea5t T\u00e2n C\u01b0\u01a1ng v\u1edbi\u00a0<strong>N\u01b0\u1edbc \u00e9p l\u1ef1u NFC Jiangguocui<\/strong>\u0110\u01b0\u1ee3c tr\u1ed3ng t\u1ea1i Kashgar, n\u01a1i \u0111\u01b0\u1ee3c m\u1ec7nh danh l\u00e0 \u201cQu\u00ea h\u01b0\u01a1ng c\u1ee7a L\u1ef1u\u201d, lo\u1ea1i qu\u1ea3 n\u00e0y ph\u00e1t tri\u1ec3n m\u1ea1nh m\u1ebd t\u1ea1i \u1ed1c \u0111\u1ea3o \u0111\u1ed9c \u0111\u00e1o gi\u1eefa sa m\u1ea1c Taklamakan v\u00e0 d\u00e3y n\u00fai T\u00e2y C\u00f4n L\u00f4n\u2014n\u01a1i \u0111\u1ea5t gi\u00e0u kho\u00e1ng ch\u1ea5t, \u00e1nh n\u1eafng d\u1ed3i d\u00e0o, n\u01b0\u1edbc s\u1ea1ch v\u00e0 s\u1ef1 thay \u0111\u1ed5i nhi\u1ec7t \u0111\u1ed9 \u0111\u00e1ng k\u1ec3 gi\u1eefa ng\u00e0y v\u00e0 \u0111\u00eam t\u1ea1o ra nh\u1eefng qu\u1ea3 l\u1ef1u c\u00f3 m\u00e0u s\u1eafc \u0111\u1eadm, h\u01b0\u01a1ng th\u01a1m n\u1ed3ng n\u00e0n v\u00e0 h\u1ea1t ng\u1ecdt, chua.<\/section>\n<section class=\"ybc-p\">S\u1eed d\u1ee5ng n\u00e2ng cao\u00a0<strong>c\u00f4ng ngh\u1ec7 \u00e9p l\u1ea1nh kh\u00f4ng c\u00f4 \u0111\u1eb7c<\/strong>, ch\u00fang t\u00f4i r\u1eeda c\u1ea9n th\u1eadn qu\u1ea3 l\u1ef1u \u1edf nhi\u1ec7t \u0111\u1ed9 10\u00b0C, kh\u1eed tr\u00f9ng v\u1eadt l\u00fd, sau \u0111\u00f3 \u00e9p l\u1ea1nh to\u00e0n b\u1ed9 h\u1ea1t\u2014<strong>kh\u00f4ng th\u00eam m\u1ed9t gi\u1ecdt n\u01b0\u1edbc<\/strong>\u2014t\u1ea5t c\u1ea3 b\u00ean trong\u00a0<strong>24 gi\u1edd thu ho\u1ea1ch<\/strong>. M\u1ed7i t\u00fai ch\u1ee9a t\u01b0\u01a1ng \u0111\u01b0\u01a1ng v\u1edbi\u00a0<strong>kho\u1ea3ng 2,5\u20133 qu\u1ea3 l\u1ef1u Piyman<\/strong>, mang l\u1ea1i h\u01b0\u01a1ng v\u1ecb \u0111\u00edch th\u1ef1c, s\u1ed1ng \u0111\u1ed9ng v\u00e0 gi\u00e1 tr\u1ecb dinh d\u01b0\u1ee1ng \u0111\u00e1ng ch\u00fa \u00fd, bao g\u1ed3m h\u00e0m l\u01b0\u1ee3ng flavonoid t\u1ed5ng s\u1ed1 cao\u00a0<strong>1707,3mg\/kg<\/strong>\u0110\u01b0\u1ee3c \u0111\u00f3ng g\u00f3i trong t\u00fai l\u00f3t nh\u00f4m d\u01b0\u1edbi s\u1ef1 b\u1ea3o v\u1ec7 c\u1ee7a kh\u00ed tr\u01a1, lo\u1ea1i n\u01b0\u1edbc \u00e9p n\u00e0y gi\u1eef \u0111\u01b0\u1ee3c \u0111\u1ed9 t\u01b0\u01a1i ngon v\u00e0 th\u00e0nh ph\u1ea7n dinh d\u01b0\u1ee1ng t\u1eeb v\u01b0\u1eddn c\u00e2y \u0111\u1ebfn b\u00e0n \u0103n.<\/section>\n<hr \/>\n<h3><strong>C\u00e1c t\u00ednh n\u0103ng ch\u00ednh<\/strong><\/h3>\n<ul class=\"ybc-ul-component\">\n<li class=\"ybc-li-component ybc-li-component_ul\">\n<section class=\"ybc-p\">\u00a0<strong>L\u1ef1u Piyman T\u00e2n C\u01b0\u01a1ng:<\/strong>\u0110\u01b0\u1ee3c tr\u1ed3ng trong m\u00f4i tr\u01b0\u1eddng \u1ed1c \u0111\u1ea3o \u0111\u1ed9c \u0111\u00e1o c\u1ee7a Kashgar<\/section>\n<\/li>\n<li class=\"ybc-li-component ybc-li-component_ul\">\n<section class=\"ybc-p\">\u00a0<strong>\u00c9p l\u1ea1nh to\u00e0n h\u1ea1t:<\/strong>X\u1eed l\u00fd \u1edf nhi\u1ec7t \u0111\u1ed9 th\u1ea5p (10\u00b0C), kh\u00f4ng th\u00eam n\u01b0\u1edbc<\/section>\n<\/li>\n<li class=\"ybc-li-component ybc-li-component_ul\">\n<section class=\"ybc-p\">\u00a0<strong>H\u00e0m l\u01b0\u1ee3ng Flavonoid cao:<\/strong>1707,3mg\/kg \u0111\u1ec3 t\u0103ng c\u01b0\u1eddng l\u1ee3i \u00edch ch\u1ed1ng oxy h\u00f3a<\/section>\n<\/li>\n<li class=\"ybc-li-component ybc-li-component_ul\">\n<section class=\"ybc-p\">\u00a0<strong>Bao b\u00ec gi\u1eef \u0111\u1ed9 t\u01b0\u01a1i cao c\u1ea5p:<\/strong>T\u00fai l\u00f3t nh\u00f4m c\u00f3 l\u1edbp b\u1ea3o v\u1ec7 kh\u00ed tr\u01a1<\/section>\n<\/li>\n<li class=\"ybc-li-component ybc-li-component_ul\">\n<section class=\"ybc-p\">\u00a0<strong>N\u01b0\u1edbc \u00e9p nguy\u00ean ch\u1ea5t 100%:<\/strong>Kh\u00f4ng c\u00f3 ch\u1ea5t ph\u1ee5 gia, ch\u1ea5t c\u00f4 \u0111\u1eb7c ho\u1eb7c ch\u1ea5t t\u1ea1o ng\u1ecdt<\/section>\n<\/li>\n<\/ul>","protected":false},"excerpt":{"rendered":"<p>Th\u01b0\u1edfng th\u1ee9c h\u01b0\u01a1ng v\u1ecb th\u01a1m ngon nh\u01b0 ng\u1ecdc c\u1ee7a nh\u1eefng qu\u1ea3 l\u1ef1u h\u1ea3o h\u1ea1ng T\u00e2n C\u01b0\u01a1ng v\u1edbi N\u01b0\u1edbc \u00e9p l\u1ef1u Jiangguocui NFC. \u0110\u01b0\u1ee3c tr\u1ed3ng t\u1ea1i Kashgar, n\u01a1i \u0111\u01b0\u1ee3c m\u1ec7nh danh l\u00e0 \u201cQu\u00ea h\u01b0\u01a1ng c\u1ee7a l\u1ef1u\u201d, tr\u00e1i c\u00e2y c\u1ee7a ch\u00fang t\u00f4i ph\u00e1t tri\u1ec3n m\u1ea1nh m\u1ebd trong<span class=\"excerpt-hellip\"> [\u2026]<\/span><\/p>","protected":false},"featured_media":940,"comment_status":"open","ping_status":"closed","template":"","meta":[],"product_brand":[64],"product_cat":[63],"product_tag":[],"class_list":{"0":"post-939","1":"product","2":"type-product","3":"status-publish","4":"has-post-thumbnail","6":"product_brand-64","7":"product_cat-jiang_guo_cui","9":"first","10":"instock","11":"shipping-taxable","12":"product-type-external"},"yoast_head":"<!-- This site is optimized with the Yoast SEO Premium plugin v25.8 (Yoast SEO v25.8) - https:\/\/yoast.com\/wordpress\/plugins\/seo\/ -->\n<title>Xinjiang Fruit Extract NFC Pomegranate Juice\u200b - Jiushidao - Global Food Marketplace for Business Growth and Cosumers<\/title>\n<meta name=\"robots\" content=\"index, follow, max-snippet:-1, max-image-preview:large, max-video-preview:-1\" \/>\n<link rel=\"canonical\" href=\"https:\/\/jiushidao.com\/vi\/san-pham\/xinjiang-fruit-extract-nfc-pomegranate-juice\/\" \/>\n<meta property=\"og:locale\" content=\"vi_VN\" \/>\n<meta property=\"og:type\" content=\"article\" \/>\n<meta property=\"og:title\" content=\"Xinjiang Fruit Extract NFC Pomegranate Juice\u200b\" \/>\n<meta property=\"og:description\" content=\"Savor the jewel-like richness of Xinjiang\u2019s finest pomegranates with\u00a0Jiangguocui NFC Pomegranate Juice. Grown in Kashgar, renowned as the \u201cHometown of Pomegranates,\u201d our fruits thrive in the [\u2026]\" \/>\n<meta property=\"og:url\" content=\"https:\/\/jiushidao.com\/vi\/san-pham\/xinjiang-fruit-extract-nfc-pomegranate-juice\/\" \/>\n<meta property=\"og:site_name\" content=\"Jiushidao - Global Food Marketplace for Business Growth and Cosumers\" \/>\n<meta property=\"article:modified_time\" content=\"2025-12-23T22:37:50+00:00\" \/>\n<meta property=\"og:image\" content=\"https:\/\/jiushidao.com\/wp-content\/uploads\/2025\/10\/\u56fe\u724710-2.png\" \/>\n\t<meta property=\"og:image:width\" content=\"411\" \/>\n\t<meta property=\"og:image:height\" content=\"235\" \/>\n\t<meta property=\"og:image:type\" content=\"image\/png\" \/>\n<meta name=\"twitter:card\" content=\"summary_large_image\" \/>\n<meta name=\"twitter:label1\" content=\"\u01af\u1edbc t\u00ednh th\u1eddi gian \u0111\u1ecdc\" \/>\n\t<meta name=\"twitter:data1\" content=\"2 ph\u00fat\" \/>\n<script type=\"application\/ld+json\" class=\"yoast-schema-graph\">{\"@context\":\"https:\/\/schema.org\",\"@graph\":[{\"@type\":\"WebPage\",\"@id\":\"https:\/\/jiushidao.com\/product\/xinjiang-fruit-extract-nfc-pomegranate-juice\/\",\"url\":\"https:\/\/jiushidao.com\/product\/xinjiang-fruit-extract-nfc-pomegranate-juice\/\",\"name\":\"Xinjiang Fruit Extract NFC Pomegranate Juice\u200b - Jiushidao - Global Food Marketplace for Business Growth and Cosumers\",\"isPartOf\":{\"@id\":\"https:\/\/jiushidao.com\/#website\"},\"primaryImageOfPage\":{\"@id\":\"https:\/\/jiushidao.com\/product\/xinjiang-fruit-extract-nfc-pomegranate-juice\/#primaryimage\"},\"image\":{\"@id\":\"https:\/\/jiushidao.com\/product\/xinjiang-fruit-extract-nfc-pomegranate-juice\/#primaryimage\"},\"thumbnailUrl\":\"https:\/\/jiushidao.com\/wp-content\/uploads\/2025\/10\/\u56fe\u724710-2.png\",\"datePublished\":\"2025-10-31T08:00:28+00:00\",\"dateModified\":\"2025-12-23T22:37:50+00:00\",\"breadcrumb\":{\"@id\":\"https:\/\/jiushidao.com\/product\/xinjiang-fruit-extract-nfc-pomegranate-juice\/#breadcrumb\"},\"inLanguage\":\"vi\",\"potentialAction\":[{\"@type\":\"ReadAction\",\"target\":[\"https:\/\/jiushidao.com\/product\/xinjiang-fruit-extract-nfc-pomegranate-juice\/\"]}]},{\"@type\":\"ImageObject\",\"inLanguage\":\"vi\",\"@id\":\"https:\/\/jiushidao.com\/product\/xinjiang-fruit-extract-nfc-pomegranate-juice\/#primaryimage\",\"url\":\"https:\/\/jiushidao.com\/wp-content\/uploads\/2025\/10\/\u56fe\u724710-2.png\",\"contentUrl\":\"https:\/\/jiushidao.com\/wp-content\/uploads\/2025\/10\/\u56fe\u724710-2.png\",\"width\":411,\"height\":235},{\"@type\":\"BreadcrumbList\",\"@id\":\"https:\/\/jiushidao.com\/product\/xinjiang-fruit-extract-nfc-pomegranate-juice\/#breadcrumb\",\"itemListElement\":[{\"@type\":\"ListItem\",\"position\":1,\"name\":\"Home\",\"item\":\"https:\/\/jiushidao.com\/\"},{\"@type\":\"ListItem\",\"position\":2,\"name\":\"Store\",\"item\":\"https:\/\/jiushidao.com\/store\/\"},{\"@type\":\"ListItem\",\"position\":3,\"name\":\"Xinjiang Fruit Extract NFC Pomegranate Juice\u200b\"}]},{\"@type\":\"WebSite\",\"@id\":\"https:\/\/jiushidao.com\/#website\",\"url\":\"https:\/\/jiushidao.com\/\",\"name\":\"Jiushidao - Global Food Marketplace for Business Growth and Cosumers\",\"description\":\"Jiushidao - Global Food Marketplace for Business Growth and Cosumers\",\"potentialAction\":[{\"@type\":\"SearchAction\",\"target\":{\"@type\":\"EntryPoint\",\"urlTemplate\":\"https:\/\/jiushidao.com\/?s={search_term_string}\"},\"query-input\":{\"@type\":\"PropertyValueSpecification\",\"valueRequired\":true,\"valueName\":\"search_term_string\"}}],\"inLanguage\":\"vi\"}]}<\/script>\n<!-- \/ Yoast SEO Premium plugin. -->","yoast_head_json":{"title":"Xinjiang Fruit Extract NFC Pomegranate Juice\u200b - Jiushidao - Global Food Marketplace for Business Growth and Cosumers","robots":{"index":"index","follow":"follow","max-snippet":"max-snippet:-1","max-image-preview":"max-image-preview:large","max-video-preview":"max-video-preview:-1"},"canonical":"https:\/\/jiushidao.com\/vi\/san-pham\/xinjiang-fruit-extract-nfc-pomegranate-juice\/","og_locale":"vi_VN","og_type":"article","og_title":"Xinjiang Fruit Extract NFC Pomegranate Juice\u200b","og_description":"Savor the jewel-like richness of Xinjiang\u2019s finest pomegranates with\u00a0Jiangguocui NFC Pomegranate Juice. Grown in Kashgar, renowned as the \u201cHometown of Pomegranates,\u201d our fruits thrive in the [\u2026]","og_url":"https:\/\/jiushidao.com\/vi\/san-pham\/xinjiang-fruit-extract-nfc-pomegranate-juice\/","og_site_name":"Jiushidao - Global Food Marketplace for Business Growth and Cosumers","article_modified_time":"2025-12-23T22:37:50+00:00","og_image":[{"width":411,"height":235,"url":"https:\/\/jiushidao.com\/wp-content\/uploads\/2025\/10\/\u56fe\u724710-2.png","type":"image\/png"}],"twitter_card":"summary_large_image","twitter_misc":{"\u01af\u1edbc t\u00ednh th\u1eddi gian \u0111\u1ecdc":"2 ph\u00fat"},"schema":{"@context":"https:\/\/schema.org","@graph":[{"@type":"WebPage","@id":"https:\/\/jiushidao.com\/product\/xinjiang-fruit-extract-nfc-pomegranate-juice\/","url":"https:\/\/jiushidao.com\/product\/xinjiang-fruit-extract-nfc-pomegranate-juice\/","name":"Xinjiang Fruit Extract NFC Pomegranate Juice\u200b - Jiushidao - Global Food Marketplace for Business Growth and Cosumers","isPartOf":{"@id":"https:\/\/jiushidao.com\/#website"},"primaryImageOfPage":{"@id":"https:\/\/jiushidao.com\/product\/xinjiang-fruit-extract-nfc-pomegranate-juice\/#primaryimage"},"image":{"@id":"https:\/\/jiushidao.com\/product\/xinjiang-fruit-extract-nfc-pomegranate-juice\/#primaryimage"},"thumbnailUrl":"https:\/\/jiushidao.com\/wp-content\/uploads\/2025\/10\/\u56fe\u724710-2.png","datePublished":"2025-10-31T08:00:28+00:00","dateModified":"2025-12-23T22:37:50+00:00","breadcrumb":{"@id":"https:\/\/jiushidao.com\/product\/xinjiang-fruit-extract-nfc-pomegranate-juice\/#breadcrumb"},"inLanguage":"vi","potentialAction":[{"@type":"ReadAction","target":["https:\/\/jiushidao.com\/product\/xinjiang-fruit-extract-nfc-pomegranate-juice\/"]}]},{"@type":"ImageObject","inLanguage":"vi","@id":"https:\/\/jiushidao.com\/product\/xinjiang-fruit-extract-nfc-pomegranate-juice\/#primaryimage","url":"https:\/\/jiushidao.com\/wp-content\/uploads\/2025\/10\/\u56fe\u724710-2.png","contentUrl":"https:\/\/jiushidao.com\/wp-content\/uploads\/2025\/10\/\u56fe\u724710-2.png","width":411,"height":235},{"@type":"BreadcrumbList","@id":"https:\/\/jiushidao.com\/product\/xinjiang-fruit-extract-nfc-pomegranate-juice\/#breadcrumb","itemListElement":[{"@type":"ListItem","position":1,"name":"Home","item":"https:\/\/jiushidao.com\/"},{"@type":"ListItem","position":2,"name":"Store","item":"https:\/\/jiushidao.com\/store\/"},{"@type":"ListItem","position":3,"name":"Xinjiang Fruit Extract NFC Pomegranate Juice\u200b"}]},{"@type":"WebSite","@id":"https:\/\/jiushidao.com\/#website","url":"https:\/\/jiushidao.com\/","name":"Jiushidao - Global Food Marketplace for Business Growth and Cosumers","description":"Jiushidao - Global Food Marketplace for Business Growth and Cosumers","potentialAction":[{"@type":"SearchAction","target":{"@type":"EntryPoint","urlTemplate":"https:\/\/jiushidao.com\/?s={search_term_string}"},"query-input":{"@type":"PropertyValueSpecification","valueRequired":true,"valueName":"search_term_string"}}],"inLanguage":"vi"}]}},"_links":{"self":[{"href":"https:\/\/jiushidao.com\/vi\/wp-json\/wp\/v2\/product\/939","targetHints":{"allow":["GET"]}}],"collection":[{"href":"https:\/\/jiushidao.com\/vi\/wp-json\/wp\/v2\/product"}],"about":[{"href":"https:\/\/jiushidao.com\/vi\/wp-json\/wp\/v2\/types\/product"}],"replies":[{"embeddable":true,"href":"https:\/\/jiushidao.com\/vi\/wp-json\/wp\/v2\/comments?post=939"}],"version-history":[{"count":1,"href":"https:\/\/jiushidao.com\/vi\/wp-json\/wp\/v2\/product\/939\/revisions"}],"predecessor-version":[{"id":941,"href":"https:\/\/jiushidao.com\/vi\/wp-json\/wp\/v2\/product\/939\/revisions\/941"}],"wp:featuredmedia":[{"embeddable":true,"href":"https:\/\/jiushidao.com\/vi\/wp-json\/wp\/v2\/media\/940"}],"wp:attachment":[{"href":"https:\/\/jiushidao.com\/vi\/wp-json\/wp\/v2\/media?parent=939"}],"wp:term":[{"taxonomy":"product_brand","embeddable":true,"href":"https:\/\/jiushidao.com\/vi\/wp-json\/wp\/v2\/product_brand?post=939"},{"taxonomy":"product_cat","embeddable":true,"href":"https:\/\/jiushidao.com\/vi\/wp-json\/wp\/v2\/product_cat?post=939"},{"taxonomy":"product_tag","embeddable":true,"href":"https:\/\/jiushidao.com\/vi\/wp-json\/wp\/v2\/product_tag?post=939"}],"curies":[{"name":"wp","href":"https:\/\/api.w.org\/{rel}","templated":true}]}}