{"id":936,"date":"2025-10-31T07:57:10","date_gmt":"2025-10-31T07:57:10","guid":{"rendered":"https:\/\/jiushidao.com\/?post_type=product&#038;p=936"},"modified":"2025-12-23T22:42:09","modified_gmt":"2025-12-23T22:42:09","slug":"xinjiang-fruit-extract-nfc-sea-buckthorn-puree","status":"publish","type":"product","link":"https:\/\/jiushidao.com\/vi\/san-pham\/xinjiang-fruit-extract-nfc-sea-buckthorn-puree\/","title":{"rendered":"Chi\u1ebft xu\u1ea5t qu\u1ea3 T\u00e2n C\u01b0\u01a1ng NFC Sea Buckthorn Puree\u200b"},"content":{"rendered":"<section class=\"ybc-p\">Tr\u1ea3i nghi\u1ec7m s\u1ef1 phong ph\u00fa ch\u01b0a \u0111\u01b0\u1ee3c thu\u1ea7n h\u00f3a c\u1ee7a v\u00f9ng hoang d\u00e3 T\u00e2n C\u01b0\u01a1ng v\u1edbi\u00a0<strong>Jiangguocui NFC Sea Buckthorn Puree<\/strong>C\u00f3 ngu\u1ed3n g\u1ed1c t\u1eeb nh\u1eefng s\u01b0\u1eddn \u0111\u1ed3i ng\u1eadp tr\u00e0n \u00e1nh n\u1eafng c\u1ee7a Cao nguy\u00ean Pamir \u1edf Kashgar\u2014n\u01a1i \u0111\u1ea5t gi\u00e0u kho\u00e1ng ch\u1ea5t, n\u01b0\u1edbc tinh khi\u1ebft, \u00e1nh n\u1eafng d\u1ed3i d\u00e0o v\u00e0 s\u1ef1 thay \u0111\u1ed5i nhi\u1ec7t \u0111\u1ed9 \u0111\u1ed9t ng\u1ed9t nu\u00f4i d\u01b0\u1ee1ng m\u1ed9t s\u1ed1 qu\u1ea3 h\u1eafc mai bi\u1ec3n Trung \u00c1 ngon nh\u1ea5t th\u1ebf gi\u1edbi\u2014lo\u1ea1i n\u01b0\u1edbc \u00e9p n\u00e0y l\u01b0u gi\u1eef tr\u1ecdn v\u1eb9n s\u1ee9c s\u1ed1ng c\u1ee7a lo\u1ea1i qu\u1ea3 n\u00e0y, t\u1eeb khi thu ho\u1ea1ch \u0111\u1ebfn khi \u0111\u00f3ng chai.<\/section>\n<section class=\"ybc-p\">S\u1eed d\u1ee5ng\u00a0<strong>c\u00f4ng ngh\u1ec7 \u00e9p l\u1ea1nh kh\u00f4ng c\u00f4 \u0111\u1eb7c<\/strong>, ch\u00fang t\u00f4i nh\u1eb9 nh\u00e0ng chi\u1ebft xu\u1ea5t n\u01b0\u1edbc \u00e9p b\u00ean trong\u00a0<strong>24 gi\u1edd h\u00e1i<\/strong>, gi\u1eef nguy\u00ean v\u1ecb chua thanh, h\u01b0\u01a1ng th\u01a1m n\u1ed3ng n\u00e0n v\u00e0 tinh d\u1ea7u h\u1ea1t h\u1eafc mai bi\u1ec3n qu\u00fd gi\u00e1 c\u1ee7a qu\u1ea3 m\u1ecdng. K\u1ebft qu\u1ea3 l\u00e0 m\u1ed9t h\u01b0\u01a1ng v\u1ecb c\u00e2n b\u1eb1ng ho\u00e0n h\u1ea3o - chua nh\u1eb9 nh\u01b0ng ng\u1ecdt t\u1ef1 nhi\u00ean, kh\u00f4ng ph\u1ee5 gia, kh\u00f4ng n\u01b0\u1edbc v\u00e0 kh\u00f4ng \u0111\u01b0\u1eddng. \u0110\u01b0\u1ee3c \u0111\u00f3ng g\u00f3i trong t\u00fai nh\u00f4m ch\u1eafn s\u00e1ng, d\u01b0\u1edbi s\u1ef1 b\u1ea3o v\u1ec7 c\u1ee7a kh\u00ed tr\u01a1, h\u1ed7n h\u1ee3p nhuy\u1ec5n n\u00e0y lu\u00f4n t\u01b0\u01a1i ngon, gi\u00e0u dinh d\u01b0\u1ee1ng v\u00e0 \u1ed5n \u0111\u1ecbnh t\u1eeb c\u00e1nh \u0111\u1ed3ng \u0111\u1ebfn b\u00e0n \u0103n c\u1ee7a b\u1ea1n.<\/section>\n<hr \/>\n<h3><strong>C\u00e1c t\u00ednh n\u0103ng ch\u00ednh<\/strong><\/h3>\n<ul class=\"ybc-ul-component\">\n<li class=\"ybc-li-component ybc-li-component_ul\">\n<section class=\"ybc-p\">\u00a0<strong>H\u1eafc mai bi\u1ec3n T\u00e2n C\u01b0\u01a1ng nguy\u00ean ch\u1ea5t:<\/strong>\u0110\u01b0\u1ee3c tr\u1ed3ng \u1edf cao nguy\u00ean Pamir trong \u0111i\u1ec1u ki\u1ec7n t\u1ef1 nhi\u00ean l\u00fd t\u01b0\u1edfng<\/section>\n<\/li>\n<li class=\"ybc-li-component ybc-li-component_ul\">\n<section class=\"ybc-p\">\u00a0<strong>\u00c9p l\u1ea1nh trong v\u00f2ng 24 gi\u1edd:<\/strong>Gi\u1eef nguy\u00ean \u0111\u1ed9 t\u01b0\u01a1i, h\u01b0\u01a1ng v\u1ecb v\u00e0 c\u00e1c ch\u1ea5t dinh d\u01b0\u1ee1ng c\u00f3 l\u1ee3i<\/section>\n<\/li>\n<li class=\"ybc-li-component ybc-li-component_ul\">\n<section class=\"ybc-p\">\u00a0<strong>Bao b\u00ec kh\u1ed1i s\u00e1ng ti\u00ean ti\u1ebfn:<\/strong>T\u00fai l\u00f3t nh\u00f4m c\u00f3 l\u1edbp b\u1ea3o v\u1ec7 kh\u00ed tr\u01a1\u2014ch\u1ed1ng oxy, ch\u1ed1ng r\u01a1i, kh\u00f3a ch\u1ea5t dinh d\u01b0\u1ee1ng<\/section>\n<\/li>\n<li class=\"ybc-li-component ybc-li-component_ul\">\n<section class=\"ybc-p\">\u00a0<strong>100% Th\u00e0nh ph\u1ea7n s\u1ea1ch:<\/strong>Ch\u1ec9 c\u00f3 n\u01b0\u1edbc \u00e9p h\u1eafc mai bi\u1ec3n\u2014kh\u00f4ng c\u00f3 ch\u1ea5t ph\u1ee5 gia, kh\u00f4ng c\u00f3 ch\u1ea5t c\u00f4 \u0111\u1eb7c<\/section>\n<\/li>\n<li class=\"ybc-li-component ybc-li-component_ul\">\n<section class=\"ybc-p\">\u00a0<strong>Gi\u00e0u d\u1ea7u h\u1ea1t h\u1eafc mai bi\u1ec3n:<\/strong>Gi\u1eef l\u1ea1i d\u1ea7u t\u1ef1 nhi\u00ean \u0111\u1ec3 t\u0103ng c\u01b0\u1eddng gi\u00e1 tr\u1ecb dinh d\u01b0\u1ee1ng<\/section>\n<\/li>\n<\/ul>","protected":false},"excerpt":{"rendered":"<p>Tr\u1ea3i nghi\u1ec7m s\u1ef1 phong ph\u00fa hoang d\u00e3 ch\u01b0a \u0111\u01b0\u1ee3c thu\u1ea7n h\u00f3a c\u1ee7a v\u00f9ng hoang d\u00e3 T\u00e2n C\u01b0\u01a1ng v\u1edbi H\u1eafc Mai Bi\u1ec3n Jiangguocui NFC Puree. C\u00f3 ngu\u1ed3n g\u1ed1c t\u1eeb nh\u1eefng s\u01b0\u1eddn d\u1ed1c ng\u1eadp n\u1eafng c\u1ee7a Cao nguy\u00ean Pamir \u1edf Kashgar - n\u01a1i c\u00f3 \u0111\u1ea5t \u0111ai gi\u00e0u kho\u00e1ng ch\u1ea5t, tinh khi\u1ebft<span class=\"excerpt-hellip\"> [\u2026]<\/span><\/p>","protected":false},"featured_media":937,"comment_status":"open","ping_status":"closed","template":"","meta":[],"product_brand":[64],"product_cat":[63],"product_tag":[],"class_list":{"0":"post-936","1":"product","2":"type-product","3":"status-publish","4":"has-post-thumbnail","6":"product_brand-64","7":"product_cat-jiang_guo_cui","9":"first","10":"instock","11":"shipping-taxable","12":"product-type-external"},"yoast_head":"<!-- This site is optimized with the Yoast SEO Premium plugin v25.8 (Yoast SEO v25.8) - https:\/\/yoast.com\/wordpress\/plugins\/seo\/ -->\n<title>Xinjiang Fruit Extract NFC Sea Buckthorn Puree\u200b - Jiushidao - Global Food Marketplace for Business Growth and Cosumers<\/title>\n<meta name=\"robots\" content=\"index, follow, max-snippet:-1, max-image-preview:large, max-video-preview:-1\" \/>\n<link rel=\"canonical\" href=\"https:\/\/jiushidao.com\/vi\/san-pham\/xinjiang-fruit-extract-nfc-sea-buckthorn-puree\/\" \/>\n<meta property=\"og:locale\" content=\"vi_VN\" \/>\n<meta property=\"og:type\" content=\"article\" \/>\n<meta property=\"og:title\" content=\"Xinjiang Fruit Extract NFC Sea Buckthorn Puree\u200b\" \/>\n<meta property=\"og:description\" content=\"Experience the untamed richness of Xinjiang\u2019s wilderness with\u00a0Jiangguocui NFC Sea Buckthorn Puree. Sourced from the sun-drenched slopes of the Pamir Plateau in Kashgar\u2014where mineral-rich soil, pure [\u2026]\" \/>\n<meta property=\"og:url\" content=\"https:\/\/jiushidao.com\/vi\/san-pham\/xinjiang-fruit-extract-nfc-sea-buckthorn-puree\/\" \/>\n<meta property=\"og:site_name\" content=\"Jiushidao - Global Food Marketplace for Business Growth and Cosumers\" \/>\n<meta property=\"article:modified_time\" content=\"2025-12-23T22:42:09+00:00\" \/>\n<meta property=\"og:image\" content=\"https:\/\/jiushidao.com\/wp-content\/uploads\/2025\/10\/\u56fe\u72479-1.png\" \/>\n\t<meta property=\"og:image:width\" content=\"411\" \/>\n\t<meta property=\"og:image:height\" content=\"336\" \/>\n\t<meta property=\"og:image:type\" content=\"image\/png\" \/>\n<meta name=\"twitter:card\" content=\"summary_large_image\" \/>\n<meta name=\"twitter:label1\" content=\"\u01af\u1edbc t\u00ednh th\u1eddi gian \u0111\u1ecdc\" \/>\n\t<meta name=\"twitter:data1\" content=\"2 ph\u00fat\" \/>\n<script type=\"application\/ld+json\" class=\"yoast-schema-graph\">{\"@context\":\"https:\/\/schema.org\",\"@graph\":[{\"@type\":\"WebPage\",\"@id\":\"https:\/\/jiushidao.com\/product\/xinjiang-fruit-extract-nfc-sea-buckthorn-puree\/\",\"url\":\"https:\/\/jiushidao.com\/product\/xinjiang-fruit-extract-nfc-sea-buckthorn-puree\/\",\"name\":\"Xinjiang Fruit Extract NFC Sea Buckthorn Puree\u200b - Jiushidao - Global Food Marketplace for Business Growth and Cosumers\",\"isPartOf\":{\"@id\":\"https:\/\/jiushidao.com\/#website\"},\"primaryImageOfPage\":{\"@id\":\"https:\/\/jiushidao.com\/product\/xinjiang-fruit-extract-nfc-sea-buckthorn-puree\/#primaryimage\"},\"image\":{\"@id\":\"https:\/\/jiushidao.com\/product\/xinjiang-fruit-extract-nfc-sea-buckthorn-puree\/#primaryimage\"},\"thumbnailUrl\":\"https:\/\/jiushidao.com\/wp-content\/uploads\/2025\/10\/\u56fe\u72479-1.png\",\"datePublished\":\"2025-10-31T07:57:10+00:00\",\"dateModified\":\"2025-12-23T22:42:09+00:00\",\"breadcrumb\":{\"@id\":\"https:\/\/jiushidao.com\/product\/xinjiang-fruit-extract-nfc-sea-buckthorn-puree\/#breadcrumb\"},\"inLanguage\":\"vi\",\"potentialAction\":[{\"@type\":\"ReadAction\",\"target\":[\"https:\/\/jiushidao.com\/product\/xinjiang-fruit-extract-nfc-sea-buckthorn-puree\/\"]}]},{\"@type\":\"ImageObject\",\"inLanguage\":\"vi\",\"@id\":\"https:\/\/jiushidao.com\/product\/xinjiang-fruit-extract-nfc-sea-buckthorn-puree\/#primaryimage\",\"url\":\"https:\/\/jiushidao.com\/wp-content\/uploads\/2025\/10\/\u56fe\u72479-1.png\",\"contentUrl\":\"https:\/\/jiushidao.com\/wp-content\/uploads\/2025\/10\/\u56fe\u72479-1.png\",\"width\":411,\"height\":336},{\"@type\":\"BreadcrumbList\",\"@id\":\"https:\/\/jiushidao.com\/product\/xinjiang-fruit-extract-nfc-sea-buckthorn-puree\/#breadcrumb\",\"itemListElement\":[{\"@type\":\"ListItem\",\"position\":1,\"name\":\"Home\",\"item\":\"https:\/\/jiushidao.com\/\"},{\"@type\":\"ListItem\",\"position\":2,\"name\":\"Store\",\"item\":\"https:\/\/jiushidao.com\/store\/\"},{\"@type\":\"ListItem\",\"position\":3,\"name\":\"Xinjiang Fruit Extract NFC Sea Buckthorn Puree\u200b\"}]},{\"@type\":\"WebSite\",\"@id\":\"https:\/\/jiushidao.com\/#website\",\"url\":\"https:\/\/jiushidao.com\/\",\"name\":\"Jiushidao - Global Food Marketplace for Business Growth and Cosumers\",\"description\":\"Jiushidao - Global Food Marketplace for Business Growth and Cosumers\",\"potentialAction\":[{\"@type\":\"SearchAction\",\"target\":{\"@type\":\"EntryPoint\",\"urlTemplate\":\"https:\/\/jiushidao.com\/?s={search_term_string}\"},\"query-input\":{\"@type\":\"PropertyValueSpecification\",\"valueRequired\":true,\"valueName\":\"search_term_string\"}}],\"inLanguage\":\"vi\"}]}<\/script>\n<!-- \/ Yoast SEO Premium plugin. -->","yoast_head_json":{"title":"Xinjiang Fruit Extract NFC Sea Buckthorn Puree\u200b - Jiushidao - Global Food Marketplace for Business Growth and Cosumers","robots":{"index":"index","follow":"follow","max-snippet":"max-snippet:-1","max-image-preview":"max-image-preview:large","max-video-preview":"max-video-preview:-1"},"canonical":"https:\/\/jiushidao.com\/vi\/san-pham\/xinjiang-fruit-extract-nfc-sea-buckthorn-puree\/","og_locale":"vi_VN","og_type":"article","og_title":"Xinjiang Fruit Extract NFC Sea Buckthorn Puree\u200b","og_description":"Experience the untamed richness of Xinjiang\u2019s wilderness with\u00a0Jiangguocui NFC Sea Buckthorn Puree. Sourced from the sun-drenched slopes of the Pamir Plateau in Kashgar\u2014where mineral-rich soil, pure [\u2026]","og_url":"https:\/\/jiushidao.com\/vi\/san-pham\/xinjiang-fruit-extract-nfc-sea-buckthorn-puree\/","og_site_name":"Jiushidao - Global Food Marketplace for Business Growth and Cosumers","article_modified_time":"2025-12-23T22:42:09+00:00","og_image":[{"width":411,"height":336,"url":"https:\/\/jiushidao.com\/wp-content\/uploads\/2025\/10\/\u56fe\u72479-1.png","type":"image\/png"}],"twitter_card":"summary_large_image","twitter_misc":{"\u01af\u1edbc t\u00ednh th\u1eddi gian \u0111\u1ecdc":"2 ph\u00fat"},"schema":{"@context":"https:\/\/schema.org","@graph":[{"@type":"WebPage","@id":"https:\/\/jiushidao.com\/product\/xinjiang-fruit-extract-nfc-sea-buckthorn-puree\/","url":"https:\/\/jiushidao.com\/product\/xinjiang-fruit-extract-nfc-sea-buckthorn-puree\/","name":"Xinjiang Fruit Extract NFC Sea Buckthorn Puree\u200b - Jiushidao - Global Food Marketplace for Business Growth and Cosumers","isPartOf":{"@id":"https:\/\/jiushidao.com\/#website"},"primaryImageOfPage":{"@id":"https:\/\/jiushidao.com\/product\/xinjiang-fruit-extract-nfc-sea-buckthorn-puree\/#primaryimage"},"image":{"@id":"https:\/\/jiushidao.com\/product\/xinjiang-fruit-extract-nfc-sea-buckthorn-puree\/#primaryimage"},"thumbnailUrl":"https:\/\/jiushidao.com\/wp-content\/uploads\/2025\/10\/\u56fe\u72479-1.png","datePublished":"2025-10-31T07:57:10+00:00","dateModified":"2025-12-23T22:42:09+00:00","breadcrumb":{"@id":"https:\/\/jiushidao.com\/product\/xinjiang-fruit-extract-nfc-sea-buckthorn-puree\/#breadcrumb"},"inLanguage":"vi","potentialAction":[{"@type":"ReadAction","target":["https:\/\/jiushidao.com\/product\/xinjiang-fruit-extract-nfc-sea-buckthorn-puree\/"]}]},{"@type":"ImageObject","inLanguage":"vi","@id":"https:\/\/jiushidao.com\/product\/xinjiang-fruit-extract-nfc-sea-buckthorn-puree\/#primaryimage","url":"https:\/\/jiushidao.com\/wp-content\/uploads\/2025\/10\/\u56fe\u72479-1.png","contentUrl":"https:\/\/jiushidao.com\/wp-content\/uploads\/2025\/10\/\u56fe\u72479-1.png","width":411,"height":336},{"@type":"BreadcrumbList","@id":"https:\/\/jiushidao.com\/product\/xinjiang-fruit-extract-nfc-sea-buckthorn-puree\/#breadcrumb","itemListElement":[{"@type":"ListItem","position":1,"name":"Home","item":"https:\/\/jiushidao.com\/"},{"@type":"ListItem","position":2,"name":"Store","item":"https:\/\/jiushidao.com\/store\/"},{"@type":"ListItem","position":3,"name":"Xinjiang Fruit Extract NFC Sea Buckthorn Puree\u200b"}]},{"@type":"WebSite","@id":"https:\/\/jiushidao.com\/#website","url":"https:\/\/jiushidao.com\/","name":"Jiushidao - Global Food Marketplace for Business Growth and Cosumers","description":"Jiushidao - Global Food Marketplace for Business Growth and Cosumers","potentialAction":[{"@type":"SearchAction","target":{"@type":"EntryPoint","urlTemplate":"https:\/\/jiushidao.com\/?s={search_term_string}"},"query-input":{"@type":"PropertyValueSpecification","valueRequired":true,"valueName":"search_term_string"}}],"inLanguage":"vi"}]}},"_links":{"self":[{"href":"https:\/\/jiushidao.com\/vi\/wp-json\/wp\/v2\/product\/936","targetHints":{"allow":["GET"]}}],"collection":[{"href":"https:\/\/jiushidao.com\/vi\/wp-json\/wp\/v2\/product"}],"about":[{"href":"https:\/\/jiushidao.com\/vi\/wp-json\/wp\/v2\/types\/product"}],"replies":[{"embeddable":true,"href":"https:\/\/jiushidao.com\/vi\/wp-json\/wp\/v2\/comments?post=936"}],"version-history":[{"count":1,"href":"https:\/\/jiushidao.com\/vi\/wp-json\/wp\/v2\/product\/936\/revisions"}],"predecessor-version":[{"id":938,"href":"https:\/\/jiushidao.com\/vi\/wp-json\/wp\/v2\/product\/936\/revisions\/938"}],"wp:featuredmedia":[{"embeddable":true,"href":"https:\/\/jiushidao.com\/vi\/wp-json\/wp\/v2\/media\/937"}],"wp:attachment":[{"href":"https:\/\/jiushidao.com\/vi\/wp-json\/wp\/v2\/media?parent=936"}],"wp:term":[{"taxonomy":"product_brand","embeddable":true,"href":"https:\/\/jiushidao.com\/vi\/wp-json\/wp\/v2\/product_brand?post=936"},{"taxonomy":"product_cat","embeddable":true,"href":"https:\/\/jiushidao.com\/vi\/wp-json\/wp\/v2\/product_cat?post=936"},{"taxonomy":"product_tag","embeddable":true,"href":"https:\/\/jiushidao.com\/vi\/wp-json\/wp\/v2\/product_tag?post=936"}],"curies":[{"name":"wp","href":"https:\/\/api.w.org\/{rel}","templated":true}]}}