{"id":933,"date":"2025-10-31T07:35:49","date_gmt":"2025-10-31T07:35:49","guid":{"rendered":"https:\/\/jiushidao.com\/?post_type=product&#038;p=933"},"modified":"2025-12-23T22:48:34","modified_gmt":"2025-12-23T22:48:34","slug":"xinjiang-fruit-extract-central-asian-small-berry-sea-buckthorn-juice-beverage","status":"publish","type":"product","link":"https:\/\/jiushidao.com\/vi\/san-pham\/xinjiang-fruit-extract-central-asian-small-berry-sea-buckthorn-juice-beverage\/","title":{"rendered":"Chi\u1ebft xu\u1ea5t qu\u1ea3 T\u00e2n C\u01b0\u01a1ng, n\u01b0\u1edbc \u00e9p qu\u1ea3 h\u1eafc mai bi\u1ec3n Trung \u00c1 nh\u1ecf"},"content":{"rendered":"<section class=\"ybc-p\">Kh\u00e1m ph\u00e1 h\u01b0\u01a1ng v\u1ecb t\u01b0\u01a1i m\u00e1t v\u00e0 l\u1ee3i \u00edch s\u1ee9c kh\u1ecfe c\u1ee7a N\u01b0\u1edbc \u00e9p H\u1eafc mai bi\u1ec3n Trung \u00c1 Jiangguocui. \u0110\u01b0\u1ee3c chi\u1ebft xu\u1ea5t t\u1eeb qu\u1ea3 h\u1eafc mai bi\u1ec3n Trung \u00c1 gi\u00e0u dinh d\u01b0\u1ee1ng \u0111\u01b0\u1ee3c tr\u1ed3ng tr\u00ean Cao nguy\u00ean Pamir, th\u1ee9c u\u1ed1ng gi\u1ea3i kh\u00e1t s\u1ea3ng kho\u00e1i n\u00e0y ch\u1ee9a\u00a0<strong>\u226540% n\u01b0\u1edbc \u00e9p h\u1eafc mai bi\u1ec3n nguy\u00ean ch\u1ea5t<\/strong>v\u00e0 \u0111\u01b0\u1ee3c ch\u1ebf t\u1ea1o \u0111\u1ec3 h\u1ed7 tr\u1ee3 s\u1ee9c kh\u1ecfe c\u1ee7a b\u1ea1n t\u1eeb b\u00ean trong.<\/section>\n<section class=\"ybc-p\">C\u00e2y h\u1eafc mai bi\u1ec3n n\u1ed5i ti\u1ebfng v\u1edbi \u0111\u1eb7c t\u00ednh t\u1ef1 nhi\u00ean gi\u00fap \u0111i\u1ec1u h\u00f2a l\u00e1 l\u00e1ch v\u00e0 d\u1ea1 d\u00e0y. S\u1ef1 hi\u1ec7n di\u1ec7n c\u1ee7a\u00a0<strong>\u03b2-sitosterol-\u03b2-D-glucoside<\/strong>mang l\u1ea1i l\u1ee3i \u00edch ch\u1ed1ng lo\u00e9t b\u1eb1ng c\u00e1ch b\u1ea3o v\u1ec7 ni\u00eam m\u1ea1c d\u1ea1 d\u00e0y v\u00e0 gi\u1ea3m ti\u1ebft axit qu\u00e1 m\u1ee9c, t\u1eeb \u0111\u00f3 h\u1ed7 tr\u1ee3 ph\u1ee5c h\u1ed3i ni\u00eam m\u1ea1c d\u1ea1 d\u00e0y v\u00e0 gi\u1ea3m vi\u00eam. C\u00e1c h\u1ee3p ch\u1ea5t axit trong h\u1eafc mai bi\u1ec3n h\u1ed7 tr\u1ee3 ti\u00eau h\u00f3a, th\u00fac \u0111\u1ea9y ch\u1ee9c n\u0103ng l\u00e1 l\u00e1ch c\u00e2n b\u1eb1ng.<\/section>\n<section class=\"ybc-p\">\u0110\u00f3ng g\u00f3i v\u1edbi\u00a0<strong>vitamin C t\u1ef1 nhi\u00ean<\/strong>N\u01b0\u1edbc \u00e9p n\u00e0y gi\u00fap ch\u1ed1ng l\u1ea1i m\u1ec7t m\u1ecfi, h\u1ed7 tr\u1ee3 s\u1ee9c kh\u1ecfe m\u00e1u, b\u1ea3o v\u1ec7 \u0111\u01b0\u1eddng ti\u00eau h\u00f3a v\u00e0 t\u0103ng c\u01b0\u1eddng h\u1ec7 mi\u1ec5n d\u1ecbch b\u1eb1ng c\u00e1ch ch\u1ed1ng l\u1ea1i c\u00e1c g\u1ed1c t\u1ef1 do. V\u1edbi m\u00e0u s\u1eafc t\u01b0\u01a1i s\u00e1ng, h\u01b0\u01a1ng v\u1ecb t\u01b0\u01a1i m\u00e1t v\u00e0 v\u1ecb chua nh\u1eb9 c\u1ee7a h\u1eafc mai bi\u1ec3n, m\u1ed7i ng\u1ee5m n\u01b0\u1edbc mang \u0111\u1ebfn m\u1ed9t li\u1ec1u thu\u1ed1c b\u1ed5 d\u01b0\u1ee1ng d\u1ed3i d\u00e0o. M\u1eb7c d\u00f9 ch\u00fang ta kh\u00f4ng th\u1ec3 ng\u0103n ch\u1eb7n l\u00e3o h\u00f3a, nh\u01b0ng ch\u00fang ta c\u00f3 th\u1ec3 gi\u00fap l\u00e0m ch\u1eadm c\u00e1c d\u1ea5u hi\u1ec7u c\u1ee7a th\u1eddi gian - vi\u1ec7c s\u1eed d\u1ee5ng h\u1eafc mai bi\u1ec3n th\u01b0\u1eddng xuy\u00ean gi\u00fap duy tr\u00ec s\u1ee9c s\u1ed1ng cho l\u00e0n da v\u00e0 gi\u1eef g\u00ecn v\u1ebb t\u01b0\u01a1i tr\u1ebb r\u1ea1ng r\u1ee1.<\/section>\n<hr \/>\n<h3><strong>C\u00e1c t\u00ednh n\u0103ng ch\u00ednh<\/strong><\/h3>\n<ul class=\"ybc-ul-component\">\n<li class=\"ybc-li-component ybc-li-component_ul\">\n<section class=\"ybc-p\">\u00a0<strong>Th\u00e0nh ph\u1ea7n cao c\u1ea5p<\/strong>: \u0110\u01b0\u1ee3c l\u00e0m t\u1eeb c\u00e2y h\u1eafc mai bi\u1ec3n Trung \u00c1 \u0111\u01b0\u1ee3c tr\u1ed3ng tr\u00ean cao nguy\u00ean Pamir<\/section>\n<\/li>\n<li class=\"ybc-li-component ybc-li-component_ul\">\n<section class=\"ybc-p\">\u00a0<strong>H\u00e0m l\u01b0\u1ee3ng vitamin C cao<\/strong>: Gi\u00fap ch\u1ed1ng m\u1ec7t m\u1ecfi v\u00e0 t\u0103ng c\u01b0\u1eddng kh\u1ea3 n\u0103ng mi\u1ec5n d\u1ecbch<\/section>\n<\/li>\n<li class=\"ybc-li-component ybc-li-component_ul\">\n<section class=\"ybc-p\">\u00a0<strong>H\u1ed7 tr\u1ee3 ti\u00eau h\u00f3a<\/strong>: H\u1ed7 tr\u1ee3 b\u1ea3o v\u1ec7 ni\u00eam m\u1ea1c d\u1ea1 d\u00e0y v\u00e0 th\u00fac \u0111\u1ea9y ti\u00eau h\u00f3a kh\u1ecfe m\u1ea1nh<\/section>\n<\/li>\n<li class=\"ybc-li-component ybc-li-component_ul\">\n<section class=\"ybc-p\">\u00a0<strong>T\u1ef1 nhi\u00ean &amp; T\u01b0\u01a1i m\u00e1t<\/strong>: H\u01b0\u01a1ng v\u1ecb t\u01b0\u01a1i s\u00e1ng, chua nh\u1eb9 kh\u00f4ng c\u00f3 ch\u1ea5t ph\u1ee5 gia nh\u00e2n t\u1ea1o<\/section>\n<\/li>\n<li class=\"ybc-li-component ybc-li-component_ul\">\n<section class=\"ybc-p\">\u00a0<strong>V\u1ebb \u0111\u1eb9p t\u1eeb b\u00ean trong<\/strong>: C\u00f4ng th\u1ee9c gi\u00e0u ch\u1ea5t ch\u1ed1ng oxy h\u00f3a h\u1ed7 tr\u1ee3 s\u1ee9c kh\u1ecfe l\u00e0n da v\u00e0 l\u00e0m gi\u1ea3m c\u00e1c d\u1ea5u hi\u1ec7u l\u00e3o h\u00f3a r\u00f5 r\u1ec7t<\/section>\n<\/li>\n<\/ul>","protected":false},"excerpt":{"rendered":"<p>Kh\u00e1m ph\u00e1 h\u01b0\u01a1ng v\u1ecb t\u01b0\u01a1i m\u00e1t v\u00e0 l\u1ee3i \u00edch s\u1ee9c kh\u1ecfe c\u1ee7a N\u01b0\u1edbc \u00e9p H\u1eafc mai bi\u1ec3n Trung \u00c1 Jiangguocui. \u0110\u01b0\u1ee3c chi\u1ebft xu\u1ea5t t\u1eeb qu\u1ea3 h\u1eafc mai bi\u1ec3n Trung \u00c1 gi\u00e0u dinh d\u01b0\u1ee1ng \u0111\u01b0\u1ee3c tr\u1ed3ng tr\u00ean<span class=\"excerpt-hellip\"> [\u2026]<\/span><\/p>","protected":false},"featured_media":934,"comment_status":"open","ping_status":"closed","template":"","meta":[],"product_brand":[64],"product_cat":[63],"product_tag":[],"class_list":{"0":"post-933","1":"product","2":"type-product","3":"status-publish","4":"has-post-thumbnail","6":"product_brand-64","7":"product_cat-jiang_guo_cui","9":"first","10":"instock","11":"shipping-taxable","12":"product-type-external"},"yoast_head":"<!-- This site is optimized with the Yoast SEO Premium plugin v25.8 (Yoast SEO v25.8) - https:\/\/yoast.com\/wordpress\/plugins\/seo\/ -->\n<title>Xinjiang Fruit Extract Central Asian Small-Berry Sea Buckthorn Juice Beverage\u200b - Jiushidao - Global Food Marketplace for Business Growth and Cosumers<\/title>\n<meta name=\"robots\" content=\"index, follow, max-snippet:-1, max-image-preview:large, max-video-preview:-1\" \/>\n<link rel=\"canonical\" href=\"https:\/\/jiushidao.com\/vi\/san-pham\/xinjiang-fruit-extract-central-asian-small-berry-sea-buckthorn-juice-beverage\/\" \/>\n<meta property=\"og:locale\" content=\"vi_VN\" \/>\n<meta property=\"og:type\" content=\"article\" \/>\n<meta property=\"og:title\" content=\"Xinjiang Fruit Extract Central Asian Small-Berry Sea Buckthorn Juice Beverage\u200b\" \/>\n<meta property=\"og:description\" content=\"Discover the vibrant taste and wellness benefits of Jiangguocui Central Asian Sea Buckthorn Juice Beverage. Sourced from the nutrient-rich Central Asian sea buckthorn berries grown on [\u2026]\" \/>\n<meta property=\"og:url\" content=\"https:\/\/jiushidao.com\/vi\/san-pham\/xinjiang-fruit-extract-central-asian-small-berry-sea-buckthorn-juice-beverage\/\" \/>\n<meta property=\"og:site_name\" content=\"Jiushidao - Global Food Marketplace for Business Growth and Cosumers\" \/>\n<meta property=\"article:modified_time\" content=\"2025-12-23T22:48:34+00:00\" \/>\n<meta property=\"og:image\" content=\"https:\/\/jiushidao.com\/wp-content\/uploads\/2025\/10\/\u56fe\u72478-2.png\" \/>\n\t<meta property=\"og:image:width\" content=\"411\" \/>\n\t<meta property=\"og:image:height\" content=\"341\" \/>\n\t<meta property=\"og:image:type\" content=\"image\/png\" \/>\n<meta name=\"twitter:card\" content=\"summary_large_image\" \/>\n<meta name=\"twitter:label1\" content=\"\u01af\u1edbc t\u00ednh th\u1eddi gian \u0111\u1ecdc\" \/>\n\t<meta name=\"twitter:data1\" content=\"2 ph\u00fat\" \/>\n<script type=\"application\/ld+json\" class=\"yoast-schema-graph\">{\"@context\":\"https:\/\/schema.org\",\"@graph\":[{\"@type\":\"WebPage\",\"@id\":\"https:\/\/jiushidao.com\/product\/xinjiang-fruit-extract-central-asian-small-berry-sea-buckthorn-juice-beverage\/\",\"url\":\"https:\/\/jiushidao.com\/product\/xinjiang-fruit-extract-central-asian-small-berry-sea-buckthorn-juice-beverage\/\",\"name\":\"Xinjiang Fruit Extract Central Asian Small-Berry Sea Buckthorn Juice Beverage\u200b - Jiushidao - Global Food Marketplace for Business Growth and Cosumers\",\"isPartOf\":{\"@id\":\"https:\/\/jiushidao.com\/#website\"},\"primaryImageOfPage\":{\"@id\":\"https:\/\/jiushidao.com\/product\/xinjiang-fruit-extract-central-asian-small-berry-sea-buckthorn-juice-beverage\/#primaryimage\"},\"image\":{\"@id\":\"https:\/\/jiushidao.com\/product\/xinjiang-fruit-extract-central-asian-small-berry-sea-buckthorn-juice-beverage\/#primaryimage\"},\"thumbnailUrl\":\"https:\/\/jiushidao.com\/wp-content\/uploads\/2025\/10\/\u56fe\u72478-2.png\",\"datePublished\":\"2025-10-31T07:35:49+00:00\",\"dateModified\":\"2025-12-23T22:48:34+00:00\",\"breadcrumb\":{\"@id\":\"https:\/\/jiushidao.com\/product\/xinjiang-fruit-extract-central-asian-small-berry-sea-buckthorn-juice-beverage\/#breadcrumb\"},\"inLanguage\":\"vi\",\"potentialAction\":[{\"@type\":\"ReadAction\",\"target\":[\"https:\/\/jiushidao.com\/product\/xinjiang-fruit-extract-central-asian-small-berry-sea-buckthorn-juice-beverage\/\"]}]},{\"@type\":\"ImageObject\",\"inLanguage\":\"vi\",\"@id\":\"https:\/\/jiushidao.com\/product\/xinjiang-fruit-extract-central-asian-small-berry-sea-buckthorn-juice-beverage\/#primaryimage\",\"url\":\"https:\/\/jiushidao.com\/wp-content\/uploads\/2025\/10\/\u56fe\u72478-2.png\",\"contentUrl\":\"https:\/\/jiushidao.com\/wp-content\/uploads\/2025\/10\/\u56fe\u72478-2.png\",\"width\":411,\"height\":341},{\"@type\":\"BreadcrumbList\",\"@id\":\"https:\/\/jiushidao.com\/product\/xinjiang-fruit-extract-central-asian-small-berry-sea-buckthorn-juice-beverage\/#breadcrumb\",\"itemListElement\":[{\"@type\":\"ListItem\",\"position\":1,\"name\":\"Home\",\"item\":\"https:\/\/jiushidao.com\/\"},{\"@type\":\"ListItem\",\"position\":2,\"name\":\"Store\",\"item\":\"https:\/\/jiushidao.com\/store\/\"},{\"@type\":\"ListItem\",\"position\":3,\"name\":\"Xinjiang Fruit Extract Central Asian Small-Berry Sea Buckthorn Juice Beverage\u200b\"}]},{\"@type\":\"WebSite\",\"@id\":\"https:\/\/jiushidao.com\/#website\",\"url\":\"https:\/\/jiushidao.com\/\",\"name\":\"Jiushidao - Global Food Marketplace for Business Growth and Cosumers\",\"description\":\"Jiushidao - Global Food Marketplace for Business Growth and Cosumers\",\"potentialAction\":[{\"@type\":\"SearchAction\",\"target\":{\"@type\":\"EntryPoint\",\"urlTemplate\":\"https:\/\/jiushidao.com\/?s={search_term_string}\"},\"query-input\":{\"@type\":\"PropertyValueSpecification\",\"valueRequired\":true,\"valueName\":\"search_term_string\"}}],\"inLanguage\":\"vi\"}]}<\/script>\n<!-- \/ Yoast SEO Premium plugin. -->","yoast_head_json":{"title":"Xinjiang Fruit Extract Central Asian Small-Berry Sea Buckthorn Juice Beverage\u200b - Jiushidao - Global Food Marketplace for Business Growth and Cosumers","robots":{"index":"index","follow":"follow","max-snippet":"max-snippet:-1","max-image-preview":"max-image-preview:large","max-video-preview":"max-video-preview:-1"},"canonical":"https:\/\/jiushidao.com\/vi\/san-pham\/xinjiang-fruit-extract-central-asian-small-berry-sea-buckthorn-juice-beverage\/","og_locale":"vi_VN","og_type":"article","og_title":"Xinjiang Fruit Extract Central Asian Small-Berry Sea Buckthorn Juice Beverage\u200b","og_description":"Discover the vibrant taste and wellness benefits of Jiangguocui Central Asian Sea Buckthorn Juice Beverage. Sourced from the nutrient-rich Central Asian sea buckthorn berries grown on [\u2026]","og_url":"https:\/\/jiushidao.com\/vi\/san-pham\/xinjiang-fruit-extract-central-asian-small-berry-sea-buckthorn-juice-beverage\/","og_site_name":"Jiushidao - Global Food Marketplace for Business Growth and Cosumers","article_modified_time":"2025-12-23T22:48:34+00:00","og_image":[{"width":411,"height":341,"url":"https:\/\/jiushidao.com\/wp-content\/uploads\/2025\/10\/\u56fe\u72478-2.png","type":"image\/png"}],"twitter_card":"summary_large_image","twitter_misc":{"\u01af\u1edbc t\u00ednh th\u1eddi gian \u0111\u1ecdc":"2 ph\u00fat"},"schema":{"@context":"https:\/\/schema.org","@graph":[{"@type":"WebPage","@id":"https:\/\/jiushidao.com\/product\/xinjiang-fruit-extract-central-asian-small-berry-sea-buckthorn-juice-beverage\/","url":"https:\/\/jiushidao.com\/product\/xinjiang-fruit-extract-central-asian-small-berry-sea-buckthorn-juice-beverage\/","name":"Xinjiang Fruit Extract Central Asian Small-Berry Sea Buckthorn Juice Beverage\u200b - Jiushidao - Global Food Marketplace for Business Growth and Cosumers","isPartOf":{"@id":"https:\/\/jiushidao.com\/#website"},"primaryImageOfPage":{"@id":"https:\/\/jiushidao.com\/product\/xinjiang-fruit-extract-central-asian-small-berry-sea-buckthorn-juice-beverage\/#primaryimage"},"image":{"@id":"https:\/\/jiushidao.com\/product\/xinjiang-fruit-extract-central-asian-small-berry-sea-buckthorn-juice-beverage\/#primaryimage"},"thumbnailUrl":"https:\/\/jiushidao.com\/wp-content\/uploads\/2025\/10\/\u56fe\u72478-2.png","datePublished":"2025-10-31T07:35:49+00:00","dateModified":"2025-12-23T22:48:34+00:00","breadcrumb":{"@id":"https:\/\/jiushidao.com\/product\/xinjiang-fruit-extract-central-asian-small-berry-sea-buckthorn-juice-beverage\/#breadcrumb"},"inLanguage":"vi","potentialAction":[{"@type":"ReadAction","target":["https:\/\/jiushidao.com\/product\/xinjiang-fruit-extract-central-asian-small-berry-sea-buckthorn-juice-beverage\/"]}]},{"@type":"ImageObject","inLanguage":"vi","@id":"https:\/\/jiushidao.com\/product\/xinjiang-fruit-extract-central-asian-small-berry-sea-buckthorn-juice-beverage\/#primaryimage","url":"https:\/\/jiushidao.com\/wp-content\/uploads\/2025\/10\/\u56fe\u72478-2.png","contentUrl":"https:\/\/jiushidao.com\/wp-content\/uploads\/2025\/10\/\u56fe\u72478-2.png","width":411,"height":341},{"@type":"BreadcrumbList","@id":"https:\/\/jiushidao.com\/product\/xinjiang-fruit-extract-central-asian-small-berry-sea-buckthorn-juice-beverage\/#breadcrumb","itemListElement":[{"@type":"ListItem","position":1,"name":"Home","item":"https:\/\/jiushidao.com\/"},{"@type":"ListItem","position":2,"name":"Store","item":"https:\/\/jiushidao.com\/store\/"},{"@type":"ListItem","position":3,"name":"Xinjiang Fruit Extract Central Asian Small-Berry Sea Buckthorn Juice Beverage\u200b"}]},{"@type":"WebSite","@id":"https:\/\/jiushidao.com\/#website","url":"https:\/\/jiushidao.com\/","name":"Jiushidao - Global Food Marketplace for Business Growth and Cosumers","description":"Jiushidao - Global Food Marketplace for Business Growth and Cosumers","potentialAction":[{"@type":"SearchAction","target":{"@type":"EntryPoint","urlTemplate":"https:\/\/jiushidao.com\/?s={search_term_string}"},"query-input":{"@type":"PropertyValueSpecification","valueRequired":true,"valueName":"search_term_string"}}],"inLanguage":"vi"}]}},"_links":{"self":[{"href":"https:\/\/jiushidao.com\/vi\/wp-json\/wp\/v2\/product\/933","targetHints":{"allow":["GET"]}}],"collection":[{"href":"https:\/\/jiushidao.com\/vi\/wp-json\/wp\/v2\/product"}],"about":[{"href":"https:\/\/jiushidao.com\/vi\/wp-json\/wp\/v2\/types\/product"}],"replies":[{"embeddable":true,"href":"https:\/\/jiushidao.com\/vi\/wp-json\/wp\/v2\/comments?post=933"}],"version-history":[{"count":1,"href":"https:\/\/jiushidao.com\/vi\/wp-json\/wp\/v2\/product\/933\/revisions"}],"predecessor-version":[{"id":935,"href":"https:\/\/jiushidao.com\/vi\/wp-json\/wp\/v2\/product\/933\/revisions\/935"}],"wp:featuredmedia":[{"embeddable":true,"href":"https:\/\/jiushidao.com\/vi\/wp-json\/wp\/v2\/media\/934"}],"wp:attachment":[{"href":"https:\/\/jiushidao.com\/vi\/wp-json\/wp\/v2\/media?parent=933"}],"wp:term":[{"taxonomy":"product_brand","embeddable":true,"href":"https:\/\/jiushidao.com\/vi\/wp-json\/wp\/v2\/product_brand?post=933"},{"taxonomy":"product_cat","embeddable":true,"href":"https:\/\/jiushidao.com\/vi\/wp-json\/wp\/v2\/product_cat?post=933"},{"taxonomy":"product_tag","embeddable":true,"href":"https:\/\/jiushidao.com\/vi\/wp-json\/wp\/v2\/product_tag?post=933"}],"curies":[{"name":"wp","href":"https:\/\/api.w.org\/{rel}","templated":true}]}}