{"id":926,"date":"2025-10-31T05:25:51","date_gmt":"2025-10-31T05:25:51","guid":{"rendered":"https:\/\/jiushidao.com\/?post_type=product&#038;p=926"},"modified":"2025-10-31T05:25:52","modified_gmt":"2025-10-31T05:25:52","slug":"xinjiang-fruit-extract-nfc-black-mulberry-puree","status":"publish","type":"product","link":"https:\/\/jiushidao.com\/vi\/san-pham\/xinjiang-fruit-extract-nfc-black-mulberry-puree\/","title":{"rendered":"Chi\u1ebft xu\u1ea5t tr\u00e1i c\u00e2y T\u00e2n C\u01b0\u01a1ng NFC D\u00e2u t\u1eb1m \u0111en xay nhuy\u1ec5n"},"content":{"rendered":"<section class=\"ybc-p\">Kh\u00e1m ph\u00e1 h\u01b0\u01a1ng v\u1ecb \u0111\u1eadm \u0111\u00e0, m\u1ec1m m\u1ea1i c\u1ee7a d\u00e2u t\u1eb1m ngon nh\u1ea5t T\u00e2n C\u01b0\u01a1ng v\u1edbi\u00a0<strong>Jiangguocui NFC d\u00e2u t\u1eb1m \u0111en xay nhuy\u1ec5n<\/strong>C\u00f3 ngu\u1ed3n g\u1ed1c t\u1eeb Kashgar - n\u1ed5i ti\u1ebfng l\u00e0 &quot;Qu\u00ea h\u01b0\u01a1ng c\u1ee7a D\u00e2u t\u1eb1m&quot; - d\u00e2u t\u1eb1m \u0111en c\u1ee7a ch\u00fang t\u00f4i \u0111\u01b0\u1ee3c tr\u1ed3ng tr\u00ean \u1ed1c \u0111\u1ea3o \u0111\u1ed9c \u0111\u00e1o gi\u1eefa sa m\u1ea1c Taklamakan v\u00e0 d\u00e3y n\u00fai T\u00e2y C\u00f4n L\u00f4n. \u0110\u01b0\u1ee3c nu\u00f4i d\u01b0\u1ee1ng b\u1edfi \u0111\u1ea5t \u0111ai gi\u00e0u kho\u00e1ng ch\u1ea5t, \u00e1nh n\u1eafng m\u1eb7t tr\u1eddi d\u1ed3i d\u00e0o, ngu\u1ed3n n\u01b0\u1edbc tinh khi\u1ebft v\u00e0 s\u1ef1 thay \u0111\u1ed5i nhi\u1ec7t \u0111\u1ed9 \u0111\u00e1ng k\u1ec3 gi\u1eefa ng\u00e0y v\u00e0 \u0111\u00eam, nh\u1eefng qu\u1ea3 d\u00e2u t\u1eb1m n\u00e0y c\u00f3 m\u00e0u s\u1eafc \u0111\u1eadm \u0111\u00e0, k\u1ebft c\u1ea5u m\u1ecdng n\u01b0\u1edbc v\u00e0 h\u01b0\u01a1ng v\u1ecb chua ng\u1ecdt \u0111\u1eb7c tr\u01b0ng.<\/section>\n<section class=\"ybc-p\">S\u1eed d\u1ee5ng c\u00f4ng ngh\u1ec7 NFC (Kh\u00f4ng t\u1eeb ch\u1ea5t c\u00f4 \u0111\u1eb7c), ch\u00fang t\u00f4i \u00e9p l\u1ea1nh qu\u1ea3 d\u00e2u t\u1eb1m b\u00ean trong\u00a0<strong>24 gi\u1edd thu ho\u1ea1ch<\/strong>\u0111\u1ec3 gi\u1eef l\u1ea1i c\u00e1c ch\u1ea5t dinh d\u01b0\u1ee1ng t\u1ef1 nhi\u00ean v\u00e0 h\u01b0\u01a1ng v\u1ecb phong ph\u00fa c\u1ee7a ch\u00fang. M\u1ed7i t\u00fai ch\u1ee9a l\u01b0\u1ee3ng t\u01b0\u01a1ng \u0111\u01b0\u01a1ng\u00a0<strong>kho\u1ea3ng 55 qu\u1ea3 d\u00e2u t\u1eb1m Kashgar t\u01b0\u01a1i<\/strong>, kh\u00f4ng ch\u1ea5t ph\u1ee5 gia\u2014kh\u00f4ng ch\u1ea5t b\u1ea3o qu\u1ea3n, kh\u00f4ng n\u01b0\u1edbc hay \u0111\u01b0\u1eddng. \u0110\u01b0\u1ee3c \u0111\u00f3ng g\u00f3i trong t\u00fai nh\u00f4m cao c\u1ea5p, d\u01b0\u1edbi s\u1ef1 b\u1ea3o v\u1ec7 c\u1ee7a kh\u00ed tr\u01a1, s\u1ea3n ph\u1ea9m xay nhuy\u1ec5n n\u00e0y mang \u0111\u1ebfn h\u01b0\u01a1ng v\u1ecb \u0111\u00edch th\u1ef1c v\u00e0 l\u1ee3i \u00edch s\u1ee9c kh\u1ecfe c\u1ee7a d\u00e2u t\u1eb1m t\u01b0\u01a1i m\u1edbi h\u00e1i tr\u1ef1c ti\u1ebfp \u0111\u1ebfn b\u1ea1n.<\/section>\n<hr \/>\n<h3><strong>C\u00e1c t\u00ednh n\u0103ng ch\u00ednh<\/strong><\/h3>\n<ul class=\"ybc-ul-component\">\n<li class=\"ybc-li-component ybc-li-component_ul\">\n<section class=\"ybc-p\">\u00a0<strong>D\u00e2u t\u1eb1m \u0111en nguy\u00ean ch\u1ea5t<\/strong>: \u0110\u01b0\u1ee3c tr\u1ed3ng trong m\u00f4i tr\u01b0\u1eddng \u1ed1c \u0111\u1ea3o l\u00fd t\u01b0\u1edfng c\u1ee7a Kashgar \u0111\u1ec3 c\u00f3 h\u01b0\u01a1ng v\u1ecb phong ph\u00fa<\/section>\n<\/li>\n<li class=\"ybc-li-component ybc-li-component_ul\">\n<section class=\"ybc-p\">\u00a0<strong>\u00c9p l\u1ea1nh trong v\u00f2ng 24 gi\u1edd<\/strong>: Gi\u1eef nguy\u00ean \u0111\u1ed9 t\u01b0\u01a1i, ch\u1ea5t dinh d\u01b0\u1ee1ng v\u00e0 v\u1ecb ng\u1ecdt t\u1ef1 nhi\u00ean<\/section>\n<\/li>\n<li class=\"ybc-li-component ybc-li-component_ul\">\n<section class=\"ybc-p\">\u00a0<strong>Kh\u00f4ng c\u00f3 ch\u1ea5t ph\u1ee5 gia<\/strong>: Ch\u1ec9 c\u00f3 100% n\u01b0\u1edbc \u00e9p d\u00e2u t\u1eb1m\u2014nguy\u00ean ch\u1ea5t v\u00e0 kh\u00f4ng pha lo\u00e3ng<\/section>\n<\/li>\n<li class=\"ybc-li-component ybc-li-component_ul\">\n<section class=\"ybc-p\">\u00a0<strong>Bao b\u00ec ti\u00ean ti\u1ebfn<\/strong>: T\u00fai l\u00f3t nh\u00f4m c\u00f3 l\u1edbp b\u1ea3o v\u1ec7 b\u1eb1ng kh\u00ed tr\u01a1 gi\u00fap gi\u1eef l\u1ea1i ch\u1ea5t dinh d\u01b0\u1ee1ng<\/section>\n<\/li>\n<li class=\"ybc-li-component ybc-li-component_ul\">\n<section class=\"ybc-p\">\u00a0<strong>C\u00f4ng ngh\u1ec7 NFC<\/strong>: Kh\u00f4ng ph\u1ea3i t\u1eeb ch\u1ea5t c\u00f4 \u0111\u1eb7c\u2014h\u01b0\u01a1ng v\u1ecb v\u00e0 m\u00f9i th\u01a1m \u0111\u1eadm \u0111\u00e0 \u0111\u01b0\u1ee3c b\u1ea3o qu\u1ea3n<\/section>\n<\/li>\n<\/ul>","protected":false},"excerpt":{"rendered":"<p>Kh\u00e1m ph\u00e1 h\u01b0\u01a1ng v\u1ecb \u0111\u1eadm \u0111\u00e0, m\u1ec1m m\u1ea1i c\u1ee7a d\u00e2u t\u1eb1m th\u01b0\u1ee3ng h\u1ea1ng T\u00e2n C\u01b0\u01a1ng v\u1edbi D\u00e2u t\u1eb1m \u0111en nghi\u1ec1n NFC Jiangguocui. C\u00f3 ngu\u1ed3n g\u1ed1c t\u1eeb Kashgar - n\u1ed5i ti\u1ebfng l\u00e0 &quot;Qu\u00ea h\u01b0\u01a1ng c\u1ee7a D\u00e2u t\u1eb1m&quot; - d\u00e2u t\u1eb1m \u0111en c\u1ee7a ch\u00fang t\u00f4i \u0111\u01b0\u1ee3c tr\u1ed3ng t\u1ea1i<span class=\"excerpt-hellip\"> [\u2026]<\/span><\/p>","protected":false},"featured_media":927,"comment_status":"open","ping_status":"closed","template":"","meta":[],"product_brand":[64],"product_cat":[63],"product_tag":[],"class_list":{"0":"post-926","1":"product","2":"type-product","3":"status-publish","4":"has-post-thumbnail","6":"product_brand-64","7":"product_cat-jiang_guo_cui","9":"first","10":"instock","11":"shipping-taxable","12":"product-type-simple"},"yoast_head":"<!-- This site is optimized with the Yoast SEO Premium plugin v25.8 (Yoast SEO v25.8) - https:\/\/yoast.com\/wordpress\/plugins\/seo\/ -->\n<title>Xinjiang Fruit Extract NFC Black Mulberry Puree - Jiushidao - Global Food Marketplace for Business Growth and Cosumers<\/title>\n<meta name=\"robots\" content=\"index, follow, max-snippet:-1, max-image-preview:large, max-video-preview:-1\" \/>\n<link rel=\"canonical\" href=\"https:\/\/jiushidao.com\/vi\/san-pham\/xinjiang-fruit-extract-nfc-black-mulberry-puree\/\" \/>\n<meta property=\"og:locale\" content=\"vi_VN\" \/>\n<meta property=\"og:type\" content=\"article\" \/>\n<meta property=\"og:title\" content=\"Xinjiang Fruit Extract NFC Black Mulberry Puree\" \/>\n<meta property=\"og:description\" content=\"Discover the rich, velvety taste of Xinjiang&#8217;s finest mulberries with\u00a0Jiangguocui NFC Black Mulberry Puree. Sourced from Kashgar\u2014renowned as the &#8220;Hometown of Mulberries&#8221;\u2014our black mulberries grow in [\u2026]\" \/>\n<meta property=\"og:url\" content=\"https:\/\/jiushidao.com\/vi\/san-pham\/xinjiang-fruit-extract-nfc-black-mulberry-puree\/\" \/>\n<meta property=\"og:site_name\" content=\"Jiushidao - Global Food Marketplace for Business Growth and Cosumers\" \/>\n<meta property=\"article:modified_time\" content=\"2025-10-31T05:25:52+00:00\" \/>\n<meta property=\"og:image\" content=\"https:\/\/jiushidao.com\/wp-content\/uploads\/2025\/10\/\u56fe\u72476-3.png\" \/>\n\t<meta property=\"og:image:width\" content=\"400\" \/>\n\t<meta property=\"og:image:height\" content=\"400\" \/>\n\t<meta property=\"og:image:type\" content=\"image\/png\" \/>\n<meta name=\"twitter:card\" content=\"summary_large_image\" \/>\n<meta name=\"twitter:label1\" content=\"\u01af\u1edbc t\u00ednh th\u1eddi gian \u0111\u1ecdc\" \/>\n\t<meta name=\"twitter:data1\" content=\"2 ph\u00fat\" \/>\n<script type=\"application\/ld+json\" class=\"yoast-schema-graph\">{\"@context\":\"https:\/\/schema.org\",\"@graph\":[{\"@type\":\"WebPage\",\"@id\":\"https:\/\/jiushidao.com\/product\/xinjiang-fruit-extract-nfc-black-mulberry-puree\/\",\"url\":\"https:\/\/jiushidao.com\/product\/xinjiang-fruit-extract-nfc-black-mulberry-puree\/\",\"name\":\"Xinjiang Fruit Extract NFC Black Mulberry Puree - Jiushidao - Global Food Marketplace for Business Growth and Cosumers\",\"isPartOf\":{\"@id\":\"https:\/\/jiushidao.com\/#website\"},\"primaryImageOfPage\":{\"@id\":\"https:\/\/jiushidao.com\/product\/xinjiang-fruit-extract-nfc-black-mulberry-puree\/#primaryimage\"},\"image\":{\"@id\":\"https:\/\/jiushidao.com\/product\/xinjiang-fruit-extract-nfc-black-mulberry-puree\/#primaryimage\"},\"thumbnailUrl\":\"https:\/\/jiushidao.com\/wp-content\/uploads\/2025\/10\/\u56fe\u72476-3.png\",\"datePublished\":\"2025-10-31T05:25:51+00:00\",\"dateModified\":\"2025-10-31T05:25:52+00:00\",\"breadcrumb\":{\"@id\":\"https:\/\/jiushidao.com\/product\/xinjiang-fruit-extract-nfc-black-mulberry-puree\/#breadcrumb\"},\"inLanguage\":\"vi\",\"potentialAction\":[{\"@type\":\"ReadAction\",\"target\":[\"https:\/\/jiushidao.com\/product\/xinjiang-fruit-extract-nfc-black-mulberry-puree\/\"]}]},{\"@type\":\"ImageObject\",\"inLanguage\":\"vi\",\"@id\":\"https:\/\/jiushidao.com\/product\/xinjiang-fruit-extract-nfc-black-mulberry-puree\/#primaryimage\",\"url\":\"https:\/\/jiushidao.com\/wp-content\/uploads\/2025\/10\/\u56fe\u72476-3.png\",\"contentUrl\":\"https:\/\/jiushidao.com\/wp-content\/uploads\/2025\/10\/\u56fe\u72476-3.png\",\"width\":400,\"height\":400},{\"@type\":\"BreadcrumbList\",\"@id\":\"https:\/\/jiushidao.com\/product\/xinjiang-fruit-extract-nfc-black-mulberry-puree\/#breadcrumb\",\"itemListElement\":[{\"@type\":\"ListItem\",\"position\":1,\"name\":\"Home\",\"item\":\"https:\/\/jiushidao.com\/\"},{\"@type\":\"ListItem\",\"position\":2,\"name\":\"Store\",\"item\":\"https:\/\/jiushidao.com\/store\/\"},{\"@type\":\"ListItem\",\"position\":3,\"name\":\"Xinjiang Fruit Extract NFC Black Mulberry Puree\"}]},{\"@type\":\"WebSite\",\"@id\":\"https:\/\/jiushidao.com\/#website\",\"url\":\"https:\/\/jiushidao.com\/\",\"name\":\"Jiushidao - Global Food Marketplace for Business Growth and Cosumers\",\"description\":\"Jiushidao - Global Food Marketplace for Business Growth and Cosumers\",\"potentialAction\":[{\"@type\":\"SearchAction\",\"target\":{\"@type\":\"EntryPoint\",\"urlTemplate\":\"https:\/\/jiushidao.com\/?s={search_term_string}\"},\"query-input\":{\"@type\":\"PropertyValueSpecification\",\"valueRequired\":true,\"valueName\":\"search_term_string\"}}],\"inLanguage\":\"vi\"}]}<\/script>\n<!-- \/ Yoast SEO Premium plugin. -->","yoast_head_json":{"title":"Xinjiang Fruit Extract NFC Black Mulberry Puree - Jiushidao - Global Food Marketplace for Business Growth and Cosumers","robots":{"index":"index","follow":"follow","max-snippet":"max-snippet:-1","max-image-preview":"max-image-preview:large","max-video-preview":"max-video-preview:-1"},"canonical":"https:\/\/jiushidao.com\/vi\/san-pham\/xinjiang-fruit-extract-nfc-black-mulberry-puree\/","og_locale":"vi_VN","og_type":"article","og_title":"Xinjiang Fruit Extract NFC Black Mulberry Puree","og_description":"Discover the rich, velvety taste of Xinjiang&#8217;s finest mulberries with\u00a0Jiangguocui NFC Black Mulberry Puree. Sourced from Kashgar\u2014renowned as the &#8220;Hometown of Mulberries&#8221;\u2014our black mulberries grow in [\u2026]","og_url":"https:\/\/jiushidao.com\/vi\/san-pham\/xinjiang-fruit-extract-nfc-black-mulberry-puree\/","og_site_name":"Jiushidao - Global Food Marketplace for Business Growth and Cosumers","article_modified_time":"2025-10-31T05:25:52+00:00","og_image":[{"width":400,"height":400,"url":"https:\/\/jiushidao.com\/wp-content\/uploads\/2025\/10\/\u56fe\u72476-3.png","type":"image\/png"}],"twitter_card":"summary_large_image","twitter_misc":{"\u01af\u1edbc t\u00ednh th\u1eddi gian \u0111\u1ecdc":"2 ph\u00fat"},"schema":{"@context":"https:\/\/schema.org","@graph":[{"@type":"WebPage","@id":"https:\/\/jiushidao.com\/product\/xinjiang-fruit-extract-nfc-black-mulberry-puree\/","url":"https:\/\/jiushidao.com\/product\/xinjiang-fruit-extract-nfc-black-mulberry-puree\/","name":"Xinjiang Fruit Extract NFC Black Mulberry Puree - Jiushidao - Global Food Marketplace for Business Growth and Cosumers","isPartOf":{"@id":"https:\/\/jiushidao.com\/#website"},"primaryImageOfPage":{"@id":"https:\/\/jiushidao.com\/product\/xinjiang-fruit-extract-nfc-black-mulberry-puree\/#primaryimage"},"image":{"@id":"https:\/\/jiushidao.com\/product\/xinjiang-fruit-extract-nfc-black-mulberry-puree\/#primaryimage"},"thumbnailUrl":"https:\/\/jiushidao.com\/wp-content\/uploads\/2025\/10\/\u56fe\u72476-3.png","datePublished":"2025-10-31T05:25:51+00:00","dateModified":"2025-10-31T05:25:52+00:00","breadcrumb":{"@id":"https:\/\/jiushidao.com\/product\/xinjiang-fruit-extract-nfc-black-mulberry-puree\/#breadcrumb"},"inLanguage":"vi","potentialAction":[{"@type":"ReadAction","target":["https:\/\/jiushidao.com\/product\/xinjiang-fruit-extract-nfc-black-mulberry-puree\/"]}]},{"@type":"ImageObject","inLanguage":"vi","@id":"https:\/\/jiushidao.com\/product\/xinjiang-fruit-extract-nfc-black-mulberry-puree\/#primaryimage","url":"https:\/\/jiushidao.com\/wp-content\/uploads\/2025\/10\/\u56fe\u72476-3.png","contentUrl":"https:\/\/jiushidao.com\/wp-content\/uploads\/2025\/10\/\u56fe\u72476-3.png","width":400,"height":400},{"@type":"BreadcrumbList","@id":"https:\/\/jiushidao.com\/product\/xinjiang-fruit-extract-nfc-black-mulberry-puree\/#breadcrumb","itemListElement":[{"@type":"ListItem","position":1,"name":"Home","item":"https:\/\/jiushidao.com\/"},{"@type":"ListItem","position":2,"name":"Store","item":"https:\/\/jiushidao.com\/store\/"},{"@type":"ListItem","position":3,"name":"Xinjiang Fruit Extract NFC Black Mulberry Puree"}]},{"@type":"WebSite","@id":"https:\/\/jiushidao.com\/#website","url":"https:\/\/jiushidao.com\/","name":"Jiushidao - Global Food Marketplace for Business Growth and Cosumers","description":"Jiushidao - Global Food Marketplace for Business Growth and Cosumers","potentialAction":[{"@type":"SearchAction","target":{"@type":"EntryPoint","urlTemplate":"https:\/\/jiushidao.com\/?s={search_term_string}"},"query-input":{"@type":"PropertyValueSpecification","valueRequired":true,"valueName":"search_term_string"}}],"inLanguage":"vi"}]}},"_links":{"self":[{"href":"https:\/\/jiushidao.com\/vi\/wp-json\/wp\/v2\/product\/926","targetHints":{"allow":["GET"]}}],"collection":[{"href":"https:\/\/jiushidao.com\/vi\/wp-json\/wp\/v2\/product"}],"about":[{"href":"https:\/\/jiushidao.com\/vi\/wp-json\/wp\/v2\/types\/product"}],"replies":[{"embeddable":true,"href":"https:\/\/jiushidao.com\/vi\/wp-json\/wp\/v2\/comments?post=926"}],"version-history":[{"count":1,"href":"https:\/\/jiushidao.com\/vi\/wp-json\/wp\/v2\/product\/926\/revisions"}],"predecessor-version":[{"id":928,"href":"https:\/\/jiushidao.com\/vi\/wp-json\/wp\/v2\/product\/926\/revisions\/928"}],"wp:featuredmedia":[{"embeddable":true,"href":"https:\/\/jiushidao.com\/vi\/wp-json\/wp\/v2\/media\/927"}],"wp:attachment":[{"href":"https:\/\/jiushidao.com\/vi\/wp-json\/wp\/v2\/media?parent=926"}],"wp:term":[{"taxonomy":"product_brand","embeddable":true,"href":"https:\/\/jiushidao.com\/vi\/wp-json\/wp\/v2\/product_brand?post=926"},{"taxonomy":"product_cat","embeddable":true,"href":"https:\/\/jiushidao.com\/vi\/wp-json\/wp\/v2\/product_cat?post=926"},{"taxonomy":"product_tag","embeddable":true,"href":"https:\/\/jiushidao.com\/vi\/wp-json\/wp\/v2\/product_tag?post=926"}],"curies":[{"name":"wp","href":"https:\/\/api.w.org\/{rel}","templated":true}]}}