{"id":923,"date":"2025-10-31T05:06:43","date_gmt":"2025-10-31T05:06:43","guid":{"rendered":"https:\/\/jiushidao.com\/?post_type=product&#038;p=923"},"modified":"2025-10-31T05:06:44","modified_gmt":"2025-10-31T05:06:44","slug":"xinjiang-fruit-extract-nfc-muyage-apricot-juice-not-from-concentrate","status":"publish","type":"product","link":"https:\/\/jiushidao.com\/vi\/san-pham\/xinjiang-fruit-extract-nfc-muyage-apricot-juice-not-from-concentrate\/","title":{"rendered":"Chi\u1ebft xu\u1ea5t tr\u00e1i c\u00e2y T\u00e2n C\u01b0\u01a1ng NFC N\u01b0\u1edbc \u00e9p m\u01a1 Muyage (Kh\u00f4ng ph\u1ea3i t\u1eeb d\u1ea1ng c\u00f4 \u0111\u1eb7c)"},"content":{"rendered":"<section class=\"ybc-p\">Th\u01b0\u1edfng th\u1ee9c h\u01b0\u01a1ng v\u1ecb tinh khi\u1ebft, ch\u00edn m\u1ecdng d\u01b0\u1edbi \u00e1nh n\u1eafng m\u1eb7t tr\u1eddi c\u1ee7a T\u00e2n C\u01b0\u01a1ng v\u1edbi\u00a0<strong>N\u01b0\u1edbc \u00e9p m\u01a1 Jiangguocui NFC Muyage<\/strong>C\u00f3 ngu\u1ed3n g\u1ed1c t\u1eeb Kashgar - \u0111\u01b0\u1ee3c m\u1ec7nh danh l\u00e0 &quot;Qu\u00ea h\u01b0\u01a1ng c\u1ee7a m\u01a1&quot; - m\u01a1 Muyage c\u1ee7a ch\u00fang t\u00f4i ph\u00e1t tri\u1ec3n m\u1ea1nh m\u1ebd tr\u00ean \u1ed1c \u0111\u1ea3o \u0111\u1ed9c \u0111\u00e1o gi\u1eefa sa m\u1ea1c Taklamakan v\u00e0 d\u00e3y n\u00fai T\u00e2y C\u00f4n L\u00f4n. \u0110\u01b0\u1ee3c nu\u00f4i d\u01b0\u1ee1ng b\u1edfi \u0111\u1ea5t \u0111ai gi\u00e0u kho\u00e1ng ch\u1ea5t, \u00e1nh n\u1eafng chan h\u00f2a, ngu\u1ed3n n\u01b0\u1edbc tinh khi\u1ebft v\u00e0 s\u1ef1 ch\u00eanh l\u1ec7ch nhi\u1ec7t \u0111\u1ed9 \u0111\u00e1ng k\u1ec3 gi\u1eefa ng\u00e0y v\u00e0 \u0111\u00eam, nh\u1eefng qu\u1ea3 m\u01a1 n\u00e0y mang \u0111\u1ebfn h\u01b0\u01a1ng th\u01a1m \u0111\u1eb7c bi\u1ec7t, k\u1ebft c\u1ea5u m\u1ecdng n\u01b0\u1edbc v\u00e0 h\u01b0\u01a1ng v\u1ecb \u0111\u1eadm \u0111\u00e0.<\/section>\n<section class=\"ybc-p\">S\u1eed d\u1ee5ng c\u00f4ng ngh\u1ec7 NFC (Kh\u00f4ng ph\u1ea3i t\u1eeb ch\u1ea5t c\u00f4 \u0111\u1eb7c), ch\u00fang t\u00f4i \u00e9p l\u1ea1nh qu\u1ea3 m\u01a1 b\u00ean trong\u00a0<strong>24 gi\u1edd thu ho\u1ea1ch<\/strong>\u0111\u1ec3 gi\u1eef nguy\u00ean v\u1ecb ng\u1ecdt t\u1ef1 nhi\u00ean v\u00e0 d\u01b0\u1ee1ng ch\u1ea5t phong ph\u00fa. Th\u00e0nh qu\u1ea3 l\u00e0 n\u01b0\u1edbc \u00e9p m\u01a1 nguy\u00ean ch\u1ea5t 100% kh\u00f4ng ph\u1ee5 gia - kh\u00f4ng ch\u1ea5t b\u1ea3o qu\u1ea3n, kh\u00f4ng n\u01b0\u1edbc hay \u0111\u01b0\u1eddng. \u0110\u01b0\u1ee3c \u0111\u00f3ng g\u00f3i trong t\u00fai nh\u00f4m cao c\u1ea5p, d\u01b0\u1edbi s\u1ef1 b\u1ea3o v\u1ec7 kh\u00ed tr\u01a1, lo\u1ea1i n\u01b0\u1edbc \u00e9p n\u00e0y mang \u0111\u1ebfn h\u01b0\u01a1ng v\u1ecb v\u00e0 d\u01b0\u1ee1ng ch\u1ea5t \u0111\u00edch th\u1ef1c c\u1ee7a nh\u1eefng qu\u1ea3 m\u01a1 t\u01b0\u01a1i ngon ngay t\u1ea1i ch\u1ed7.<\/section>\n<hr \/>\n<h3><strong>C\u00e1c t\u00ednh n\u0103ng ch\u00ednh<\/strong><\/h3>\n<ul class=\"ybc-ul-component\">\n<li class=\"ybc-li-component ybc-li-component_ul\">\n<section class=\"ybc-p\">\u00a0<strong>M\u01a1 Muyage nguy\u00ean ch\u1ea5t<\/strong>: \u0110\u01b0\u1ee3c tr\u1ed3ng trong m\u00f4i tr\u01b0\u1eddng \u1ed1c \u0111\u1ea3o l\u00fd t\u01b0\u1edfng c\u1ee7a Kashgar \u0111\u1ec3 c\u00f3 h\u01b0\u01a1ng v\u1ecb \u0111\u1eadm \u0111\u00e0<\/section>\n<\/li>\n<li class=\"ybc-li-component ybc-li-component_ul\">\n<section class=\"ybc-p\">\u00a0<strong>\u00c9p l\u1ea1nh trong v\u00f2ng 24 gi\u1edd<\/strong>: Gi\u1eef nguy\u00ean \u0111\u1ed9 t\u01b0\u01a1i, ch\u1ea5t dinh d\u01b0\u1ee1ng v\u00e0 v\u1ecb ng\u1ecdt t\u1ef1 nhi\u00ean<\/section>\n<\/li>\n<li class=\"ybc-li-component ybc-li-component_ul\">\n<section class=\"ybc-p\">\u00a0<strong>Kh\u00f4ng c\u00f3 ch\u1ea5t ph\u1ee5 gia<\/strong>: Ch\u1ec9 c\u00f3 100% n\u01b0\u1edbc \u00e9p m\u01a1\u2014s\u1ea1ch, tinh khi\u1ebft v\u00e0 kh\u00f4ng pha lo\u00e3ng<\/section>\n<\/li>\n<li class=\"ybc-li-component ybc-li-component_ul\">\n<section class=\"ybc-p\">\u00a0<strong>Bao b\u00ec ti\u00ean ti\u1ebfn<\/strong>: T\u00fai l\u00f3t nh\u00f4m c\u00f3 l\u1edbp b\u1ea3o v\u1ec7 b\u1eb1ng kh\u00ed tr\u01a1 gi\u00fap gi\u1eef l\u1ea1i ch\u1ea5t dinh d\u01b0\u1ee1ng t\u1ed1i \u0111a<\/section>\n<\/li>\n<li class=\"ybc-li-component ybc-li-component_ul\">\n<section class=\"ybc-p\">\u00a0<strong>C\u00f4ng ngh\u1ec7 NFC<\/strong>: Kh\u00f4ng ph\u1ea3i t\u1eeb ch\u1ea5t c\u00f4 \u0111\u1eb7c\u2014h\u01b0\u01a1ng v\u1ecb v\u00e0 m\u00f9i th\u01a1m \u0111\u1eadm \u0111\u00e0 \u0111\u01b0\u1ee3c b\u1ea3o qu\u1ea3n<\/section>\n<\/li>\n<\/ul>","protected":false},"excerpt":{"rendered":"<p>H\u00e3y t\u1eadn h\u01b0\u1edfng h\u01b0\u01a1ng v\u1ecb tinh khi\u1ebft, ch\u00edn m\u1ecdng d\u01b0\u1edbi \u00e1nh n\u1eafng m\u1eb7t tr\u1eddi c\u1ee7a T\u00e2n C\u01b0\u01a1ng v\u1edbi N\u01b0\u1edbc \u00e9p m\u01a1 Muyage c\u1ee7a Jiangguocui NFC. C\u00f3 ngu\u1ed3n g\u1ed1c t\u1eeb Kashgar - \u0111\u01b0\u1ee3c m\u1ec7nh danh l\u00e0 &quot;Qu\u00ea h\u01b0\u01a1ng c\u1ee7a m\u01a1&quot; - m\u01a1 Muyage c\u1ee7a ch\u00fang t\u00f4i ph\u00e1t tri\u1ec3n m\u1ea1nh m\u1ebd trong<span class=\"excerpt-hellip\"> [\u2026]<\/span><\/p>","protected":false},"featured_media":924,"comment_status":"open","ping_status":"closed","template":"","meta":[],"product_brand":[64],"product_cat":[63],"product_tag":[],"class_list":{"0":"post-923","1":"product","2":"type-product","3":"status-publish","4":"has-post-thumbnail","6":"product_brand-64","7":"product_cat-jiang_guo_cui","9":"first","10":"instock","11":"shipping-taxable","12":"product-type-simple"},"yoast_head":"<!-- This site is optimized with the Yoast SEO Premium plugin v25.8 (Yoast SEO v25.8) - https:\/\/yoast.com\/wordpress\/plugins\/seo\/ -->\n<title>Xinjiang Fruit Extract NFC Muyage Apricot Juice (Not From Concentrate) - Jiushidao - Global Food Marketplace for Business Growth and Cosumers<\/title>\n<meta name=\"robots\" content=\"index, follow, max-snippet:-1, max-image-preview:large, max-video-preview:-1\" \/>\n<link rel=\"canonical\" href=\"https:\/\/jiushidao.com\/vi\/san-pham\/xinjiang-fruit-extract-nfc-muyage-apricot-juice-not-from-concentrate\/\" \/>\n<meta property=\"og:locale\" content=\"vi_VN\" \/>\n<meta property=\"og:type\" content=\"article\" \/>\n<meta property=\"og:title\" content=\"Xinjiang Fruit Extract NFC Muyage Apricot Juice (Not From Concentrate)\" \/>\n<meta property=\"og:description\" content=\"Indulge in the pure, sun-ripened taste of Xinjiang with\u00a0Jiangguocui NFC Muyage Apricot Juice. Sourced from Kashgar\u2014known as the &#8220;Hometown of Apricots&#8221;\u2014our Muyage apricots thrive in the [\u2026]\" \/>\n<meta property=\"og:url\" content=\"https:\/\/jiushidao.com\/vi\/san-pham\/xinjiang-fruit-extract-nfc-muyage-apricot-juice-not-from-concentrate\/\" \/>\n<meta property=\"og:site_name\" content=\"Jiushidao - Global Food Marketplace for Business Growth and Cosumers\" \/>\n<meta property=\"article:modified_time\" content=\"2025-10-31T05:06:44+00:00\" \/>\n<meta property=\"og:image\" content=\"https:\/\/jiushidao.com\/wp-content\/uploads\/2025\/10\/\u56fe\u72475-4.png\" \/>\n\t<meta property=\"og:image:width\" content=\"305\" \/>\n\t<meta property=\"og:image:height\" content=\"305\" \/>\n\t<meta property=\"og:image:type\" content=\"image\/png\" \/>\n<meta name=\"twitter:card\" content=\"summary_large_image\" \/>\n<meta name=\"twitter:label1\" content=\"\u01af\u1edbc t\u00ednh th\u1eddi gian \u0111\u1ecdc\" \/>\n\t<meta name=\"twitter:data1\" content=\"2 ph\u00fat\" \/>\n<script type=\"application\/ld+json\" class=\"yoast-schema-graph\">{\"@context\":\"https:\/\/schema.org\",\"@graph\":[{\"@type\":\"WebPage\",\"@id\":\"https:\/\/jiushidao.com\/product\/xinjiang-fruit-extract-nfc-muyage-apricot-juice-not-from-concentrate\/\",\"url\":\"https:\/\/jiushidao.com\/product\/xinjiang-fruit-extract-nfc-muyage-apricot-juice-not-from-concentrate\/\",\"name\":\"Xinjiang Fruit Extract NFC Muyage Apricot Juice (Not From Concentrate) - Jiushidao - Global Food Marketplace for Business Growth and Cosumers\",\"isPartOf\":{\"@id\":\"https:\/\/jiushidao.com\/#website\"},\"primaryImageOfPage\":{\"@id\":\"https:\/\/jiushidao.com\/product\/xinjiang-fruit-extract-nfc-muyage-apricot-juice-not-from-concentrate\/#primaryimage\"},\"image\":{\"@id\":\"https:\/\/jiushidao.com\/product\/xinjiang-fruit-extract-nfc-muyage-apricot-juice-not-from-concentrate\/#primaryimage\"},\"thumbnailUrl\":\"https:\/\/jiushidao.com\/wp-content\/uploads\/2025\/10\/\u56fe\u72475-4.png\",\"datePublished\":\"2025-10-31T05:06:43+00:00\",\"dateModified\":\"2025-10-31T05:06:44+00:00\",\"breadcrumb\":{\"@id\":\"https:\/\/jiushidao.com\/product\/xinjiang-fruit-extract-nfc-muyage-apricot-juice-not-from-concentrate\/#breadcrumb\"},\"inLanguage\":\"vi\",\"potentialAction\":[{\"@type\":\"ReadAction\",\"target\":[\"https:\/\/jiushidao.com\/product\/xinjiang-fruit-extract-nfc-muyage-apricot-juice-not-from-concentrate\/\"]}]},{\"@type\":\"ImageObject\",\"inLanguage\":\"vi\",\"@id\":\"https:\/\/jiushidao.com\/product\/xinjiang-fruit-extract-nfc-muyage-apricot-juice-not-from-concentrate\/#primaryimage\",\"url\":\"https:\/\/jiushidao.com\/wp-content\/uploads\/2025\/10\/\u56fe\u72475-4.png\",\"contentUrl\":\"https:\/\/jiushidao.com\/wp-content\/uploads\/2025\/10\/\u56fe\u72475-4.png\",\"width\":305,\"height\":305},{\"@type\":\"BreadcrumbList\",\"@id\":\"https:\/\/jiushidao.com\/product\/xinjiang-fruit-extract-nfc-muyage-apricot-juice-not-from-concentrate\/#breadcrumb\",\"itemListElement\":[{\"@type\":\"ListItem\",\"position\":1,\"name\":\"Home\",\"item\":\"https:\/\/jiushidao.com\/\"},{\"@type\":\"ListItem\",\"position\":2,\"name\":\"Store\",\"item\":\"https:\/\/jiushidao.com\/store\/\"},{\"@type\":\"ListItem\",\"position\":3,\"name\":\"Xinjiang Fruit Extract NFC Muyage Apricot Juice (Not From Concentrate)\"}]},{\"@type\":\"WebSite\",\"@id\":\"https:\/\/jiushidao.com\/#website\",\"url\":\"https:\/\/jiushidao.com\/\",\"name\":\"Jiushidao - Global Food Marketplace for Business Growth and Cosumers\",\"description\":\"Jiushidao - Global Food Marketplace for Business Growth and Cosumers\",\"potentialAction\":[{\"@type\":\"SearchAction\",\"target\":{\"@type\":\"EntryPoint\",\"urlTemplate\":\"https:\/\/jiushidao.com\/?s={search_term_string}\"},\"query-input\":{\"@type\":\"PropertyValueSpecification\",\"valueRequired\":true,\"valueName\":\"search_term_string\"}}],\"inLanguage\":\"vi\"}]}<\/script>\n<!-- \/ Yoast SEO Premium plugin. -->","yoast_head_json":{"title":"Xinjiang Fruit Extract NFC Muyage Apricot Juice (Not From Concentrate) - Jiushidao - Global Food Marketplace for Business Growth and Cosumers","robots":{"index":"index","follow":"follow","max-snippet":"max-snippet:-1","max-image-preview":"max-image-preview:large","max-video-preview":"max-video-preview:-1"},"canonical":"https:\/\/jiushidao.com\/vi\/san-pham\/xinjiang-fruit-extract-nfc-muyage-apricot-juice-not-from-concentrate\/","og_locale":"vi_VN","og_type":"article","og_title":"Xinjiang Fruit Extract NFC Muyage Apricot Juice (Not From Concentrate)","og_description":"Indulge in the pure, sun-ripened taste of Xinjiang with\u00a0Jiangguocui NFC Muyage Apricot Juice. Sourced from Kashgar\u2014known as the &#8220;Hometown of Apricots&#8221;\u2014our Muyage apricots thrive in the [\u2026]","og_url":"https:\/\/jiushidao.com\/vi\/san-pham\/xinjiang-fruit-extract-nfc-muyage-apricot-juice-not-from-concentrate\/","og_site_name":"Jiushidao - Global Food Marketplace for Business Growth and Cosumers","article_modified_time":"2025-10-31T05:06:44+00:00","og_image":[{"width":305,"height":305,"url":"https:\/\/jiushidao.com\/wp-content\/uploads\/2025\/10\/\u56fe\u72475-4.png","type":"image\/png"}],"twitter_card":"summary_large_image","twitter_misc":{"\u01af\u1edbc t\u00ednh th\u1eddi gian \u0111\u1ecdc":"2 ph\u00fat"},"schema":{"@context":"https:\/\/schema.org","@graph":[{"@type":"WebPage","@id":"https:\/\/jiushidao.com\/product\/xinjiang-fruit-extract-nfc-muyage-apricot-juice-not-from-concentrate\/","url":"https:\/\/jiushidao.com\/product\/xinjiang-fruit-extract-nfc-muyage-apricot-juice-not-from-concentrate\/","name":"Xinjiang Fruit Extract NFC Muyage Apricot Juice (Not From Concentrate) - Jiushidao - Global Food Marketplace for Business Growth and Cosumers","isPartOf":{"@id":"https:\/\/jiushidao.com\/#website"},"primaryImageOfPage":{"@id":"https:\/\/jiushidao.com\/product\/xinjiang-fruit-extract-nfc-muyage-apricot-juice-not-from-concentrate\/#primaryimage"},"image":{"@id":"https:\/\/jiushidao.com\/product\/xinjiang-fruit-extract-nfc-muyage-apricot-juice-not-from-concentrate\/#primaryimage"},"thumbnailUrl":"https:\/\/jiushidao.com\/wp-content\/uploads\/2025\/10\/\u56fe\u72475-4.png","datePublished":"2025-10-31T05:06:43+00:00","dateModified":"2025-10-31T05:06:44+00:00","breadcrumb":{"@id":"https:\/\/jiushidao.com\/product\/xinjiang-fruit-extract-nfc-muyage-apricot-juice-not-from-concentrate\/#breadcrumb"},"inLanguage":"vi","potentialAction":[{"@type":"ReadAction","target":["https:\/\/jiushidao.com\/product\/xinjiang-fruit-extract-nfc-muyage-apricot-juice-not-from-concentrate\/"]}]},{"@type":"ImageObject","inLanguage":"vi","@id":"https:\/\/jiushidao.com\/product\/xinjiang-fruit-extract-nfc-muyage-apricot-juice-not-from-concentrate\/#primaryimage","url":"https:\/\/jiushidao.com\/wp-content\/uploads\/2025\/10\/\u56fe\u72475-4.png","contentUrl":"https:\/\/jiushidao.com\/wp-content\/uploads\/2025\/10\/\u56fe\u72475-4.png","width":305,"height":305},{"@type":"BreadcrumbList","@id":"https:\/\/jiushidao.com\/product\/xinjiang-fruit-extract-nfc-muyage-apricot-juice-not-from-concentrate\/#breadcrumb","itemListElement":[{"@type":"ListItem","position":1,"name":"Home","item":"https:\/\/jiushidao.com\/"},{"@type":"ListItem","position":2,"name":"Store","item":"https:\/\/jiushidao.com\/store\/"},{"@type":"ListItem","position":3,"name":"Xinjiang Fruit Extract NFC Muyage Apricot Juice (Not From Concentrate)"}]},{"@type":"WebSite","@id":"https:\/\/jiushidao.com\/#website","url":"https:\/\/jiushidao.com\/","name":"Jiushidao - Global Food Marketplace for Business Growth and Cosumers","description":"Jiushidao - Global Food Marketplace for Business Growth and Cosumers","potentialAction":[{"@type":"SearchAction","target":{"@type":"EntryPoint","urlTemplate":"https:\/\/jiushidao.com\/?s={search_term_string}"},"query-input":{"@type":"PropertyValueSpecification","valueRequired":true,"valueName":"search_term_string"}}],"inLanguage":"vi"}]}},"_links":{"self":[{"href":"https:\/\/jiushidao.com\/vi\/wp-json\/wp\/v2\/product\/923","targetHints":{"allow":["GET"]}}],"collection":[{"href":"https:\/\/jiushidao.com\/vi\/wp-json\/wp\/v2\/product"}],"about":[{"href":"https:\/\/jiushidao.com\/vi\/wp-json\/wp\/v2\/types\/product"}],"replies":[{"embeddable":true,"href":"https:\/\/jiushidao.com\/vi\/wp-json\/wp\/v2\/comments?post=923"}],"version-history":[{"count":1,"href":"https:\/\/jiushidao.com\/vi\/wp-json\/wp\/v2\/product\/923\/revisions"}],"predecessor-version":[{"id":925,"href":"https:\/\/jiushidao.com\/vi\/wp-json\/wp\/v2\/product\/923\/revisions\/925"}],"wp:featuredmedia":[{"embeddable":true,"href":"https:\/\/jiushidao.com\/vi\/wp-json\/wp\/v2\/media\/924"}],"wp:attachment":[{"href":"https:\/\/jiushidao.com\/vi\/wp-json\/wp\/v2\/media?parent=923"}],"wp:term":[{"taxonomy":"product_brand","embeddable":true,"href":"https:\/\/jiushidao.com\/vi\/wp-json\/wp\/v2\/product_brand?post=923"},{"taxonomy":"product_cat","embeddable":true,"href":"https:\/\/jiushidao.com\/vi\/wp-json\/wp\/v2\/product_cat?post=923"},{"taxonomy":"product_tag","embeddable":true,"href":"https:\/\/jiushidao.com\/vi\/wp-json\/wp\/v2\/product_tag?post=923"}],"curies":[{"name":"wp","href":"https:\/\/api.w.org\/{rel}","templated":true}]}}