{"id":920,"date":"2025-10-31T05:01:19","date_gmt":"2025-10-31T05:01:19","guid":{"rendered":"https:\/\/jiushidao.com\/?post_type=product&#038;p=920"},"modified":"2025-10-31T05:01:21","modified_gmt":"2025-10-31T05:01:21","slug":"xinjiang-fruit-extract-nfc-fresh-pressed-prune-puree","status":"publish","type":"product","link":"https:\/\/jiushidao.com\/vi\/san-pham\/xinjiang-fruit-extract-nfc-fresh-pressed-prune-puree\/","title":{"rendered":"Chi\u1ebft xu\u1ea5t tr\u00e1i c\u00e2y T\u00e2n C\u01b0\u01a1ng NFC, m\u1eadn t\u01b0\u01a1i \u00e9p nhuy\u1ec5n"},"content":{"rendered":"<section class=\"ybc-p\">Tr\u1ea3i nghi\u1ec7m tinh t\u00fay tinh t\u00fay c\u1ee7a nh\u1eefng qu\u1ea3 m\u1eadn kh\u00f4 T\u00e2n C\u01b0\u01a1ng h\u1ea3o h\u1ea1ng v\u1edbi n\u01b0\u1edbc \u00e9p m\u1eadn t\u01b0\u01a1i Jiangguocui NFC. C\u00f3 ngu\u1ed3n g\u1ed1c t\u1eeb \u201cQu\u00ea h\u01b0\u01a1ng c\u1ee7a m\u1eadn kh\u00f4\u201d \u1edf Kashgar\u2014m\u1ed9t \u1ed1c \u0111\u1ea3o n\u1eb1m gi\u1eefa sa m\u1ea1c Taklamakan v\u00e0 d\u00e3y n\u00fai T\u00e2y C\u00f4n L\u00f4n\u2014m\u1eadn kh\u00f4 c\u1ee7a ch\u00fang t\u00f4i ph\u00e1t tri\u1ec3n m\u1ea1nh m\u1ebd trong \u0111i\u1ec1u ki\u1ec7n sinh tr\u01b0\u1edfng l\u00fd t\u01b0\u1edfng: \u0111\u1ea5t gi\u00e0u kho\u00e1ng ch\u1ea5t, \u00e1nh n\u1eafng d\u1ed3i d\u00e0o, ngu\u1ed3n n\u01b0\u1edbc tinh khi\u1ebft v\u00e0 s\u1ef1 ch\u00eanh l\u1ec7ch nhi\u1ec7t \u0111\u1ed9 \u0111\u00e1ng k\u1ec3 gi\u1eefa ng\u00e0y v\u00e0 \u0111\u00eam. Nh\u1eefng y\u1ebfu t\u1ed1 n\u00e0y k\u1ebft h\u1ee3p l\u1ea1i t\u1ea1o n\u00ean nh\u1eefng qu\u1ea3 m\u1eadn kh\u00f4 Ph\u00e1p v\u1edbi h\u01b0\u01a1ng th\u01a1m, \u0111\u1ed9 m\u1ecdng n\u01b0\u1edbc v\u00e0 h\u01b0\u01a1ng v\u1ecb \u0111\u1eb7c bi\u1ec7t.<\/section>\n<section class=\"ybc-p\">S\u1eed d\u1ee5ng c\u00f4ng ngh\u1ec7 NFC (Kh\u00f4ng ph\u1ea3i t\u1eeb ch\u1ea5t c\u00f4 \u0111\u1eb7c), ch\u00fang t\u00f4i \u00e9p l\u1ea1nh m\u1eadn kh\u00f4 b\u00ean trong\u00a0<strong>24 gi\u1edd thu ho\u1ea1ch<\/strong>, gi\u1eef nguy\u00ean v\u1ecb ng\u1ecdt t\u1ef1 nhi\u00ean v\u00e0 gi\u00e1 tr\u1ecb dinh d\u01b0\u1ee1ng. M\u1ed7i t\u00fai ch\u1ee9a l\u01b0\u1ee3ng t\u01b0\u01a1ng \u0111\u01b0\u01a1ng\u00a0<strong>kho\u1ea3ng 25 qu\u1ea3 m\u1eadn t\u01b0\u01a1i<\/strong>V\u1edbi h\u00e0m l\u01b0\u1ee3ng ch\u1ea5t r\u1eafn h\u00f2a tan v\u01b0\u1ee3t ti\u00eau chu\u1ea9n qu\u1ed1c gia, mang \u0111\u1ebfn h\u01b0\u01a1ng v\u1ecb \u0111\u1eadm \u0111\u00e0 v\u00e0 ch\u00e2n th\u1ef1c. \u0110\u01b0\u1ee3c \u0111\u00f3ng g\u00f3i trong t\u00fai nh\u00f4m cao c\u1ea5p, b\u1ea3o v\u1ec7 b\u1eb1ng kh\u00ed tr\u01a1, s\u1ea3n ph\u1ea9m xay nhuy\u1ec5n n\u00e0y \u0111\u1ea3m b\u1ea3o \u0111\u1ed9 t\u01b0\u01a1i ngon v\u00e0 gi\u1eef tr\u1ecdn d\u01b0\u1ee1ng ch\u1ea5t t\u1eeb v\u01b0\u1eddn \u0111\u1ebfn b\u00e0n \u0103n.<\/section>\n<hr \/>\n<h3><strong>C\u00e1c t\u00ednh n\u0103ng ch\u00ednh<\/strong><\/h3>\n<ul class=\"ybc-ul-component\">\n<li class=\"ybc-li-component ybc-li-component_ul\">\n<section class=\"ybc-p\">\u00a0<strong>M\u1eadn kh\u00f4 T\u00e2n C\u01b0\u01a1ng nguy\u00ean ch\u1ea5t<\/strong>: \u0110\u01b0\u1ee3c tr\u1ed3ng trong m\u00f4i tr\u01b0\u1eddng \u1ed1c \u0111\u1ea3o \u0111\u1ed9c \u0111\u00e1o c\u1ee7a Kashgar \u0111\u1ec3 c\u00f3 h\u01b0\u01a1ng v\u1ecb v\u01b0\u1ee3t tr\u1ed9i<\/section>\n<\/li>\n<li class=\"ybc-li-component ybc-li-component_ul\">\n<section class=\"ybc-p\">\u00a0<strong>\u00c9p l\u1ea1nh trong v\u00f2ng 24 gi\u1edd<\/strong>: T\u1ed1i \u0111a h\u00f3a \u0111\u1ed9 t\u01b0\u01a1i v\u00e0 b\u1ea3o qu\u1ea3n ch\u1ea5t dinh d\u01b0\u1ee1ng<\/section>\n<\/li>\n<li class=\"ybc-li-component ybc-li-component_ul\">\n<section class=\"ybc-p\">\u00a0<strong>H\u00e0m l\u01b0\u1ee3ng ch\u1ea5t r\u1eafn h\u00f2a tan cao<\/strong>: H\u01b0\u01a1ng v\u1ecb v\u00e0 k\u1ebft c\u1ea5u phong ph\u00fa h\u01a1n c\u00e1c s\u1ea3n ph\u1ea9m m\u1eadn kh\u00f4 th\u00f4ng th\u01b0\u1eddng<\/section>\n<\/li>\n<li class=\"ybc-li-component ybc-li-component_ul\">\n<section class=\"ybc-p\">\u00a0<strong>Kh\u00f4ng c\u00f3 ch\u1ea5t ph\u1ee5 gia<\/strong>: Ch\u1ec9 c\u00f3 n\u01b0\u1edbc \u00e9p m\u1eadn 100%\u2014kh\u00f4ng th\u00eam ch\u1ea5t b\u1ea3o qu\u1ea3n, n\u01b0\u1edbc ho\u1eb7c \u0111\u01b0\u1eddng<\/section>\n<\/li>\n<li class=\"ybc-li-component ybc-li-component_ul\">\n<section class=\"ybc-p\">\u00a0<strong>Bao b\u00ec ti\u00ean ti\u1ebfn<\/strong>: T\u00fai l\u00f3t nh\u00f4m c\u00f3 l\u1edbp b\u1ea3o v\u1ec7 b\u1eb1ng kh\u00ed tr\u01a1 gi\u00fap gi\u1eef l\u1ea1i ch\u1ea5t dinh d\u01b0\u1ee1ng<\/section>\n<\/li>\n<\/ul>","protected":false},"excerpt":{"rendered":"<p>Tr\u1ea3i nghi\u1ec7m tinh t\u00fay nguy\u00ean ch\u1ea5t c\u1ee7a nh\u1eefng qu\u1ea3 m\u1eadn kh\u00f4 h\u1ea3o h\u1ea1ng nh\u1ea5t T\u00e2n C\u01b0\u01a1ng v\u1edbi m\u1ee9t m\u1eadn t\u01b0\u01a1i Jiangguocui NFC Fresh-Pressed Prune Puree. C\u00f3 ngu\u1ed3n g\u1ed1c t\u1eeb \u201cQu\u00ea h\u01b0\u01a1ng c\u1ee7a m\u1eadn kh\u00f4\u201d \u1edf Kashgar\u2014m\u1ed9t \u1ed1c \u0111\u1ea3o n\u1eb1m gi\u1eefa<span class=\"excerpt-hellip\"> [\u2026]<\/span><\/p>","protected":false},"featured_media":921,"comment_status":"open","ping_status":"closed","template":"","meta":[],"product_brand":[64],"product_cat":[63],"product_tag":[],"class_list":{"0":"post-920","1":"product","2":"type-product","3":"status-publish","4":"has-post-thumbnail","6":"product_brand-64","7":"product_cat-jiang_guo_cui","9":"first","10":"instock","11":"shipping-taxable","12":"product-type-simple"},"yoast_head":"<!-- This site is optimized with the Yoast SEO Premium plugin v25.8 (Yoast SEO v25.8) - https:\/\/yoast.com\/wordpress\/plugins\/seo\/ -->\n<title>Xinjiang Fruit Extract NFC Fresh-Pressed Prune Puree - Jiushidao - Global Food Marketplace for Business Growth and Cosumers<\/title>\n<meta name=\"robots\" content=\"index, follow, max-snippet:-1, max-image-preview:large, max-video-preview:-1\" \/>\n<link rel=\"canonical\" href=\"https:\/\/jiushidao.com\/vi\/san-pham\/xinjiang-fruit-extract-nfc-fresh-pressed-prune-puree\/\" \/>\n<meta property=\"og:locale\" content=\"vi_VN\" \/>\n<meta property=\"og:type\" content=\"article\" \/>\n<meta property=\"og:title\" content=\"Xinjiang Fruit Extract NFC Fresh-Pressed Prune Puree\" \/>\n<meta property=\"og:description\" content=\"Experience the pure essence of Xinjiang&#8217;s finest prunes with Jiangguocui NFC Fresh-Pressed Prune Puree. Sourced from the &#8220;Hometown of Prunes&#8221; in Kashgar\u2014an oasis nestled between the [\u2026]\" \/>\n<meta property=\"og:url\" content=\"https:\/\/jiushidao.com\/vi\/san-pham\/xinjiang-fruit-extract-nfc-fresh-pressed-prune-puree\/\" \/>\n<meta property=\"og:site_name\" content=\"Jiushidao - Global Food Marketplace for Business Growth and Cosumers\" \/>\n<meta property=\"article:modified_time\" content=\"2025-10-31T05:01:21+00:00\" \/>\n<meta property=\"og:image\" content=\"https:\/\/jiushidao.com\/wp-content\/uploads\/2025\/10\/\u56fe\u72474-3.png\" \/>\n\t<meta property=\"og:image:width\" content=\"333\" \/>\n\t<meta property=\"og:image:height\" content=\"499\" \/>\n\t<meta property=\"og:image:type\" content=\"image\/png\" \/>\n<meta name=\"twitter:card\" content=\"summary_large_image\" \/>\n<meta name=\"twitter:label1\" content=\"\u01af\u1edbc t\u00ednh th\u1eddi gian \u0111\u1ecdc\" \/>\n\t<meta name=\"twitter:data1\" content=\"2 ph\u00fat\" \/>\n<script type=\"application\/ld+json\" class=\"yoast-schema-graph\">{\"@context\":\"https:\/\/schema.org\",\"@graph\":[{\"@type\":\"WebPage\",\"@id\":\"https:\/\/jiushidao.com\/product\/xinjiang-fruit-extract-nfc-fresh-pressed-prune-puree\/\",\"url\":\"https:\/\/jiushidao.com\/product\/xinjiang-fruit-extract-nfc-fresh-pressed-prune-puree\/\",\"name\":\"Xinjiang Fruit Extract NFC Fresh-Pressed Prune Puree - Jiushidao - Global Food Marketplace for Business Growth and Cosumers\",\"isPartOf\":{\"@id\":\"https:\/\/jiushidao.com\/#website\"},\"primaryImageOfPage\":{\"@id\":\"https:\/\/jiushidao.com\/product\/xinjiang-fruit-extract-nfc-fresh-pressed-prune-puree\/#primaryimage\"},\"image\":{\"@id\":\"https:\/\/jiushidao.com\/product\/xinjiang-fruit-extract-nfc-fresh-pressed-prune-puree\/#primaryimage\"},\"thumbnailUrl\":\"https:\/\/jiushidao.com\/wp-content\/uploads\/2025\/10\/\u56fe\u72474-3.png\",\"datePublished\":\"2025-10-31T05:01:19+00:00\",\"dateModified\":\"2025-10-31T05:01:21+00:00\",\"breadcrumb\":{\"@id\":\"https:\/\/jiushidao.com\/product\/xinjiang-fruit-extract-nfc-fresh-pressed-prune-puree\/#breadcrumb\"},\"inLanguage\":\"vi\",\"potentialAction\":[{\"@type\":\"ReadAction\",\"target\":[\"https:\/\/jiushidao.com\/product\/xinjiang-fruit-extract-nfc-fresh-pressed-prune-puree\/\"]}]},{\"@type\":\"ImageObject\",\"inLanguage\":\"vi\",\"@id\":\"https:\/\/jiushidao.com\/product\/xinjiang-fruit-extract-nfc-fresh-pressed-prune-puree\/#primaryimage\",\"url\":\"https:\/\/jiushidao.com\/wp-content\/uploads\/2025\/10\/\u56fe\u72474-3.png\",\"contentUrl\":\"https:\/\/jiushidao.com\/wp-content\/uploads\/2025\/10\/\u56fe\u72474-3.png\",\"width\":333,\"height\":499},{\"@type\":\"BreadcrumbList\",\"@id\":\"https:\/\/jiushidao.com\/product\/xinjiang-fruit-extract-nfc-fresh-pressed-prune-puree\/#breadcrumb\",\"itemListElement\":[{\"@type\":\"ListItem\",\"position\":1,\"name\":\"Home\",\"item\":\"https:\/\/jiushidao.com\/\"},{\"@type\":\"ListItem\",\"position\":2,\"name\":\"Store\",\"item\":\"https:\/\/jiushidao.com\/store\/\"},{\"@type\":\"ListItem\",\"position\":3,\"name\":\"Xinjiang Fruit Extract NFC Fresh-Pressed Prune Puree\"}]},{\"@type\":\"WebSite\",\"@id\":\"https:\/\/jiushidao.com\/#website\",\"url\":\"https:\/\/jiushidao.com\/\",\"name\":\"Jiushidao - Global Food Marketplace for Business Growth and Cosumers\",\"description\":\"Jiushidao - Global Food Marketplace for Business Growth and Cosumers\",\"potentialAction\":[{\"@type\":\"SearchAction\",\"target\":{\"@type\":\"EntryPoint\",\"urlTemplate\":\"https:\/\/jiushidao.com\/?s={search_term_string}\"},\"query-input\":{\"@type\":\"PropertyValueSpecification\",\"valueRequired\":true,\"valueName\":\"search_term_string\"}}],\"inLanguage\":\"vi\"}]}<\/script>\n<!-- \/ Yoast SEO Premium plugin. -->","yoast_head_json":{"title":"Xinjiang Fruit Extract NFC Fresh-Pressed Prune Puree - Jiushidao - Global Food Marketplace for Business Growth and Cosumers","robots":{"index":"index","follow":"follow","max-snippet":"max-snippet:-1","max-image-preview":"max-image-preview:large","max-video-preview":"max-video-preview:-1"},"canonical":"https:\/\/jiushidao.com\/vi\/san-pham\/xinjiang-fruit-extract-nfc-fresh-pressed-prune-puree\/","og_locale":"vi_VN","og_type":"article","og_title":"Xinjiang Fruit Extract NFC Fresh-Pressed Prune Puree","og_description":"Experience the pure essence of Xinjiang&#8217;s finest prunes with Jiangguocui NFC Fresh-Pressed Prune Puree. Sourced from the &#8220;Hometown of Prunes&#8221; in Kashgar\u2014an oasis nestled between the [\u2026]","og_url":"https:\/\/jiushidao.com\/vi\/san-pham\/xinjiang-fruit-extract-nfc-fresh-pressed-prune-puree\/","og_site_name":"Jiushidao - Global Food Marketplace for Business Growth and Cosumers","article_modified_time":"2025-10-31T05:01:21+00:00","og_image":[{"width":333,"height":499,"url":"https:\/\/jiushidao.com\/wp-content\/uploads\/2025\/10\/\u56fe\u72474-3.png","type":"image\/png"}],"twitter_card":"summary_large_image","twitter_misc":{"\u01af\u1edbc t\u00ednh th\u1eddi gian \u0111\u1ecdc":"2 ph\u00fat"},"schema":{"@context":"https:\/\/schema.org","@graph":[{"@type":"WebPage","@id":"https:\/\/jiushidao.com\/product\/xinjiang-fruit-extract-nfc-fresh-pressed-prune-puree\/","url":"https:\/\/jiushidao.com\/product\/xinjiang-fruit-extract-nfc-fresh-pressed-prune-puree\/","name":"Xinjiang Fruit Extract NFC Fresh-Pressed Prune Puree - Jiushidao - Global Food Marketplace for Business Growth and Cosumers","isPartOf":{"@id":"https:\/\/jiushidao.com\/#website"},"primaryImageOfPage":{"@id":"https:\/\/jiushidao.com\/product\/xinjiang-fruit-extract-nfc-fresh-pressed-prune-puree\/#primaryimage"},"image":{"@id":"https:\/\/jiushidao.com\/product\/xinjiang-fruit-extract-nfc-fresh-pressed-prune-puree\/#primaryimage"},"thumbnailUrl":"https:\/\/jiushidao.com\/wp-content\/uploads\/2025\/10\/\u56fe\u72474-3.png","datePublished":"2025-10-31T05:01:19+00:00","dateModified":"2025-10-31T05:01:21+00:00","breadcrumb":{"@id":"https:\/\/jiushidao.com\/product\/xinjiang-fruit-extract-nfc-fresh-pressed-prune-puree\/#breadcrumb"},"inLanguage":"vi","potentialAction":[{"@type":"ReadAction","target":["https:\/\/jiushidao.com\/product\/xinjiang-fruit-extract-nfc-fresh-pressed-prune-puree\/"]}]},{"@type":"ImageObject","inLanguage":"vi","@id":"https:\/\/jiushidao.com\/product\/xinjiang-fruit-extract-nfc-fresh-pressed-prune-puree\/#primaryimage","url":"https:\/\/jiushidao.com\/wp-content\/uploads\/2025\/10\/\u56fe\u72474-3.png","contentUrl":"https:\/\/jiushidao.com\/wp-content\/uploads\/2025\/10\/\u56fe\u72474-3.png","width":333,"height":499},{"@type":"BreadcrumbList","@id":"https:\/\/jiushidao.com\/product\/xinjiang-fruit-extract-nfc-fresh-pressed-prune-puree\/#breadcrumb","itemListElement":[{"@type":"ListItem","position":1,"name":"Home","item":"https:\/\/jiushidao.com\/"},{"@type":"ListItem","position":2,"name":"Store","item":"https:\/\/jiushidao.com\/store\/"},{"@type":"ListItem","position":3,"name":"Xinjiang Fruit Extract NFC Fresh-Pressed Prune Puree"}]},{"@type":"WebSite","@id":"https:\/\/jiushidao.com\/#website","url":"https:\/\/jiushidao.com\/","name":"Jiushidao - Global Food Marketplace for Business Growth and Cosumers","description":"Jiushidao - Global Food Marketplace for Business Growth and Cosumers","potentialAction":[{"@type":"SearchAction","target":{"@type":"EntryPoint","urlTemplate":"https:\/\/jiushidao.com\/?s={search_term_string}"},"query-input":{"@type":"PropertyValueSpecification","valueRequired":true,"valueName":"search_term_string"}}],"inLanguage":"vi"}]}},"_links":{"self":[{"href":"https:\/\/jiushidao.com\/vi\/wp-json\/wp\/v2\/product\/920","targetHints":{"allow":["GET"]}}],"collection":[{"href":"https:\/\/jiushidao.com\/vi\/wp-json\/wp\/v2\/product"}],"about":[{"href":"https:\/\/jiushidao.com\/vi\/wp-json\/wp\/v2\/types\/product"}],"replies":[{"embeddable":true,"href":"https:\/\/jiushidao.com\/vi\/wp-json\/wp\/v2\/comments?post=920"}],"version-history":[{"count":1,"href":"https:\/\/jiushidao.com\/vi\/wp-json\/wp\/v2\/product\/920\/revisions"}],"predecessor-version":[{"id":922,"href":"https:\/\/jiushidao.com\/vi\/wp-json\/wp\/v2\/product\/920\/revisions\/922"}],"wp:featuredmedia":[{"embeddable":true,"href":"https:\/\/jiushidao.com\/vi\/wp-json\/wp\/v2\/media\/921"}],"wp:attachment":[{"href":"https:\/\/jiushidao.com\/vi\/wp-json\/wp\/v2\/media?parent=920"}],"wp:term":[{"taxonomy":"product_brand","embeddable":true,"href":"https:\/\/jiushidao.com\/vi\/wp-json\/wp\/v2\/product_brand?post=920"},{"taxonomy":"product_cat","embeddable":true,"href":"https:\/\/jiushidao.com\/vi\/wp-json\/wp\/v2\/product_cat?post=920"},{"taxonomy":"product_tag","embeddable":true,"href":"https:\/\/jiushidao.com\/vi\/wp-json\/wp\/v2\/product_tag?post=920"}],"curies":[{"name":"wp","href":"https:\/\/api.w.org\/{rel}","templated":true}]}}