{"id":917,"date":"2025-10-31T04:54:42","date_gmt":"2025-10-31T04:54:42","guid":{"rendered":"https:\/\/jiushidao.com\/?post_type=product&#038;p=917"},"modified":"2025-11-03T03:11:36","modified_gmt":"2025-11-03T03:11:36","slug":"xinjiang-fruit-extract-nfc-apple-prune-blend-juice","status":"publish","type":"product","link":"https:\/\/jiushidao.com\/vi\/san-pham\/xinjiang-fruit-extract-nfc-apple-prune-blend-juice\/","title":{"rendered":"N\u01b0\u1edbc \u00e9p h\u1ed7n h\u1ee3p t\u00e1o v\u00e0 m\u1eadn kh\u00f4 NFC chi\u1ebft xu\u1ea5t t\u1eeb tr\u00e1i c\u00e2y T\u00e2n C\u01b0\u01a1ng"},"content":{"rendered":"<section class=\"ybc-p\">T\u1eadn h\u01b0\u1edfng s\u1ef1 h\u00f2a quy\u1ec7n tuy\u1ec7t v\u1eddi c\u1ee7a thi\u00ean nhi\u00ean v\u1edbi N\u01b0\u1edbc \u00e9p t\u00e1o v\u00e0 m\u1eadn kh\u00f4 Jiangguocui NFC. Th\u1ee9c u\u1ed1ng cao c\u1ea5p n\u00e0y k\u1ebft h\u1ee3p t\u00e1o ch\u00edn v\u00e0ng t\u1ef1 nhi\u00ean t\u1eeb c\u00e1c trang tr\u1ea1i \u1ed1c \u0111\u1ea3o Kashgar v\u1edbi m\u1eadn kh\u00f4 Ph\u00e1p \u0111\u01b0\u1ee3c tuy\u1ec3n ch\u1ecdn k\u1ef9 l\u01b0\u1ee1ng, \u0111\u01b0\u1ee3c k\u1ebft h\u1ee3p khoa h\u1ecdc \u0111\u1ec3 mang \u0111\u1ebfn m\u1ed9t th\u1ee9c u\u1ed1ng c\u00e2n b\u1eb1ng v\u00e0 b\u1ed5 d\u01b0\u1ee1ng ho\u00e0n h\u1ea3o. S\u1eed d\u1ee5ng c\u00f4ng ngh\u1ec7 NFC (Kh\u00f4ng c\u00f4 \u0111\u1eb7c), tr\u00e1i c\u00e2y \u0111\u01b0\u1ee3c \u00e9p l\u1ea1nh ngay sau khi thu ho\u1ea1ch \u0111\u1ec3 gi\u1eef nguy\u00ean h\u01b0\u01a1ng v\u1ecb, vitamin v\u00e0 v\u1ecb ng\u1ecdt t\u1ef1 nhi\u00ean.<\/section>\n<section class=\"ybc-p\">Ch\u1ee9a \u0111\u1ef1ng\u00a0<strong>N\u01b0\u1edbc \u00e9p nguy\u00ean ch\u1ea5t 100%<\/strong>V\u00e0\u00a0<strong>ho\u00e0n to\u00e0n kh\u00f4ng c\u00f3 ch\u1ea5t ph\u1ee5 gia<\/strong>\u2014kh\u00f4ng ch\u1ea5t b\u1ea3o qu\u1ea3n, ch\u1ea5t l\u00e0m \u0111\u1eb7c, h\u01b0\u01a1ng v\u1ecb nh\u00e2n t\u1ea1o hay m\u00e0u nh\u00e2n t\u1ea1o\u2014h\u1ed7n h\u1ee3p s\u1ea3ng kho\u00e1i n\u00e0y mang \u0111\u1ebfn th\u00e0nh ph\u1ea7n tinh khi\u1ebft v\u00e0 h\u01b0\u01a1ng v\u1ecb ng\u1ecdt ng\u00e0o, chua nh\u1eb9 nh\u00e0ng, th\u01a1m ngon. \u0110\u01b0\u1ee3c \u0111\u00f3ng g\u00f3i trong bao b\u00ec nh\u00f4m c\u1ea3i ti\u1ebfn gi\u00fap gi\u1eef nguy\u00ean \u0111\u1ed9 t\u01b0\u01a1i ngon v\u00e0 b\u1ea3o v\u1ec7 d\u01b0\u1ee1ng ch\u1ea5t, \u0111\u00e2y l\u00e0 th\u1ee9c u\u1ed1ng l\u00fd t\u01b0\u1edfng cho nh\u1eefng ai y\u00eau th\u00edch s\u1ef1 tinh khi\u1ebft v\u00e0 h\u01b0\u01a1ng v\u1ecb.<\/section>\n<hr \/>\n<section class=\"ybc-p\"><strong>C\u00e1c t\u00ednh n\u0103ng ch\u00ednh<\/strong><\/section>\n<ul class=\"ybc-ul-component\">\n<li class=\"ybc-li-component ybc-li-component_ul\">\n<section class=\"ybc-p\">\u00a0<strong>Th\u00e0nh ph\u1ea7n t\u1ef1 nhi\u00ean<\/strong>: T\u00e1o Kashgar b\u1ea3n \u0111\u1ecba v\u00e0 m\u1eadn kh\u00f4 Ph\u00e1p<\/section>\n<\/li>\n<li class=\"ybc-li-component ybc-li-component_ul\">\n<section class=\"ybc-p\">\u00a0<strong>N\u01b0\u1edbc \u00e9p NFC 100%<\/strong>: Kh\u00f4ng ph\u1ea3i t\u1eeb ch\u1ea5t c\u00f4 \u0111\u1eb7c, kh\u00f4ng th\u00eam n\u01b0\u1edbc ho\u1eb7c \u0111\u01b0\u1eddng<\/section>\n<\/li>\n<li class=\"ybc-li-component ybc-li-component_ul\">\n<section class=\"ybc-p\">\u00a0<strong>Kh\u00f4ng c\u00f3 ch\u1ea5t ph\u1ee5 gia<\/strong>: Kh\u00f4ng c\u00f3 ch\u1ea5t b\u1ea3o qu\u1ea3n, ch\u1ea5t l\u00e0m \u0111\u1eb7c, h\u01b0\u01a1ng li\u1ec7u ho\u1eb7c m\u00e0u s\u1eafc<\/section>\n<\/li>\n<li class=\"ybc-li-component ybc-li-component_ul\">\n<section class=\"ybc-p\">\u00a0<strong>Bao b\u00ec t\u1eadp trung v\u00e0o \u0111\u1ed9 t\u01b0\u01a1i<\/strong>: V\u1eadt li\u1ec7u l\u00f3t nh\u00f4m b\u1ea3o v\u1ec7 ch\u1ea5t dinh d\u01b0\u1ee1ng<\/section>\n<\/li>\n<li class=\"ybc-li-component ybc-li-component_ul\">\n<section class=\"ybc-p\">\u00a0<strong>H\u01b0\u01a1ng v\u1ecb c\u00e2n b\u1eb1ng<\/strong>: Ng\u1ecdt v\u00e0 chua v\u1edbi nhi\u1ec1u l\u1ee3i \u00edch dinh d\u01b0\u1ee1ng<\/section>\n<\/li>\n<\/ul>","protected":false},"excerpt":{"rendered":"<p>T\u1eadn h\u01b0\u1edfng s\u1ef1 h\u00f2a quy\u1ec7n tuy\u1ec7t v\u1eddi c\u1ee7a thi\u00ean nhi\u00ean v\u1edbi N\u01b0\u1edbc \u00e9p t\u00e1o v\u00e0 m\u1eadn kh\u00f4 Jiangguocui NFC. Th\u1ee9c u\u1ed1ng cao c\u1ea5p n\u00e0y k\u1ebft h\u1ee3p nh\u1eefng tr\u00e1i t\u00e1o ch\u00edn m\u1ecdng d\u01b0\u1edbi \u00e1nh n\u1eafng m\u1eb7t tr\u1eddi t\u1eeb \u1ed1c \u0111\u1ea3o.<span class=\"excerpt-hellip\"> [\u2026]<\/span><\/p>","protected":false},"featured_media":918,"comment_status":"open","ping_status":"closed","template":"","meta":[],"product_brand":[64],"product_cat":[63],"product_tag":[],"class_list":{"0":"post-917","1":"product","2":"type-product","3":"status-publish","4":"has-post-thumbnail","6":"product_brand-64","7":"product_cat-jiang_guo_cui","9":"first","10":"instock","11":"shipping-taxable","12":"product-type-simple"},"yoast_head":"<!-- This site is optimized with the Yoast SEO Premium plugin v25.8 (Yoast SEO v25.8) - https:\/\/yoast.com\/wordpress\/plugins\/seo\/ -->\n<title>Xinjiang Fruit Extract NFC Apple &amp; Prune Blend Juice - Jiushidao - Global Food Marketplace for Business Growth and Cosumers<\/title>\n<meta name=\"robots\" content=\"index, follow, max-snippet:-1, max-image-preview:large, max-video-preview:-1\" \/>\n<link rel=\"canonical\" href=\"https:\/\/jiushidao.com\/vi\/san-pham\/xinjiang-fruit-extract-nfc-apple-prune-blend-juice\/\" \/>\n<meta property=\"og:locale\" content=\"vi_VN\" \/>\n<meta property=\"og:type\" content=\"article\" \/>\n<meta property=\"og:title\" content=\"Xinjiang Fruit Extract NFC Apple &amp; Prune Blend Juice\" \/>\n<meta property=\"og:description\" content=\"Indulge in the harmonious blend of nature\u2019s goodness with Jiangguocui NFC Apple &amp; Prune Mixed Juice. This premium beverage combines sun-ripened native apples from the oasis [\u2026]\" \/>\n<meta property=\"og:url\" content=\"https:\/\/jiushidao.com\/vi\/san-pham\/xinjiang-fruit-extract-nfc-apple-prune-blend-juice\/\" \/>\n<meta property=\"og:site_name\" content=\"Jiushidao - Global Food Marketplace for Business Growth and Cosumers\" \/>\n<meta property=\"article:modified_time\" content=\"2025-11-03T03:11:36+00:00\" \/>\n<meta property=\"og:image\" content=\"https:\/\/jiushidao.com\/wp-content\/uploads\/2025\/10\/\u56fe\u72473-4.png\" \/>\n\t<meta property=\"og:image:width\" content=\"321\" \/>\n\t<meta property=\"og:image:height\" content=\"480\" \/>\n\t<meta property=\"og:image:type\" content=\"image\/png\" \/>\n<meta name=\"twitter:card\" content=\"summary_large_image\" \/>\n<meta name=\"twitter:label1\" content=\"\u01af\u1edbc t\u00ednh th\u1eddi gian \u0111\u1ecdc\" \/>\n\t<meta name=\"twitter:data1\" content=\"1 ph\u00fat\" \/>\n<script type=\"application\/ld+json\" class=\"yoast-schema-graph\">{\"@context\":\"https:\/\/schema.org\",\"@graph\":[{\"@type\":\"WebPage\",\"@id\":\"https:\/\/jiushidao.com\/product\/xinjiang-fruit-extract-nfc-apple-prune-blend-juice\/\",\"url\":\"https:\/\/jiushidao.com\/product\/xinjiang-fruit-extract-nfc-apple-prune-blend-juice\/\",\"name\":\"Xinjiang Fruit Extract NFC Apple & Prune Blend Juice - Jiushidao - Global Food Marketplace for Business Growth and Cosumers\",\"isPartOf\":{\"@id\":\"https:\/\/jiushidao.com\/#website\"},\"primaryImageOfPage\":{\"@id\":\"https:\/\/jiushidao.com\/product\/xinjiang-fruit-extract-nfc-apple-prune-blend-juice\/#primaryimage\"},\"image\":{\"@id\":\"https:\/\/jiushidao.com\/product\/xinjiang-fruit-extract-nfc-apple-prune-blend-juice\/#primaryimage\"},\"thumbnailUrl\":\"https:\/\/jiushidao.com\/wp-content\/uploads\/2025\/10\/\u56fe\u72473-4.png\",\"datePublished\":\"2025-10-31T04:54:42+00:00\",\"dateModified\":\"2025-11-03T03:11:36+00:00\",\"breadcrumb\":{\"@id\":\"https:\/\/jiushidao.com\/product\/xinjiang-fruit-extract-nfc-apple-prune-blend-juice\/#breadcrumb\"},\"inLanguage\":\"vi\",\"potentialAction\":[{\"@type\":\"ReadAction\",\"target\":[\"https:\/\/jiushidao.com\/product\/xinjiang-fruit-extract-nfc-apple-prune-blend-juice\/\"]}]},{\"@type\":\"ImageObject\",\"inLanguage\":\"vi\",\"@id\":\"https:\/\/jiushidao.com\/product\/xinjiang-fruit-extract-nfc-apple-prune-blend-juice\/#primaryimage\",\"url\":\"https:\/\/jiushidao.com\/wp-content\/uploads\/2025\/10\/\u56fe\u72473-4.png\",\"contentUrl\":\"https:\/\/jiushidao.com\/wp-content\/uploads\/2025\/10\/\u56fe\u72473-4.png\",\"width\":321,\"height\":480},{\"@type\":\"BreadcrumbList\",\"@id\":\"https:\/\/jiushidao.com\/product\/xinjiang-fruit-extract-nfc-apple-prune-blend-juice\/#breadcrumb\",\"itemListElement\":[{\"@type\":\"ListItem\",\"position\":1,\"name\":\"Home\",\"item\":\"https:\/\/jiushidao.com\/\"},{\"@type\":\"ListItem\",\"position\":2,\"name\":\"Store\",\"item\":\"https:\/\/jiushidao.com\/store\/\"},{\"@type\":\"ListItem\",\"position\":3,\"name\":\"Xinjiang Fruit Extract NFC Apple &#038; Prune Blend Juice\"}]},{\"@type\":\"WebSite\",\"@id\":\"https:\/\/jiushidao.com\/#website\",\"url\":\"https:\/\/jiushidao.com\/\",\"name\":\"Jiushidao - Global Food Marketplace for Business Growth and Cosumers\",\"description\":\"Jiushidao - Global Food Marketplace for Business Growth and Cosumers\",\"potentialAction\":[{\"@type\":\"SearchAction\",\"target\":{\"@type\":\"EntryPoint\",\"urlTemplate\":\"https:\/\/jiushidao.com\/?s={search_term_string}\"},\"query-input\":{\"@type\":\"PropertyValueSpecification\",\"valueRequired\":true,\"valueName\":\"search_term_string\"}}],\"inLanguage\":\"vi\"}]}<\/script>\n<!-- \/ Yoast SEO Premium plugin. -->","yoast_head_json":{"title":"Xinjiang Fruit Extract NFC Apple & Prune Blend Juice - Jiushidao - Global Food Marketplace for Business Growth and Cosumers","robots":{"index":"index","follow":"follow","max-snippet":"max-snippet:-1","max-image-preview":"max-image-preview:large","max-video-preview":"max-video-preview:-1"},"canonical":"https:\/\/jiushidao.com\/vi\/san-pham\/xinjiang-fruit-extract-nfc-apple-prune-blend-juice\/","og_locale":"vi_VN","og_type":"article","og_title":"Xinjiang Fruit Extract NFC Apple & Prune Blend Juice","og_description":"Indulge in the harmonious blend of nature\u2019s goodness with Jiangguocui NFC Apple &amp; Prune Mixed Juice. This premium beverage combines sun-ripened native apples from the oasis [\u2026]","og_url":"https:\/\/jiushidao.com\/vi\/san-pham\/xinjiang-fruit-extract-nfc-apple-prune-blend-juice\/","og_site_name":"Jiushidao - Global Food Marketplace for Business Growth and Cosumers","article_modified_time":"2025-11-03T03:11:36+00:00","og_image":[{"width":321,"height":480,"url":"https:\/\/jiushidao.com\/wp-content\/uploads\/2025\/10\/\u56fe\u72473-4.png","type":"image\/png"}],"twitter_card":"summary_large_image","twitter_misc":{"\u01af\u1edbc t\u00ednh th\u1eddi gian \u0111\u1ecdc":"1 ph\u00fat"},"schema":{"@context":"https:\/\/schema.org","@graph":[{"@type":"WebPage","@id":"https:\/\/jiushidao.com\/product\/xinjiang-fruit-extract-nfc-apple-prune-blend-juice\/","url":"https:\/\/jiushidao.com\/product\/xinjiang-fruit-extract-nfc-apple-prune-blend-juice\/","name":"Xinjiang Fruit Extract NFC Apple & Prune Blend Juice - Jiushidao - Global Food Marketplace for Business Growth and Cosumers","isPartOf":{"@id":"https:\/\/jiushidao.com\/#website"},"primaryImageOfPage":{"@id":"https:\/\/jiushidao.com\/product\/xinjiang-fruit-extract-nfc-apple-prune-blend-juice\/#primaryimage"},"image":{"@id":"https:\/\/jiushidao.com\/product\/xinjiang-fruit-extract-nfc-apple-prune-blend-juice\/#primaryimage"},"thumbnailUrl":"https:\/\/jiushidao.com\/wp-content\/uploads\/2025\/10\/\u56fe\u72473-4.png","datePublished":"2025-10-31T04:54:42+00:00","dateModified":"2025-11-03T03:11:36+00:00","breadcrumb":{"@id":"https:\/\/jiushidao.com\/product\/xinjiang-fruit-extract-nfc-apple-prune-blend-juice\/#breadcrumb"},"inLanguage":"vi","potentialAction":[{"@type":"ReadAction","target":["https:\/\/jiushidao.com\/product\/xinjiang-fruit-extract-nfc-apple-prune-blend-juice\/"]}]},{"@type":"ImageObject","inLanguage":"vi","@id":"https:\/\/jiushidao.com\/product\/xinjiang-fruit-extract-nfc-apple-prune-blend-juice\/#primaryimage","url":"https:\/\/jiushidao.com\/wp-content\/uploads\/2025\/10\/\u56fe\u72473-4.png","contentUrl":"https:\/\/jiushidao.com\/wp-content\/uploads\/2025\/10\/\u56fe\u72473-4.png","width":321,"height":480},{"@type":"BreadcrumbList","@id":"https:\/\/jiushidao.com\/product\/xinjiang-fruit-extract-nfc-apple-prune-blend-juice\/#breadcrumb","itemListElement":[{"@type":"ListItem","position":1,"name":"Home","item":"https:\/\/jiushidao.com\/"},{"@type":"ListItem","position":2,"name":"Store","item":"https:\/\/jiushidao.com\/store\/"},{"@type":"ListItem","position":3,"name":"Xinjiang Fruit Extract NFC Apple &#038; Prune Blend Juice"}]},{"@type":"WebSite","@id":"https:\/\/jiushidao.com\/#website","url":"https:\/\/jiushidao.com\/","name":"Jiushidao - Global Food Marketplace for Business Growth and Cosumers","description":"Jiushidao - Global Food Marketplace for Business Growth and Cosumers","potentialAction":[{"@type":"SearchAction","target":{"@type":"EntryPoint","urlTemplate":"https:\/\/jiushidao.com\/?s={search_term_string}"},"query-input":{"@type":"PropertyValueSpecification","valueRequired":true,"valueName":"search_term_string"}}],"inLanguage":"vi"}]}},"_links":{"self":[{"href":"https:\/\/jiushidao.com\/vi\/wp-json\/wp\/v2\/product\/917","targetHints":{"allow":["GET"]}}],"collection":[{"href":"https:\/\/jiushidao.com\/vi\/wp-json\/wp\/v2\/product"}],"about":[{"href":"https:\/\/jiushidao.com\/vi\/wp-json\/wp\/v2\/types\/product"}],"replies":[{"embeddable":true,"href":"https:\/\/jiushidao.com\/vi\/wp-json\/wp\/v2\/comments?post=917"}],"version-history":[{"count":1,"href":"https:\/\/jiushidao.com\/vi\/wp-json\/wp\/v2\/product\/917\/revisions"}],"predecessor-version":[{"id":919,"href":"https:\/\/jiushidao.com\/vi\/wp-json\/wp\/v2\/product\/917\/revisions\/919"}],"wp:featuredmedia":[{"embeddable":true,"href":"https:\/\/jiushidao.com\/vi\/wp-json\/wp\/v2\/media\/918"}],"wp:attachment":[{"href":"https:\/\/jiushidao.com\/vi\/wp-json\/wp\/v2\/media?parent=917"}],"wp:term":[{"taxonomy":"product_brand","embeddable":true,"href":"https:\/\/jiushidao.com\/vi\/wp-json\/wp\/v2\/product_brand?post=917"},{"taxonomy":"product_cat","embeddable":true,"href":"https:\/\/jiushidao.com\/vi\/wp-json\/wp\/v2\/product_cat?post=917"},{"taxonomy":"product_tag","embeddable":true,"href":"https:\/\/jiushidao.com\/vi\/wp-json\/wp\/v2\/product_tag?post=917"}],"curies":[{"name":"wp","href":"https:\/\/api.w.org\/{rel}","templated":true}]}}