{"id":914,"date":"2025-10-31T04:47:50","date_gmt":"2025-10-31T04:47:50","guid":{"rendered":"https:\/\/jiushidao.com\/?post_type=product&#038;p=914"},"modified":"2025-10-31T04:47:51","modified_gmt":"2025-10-31T04:47:51","slug":"xinjiang-fruit-extract-nfc-apple-sea-buckthorn-blend-juice","status":"publish","type":"product","link":"https:\/\/jiushidao.com\/vi\/san-pham\/xinjiang-fruit-extract-nfc-apple-sea-buckthorn-blend-juice\/","title":{"rendered":"N\u01b0\u1edbc \u00e9p h\u1ed7n h\u1ee3p t\u00e1o v\u00e0 h\u1eafc mai bi\u1ec3n chi\u1ebft xu\u1ea5t t\u1eeb qu\u1ea3 T\u00e2n C\u01b0\u01a1ng NFC"},"content":{"rendered":"<section class=\"ybc-p\">Kh\u00e1m ph\u00e1 s\u1ef1 c\u00e2n b\u1eb1ng ho\u00e0n h\u1ea3o c\u1ee7a thi\u00ean nhi\u00ean t\u1ed1t nh\u1ea5t v\u1edbi\u00a0<strong>N\u01b0\u1edbc \u00e9p h\u1ed7n h\u1ee3p t\u00e1o v\u00e0 h\u1eafc mai bi\u1ec3n Jiangguocui NFC<\/strong>\u0110\u01b0\u1ee3c ch\u1ebf bi\u1ebfn t\u1eeb nh\u1eefng qu\u1ea3 t\u00e1o b\u1ea3n \u0111\u1ecba ch\u00edn m\u1ecdng d\u01b0\u1edbi \u00e1nh n\u1eafng m\u1eb7t tr\u1eddi \u0111\u01b0\u1ee3c tr\u1ed3ng t\u1ea1i \u1ed1c \u0111\u1ea3o Kashgar t\u01b0\u01a1i t\u1ed1t v\u00e0 qu\u1ea3 h\u1eafc mai bi\u1ec3n Trung \u00c1 gi\u00e0u dinh d\u01b0\u1ee1ng t\u1eeb Cao nguy\u00ean Pamir, h\u1ed7n h\u1ee3p \u0111\u01b0\u1ee3c pha ch\u1ebf khoa h\u1ecdc n\u00e0y mang \u0111\u1ebfn m\u1ed9t th\u1ee9c u\u1ed1ng t\u01b0\u01a1i m\u00e1t v\u00e0 t\u1ed1t cho s\u1ee9c kh\u1ecfe. S\u1eed d\u1ee5ng c\u00f4ng ngh\u1ec7 NFC (Kh\u00f4ng c\u00f4 \u0111\u1eb7c), tr\u00e1i c\u00e2y \u0111\u01b0\u1ee3c \u00e9p l\u1ea1nh ngay sau khi thu ho\u1ea1ch \u0111\u1ec3 gi\u1eef nguy\u00ean h\u01b0\u01a1ng v\u1ecb t\u1ef1 nhi\u00ean v\u00e0 gi\u00e1 tr\u1ecb dinh d\u01b0\u1ee1ng.<\/section>\n<section class=\"ybc-p\">V\u1edbi\u00a0<strong>H\u00e0m l\u01b0\u1ee3ng n\u01b0\u1edbc \u00e9p 100%<\/strong>V\u00e0\u00a0<strong>kh\u00f4ng c\u00f3 ch\u1ea5t ph\u1ee5 gia<\/strong>\u2014kh\u00f4ng ch\u1ea5t b\u1ea3o qu\u1ea3n, ch\u1ea5t l\u00e0m \u0111\u1eb7c, h\u01b0\u01a1ng v\u1ecb nh\u00e2n t\u1ea1o hay m\u00e0u nh\u00e2n t\u1ea1o\u2014m\u1ed7i ng\u1ee5m mang \u0111\u1ebfn h\u01b0\u01a1ng v\u1ecb tinh khi\u1ebft, s\u1ed1ng \u0111\u1ed9ng, v\u1eeba ng\u1ecdt v\u1eeba chua. \u0110\u01b0\u1ee3c \u0111\u00f3ng g\u00f3i trong l\u1edbp v\u1ecf nh\u00f4m cao c\u1ea5p gi\u00fap b\u1ea3o qu\u1ea3n \u0111\u1ed9 t\u01b0\u01a1i ngon v\u00e0 d\u01b0\u1ee1ng ch\u1ea5t, lo\u1ea1i n\u01b0\u1edbc \u00e9p n\u00e0y l\u00e0 l\u1ef1a ch\u1ecdn l\u00fd t\u01b0\u1edfng cho nh\u1eefng ai \u0111ang t\u00ecm ki\u1ebfm m\u1ed9t th\u1ee9c u\u1ed1ng th\u01a1m ngon, b\u1ed5 d\u01b0\u1ee1ng, h\u1ed7 tr\u1ee3 l\u1ed1i s\u1ed1ng l\u00e0nh m\u1ea1nh.<\/section>\n<hr \/>\n<h3><strong>C\u00e1c t\u00ednh n\u0103ng ch\u00ednh<\/strong><\/h3>\n<ul class=\"ybc-ul-component\">\n<li class=\"ybc-li-component ybc-li-component_ul\">\n<section class=\"ybc-p\">\u00a0<strong>Th\u00e0nh ph\u1ea7n t\u1ef1 nhi\u00ean<\/strong>: T\u00e1o Kashgar b\u1ea3n \u0111\u1ecba v\u00e0 qu\u1ea3 h\u1eafc mai bi\u1ec3n cao nguy\u00ean Pamir<\/section>\n<\/li>\n<li class=\"ybc-li-component ybc-li-component_ul\">\n<section class=\"ybc-p\">\u00a0<strong>N\u01b0\u1edbc \u00e9p NFC 100%<\/strong>: \u00c9p l\u1ea1nh kh\u00f4ng c\u00f4 \u0111\u1eb7c, gi\u1eef nguy\u00ean h\u01b0\u01a1ng v\u1ecb v\u00e0 ch\u1ea5t dinh d\u01b0\u1ee1ng<\/section>\n<\/li>\n<li class=\"ybc-li-component ybc-li-component_ul\">\n<section class=\"ybc-p\">\u00a0<strong>Kh\u00f4ng c\u00f3 ch\u1ea5t ph\u1ee5 gia<\/strong>: Kh\u00f4ng ch\u1ee9a ch\u1ea5t b\u1ea3o qu\u1ea3n, ch\u1ea5t l\u00e0m \u0111\u1eb7c, h\u01b0\u01a1ng li\u1ec7u v\u00e0 m\u00e0u s\u1eafc<\/section>\n<\/li>\n<li class=\"ybc-li-component ybc-li-component_ul\">\n<section class=\"ybc-p\">\u00a0<strong>Bao b\u00ec ti\u00ean ti\u1ebfn<\/strong>: V\u1eadt li\u1ec7u l\u00f3t nh\u00f4m \u0111\u1ea3m b\u1ea3o \u0111\u1ed9 t\u01b0\u01a1i ngon v\u00e0 b\u1ea3o v\u1ec7 ch\u1ea5t dinh d\u01b0\u1ee1ng<\/section>\n<\/li>\n<li class=\"ybc-li-component ybc-li-component_ul\">\n<section class=\"ybc-p\">\u00a0<strong>C\u00f4ng th\u1ee9c khoa h\u1ecdc<\/strong>: H\u1ed7n h\u1ee3p c\u00e2n b\u1eb1ng cho dinh d\u01b0\u1ee1ng phong ph\u00fa v\u00e0 h\u01b0\u01a1ng v\u1ecb ng\u1ecdt chua<\/section>\n<\/li>\n<\/ul>","protected":false},"excerpt":{"rendered":"<p>Kh\u00e1m ph\u00e1 s\u1ef1 c\u00e2n b\u1eb1ng ho\u00e0n h\u1ea3o c\u1ee7a nh\u1eefng tinh t\u00fay t\u1eeb thi\u00ean nhi\u00ean v\u1edbi N\u01b0\u1edbc \u00e9p h\u1ed7n h\u1ee3p t\u00e1o v\u00e0 h\u1eafc mai bi\u1ec3n Jiangguocui NFC. \u0110\u01b0\u1ee3c ch\u1ebf bi\u1ebfn t\u1eeb nh\u1eefng qu\u1ea3 t\u00e1o b\u1ea3n \u0111\u1ecba ch\u00edn d\u01b0\u1edbi \u00e1nh n\u1eafng m\u1eb7t tr\u1eddi, \u0111\u01b0\u1ee3c tr\u1ed3ng t\u1ea1i \u1ed1c \u0111\u1ea3o xanh t\u01b0\u01a1i c\u1ee7a<span class=\"excerpt-hellip\"> [\u2026]<\/span><\/p>","protected":false},"featured_media":915,"comment_status":"open","ping_status":"closed","template":"","meta":[],"product_brand":[64],"product_cat":[63],"product_tag":[],"class_list":{"0":"post-914","1":"product","2":"type-product","3":"status-publish","4":"has-post-thumbnail","6":"product_brand-64","7":"product_cat-jiang_guo_cui","9":"first","10":"instock","11":"shipping-taxable","12":"product-type-simple"},"yoast_head":"<!-- This site is optimized with the Yoast SEO Premium plugin v25.8 (Yoast SEO v25.8) - https:\/\/yoast.com\/wordpress\/plugins\/seo\/ -->\n<title>Xinjiang Fruit Extract NFC Apple &amp; Sea Buckthorn Blend Juice - Jiushidao - Global Food Marketplace for Business Growth and Cosumers<\/title>\n<meta name=\"robots\" content=\"index, follow, max-snippet:-1, max-image-preview:large, max-video-preview:-1\" \/>\n<link rel=\"canonical\" href=\"https:\/\/jiushidao.com\/vi\/san-pham\/xinjiang-fruit-extract-nfc-apple-sea-buckthorn-blend-juice\/\" \/>\n<meta property=\"og:locale\" content=\"vi_VN\" \/>\n<meta property=\"og:type\" content=\"article\" \/>\n<meta property=\"og:title\" content=\"Xinjiang Fruit Extract NFC Apple &amp; Sea Buckthorn Blend Juice\" \/>\n<meta property=\"og:description\" content=\"Discover the perfect balance of nature\u2019s finest with\u00a0Jiangguocui NFC Apple &amp; Sea Buckthorn Mixed Juice. Crafted from sun-ripened native apples grown in the lush oasis of [\u2026]\" \/>\n<meta property=\"og:url\" content=\"https:\/\/jiushidao.com\/vi\/san-pham\/xinjiang-fruit-extract-nfc-apple-sea-buckthorn-blend-juice\/\" \/>\n<meta property=\"og:site_name\" content=\"Jiushidao - Global Food Marketplace for Business Growth and Cosumers\" \/>\n<meta property=\"article:modified_time\" content=\"2025-10-31T04:47:51+00:00\" \/>\n<meta property=\"og:image\" content=\"https:\/\/jiushidao.com\/wp-content\/uploads\/2025\/10\/\u56fe\u72472-4.png\" \/>\n\t<meta property=\"og:image:width\" content=\"400\" \/>\n\t<meta property=\"og:image:height\" content=\"400\" \/>\n\t<meta property=\"og:image:type\" content=\"image\/png\" \/>\n<meta name=\"twitter:card\" content=\"summary_large_image\" \/>\n<meta name=\"twitter:label1\" content=\"\u01af\u1edbc t\u00ednh th\u1eddi gian \u0111\u1ecdc\" \/>\n\t<meta name=\"twitter:data1\" content=\"1 ph\u00fat\" \/>\n<script type=\"application\/ld+json\" class=\"yoast-schema-graph\">{\"@context\":\"https:\/\/schema.org\",\"@graph\":[{\"@type\":\"WebPage\",\"@id\":\"https:\/\/jiushidao.com\/product\/xinjiang-fruit-extract-nfc-apple-sea-buckthorn-blend-juice\/\",\"url\":\"https:\/\/jiushidao.com\/product\/xinjiang-fruit-extract-nfc-apple-sea-buckthorn-blend-juice\/\",\"name\":\"Xinjiang Fruit Extract NFC Apple & Sea Buckthorn Blend Juice - Jiushidao - Global Food Marketplace for Business Growth and Cosumers\",\"isPartOf\":{\"@id\":\"https:\/\/jiushidao.com\/#website\"},\"primaryImageOfPage\":{\"@id\":\"https:\/\/jiushidao.com\/product\/xinjiang-fruit-extract-nfc-apple-sea-buckthorn-blend-juice\/#primaryimage\"},\"image\":{\"@id\":\"https:\/\/jiushidao.com\/product\/xinjiang-fruit-extract-nfc-apple-sea-buckthorn-blend-juice\/#primaryimage\"},\"thumbnailUrl\":\"https:\/\/jiushidao.com\/wp-content\/uploads\/2025\/10\/\u56fe\u72472-4.png\",\"datePublished\":\"2025-10-31T04:47:50+00:00\",\"dateModified\":\"2025-10-31T04:47:51+00:00\",\"breadcrumb\":{\"@id\":\"https:\/\/jiushidao.com\/product\/xinjiang-fruit-extract-nfc-apple-sea-buckthorn-blend-juice\/#breadcrumb\"},\"inLanguage\":\"vi\",\"potentialAction\":[{\"@type\":\"ReadAction\",\"target\":[\"https:\/\/jiushidao.com\/product\/xinjiang-fruit-extract-nfc-apple-sea-buckthorn-blend-juice\/\"]}]},{\"@type\":\"ImageObject\",\"inLanguage\":\"vi\",\"@id\":\"https:\/\/jiushidao.com\/product\/xinjiang-fruit-extract-nfc-apple-sea-buckthorn-blend-juice\/#primaryimage\",\"url\":\"https:\/\/jiushidao.com\/wp-content\/uploads\/2025\/10\/\u56fe\u72472-4.png\",\"contentUrl\":\"https:\/\/jiushidao.com\/wp-content\/uploads\/2025\/10\/\u56fe\u72472-4.png\",\"width\":400,\"height\":400},{\"@type\":\"BreadcrumbList\",\"@id\":\"https:\/\/jiushidao.com\/product\/xinjiang-fruit-extract-nfc-apple-sea-buckthorn-blend-juice\/#breadcrumb\",\"itemListElement\":[{\"@type\":\"ListItem\",\"position\":1,\"name\":\"Home\",\"item\":\"https:\/\/jiushidao.com\/\"},{\"@type\":\"ListItem\",\"position\":2,\"name\":\"Store\",\"item\":\"https:\/\/jiushidao.com\/store\/\"},{\"@type\":\"ListItem\",\"position\":3,\"name\":\"Xinjiang Fruit Extract NFC Apple &#038; Sea Buckthorn Blend Juice\"}]},{\"@type\":\"WebSite\",\"@id\":\"https:\/\/jiushidao.com\/#website\",\"url\":\"https:\/\/jiushidao.com\/\",\"name\":\"Jiushidao - Global Food Marketplace for Business Growth and Cosumers\",\"description\":\"Jiushidao - Global Food Marketplace for Business Growth and Cosumers\",\"potentialAction\":[{\"@type\":\"SearchAction\",\"target\":{\"@type\":\"EntryPoint\",\"urlTemplate\":\"https:\/\/jiushidao.com\/?s={search_term_string}\"},\"query-input\":{\"@type\":\"PropertyValueSpecification\",\"valueRequired\":true,\"valueName\":\"search_term_string\"}}],\"inLanguage\":\"vi\"}]}<\/script>\n<!-- \/ Yoast SEO Premium plugin. -->","yoast_head_json":{"title":"Xinjiang Fruit Extract NFC Apple & Sea Buckthorn Blend Juice - Jiushidao - Global Food Marketplace for Business Growth and Cosumers","robots":{"index":"index","follow":"follow","max-snippet":"max-snippet:-1","max-image-preview":"max-image-preview:large","max-video-preview":"max-video-preview:-1"},"canonical":"https:\/\/jiushidao.com\/vi\/san-pham\/xinjiang-fruit-extract-nfc-apple-sea-buckthorn-blend-juice\/","og_locale":"vi_VN","og_type":"article","og_title":"Xinjiang Fruit Extract NFC Apple & Sea Buckthorn Blend Juice","og_description":"Discover the perfect balance of nature\u2019s finest with\u00a0Jiangguocui NFC Apple &amp; Sea Buckthorn Mixed Juice. Crafted from sun-ripened native apples grown in the lush oasis of [\u2026]","og_url":"https:\/\/jiushidao.com\/vi\/san-pham\/xinjiang-fruit-extract-nfc-apple-sea-buckthorn-blend-juice\/","og_site_name":"Jiushidao - Global Food Marketplace for Business Growth and Cosumers","article_modified_time":"2025-10-31T04:47:51+00:00","og_image":[{"width":400,"height":400,"url":"https:\/\/jiushidao.com\/wp-content\/uploads\/2025\/10\/\u56fe\u72472-4.png","type":"image\/png"}],"twitter_card":"summary_large_image","twitter_misc":{"\u01af\u1edbc t\u00ednh th\u1eddi gian \u0111\u1ecdc":"1 ph\u00fat"},"schema":{"@context":"https:\/\/schema.org","@graph":[{"@type":"WebPage","@id":"https:\/\/jiushidao.com\/product\/xinjiang-fruit-extract-nfc-apple-sea-buckthorn-blend-juice\/","url":"https:\/\/jiushidao.com\/product\/xinjiang-fruit-extract-nfc-apple-sea-buckthorn-blend-juice\/","name":"Xinjiang Fruit Extract NFC Apple & Sea Buckthorn Blend Juice - Jiushidao - Global Food Marketplace for Business Growth and Cosumers","isPartOf":{"@id":"https:\/\/jiushidao.com\/#website"},"primaryImageOfPage":{"@id":"https:\/\/jiushidao.com\/product\/xinjiang-fruit-extract-nfc-apple-sea-buckthorn-blend-juice\/#primaryimage"},"image":{"@id":"https:\/\/jiushidao.com\/product\/xinjiang-fruit-extract-nfc-apple-sea-buckthorn-blend-juice\/#primaryimage"},"thumbnailUrl":"https:\/\/jiushidao.com\/wp-content\/uploads\/2025\/10\/\u56fe\u72472-4.png","datePublished":"2025-10-31T04:47:50+00:00","dateModified":"2025-10-31T04:47:51+00:00","breadcrumb":{"@id":"https:\/\/jiushidao.com\/product\/xinjiang-fruit-extract-nfc-apple-sea-buckthorn-blend-juice\/#breadcrumb"},"inLanguage":"vi","potentialAction":[{"@type":"ReadAction","target":["https:\/\/jiushidao.com\/product\/xinjiang-fruit-extract-nfc-apple-sea-buckthorn-blend-juice\/"]}]},{"@type":"ImageObject","inLanguage":"vi","@id":"https:\/\/jiushidao.com\/product\/xinjiang-fruit-extract-nfc-apple-sea-buckthorn-blend-juice\/#primaryimage","url":"https:\/\/jiushidao.com\/wp-content\/uploads\/2025\/10\/\u56fe\u72472-4.png","contentUrl":"https:\/\/jiushidao.com\/wp-content\/uploads\/2025\/10\/\u56fe\u72472-4.png","width":400,"height":400},{"@type":"BreadcrumbList","@id":"https:\/\/jiushidao.com\/product\/xinjiang-fruit-extract-nfc-apple-sea-buckthorn-blend-juice\/#breadcrumb","itemListElement":[{"@type":"ListItem","position":1,"name":"Home","item":"https:\/\/jiushidao.com\/"},{"@type":"ListItem","position":2,"name":"Store","item":"https:\/\/jiushidao.com\/store\/"},{"@type":"ListItem","position":3,"name":"Xinjiang Fruit Extract NFC Apple &#038; Sea Buckthorn Blend Juice"}]},{"@type":"WebSite","@id":"https:\/\/jiushidao.com\/#website","url":"https:\/\/jiushidao.com\/","name":"Jiushidao - Global Food Marketplace for Business Growth and Cosumers","description":"Jiushidao - Global Food Marketplace for Business Growth and Cosumers","potentialAction":[{"@type":"SearchAction","target":{"@type":"EntryPoint","urlTemplate":"https:\/\/jiushidao.com\/?s={search_term_string}"},"query-input":{"@type":"PropertyValueSpecification","valueRequired":true,"valueName":"search_term_string"}}],"inLanguage":"vi"}]}},"_links":{"self":[{"href":"https:\/\/jiushidao.com\/vi\/wp-json\/wp\/v2\/product\/914","targetHints":{"allow":["GET"]}}],"collection":[{"href":"https:\/\/jiushidao.com\/vi\/wp-json\/wp\/v2\/product"}],"about":[{"href":"https:\/\/jiushidao.com\/vi\/wp-json\/wp\/v2\/types\/product"}],"replies":[{"embeddable":true,"href":"https:\/\/jiushidao.com\/vi\/wp-json\/wp\/v2\/comments?post=914"}],"version-history":[{"count":1,"href":"https:\/\/jiushidao.com\/vi\/wp-json\/wp\/v2\/product\/914\/revisions"}],"predecessor-version":[{"id":916,"href":"https:\/\/jiushidao.com\/vi\/wp-json\/wp\/v2\/product\/914\/revisions\/916"}],"wp:featuredmedia":[{"embeddable":true,"href":"https:\/\/jiushidao.com\/vi\/wp-json\/wp\/v2\/media\/915"}],"wp:attachment":[{"href":"https:\/\/jiushidao.com\/vi\/wp-json\/wp\/v2\/media?parent=914"}],"wp:term":[{"taxonomy":"product_brand","embeddable":true,"href":"https:\/\/jiushidao.com\/vi\/wp-json\/wp\/v2\/product_brand?post=914"},{"taxonomy":"product_cat","embeddable":true,"href":"https:\/\/jiushidao.com\/vi\/wp-json\/wp\/v2\/product_cat?post=914"},{"taxonomy":"product_tag","embeddable":true,"href":"https:\/\/jiushidao.com\/vi\/wp-json\/wp\/v2\/product_tag?post=914"}],"curies":[{"name":"wp","href":"https:\/\/api.w.org\/{rel}","templated":true}]}}