{"id":911,"date":"2025-10-31T04:43:59","date_gmt":"2025-10-31T04:43:59","guid":{"rendered":"https:\/\/jiushidao.com\/?post_type=product&#038;p=911"},"modified":"2025-10-31T04:44:00","modified_gmt":"2025-10-31T04:44:00","slug":"xinjiang-fruit-extract-nfc-fresh-pressed-apple-juice","status":"publish","type":"product","link":"https:\/\/jiushidao.com\/vi\/san-pham\/xinjiang-fruit-extract-nfc-fresh-pressed-apple-juice\/","title":{"rendered":"N\u01b0\u1edbc \u00e9p t\u00e1o t\u01b0\u01a1i NFC chi\u1ebft xu\u1ea5t t\u1eeb tr\u00e1i c\u00e2y T\u00e2n C\u01b0\u01a1ng"},"content":{"rendered":"<section class=\"ybc-p\">Tr\u1ea3i nghi\u1ec7m h\u01b0\u01a1ng v\u1ecb \u0111\u00edch th\u1ef1c c\u1ee7a c\u00e1c v\u01b0\u1eddn c\u00e2y \u0103n tr\u00e1i T\u00e2n C\u01b0\u01a1ng v\u1edbi\u00a0<strong>N\u01b0\u1edbc \u00e9p t\u00e1o t\u01b0\u01a1i NFC Jiangguocui<\/strong>\u2014m\u1ed9t lo\u1ea1i n\u01b0\u1edbc \u00e9p cao c\u1ea5p, kh\u00f4ng c\u00f4 \u0111\u1eb7c, \u0111\u01b0\u1ee3c ch\u1ebf bi\u1ebfn d\u00e0nh cho nh\u1eefng ai coi tr\u1ecdng ch\u1ea5t l\u01b0\u1ee3ng h\u01a1n s\u1ed1 l\u01b0\u1ee3ng. \u0110\u01b0\u1ee3c l\u00e0m t\u1eeb t\u00e1o Kashgar b\u1ea3n \u0111\u1ecba, \u0111\u01b0\u1ee3c tr\u1ed3ng t\u1ea1i \u1ed1c \u0111\u1ea3o \u0111\u1ed9c \u0111\u00e1o gi\u1eefa sa m\u1ea1c Taklamakan v\u00e0 d\u00e3y n\u00fai T\u00e2y C\u00f4n L\u00f4n, t\u00e1o c\u1ee7a ch\u00fang t\u00f4i \u0111\u01b0\u1ee3c h\u01b0\u1edfng l\u1ee3i t\u1eeb \u0111i\u1ec1u ki\u1ec7n sinh tr\u01b0\u1edfng l\u00fd t\u01b0\u1edfng c\u1ee7a khu v\u1ef1c: \u0111\u1ea5t gi\u00e0u kho\u00e1ng ch\u1ea5t, \u00e1nh n\u1eafng d\u1ed3i d\u00e0o, ngu\u1ed3n n\u01b0\u1edbc tinh khi\u1ebft v\u00e0 s\u1ef1 ch\u00eanh l\u1ec7ch nhi\u1ec7t \u0111\u1ed9 \u0111\u00e1ng k\u1ec3 gi\u1eefa ng\u00e0y v\u00e0 \u0111\u00eam. M\u00f4i tr\u01b0\u1eddng t\u1ef1 nhi\u00ean n\u00e0y t\u1ea1o ra nh\u1eefng qu\u1ea3 t\u00e1o v\u1edbi h\u01b0\u01a1ng th\u01a1m v\u00e0 v\u1ecb ng\u1ecdt \u0111\u1eb7c tr\u01b0ng.<\/section>\n<section class=\"ybc-p\">S\u1eed d\u1ee5ng c\u00f4ng ngh\u1ec7 \u00e9p l\u1ea1nh ti\u00ean ti\u1ebfn, ch\u00fang t\u00f4i \u0111\u1ea3m b\u1ea3o r\u1eb1ng t\u00e1o \u0111\u01b0\u1ee3c \u00e9p trong\u00a0<strong>24 gi\u1edd thu ho\u1ea1ch<\/strong>, gi\u1eef nguy\u00ean \u0111\u1ed9 t\u01b0\u01a1i ngon, d\u01b0\u1ee1ng ch\u1ea5t v\u00e0 h\u01b0\u01a1ng v\u1ecb nguy\u00ean ch\u1ea5t c\u1ee7a tr\u00e1i c\u00e2y t\u01b0\u01a1i m\u1edbi h\u00e1i. N\u01b0\u1edbc \u00e9p \u0111\u01b0\u1ee3c \u0111\u00f3ng g\u00f3i trong t\u00fai nh\u00f4m ti\u00ean ti\u1ebfn, \u0111\u01b0\u1ee3c b\u1ea3o v\u1ec7 b\u1eb1ng kh\u00ed tr\u01a1, \u0111\u1ea3m b\u1ea3o ch\u1ea5t l\u01b0\u1ee3ng v\u00e0 gi\u00e1 tr\u1ecb dinh d\u01b0\u1ee1ng t\u1eeb v\u01b0\u1eddn \u0111\u1ebfn b\u00e0n \u0103n. Kh\u00f4ng ph\u1ee5 gia hay ch\u1ea5t b\u1ea3o qu\u1ea3n, m\u1ed7i ng\u1ee5m n\u01b0\u1edbc mang \u0111\u1ebfn h\u01b0\u01a1ng v\u1ecb t\u00e1o T\u00e2n C\u01b0\u01a1ng \u0111\u00edch th\u1ef1c, gi\u00f2n tan\u2014t\u01b0\u01a1i m\u00e1t, c\u00e2n b\u1eb1ng v\u00e0 ng\u1ecdt t\u1ef1 nhi\u00ean.<\/section>\n<hr \/>\n<h3><strong>C\u00e1c t\u00ednh n\u0103ng ch\u00ednh<\/strong><\/h3>\n<ul class=\"ybc-ul-component\">\n<li class=\"ybc-li-component ybc-li-component_ul\">\n<section class=\"ybc-p\">\u00a0<strong>N\u01b0\u1edbc \u00e9p NFC 100%<\/strong>: Kh\u00f4ng ph\u1ea3i t\u1eeb ch\u1ea5t c\u00f4 \u0111\u1eb7c\u2014nguy\u00ean ch\u1ea5t, kh\u00f4ng pha lo\u00e3ng v\u00e0 \u0111\u1ea7y \u0111\u1ee7 h\u01b0\u01a1ng v\u1ecb t\u1ef1 nhi\u00ean<\/section>\n<\/li>\n<li class=\"ybc-li-component ybc-li-component_ul\">\n<section class=\"ybc-p\">\u00a0<strong>T\u00e1o Kashgar b\u1ea3n \u0111\u1ecba<\/strong>: \u0110\u01b0\u1ee3c tr\u1ed3ng \u1edf m\u00f4i tr\u01b0\u1eddng \u1ed1c \u0111\u1ea3o \u0111\u1ed9c \u0111\u00e1o c\u1ee7a T\u00e2n C\u01b0\u01a1ng \u0111\u1ec3 c\u00f3 ch\u1ea5t l\u01b0\u1ee3ng th\u01a1m ngon, \u0111\u1eadm \u0111\u00e0<\/section>\n<\/li>\n<li class=\"ybc-li-component ybc-li-component_ul\">\n<section class=\"ybc-p\">\u00a0<strong>\u00c9p l\u1ea1nh trong v\u00f2ng 24 gi\u1edd<\/strong>: T\u1ed1i \u0111a h\u00f3a \u0111\u1ed9 t\u01b0\u01a1i v\u00e0 gi\u1eef l\u1ea1i ch\u1ea5t dinh d\u01b0\u1ee1ng<\/section>\n<\/li>\n<li class=\"ybc-li-component ybc-li-component_ul\">\n<section class=\"ybc-p\">\u00a0<strong>Bao b\u00ec ti\u00ean ti\u1ebfn<\/strong>: V\u1eadt li\u1ec7u l\u00f3t nh\u00f4m v\u1edbi l\u1edbp b\u1ea3o v\u1ec7 kh\u00ed tr\u01a1 gi\u00fap k\u00e9o d\u00e0i \u0111\u1ed9 t\u01b0\u01a1i ngon<\/section>\n<\/li>\n<li class=\"ybc-li-component ybc-li-component_ul\">\n<section class=\"ybc-p\">\u00a0<strong>Th\u00e0nh ph\u1ea7n s\u1ea1ch<\/strong>: Ch\u1ec9 c\u00f3 t\u00e1o T\u00e2n C\u01b0\u01a1ng\u2014kh\u00f4ng c\u00f3 ch\u1ea5t ph\u1ee5 gia, kh\u00f4ng th\u00eam n\u01b0\u1edbc ho\u1eb7c \u0111\u01b0\u1eddng<\/section>\n<\/li>\n<\/ul>","protected":false},"excerpt":{"rendered":"<p>Tr\u1ea3i nghi\u1ec7m h\u01b0\u01a1ng v\u1ecb \u0111\u00edch th\u1ef1c c\u1ee7a nh\u1eefng v\u01b0\u1eddn c\u00e2y \u0103n tr\u00e1i T\u00e2n C\u01b0\u01a1ng v\u1edbi N\u01b0\u1edbc \u00e9p t\u00e1o t\u01b0\u01a1i Jiangguocui NFC\u2014m\u1ed9t lo\u1ea1i n\u01b0\u1edbc \u00e9p cao c\u1ea5p, kh\u00f4ng c\u00f4 \u0111\u1eb7c \u0111\u01b0\u1ee3c ch\u1ebf bi\u1ebfn d\u00e0nh cho nh\u1eefng ng\u01b0\u1eddi coi tr\u1ecdng ch\u1ea5t l\u01b0\u1ee3ng h\u01a1n s\u1ed1 l\u01b0\u1ee3ng. \u0110\u01b0\u1ee3c l\u00e0m t\u1eeb nguy\u00ean li\u1ec7u \u0111\u1ecba ph\u01b0\u01a1ng<span class=\"excerpt-hellip\"> [\u2026]<\/span><\/p>","protected":false},"featured_media":912,"comment_status":"open","ping_status":"closed","template":"","meta":[],"product_brand":[64],"product_cat":[63],"product_tag":[],"class_list":{"0":"post-911","1":"product","2":"type-product","3":"status-publish","4":"has-post-thumbnail","6":"product_brand-64","7":"product_cat-jiang_guo_cui","9":"first","10":"instock","11":"shipping-taxable","12":"product-type-simple"},"yoast_head":"<!-- This site is optimized with the Yoast SEO Premium plugin v25.8 (Yoast SEO v25.8) - https:\/\/yoast.com\/wordpress\/plugins\/seo\/ -->\n<title>Xinjiang Fruit Extract NFC Fresh-Pressed Apple Juice - Jiushidao - Global Food Marketplace for Business Growth and Cosumers<\/title>\n<meta name=\"robots\" content=\"index, follow, max-snippet:-1, max-image-preview:large, max-video-preview:-1\" \/>\n<link rel=\"canonical\" href=\"https:\/\/jiushidao.com\/vi\/san-pham\/xinjiang-fruit-extract-nfc-fresh-pressed-apple-juice\/\" \/>\n<meta property=\"og:locale\" content=\"vi_VN\" \/>\n<meta property=\"og:type\" content=\"article\" \/>\n<meta property=\"og:title\" content=\"Xinjiang Fruit Extract NFC Fresh-Pressed Apple Juice\" \/>\n<meta property=\"og:description\" content=\"Experience the true taste of Xinjiang\u2019s orchards with\u00a0Jiangguocui NFC Fresh Apple Juice\u2014a premium, non-concentrated juice crafted for those who value quality over quantity. Made from native [\u2026]\" \/>\n<meta property=\"og:url\" content=\"https:\/\/jiushidao.com\/vi\/san-pham\/xinjiang-fruit-extract-nfc-fresh-pressed-apple-juice\/\" \/>\n<meta property=\"og:site_name\" content=\"Jiushidao - Global Food Marketplace for Business Growth and Cosumers\" \/>\n<meta property=\"article:modified_time\" content=\"2025-10-31T04:44:00+00:00\" \/>\n<meta property=\"og:image\" content=\"https:\/\/jiushidao.com\/wp-content\/uploads\/2025\/10\/\u56fe\u72471-7.png\" \/>\n\t<meta property=\"og:image:width\" content=\"400\" \/>\n\t<meta property=\"og:image:height\" content=\"400\" \/>\n\t<meta property=\"og:image:type\" content=\"image\/png\" \/>\n<meta name=\"twitter:card\" content=\"summary_large_image\" \/>\n<meta name=\"twitter:label1\" content=\"\u01af\u1edbc t\u00ednh th\u1eddi gian \u0111\u1ecdc\" \/>\n\t<meta name=\"twitter:data1\" content=\"2 ph\u00fat\" \/>\n<script type=\"application\/ld+json\" class=\"yoast-schema-graph\">{\"@context\":\"https:\/\/schema.org\",\"@graph\":[{\"@type\":\"WebPage\",\"@id\":\"https:\/\/jiushidao.com\/product\/xinjiang-fruit-extract-nfc-fresh-pressed-apple-juice\/\",\"url\":\"https:\/\/jiushidao.com\/product\/xinjiang-fruit-extract-nfc-fresh-pressed-apple-juice\/\",\"name\":\"Xinjiang Fruit Extract NFC Fresh-Pressed Apple Juice - Jiushidao - Global Food Marketplace for Business Growth and Cosumers\",\"isPartOf\":{\"@id\":\"https:\/\/jiushidao.com\/#website\"},\"primaryImageOfPage\":{\"@id\":\"https:\/\/jiushidao.com\/product\/xinjiang-fruit-extract-nfc-fresh-pressed-apple-juice\/#primaryimage\"},\"image\":{\"@id\":\"https:\/\/jiushidao.com\/product\/xinjiang-fruit-extract-nfc-fresh-pressed-apple-juice\/#primaryimage\"},\"thumbnailUrl\":\"https:\/\/jiushidao.com\/wp-content\/uploads\/2025\/10\/\u56fe\u72471-7.png\",\"datePublished\":\"2025-10-31T04:43:59+00:00\",\"dateModified\":\"2025-10-31T04:44:00+00:00\",\"breadcrumb\":{\"@id\":\"https:\/\/jiushidao.com\/product\/xinjiang-fruit-extract-nfc-fresh-pressed-apple-juice\/#breadcrumb\"},\"inLanguage\":\"vi\",\"potentialAction\":[{\"@type\":\"ReadAction\",\"target\":[\"https:\/\/jiushidao.com\/product\/xinjiang-fruit-extract-nfc-fresh-pressed-apple-juice\/\"]}]},{\"@type\":\"ImageObject\",\"inLanguage\":\"vi\",\"@id\":\"https:\/\/jiushidao.com\/product\/xinjiang-fruit-extract-nfc-fresh-pressed-apple-juice\/#primaryimage\",\"url\":\"https:\/\/jiushidao.com\/wp-content\/uploads\/2025\/10\/\u56fe\u72471-7.png\",\"contentUrl\":\"https:\/\/jiushidao.com\/wp-content\/uploads\/2025\/10\/\u56fe\u72471-7.png\",\"width\":400,\"height\":400},{\"@type\":\"BreadcrumbList\",\"@id\":\"https:\/\/jiushidao.com\/product\/xinjiang-fruit-extract-nfc-fresh-pressed-apple-juice\/#breadcrumb\",\"itemListElement\":[{\"@type\":\"ListItem\",\"position\":1,\"name\":\"Home\",\"item\":\"https:\/\/jiushidao.com\/\"},{\"@type\":\"ListItem\",\"position\":2,\"name\":\"Store\",\"item\":\"https:\/\/jiushidao.com\/store\/\"},{\"@type\":\"ListItem\",\"position\":3,\"name\":\"Xinjiang Fruit Extract NFC Fresh-Pressed Apple Juice\"}]},{\"@type\":\"WebSite\",\"@id\":\"https:\/\/jiushidao.com\/#website\",\"url\":\"https:\/\/jiushidao.com\/\",\"name\":\"Jiushidao - Global Food Marketplace for Business Growth and Cosumers\",\"description\":\"Jiushidao - Global Food Marketplace for Business Growth and Cosumers\",\"potentialAction\":[{\"@type\":\"SearchAction\",\"target\":{\"@type\":\"EntryPoint\",\"urlTemplate\":\"https:\/\/jiushidao.com\/?s={search_term_string}\"},\"query-input\":{\"@type\":\"PropertyValueSpecification\",\"valueRequired\":true,\"valueName\":\"search_term_string\"}}],\"inLanguage\":\"vi\"}]}<\/script>\n<!-- \/ Yoast SEO Premium plugin. -->","yoast_head_json":{"title":"Xinjiang Fruit Extract NFC Fresh-Pressed Apple Juice - Jiushidao - Global Food Marketplace for Business Growth and Cosumers","robots":{"index":"index","follow":"follow","max-snippet":"max-snippet:-1","max-image-preview":"max-image-preview:large","max-video-preview":"max-video-preview:-1"},"canonical":"https:\/\/jiushidao.com\/vi\/san-pham\/xinjiang-fruit-extract-nfc-fresh-pressed-apple-juice\/","og_locale":"vi_VN","og_type":"article","og_title":"Xinjiang Fruit Extract NFC Fresh-Pressed Apple Juice","og_description":"Experience the true taste of Xinjiang\u2019s orchards with\u00a0Jiangguocui NFC Fresh Apple Juice\u2014a premium, non-concentrated juice crafted for those who value quality over quantity. Made from native [\u2026]","og_url":"https:\/\/jiushidao.com\/vi\/san-pham\/xinjiang-fruit-extract-nfc-fresh-pressed-apple-juice\/","og_site_name":"Jiushidao - Global Food Marketplace for Business Growth and Cosumers","article_modified_time":"2025-10-31T04:44:00+00:00","og_image":[{"width":400,"height":400,"url":"https:\/\/jiushidao.com\/wp-content\/uploads\/2025\/10\/\u56fe\u72471-7.png","type":"image\/png"}],"twitter_card":"summary_large_image","twitter_misc":{"\u01af\u1edbc t\u00ednh th\u1eddi gian \u0111\u1ecdc":"2 ph\u00fat"},"schema":{"@context":"https:\/\/schema.org","@graph":[{"@type":"WebPage","@id":"https:\/\/jiushidao.com\/product\/xinjiang-fruit-extract-nfc-fresh-pressed-apple-juice\/","url":"https:\/\/jiushidao.com\/product\/xinjiang-fruit-extract-nfc-fresh-pressed-apple-juice\/","name":"Xinjiang Fruit Extract NFC Fresh-Pressed Apple Juice - Jiushidao - Global Food Marketplace for Business Growth and Cosumers","isPartOf":{"@id":"https:\/\/jiushidao.com\/#website"},"primaryImageOfPage":{"@id":"https:\/\/jiushidao.com\/product\/xinjiang-fruit-extract-nfc-fresh-pressed-apple-juice\/#primaryimage"},"image":{"@id":"https:\/\/jiushidao.com\/product\/xinjiang-fruit-extract-nfc-fresh-pressed-apple-juice\/#primaryimage"},"thumbnailUrl":"https:\/\/jiushidao.com\/wp-content\/uploads\/2025\/10\/\u56fe\u72471-7.png","datePublished":"2025-10-31T04:43:59+00:00","dateModified":"2025-10-31T04:44:00+00:00","breadcrumb":{"@id":"https:\/\/jiushidao.com\/product\/xinjiang-fruit-extract-nfc-fresh-pressed-apple-juice\/#breadcrumb"},"inLanguage":"vi","potentialAction":[{"@type":"ReadAction","target":["https:\/\/jiushidao.com\/product\/xinjiang-fruit-extract-nfc-fresh-pressed-apple-juice\/"]}]},{"@type":"ImageObject","inLanguage":"vi","@id":"https:\/\/jiushidao.com\/product\/xinjiang-fruit-extract-nfc-fresh-pressed-apple-juice\/#primaryimage","url":"https:\/\/jiushidao.com\/wp-content\/uploads\/2025\/10\/\u56fe\u72471-7.png","contentUrl":"https:\/\/jiushidao.com\/wp-content\/uploads\/2025\/10\/\u56fe\u72471-7.png","width":400,"height":400},{"@type":"BreadcrumbList","@id":"https:\/\/jiushidao.com\/product\/xinjiang-fruit-extract-nfc-fresh-pressed-apple-juice\/#breadcrumb","itemListElement":[{"@type":"ListItem","position":1,"name":"Home","item":"https:\/\/jiushidao.com\/"},{"@type":"ListItem","position":2,"name":"Store","item":"https:\/\/jiushidao.com\/store\/"},{"@type":"ListItem","position":3,"name":"Xinjiang Fruit Extract NFC Fresh-Pressed Apple Juice"}]},{"@type":"WebSite","@id":"https:\/\/jiushidao.com\/#website","url":"https:\/\/jiushidao.com\/","name":"Jiushidao - Global Food Marketplace for Business Growth and Cosumers","description":"Jiushidao - Global Food Marketplace for Business Growth and Cosumers","potentialAction":[{"@type":"SearchAction","target":{"@type":"EntryPoint","urlTemplate":"https:\/\/jiushidao.com\/?s={search_term_string}"},"query-input":{"@type":"PropertyValueSpecification","valueRequired":true,"valueName":"search_term_string"}}],"inLanguage":"vi"}]}},"_links":{"self":[{"href":"https:\/\/jiushidao.com\/vi\/wp-json\/wp\/v2\/product\/911","targetHints":{"allow":["GET"]}}],"collection":[{"href":"https:\/\/jiushidao.com\/vi\/wp-json\/wp\/v2\/product"}],"about":[{"href":"https:\/\/jiushidao.com\/vi\/wp-json\/wp\/v2\/types\/product"}],"replies":[{"embeddable":true,"href":"https:\/\/jiushidao.com\/vi\/wp-json\/wp\/v2\/comments?post=911"}],"version-history":[{"count":1,"href":"https:\/\/jiushidao.com\/vi\/wp-json\/wp\/v2\/product\/911\/revisions"}],"predecessor-version":[{"id":913,"href":"https:\/\/jiushidao.com\/vi\/wp-json\/wp\/v2\/product\/911\/revisions\/913"}],"wp:featuredmedia":[{"embeddable":true,"href":"https:\/\/jiushidao.com\/vi\/wp-json\/wp\/v2\/media\/912"}],"wp:attachment":[{"href":"https:\/\/jiushidao.com\/vi\/wp-json\/wp\/v2\/media?parent=911"}],"wp:term":[{"taxonomy":"product_brand","embeddable":true,"href":"https:\/\/jiushidao.com\/vi\/wp-json\/wp\/v2\/product_brand?post=911"},{"taxonomy":"product_cat","embeddable":true,"href":"https:\/\/jiushidao.com\/vi\/wp-json\/wp\/v2\/product_cat?post=911"},{"taxonomy":"product_tag","embeddable":true,"href":"https:\/\/jiushidao.com\/vi\/wp-json\/wp\/v2\/product_tag?post=911"}],"curies":[{"name":"wp","href":"https:\/\/api.w.org\/{rel}","templated":true}]}}