{"id":904,"date":"2025-10-31T04:30:02","date_gmt":"2025-10-31T04:30:02","guid":{"rendered":"https:\/\/jiushidao.com\/?post_type=product&#038;p=904"},"modified":"2025-10-31T04:30:03","modified_gmt":"2025-10-31T04:30:03","slug":"kashi-nanda-maifdun-xinjiang-spicy-skin-milk-naan-800g","status":"publish","type":"product","link":"https:\/\/jiushidao.com\/vi\/san-pham\/kashi-nanda-maifdun-xinjiang-spicy-skin-milk-naan-800g\/","title":{"rendered":"Kashi Nanda Maifdun S\u1eefa cay da T\u00e2n C\u01b0\u01a1ng Naan 800g"},"content":{"rendered":"<section class=\"ybc-p\">Th\u01b0\u1edfng th\u1ee9c h\u01b0\u01a1ng v\u1ecb \u0111\u1eadm \u0111\u00e0, ch\u00ednh th\u1ed1ng c\u1ee7a T\u00e2n C\u01b0\u01a1ng v\u1edbi b\u00e1nh m\u00ec Naan s\u1eefa cay Kashgar Nanda Maifudun. M\u1ed7i h\u1ed9p 800g ch\u1ee9a nh\u1eefng chi\u1ebfc b\u00e1nh m\u00ec d\u1eb9t v\u00e0ng n\u00e2u, n\u01b0\u1edbng \u1edf nhi\u1ec7t \u0111\u1ed9 cao \u0111\u01b0\u1ee3c l\u00e0m t\u1eeb\u00a0<strong>b\u1ed9t m\u00ec m\u00f9a \u0111\u00f4ng cao c\u1ea5p<\/strong>v\u00e0 \u0111\u01b0\u1ee3c l\u00e0m gi\u00e0u v\u1edbi\u00a0<strong>s\u1eefa nguy\u00ean ch\u1ea5t t\u1eeb \u0111\u1ed3ng c\u1ecf Nanda&#039;s Glacier<\/strong>. \u0110\u01b0\u1ee3c nh\u1ed3i \u0111\u1ea7y nh\u00e2n\u00a0<strong>Th\u00ec l\u00e0 cay ngon nh\u1ea5t T\u00e2n C\u01b0\u01a1ng (\u201c\u8fa3\u76ae\u5b50\u201d)<\/strong>Nh\u1eefng chi\u1ebfc b\u00e1nh naan n\u00e0y mang \u0111\u1ebfn s\u1ef1 c\u00e2n b\u1eb1ng ho\u00e0n h\u1ea3o gi\u1eefa k\u1ebft c\u1ea5u gi\u00f2n, v\u1ecb b\u00e9o ng\u1eady c\u1ee7a s\u1eefa v\u00e0 h\u01b0\u01a1ng th\u01a1m n\u1ed3ng n\u00e0n.<\/section>\n<section class=\"ybc-p\">Th\u00edch h\u1ee3p l\u00e0m m\u00f3n \u0103n nh\u1eb9 th\u1ecbnh so\u1ea1n ho\u1eb7c m\u00f3n \u0103n k\u00e8m \u0111\u1ed9c \u0111\u00e1o, nh\u1eefng chi\u1ebfc b\u00e1nh naan \u0111\u01b0\u1ee3c g\u00f3i ri\u00eang n\u00e0y mang h\u01b0\u01a1ng v\u1ecb th\u1ef1c s\u1ef1 c\u1ee7a truy\u1ec1n th\u1ed1ng \u1ea9m th\u1ef1c Kashgar \u0111\u1ebfn b\u00e0n \u0103n c\u1ee7a b\u1ea1n\u2014s\u1eb5n s\u00e0ng \u0111\u1ec3 th\u01b0\u1edfng th\u1ee9c ch\u1ec9 trong v\u00e0i ph\u00fat.<\/section>\n<hr \/>\n<h3><strong>C\u00e1c t\u00ednh n\u0103ng ch\u00ednh<\/strong><\/h3>\n<ul class=\"ybc-ul-component\">\n<li class=\"ybc-li-component ybc-li-component_ul\">\n<section class=\"ybc-p\">\u00a0<strong>Nh\u00e2n th\u00ec l\u00e0 cay T\u00e2n C\u01b0\u01a1ng<\/strong>: \u201c\u8fa3\u76ae\u5b50\u201d \u0111\u00edch th\u1ef1c cho m\u1ed9t c\u00fa \u0111\u00e1 t\u00e1o b\u1ea1o, h\u1ea5p d\u1eabn<\/section>\n<\/li>\n<li class=\"ybc-li-component ybc-li-component_ul\">\n<section class=\"ybc-p\">\u00a0<strong>B\u1ed9t s\u1eefa t\u01b0\u01a1i<\/strong>: Pha tr\u1ed9n v\u1edbi s\u1eefa Nanda Glacier Pasture \u0111\u1ec3 t\u1ea1o \u0111\u1ed9 m\u1ec1m m\u1ea1i<\/section>\n<\/li>\n<li class=\"ybc-li-component ybc-li-component_ul\">\n<section class=\"ybc-p\">\u00a0<strong>N\u01b0\u1edbng \u1edf nhi\u1ec7t \u0111\u1ed9 cao<\/strong>: B\u1ec1 m\u1eb7t m\u00e0u n\u00e2u v\u00e0ng v\u1edbi k\u1ebft c\u1ea5u gi\u00f2n, nhi\u1ec1u l\u1edbp<\/section>\n<\/li>\n<li class=\"ybc-li-component ybc-li-component_ul\">\n<section class=\"ybc-p\">\u00a0<strong>L\u00faa m\u00ec m\u00f9a \u0111\u00f4ng cao c\u1ea5p<\/strong>: \u0110\u01b0\u1ee3c l\u1ef1a ch\u1ecdn \u0111\u1ec3 c\u00f3 \u0111\u1ed9 dai v\u00e0 h\u01b0\u01a1ng v\u1ecb t\u1ed1i \u01b0u<\/section>\n<\/li>\n<li class=\"ybc-li-component ybc-li-component_ul\">\n<section class=\"ybc-p\">\u00a0<strong>H\u1ed9p qu\u00e0 t\u1eb7ng 800g<\/strong>: Ch\u1ee9a nhi\u1ec1u b\u00e1nh naan \u0111\u01b0\u1ee3c g\u00f3i ri\u00eang l\u1ebb<\/section>\n<\/li>\n<\/ul>","protected":false},"excerpt":{"rendered":"<p>Th\u01b0\u1edfng th\u1ee9c h\u01b0\u01a1ng v\u1ecb \u0111\u1eadm \u0111\u00e0, \u0111\u00edch th\u1ef1c c\u1ee7a T\u00e2n C\u01b0\u01a1ng v\u1edbi b\u00e1nh Naan s\u1eefa cay Kashgar Nanda Maifudun. M\u1ed7i h\u1ed9p 800g ch\u1ee9a nh\u1eefng chi\u1ebfc b\u00e1nh m\u00ec d\u1eb9t v\u00e0ng n\u00e2u, n\u01b0\u1edbng \u1edf nhi\u1ec7t \u0111\u1ed9 cao \u0111\u01b0\u1ee3c l\u00e0m t\u1eeb nguy\u00ean li\u1ec7u m\u00f9a \u0111\u00f4ng h\u1ea3o h\u1ea1ng.<span class=\"excerpt-hellip\"> [\u2026]<\/span><\/p>","protected":false},"featured_media":905,"comment_status":"open","ping_status":"closed","template":"","meta":[],"product_brand":[62],"product_cat":[61],"product_tag":[],"class_list":{"0":"post-904","1":"product","2":"type-product","3":"status-publish","4":"has-post-thumbnail","6":"product_brand-62","7":"product_cat-da_jiang_you_li","9":"first","10":"instock","11":"shipping-taxable","12":"product-type-simple"},"yoast_head":"<!-- This site is optimized with the Yoast SEO Premium plugin v25.8 (Yoast SEO v25.8) - https:\/\/yoast.com\/wordpress\/plugins\/seo\/ -->\n<title>Kashi Nanda Maifdun Xinjiang Spicy Skin Milk Naan 800g - Jiushidao - Global Food Marketplace for Business Growth and Cosumers<\/title>\n<meta name=\"robots\" content=\"index, follow, max-snippet:-1, max-image-preview:large, max-video-preview:-1\" \/>\n<link rel=\"canonical\" href=\"https:\/\/jiushidao.com\/vi\/san-pham\/kashi-nanda-maifdun-xinjiang-spicy-skin-milk-naan-800g\/\" \/>\n<meta property=\"og:locale\" content=\"vi_VN\" \/>\n<meta property=\"og:type\" content=\"article\" \/>\n<meta property=\"og:title\" content=\"Kashi Nanda Maifdun Xinjiang Spicy Skin Milk Naan 800g\" \/>\n<meta property=\"og:description\" content=\"Savor the bold, authentic taste of Xinjiang with Kashgar Nanda Maifudun Spicy Cumin Milk Naan. Each 800g box contains golden-brown, high-temperature baked flatbreads crafted from\u00a0premium winter [\u2026]\" \/>\n<meta property=\"og:url\" content=\"https:\/\/jiushidao.com\/vi\/san-pham\/kashi-nanda-maifdun-xinjiang-spicy-skin-milk-naan-800g\/\" \/>\n<meta property=\"og:site_name\" content=\"Jiushidao - Global Food Marketplace for Business Growth and Cosumers\" \/>\n<meta property=\"article:modified_time\" content=\"2025-10-31T04:30:03+00:00\" \/>\n<meta property=\"og:image\" content=\"https:\/\/jiushidao.com\/wp-content\/uploads\/2025\/10\/\u56fe\u724715-1.png\" \/>\n\t<meta property=\"og:image:width\" content=\"800\" \/>\n\t<meta property=\"og:image:height\" content=\"800\" \/>\n\t<meta property=\"og:image:type\" content=\"image\/png\" \/>\n<meta name=\"twitter:card\" content=\"summary_large_image\" \/>\n<meta name=\"twitter:label1\" content=\"\u01af\u1edbc t\u00ednh th\u1eddi gian \u0111\u1ecdc\" \/>\n\t<meta name=\"twitter:data1\" content=\"1 ph\u00fat\" \/>\n<script type=\"application\/ld+json\" class=\"yoast-schema-graph\">{\"@context\":\"https:\/\/schema.org\",\"@graph\":[{\"@type\":\"WebPage\",\"@id\":\"https:\/\/jiushidao.com\/product\/kashi-nanda-maifdun-xinjiang-spicy-skin-milk-naan-800g\/\",\"url\":\"https:\/\/jiushidao.com\/product\/kashi-nanda-maifdun-xinjiang-spicy-skin-milk-naan-800g\/\",\"name\":\"Kashi Nanda Maifdun Xinjiang Spicy Skin Milk Naan 800g - Jiushidao - Global Food Marketplace for Business Growth and Cosumers\",\"isPartOf\":{\"@id\":\"https:\/\/jiushidao.com\/#website\"},\"primaryImageOfPage\":{\"@id\":\"https:\/\/jiushidao.com\/product\/kashi-nanda-maifdun-xinjiang-spicy-skin-milk-naan-800g\/#primaryimage\"},\"image\":{\"@id\":\"https:\/\/jiushidao.com\/product\/kashi-nanda-maifdun-xinjiang-spicy-skin-milk-naan-800g\/#primaryimage\"},\"thumbnailUrl\":\"https:\/\/jiushidao.com\/wp-content\/uploads\/2025\/10\/\u56fe\u724715-1.png\",\"datePublished\":\"2025-10-31T04:30:02+00:00\",\"dateModified\":\"2025-10-31T04:30:03+00:00\",\"breadcrumb\":{\"@id\":\"https:\/\/jiushidao.com\/product\/kashi-nanda-maifdun-xinjiang-spicy-skin-milk-naan-800g\/#breadcrumb\"},\"inLanguage\":\"vi\",\"potentialAction\":[{\"@type\":\"ReadAction\",\"target\":[\"https:\/\/jiushidao.com\/product\/kashi-nanda-maifdun-xinjiang-spicy-skin-milk-naan-800g\/\"]}]},{\"@type\":\"ImageObject\",\"inLanguage\":\"vi\",\"@id\":\"https:\/\/jiushidao.com\/product\/kashi-nanda-maifdun-xinjiang-spicy-skin-milk-naan-800g\/#primaryimage\",\"url\":\"https:\/\/jiushidao.com\/wp-content\/uploads\/2025\/10\/\u56fe\u724715-1.png\",\"contentUrl\":\"https:\/\/jiushidao.com\/wp-content\/uploads\/2025\/10\/\u56fe\u724715-1.png\",\"width\":800,\"height\":800},{\"@type\":\"BreadcrumbList\",\"@id\":\"https:\/\/jiushidao.com\/product\/kashi-nanda-maifdun-xinjiang-spicy-skin-milk-naan-800g\/#breadcrumb\",\"itemListElement\":[{\"@type\":\"ListItem\",\"position\":1,\"name\":\"Home\",\"item\":\"https:\/\/jiushidao.com\/\"},{\"@type\":\"ListItem\",\"position\":2,\"name\":\"Store\",\"item\":\"https:\/\/jiushidao.com\/store\/\"},{\"@type\":\"ListItem\",\"position\":3,\"name\":\"Kashi Nanda Maifdun Xinjiang Spicy Skin Milk Naan 800g\"}]},{\"@type\":\"WebSite\",\"@id\":\"https:\/\/jiushidao.com\/#website\",\"url\":\"https:\/\/jiushidao.com\/\",\"name\":\"Jiushidao - Global Food Marketplace for Business Growth and Cosumers\",\"description\":\"Jiushidao - Global Food Marketplace for Business Growth and Cosumers\",\"potentialAction\":[{\"@type\":\"SearchAction\",\"target\":{\"@type\":\"EntryPoint\",\"urlTemplate\":\"https:\/\/jiushidao.com\/?s={search_term_string}\"},\"query-input\":{\"@type\":\"PropertyValueSpecification\",\"valueRequired\":true,\"valueName\":\"search_term_string\"}}],\"inLanguage\":\"vi\"}]}<\/script>\n<!-- \/ Yoast SEO Premium plugin. -->","yoast_head_json":{"title":"Kashi Nanda Maifdun Xinjiang Spicy Skin Milk Naan 800g - Jiushidao - Global Food Marketplace for Business Growth and Cosumers","robots":{"index":"index","follow":"follow","max-snippet":"max-snippet:-1","max-image-preview":"max-image-preview:large","max-video-preview":"max-video-preview:-1"},"canonical":"https:\/\/jiushidao.com\/vi\/san-pham\/kashi-nanda-maifdun-xinjiang-spicy-skin-milk-naan-800g\/","og_locale":"vi_VN","og_type":"article","og_title":"Kashi Nanda Maifdun Xinjiang Spicy Skin Milk Naan 800g","og_description":"Savor the bold, authentic taste of Xinjiang with Kashgar Nanda Maifudun Spicy Cumin Milk Naan. Each 800g box contains golden-brown, high-temperature baked flatbreads crafted from\u00a0premium winter [\u2026]","og_url":"https:\/\/jiushidao.com\/vi\/san-pham\/kashi-nanda-maifdun-xinjiang-spicy-skin-milk-naan-800g\/","og_site_name":"Jiushidao - Global Food Marketplace for Business Growth and Cosumers","article_modified_time":"2025-10-31T04:30:03+00:00","og_image":[{"width":800,"height":800,"url":"https:\/\/jiushidao.com\/wp-content\/uploads\/2025\/10\/\u56fe\u724715-1.png","type":"image\/png"}],"twitter_card":"summary_large_image","twitter_misc":{"\u01af\u1edbc t\u00ednh th\u1eddi gian \u0111\u1ecdc":"1 ph\u00fat"},"schema":{"@context":"https:\/\/schema.org","@graph":[{"@type":"WebPage","@id":"https:\/\/jiushidao.com\/product\/kashi-nanda-maifdun-xinjiang-spicy-skin-milk-naan-800g\/","url":"https:\/\/jiushidao.com\/product\/kashi-nanda-maifdun-xinjiang-spicy-skin-milk-naan-800g\/","name":"Kashi Nanda Maifdun Xinjiang Spicy Skin Milk Naan 800g - Jiushidao - Global Food Marketplace for Business Growth and Cosumers","isPartOf":{"@id":"https:\/\/jiushidao.com\/#website"},"primaryImageOfPage":{"@id":"https:\/\/jiushidao.com\/product\/kashi-nanda-maifdun-xinjiang-spicy-skin-milk-naan-800g\/#primaryimage"},"image":{"@id":"https:\/\/jiushidao.com\/product\/kashi-nanda-maifdun-xinjiang-spicy-skin-milk-naan-800g\/#primaryimage"},"thumbnailUrl":"https:\/\/jiushidao.com\/wp-content\/uploads\/2025\/10\/\u56fe\u724715-1.png","datePublished":"2025-10-31T04:30:02+00:00","dateModified":"2025-10-31T04:30:03+00:00","breadcrumb":{"@id":"https:\/\/jiushidao.com\/product\/kashi-nanda-maifdun-xinjiang-spicy-skin-milk-naan-800g\/#breadcrumb"},"inLanguage":"vi","potentialAction":[{"@type":"ReadAction","target":["https:\/\/jiushidao.com\/product\/kashi-nanda-maifdun-xinjiang-spicy-skin-milk-naan-800g\/"]}]},{"@type":"ImageObject","inLanguage":"vi","@id":"https:\/\/jiushidao.com\/product\/kashi-nanda-maifdun-xinjiang-spicy-skin-milk-naan-800g\/#primaryimage","url":"https:\/\/jiushidao.com\/wp-content\/uploads\/2025\/10\/\u56fe\u724715-1.png","contentUrl":"https:\/\/jiushidao.com\/wp-content\/uploads\/2025\/10\/\u56fe\u724715-1.png","width":800,"height":800},{"@type":"BreadcrumbList","@id":"https:\/\/jiushidao.com\/product\/kashi-nanda-maifdun-xinjiang-spicy-skin-milk-naan-800g\/#breadcrumb","itemListElement":[{"@type":"ListItem","position":1,"name":"Home","item":"https:\/\/jiushidao.com\/"},{"@type":"ListItem","position":2,"name":"Store","item":"https:\/\/jiushidao.com\/store\/"},{"@type":"ListItem","position":3,"name":"Kashi Nanda Maifdun Xinjiang Spicy Skin Milk Naan 800g"}]},{"@type":"WebSite","@id":"https:\/\/jiushidao.com\/#website","url":"https:\/\/jiushidao.com\/","name":"Jiushidao - Global Food Marketplace for Business Growth and Cosumers","description":"Jiushidao - Global Food Marketplace for Business Growth and Cosumers","potentialAction":[{"@type":"SearchAction","target":{"@type":"EntryPoint","urlTemplate":"https:\/\/jiushidao.com\/?s={search_term_string}"},"query-input":{"@type":"PropertyValueSpecification","valueRequired":true,"valueName":"search_term_string"}}],"inLanguage":"vi"}]}},"_links":{"self":[{"href":"https:\/\/jiushidao.com\/vi\/wp-json\/wp\/v2\/product\/904","targetHints":{"allow":["GET"]}}],"collection":[{"href":"https:\/\/jiushidao.com\/vi\/wp-json\/wp\/v2\/product"}],"about":[{"href":"https:\/\/jiushidao.com\/vi\/wp-json\/wp\/v2\/types\/product"}],"replies":[{"embeddable":true,"href":"https:\/\/jiushidao.com\/vi\/wp-json\/wp\/v2\/comments?post=904"}],"version-history":[{"count":1,"href":"https:\/\/jiushidao.com\/vi\/wp-json\/wp\/v2\/product\/904\/revisions"}],"predecessor-version":[{"id":906,"href":"https:\/\/jiushidao.com\/vi\/wp-json\/wp\/v2\/product\/904\/revisions\/906"}],"wp:featuredmedia":[{"embeddable":true,"href":"https:\/\/jiushidao.com\/vi\/wp-json\/wp\/v2\/media\/905"}],"wp:attachment":[{"href":"https:\/\/jiushidao.com\/vi\/wp-json\/wp\/v2\/media?parent=904"}],"wp:term":[{"taxonomy":"product_brand","embeddable":true,"href":"https:\/\/jiushidao.com\/vi\/wp-json\/wp\/v2\/product_brand?post=904"},{"taxonomy":"product_cat","embeddable":true,"href":"https:\/\/jiushidao.com\/vi\/wp-json\/wp\/v2\/product_cat?post=904"},{"taxonomy":"product_tag","embeddable":true,"href":"https:\/\/jiushidao.com\/vi\/wp-json\/wp\/v2\/product_tag?post=904"}],"curies":[{"name":"wp","href":"https:\/\/api.w.org\/{rel}","templated":true}]}}