{"id":901,"date":"2025-10-31T04:25:51","date_gmt":"2025-10-31T04:25:51","guid":{"rendered":"https:\/\/jiushidao.com\/?post_type=product&#038;p=901"},"modified":"2025-10-31T04:25:52","modified_gmt":"2025-10-31T04:25:52","slug":"kashi-nanda-maifdun-xinjiang-chickpea-milk-naan-800g","status":"publish","type":"product","link":"https:\/\/jiushidao.com\/vi\/san-pham\/kashi-nanda-maifdun-xinjiang-chickpea-milk-naan-800g\/","title":{"rendered":"Kashi Nanda Maifdun S\u1eefa \u0111\u1eadu xanh T\u00e2n C\u01b0\u01a1ng Naan 800g"},"content":{"rendered":"<section class=\"ybc-p\">Kh\u00e1m ph\u00e1 chu\u1ea9n m\u1ef1c m\u1edbi c\u1ee7a b\u00e1nh n\u01b0\u1edbng l\u00e0nh m\u1ea1nh v\u1edbi b\u00e1nh m\u00ec s\u1eefa \u0111\u1eadu g\u00e0 Kashi Nanda Maifudun T\u00e2n C\u01b0\u01a1ng - m\u1ed9t s\u00e1ng t\u1ea1o gi\u00e0u dinh d\u01b0\u1ee1ng k\u1ebft h\u1ee3p k\u1ef9 thu\u1eadt truy\u1ec1n th\u1ed1ng c\u1ee7a ng\u01b0\u1eddi Duy Ng\u00f4 Nh\u0129 v\u1edbi khoa h\u1ecdc s\u1ee9c kh\u1ecfe hi\u1ec7n \u0111\u1ea1i. M\u1ed7i chi\u1ebfc b\u00e1nh m\u00ec naan m\u1ec1m x\u1ed1p \u0111\u01b0\u1ee3c ch\u1ebf t\u00e1c v\u1edbi\u00a0<strong>\u0111\u1eadu g\u00e0, s\u1eefa t\u01b0\u01a1i v\u00e0 n\u0103m ch\u1ee7ng vi khu\u1ea9n probiotic<\/strong>, \u0111\u01b0\u1ee3c h\u1ed7 tr\u1ee3 b\u1edfi\u00a0<strong>9g inulin tr\u00ean 100g<\/strong>\u0111\u1ec3 c\u00f3 s\u1ee9c kh\u1ecfe ti\u00eau h\u00f3a t\u1ed1i \u01b0u.<\/section>\n<section class=\"ybc-p\">\u0110\u01b0\u1ee3c thi\u1ebft k\u1ebf theo \u201cK\u1ebf ho\u1ea1ch Nu\u00f4i d\u01b0\u1ee1ng \u0110\u01b0\u1eddng ru\u1ed9t 7 Ng\u00e0y\u201d \u0111\u1ea7y \u00fd ngh\u0129a, g\u00f3i 800g n\u00e0y ch\u1ee9a c\u00e1c kh\u1ea9u ph\u1ea7n \u0111\u01b0\u1ee3c chia nh\u1ecf ch\u00ednh x\u00e1c, gi\u00fap b\u1ea1n duy tr\u00ec c\u00e2n b\u1eb1ng dinh d\u01b0\u1ee1ng h\u00e0ng ng\u00e0y. D\u00f9 l\u00e0 m\u00f3n \u0103n s\u00e1ng ch\u00ednh, m\u00f3n \u0103n v\u1eb7t gi\u00e0u protein hay m\u00f3n \u0103n k\u00e8m t\u1ed1t cho \u0111\u01b0\u1eddng ru\u1ed9t, b\u00e1nh naan n\u00e0y mang \u0111\u1ebfn h\u01b0\u01a1ng v\u1ecb T\u00e2n C\u01b0\u01a1ng \u0111\u00edch th\u1ef1c v\u00e0 dinh d\u01b0\u1ee1ng \u0111\u01b0\u1ee3c ch\u1ee9ng minh khoa h\u1ecdc.<\/section>\n<hr \/>\n<h3><strong>C\u00e1c t\u00ednh n\u0103ng ch\u00ednh<\/strong><\/h3>\n<ul class=\"ybc-ul-component\">\n<li class=\"ybc-li-component ybc-li-component_ul\">\n<section class=\"ybc-p\">\u00a0<strong>Gi\u00e0u ch\u1ea5t x\u01a1 v\u00e0 protein<\/strong>: B\u1ed9t l\u00e0m t\u1eeb \u0111\u1eadu g\u00e0 v\u1edbi s\u1eefa l\u00e0m gi\u00e0u<\/section>\n<\/li>\n<li class=\"ybc-li-component ybc-li-component_ul\">\n<section class=\"ybc-p\">\u00a0<strong>5 ch\u1ee7ng men vi sinh + Prebiotic<\/strong>: Bao g\u1ed3m inulin (9g\/100g) \u0111\u1ec3 h\u1ed7 tr\u1ee3 h\u1ec7 vi sinh v\u1eadt \u0111\u01b0\u1eddng ru\u1ed9t<\/section>\n<\/li>\n<li class=\"ybc-li-component ybc-li-component_ul\">\n<section class=\"ybc-p\">\u00a0<strong>K\u1ebf ho\u1ea1ch ch\u0103m s\u00f3c s\u1ee9c kh\u1ecfe c\u00f3 c\u1ea5u tr\u00fac<\/strong>: Ki\u1ec3m so\u00e1t kh\u1ea9u ph\u1ea7n \u0103n trong 7 ng\u00e0y (40g m\u1ed7i kh\u1ea9u ph\u1ea7n)<\/section>\n<\/li>\n<li class=\"ybc-li-component ybc-li-component_ul\">\n<section class=\"ybc-p\">\u00a0<strong>Th\u00e0nh ph\u1ea7n t\u1ef1 nhi\u00ean<\/strong>: Kh\u00f4ng c\u00f3 ch\u1ea5t ph\u1ee5 gia nh\u00e2n t\u1ea1o, ch\u1ea5t b\u1ea3o qu\u1ea3n ho\u1eb7c \u0111\u01b0\u1eddng tinh luy\u1ec7n<\/section>\n<\/li>\n<li class=\"ybc-li-component ybc-li-component_ul\">\n<section class=\"ybc-p\">\u00a0<strong>T\u1eadp trung v\u00e0o s\u1ee9c kh\u1ecfe ti\u00eau h\u00f3a<\/strong>: \u0110\u01b0\u1ee3c thi\u1ebft k\u1ebf \u0111\u1ec3 nu\u00f4i d\u01b0\u1ee1ng ru\u1ed9t v\u00e0 c\u1ea3i thi\u1ec7n qu\u00e1 tr\u00ecnh trao \u0111\u1ed5i ch\u1ea5t<\/section>\n<\/li>\n<\/ul>","protected":false},"excerpt":{"rendered":"<p>Kh\u00e1m ph\u00e1 chu\u1ea9n m\u1ef1c m\u1edbi v\u1ec1 l\u00e0m b\u00e1nh l\u00e0nh m\u1ea1nh v\u1edbi b\u00e1nh Naan s\u1eefa \u0111\u1eadu g\u00e0 Kashi Nanda Maifudun T\u00e2n C\u01b0\u01a1ng\u2014m\u1ed9t s\u00e1ng t\u1ea1o gi\u00e0u dinh d\u01b0\u1ee1ng k\u1ebft h\u1ee3p k\u1ef9 thu\u1eadt truy\u1ec1n th\u1ed1ng c\u1ee7a ng\u01b0\u1eddi Duy Ng\u00f4 Nh\u0129 v\u1edbi khoa h\u1ecdc ch\u0103m s\u00f3c s\u1ee9c kh\u1ecfe hi\u1ec7n \u0111\u1ea1i. M\u1ed7i<span class=\"excerpt-hellip\"> [\u2026]<\/span><\/p>","protected":false},"featured_media":902,"comment_status":"open","ping_status":"closed","template":"","meta":[],"product_brand":[62],"product_cat":[61],"product_tag":[],"class_list":{"0":"post-901","1":"product","2":"type-product","3":"status-publish","4":"has-post-thumbnail","6":"product_brand-62","7":"product_cat-da_jiang_you_li","9":"first","10":"instock","11":"shipping-taxable","12":"product-type-simple"},"yoast_head":"<!-- This site is optimized with the Yoast SEO Premium plugin v25.8 (Yoast SEO v25.8) - https:\/\/yoast.com\/wordpress\/plugins\/seo\/ -->\n<title>Kashi Nanda Maifdun Xinjiang Chickpea Milk Naan 800g - Jiushidao - Global Food Marketplace for Business Growth and Cosumers<\/title>\n<meta name=\"robots\" content=\"index, follow, max-snippet:-1, max-image-preview:large, max-video-preview:-1\" \/>\n<link rel=\"canonical\" href=\"https:\/\/jiushidao.com\/vi\/san-pham\/kashi-nanda-maifdun-xinjiang-chickpea-milk-naan-800g\/\" \/>\n<meta property=\"og:locale\" content=\"vi_VN\" \/>\n<meta property=\"og:type\" content=\"article\" \/>\n<meta property=\"og:title\" content=\"Kashi Nanda Maifdun Xinjiang Chickpea Milk Naan 800g\" \/>\n<meta property=\"og:description\" content=\"Discover a new standard of healthy baking with Kashi Nanda Maifudun Xinjiang Chickpea Milk Naan\u2014a nutrient-rich creation blending traditional Uyghur techniques with modern wellness science. Each [\u2026]\" \/>\n<meta property=\"og:url\" content=\"https:\/\/jiushidao.com\/vi\/san-pham\/kashi-nanda-maifdun-xinjiang-chickpea-milk-naan-800g\/\" \/>\n<meta property=\"og:site_name\" content=\"Jiushidao - Global Food Marketplace for Business Growth and Cosumers\" \/>\n<meta property=\"article:modified_time\" content=\"2025-10-31T04:25:52+00:00\" \/>\n<meta property=\"og:image\" content=\"https:\/\/jiushidao.com\/wp-content\/uploads\/2025\/10\/\u56fe\u724714-1.png\" \/>\n\t<meta property=\"og:image:width\" content=\"800\" \/>\n\t<meta property=\"og:image:height\" content=\"799\" \/>\n\t<meta property=\"og:image:type\" content=\"image\/png\" \/>\n<meta name=\"twitter:card\" content=\"summary_large_image\" \/>\n<meta name=\"twitter:label1\" content=\"\u01af\u1edbc t\u00ednh th\u1eddi gian \u0111\u1ecdc\" \/>\n\t<meta name=\"twitter:data1\" content=\"1 ph\u00fat\" \/>\n<script type=\"application\/ld+json\" class=\"yoast-schema-graph\">{\"@context\":\"https:\/\/schema.org\",\"@graph\":[{\"@type\":\"WebPage\",\"@id\":\"https:\/\/jiushidao.com\/product\/kashi-nanda-maifdun-xinjiang-chickpea-milk-naan-800g\/\",\"url\":\"https:\/\/jiushidao.com\/product\/kashi-nanda-maifdun-xinjiang-chickpea-milk-naan-800g\/\",\"name\":\"Kashi Nanda Maifdun Xinjiang Chickpea Milk Naan 800g - Jiushidao - Global Food Marketplace for Business Growth and Cosumers\",\"isPartOf\":{\"@id\":\"https:\/\/jiushidao.com\/#website\"},\"primaryImageOfPage\":{\"@id\":\"https:\/\/jiushidao.com\/product\/kashi-nanda-maifdun-xinjiang-chickpea-milk-naan-800g\/#primaryimage\"},\"image\":{\"@id\":\"https:\/\/jiushidao.com\/product\/kashi-nanda-maifdun-xinjiang-chickpea-milk-naan-800g\/#primaryimage\"},\"thumbnailUrl\":\"https:\/\/jiushidao.com\/wp-content\/uploads\/2025\/10\/\u56fe\u724714-1.png\",\"datePublished\":\"2025-10-31T04:25:51+00:00\",\"dateModified\":\"2025-10-31T04:25:52+00:00\",\"breadcrumb\":{\"@id\":\"https:\/\/jiushidao.com\/product\/kashi-nanda-maifdun-xinjiang-chickpea-milk-naan-800g\/#breadcrumb\"},\"inLanguage\":\"vi\",\"potentialAction\":[{\"@type\":\"ReadAction\",\"target\":[\"https:\/\/jiushidao.com\/product\/kashi-nanda-maifdun-xinjiang-chickpea-milk-naan-800g\/\"]}]},{\"@type\":\"ImageObject\",\"inLanguage\":\"vi\",\"@id\":\"https:\/\/jiushidao.com\/product\/kashi-nanda-maifdun-xinjiang-chickpea-milk-naan-800g\/#primaryimage\",\"url\":\"https:\/\/jiushidao.com\/wp-content\/uploads\/2025\/10\/\u56fe\u724714-1.png\",\"contentUrl\":\"https:\/\/jiushidao.com\/wp-content\/uploads\/2025\/10\/\u56fe\u724714-1.png\",\"width\":800,\"height\":799},{\"@type\":\"BreadcrumbList\",\"@id\":\"https:\/\/jiushidao.com\/product\/kashi-nanda-maifdun-xinjiang-chickpea-milk-naan-800g\/#breadcrumb\",\"itemListElement\":[{\"@type\":\"ListItem\",\"position\":1,\"name\":\"Home\",\"item\":\"https:\/\/jiushidao.com\/\"},{\"@type\":\"ListItem\",\"position\":2,\"name\":\"Store\",\"item\":\"https:\/\/jiushidao.com\/store\/\"},{\"@type\":\"ListItem\",\"position\":3,\"name\":\"Kashi Nanda Maifdun Xinjiang Chickpea Milk Naan 800g\"}]},{\"@type\":\"WebSite\",\"@id\":\"https:\/\/jiushidao.com\/#website\",\"url\":\"https:\/\/jiushidao.com\/\",\"name\":\"Jiushidao - Global Food Marketplace for Business Growth and Cosumers\",\"description\":\"Jiushidao - Global Food Marketplace for Business Growth and Cosumers\",\"potentialAction\":[{\"@type\":\"SearchAction\",\"target\":{\"@type\":\"EntryPoint\",\"urlTemplate\":\"https:\/\/jiushidao.com\/?s={search_term_string}\"},\"query-input\":{\"@type\":\"PropertyValueSpecification\",\"valueRequired\":true,\"valueName\":\"search_term_string\"}}],\"inLanguage\":\"vi\"}]}<\/script>\n<!-- \/ Yoast SEO Premium plugin. -->","yoast_head_json":{"title":"Kashi Nanda Maifdun Xinjiang Chickpea Milk Naan 800g - Jiushidao - Global Food Marketplace for Business Growth and Cosumers","robots":{"index":"index","follow":"follow","max-snippet":"max-snippet:-1","max-image-preview":"max-image-preview:large","max-video-preview":"max-video-preview:-1"},"canonical":"https:\/\/jiushidao.com\/vi\/san-pham\/kashi-nanda-maifdun-xinjiang-chickpea-milk-naan-800g\/","og_locale":"vi_VN","og_type":"article","og_title":"Kashi Nanda Maifdun Xinjiang Chickpea Milk Naan 800g","og_description":"Discover a new standard of healthy baking with Kashi Nanda Maifudun Xinjiang Chickpea Milk Naan\u2014a nutrient-rich creation blending traditional Uyghur techniques with modern wellness science. Each [\u2026]","og_url":"https:\/\/jiushidao.com\/vi\/san-pham\/kashi-nanda-maifdun-xinjiang-chickpea-milk-naan-800g\/","og_site_name":"Jiushidao - Global Food Marketplace for Business Growth and Cosumers","article_modified_time":"2025-10-31T04:25:52+00:00","og_image":[{"width":800,"height":799,"url":"https:\/\/jiushidao.com\/wp-content\/uploads\/2025\/10\/\u56fe\u724714-1.png","type":"image\/png"}],"twitter_card":"summary_large_image","twitter_misc":{"\u01af\u1edbc t\u00ednh th\u1eddi gian \u0111\u1ecdc":"1 ph\u00fat"},"schema":{"@context":"https:\/\/schema.org","@graph":[{"@type":"WebPage","@id":"https:\/\/jiushidao.com\/product\/kashi-nanda-maifdun-xinjiang-chickpea-milk-naan-800g\/","url":"https:\/\/jiushidao.com\/product\/kashi-nanda-maifdun-xinjiang-chickpea-milk-naan-800g\/","name":"Kashi Nanda Maifdun Xinjiang Chickpea Milk Naan 800g - Jiushidao - Global Food Marketplace for Business Growth and Cosumers","isPartOf":{"@id":"https:\/\/jiushidao.com\/#website"},"primaryImageOfPage":{"@id":"https:\/\/jiushidao.com\/product\/kashi-nanda-maifdun-xinjiang-chickpea-milk-naan-800g\/#primaryimage"},"image":{"@id":"https:\/\/jiushidao.com\/product\/kashi-nanda-maifdun-xinjiang-chickpea-milk-naan-800g\/#primaryimage"},"thumbnailUrl":"https:\/\/jiushidao.com\/wp-content\/uploads\/2025\/10\/\u56fe\u724714-1.png","datePublished":"2025-10-31T04:25:51+00:00","dateModified":"2025-10-31T04:25:52+00:00","breadcrumb":{"@id":"https:\/\/jiushidao.com\/product\/kashi-nanda-maifdun-xinjiang-chickpea-milk-naan-800g\/#breadcrumb"},"inLanguage":"vi","potentialAction":[{"@type":"ReadAction","target":["https:\/\/jiushidao.com\/product\/kashi-nanda-maifdun-xinjiang-chickpea-milk-naan-800g\/"]}]},{"@type":"ImageObject","inLanguage":"vi","@id":"https:\/\/jiushidao.com\/product\/kashi-nanda-maifdun-xinjiang-chickpea-milk-naan-800g\/#primaryimage","url":"https:\/\/jiushidao.com\/wp-content\/uploads\/2025\/10\/\u56fe\u724714-1.png","contentUrl":"https:\/\/jiushidao.com\/wp-content\/uploads\/2025\/10\/\u56fe\u724714-1.png","width":800,"height":799},{"@type":"BreadcrumbList","@id":"https:\/\/jiushidao.com\/product\/kashi-nanda-maifdun-xinjiang-chickpea-milk-naan-800g\/#breadcrumb","itemListElement":[{"@type":"ListItem","position":1,"name":"Home","item":"https:\/\/jiushidao.com\/"},{"@type":"ListItem","position":2,"name":"Store","item":"https:\/\/jiushidao.com\/store\/"},{"@type":"ListItem","position":3,"name":"Kashi Nanda Maifdun Xinjiang Chickpea Milk Naan 800g"}]},{"@type":"WebSite","@id":"https:\/\/jiushidao.com\/#website","url":"https:\/\/jiushidao.com\/","name":"Jiushidao - Global Food Marketplace for Business Growth and Cosumers","description":"Jiushidao - Global Food Marketplace for Business Growth and Cosumers","potentialAction":[{"@type":"SearchAction","target":{"@type":"EntryPoint","urlTemplate":"https:\/\/jiushidao.com\/?s={search_term_string}"},"query-input":{"@type":"PropertyValueSpecification","valueRequired":true,"valueName":"search_term_string"}}],"inLanguage":"vi"}]}},"_links":{"self":[{"href":"https:\/\/jiushidao.com\/vi\/wp-json\/wp\/v2\/product\/901","targetHints":{"allow":["GET"]}}],"collection":[{"href":"https:\/\/jiushidao.com\/vi\/wp-json\/wp\/v2\/product"}],"about":[{"href":"https:\/\/jiushidao.com\/vi\/wp-json\/wp\/v2\/types\/product"}],"replies":[{"embeddable":true,"href":"https:\/\/jiushidao.com\/vi\/wp-json\/wp\/v2\/comments?post=901"}],"version-history":[{"count":1,"href":"https:\/\/jiushidao.com\/vi\/wp-json\/wp\/v2\/product\/901\/revisions"}],"predecessor-version":[{"id":903,"href":"https:\/\/jiushidao.com\/vi\/wp-json\/wp\/v2\/product\/901\/revisions\/903"}],"wp:featuredmedia":[{"embeddable":true,"href":"https:\/\/jiushidao.com\/vi\/wp-json\/wp\/v2\/media\/902"}],"wp:attachment":[{"href":"https:\/\/jiushidao.com\/vi\/wp-json\/wp\/v2\/media?parent=901"}],"wp:term":[{"taxonomy":"product_brand","embeddable":true,"href":"https:\/\/jiushidao.com\/vi\/wp-json\/wp\/v2\/product_brand?post=901"},{"taxonomy":"product_cat","embeddable":true,"href":"https:\/\/jiushidao.com\/vi\/wp-json\/wp\/v2\/product_cat?post=901"},{"taxonomy":"product_tag","embeddable":true,"href":"https:\/\/jiushidao.com\/vi\/wp-json\/wp\/v2\/product_tag?post=901"}],"curies":[{"name":"wp","href":"https:\/\/api.w.org\/{rel}","templated":true}]}}