{"id":898,"date":"2025-10-31T04:21:39","date_gmt":"2025-10-31T04:21:39","guid":{"rendered":"https:\/\/jiushidao.com\/?post_type=product&#038;p=898"},"modified":"2025-10-31T04:23:21","modified_gmt":"2025-10-31T04:23:21","slug":"xinjiang-rose-milk-naan-800g","status":"publish","type":"product","link":"https:\/\/jiushidao.com\/vi\/san-pham\/xinjiang-rose-milk-naan-800g\/","title":{"rendered":"S\u1eefa Hoa H\u1ed3ng T\u00e2n C\u01b0\u01a1ng Naan 800g"},"content":{"rendered":"<section class=\"ybc-p\">Th\u01b0\u1edfng th\u1ee9c h\u01b0\u01a1ng v\u1ecb tinh t\u1ebf c\u1ee7a T\u00e2n C\u01b0\u01a1ng v\u1edbi ch\u00fang t\u00f4i\u00a0<strong>B\u00e1nh Naan s\u1eefa hoa h\u1ed3ng<\/strong>\u2014m\u1ed9t lo\u1ea1i b\u00e1nh m\u00ec m\u1ec1m th\u01a1m, h\u00f2a quy\u1ec7n v\u1ecb b\u00e9o ng\u1eady c\u1ee7a s\u1eefa t\u01b0\u01a1i v\u1edbi v\u1ecb ng\u1ecdt ng\u00e0o tinh t\u1ebf c\u1ee7a c\u00e1nh hoa h\u1ed3ng t\u1ef1 nhi\u00ean. M\u1ed7i g\u00f3i 800g ch\u1ee9a ba chi\u1ebfc b\u00e1nh naan \u0111\u01b0\u1ee3c \u0111\u00f3ng g\u00f3i ri\u00eang bi\u1ec7t, \u0111\u01b0\u1ee3c ch\u1ebf t\u00e1c t\u1ec9 m\u1ec9 \u0111\u1ec3 gi\u1eef nguy\u00ean \u0111\u1ed9 t\u01b0\u01a1i ngon v\u00e0 h\u01b0\u01a1ng v\u1ecb.<\/section>\n<section class=\"ybc-p\">L\u1ea5y c\u1ea3m h\u1ee9ng t\u1eeb k\u1ef9 thu\u1eadt l\u00e0m b\u00e1nh truy\u1ec1n th\u1ed1ng c\u1ee7a ng\u01b0\u1eddi Duy Ng\u00f4 Nh\u0129, m\u00f3n b\u00e1nh ng\u1ecdt \u0111\u1ed9c \u0111\u00e1o n\u00e0y c\u00f3 l\u1edbp v\u1ecf ngo\u00e0i v\u00e0ng n\u00e2u v\u00e0 l\u1edbp nh\u00e2n m\u1ec1m m\u1ea1i, nhi\u1ec1u l\u1edbp. Ho\u00e0n h\u1ea3o cho b\u1eefa s\u00e1ng, tr\u00e0 chi\u1ec1u, ho\u1eb7c nh\u01b0 m\u1ed9t m\u00f3n \u0103n nh\u1eb9 thanh l\u1ecbch, mang \u0111\u1ebfn n\u00e9t ngh\u1ec7 thu\u1eadt \u1ea9m th\u1ef1c T\u00e2n C\u01b0\u01a1ng cho b\u00e0n \u0103n c\u1ee7a b\u1ea1n.<\/section>\n<hr \/>\n<h3><strong>C\u00e1c t\u00ednh n\u0103ng ch\u00ednh<\/strong><\/h3>\n<ul class=\"ybc-ul-component\">\n<li class=\"ybc-li-component ybc-li-component_ul\">\n<section class=\"ybc-p\">\u00a0<strong>C\u00e1nh hoa h\u1ed3ng t\u1ef1 nhi\u00ean<\/strong>: \u0110\u01b0\u1ee3c pha tr\u1ed9n v\u1edbi nh\u1eefng m\u1ea3nh hoa h\u1ed3ng th\u1eadt \u0111\u1ec3 t\u1ea1o n\u00ean h\u01b0\u01a1ng v\u1ecb th\u01a1m ngon<\/section>\n<\/li>\n<li class=\"ybc-li-component ybc-li-component_ul\">\n<section class=\"ybc-p\">\u00a0<strong>S\u1eefa t\u01b0\u01a1i pha tr\u1ed9n<\/strong>: \u0110\u01b0\u1ee3c l\u00e0m gi\u00e0u v\u1edbi s\u1eefa b\u00e9o ng\u1eady cho k\u1ebft c\u1ea5u m\u1ec1m m\u1ea1i, \u1ea9m m\u01b0\u1ee3t<\/section>\n<\/li>\n<li class=\"ybc-li-component ybc-li-component_ul\">\n<section class=\"ybc-p\">\u00a0<strong>3 ph\u1ea7n ri\u00eang bi\u1ec7t<\/strong>: \u0110\u01b0\u1ee3c \u0111\u00f3ng g\u00f3i ti\u1ec7n l\u1ee3i \u0111\u1ec3 gi\u1eef \u0111\u1ed9 t\u01b0\u01a1i v\u00e0 chia s\u1ebb<\/section>\n<\/li>\n<li class=\"ybc-li-component ybc-li-component_ul\">\n<section class=\"ybc-p\">\u00a0<strong>Phong c\u00e1ch th\u1ee7 c\u00f4ng<\/strong>: B\u00e1nh naan v\u00e0ng n\u00e2u, nhi\u1ec1u l\u1edbp v\u1edbi ph\u1ea7n ru\u1ed9t b\u00e1nh m\u1ec1m<\/section>\n<\/li>\n<li class=\"ybc-li-component ybc-li-component_ul\">\n<section class=\"ybc-p\">\u00a0<strong>Bao b\u00ec s\u1eb5n s\u00e0ng l\u00e0m qu\u00e0 t\u1eb7ng<\/strong>: H\u1ed9p m\u00e0u \u0111\u1ecf r\u1ef1c r\u1ee1 v\u1edbi h\u1ecda ti\u1ebft hoa h\u1ed3ng thanh l\u1ecbch<\/section>\n<\/li>\n<\/ul>","protected":false},"excerpt":{"rendered":"<p>Th\u01b0\u1edfng th\u1ee9c h\u01b0\u01a1ng v\u1ecb tinh t\u1ebf c\u1ee7a T\u00e2n C\u01b0\u01a1ng v\u1edbi b\u00e1nh Naan s\u1eefa hoa h\u1ed3ng c\u1ee7a ch\u00fang t\u00f4i\u2014m\u1ed9t lo\u1ea1i b\u00e1nh m\u00ec m\u1ec1m th\u01a1m k\u1ebft h\u1ee3p v\u1ecb b\u00e9o ng\u1eady c\u1ee7a s\u1eefa t\u01b0\u01a1i v\u1edbi v\u1ecb ng\u1ecdt tinh t\u1ebf c\u1ee7a hoa<span class=\"excerpt-hellip\"> [\u2026]<\/span><\/p>","protected":false},"featured_media":899,"comment_status":"open","ping_status":"closed","template":"","meta":[],"product_brand":[62],"product_cat":[61],"product_tag":[],"class_list":{"0":"post-898","1":"product","2":"type-product","3":"status-publish","4":"has-post-thumbnail","6":"product_brand-62","7":"product_cat-da_jiang_you_li","9":"first","10":"instock","11":"shipping-taxable","12":"product-type-simple"},"yoast_head":"<!-- This site is optimized with the Yoast SEO Premium plugin v25.8 (Yoast SEO v25.8) - https:\/\/yoast.com\/wordpress\/plugins\/seo\/ -->\n<title>Xinjiang Rose Milk Naan 800g - Jiushidao - Global Food Marketplace for Business Growth and Cosumers<\/title>\n<meta name=\"robots\" content=\"index, follow, max-snippet:-1, max-image-preview:large, max-video-preview:-1\" \/>\n<link rel=\"canonical\" href=\"https:\/\/jiushidao.com\/vi\/san-pham\/xinjiang-rose-milk-naan-800g\/\" \/>\n<meta property=\"og:locale\" content=\"vi_VN\" \/>\n<meta property=\"og:type\" content=\"article\" \/>\n<meta property=\"og:title\" content=\"Xinjiang Rose Milk Naan 800g\" \/>\n<meta property=\"og:description\" content=\"Savor the delicate taste of Xinjiang with our\u00a0Rose Milk Naan\u2014a fragrant, soft bread that blends the creamy richness of fresh milk with the subtle floral sweetness [\u2026]\" \/>\n<meta property=\"og:url\" content=\"https:\/\/jiushidao.com\/vi\/san-pham\/xinjiang-rose-milk-naan-800g\/\" \/>\n<meta property=\"og:site_name\" content=\"Jiushidao - Global Food Marketplace for Business Growth and Cosumers\" \/>\n<meta property=\"article:modified_time\" content=\"2025-10-31T04:23:21+00:00\" \/>\n<meta property=\"og:image\" content=\"https:\/\/jiushidao.com\/wp-content\/uploads\/2025\/10\/\u56fe\u724713-1.png\" \/>\n\t<meta property=\"og:image:width\" content=\"800\" \/>\n\t<meta property=\"og:image:height\" content=\"800\" \/>\n\t<meta property=\"og:image:type\" content=\"image\/png\" \/>\n<meta name=\"twitter:card\" content=\"summary_large_image\" \/>\n<meta name=\"twitter:label1\" content=\"\u01af\u1edbc t\u00ednh th\u1eddi gian \u0111\u1ecdc\" \/>\n\t<meta name=\"twitter:data1\" content=\"1 ph\u00fat\" \/>\n<script type=\"application\/ld+json\" class=\"yoast-schema-graph\">{\"@context\":\"https:\/\/schema.org\",\"@graph\":[{\"@type\":\"WebPage\",\"@id\":\"https:\/\/jiushidao.com\/product\/xinjiang-rose-milk-naan-800g\/\",\"url\":\"https:\/\/jiushidao.com\/product\/xinjiang-rose-milk-naan-800g\/\",\"name\":\"Xinjiang Rose Milk Naan 800g - Jiushidao - Global Food Marketplace for Business Growth and Cosumers\",\"isPartOf\":{\"@id\":\"https:\/\/jiushidao.com\/#website\"},\"primaryImageOfPage\":{\"@id\":\"https:\/\/jiushidao.com\/product\/xinjiang-rose-milk-naan-800g\/#primaryimage\"},\"image\":{\"@id\":\"https:\/\/jiushidao.com\/product\/xinjiang-rose-milk-naan-800g\/#primaryimage\"},\"thumbnailUrl\":\"https:\/\/jiushidao.com\/wp-content\/uploads\/2025\/10\/\u56fe\u724713-1.png\",\"datePublished\":\"2025-10-31T04:21:39+00:00\",\"dateModified\":\"2025-10-31T04:23:21+00:00\",\"breadcrumb\":{\"@id\":\"https:\/\/jiushidao.com\/product\/xinjiang-rose-milk-naan-800g\/#breadcrumb\"},\"inLanguage\":\"vi\",\"potentialAction\":[{\"@type\":\"ReadAction\",\"target\":[\"https:\/\/jiushidao.com\/product\/xinjiang-rose-milk-naan-800g\/\"]}]},{\"@type\":\"ImageObject\",\"inLanguage\":\"vi\",\"@id\":\"https:\/\/jiushidao.com\/product\/xinjiang-rose-milk-naan-800g\/#primaryimage\",\"url\":\"https:\/\/jiushidao.com\/wp-content\/uploads\/2025\/10\/\u56fe\u724713-1.png\",\"contentUrl\":\"https:\/\/jiushidao.com\/wp-content\/uploads\/2025\/10\/\u56fe\u724713-1.png\",\"width\":800,\"height\":800},{\"@type\":\"BreadcrumbList\",\"@id\":\"https:\/\/jiushidao.com\/product\/xinjiang-rose-milk-naan-800g\/#breadcrumb\",\"itemListElement\":[{\"@type\":\"ListItem\",\"position\":1,\"name\":\"Home\",\"item\":\"https:\/\/jiushidao.com\/\"},{\"@type\":\"ListItem\",\"position\":2,\"name\":\"Store\",\"item\":\"https:\/\/jiushidao.com\/store\/\"},{\"@type\":\"ListItem\",\"position\":3,\"name\":\"Xinjiang Rose Milk Naan 800g\"}]},{\"@type\":\"WebSite\",\"@id\":\"https:\/\/jiushidao.com\/#website\",\"url\":\"https:\/\/jiushidao.com\/\",\"name\":\"Jiushidao - Global Food Marketplace for Business Growth and Cosumers\",\"description\":\"Jiushidao - Global Food Marketplace for Business Growth and Cosumers\",\"potentialAction\":[{\"@type\":\"SearchAction\",\"target\":{\"@type\":\"EntryPoint\",\"urlTemplate\":\"https:\/\/jiushidao.com\/?s={search_term_string}\"},\"query-input\":{\"@type\":\"PropertyValueSpecification\",\"valueRequired\":true,\"valueName\":\"search_term_string\"}}],\"inLanguage\":\"vi\"}]}<\/script>\n<!-- \/ Yoast SEO Premium plugin. -->","yoast_head_json":{"title":"Xinjiang Rose Milk Naan 800g - Jiushidao - Global Food Marketplace for Business Growth and Cosumers","robots":{"index":"index","follow":"follow","max-snippet":"max-snippet:-1","max-image-preview":"max-image-preview:large","max-video-preview":"max-video-preview:-1"},"canonical":"https:\/\/jiushidao.com\/vi\/san-pham\/xinjiang-rose-milk-naan-800g\/","og_locale":"vi_VN","og_type":"article","og_title":"Xinjiang Rose Milk Naan 800g","og_description":"Savor the delicate taste of Xinjiang with our\u00a0Rose Milk Naan\u2014a fragrant, soft bread that blends the creamy richness of fresh milk with the subtle floral sweetness [\u2026]","og_url":"https:\/\/jiushidao.com\/vi\/san-pham\/xinjiang-rose-milk-naan-800g\/","og_site_name":"Jiushidao - Global Food Marketplace for Business Growth and Cosumers","article_modified_time":"2025-10-31T04:23:21+00:00","og_image":[{"width":800,"height":800,"url":"https:\/\/jiushidao.com\/wp-content\/uploads\/2025\/10\/\u56fe\u724713-1.png","type":"image\/png"}],"twitter_card":"summary_large_image","twitter_misc":{"\u01af\u1edbc t\u00ednh th\u1eddi gian \u0111\u1ecdc":"1 ph\u00fat"},"schema":{"@context":"https:\/\/schema.org","@graph":[{"@type":"WebPage","@id":"https:\/\/jiushidao.com\/product\/xinjiang-rose-milk-naan-800g\/","url":"https:\/\/jiushidao.com\/product\/xinjiang-rose-milk-naan-800g\/","name":"Xinjiang Rose Milk Naan 800g - Jiushidao - Global Food Marketplace for Business Growth and Cosumers","isPartOf":{"@id":"https:\/\/jiushidao.com\/#website"},"primaryImageOfPage":{"@id":"https:\/\/jiushidao.com\/product\/xinjiang-rose-milk-naan-800g\/#primaryimage"},"image":{"@id":"https:\/\/jiushidao.com\/product\/xinjiang-rose-milk-naan-800g\/#primaryimage"},"thumbnailUrl":"https:\/\/jiushidao.com\/wp-content\/uploads\/2025\/10\/\u56fe\u724713-1.png","datePublished":"2025-10-31T04:21:39+00:00","dateModified":"2025-10-31T04:23:21+00:00","breadcrumb":{"@id":"https:\/\/jiushidao.com\/product\/xinjiang-rose-milk-naan-800g\/#breadcrumb"},"inLanguage":"vi","potentialAction":[{"@type":"ReadAction","target":["https:\/\/jiushidao.com\/product\/xinjiang-rose-milk-naan-800g\/"]}]},{"@type":"ImageObject","inLanguage":"vi","@id":"https:\/\/jiushidao.com\/product\/xinjiang-rose-milk-naan-800g\/#primaryimage","url":"https:\/\/jiushidao.com\/wp-content\/uploads\/2025\/10\/\u56fe\u724713-1.png","contentUrl":"https:\/\/jiushidao.com\/wp-content\/uploads\/2025\/10\/\u56fe\u724713-1.png","width":800,"height":800},{"@type":"BreadcrumbList","@id":"https:\/\/jiushidao.com\/product\/xinjiang-rose-milk-naan-800g\/#breadcrumb","itemListElement":[{"@type":"ListItem","position":1,"name":"Home","item":"https:\/\/jiushidao.com\/"},{"@type":"ListItem","position":2,"name":"Store","item":"https:\/\/jiushidao.com\/store\/"},{"@type":"ListItem","position":3,"name":"Xinjiang Rose Milk Naan 800g"}]},{"@type":"WebSite","@id":"https:\/\/jiushidao.com\/#website","url":"https:\/\/jiushidao.com\/","name":"Jiushidao - Global Food Marketplace for Business Growth and Cosumers","description":"Jiushidao - Global Food Marketplace for Business Growth and Cosumers","potentialAction":[{"@type":"SearchAction","target":{"@type":"EntryPoint","urlTemplate":"https:\/\/jiushidao.com\/?s={search_term_string}"},"query-input":{"@type":"PropertyValueSpecification","valueRequired":true,"valueName":"search_term_string"}}],"inLanguage":"vi"}]}},"_links":{"self":[{"href":"https:\/\/jiushidao.com\/vi\/wp-json\/wp\/v2\/product\/898","targetHints":{"allow":["GET"]}}],"collection":[{"href":"https:\/\/jiushidao.com\/vi\/wp-json\/wp\/v2\/product"}],"about":[{"href":"https:\/\/jiushidao.com\/vi\/wp-json\/wp\/v2\/types\/product"}],"replies":[{"embeddable":true,"href":"https:\/\/jiushidao.com\/vi\/wp-json\/wp\/v2\/comments?post=898"}],"version-history":[{"count":1,"href":"https:\/\/jiushidao.com\/vi\/wp-json\/wp\/v2\/product\/898\/revisions"}],"predecessor-version":[{"id":900,"href":"https:\/\/jiushidao.com\/vi\/wp-json\/wp\/v2\/product\/898\/revisions\/900"}],"wp:featuredmedia":[{"embeddable":true,"href":"https:\/\/jiushidao.com\/vi\/wp-json\/wp\/v2\/media\/899"}],"wp:attachment":[{"href":"https:\/\/jiushidao.com\/vi\/wp-json\/wp\/v2\/media?parent=898"}],"wp:term":[{"taxonomy":"product_brand","embeddable":true,"href":"https:\/\/jiushidao.com\/vi\/wp-json\/wp\/v2\/product_brand?post=898"},{"taxonomy":"product_cat","embeddable":true,"href":"https:\/\/jiushidao.com\/vi\/wp-json\/wp\/v2\/product_cat?post=898"},{"taxonomy":"product_tag","embeddable":true,"href":"https:\/\/jiushidao.com\/vi\/wp-json\/wp\/v2\/product_tag?post=898"}],"curies":[{"name":"wp","href":"https:\/\/api.w.org\/{rel}","templated":true}]}}