{"id":895,"date":"2025-10-31T04:19:26","date_gmt":"2025-10-31T04:19:26","guid":{"rendered":"https:\/\/jiushidao.com\/?post_type=product&#038;p=895"},"modified":"2025-10-31T04:19:27","modified_gmt":"2025-10-31T04:19:27","slug":"kashi-handmade-yogurt-bread-1kg","status":"publish","type":"product","link":"https:\/\/jiushidao.com\/vi\/san-pham\/kashi-handmade-yogurt-bread-1kg\/","title":{"rendered":"B\u00e1nh m\u00ec s\u1eefa chua th\u1ee7 c\u00f4ng Kashi 1kg"},"content":{"rendered":"<section class=\"ybc-p\">Tr\u1ea3i nghi\u1ec7m h\u01b0\u01a1ng v\u1ecb \u0111\u00edch th\u1ef1c c\u1ee7a Kashgar v\u1edbi B\u00e1nh m\u00ec s\u1eefa chua th\u1ee7 c\u00f4ng Nanda - m\u1ed9t lo\u1ea1i b\u00e1nh ng\u1ecdt l\u00e0nh m\u1ea1nh, \u0111\u01b0\u1ee3c l\u00e0m th\u1ee7 c\u00f4ng theo ph\u01b0\u01a1ng ph\u00e1p truy\u1ec1n th\u1ed1ng. M\u1ed7i \u1ed5 b\u00e1nh m\u00ec m\u1ec1m m\u1ea1i, x\u1ed1p m\u1ecbn \u0111\u01b0\u1ee3c t\u1ea9m \u01b0\u1edbp v\u1edbi\u00a0<strong>s\u1eefa chua t\u1ef1 nhi\u00ean<\/strong>v\u00e0 \u0111\u01b0\u1ee3c ch\u1ebf t\u00e1c t\u1eeb ch\u1ea5t li\u1ec7u cao c\u1ea5p\u00a0<strong>L\u00faa m\u00ec m\u00f9a \u0111\u00f4ng Kashgar<\/strong>v\u00e0 b\u1ed9t m\u00ec m\u00f9a h\u00e8 tinh luy\u1ec7n, mang l\u1ea1i v\u1ecb chua nh\u1eb9 v\u00e0 k\u1ebft c\u1ea5u \u1ea9m.<\/section>\n<section class=\"ybc-p\">\u0110\u01b0\u1ee3c h\u00fat ch\u00e2n kh\u00f4ng \u0111\u1ec3 gi\u1eef \u0111\u1ed9 t\u01b0\u01a1i ngon, h\u1ed9p 1kg ch\u1ee9a t\u1eebng ph\u1ea7n \u0111\u01b0\u1ee3c \u0111\u00f3ng g\u00f3i ri\u00eang l\u1ebb, ho\u00e0n h\u1ea3o \u0111\u1ec3 chia s\u1ebb c\u00f9ng gia \u0111\u00ecnh ho\u1eb7c th\u01b0\u1edfng th\u1ee9c nh\u01b0 m\u1ed9t m\u00f3n \u0103n nh\u1eb9 b\u1ed5 d\u01b0\u1ee1ng. D\u00f9 d\u00f9ng k\u00e8m tr\u00e0 cho b\u1eefa s\u00e1ng hay nh\u01b0 m\u1ed9t m\u00f3n \u0103n v\u1eb7t th\u00fa v\u1ecb, b\u00e1nh m\u00ec s\u1eefa chua n\u00e0y ph\u1ea3n \u00e1nh tinh hoa di s\u1ea3n \u1ea9m th\u1ef1c T\u00e2n C\u01b0\u01a1ng.<\/section>\n<hr \/>\n<h3><strong>C\u00e1c t\u00ednh n\u0103ng ch\u00ednh<\/strong><\/h3>\n<ul class=\"ybc-ul-component\">\n<li class=\"ybc-li-component ybc-li-component_ul\">\n<section class=\"ybc-p\">\u00a0<strong>S\u1eefa chua t\u1ef1 nhi\u00ean<\/strong>: \u0110\u01b0\u1ee3c l\u00e0m t\u1eeb s\u1eefa chua T\u00e2n C\u01b0\u01a1ng nguy\u00ean ch\u1ea5t \u0111\u1ec3 c\u00f3 h\u01b0\u01a1ng v\u1ecb m\u1ec1m m\u1ea1i, chua nh\u1eb9<\/section>\n<\/li>\n<li class=\"ybc-li-component ybc-li-component_ul\">\n<section class=\"ybc-p\">\u00a0<strong>Ng\u0169 c\u1ed1c cao c\u1ea5p<\/strong>: Pha tr\u1ed9n v\u1edbi l\u00faa m\u00ec m\u00f9a \u0111\u00f4ng Kashgar v\u00e0 b\u1ed9t m\u00ec m\u00f9a h\u00e8 tinh luy\u1ec7n<\/section>\n<\/li>\n<li class=\"ybc-li-component ybc-li-component_ul\">\n<section class=\"ybc-p\">\u00a0<strong>100% Th\u1ee7 c\u00f4ng<\/strong>: K\u1ef9 thu\u1eadt n\u01b0\u1edbng th\u1ee7 c\u00f4ng \u0111\u1ea3m b\u1ea3o ch\u1ea5t l\u01b0\u1ee3ng truy\u1ec1n th\u1ed1ng<\/section>\n<\/li>\n<li class=\"ybc-li-component ybc-li-component_ul\">\n<section class=\"ybc-p\">\u00a0<strong>\u0110\u1ed9 t\u01b0\u01a1i \u0111\u00e3 \u0111\u01b0\u1ee3c ni\u00eam phong<\/strong>: C\u00e1c ph\u1ea7n \u0111\u01b0\u1ee3c \u0111\u00f3ng g\u00f3i ri\u00eang l\u1ebb trong h\u1ed9p qu\u00e0 t\u1eb7ng 1kg<\/section>\n<\/li>\n<li class=\"ybc-li-component ybc-li-component_ul\">\n<section class=\"ybc-p\">\u00a0<strong>Kh\u00f4ng c\u00f3 ch\u1ea5t ph\u1ee5 gia nh\u00e2n t\u1ea1o<\/strong>: Th\u00e0nh ph\u1ea7n nguy\u00ean ch\u1ea5t, \u0111\u01a1n gi\u1ea3n v\u00e0 l\u00e0nh m\u1ea1nh<\/section>\n<\/li>\n<\/ul>","protected":false},"excerpt":{"rendered":"<p>Tr\u1ea3i nghi\u1ec7m h\u01b0\u01a1ng v\u1ecb \u0111\u00edch th\u1ef1c c\u1ee7a Kashgar v\u1edbi B\u00e1nh m\u00ec s\u1eefa chua th\u1ee7 c\u00f4ng Nanda - m\u1ed9t lo\u1ea1i b\u00e1nh ng\u1ecdt l\u00e0nh m\u1ea1nh, \u0111\u01b0\u1ee3c l\u00e0m th\u1ee7 c\u00f4ng theo ph\u01b0\u01a1ng ph\u00e1p truy\u1ec1n th\u1ed1ng. M\u1ed7i \u1ed5 b\u00e1nh m\u00ec m\u1ec1m m\u1ea1i, x\u1ed1p m\u1ecbn \u0111\u01b0\u1ee3c t\u1ea9m s\u1eefa chua t\u1ef1 nhi\u00ean v\u00e0<span class=\"excerpt-hellip\"> [\u2026]<\/span><\/p>","protected":false},"featured_media":896,"comment_status":"open","ping_status":"closed","template":"","meta":[],"product_brand":[62],"product_cat":[61],"product_tag":[],"class_list":{"0":"post-895","1":"product","2":"type-product","3":"status-publish","4":"has-post-thumbnail","6":"product_brand-62","7":"product_cat-da_jiang_you_li","9":"first","10":"instock","11":"shipping-taxable","12":"product-type-simple"},"yoast_head":"<!-- This site is optimized with the Yoast SEO Premium plugin v25.8 (Yoast SEO v25.8) - https:\/\/yoast.com\/wordpress\/plugins\/seo\/ -->\n<title>Kashi Handmade Yogurt Bread 1kg - Jiushidao - Global Food Marketplace for Business Growth and Cosumers<\/title>\n<meta name=\"robots\" content=\"index, follow, max-snippet:-1, max-image-preview:large, max-video-preview:-1\" \/>\n<link rel=\"canonical\" href=\"https:\/\/jiushidao.com\/vi\/san-pham\/kashi-handmade-yogurt-bread-1kg\/\" \/>\n<meta property=\"og:locale\" content=\"vi_VN\" \/>\n<meta property=\"og:type\" content=\"article\" \/>\n<meta property=\"og:title\" content=\"Kashi Handmade Yogurt Bread 1kg\" \/>\n<meta property=\"og:description\" content=\"Experience the authentic taste of Kashgar with Nanda\u2019s Artisan Yogurt Bread\u2014a wholesome, handcrafted pastry made using time-honored methods. Each soft, fluffy loaf is infused with\u00a0natural yogurtand [\u2026]\" \/>\n<meta property=\"og:url\" content=\"https:\/\/jiushidao.com\/vi\/san-pham\/kashi-handmade-yogurt-bread-1kg\/\" \/>\n<meta property=\"og:site_name\" content=\"Jiushidao - Global Food Marketplace for Business Growth and Cosumers\" \/>\n<meta property=\"article:modified_time\" content=\"2025-10-31T04:19:27+00:00\" \/>\n<meta property=\"og:image\" content=\"https:\/\/jiushidao.com\/wp-content\/uploads\/2025\/10\/\u56fe\u724712-1.png\" \/>\n\t<meta property=\"og:image:width\" content=\"800\" \/>\n\t<meta property=\"og:image:height\" content=\"800\" \/>\n\t<meta property=\"og:image:type\" content=\"image\/png\" \/>\n<meta name=\"twitter:card\" content=\"summary_large_image\" \/>\n<meta name=\"twitter:label1\" content=\"\u01af\u1edbc t\u00ednh th\u1eddi gian \u0111\u1ecdc\" \/>\n\t<meta name=\"twitter:data1\" content=\"1 ph\u00fat\" \/>\n<script type=\"application\/ld+json\" class=\"yoast-schema-graph\">{\"@context\":\"https:\/\/schema.org\",\"@graph\":[{\"@type\":\"WebPage\",\"@id\":\"https:\/\/jiushidao.com\/product\/kashi-handmade-yogurt-bread-1kg\/\",\"url\":\"https:\/\/jiushidao.com\/product\/kashi-handmade-yogurt-bread-1kg\/\",\"name\":\"Kashi Handmade Yogurt Bread 1kg - Jiushidao - Global Food Marketplace for Business Growth and Cosumers\",\"isPartOf\":{\"@id\":\"https:\/\/jiushidao.com\/#website\"},\"primaryImageOfPage\":{\"@id\":\"https:\/\/jiushidao.com\/product\/kashi-handmade-yogurt-bread-1kg\/#primaryimage\"},\"image\":{\"@id\":\"https:\/\/jiushidao.com\/product\/kashi-handmade-yogurt-bread-1kg\/#primaryimage\"},\"thumbnailUrl\":\"https:\/\/jiushidao.com\/wp-content\/uploads\/2025\/10\/\u56fe\u724712-1.png\",\"datePublished\":\"2025-10-31T04:19:26+00:00\",\"dateModified\":\"2025-10-31T04:19:27+00:00\",\"breadcrumb\":{\"@id\":\"https:\/\/jiushidao.com\/product\/kashi-handmade-yogurt-bread-1kg\/#breadcrumb\"},\"inLanguage\":\"vi\",\"potentialAction\":[{\"@type\":\"ReadAction\",\"target\":[\"https:\/\/jiushidao.com\/product\/kashi-handmade-yogurt-bread-1kg\/\"]}]},{\"@type\":\"ImageObject\",\"inLanguage\":\"vi\",\"@id\":\"https:\/\/jiushidao.com\/product\/kashi-handmade-yogurt-bread-1kg\/#primaryimage\",\"url\":\"https:\/\/jiushidao.com\/wp-content\/uploads\/2025\/10\/\u56fe\u724712-1.png\",\"contentUrl\":\"https:\/\/jiushidao.com\/wp-content\/uploads\/2025\/10\/\u56fe\u724712-1.png\",\"width\":800,\"height\":800},{\"@type\":\"BreadcrumbList\",\"@id\":\"https:\/\/jiushidao.com\/product\/kashi-handmade-yogurt-bread-1kg\/#breadcrumb\",\"itemListElement\":[{\"@type\":\"ListItem\",\"position\":1,\"name\":\"Home\",\"item\":\"https:\/\/jiushidao.com\/\"},{\"@type\":\"ListItem\",\"position\":2,\"name\":\"Store\",\"item\":\"https:\/\/jiushidao.com\/store\/\"},{\"@type\":\"ListItem\",\"position\":3,\"name\":\"Kashi Handmade Yogurt Bread 1kg\"}]},{\"@type\":\"WebSite\",\"@id\":\"https:\/\/jiushidao.com\/#website\",\"url\":\"https:\/\/jiushidao.com\/\",\"name\":\"Jiushidao - Global Food Marketplace for Business Growth and Cosumers\",\"description\":\"Jiushidao - Global Food Marketplace for Business Growth and Cosumers\",\"potentialAction\":[{\"@type\":\"SearchAction\",\"target\":{\"@type\":\"EntryPoint\",\"urlTemplate\":\"https:\/\/jiushidao.com\/?s={search_term_string}\"},\"query-input\":{\"@type\":\"PropertyValueSpecification\",\"valueRequired\":true,\"valueName\":\"search_term_string\"}}],\"inLanguage\":\"vi\"}]}<\/script>\n<!-- \/ Yoast SEO Premium plugin. -->","yoast_head_json":{"title":"Kashi Handmade Yogurt Bread 1kg - Jiushidao - Global Food Marketplace for Business Growth and Cosumers","robots":{"index":"index","follow":"follow","max-snippet":"max-snippet:-1","max-image-preview":"max-image-preview:large","max-video-preview":"max-video-preview:-1"},"canonical":"https:\/\/jiushidao.com\/vi\/san-pham\/kashi-handmade-yogurt-bread-1kg\/","og_locale":"vi_VN","og_type":"article","og_title":"Kashi Handmade Yogurt Bread 1kg","og_description":"Experience the authentic taste of Kashgar with Nanda\u2019s Artisan Yogurt Bread\u2014a wholesome, handcrafted pastry made using time-honored methods. Each soft, fluffy loaf is infused with\u00a0natural yogurtand [\u2026]","og_url":"https:\/\/jiushidao.com\/vi\/san-pham\/kashi-handmade-yogurt-bread-1kg\/","og_site_name":"Jiushidao - Global Food Marketplace for Business Growth and Cosumers","article_modified_time":"2025-10-31T04:19:27+00:00","og_image":[{"width":800,"height":800,"url":"https:\/\/jiushidao.com\/wp-content\/uploads\/2025\/10\/\u56fe\u724712-1.png","type":"image\/png"}],"twitter_card":"summary_large_image","twitter_misc":{"\u01af\u1edbc t\u00ednh th\u1eddi gian \u0111\u1ecdc":"1 ph\u00fat"},"schema":{"@context":"https:\/\/schema.org","@graph":[{"@type":"WebPage","@id":"https:\/\/jiushidao.com\/product\/kashi-handmade-yogurt-bread-1kg\/","url":"https:\/\/jiushidao.com\/product\/kashi-handmade-yogurt-bread-1kg\/","name":"Kashi Handmade Yogurt Bread 1kg - Jiushidao - Global Food Marketplace for Business Growth and Cosumers","isPartOf":{"@id":"https:\/\/jiushidao.com\/#website"},"primaryImageOfPage":{"@id":"https:\/\/jiushidao.com\/product\/kashi-handmade-yogurt-bread-1kg\/#primaryimage"},"image":{"@id":"https:\/\/jiushidao.com\/product\/kashi-handmade-yogurt-bread-1kg\/#primaryimage"},"thumbnailUrl":"https:\/\/jiushidao.com\/wp-content\/uploads\/2025\/10\/\u56fe\u724712-1.png","datePublished":"2025-10-31T04:19:26+00:00","dateModified":"2025-10-31T04:19:27+00:00","breadcrumb":{"@id":"https:\/\/jiushidao.com\/product\/kashi-handmade-yogurt-bread-1kg\/#breadcrumb"},"inLanguage":"vi","potentialAction":[{"@type":"ReadAction","target":["https:\/\/jiushidao.com\/product\/kashi-handmade-yogurt-bread-1kg\/"]}]},{"@type":"ImageObject","inLanguage":"vi","@id":"https:\/\/jiushidao.com\/product\/kashi-handmade-yogurt-bread-1kg\/#primaryimage","url":"https:\/\/jiushidao.com\/wp-content\/uploads\/2025\/10\/\u56fe\u724712-1.png","contentUrl":"https:\/\/jiushidao.com\/wp-content\/uploads\/2025\/10\/\u56fe\u724712-1.png","width":800,"height":800},{"@type":"BreadcrumbList","@id":"https:\/\/jiushidao.com\/product\/kashi-handmade-yogurt-bread-1kg\/#breadcrumb","itemListElement":[{"@type":"ListItem","position":1,"name":"Home","item":"https:\/\/jiushidao.com\/"},{"@type":"ListItem","position":2,"name":"Store","item":"https:\/\/jiushidao.com\/store\/"},{"@type":"ListItem","position":3,"name":"Kashi Handmade Yogurt Bread 1kg"}]},{"@type":"WebSite","@id":"https:\/\/jiushidao.com\/#website","url":"https:\/\/jiushidao.com\/","name":"Jiushidao - Global Food Marketplace for Business Growth and Cosumers","description":"Jiushidao - Global Food Marketplace for Business Growth and Cosumers","potentialAction":[{"@type":"SearchAction","target":{"@type":"EntryPoint","urlTemplate":"https:\/\/jiushidao.com\/?s={search_term_string}"},"query-input":{"@type":"PropertyValueSpecification","valueRequired":true,"valueName":"search_term_string"}}],"inLanguage":"vi"}]}},"_links":{"self":[{"href":"https:\/\/jiushidao.com\/vi\/wp-json\/wp\/v2\/product\/895","targetHints":{"allow":["GET"]}}],"collection":[{"href":"https:\/\/jiushidao.com\/vi\/wp-json\/wp\/v2\/product"}],"about":[{"href":"https:\/\/jiushidao.com\/vi\/wp-json\/wp\/v2\/types\/product"}],"replies":[{"embeddable":true,"href":"https:\/\/jiushidao.com\/vi\/wp-json\/wp\/v2\/comments?post=895"}],"version-history":[{"count":1,"href":"https:\/\/jiushidao.com\/vi\/wp-json\/wp\/v2\/product\/895\/revisions"}],"predecessor-version":[{"id":897,"href":"https:\/\/jiushidao.com\/vi\/wp-json\/wp\/v2\/product\/895\/revisions\/897"}],"wp:featuredmedia":[{"embeddable":true,"href":"https:\/\/jiushidao.com\/vi\/wp-json\/wp\/v2\/media\/896"}],"wp:attachment":[{"href":"https:\/\/jiushidao.com\/vi\/wp-json\/wp\/v2\/media?parent=895"}],"wp:term":[{"taxonomy":"product_brand","embeddable":true,"href":"https:\/\/jiushidao.com\/vi\/wp-json\/wp\/v2\/product_brand?post=895"},{"taxonomy":"product_cat","embeddable":true,"href":"https:\/\/jiushidao.com\/vi\/wp-json\/wp\/v2\/product_cat?post=895"},{"taxonomy":"product_tag","embeddable":true,"href":"https:\/\/jiushidao.com\/vi\/wp-json\/wp\/v2\/product_tag?post=895"}],"curies":[{"name":"wp","href":"https:\/\/api.w.org\/{rel}","templated":true}]}}