{"id":892,"date":"2025-10-31T04:16:35","date_gmt":"2025-10-31T04:16:35","guid":{"rendered":"https:\/\/jiushidao.com\/?post_type=product&#038;p=892"},"modified":"2025-10-31T04:16:36","modified_gmt":"2025-10-31T04:16:36","slug":"kashi-milk-sponge-cake-800g","status":"publish","type":"product","link":"https:\/\/jiushidao.com\/vi\/san-pham\/kashi-milk-sponge-cake-800g\/","title":{"rendered":"B\u00e1nh b\u00f4ng lan s\u1eefa Kashi 800g"},"content":{"rendered":"<section class=\"ybc-p\">H\u00e3y th\u01b0\u1edfng th\u1ee9c h\u01b0\u01a1ng v\u1ecb th\u01a1m ngon tuy\u1ec7t h\u1ea3o c\u1ee7a B\u00e1nh Tr\u1ee9ng S\u1eefa Nanda T\u00e2n C\u01b0\u01a1ng, m\u1ed9t lo\u1ea1i b\u00e1nh n\u01b0\u1edbng truy\u1ec1n th\u1ed1ng \u0111\u01b0\u1ee3c ch\u1ebf bi\u1ebfn t\u1eeb nh\u1eefng nguy\u00ean li\u1ec7u h\u1ea3o h\u1ea1ng nh\u1ea5t t\u1eeb tr\u00e1i tim Kashgar. M\u1ed7i chi\u1ebfc b\u00e1nh \u0111\u01b0\u1ee3c l\u00e0m t\u1eeb m\u1ed9t l\u01b0\u1ee3ng l\u1edbn\u00a0<strong>H\u00e0m l\u01b0\u1ee3ng tr\u1ee9ng \u226540%<\/strong>, pha tr\u1ed9n v\u1edbi s\u1eefa t\u01b0\u01a1i v\u00e0 b\u1ed9t m\u00ec ch\u1ea5t l\u01b0\u1ee3ng cao, mang \u0111\u1ebfn k\u1ebft c\u1ea5u m\u1ec1m, \u1ea9m v\u00e0 h\u01b0\u01a1ng v\u1ecb t\u1ef1 nhi\u00ean phong ph\u00fa.<\/section>\n<section class=\"ybc-p\">\u0110\u01b0\u1ee3c \u0111\u1ef1ng trong h\u1ed9p qu\u00e0 trang nh\u00e3 v\u1edbi \u0111i\u1ec3m nh\u1ea5n m\u00e0u xanh d\u01b0\u01a1ng v\u00e0 cam r\u1ef1c r\u1ee1, g\u00f3i 800g n\u00e0y ch\u1ee9a t\u1eebng chi\u1ebfc b\u00e1nh \u0111\u01b0\u1ee3c h\u00fat ch\u00e2n kh\u00f4ng ri\u00eang l\u1ebb - ho\u00e0n h\u1ea3o \u0111\u1ec3 chia s\u1ebb, l\u00e0m qu\u00e0 t\u1eb7ng ho\u1eb7c th\u01b0\u1edfng th\u1ee9c nh\u01b0 m\u1ed9t m\u00f3n \u0103n nh\u1eb9 b\u1ed5 d\u01b0\u1ee1ng. D\u00f9 d\u00f9ng k\u00e8m tr\u00e0 cho b\u1eefa s\u00e1ng hay nh\u01b0 m\u1ed9t m\u00f3n \u0103n v\u1eb7t th\u00fa v\u1ecb b\u1ea5t c\u1ee9 l\u00fac n\u00e0o trong ng\u00e0y, b\u00e1nh Nanda mang h\u01b0\u01a1ng v\u1ecb T\u00e2n C\u01b0\u01a1ng \u0111\u00edch th\u1ef1c \u0111\u1ebfn b\u00e0n \u0103n c\u1ee7a b\u1ea1n.<\/section>\n<hr \/>\n<h3><strong>C\u00e1c t\u00ednh n\u0103ng ch\u00ednh<\/strong><\/h3>\n<ul class=\"ybc-ul-component\">\n<li class=\"ybc-li-component ybc-li-component_ul\">\n<section class=\"ybc-p\">\u00a0<strong>H\u00e0m l\u01b0\u1ee3ng tr\u1ee9ng cao (\u226540%)<\/strong>: Gi\u00e0u protein v\u00e0 h\u01b0\u01a1ng v\u1ecb t\u1ef1 nhi\u00ean<\/section>\n<\/li>\n<li class=\"ybc-li-component ybc-li-component_ul\">\n<section class=\"ybc-p\">\u00a0<strong>Th\u00e0nh ph\u1ea7n cao c\u1ea5p<\/strong>: \u0110\u01b0\u1ee3c l\u00e0m t\u1eeb s\u1eefa t\u01b0\u01a1i, tr\u1ee9ng v\u00e0 b\u1ed9t m\u00ec ch\u1ecdn l\u1ecdc<\/section>\n<\/li>\n<li class=\"ybc-li-component ybc-li-component_ul\">\n<section class=\"ybc-p\">\u00a0<strong>Bao b\u00ec s\u1eb5n s\u00e0ng l\u00e0m qu\u00e0 t\u1eb7ng<\/strong>: H\u1ed9p \u0111\u1ef1ng th\u1eddi trang l\u00fd t\u01b0\u1edfng cho c\u00e1c ng\u00e0y l\u1ec5 ho\u1eb7c nh\u1eefng d\u1ecbp \u0111\u1eb7c bi\u1ec7t<\/section>\n<\/li>\n<li class=\"ybc-li-component ybc-li-component_ul\">\n<section class=\"ybc-p\">\u00a0<strong>\u0110\u01b0\u1ee3c g\u00f3i ri\u00eang l\u1ebb<\/strong>: Gi\u1eef \u0111\u01b0\u1ee3c \u0111\u1ed9 t\u01b0\u01a1i ngon v\u00e0 ti\u1ec7n l\u1ee3i khi mang theo khi \u0111i \u0103n v\u1eb7t<\/section>\n<\/li>\n<li class=\"ybc-li-component ybc-li-component_ul\">\n<section class=\"ybc-p\">\u00a0<strong>C\u00f4ng th\u1ee9c Kashgar \u0111\u00edch th\u1ef1c<\/strong>: M\u1ed9t \u0111\u1eb7c s\u1ea3n t\u1eeb truy\u1ec1n th\u1ed1ng \u1ea9m th\u1ef1c T\u00e2n C\u01b0\u01a1ng<\/section>\n<\/li>\n<\/ul>","protected":false},"excerpt":{"rendered":"<p>Th\u01b0\u1edfng th\u1ee9c h\u01b0\u01a1ng v\u1ecb th\u01a1m ngon b\u1ed5 d\u01b0\u1ee1ng c\u1ee7a B\u00e1nh s\u1eefa tr\u1ee9ng Nanda T\u00e2n C\u01b0\u01a1ng, m\u1ed9t lo\u1ea1i b\u00e1nh n\u01b0\u1edbng truy\u1ec1n th\u1ed1ng \u0111\u01b0\u1ee3c ch\u1ebf bi\u1ebfn t\u1eeb nh\u1eefng nguy\u00ean li\u1ec7u cao c\u1ea5p t\u1eeb tr\u00e1i tim Kashgar. M\u1ed7i<span class=\"excerpt-hellip\"> [\u2026]<\/span><\/p>","protected":false},"featured_media":893,"comment_status":"open","ping_status":"closed","template":"","meta":[],"product_brand":[62],"product_cat":[61],"product_tag":[],"class_list":{"0":"post-892","1":"product","2":"type-product","3":"status-publish","4":"has-post-thumbnail","6":"product_brand-62","7":"product_cat-da_jiang_you_li","9":"first","10":"instock","11":"shipping-taxable","12":"product-type-simple"},"yoast_head":"<!-- This site is optimized with the Yoast SEO Premium plugin v25.8 (Yoast SEO v25.8) - https:\/\/yoast.com\/wordpress\/plugins\/seo\/ -->\n<title>Kashi Milk Sponge Cake 800g - Jiushidao - Global Food Marketplace for Business Growth and Cosumers<\/title>\n<meta name=\"robots\" content=\"index, follow, max-snippet:-1, max-image-preview:large, max-video-preview:-1\" \/>\n<link rel=\"canonical\" href=\"https:\/\/jiushidao.com\/vi\/san-pham\/kashi-milk-sponge-cake-800g\/\" \/>\n<meta property=\"og:locale\" content=\"vi_VN\" \/>\n<meta property=\"og:type\" content=\"article\" \/>\n<meta property=\"og:title\" content=\"Kashi Milk Sponge Cake 800g\" \/>\n<meta property=\"og:description\" content=\"Indulge in the wholesome goodness of Nanda Xinjiang Milk &amp; Egg Cake, a traditional baked pastry crafted with premium ingredients from the heart of Kashgar. Each [\u2026]\" \/>\n<meta property=\"og:url\" content=\"https:\/\/jiushidao.com\/vi\/san-pham\/kashi-milk-sponge-cake-800g\/\" \/>\n<meta property=\"og:site_name\" content=\"Jiushidao - Global Food Marketplace for Business Growth and Cosumers\" \/>\n<meta property=\"article:modified_time\" content=\"2025-10-31T04:16:36+00:00\" \/>\n<meta property=\"og:image\" content=\"https:\/\/jiushidao.com\/wp-content\/uploads\/2025\/10\/\u56fe\u724711-1.png\" \/>\n\t<meta property=\"og:image:width\" content=\"800\" \/>\n\t<meta property=\"og:image:height\" content=\"800\" \/>\n\t<meta property=\"og:image:type\" content=\"image\/png\" \/>\n<meta name=\"twitter:card\" content=\"summary_large_image\" \/>\n<meta name=\"twitter:label1\" content=\"\u01af\u1edbc t\u00ednh th\u1eddi gian \u0111\u1ecdc\" \/>\n\t<meta name=\"twitter:data1\" content=\"1 ph\u00fat\" \/>\n<script type=\"application\/ld+json\" class=\"yoast-schema-graph\">{\"@context\":\"https:\/\/schema.org\",\"@graph\":[{\"@type\":\"WebPage\",\"@id\":\"https:\/\/jiushidao.com\/product\/kashi-milk-sponge-cake-800g\/\",\"url\":\"https:\/\/jiushidao.com\/product\/kashi-milk-sponge-cake-800g\/\",\"name\":\"Kashi Milk Sponge Cake 800g - Jiushidao - Global Food Marketplace for Business Growth and Cosumers\",\"isPartOf\":{\"@id\":\"https:\/\/jiushidao.com\/#website\"},\"primaryImageOfPage\":{\"@id\":\"https:\/\/jiushidao.com\/product\/kashi-milk-sponge-cake-800g\/#primaryimage\"},\"image\":{\"@id\":\"https:\/\/jiushidao.com\/product\/kashi-milk-sponge-cake-800g\/#primaryimage\"},\"thumbnailUrl\":\"https:\/\/jiushidao.com\/wp-content\/uploads\/2025\/10\/\u56fe\u724711-1.png\",\"datePublished\":\"2025-10-31T04:16:35+00:00\",\"dateModified\":\"2025-10-31T04:16:36+00:00\",\"breadcrumb\":{\"@id\":\"https:\/\/jiushidao.com\/product\/kashi-milk-sponge-cake-800g\/#breadcrumb\"},\"inLanguage\":\"vi\",\"potentialAction\":[{\"@type\":\"ReadAction\",\"target\":[\"https:\/\/jiushidao.com\/product\/kashi-milk-sponge-cake-800g\/\"]}]},{\"@type\":\"ImageObject\",\"inLanguage\":\"vi\",\"@id\":\"https:\/\/jiushidao.com\/product\/kashi-milk-sponge-cake-800g\/#primaryimage\",\"url\":\"https:\/\/jiushidao.com\/wp-content\/uploads\/2025\/10\/\u56fe\u724711-1.png\",\"contentUrl\":\"https:\/\/jiushidao.com\/wp-content\/uploads\/2025\/10\/\u56fe\u724711-1.png\",\"width\":800,\"height\":800},{\"@type\":\"BreadcrumbList\",\"@id\":\"https:\/\/jiushidao.com\/product\/kashi-milk-sponge-cake-800g\/#breadcrumb\",\"itemListElement\":[{\"@type\":\"ListItem\",\"position\":1,\"name\":\"Home\",\"item\":\"https:\/\/jiushidao.com\/\"},{\"@type\":\"ListItem\",\"position\":2,\"name\":\"Store\",\"item\":\"https:\/\/jiushidao.com\/store\/\"},{\"@type\":\"ListItem\",\"position\":3,\"name\":\"Kashi Milk Sponge Cake 800g\"}]},{\"@type\":\"WebSite\",\"@id\":\"https:\/\/jiushidao.com\/#website\",\"url\":\"https:\/\/jiushidao.com\/\",\"name\":\"Jiushidao - Global Food Marketplace for Business Growth and Cosumers\",\"description\":\"Jiushidao - Global Food Marketplace for Business Growth and Cosumers\",\"potentialAction\":[{\"@type\":\"SearchAction\",\"target\":{\"@type\":\"EntryPoint\",\"urlTemplate\":\"https:\/\/jiushidao.com\/?s={search_term_string}\"},\"query-input\":{\"@type\":\"PropertyValueSpecification\",\"valueRequired\":true,\"valueName\":\"search_term_string\"}}],\"inLanguage\":\"vi\"}]}<\/script>\n<!-- \/ Yoast SEO Premium plugin. -->","yoast_head_json":{"title":"Kashi Milk Sponge Cake 800g - Jiushidao - Global Food Marketplace for Business Growth and Cosumers","robots":{"index":"index","follow":"follow","max-snippet":"max-snippet:-1","max-image-preview":"max-image-preview:large","max-video-preview":"max-video-preview:-1"},"canonical":"https:\/\/jiushidao.com\/vi\/san-pham\/kashi-milk-sponge-cake-800g\/","og_locale":"vi_VN","og_type":"article","og_title":"Kashi Milk Sponge Cake 800g","og_description":"Indulge in the wholesome goodness of Nanda Xinjiang Milk &amp; Egg Cake, a traditional baked pastry crafted with premium ingredients from the heart of Kashgar. Each [\u2026]","og_url":"https:\/\/jiushidao.com\/vi\/san-pham\/kashi-milk-sponge-cake-800g\/","og_site_name":"Jiushidao - Global Food Marketplace for Business Growth and Cosumers","article_modified_time":"2025-10-31T04:16:36+00:00","og_image":[{"width":800,"height":800,"url":"https:\/\/jiushidao.com\/wp-content\/uploads\/2025\/10\/\u56fe\u724711-1.png","type":"image\/png"}],"twitter_card":"summary_large_image","twitter_misc":{"\u01af\u1edbc t\u00ednh th\u1eddi gian \u0111\u1ecdc":"1 ph\u00fat"},"schema":{"@context":"https:\/\/schema.org","@graph":[{"@type":"WebPage","@id":"https:\/\/jiushidao.com\/product\/kashi-milk-sponge-cake-800g\/","url":"https:\/\/jiushidao.com\/product\/kashi-milk-sponge-cake-800g\/","name":"Kashi Milk Sponge Cake 800g - Jiushidao - Global Food Marketplace for Business Growth and Cosumers","isPartOf":{"@id":"https:\/\/jiushidao.com\/#website"},"primaryImageOfPage":{"@id":"https:\/\/jiushidao.com\/product\/kashi-milk-sponge-cake-800g\/#primaryimage"},"image":{"@id":"https:\/\/jiushidao.com\/product\/kashi-milk-sponge-cake-800g\/#primaryimage"},"thumbnailUrl":"https:\/\/jiushidao.com\/wp-content\/uploads\/2025\/10\/\u56fe\u724711-1.png","datePublished":"2025-10-31T04:16:35+00:00","dateModified":"2025-10-31T04:16:36+00:00","breadcrumb":{"@id":"https:\/\/jiushidao.com\/product\/kashi-milk-sponge-cake-800g\/#breadcrumb"},"inLanguage":"vi","potentialAction":[{"@type":"ReadAction","target":["https:\/\/jiushidao.com\/product\/kashi-milk-sponge-cake-800g\/"]}]},{"@type":"ImageObject","inLanguage":"vi","@id":"https:\/\/jiushidao.com\/product\/kashi-milk-sponge-cake-800g\/#primaryimage","url":"https:\/\/jiushidao.com\/wp-content\/uploads\/2025\/10\/\u56fe\u724711-1.png","contentUrl":"https:\/\/jiushidao.com\/wp-content\/uploads\/2025\/10\/\u56fe\u724711-1.png","width":800,"height":800},{"@type":"BreadcrumbList","@id":"https:\/\/jiushidao.com\/product\/kashi-milk-sponge-cake-800g\/#breadcrumb","itemListElement":[{"@type":"ListItem","position":1,"name":"Home","item":"https:\/\/jiushidao.com\/"},{"@type":"ListItem","position":2,"name":"Store","item":"https:\/\/jiushidao.com\/store\/"},{"@type":"ListItem","position":3,"name":"Kashi Milk Sponge Cake 800g"}]},{"@type":"WebSite","@id":"https:\/\/jiushidao.com\/#website","url":"https:\/\/jiushidao.com\/","name":"Jiushidao - Global Food Marketplace for Business Growth and Cosumers","description":"Jiushidao - Global Food Marketplace for Business Growth and Cosumers","potentialAction":[{"@type":"SearchAction","target":{"@type":"EntryPoint","urlTemplate":"https:\/\/jiushidao.com\/?s={search_term_string}"},"query-input":{"@type":"PropertyValueSpecification","valueRequired":true,"valueName":"search_term_string"}}],"inLanguage":"vi"}]}},"_links":{"self":[{"href":"https:\/\/jiushidao.com\/vi\/wp-json\/wp\/v2\/product\/892","targetHints":{"allow":["GET"]}}],"collection":[{"href":"https:\/\/jiushidao.com\/vi\/wp-json\/wp\/v2\/product"}],"about":[{"href":"https:\/\/jiushidao.com\/vi\/wp-json\/wp\/v2\/types\/product"}],"replies":[{"embeddable":true,"href":"https:\/\/jiushidao.com\/vi\/wp-json\/wp\/v2\/comments?post=892"}],"version-history":[{"count":1,"href":"https:\/\/jiushidao.com\/vi\/wp-json\/wp\/v2\/product\/892\/revisions"}],"predecessor-version":[{"id":894,"href":"https:\/\/jiushidao.com\/vi\/wp-json\/wp\/v2\/product\/892\/revisions\/894"}],"wp:featuredmedia":[{"embeddable":true,"href":"https:\/\/jiushidao.com\/vi\/wp-json\/wp\/v2\/media\/893"}],"wp:attachment":[{"href":"https:\/\/jiushidao.com\/vi\/wp-json\/wp\/v2\/media?parent=892"}],"wp:term":[{"taxonomy":"product_brand","embeddable":true,"href":"https:\/\/jiushidao.com\/vi\/wp-json\/wp\/v2\/product_brand?post=892"},{"taxonomy":"product_cat","embeddable":true,"href":"https:\/\/jiushidao.com\/vi\/wp-json\/wp\/v2\/product_cat?post=892"},{"taxonomy":"product_tag","embeddable":true,"href":"https:\/\/jiushidao.com\/vi\/wp-json\/wp\/v2\/product_tag?post=892"}],"curies":[{"name":"wp","href":"https:\/\/api.w.org\/{rel}","templated":true}]}}