{"id":889,"date":"2025-10-31T04:12:57","date_gmt":"2025-10-31T04:12:57","guid":{"rendered":"https:\/\/jiushidao.com\/?post_type=product&#038;p=889"},"modified":"2025-10-31T04:12:58","modified_gmt":"2025-10-31T04:12:58","slug":"kashi-xinjiang-nut-small-lieba-gift-box-100g-x-8-bags","status":"publish","type":"product","link":"https:\/\/jiushidao.com\/vi\/san-pham\/kashi-xinjiang-nut-small-lieba-gift-box-100g-x-8-bags\/","title":{"rendered":"H\u1ed9p qu\u00e0 h\u1ea1t d\u1ebb c\u01b0\u1eddi Kashi T\u00e2n C\u01b0\u01a1ng nh\u1ecf 100g x 8 t\u00fai"},"content":{"rendered":"<section class=\"ybc-p\">Kh\u00e1m ph\u00e1 h\u01b0\u01a1ng v\u1ecb \u0111\u00edch th\u1ef1c c\u1ee7a T\u00e2n C\u01b0\u01a1ng v\u1edbi B\u00e1nh m\u00ec Nga nh\u00e2n h\u1ea1t Nanda - s\u1ef1 k\u1ebft h\u1ee3p ho\u00e0n h\u1ea3o gi\u1eefa ngh\u1ec7 thu\u1eadt th\u1ee7 c\u00f4ng truy\u1ec1n th\u1ed1ng v\u00e0 nguy\u00ean li\u1ec7u t\u1ef1 nhi\u00ean. M\u1ed7i \u1ed5 b\u00e1nh m\u00ec m\u1ec1m m\u1ea1i, d\u00e0y d\u1eb7n \u0111\u01b0\u1ee3c nh\u1ed3i \u0111\u1ea7y \u0111\u1ee7 c\u00e1c lo\u1ea1i h\u1ea1t h\u1ea3o h\u1ea1ng v\u00e0 tr\u00e1i c\u00e2y s\u1ea5y kh\u00f4, sau \u0111\u00f3 \u0111\u01b0\u1ee3c b\u1ed5 sung th\u00eam h\u01b0\u01a1ng v\u1ecb \u0111\u1ed9c \u0111\u00e1o.\u00a0<strong>enzyme t\u1ed5ng h\u1ee3p t\u1eeb tr\u00e1i c\u00e2y v\u00e0 rau qu\u1ea3<\/strong>\u0111\u1ec3 t\u0103ng c\u01b0\u1eddng h\u01b0\u01a1ng v\u1ecb v\u00e0 kh\u1ea3 n\u0103ng ti\u00eau h\u00f3a.<\/section>\n<section class=\"ybc-p\">\u0110\u01b0\u1ee3c \u0111\u1ef1ng trong h\u1ed9p qu\u00e0 m\u00e0u t\u00edm thanh l\u1ecbch \u0111\u01b0\u1ee3c trang tr\u00ed b\u1eb1ng b\u00f4ng l\u00faa m\u00ec v\u00e0 qu\u1ea3 sung, s\u1ea3n ph\u1ea9m n\u00e0y th\u1ef1c s\u1ef1 l\u00e0 \u201cM\u00f3n qu\u00e0 t\u1eeb Kashgar\u201d. D\u00f9 d\u00f9ng l\u00e0m b\u1eefa s\u00e1ng b\u1ed5 d\u01b0\u1ee1ng, b\u1eefa \u0103n nh\u1eb9 khi u\u1ed1ng tr\u00e0 hay l\u00e0m qu\u00e0 t\u1eb7ng \u00fd ngh\u0129a, B\u00e1nh m\u00ec Nga Nanda s\u1ebd mang h\u01b0\u01a1ng v\u1ecb th\u01a1m ngon c\u1ee7a T\u00e2n C\u01b0\u01a1ng \u0111\u1ebfn t\u1eadn b\u00e0n \u0103n c\u1ee7a b\u1ea1n.<\/section>\n<hr \/>\n<section class=\"ybc-p\"><strong>C\u00e1c t\u00ednh n\u0103ng ch\u00ednh<\/strong><\/section>\n<ul class=\"ybc-ul-component\">\n<li class=\"ybc-li-component ybc-li-component_ul\">\n<section class=\"ybc-p\">\u00a0<strong>C\u00f4ng th\u1ee9c gi\u00e0u h\u1ea1t<\/strong>: Ch\u1ee9a \u0111\u1ea7y c\u00e1c lo\u1ea1i h\u1ea1t ch\u1ea5t l\u01b0\u1ee3ng cao v\u00e0 tr\u00e1i c\u00e2y s\u1ea5y kh\u00f4 t\u1ef1 nhi\u00ean<\/section>\n<\/li>\n<li class=\"ybc-li-component ybc-li-component_ul\">\n<section class=\"ybc-p\">\u00a0<strong>Truy\u1ec1n enzyme<\/strong>: \u0110\u01b0\u1ee3c t\u0103ng c\u01b0\u1eddng v\u1edbi enzyme tr\u00e1i c\u00e2y\/rau c\u1ee7 t\u1ed5ng h\u1ee3p gi\u00fap ti\u00eau h\u00f3a t\u1ed1t h\u01a1n<\/section>\n<\/li>\n<li class=\"ybc-li-component ybc-li-component_ul\">\n<section class=\"ybc-p\">\u00a0<strong>Bao b\u00ec s\u1eb5n s\u00e0ng l\u00e0m qu\u00e0 t\u1eb7ng<\/strong>: H\u1ed9p m\u00e0u t\u00edm thanh l\u1ecbch l\u1ea5y c\u1ea3m h\u1ee9ng t\u1eeb v\u1ebb \u0111\u1eb9p thi\u00ean nhi\u00ean c\u1ee7a T\u00e2n C\u01b0\u01a1ng<\/section>\n<\/li>\n<li class=\"ybc-li-component ybc-li-component_ul\">\n<section class=\"ybc-p\">\u00a0<strong>C\u00f4ng th\u1ee9c \u0111\u00edch th\u1ef1c<\/strong>: B\u00e1nh m\u00ec truy\u1ec1n th\u1ed1ng c\u1ee7a Nga v\u1edbi h\u01b0\u01a1ng v\u1ecb \u0111\u1ecba ph\u01b0\u01a1ng T\u00e2n C\u01b0\u01a1ng<\/section>\n<\/li>\n<li class=\"ybc-li-component ybc-li-component_ul\">\n<section class=\"ybc-p\">\u00a0<strong>\u0110\u01b0\u1ee3c g\u00f3i ri\u00eang l\u1ebb<\/strong>: \u0110\u1ea3m b\u1ea3o \u0111\u1ed9 t\u01b0\u01a1i ngon v\u00e0 ti\u1ec7n l\u1ee3i<\/section>\n<\/li>\n<\/ul>","protected":false},"excerpt":{"rendered":"<p>Kh\u00e1m ph\u00e1 h\u01b0\u01a1ng v\u1ecb \u0111\u00edch th\u1ef1c c\u1ee7a T\u00e2n C\u01b0\u01a1ng v\u1edbi B\u00e1nh m\u00ec Nga nh\u00e2n h\u1ea1t Nanda - s\u1ef1 k\u1ebft h\u1ee3p ho\u00e0n h\u1ea3o gi\u1eefa tay ngh\u1ec1 th\u1ee7 c\u00f4ng truy\u1ec1n th\u1ed1ng v\u00e0 nguy\u00ean li\u1ec7u t\u1ef1 nhi\u00ean. M\u1ed7i \u1ed5 b\u00e1nh m\u00ec m\u1ec1m m\u1ea1i, d\u00e0y d\u1eb7n \u0111\u01b0\u1ee3c nh\u1ed3i nh\u00e2n \u0111\u1ea7y \u0111\u1eb7n.<span class=\"excerpt-hellip\"> [\u2026]<\/span><\/p>","protected":false},"featured_media":890,"comment_status":"open","ping_status":"closed","template":"","meta":[],"product_brand":[62],"product_cat":[61],"product_tag":[],"class_list":{"0":"post-889","1":"product","2":"type-product","3":"status-publish","4":"has-post-thumbnail","6":"product_brand-62","7":"product_cat-da_jiang_you_li","9":"first","10":"instock","11":"shipping-taxable","12":"product-type-simple"},"yoast_head":"<!-- This site is optimized with the Yoast SEO Premium plugin v25.8 (Yoast SEO v25.8) - https:\/\/yoast.com\/wordpress\/plugins\/seo\/ -->\n<title>Kashi Xinjiang Nut Small Lieba Gift Box 100g x 8 Bags - Jiushidao - Global Food Marketplace for Business Growth and Cosumers<\/title>\n<meta name=\"robots\" content=\"index, follow, max-snippet:-1, max-image-preview:large, max-video-preview:-1\" \/>\n<link rel=\"canonical\" href=\"https:\/\/jiushidao.com\/vi\/san-pham\/kashi-xinjiang-nut-small-lieba-gift-box-100g-x-8-bags\/\" \/>\n<meta property=\"og:locale\" content=\"vi_VN\" \/>\n<meta property=\"og:type\" content=\"article\" \/>\n<meta property=\"og:title\" content=\"Kashi Xinjiang Nut Small Lieba Gift Box 100g x 8 Bags\" \/>\n<meta property=\"og:description\" content=\"Discover the authentic taste of Xinjiang with Nanda\u2019s Nut-Filled Russian Bread\u2014a perfect blend of traditional craftsmanship and natural ingredients. Each soft, dense loaf is generously stuffed [\u2026]\" \/>\n<meta property=\"og:url\" content=\"https:\/\/jiushidao.com\/vi\/san-pham\/kashi-xinjiang-nut-small-lieba-gift-box-100g-x-8-bags\/\" \/>\n<meta property=\"og:site_name\" content=\"Jiushidao - Global Food Marketplace for Business Growth and Cosumers\" \/>\n<meta property=\"article:modified_time\" content=\"2025-10-31T04:12:58+00:00\" \/>\n<meta property=\"og:image\" content=\"https:\/\/jiushidao.com\/wp-content\/uploads\/2025\/10\/\u56fe\u724710-1.png\" \/>\n\t<meta property=\"og:image:width\" content=\"800\" \/>\n\t<meta property=\"og:image:height\" content=\"800\" \/>\n\t<meta property=\"og:image:type\" content=\"image\/png\" \/>\n<meta name=\"twitter:card\" content=\"summary_large_image\" \/>\n<meta name=\"twitter:label1\" content=\"\u01af\u1edbc t\u00ednh th\u1eddi gian \u0111\u1ecdc\" \/>\n\t<meta name=\"twitter:data1\" content=\"1 ph\u00fat\" \/>\n<script type=\"application\/ld+json\" class=\"yoast-schema-graph\">{\"@context\":\"https:\/\/schema.org\",\"@graph\":[{\"@type\":\"WebPage\",\"@id\":\"https:\/\/jiushidao.com\/product\/kashi-xinjiang-nut-small-lieba-gift-box-100g-x-8-bags\/\",\"url\":\"https:\/\/jiushidao.com\/product\/kashi-xinjiang-nut-small-lieba-gift-box-100g-x-8-bags\/\",\"name\":\"Kashi Xinjiang Nut Small Lieba Gift Box 100g x 8 Bags - Jiushidao - Global Food Marketplace for Business Growth and Cosumers\",\"isPartOf\":{\"@id\":\"https:\/\/jiushidao.com\/#website\"},\"primaryImageOfPage\":{\"@id\":\"https:\/\/jiushidao.com\/product\/kashi-xinjiang-nut-small-lieba-gift-box-100g-x-8-bags\/#primaryimage\"},\"image\":{\"@id\":\"https:\/\/jiushidao.com\/product\/kashi-xinjiang-nut-small-lieba-gift-box-100g-x-8-bags\/#primaryimage\"},\"thumbnailUrl\":\"https:\/\/jiushidao.com\/wp-content\/uploads\/2025\/10\/\u56fe\u724710-1.png\",\"datePublished\":\"2025-10-31T04:12:57+00:00\",\"dateModified\":\"2025-10-31T04:12:58+00:00\",\"breadcrumb\":{\"@id\":\"https:\/\/jiushidao.com\/product\/kashi-xinjiang-nut-small-lieba-gift-box-100g-x-8-bags\/#breadcrumb\"},\"inLanguage\":\"vi\",\"potentialAction\":[{\"@type\":\"ReadAction\",\"target\":[\"https:\/\/jiushidao.com\/product\/kashi-xinjiang-nut-small-lieba-gift-box-100g-x-8-bags\/\"]}]},{\"@type\":\"ImageObject\",\"inLanguage\":\"vi\",\"@id\":\"https:\/\/jiushidao.com\/product\/kashi-xinjiang-nut-small-lieba-gift-box-100g-x-8-bags\/#primaryimage\",\"url\":\"https:\/\/jiushidao.com\/wp-content\/uploads\/2025\/10\/\u56fe\u724710-1.png\",\"contentUrl\":\"https:\/\/jiushidao.com\/wp-content\/uploads\/2025\/10\/\u56fe\u724710-1.png\",\"width\":800,\"height\":800},{\"@type\":\"BreadcrumbList\",\"@id\":\"https:\/\/jiushidao.com\/product\/kashi-xinjiang-nut-small-lieba-gift-box-100g-x-8-bags\/#breadcrumb\",\"itemListElement\":[{\"@type\":\"ListItem\",\"position\":1,\"name\":\"Home\",\"item\":\"https:\/\/jiushidao.com\/\"},{\"@type\":\"ListItem\",\"position\":2,\"name\":\"Store\",\"item\":\"https:\/\/jiushidao.com\/store\/\"},{\"@type\":\"ListItem\",\"position\":3,\"name\":\"Kashi Xinjiang Nut Small Lieba Gift Box 100g x 8 Bags\"}]},{\"@type\":\"WebSite\",\"@id\":\"https:\/\/jiushidao.com\/#website\",\"url\":\"https:\/\/jiushidao.com\/\",\"name\":\"Jiushidao - Global Food Marketplace for Business Growth and Cosumers\",\"description\":\"Jiushidao - Global Food Marketplace for Business Growth and Cosumers\",\"potentialAction\":[{\"@type\":\"SearchAction\",\"target\":{\"@type\":\"EntryPoint\",\"urlTemplate\":\"https:\/\/jiushidao.com\/?s={search_term_string}\"},\"query-input\":{\"@type\":\"PropertyValueSpecification\",\"valueRequired\":true,\"valueName\":\"search_term_string\"}}],\"inLanguage\":\"vi\"}]}<\/script>\n<!-- \/ Yoast SEO Premium plugin. -->","yoast_head_json":{"title":"Kashi Xinjiang Nut Small Lieba Gift Box 100g x 8 Bags - Jiushidao - Global Food Marketplace for Business Growth and Cosumers","robots":{"index":"index","follow":"follow","max-snippet":"max-snippet:-1","max-image-preview":"max-image-preview:large","max-video-preview":"max-video-preview:-1"},"canonical":"https:\/\/jiushidao.com\/vi\/san-pham\/kashi-xinjiang-nut-small-lieba-gift-box-100g-x-8-bags\/","og_locale":"vi_VN","og_type":"article","og_title":"Kashi Xinjiang Nut Small Lieba Gift Box 100g x 8 Bags","og_description":"Discover the authentic taste of Xinjiang with Nanda\u2019s Nut-Filled Russian Bread\u2014a perfect blend of traditional craftsmanship and natural ingredients. Each soft, dense loaf is generously stuffed [\u2026]","og_url":"https:\/\/jiushidao.com\/vi\/san-pham\/kashi-xinjiang-nut-small-lieba-gift-box-100g-x-8-bags\/","og_site_name":"Jiushidao - Global Food Marketplace for Business Growth and Cosumers","article_modified_time":"2025-10-31T04:12:58+00:00","og_image":[{"width":800,"height":800,"url":"https:\/\/jiushidao.com\/wp-content\/uploads\/2025\/10\/\u56fe\u724710-1.png","type":"image\/png"}],"twitter_card":"summary_large_image","twitter_misc":{"\u01af\u1edbc t\u00ednh th\u1eddi gian \u0111\u1ecdc":"1 ph\u00fat"},"schema":{"@context":"https:\/\/schema.org","@graph":[{"@type":"WebPage","@id":"https:\/\/jiushidao.com\/product\/kashi-xinjiang-nut-small-lieba-gift-box-100g-x-8-bags\/","url":"https:\/\/jiushidao.com\/product\/kashi-xinjiang-nut-small-lieba-gift-box-100g-x-8-bags\/","name":"Kashi Xinjiang Nut Small Lieba Gift Box 100g x 8 Bags - Jiushidao - Global Food Marketplace for Business Growth and Cosumers","isPartOf":{"@id":"https:\/\/jiushidao.com\/#website"},"primaryImageOfPage":{"@id":"https:\/\/jiushidao.com\/product\/kashi-xinjiang-nut-small-lieba-gift-box-100g-x-8-bags\/#primaryimage"},"image":{"@id":"https:\/\/jiushidao.com\/product\/kashi-xinjiang-nut-small-lieba-gift-box-100g-x-8-bags\/#primaryimage"},"thumbnailUrl":"https:\/\/jiushidao.com\/wp-content\/uploads\/2025\/10\/\u56fe\u724710-1.png","datePublished":"2025-10-31T04:12:57+00:00","dateModified":"2025-10-31T04:12:58+00:00","breadcrumb":{"@id":"https:\/\/jiushidao.com\/product\/kashi-xinjiang-nut-small-lieba-gift-box-100g-x-8-bags\/#breadcrumb"},"inLanguage":"vi","potentialAction":[{"@type":"ReadAction","target":["https:\/\/jiushidao.com\/product\/kashi-xinjiang-nut-small-lieba-gift-box-100g-x-8-bags\/"]}]},{"@type":"ImageObject","inLanguage":"vi","@id":"https:\/\/jiushidao.com\/product\/kashi-xinjiang-nut-small-lieba-gift-box-100g-x-8-bags\/#primaryimage","url":"https:\/\/jiushidao.com\/wp-content\/uploads\/2025\/10\/\u56fe\u724710-1.png","contentUrl":"https:\/\/jiushidao.com\/wp-content\/uploads\/2025\/10\/\u56fe\u724710-1.png","width":800,"height":800},{"@type":"BreadcrumbList","@id":"https:\/\/jiushidao.com\/product\/kashi-xinjiang-nut-small-lieba-gift-box-100g-x-8-bags\/#breadcrumb","itemListElement":[{"@type":"ListItem","position":1,"name":"Home","item":"https:\/\/jiushidao.com\/"},{"@type":"ListItem","position":2,"name":"Store","item":"https:\/\/jiushidao.com\/store\/"},{"@type":"ListItem","position":3,"name":"Kashi Xinjiang Nut Small Lieba Gift Box 100g x 8 Bags"}]},{"@type":"WebSite","@id":"https:\/\/jiushidao.com\/#website","url":"https:\/\/jiushidao.com\/","name":"Jiushidao - Global Food Marketplace for Business Growth and Cosumers","description":"Jiushidao - Global Food Marketplace for Business Growth and Cosumers","potentialAction":[{"@type":"SearchAction","target":{"@type":"EntryPoint","urlTemplate":"https:\/\/jiushidao.com\/?s={search_term_string}"},"query-input":{"@type":"PropertyValueSpecification","valueRequired":true,"valueName":"search_term_string"}}],"inLanguage":"vi"}]}},"_links":{"self":[{"href":"https:\/\/jiushidao.com\/vi\/wp-json\/wp\/v2\/product\/889","targetHints":{"allow":["GET"]}}],"collection":[{"href":"https:\/\/jiushidao.com\/vi\/wp-json\/wp\/v2\/product"}],"about":[{"href":"https:\/\/jiushidao.com\/vi\/wp-json\/wp\/v2\/types\/product"}],"replies":[{"embeddable":true,"href":"https:\/\/jiushidao.com\/vi\/wp-json\/wp\/v2\/comments?post=889"}],"version-history":[{"count":1,"href":"https:\/\/jiushidao.com\/vi\/wp-json\/wp\/v2\/product\/889\/revisions"}],"predecessor-version":[{"id":891,"href":"https:\/\/jiushidao.com\/vi\/wp-json\/wp\/v2\/product\/889\/revisions\/891"}],"wp:featuredmedia":[{"embeddable":true,"href":"https:\/\/jiushidao.com\/vi\/wp-json\/wp\/v2\/media\/890"}],"wp:attachment":[{"href":"https:\/\/jiushidao.com\/vi\/wp-json\/wp\/v2\/media?parent=889"}],"wp:term":[{"taxonomy":"product_brand","embeddable":true,"href":"https:\/\/jiushidao.com\/vi\/wp-json\/wp\/v2\/product_brand?post=889"},{"taxonomy":"product_cat","embeddable":true,"href":"https:\/\/jiushidao.com\/vi\/wp-json\/wp\/v2\/product_cat?post=889"},{"taxonomy":"product_tag","embeddable":true,"href":"https:\/\/jiushidao.com\/vi\/wp-json\/wp\/v2\/product_tag?post=889"}],"curies":[{"name":"wp","href":"https:\/\/api.w.org\/{rel}","templated":true}]}}