{"id":886,"date":"2025-10-31T04:08:57","date_gmt":"2025-10-31T04:08:57","guid":{"rendered":"https:\/\/jiushidao.com\/?post_type=product&#038;p=886"},"modified":"2025-10-31T04:08:58","modified_gmt":"2025-10-31T04:08:58","slug":"kashi-milk-naan-bread-1kg","status":"publish","type":"product","link":"https:\/\/jiushidao.com\/vi\/san-pham\/kashi-milk-naan-bread-1kg\/","title":{"rendered":"B\u00e1nh m\u00ec Naan s\u1eefa Kashi 1kg"},"content":{"rendered":"<section class=\"ybc-p\">Tr\u1ea3i nghi\u1ec7m h\u01b0\u01a1ng v\u1ecb \u0111\u00edch th\u1ef1c c\u1ee7a T\u00e2n C\u01b0\u01a1ng v\u1edbi b\u00e1nh m\u00ec Nandu Milk Naan - lo\u1ea1i b\u00e1nh m\u00ec d\u1eb9t truy\u1ec1n th\u1ed1ng \u0111\u01b0\u1ee3c l\u00e0m t\u1eeb nhi\u1ec1u th\u1ebf h\u1ec7 th\u1ee7 c\u00f4ng. M\u1ed7i chi\u1ebfc b\u00e1nh \u0111\u01b0\u1ee3c l\u00e0m t\u1eeb\u00a0<strong>L\u00faa m\u00ec m\u00f9a \u0111\u00f4ng Kashgar<\/strong>, \u0111\u01b0\u1ee3c \u1ee7 ch\u00edn trong ch\u00edn th\u00e1ng d\u01b0\u1edbi \u00e1nh n\u1eafng m\u1eb7t tr\u1eddi v\u00f9ng cao \u0111\u1ec3 t\u1ea1o n\u00ean h\u01b0\u01a1ng th\u01a1m \u0111\u1eb7c tr\u01b0ng, l\u00e0nh m\u1ea1nh. Ch\u00fang t\u00f4i pha tr\u1ed9n lo\u1ea1i l\u00faa m\u00ec h\u1ea3o h\u1ea1ng n\u00e0y v\u1edbi\u00a0<strong>S\u1eefa t\u01b0\u01a1i nguy\u00ean ch\u1ea5t 100%<\/strong>t\u1eeb nh\u1eefng \u0111\u1ed3ng c\u1ecf b\u0103ng gi\u00e1 nguy\u00ean s\u01a1 c\u1ee7a Nandu, t\u1ea1o n\u00ean lo\u1ea1i b\u00e1nh naan m\u1ec1m, th\u01a1m mang h\u01b0\u01a1ng v\u1ecb \u0111\u00edch th\u1ef1c c\u1ee7a qu\u00ea h\u01b0\u01a1ng.<\/section>\n<section class=\"ybc-p\">\u0110\u01b0\u1ee3c \u0111\u00f3ng g\u00f3i trong h\u1ed9p 1kg, m\u1ed7i ph\u1ea7n \u0111\u01b0\u1ee3c g\u00f3i ri\u00eang, b\u00e1nh naan s\u1eefa n\u00e0y ho\u00e0n h\u1ea3o cho b\u1eefa s\u00e1ng, b\u1eefa \u0103n nh\u1eb9, ho\u1eb7c d\u00f9ng k\u00e8m v\u1edbi c\u00e1c b\u1eefa \u0103n ch\u00ednh. D\u00f9 \u0103n kh\u00f4ng hay d\u00f9ng k\u00e8m v\u1edbi tr\u00e0, s\u00fap, hay n\u01b0\u1edbc ch\u1ea5m, b\u00e1nh naan s\u1eefa n\u00e0y \u0111\u1ec1u mang \u0111\u1ebfn cho b\u1ea1n m\u1ed9t ph\u1ea7n truy\u1ec1n th\u1ed1ng \u1ea9m th\u1ef1c phong ph\u00fa c\u1ee7a T\u00e2n C\u01b0\u01a1ng.<\/section>\n<hr \/>\n<section class=\"ybc-p\"><strong>C\u00e1c t\u00ednh n\u0103ng ch\u00ednh<\/strong><\/section>\n<ul class=\"ybc-ul-component\">\n<li class=\"ybc-li-component ybc-li-component_ul\">\n<section class=\"ybc-p\">\u00a0<strong>L\u00faa m\u00ec m\u00f9a \u0111\u00f4ng Kashgar<\/strong>: \u0110\u01b0\u1ee3c \u1ee7 ch\u1eadm trong h\u01a1n 9 th\u00e1ng \u0111\u1ec3 c\u00f3 h\u01b0\u01a1ng th\u01a1m v\u00e0 k\u1ebft c\u1ea5u \u0111\u1ed9c \u0111\u00e1o<\/section>\n<\/li>\n<li class=\"ybc-li-component ybc-li-component_ul\">\n<section class=\"ybc-p\">\u00a0<strong>S\u1eefa b\u0103ng 100%<\/strong>: C\u00f3 ngu\u1ed3n g\u1ed1c t\u1eeb \u0111\u1ed3ng c\u1ecf cao nguy\u00ean kh\u00f4ng \u00f4 nhi\u1ec5m c\u1ee7a Nandu<\/section>\n<\/li>\n<li class=\"ybc-li-component ybc-li-component_ul\">\n<section class=\"ybc-p\">\u00a0<strong>C\u00f4ng th\u1ee9c truy\u1ec1n th\u1ed1ng<\/strong>: B\u00e1nh naan m\u1ec1m, th\u01a1m v\u1edbi v\u1ecb ng\u1ecdt t\u1ef1 nhi\u00ean c\u1ee7a s\u1eefa<\/section>\n<\/li>\n<li class=\"ybc-li-component ybc-li-component_ul\">\n<section class=\"ybc-p\">\u00a0<strong>G\u00f3i 1kg ti\u1ec7n l\u1ee3i<\/strong>: \u0110\u01b0\u1ee3c \u0111\u00f3ng g\u00f3i ri\u00eang \u0111\u1ec3 gi\u1eef \u0111\u1ed9 t\u01b0\u01a1i v\u00e0 d\u1ec5 d\u00e0ng chia s\u1ebb<\/section>\n<\/li>\n<li class=\"ybc-li-component ybc-li-component_ul\">\n<section class=\"ybc-p\">\u00a0<strong>Ngu\u1ed3n g\u1ed1c T\u00e2n C\u01b0\u01a1ng \u0111\u00edch th\u1ef1c<\/strong>: \u0110\u01b0\u1ee3c s\u1ea3n xu\u1ea5t t\u1ea1i Kashgar, s\u1eed d\u1ee5ng nguy\u00ean li\u1ec7u c\u00f3 ngu\u1ed3n g\u1ed1c \u0111\u1ecba ph\u01b0\u01a1ng<\/section>\n<\/li>\n<\/ul>","protected":false},"excerpt":{"rendered":"<p>Tr\u1ea3i nghi\u1ec7m h\u01b0\u01a1ng v\u1ecb \u0111\u00edch th\u1ef1c c\u1ee7a T\u00e2n C\u01b0\u01a1ng v\u1edbi b\u00e1nh m\u00ec Nandu Milk Naan - lo\u1ea1i b\u00e1nh m\u00ec d\u1eb9t truy\u1ec1n th\u1ed1ng \u0111\u01b0\u1ee3c l\u00e0m t\u1eeb nhi\u1ec1u th\u1ebf h\u1ec7 th\u1ee7 c\u00f4ng. M\u1ed7i chi\u1ebfc b\u00e1nh \u0111\u01b0\u1ee3c l\u00e0m t\u1eeb l\u00faa m\u00ec m\u00f9a \u0111\u00f4ng Kashgar, \u1ee7 qua nhi\u1ec1u th\u1ebf h\u1ec7.<span class=\"excerpt-hellip\"> [\u2026]<\/span><\/p>","protected":false},"featured_media":887,"comment_status":"open","ping_status":"closed","template":"","meta":[],"product_brand":[62],"product_cat":[61],"product_tag":[],"class_list":{"0":"post-886","1":"product","2":"type-product","3":"status-publish","4":"has-post-thumbnail","6":"product_brand-62","7":"product_cat-da_jiang_you_li","9":"first","10":"instock","11":"shipping-taxable","12":"product-type-simple"},"yoast_head":"<!-- This site is optimized with the Yoast SEO Premium plugin v25.8 (Yoast SEO v25.8) - https:\/\/yoast.com\/wordpress\/plugins\/seo\/ -->\n<title>Kashi Milk Naan Bread 1kg - Jiushidao - Global Food Marketplace for Business Growth and Cosumers<\/title>\n<meta name=\"robots\" content=\"index, follow, max-snippet:-1, max-image-preview:large, max-video-preview:-1\" \/>\n<link rel=\"canonical\" href=\"https:\/\/jiushidao.com\/vi\/san-pham\/kashi-milk-naan-bread-1kg\/\" \/>\n<meta property=\"og:locale\" content=\"vi_VN\" \/>\n<meta property=\"og:type\" content=\"article\" \/>\n<meta property=\"og:title\" content=\"Kashi Milk Naan Bread 1kg\" \/>\n<meta property=\"og:description\" content=\"Experience the authentic flavor of Xinjiang with Nandu Milk Naan\u2014a traditional flatbread baked with generations of craftsmanship. Each piece is made from\u00a0Kashgar winter wheat, matured over [\u2026]\" \/>\n<meta property=\"og:url\" content=\"https:\/\/jiushidao.com\/vi\/san-pham\/kashi-milk-naan-bread-1kg\/\" \/>\n<meta property=\"og:site_name\" content=\"Jiushidao - Global Food Marketplace for Business Growth and Cosumers\" \/>\n<meta property=\"article:modified_time\" content=\"2025-10-31T04:08:58+00:00\" \/>\n<meta property=\"og:image\" content=\"https:\/\/jiushidao.com\/wp-content\/uploads\/2025\/10\/\u56fe\u72479.png\" \/>\n\t<meta property=\"og:image:width\" content=\"800\" \/>\n\t<meta property=\"og:image:height\" content=\"800\" \/>\n\t<meta property=\"og:image:type\" content=\"image\/png\" \/>\n<meta name=\"twitter:card\" content=\"summary_large_image\" \/>\n<meta name=\"twitter:label1\" content=\"\u01af\u1edbc t\u00ednh th\u1eddi gian \u0111\u1ecdc\" \/>\n\t<meta name=\"twitter:data1\" content=\"1 ph\u00fat\" \/>\n<script type=\"application\/ld+json\" class=\"yoast-schema-graph\">{\"@context\":\"https:\/\/schema.org\",\"@graph\":[{\"@type\":\"WebPage\",\"@id\":\"https:\/\/jiushidao.com\/product\/kashi-milk-naan-bread-1kg\/\",\"url\":\"https:\/\/jiushidao.com\/product\/kashi-milk-naan-bread-1kg\/\",\"name\":\"Kashi Milk Naan Bread 1kg - Jiushidao - Global Food Marketplace for Business Growth and Cosumers\",\"isPartOf\":{\"@id\":\"https:\/\/jiushidao.com\/#website\"},\"primaryImageOfPage\":{\"@id\":\"https:\/\/jiushidao.com\/product\/kashi-milk-naan-bread-1kg\/#primaryimage\"},\"image\":{\"@id\":\"https:\/\/jiushidao.com\/product\/kashi-milk-naan-bread-1kg\/#primaryimage\"},\"thumbnailUrl\":\"https:\/\/jiushidao.com\/wp-content\/uploads\/2025\/10\/\u56fe\u72479.png\",\"datePublished\":\"2025-10-31T04:08:57+00:00\",\"dateModified\":\"2025-10-31T04:08:58+00:00\",\"breadcrumb\":{\"@id\":\"https:\/\/jiushidao.com\/product\/kashi-milk-naan-bread-1kg\/#breadcrumb\"},\"inLanguage\":\"vi\",\"potentialAction\":[{\"@type\":\"ReadAction\",\"target\":[\"https:\/\/jiushidao.com\/product\/kashi-milk-naan-bread-1kg\/\"]}]},{\"@type\":\"ImageObject\",\"inLanguage\":\"vi\",\"@id\":\"https:\/\/jiushidao.com\/product\/kashi-milk-naan-bread-1kg\/#primaryimage\",\"url\":\"https:\/\/jiushidao.com\/wp-content\/uploads\/2025\/10\/\u56fe\u72479.png\",\"contentUrl\":\"https:\/\/jiushidao.com\/wp-content\/uploads\/2025\/10\/\u56fe\u72479.png\",\"width\":800,\"height\":800},{\"@type\":\"BreadcrumbList\",\"@id\":\"https:\/\/jiushidao.com\/product\/kashi-milk-naan-bread-1kg\/#breadcrumb\",\"itemListElement\":[{\"@type\":\"ListItem\",\"position\":1,\"name\":\"Home\",\"item\":\"https:\/\/jiushidao.com\/\"},{\"@type\":\"ListItem\",\"position\":2,\"name\":\"Store\",\"item\":\"https:\/\/jiushidao.com\/store\/\"},{\"@type\":\"ListItem\",\"position\":3,\"name\":\"Kashi Milk Naan Bread 1kg\"}]},{\"@type\":\"WebSite\",\"@id\":\"https:\/\/jiushidao.com\/#website\",\"url\":\"https:\/\/jiushidao.com\/\",\"name\":\"Jiushidao - Global Food Marketplace for Business Growth and Cosumers\",\"description\":\"Jiushidao - Global Food Marketplace for Business Growth and Cosumers\",\"potentialAction\":[{\"@type\":\"SearchAction\",\"target\":{\"@type\":\"EntryPoint\",\"urlTemplate\":\"https:\/\/jiushidao.com\/?s={search_term_string}\"},\"query-input\":{\"@type\":\"PropertyValueSpecification\",\"valueRequired\":true,\"valueName\":\"search_term_string\"}}],\"inLanguage\":\"vi\"}]}<\/script>\n<!-- \/ Yoast SEO Premium plugin. -->","yoast_head_json":{"title":"Kashi Milk Naan Bread 1kg - Jiushidao - Global Food Marketplace for Business Growth and Cosumers","robots":{"index":"index","follow":"follow","max-snippet":"max-snippet:-1","max-image-preview":"max-image-preview:large","max-video-preview":"max-video-preview:-1"},"canonical":"https:\/\/jiushidao.com\/vi\/san-pham\/kashi-milk-naan-bread-1kg\/","og_locale":"vi_VN","og_type":"article","og_title":"Kashi Milk Naan Bread 1kg","og_description":"Experience the authentic flavor of Xinjiang with Nandu Milk Naan\u2014a traditional flatbread baked with generations of craftsmanship. Each piece is made from\u00a0Kashgar winter wheat, matured over [\u2026]","og_url":"https:\/\/jiushidao.com\/vi\/san-pham\/kashi-milk-naan-bread-1kg\/","og_site_name":"Jiushidao - Global Food Marketplace for Business Growth and Cosumers","article_modified_time":"2025-10-31T04:08:58+00:00","og_image":[{"width":800,"height":800,"url":"https:\/\/jiushidao.com\/wp-content\/uploads\/2025\/10\/\u56fe\u72479.png","type":"image\/png"}],"twitter_card":"summary_large_image","twitter_misc":{"\u01af\u1edbc t\u00ednh th\u1eddi gian \u0111\u1ecdc":"1 ph\u00fat"},"schema":{"@context":"https:\/\/schema.org","@graph":[{"@type":"WebPage","@id":"https:\/\/jiushidao.com\/product\/kashi-milk-naan-bread-1kg\/","url":"https:\/\/jiushidao.com\/product\/kashi-milk-naan-bread-1kg\/","name":"Kashi Milk Naan Bread 1kg - Jiushidao - Global Food Marketplace for Business Growth and Cosumers","isPartOf":{"@id":"https:\/\/jiushidao.com\/#website"},"primaryImageOfPage":{"@id":"https:\/\/jiushidao.com\/product\/kashi-milk-naan-bread-1kg\/#primaryimage"},"image":{"@id":"https:\/\/jiushidao.com\/product\/kashi-milk-naan-bread-1kg\/#primaryimage"},"thumbnailUrl":"https:\/\/jiushidao.com\/wp-content\/uploads\/2025\/10\/\u56fe\u72479.png","datePublished":"2025-10-31T04:08:57+00:00","dateModified":"2025-10-31T04:08:58+00:00","breadcrumb":{"@id":"https:\/\/jiushidao.com\/product\/kashi-milk-naan-bread-1kg\/#breadcrumb"},"inLanguage":"vi","potentialAction":[{"@type":"ReadAction","target":["https:\/\/jiushidao.com\/product\/kashi-milk-naan-bread-1kg\/"]}]},{"@type":"ImageObject","inLanguage":"vi","@id":"https:\/\/jiushidao.com\/product\/kashi-milk-naan-bread-1kg\/#primaryimage","url":"https:\/\/jiushidao.com\/wp-content\/uploads\/2025\/10\/\u56fe\u72479.png","contentUrl":"https:\/\/jiushidao.com\/wp-content\/uploads\/2025\/10\/\u56fe\u72479.png","width":800,"height":800},{"@type":"BreadcrumbList","@id":"https:\/\/jiushidao.com\/product\/kashi-milk-naan-bread-1kg\/#breadcrumb","itemListElement":[{"@type":"ListItem","position":1,"name":"Home","item":"https:\/\/jiushidao.com\/"},{"@type":"ListItem","position":2,"name":"Store","item":"https:\/\/jiushidao.com\/store\/"},{"@type":"ListItem","position":3,"name":"Kashi Milk Naan Bread 1kg"}]},{"@type":"WebSite","@id":"https:\/\/jiushidao.com\/#website","url":"https:\/\/jiushidao.com\/","name":"Jiushidao - Global Food Marketplace for Business Growth and Cosumers","description":"Jiushidao - Global Food Marketplace for Business Growth and Cosumers","potentialAction":[{"@type":"SearchAction","target":{"@type":"EntryPoint","urlTemplate":"https:\/\/jiushidao.com\/?s={search_term_string}"},"query-input":{"@type":"PropertyValueSpecification","valueRequired":true,"valueName":"search_term_string"}}],"inLanguage":"vi"}]}},"_links":{"self":[{"href":"https:\/\/jiushidao.com\/vi\/wp-json\/wp\/v2\/product\/886","targetHints":{"allow":["GET"]}}],"collection":[{"href":"https:\/\/jiushidao.com\/vi\/wp-json\/wp\/v2\/product"}],"about":[{"href":"https:\/\/jiushidao.com\/vi\/wp-json\/wp\/v2\/types\/product"}],"replies":[{"embeddable":true,"href":"https:\/\/jiushidao.com\/vi\/wp-json\/wp\/v2\/comments?post=886"}],"version-history":[{"count":1,"href":"https:\/\/jiushidao.com\/vi\/wp-json\/wp\/v2\/product\/886\/revisions"}],"predecessor-version":[{"id":888,"href":"https:\/\/jiushidao.com\/vi\/wp-json\/wp\/v2\/product\/886\/revisions\/888"}],"wp:featuredmedia":[{"embeddable":true,"href":"https:\/\/jiushidao.com\/vi\/wp-json\/wp\/v2\/media\/887"}],"wp:attachment":[{"href":"https:\/\/jiushidao.com\/vi\/wp-json\/wp\/v2\/media?parent=886"}],"wp:term":[{"taxonomy":"product_brand","embeddable":true,"href":"https:\/\/jiushidao.com\/vi\/wp-json\/wp\/v2\/product_brand?post=886"},{"taxonomy":"product_cat","embeddable":true,"href":"https:\/\/jiushidao.com\/vi\/wp-json\/wp\/v2\/product_cat?post=886"},{"taxonomy":"product_tag","embeddable":true,"href":"https:\/\/jiushidao.com\/vi\/wp-json\/wp\/v2\/product_tag?post=886"}],"curies":[{"name":"wp","href":"https:\/\/api.w.org\/{rel}","templated":true}]}}