{"id":883,"date":"2025-10-31T04:05:41","date_gmt":"2025-10-31T04:05:41","guid":{"rendered":"https:\/\/jiushidao.com\/?post_type=product&#038;p=883"},"modified":"2025-10-31T04:05:42","modified_gmt":"2025-10-31T04:05:42","slug":"kashi-tomato-juice-1l-6-boxes-per-case","status":"publish","type":"product","link":"https:\/\/jiushidao.com\/vi\/san-pham\/kashi-tomato-juice-1l-6-boxes-per-case\/","title":{"rendered":"N\u01b0\u1edbc \u00e9p c\u00e0 chua Kashi 1L (6 h\u1ed9p\/th\u00f9ng)"},"content":{"rendered":"<section class=\"ybc-p\">Kh\u00e1m ph\u00e1 h\u01b0\u01a1ng v\u1ecb tinh khi\u1ebft c\u1ee7a c\u00e0 chua T\u00e2n C\u01b0\u01a1ng ng\u1eadp tr\u00e0n \u00e1nh n\u1eafng v\u1edbi n\u01b0\u1edbc \u00e9p c\u00e0 chua l\u00ean men probiotic c\u1ee7a Nanda Orchard. \u0110\u01b0\u1ee3c l\u00e0m t\u1eeb nh\u1eefng qu\u1ea3 c\u00e0 chua h\u1ea3o h\u1ea1ng \u0111\u01b0\u1ee3c tr\u1ed3ng d\u01b0\u1edbi \u00e1nh n\u1eafng m\u1eb7t tr\u1eddi 16 gi\u1edd m\u1ed7i ng\u00e0y t\u1ea1i Kashgar, T\u00e2n C\u01b0\u01a1ng, m\u1ed7i l\u00edt n\u01b0\u1edbc \u00e9p \u0111\u01b0\u1ee3c l\u00ean men t\u1ef1 nhi\u00ean v\u1edbi probiotic, mang \u0111\u1ebfn h\u01b0\u01a1ng v\u1ecb chua chua \u0111\u1eadm \u0111\u00e0\u2014<strong>kh\u00f4ng th\u00eam \u0111\u01b0\u1eddng, ch\u1ea5t t\u1ea1o ng\u1ecdt nh\u00e2n t\u1ea1o ho\u1eb7c ch\u1ea5t \u0111i\u1ec1u ch\u1ec9nh axit<\/strong>.<\/section>\n<section class=\"ybc-p\">\u0110\u01b0\u1ee3c ti\u1ec7t tr\u00f9ng l\u1ea1nh v\u00e0 \u0111\u00f3ng g\u00f3i b\u1eb1ng c\u00f4ng ngh\u1ec7 v\u00f4 tr\u00f9ng \u0111\u1ec3 gi\u1eef nguy\u00ean \u0111\u1ed9 t\u01b0\u01a1i ngon v\u00e0 d\u01b0\u1ee1ng ch\u1ea5t, th\u1ee9c u\u1ed1ng n\u00e0y mang \u0111\u1ebfn s\u1ef1 k\u1ebft h\u1ee3p ho\u00e0n h\u1ea3o gi\u1eefa h\u01b0\u01a1ng v\u1ecb c\u00e0 chua t\u1ef1 nhi\u00ean v\u00e0 l\u1ee3i khu\u1ea9n \u0111\u01b0\u1eddng ru\u1ed9t. L\u00fd t\u01b0\u1edfng cho nh\u1eefng ng\u01b0\u1eddi ti\u00eau d\u00f9ng quan t\u00e2m \u0111\u1ebfn s\u1ee9c kh\u1ecfe, \u0111ang t\u00ecm ki\u1ebfm m\u1ed9t th\u1ee9c u\u1ed1ng t\u01b0\u01a1i m\u00e1t, \u00edt calo, h\u1ed7 tr\u1ee3 ti\u00eau h\u00f3a v\u00e0 t\u0103ng c\u01b0\u1eddng s\u1ee9c kh\u1ecfe.<\/section>\n<hr \/>\n<h3><strong>C\u00e1c t\u00ednh n\u0103ng ch\u00ednh<\/strong><\/h3>\n<ul class=\"ybc-ul-component\">\n<li class=\"ybc-li-component ybc-li-component_ul\">\n<section class=\"ybc-p\">\u00a0<strong>0% \u0110\u01b0\u1eddng b\u1ed5 sung<\/strong>: Kh\u00f4ng c\u00f3 sucrose, \u0111\u01b0\u1eddng \u00edt b\u00e9o ho\u1eb7c ch\u1ea5t t\u1ea1o ng\u1ecdt nh\u00e2n t\u1ea1o<\/section>\n<\/li>\n<li class=\"ybc-li-component ybc-li-component_ul\">\n<section class=\"ybc-p\">\u00a0<strong>L\u00ean men Probiotic t\u1ef1 nhi\u00ean<\/strong>: T\u0103ng c\u01b0\u1eddng h\u01b0\u01a1ng v\u1ecb v\u00e0 h\u1ed7 tr\u1ee3 s\u1ee9c kh\u1ecfe \u0111\u01b0\u1eddng ru\u1ed9t<\/section>\n<\/li>\n<li class=\"ybc-li-component ybc-li-component_ul\">\n<section class=\"ybc-p\">\u00a0<strong>C\u00e0 chua T\u00e2n C\u01b0\u01a1ng cao c\u1ea5p<\/strong>: C\u00f3 ngu\u1ed3n g\u1ed1c t\u1eeb Kashgar v\u1edbi \u00e1nh s\u00e1ng m\u1eb7t tr\u1eddi 16 gi\u1edd m\u1ed7i ng\u00e0y<\/section>\n<\/li>\n<li class=\"ybc-li-component ybc-li-component_ul\">\n<section class=\"ybc-p\">\u00a0<strong>Chi\u1ebft r\u00f3t l\u1ea1nh v\u00f4 tr\u00f9ng<\/strong>: Gi\u1eef \u0111\u01b0\u1ee3c \u0111\u1ed9 t\u01b0\u01a1i ngon m\u00e0 kh\u00f4ng c\u1ea7n ch\u1ea5t b\u1ea3o qu\u1ea3n<\/section>\n<\/li>\n<li class=\"ybc-li-component ybc-li-component_ul\">\n<section class=\"ybc-p\">\u00a0<strong>G\u00f3i gia \u0111\u00ecnh s\u1ed1 l\u01b0\u1ee3ng l\u1edbn<\/strong>: 6 h\u1ed9p \u00d7 1L m\u1ed7i h\u1ed9p\u2014ho\u00e0n h\u1ea3o \u0111\u1ec3 s\u1eed d\u1ee5ng h\u00e0ng ng\u00e0y ho\u1eb7c chia s\u1ebb<\/section>\n<\/li>\n<\/ul>","protected":false},"excerpt":{"rendered":"<p>Kh\u00e1m ph\u00e1 h\u01b0\u01a1ng v\u1ecb tinh khi\u1ebft c\u1ee7a c\u00e0 chua T\u00e2n C\u01b0\u01a1ng ng\u1eadp tr\u00e0n \u00e1nh n\u1eafng v\u1edbi n\u01b0\u1edbc \u00e9p c\u00e0 chua l\u00ean men probiotic c\u1ee7a Nanda Orchard. \u0110\u01b0\u1ee3c l\u00e0m t\u1eeb nh\u1eefng qu\u1ea3 c\u00e0 chua h\u1ea3o h\u1ea1ng \u0111\u01b0\u1ee3c tr\u1ed3ng d\u01b0\u1edbi 16 gi\u1edd n\u1eafng m\u1ed7i ng\u00e0y t\u1ea1i...<span class=\"excerpt-hellip\"> [\u2026]<\/span><\/p>","protected":false},"featured_media":884,"comment_status":"open","ping_status":"closed","template":"","meta":[],"product_brand":[62],"product_cat":[61],"product_tag":[],"class_list":{"0":"post-883","1":"product","2":"type-product","3":"status-publish","4":"has-post-thumbnail","6":"product_brand-62","7":"product_cat-da_jiang_you_li","9":"first","10":"instock","11":"shipping-taxable","12":"product-type-simple"},"yoast_head":"<!-- This site is optimized with the Yoast SEO Premium plugin v25.8 (Yoast SEO v25.8) - https:\/\/yoast.com\/wordpress\/plugins\/seo\/ -->\n<title>Kashi Tomato Juice 1L (6 Boxes per Case) - Jiushidao - Global Food Marketplace for Business Growth and Cosumers<\/title>\n<meta name=\"robots\" content=\"index, follow, max-snippet:-1, max-image-preview:large, max-video-preview:-1\" \/>\n<link rel=\"canonical\" href=\"https:\/\/jiushidao.com\/vi\/san-pham\/kashi-tomato-juice-1l-6-boxes-per-case\/\" \/>\n<meta property=\"og:locale\" content=\"vi_VN\" \/>\n<meta property=\"og:type\" content=\"article\" \/>\n<meta property=\"og:title\" content=\"Kashi Tomato Juice 1L (6 Boxes per Case)\" \/>\n<meta property=\"og:description\" content=\"Discover the pure taste of Xinjiang\u2019s sun-kissed tomatoes with Nanda Orchard\u2019s probiotic-fermented tomato juice. Made from premium tomatoes grown under 16 hours of daily sunlight in [\u2026]\" \/>\n<meta property=\"og:url\" content=\"https:\/\/jiushidao.com\/vi\/san-pham\/kashi-tomato-juice-1l-6-boxes-per-case\/\" \/>\n<meta property=\"og:site_name\" content=\"Jiushidao - Global Food Marketplace for Business Growth and Cosumers\" \/>\n<meta property=\"article:modified_time\" content=\"2025-10-31T04:05:42+00:00\" \/>\n<meta property=\"og:image\" content=\"https:\/\/jiushidao.com\/wp-content\/uploads\/2025\/10\/\u56fe\u72478-1.png\" \/>\n\t<meta property=\"og:image:width\" content=\"800\" \/>\n\t<meta property=\"og:image:height\" content=\"800\" \/>\n\t<meta property=\"og:image:type\" content=\"image\/png\" \/>\n<meta name=\"twitter:card\" content=\"summary_large_image\" \/>\n<meta name=\"twitter:label1\" content=\"\u01af\u1edbc t\u00ednh th\u1eddi gian \u0111\u1ecdc\" \/>\n\t<meta name=\"twitter:data1\" content=\"1 ph\u00fat\" \/>\n<script type=\"application\/ld+json\" class=\"yoast-schema-graph\">{\"@context\":\"https:\/\/schema.org\",\"@graph\":[{\"@type\":\"WebPage\",\"@id\":\"https:\/\/jiushidao.com\/product\/kashi-tomato-juice-1l-6-boxes-per-case\/\",\"url\":\"https:\/\/jiushidao.com\/product\/kashi-tomato-juice-1l-6-boxes-per-case\/\",\"name\":\"Kashi Tomato Juice 1L (6 Boxes per Case) - Jiushidao - Global Food Marketplace for Business Growth and Cosumers\",\"isPartOf\":{\"@id\":\"https:\/\/jiushidao.com\/#website\"},\"primaryImageOfPage\":{\"@id\":\"https:\/\/jiushidao.com\/product\/kashi-tomato-juice-1l-6-boxes-per-case\/#primaryimage\"},\"image\":{\"@id\":\"https:\/\/jiushidao.com\/product\/kashi-tomato-juice-1l-6-boxes-per-case\/#primaryimage\"},\"thumbnailUrl\":\"https:\/\/jiushidao.com\/wp-content\/uploads\/2025\/10\/\u56fe\u72478-1.png\",\"datePublished\":\"2025-10-31T04:05:41+00:00\",\"dateModified\":\"2025-10-31T04:05:42+00:00\",\"breadcrumb\":{\"@id\":\"https:\/\/jiushidao.com\/product\/kashi-tomato-juice-1l-6-boxes-per-case\/#breadcrumb\"},\"inLanguage\":\"vi\",\"potentialAction\":[{\"@type\":\"ReadAction\",\"target\":[\"https:\/\/jiushidao.com\/product\/kashi-tomato-juice-1l-6-boxes-per-case\/\"]}]},{\"@type\":\"ImageObject\",\"inLanguage\":\"vi\",\"@id\":\"https:\/\/jiushidao.com\/product\/kashi-tomato-juice-1l-6-boxes-per-case\/#primaryimage\",\"url\":\"https:\/\/jiushidao.com\/wp-content\/uploads\/2025\/10\/\u56fe\u72478-1.png\",\"contentUrl\":\"https:\/\/jiushidao.com\/wp-content\/uploads\/2025\/10\/\u56fe\u72478-1.png\",\"width\":800,\"height\":800},{\"@type\":\"BreadcrumbList\",\"@id\":\"https:\/\/jiushidao.com\/product\/kashi-tomato-juice-1l-6-boxes-per-case\/#breadcrumb\",\"itemListElement\":[{\"@type\":\"ListItem\",\"position\":1,\"name\":\"Home\",\"item\":\"https:\/\/jiushidao.com\/\"},{\"@type\":\"ListItem\",\"position\":2,\"name\":\"Store\",\"item\":\"https:\/\/jiushidao.com\/store\/\"},{\"@type\":\"ListItem\",\"position\":3,\"name\":\"Kashi Tomato Juice 1L (6 Boxes per Case)\"}]},{\"@type\":\"WebSite\",\"@id\":\"https:\/\/jiushidao.com\/#website\",\"url\":\"https:\/\/jiushidao.com\/\",\"name\":\"Jiushidao - Global Food Marketplace for Business Growth and Cosumers\",\"description\":\"Jiushidao - Global Food Marketplace for Business Growth and Cosumers\",\"potentialAction\":[{\"@type\":\"SearchAction\",\"target\":{\"@type\":\"EntryPoint\",\"urlTemplate\":\"https:\/\/jiushidao.com\/?s={search_term_string}\"},\"query-input\":{\"@type\":\"PropertyValueSpecification\",\"valueRequired\":true,\"valueName\":\"search_term_string\"}}],\"inLanguage\":\"vi\"}]}<\/script>\n<!-- \/ Yoast SEO Premium plugin. -->","yoast_head_json":{"title":"Kashi Tomato Juice 1L (6 Boxes per Case) - Jiushidao - Global Food Marketplace for Business Growth and Cosumers","robots":{"index":"index","follow":"follow","max-snippet":"max-snippet:-1","max-image-preview":"max-image-preview:large","max-video-preview":"max-video-preview:-1"},"canonical":"https:\/\/jiushidao.com\/vi\/san-pham\/kashi-tomato-juice-1l-6-boxes-per-case\/","og_locale":"vi_VN","og_type":"article","og_title":"Kashi Tomato Juice 1L (6 Boxes per Case)","og_description":"Discover the pure taste of Xinjiang\u2019s sun-kissed tomatoes with Nanda Orchard\u2019s probiotic-fermented tomato juice. Made from premium tomatoes grown under 16 hours of daily sunlight in [\u2026]","og_url":"https:\/\/jiushidao.com\/vi\/san-pham\/kashi-tomato-juice-1l-6-boxes-per-case\/","og_site_name":"Jiushidao - Global Food Marketplace for Business Growth and Cosumers","article_modified_time":"2025-10-31T04:05:42+00:00","og_image":[{"width":800,"height":800,"url":"https:\/\/jiushidao.com\/wp-content\/uploads\/2025\/10\/\u56fe\u72478-1.png","type":"image\/png"}],"twitter_card":"summary_large_image","twitter_misc":{"\u01af\u1edbc t\u00ednh th\u1eddi gian \u0111\u1ecdc":"1 ph\u00fat"},"schema":{"@context":"https:\/\/schema.org","@graph":[{"@type":"WebPage","@id":"https:\/\/jiushidao.com\/product\/kashi-tomato-juice-1l-6-boxes-per-case\/","url":"https:\/\/jiushidao.com\/product\/kashi-tomato-juice-1l-6-boxes-per-case\/","name":"Kashi Tomato Juice 1L (6 Boxes per Case) - Jiushidao - Global Food Marketplace for Business Growth and Cosumers","isPartOf":{"@id":"https:\/\/jiushidao.com\/#website"},"primaryImageOfPage":{"@id":"https:\/\/jiushidao.com\/product\/kashi-tomato-juice-1l-6-boxes-per-case\/#primaryimage"},"image":{"@id":"https:\/\/jiushidao.com\/product\/kashi-tomato-juice-1l-6-boxes-per-case\/#primaryimage"},"thumbnailUrl":"https:\/\/jiushidao.com\/wp-content\/uploads\/2025\/10\/\u56fe\u72478-1.png","datePublished":"2025-10-31T04:05:41+00:00","dateModified":"2025-10-31T04:05:42+00:00","breadcrumb":{"@id":"https:\/\/jiushidao.com\/product\/kashi-tomato-juice-1l-6-boxes-per-case\/#breadcrumb"},"inLanguage":"vi","potentialAction":[{"@type":"ReadAction","target":["https:\/\/jiushidao.com\/product\/kashi-tomato-juice-1l-6-boxes-per-case\/"]}]},{"@type":"ImageObject","inLanguage":"vi","@id":"https:\/\/jiushidao.com\/product\/kashi-tomato-juice-1l-6-boxes-per-case\/#primaryimage","url":"https:\/\/jiushidao.com\/wp-content\/uploads\/2025\/10\/\u56fe\u72478-1.png","contentUrl":"https:\/\/jiushidao.com\/wp-content\/uploads\/2025\/10\/\u56fe\u72478-1.png","width":800,"height":800},{"@type":"BreadcrumbList","@id":"https:\/\/jiushidao.com\/product\/kashi-tomato-juice-1l-6-boxes-per-case\/#breadcrumb","itemListElement":[{"@type":"ListItem","position":1,"name":"Home","item":"https:\/\/jiushidao.com\/"},{"@type":"ListItem","position":2,"name":"Store","item":"https:\/\/jiushidao.com\/store\/"},{"@type":"ListItem","position":3,"name":"Kashi Tomato Juice 1L (6 Boxes per Case)"}]},{"@type":"WebSite","@id":"https:\/\/jiushidao.com\/#website","url":"https:\/\/jiushidao.com\/","name":"Jiushidao - Global Food Marketplace for Business Growth and Cosumers","description":"Jiushidao - Global Food Marketplace for Business Growth and Cosumers","potentialAction":[{"@type":"SearchAction","target":{"@type":"EntryPoint","urlTemplate":"https:\/\/jiushidao.com\/?s={search_term_string}"},"query-input":{"@type":"PropertyValueSpecification","valueRequired":true,"valueName":"search_term_string"}}],"inLanguage":"vi"}]}},"_links":{"self":[{"href":"https:\/\/jiushidao.com\/vi\/wp-json\/wp\/v2\/product\/883","targetHints":{"allow":["GET"]}}],"collection":[{"href":"https:\/\/jiushidao.com\/vi\/wp-json\/wp\/v2\/product"}],"about":[{"href":"https:\/\/jiushidao.com\/vi\/wp-json\/wp\/v2\/types\/product"}],"replies":[{"embeddable":true,"href":"https:\/\/jiushidao.com\/vi\/wp-json\/wp\/v2\/comments?post=883"}],"version-history":[{"count":1,"href":"https:\/\/jiushidao.com\/vi\/wp-json\/wp\/v2\/product\/883\/revisions"}],"predecessor-version":[{"id":885,"href":"https:\/\/jiushidao.com\/vi\/wp-json\/wp\/v2\/product\/883\/revisions\/885"}],"wp:featuredmedia":[{"embeddable":true,"href":"https:\/\/jiushidao.com\/vi\/wp-json\/wp\/v2\/media\/884"}],"wp:attachment":[{"href":"https:\/\/jiushidao.com\/vi\/wp-json\/wp\/v2\/media?parent=883"}],"wp:term":[{"taxonomy":"product_brand","embeddable":true,"href":"https:\/\/jiushidao.com\/vi\/wp-json\/wp\/v2\/product_brand?post=883"},{"taxonomy":"product_cat","embeddable":true,"href":"https:\/\/jiushidao.com\/vi\/wp-json\/wp\/v2\/product_cat?post=883"},{"taxonomy":"product_tag","embeddable":true,"href":"https:\/\/jiushidao.com\/vi\/wp-json\/wp\/v2\/product_tag?post=883"}],"curies":[{"name":"wp","href":"https:\/\/api.w.org\/{rel}","templated":true}]}}