{"id":880,"date":"2025-10-31T03:40:30","date_gmt":"2025-10-31T03:40:30","guid":{"rendered":"https:\/\/jiushidao.com\/?post_type=product&#038;p=880"},"modified":"2025-10-31T03:40:31","modified_gmt":"2025-10-31T03:40:31","slug":"kashi-lactobacillus-fermented-chicory-carrot-juice-280ml-8-bottles-box","status":"publish","type":"product","link":"https:\/\/jiushidao.com\/vi\/san-pham\/kashi-lactobacillus-fermented-chicory-carrot-juice-280ml-8-bottles-box\/","title":{"rendered":"N\u01b0\u1edbc \u00e9p c\u00e0 r\u1ed1t rau di\u1ebfp xo\u0103n l\u00ean men Kashi Lactobacillus 280ml (8 chai\/h\u1ed9p)"},"content":{"rendered":"<section class=\"ybc-p\">Chiecarro gi\u1edbi thi\u1ec7u m\u1ed9t lo\u1ea1i n\u01b0\u1edbc \u00e9p l\u00ean men lactic \u0111\u1ed9c \u0111\u00e1o, k\u1ebft h\u1ee3p h\u01b0\u01a1ng v\u1ecb \u0111\u1ea5t c\u1ee7a rau di\u1ebfp xo\u0103n v\u1edbi v\u1ecb ng\u1ecdt t\u1ef1 nhi\u00ean c\u1ee7a c\u00e0 r\u1ed1t. Phi\u00ean b\u1ea3n h\u01b0\u01a1ng v\u1ecb \u0111\u1ed9c \u0111\u00e1o n\u00e0y mang \u0111\u1ebfn h\u01b0\u01a1ng v\u1ecb \u0111\u1eadm \u0111\u00e0, \u00eam d\u1ecbu v\u1edbi \u0111\u1ed9 ng\u1ecdt c\u00e2n b\u1eb1ng 95,0\u2030 v\u00e0 \u0111\u1ed9 pH nh\u1eb9 nh\u00e0ng 6,5-6,8. Nh\u1edd qu\u00e1 tr\u00ecnh l\u00ean men vi khu\u1ea9n axit lactic t\u1ef1 nhi\u00ean, th\u1ee9c u\u1ed1ng n\u00e0y t\u1ea1o n\u00ean h\u01b0\u01a1ng v\u1ecb \u0111\u1eb7c tr\u01b0ng, \u0111\u1ed3ng th\u1eddi h\u1ed7 tr\u1ee3 s\u1ee9c kh\u1ecfe ti\u00eau h\u00f3a.<\/section>\n<section class=\"ybc-p\">M\u1ed7i chai th\u1ee7y tinh 500ml ch\u1ee9a c\u00f4ng th\u1ee9c tinh khi\u1ebft, kh\u00f4ng ph\u1ee5 gia, kh\u00f4ng \u0111\u01b0\u1eddng b\u1ed5 sung hay th\u00e0nh ph\u1ea7n nh\u00e2n t\u1ea1o. Th\u1ee9c u\u1ed1ng cam t\u01b0\u01a1i m\u00e1t n\u00e0y l\u00e0 l\u1ef1a ch\u1ecdn ho\u00e0n h\u1ea3o cho nh\u1eefng ng\u01b0\u1eddi ti\u00eau d\u00f9ng quan t\u00e2m \u0111\u1ebfn s\u1ee9c kh\u1ecfe, \u0111ang t\u00ecm ki\u1ebfm m\u1ed9t s\u1ef1 thay th\u1ebf s\u1ea3ng kho\u00e1i cho c\u00e1c lo\u1ea1i \u0111\u1ed3 u\u1ed1ng c\u00f3 \u0111\u01b0\u1eddng th\u00f4ng th\u01b0\u1eddng. Th\u01b0\u1edfng th\u1ee9c l\u1ea1nh nh\u01b0 m\u1ed9t nghi th\u1ee9c ch\u0103m s\u00f3c s\u1ee9c kh\u1ecfe h\u00e0ng ng\u00e0y ho\u1eb7c nh\u01b0 m\u1ed9t l\u1ef1a ch\u1ecdn kh\u00f4ng c\u1ed3n tinh t\u1ebf cho nh\u1eefng d\u1ecbp \u0111\u1eb7c bi\u1ec7t.<\/section>\n<hr \/>\n<section class=\"ybc-p\"><strong>C\u00e1c t\u00ednh n\u0103ng ch\u00ednh<\/strong><\/section>\n<ul class=\"ybc-ul-component\">\n<li class=\"ybc-li-component ybc-li-component_ul\">\n<section class=\"ybc-p\">\u00a0<strong>L\u00ean men axit lactic t\u1ef1 nhi\u00ean<\/strong>: \u0110\u01b0\u1ee3c t\u0103ng c\u01b0\u1eddng v\u1edbi c\u00e1c vi khu\u1ea9n axit lactic s\u1ed1ng \u0111\u1ec3 b\u1ea3o v\u1ec7 s\u1ee9c kh\u1ecfe \u0111\u01b0\u1eddng ru\u1ed9t<\/section>\n<\/li>\n<li class=\"ybc-li-component ybc-li-component_ul\">\n<section class=\"ybc-p\">\u00a0<strong>Th\u00e0nh ph\u1ea7n tinh khi\u1ebft<\/strong>: H\u1ed7n h\u1ee3p n\u01b0\u1edbc \u00e9p rau di\u1ebfp xo\u0103n v\u00e0 c\u00e0 r\u1ed1t kh\u00f4ng th\u00eam \u0111\u01b0\u1eddng<\/section>\n<\/li>\n<li class=\"ybc-li-component ybc-li-component_ul\">\n<section class=\"ybc-p\">\u00a0<strong>C\u00f4ng th\u1ee9c c\u00e2n b\u1eb1ng<\/strong>: \u0110\u1ed9 ng\u1ecdt t\u1ef1 nhi\u00ean 95,0\u2030, pH 6,5-6,8 cho \u0111\u1ed9 chua nh\u1eb9<\/section>\n<\/li>\n<li class=\"ybc-li-component ybc-li-component_ul\">\n<section class=\"ybc-p\">\u00a0<strong>Bao b\u00ec th\u00e2n thi\u1ec7n v\u1edbi m\u00f4i tr\u01b0\u1eddng<\/strong>: Chai th\u1ee7y tinh t\u00e1i s\u1eed d\u1ee5ng 500ml c\u00f3 n\u1eafp b\u1ea1c cao c\u1ea5p<\/section>\n<\/li>\n<li class=\"ybc-li-component ybc-li-component_ul\">\n<section class=\"ybc-p\">\u00a0<strong>Kh\u00f4ng c\u00f3 ch\u1ea5t ph\u1ee5 gia<\/strong>: Kh\u00f4ng ch\u1ee9a l\u00f4 h\u1ed9i, ch\u1ea5t b\u1ea3o qu\u1ea3n v\u00e0 h\u01b0\u01a1ng v\u1ecb nh\u00e2n t\u1ea1o<\/section>\n<\/li>\n<\/ul>","protected":false},"excerpt":{"rendered":"<p>Chiecarro gi\u1edbi thi\u1ec7u m\u1ed9t lo\u1ea1i n\u01b0\u1edbc \u00e9p l\u00ean men lactic \u0111\u1ed9c \u0111\u00e1o, k\u1ebft h\u1ee3p h\u01b0\u01a1ng v\u1ecb \u0111\u1ea5t c\u1ee7a rau di\u1ebfp xo\u0103n v\u1edbi v\u1ecb ng\u1ecdt t\u1ef1 nhi\u00ean c\u1ee7a c\u00e0 r\u1ed1t. H\u01b0\u01a1ng v\u1ecb \u0111\u1ed9c \u0111\u00e1o n\u00e0y mang \u0111\u1ebfn<span class=\"excerpt-hellip\"> [\u2026]<\/span><\/p>","protected":false},"featured_media":881,"comment_status":"open","ping_status":"closed","template":"","meta":[],"product_brand":[62],"product_cat":[61],"product_tag":[],"class_list":{"0":"post-880","1":"product","2":"type-product","3":"status-publish","4":"has-post-thumbnail","6":"product_brand-62","7":"product_cat-da_jiang_you_li","9":"first","10":"instock","11":"shipping-taxable","12":"product-type-simple"},"yoast_head":"<!-- This site is optimized with the Yoast SEO Premium plugin v25.8 (Yoast SEO v25.8) - https:\/\/yoast.com\/wordpress\/plugins\/seo\/ -->\n<title>Kashi Lactobacillus-Fermented Chicory Carrot Juice 280ml (8 Bottles\/Box) - Jiushidao - Global Food Marketplace for Business Growth and Cosumers<\/title>\n<meta name=\"robots\" content=\"index, follow, max-snippet:-1, max-image-preview:large, max-video-preview:-1\" \/>\n<link rel=\"canonical\" href=\"https:\/\/jiushidao.com\/vi\/san-pham\/kashi-lactobacillus-fermented-chicory-carrot-juice-280ml-8-bottles-box\/\" \/>\n<meta property=\"og:locale\" content=\"vi_VN\" \/>\n<meta property=\"og:type\" content=\"article\" \/>\n<meta property=\"og:title\" content=\"Kashi Lactobacillus-Fermented Chicory Carrot Juice 280ml (8 Bottles\/Box)\" \/>\n<meta property=\"og:description\" content=\"Chiecarro presents a uniquely crafted lacto-fermented juice drink, blending the earthy goodness of chicory with the natural sweetness of carrots. This original flavor variant offers a [\u2026]\" \/>\n<meta property=\"og:url\" content=\"https:\/\/jiushidao.com\/vi\/san-pham\/kashi-lactobacillus-fermented-chicory-carrot-juice-280ml-8-bottles-box\/\" \/>\n<meta property=\"og:site_name\" content=\"Jiushidao - Global Food Marketplace for Business Growth and Cosumers\" \/>\n<meta property=\"article:modified_time\" content=\"2025-10-31T03:40:31+00:00\" \/>\n<meta property=\"og:image\" content=\"https:\/\/jiushidao.com\/wp-content\/uploads\/2025\/10\/\u56fe\u72477-2.png\" \/>\n\t<meta property=\"og:image:width\" content=\"800\" \/>\n\t<meta property=\"og:image:height\" content=\"800\" \/>\n\t<meta property=\"og:image:type\" content=\"image\/png\" \/>\n<meta name=\"twitter:card\" content=\"summary_large_image\" \/>\n<meta name=\"twitter:label1\" content=\"\u01af\u1edbc t\u00ednh th\u1eddi gian \u0111\u1ecdc\" \/>\n\t<meta name=\"twitter:data1\" content=\"1 ph\u00fat\" \/>\n<script type=\"application\/ld+json\" class=\"yoast-schema-graph\">{\"@context\":\"https:\/\/schema.org\",\"@graph\":[{\"@type\":\"WebPage\",\"@id\":\"https:\/\/jiushidao.com\/product\/kashi-lactobacillus-fermented-chicory-carrot-juice-280ml-8-bottles-box\/\",\"url\":\"https:\/\/jiushidao.com\/product\/kashi-lactobacillus-fermented-chicory-carrot-juice-280ml-8-bottles-box\/\",\"name\":\"Kashi Lactobacillus-Fermented Chicory Carrot Juice 280ml (8 Bottles\/Box) - Jiushidao - Global Food Marketplace for Business Growth and Cosumers\",\"isPartOf\":{\"@id\":\"https:\/\/jiushidao.com\/#website\"},\"primaryImageOfPage\":{\"@id\":\"https:\/\/jiushidao.com\/product\/kashi-lactobacillus-fermented-chicory-carrot-juice-280ml-8-bottles-box\/#primaryimage\"},\"image\":{\"@id\":\"https:\/\/jiushidao.com\/product\/kashi-lactobacillus-fermented-chicory-carrot-juice-280ml-8-bottles-box\/#primaryimage\"},\"thumbnailUrl\":\"https:\/\/jiushidao.com\/wp-content\/uploads\/2025\/10\/\u56fe\u72477-2.png\",\"datePublished\":\"2025-10-31T03:40:30+00:00\",\"dateModified\":\"2025-10-31T03:40:31+00:00\",\"breadcrumb\":{\"@id\":\"https:\/\/jiushidao.com\/product\/kashi-lactobacillus-fermented-chicory-carrot-juice-280ml-8-bottles-box\/#breadcrumb\"},\"inLanguage\":\"vi\",\"potentialAction\":[{\"@type\":\"ReadAction\",\"target\":[\"https:\/\/jiushidao.com\/product\/kashi-lactobacillus-fermented-chicory-carrot-juice-280ml-8-bottles-box\/\"]}]},{\"@type\":\"ImageObject\",\"inLanguage\":\"vi\",\"@id\":\"https:\/\/jiushidao.com\/product\/kashi-lactobacillus-fermented-chicory-carrot-juice-280ml-8-bottles-box\/#primaryimage\",\"url\":\"https:\/\/jiushidao.com\/wp-content\/uploads\/2025\/10\/\u56fe\u72477-2.png\",\"contentUrl\":\"https:\/\/jiushidao.com\/wp-content\/uploads\/2025\/10\/\u56fe\u72477-2.png\",\"width\":800,\"height\":800},{\"@type\":\"BreadcrumbList\",\"@id\":\"https:\/\/jiushidao.com\/product\/kashi-lactobacillus-fermented-chicory-carrot-juice-280ml-8-bottles-box\/#breadcrumb\",\"itemListElement\":[{\"@type\":\"ListItem\",\"position\":1,\"name\":\"Home\",\"item\":\"https:\/\/jiushidao.com\/\"},{\"@type\":\"ListItem\",\"position\":2,\"name\":\"Store\",\"item\":\"https:\/\/jiushidao.com\/store\/\"},{\"@type\":\"ListItem\",\"position\":3,\"name\":\"Kashi Lactobacillus-Fermented Chicory Carrot Juice 280ml (8 Bottles\/Box)\"}]},{\"@type\":\"WebSite\",\"@id\":\"https:\/\/jiushidao.com\/#website\",\"url\":\"https:\/\/jiushidao.com\/\",\"name\":\"Jiushidao - Global Food Marketplace for Business Growth and Cosumers\",\"description\":\"Jiushidao - Global Food Marketplace for Business Growth and Cosumers\",\"potentialAction\":[{\"@type\":\"SearchAction\",\"target\":{\"@type\":\"EntryPoint\",\"urlTemplate\":\"https:\/\/jiushidao.com\/?s={search_term_string}\"},\"query-input\":{\"@type\":\"PropertyValueSpecification\",\"valueRequired\":true,\"valueName\":\"search_term_string\"}}],\"inLanguage\":\"vi\"}]}<\/script>\n<!-- \/ Yoast SEO Premium plugin. -->","yoast_head_json":{"title":"Kashi Lactobacillus-Fermented Chicory Carrot Juice 280ml (8 Bottles\/Box) - Jiushidao - Global Food Marketplace for Business Growth and Cosumers","robots":{"index":"index","follow":"follow","max-snippet":"max-snippet:-1","max-image-preview":"max-image-preview:large","max-video-preview":"max-video-preview:-1"},"canonical":"https:\/\/jiushidao.com\/vi\/san-pham\/kashi-lactobacillus-fermented-chicory-carrot-juice-280ml-8-bottles-box\/","og_locale":"vi_VN","og_type":"article","og_title":"Kashi Lactobacillus-Fermented Chicory Carrot Juice 280ml (8 Bottles\/Box)","og_description":"Chiecarro presents a uniquely crafted lacto-fermented juice drink, blending the earthy goodness of chicory with the natural sweetness of carrots. This original flavor variant offers a [\u2026]","og_url":"https:\/\/jiushidao.com\/vi\/san-pham\/kashi-lactobacillus-fermented-chicory-carrot-juice-280ml-8-bottles-box\/","og_site_name":"Jiushidao - Global Food Marketplace for Business Growth and Cosumers","article_modified_time":"2025-10-31T03:40:31+00:00","og_image":[{"width":800,"height":800,"url":"https:\/\/jiushidao.com\/wp-content\/uploads\/2025\/10\/\u56fe\u72477-2.png","type":"image\/png"}],"twitter_card":"summary_large_image","twitter_misc":{"\u01af\u1edbc t\u00ednh th\u1eddi gian \u0111\u1ecdc":"1 ph\u00fat"},"schema":{"@context":"https:\/\/schema.org","@graph":[{"@type":"WebPage","@id":"https:\/\/jiushidao.com\/product\/kashi-lactobacillus-fermented-chicory-carrot-juice-280ml-8-bottles-box\/","url":"https:\/\/jiushidao.com\/product\/kashi-lactobacillus-fermented-chicory-carrot-juice-280ml-8-bottles-box\/","name":"Kashi Lactobacillus-Fermented Chicory Carrot Juice 280ml (8 Bottles\/Box) - Jiushidao - Global Food Marketplace for Business Growth and Cosumers","isPartOf":{"@id":"https:\/\/jiushidao.com\/#website"},"primaryImageOfPage":{"@id":"https:\/\/jiushidao.com\/product\/kashi-lactobacillus-fermented-chicory-carrot-juice-280ml-8-bottles-box\/#primaryimage"},"image":{"@id":"https:\/\/jiushidao.com\/product\/kashi-lactobacillus-fermented-chicory-carrot-juice-280ml-8-bottles-box\/#primaryimage"},"thumbnailUrl":"https:\/\/jiushidao.com\/wp-content\/uploads\/2025\/10\/\u56fe\u72477-2.png","datePublished":"2025-10-31T03:40:30+00:00","dateModified":"2025-10-31T03:40:31+00:00","breadcrumb":{"@id":"https:\/\/jiushidao.com\/product\/kashi-lactobacillus-fermented-chicory-carrot-juice-280ml-8-bottles-box\/#breadcrumb"},"inLanguage":"vi","potentialAction":[{"@type":"ReadAction","target":["https:\/\/jiushidao.com\/product\/kashi-lactobacillus-fermented-chicory-carrot-juice-280ml-8-bottles-box\/"]}]},{"@type":"ImageObject","inLanguage":"vi","@id":"https:\/\/jiushidao.com\/product\/kashi-lactobacillus-fermented-chicory-carrot-juice-280ml-8-bottles-box\/#primaryimage","url":"https:\/\/jiushidao.com\/wp-content\/uploads\/2025\/10\/\u56fe\u72477-2.png","contentUrl":"https:\/\/jiushidao.com\/wp-content\/uploads\/2025\/10\/\u56fe\u72477-2.png","width":800,"height":800},{"@type":"BreadcrumbList","@id":"https:\/\/jiushidao.com\/product\/kashi-lactobacillus-fermented-chicory-carrot-juice-280ml-8-bottles-box\/#breadcrumb","itemListElement":[{"@type":"ListItem","position":1,"name":"Home","item":"https:\/\/jiushidao.com\/"},{"@type":"ListItem","position":2,"name":"Store","item":"https:\/\/jiushidao.com\/store\/"},{"@type":"ListItem","position":3,"name":"Kashi Lactobacillus-Fermented Chicory Carrot Juice 280ml (8 Bottles\/Box)"}]},{"@type":"WebSite","@id":"https:\/\/jiushidao.com\/#website","url":"https:\/\/jiushidao.com\/","name":"Jiushidao - Global Food Marketplace for Business Growth and Cosumers","description":"Jiushidao - Global Food Marketplace for Business Growth and Cosumers","potentialAction":[{"@type":"SearchAction","target":{"@type":"EntryPoint","urlTemplate":"https:\/\/jiushidao.com\/?s={search_term_string}"},"query-input":{"@type":"PropertyValueSpecification","valueRequired":true,"valueName":"search_term_string"}}],"inLanguage":"vi"}]}},"_links":{"self":[{"href":"https:\/\/jiushidao.com\/vi\/wp-json\/wp\/v2\/product\/880","targetHints":{"allow":["GET"]}}],"collection":[{"href":"https:\/\/jiushidao.com\/vi\/wp-json\/wp\/v2\/product"}],"about":[{"href":"https:\/\/jiushidao.com\/vi\/wp-json\/wp\/v2\/types\/product"}],"replies":[{"embeddable":true,"href":"https:\/\/jiushidao.com\/vi\/wp-json\/wp\/v2\/comments?post=880"}],"version-history":[{"count":1,"href":"https:\/\/jiushidao.com\/vi\/wp-json\/wp\/v2\/product\/880\/revisions"}],"predecessor-version":[{"id":882,"href":"https:\/\/jiushidao.com\/vi\/wp-json\/wp\/v2\/product\/880\/revisions\/882"}],"wp:featuredmedia":[{"embeddable":true,"href":"https:\/\/jiushidao.com\/vi\/wp-json\/wp\/v2\/media\/881"}],"wp:attachment":[{"href":"https:\/\/jiushidao.com\/vi\/wp-json\/wp\/v2\/media?parent=880"}],"wp:term":[{"taxonomy":"product_brand","embeddable":true,"href":"https:\/\/jiushidao.com\/vi\/wp-json\/wp\/v2\/product_brand?post=880"},{"taxonomy":"product_cat","embeddable":true,"href":"https:\/\/jiushidao.com\/vi\/wp-json\/wp\/v2\/product_cat?post=880"},{"taxonomy":"product_tag","embeddable":true,"href":"https:\/\/jiushidao.com\/vi\/wp-json\/wp\/v2\/product_tag?post=880"}],"curies":[{"name":"wp","href":"https:\/\/api.w.org\/{rel}","templated":true}]}}