{"id":877,"date":"2025-10-31T03:36:47","date_gmt":"2025-10-31T03:36:47","guid":{"rendered":"https:\/\/jiushidao.com\/?post_type=product&#038;p=877"},"modified":"2025-10-31T03:36:48","modified_gmt":"2025-10-31T03:36:48","slug":"kashi-lactobacillus-fermented-sea-buckthorn-carrot-juice-280ml-8-bottles-box","status":"publish","type":"product","link":"https:\/\/jiushidao.com\/vi\/san-pham\/kashi-lactobacillus-fermented-sea-buckthorn-carrot-juice-280ml-8-bottles-box\/","title":{"rendered":"N\u01b0\u1edbc \u00e9p c\u00e0 r\u1ed1t l\u00ean men Kashi Lactobacillus Sea Buckthorn 280ml (8 chai\/h\u1ed9p)"},"content":{"rendered":"<section class=\"ybc-p\">Kh\u00e1m ph\u00e1 s\u1ef1 k\u1ebft h\u1ee3p t\u01b0\u01a1i m\u00e1t gi\u1eefa thi\u00ean nhi\u00ean v\u00e0 dinh d\u01b0\u1ee1ng v\u1edbi N\u01b0\u1edbc \u00e9p Men vi sinh Seabuckthorn-C\u00e0 r\u1ed1t c\u1ee7a ch\u00fang t\u00f4i. Th\u1ee9c u\u1ed1ng cam t\u01b0\u01a1i m\u00e1t n\u00e0y k\u1ebft h\u1ee3p v\u1ecb ng\u1ecdt chua c\u1ee7a Seabuckthorn v\u1edbi v\u1ecb t\u01b0\u01a1i m\u00e1t nh\u1eb9 nh\u00e0ng c\u1ee7a c\u00e0 r\u1ed1t, \u0111\u01b0\u1ee3c l\u00ean men v\u1edbi vi khu\u1ea9n axit lactic ho\u1ea1t \u0111\u1ed9ng \u0111\u1ec3 h\u1ed7 tr\u1ee3 ti\u00eau h\u00f3a v\u00e0 t\u0103ng c\u01b0\u1eddng s\u1ee9c s\u1ed1ng. M\u1ed7i chai ch\u1ee9a h\u01a1n 40% n\u01b0\u1edbc \u00e9p tr\u00e1i c\u00e2y v\u00e0 rau c\u1ee7 nguy\u00ean ch\u1ea5t, cung c\u1ea5p ngu\u1ed3n vitamin d\u1ed3i d\u00e0o v\u00e0 h\u01b0\u01a1ng v\u1ecb t\u1ef1 nhi\u00ean kh\u00f4ng ch\u1ee9a ph\u1ee5 gia nh\u00e2n t\u1ea1o.<\/section>\n<section class=\"ybc-p\">\u0110\u01b0\u1ee3c \u0111\u00f3ng g\u00f3i trong chai th\u1ee7y tinh b\u1eaft m\u1eaft, th\u1ee9c u\u1ed1ng n\u00e0y ho\u00e0n h\u1ea3o cho nh\u1eefng ng\u01b0\u1eddi quan t\u00e2m \u0111\u1ebfn s\u1ee9c kh\u1ecfe, \u0111ang t\u00ecm ki\u1ebfm m\u1ed9t gi\u1ea3i ph\u00e1p ngon mi\u1ec7ng \u0111\u1ec3 b\u1ed5 sung n\u0103ng l\u01b0\u1ee3ng v\u00e0 t\u0103ng c\u01b0\u1eddng s\u1ee9c kh\u1ecfe \u0111\u01b0\u1eddng ru\u1ed9t. D\u00f9 th\u01b0\u1edfng th\u1ee9c l\u1ea1nh nh\u01b0 m\u1ed9t th\u1ee9c u\u1ed1ng gi\u1ea3i kh\u00e1t h\u00e0ng ng\u00e0y hay d\u00f9ng k\u00e8m v\u1edbi b\u1eefa \u0103n, n\u00f3 \u0111\u1ec1u mang \u0111\u1ebfn s\u1ef1 k\u1ebft h\u1ee3p c\u00e2n b\u1eb1ng gi\u1eefa s\u1ee9c kh\u1ecfe v\u00e0 h\u01b0\u01a1ng v\u1ecb.<\/section>\n<hr \/>\n<section class=\"ybc-p\"><strong>C\u00e1c t\u00ednh n\u0103ng ch\u00ednh<\/strong><\/section>\n<ul class=\"ybc-ul-component\">\n<li class=\"ybc-li-component ybc-li-component_ul\">\n<section class=\"ybc-p\">\u00a0<strong>Th\u00e0nh ph\u1ea7n t\u1ef1 nhi\u00ean<\/strong>: \u0110\u01b0\u1ee3c l\u00e0m t\u1eeb h\u1eafc mai bi\u1ec3n th\u1eadt, c\u00e0 r\u1ed1t v\u00e0 vi khu\u1ea9n lactobacillus s\u1ed1ng<\/section>\n<\/li>\n<li class=\"ybc-li-component ybc-li-component_ul\">\n<section class=\"ybc-p\">\u00a0<strong>H\u00e0m l\u01b0\u1ee3ng n\u01b0\u1edbc \u00e9p h\u01a1n 40%<\/strong>: Gi\u00e0u vitamin v\u00e0 ch\u1ea5t dinh d\u01b0\u1ee1ng t\u1ef1 nhi\u00ean<\/section>\n<\/li>\n<li class=\"ybc-li-component ybc-li-component_ul\">\n<section class=\"ybc-p\">\u00a0<strong>L\u00ean men Probiotic<\/strong>: H\u1ed7 tr\u1ee3 ti\u00eau h\u00f3a v\u00e0 s\u1ee9c kh\u1ecfe \u0111\u01b0\u1eddng ru\u1ed9t<\/section>\n<\/li>\n<li class=\"ybc-li-component ybc-li-component_ul\">\n<section class=\"ybc-p\">\u00a0<strong>Kh\u00f4ng c\u00f3 ch\u1ea5t ph\u1ee5 gia nh\u00e2n t\u1ea1o<\/strong>: Kh\u00f4ng ch\u1ee9a ch\u1ea5t b\u1ea3o qu\u1ea3n v\u00e0 h\u01b0\u01a1ng v\u1ecb t\u1ed5ng h\u1ee3p<\/section>\n<\/li>\n<li class=\"ybc-li-component ybc-li-component_ul\">\n<section class=\"ybc-p\">\u00a0<strong>H\u01b0\u01a1ng v\u1ecb s\u1ea3ng kho\u00e1i<\/strong>: Ho\u00e0n h\u1ea3o khi d\u00f9ng l\u1ea1nh \u0111\u1ec3 c\u00f3 tr\u1ea3i nghi\u1ec7m s\u1ea3ng kho\u00e1i<\/section>\n<\/li>\n<\/ul>","protected":false},"excerpt":{"rendered":"<p>Kh\u00e1m ph\u00e1 s\u1ef1 k\u1ebft h\u1ee3p t\u01b0\u01a1i m\u00e1t gi\u1eefa thi\u00ean nhi\u00ean v\u00e0 dinh d\u01b0\u1ee1ng v\u1edbi N\u01b0\u1edbc \u00e9p Men vi sinh Seabuckthorn-C\u00e0 r\u1ed1t c\u1ee7a ch\u00fang t\u00f4i. Th\u1ee9c u\u1ed1ng m\u00e0u cam r\u1ef1c r\u1ee1 n\u00e0y k\u1ebft h\u1ee3p v\u1ecb ng\u1ecdt chua c\u1ee7a Seabuckthorn v\u1edbi<span class=\"excerpt-hellip\"> [\u2026]<\/span><\/p>","protected":false},"featured_media":878,"comment_status":"open","ping_status":"closed","template":"","meta":[],"product_brand":[62],"product_cat":[61],"product_tag":[],"class_list":{"0":"post-877","1":"product","2":"type-product","3":"status-publish","4":"has-post-thumbnail","6":"product_brand-62","7":"product_cat-da_jiang_you_li","9":"first","10":"instock","11":"shipping-taxable","12":"product-type-simple"},"yoast_head":"<!-- This site is optimized with the Yoast SEO Premium plugin v25.8 (Yoast SEO v25.8) - https:\/\/yoast.com\/wordpress\/plugins\/seo\/ -->\n<title>Kashi Lactobacillus Fermented Sea Buckthorn Carrot Juice 280ml (8 Bottles\/Box) - Jiushidao - Global Food Marketplace for Business Growth and Cosumers<\/title>\n<meta name=\"robots\" content=\"index, follow, max-snippet:-1, max-image-preview:large, max-video-preview:-1\" \/>\n<link rel=\"canonical\" href=\"https:\/\/jiushidao.com\/vi\/san-pham\/kashi-lactobacillus-fermented-sea-buckthorn-carrot-juice-280ml-8-bottles-box\/\" \/>\n<meta property=\"og:locale\" content=\"vi_VN\" \/>\n<meta property=\"og:type\" content=\"article\" \/>\n<meta property=\"og:title\" content=\"Kashi Lactobacillus Fermented Sea Buckthorn Carrot Juice 280ml (8 Bottles\/Box)\" \/>\n<meta property=\"og:description\" content=\"Discover a refreshing blend of nature and nutrition with our Seabuckthorn-Carrot Probiotic Juice Drink. This vibrant orange beverage combines the tart sweetness of seabuckthorn with the [\u2026]\" \/>\n<meta property=\"og:url\" content=\"https:\/\/jiushidao.com\/vi\/san-pham\/kashi-lactobacillus-fermented-sea-buckthorn-carrot-juice-280ml-8-bottles-box\/\" \/>\n<meta property=\"og:site_name\" content=\"Jiushidao - Global Food Marketplace for Business Growth and Cosumers\" \/>\n<meta property=\"article:modified_time\" content=\"2025-10-31T03:36:48+00:00\" \/>\n<meta property=\"og:image\" content=\"https:\/\/jiushidao.com\/wp-content\/uploads\/2025\/10\/\u56fe\u72476-2.png\" \/>\n\t<meta property=\"og:image:width\" content=\"800\" \/>\n\t<meta property=\"og:image:height\" content=\"800\" \/>\n\t<meta property=\"og:image:type\" content=\"image\/png\" \/>\n<meta name=\"twitter:card\" content=\"summary_large_image\" \/>\n<meta name=\"twitter:label1\" content=\"\u01af\u1edbc t\u00ednh th\u1eddi gian \u0111\u1ecdc\" \/>\n\t<meta name=\"twitter:data1\" content=\"1 ph\u00fat\" \/>\n<script type=\"application\/ld+json\" class=\"yoast-schema-graph\">{\"@context\":\"https:\/\/schema.org\",\"@graph\":[{\"@type\":\"WebPage\",\"@id\":\"https:\/\/jiushidao.com\/product\/kashi-lactobacillus-fermented-sea-buckthorn-carrot-juice-280ml-8-bottles-box\/\",\"url\":\"https:\/\/jiushidao.com\/product\/kashi-lactobacillus-fermented-sea-buckthorn-carrot-juice-280ml-8-bottles-box\/\",\"name\":\"Kashi Lactobacillus Fermented Sea Buckthorn Carrot Juice 280ml (8 Bottles\/Box) - Jiushidao - Global Food Marketplace for Business Growth and Cosumers\",\"isPartOf\":{\"@id\":\"https:\/\/jiushidao.com\/#website\"},\"primaryImageOfPage\":{\"@id\":\"https:\/\/jiushidao.com\/product\/kashi-lactobacillus-fermented-sea-buckthorn-carrot-juice-280ml-8-bottles-box\/#primaryimage\"},\"image\":{\"@id\":\"https:\/\/jiushidao.com\/product\/kashi-lactobacillus-fermented-sea-buckthorn-carrot-juice-280ml-8-bottles-box\/#primaryimage\"},\"thumbnailUrl\":\"https:\/\/jiushidao.com\/wp-content\/uploads\/2025\/10\/\u56fe\u72476-2.png\",\"datePublished\":\"2025-10-31T03:36:47+00:00\",\"dateModified\":\"2025-10-31T03:36:48+00:00\",\"breadcrumb\":{\"@id\":\"https:\/\/jiushidao.com\/product\/kashi-lactobacillus-fermented-sea-buckthorn-carrot-juice-280ml-8-bottles-box\/#breadcrumb\"},\"inLanguage\":\"vi\",\"potentialAction\":[{\"@type\":\"ReadAction\",\"target\":[\"https:\/\/jiushidao.com\/product\/kashi-lactobacillus-fermented-sea-buckthorn-carrot-juice-280ml-8-bottles-box\/\"]}]},{\"@type\":\"ImageObject\",\"inLanguage\":\"vi\",\"@id\":\"https:\/\/jiushidao.com\/product\/kashi-lactobacillus-fermented-sea-buckthorn-carrot-juice-280ml-8-bottles-box\/#primaryimage\",\"url\":\"https:\/\/jiushidao.com\/wp-content\/uploads\/2025\/10\/\u56fe\u72476-2.png\",\"contentUrl\":\"https:\/\/jiushidao.com\/wp-content\/uploads\/2025\/10\/\u56fe\u72476-2.png\",\"width\":800,\"height\":800},{\"@type\":\"BreadcrumbList\",\"@id\":\"https:\/\/jiushidao.com\/product\/kashi-lactobacillus-fermented-sea-buckthorn-carrot-juice-280ml-8-bottles-box\/#breadcrumb\",\"itemListElement\":[{\"@type\":\"ListItem\",\"position\":1,\"name\":\"Home\",\"item\":\"https:\/\/jiushidao.com\/\"},{\"@type\":\"ListItem\",\"position\":2,\"name\":\"Store\",\"item\":\"https:\/\/jiushidao.com\/store\/\"},{\"@type\":\"ListItem\",\"position\":3,\"name\":\"Kashi Lactobacillus Fermented Sea Buckthorn Carrot Juice 280ml (8 Bottles\/Box)\"}]},{\"@type\":\"WebSite\",\"@id\":\"https:\/\/jiushidao.com\/#website\",\"url\":\"https:\/\/jiushidao.com\/\",\"name\":\"Jiushidao - Global Food Marketplace for Business Growth and Cosumers\",\"description\":\"Jiushidao - Global Food Marketplace for Business Growth and Cosumers\",\"potentialAction\":[{\"@type\":\"SearchAction\",\"target\":{\"@type\":\"EntryPoint\",\"urlTemplate\":\"https:\/\/jiushidao.com\/?s={search_term_string}\"},\"query-input\":{\"@type\":\"PropertyValueSpecification\",\"valueRequired\":true,\"valueName\":\"search_term_string\"}}],\"inLanguage\":\"vi\"}]}<\/script>\n<!-- \/ Yoast SEO Premium plugin. -->","yoast_head_json":{"title":"Kashi Lactobacillus Fermented Sea Buckthorn Carrot Juice 280ml (8 Bottles\/Box) - Jiushidao - Global Food Marketplace for Business Growth and Cosumers","robots":{"index":"index","follow":"follow","max-snippet":"max-snippet:-1","max-image-preview":"max-image-preview:large","max-video-preview":"max-video-preview:-1"},"canonical":"https:\/\/jiushidao.com\/vi\/san-pham\/kashi-lactobacillus-fermented-sea-buckthorn-carrot-juice-280ml-8-bottles-box\/","og_locale":"vi_VN","og_type":"article","og_title":"Kashi Lactobacillus Fermented Sea Buckthorn Carrot Juice 280ml (8 Bottles\/Box)","og_description":"Discover a refreshing blend of nature and nutrition with our Seabuckthorn-Carrot Probiotic Juice Drink. This vibrant orange beverage combines the tart sweetness of seabuckthorn with the [\u2026]","og_url":"https:\/\/jiushidao.com\/vi\/san-pham\/kashi-lactobacillus-fermented-sea-buckthorn-carrot-juice-280ml-8-bottles-box\/","og_site_name":"Jiushidao - Global Food Marketplace for Business Growth and Cosumers","article_modified_time":"2025-10-31T03:36:48+00:00","og_image":[{"width":800,"height":800,"url":"https:\/\/jiushidao.com\/wp-content\/uploads\/2025\/10\/\u56fe\u72476-2.png","type":"image\/png"}],"twitter_card":"summary_large_image","twitter_misc":{"\u01af\u1edbc t\u00ednh th\u1eddi gian \u0111\u1ecdc":"1 ph\u00fat"},"schema":{"@context":"https:\/\/schema.org","@graph":[{"@type":"WebPage","@id":"https:\/\/jiushidao.com\/product\/kashi-lactobacillus-fermented-sea-buckthorn-carrot-juice-280ml-8-bottles-box\/","url":"https:\/\/jiushidao.com\/product\/kashi-lactobacillus-fermented-sea-buckthorn-carrot-juice-280ml-8-bottles-box\/","name":"Kashi Lactobacillus Fermented Sea Buckthorn Carrot Juice 280ml (8 Bottles\/Box) - Jiushidao - Global Food Marketplace for Business Growth and Cosumers","isPartOf":{"@id":"https:\/\/jiushidao.com\/#website"},"primaryImageOfPage":{"@id":"https:\/\/jiushidao.com\/product\/kashi-lactobacillus-fermented-sea-buckthorn-carrot-juice-280ml-8-bottles-box\/#primaryimage"},"image":{"@id":"https:\/\/jiushidao.com\/product\/kashi-lactobacillus-fermented-sea-buckthorn-carrot-juice-280ml-8-bottles-box\/#primaryimage"},"thumbnailUrl":"https:\/\/jiushidao.com\/wp-content\/uploads\/2025\/10\/\u56fe\u72476-2.png","datePublished":"2025-10-31T03:36:47+00:00","dateModified":"2025-10-31T03:36:48+00:00","breadcrumb":{"@id":"https:\/\/jiushidao.com\/product\/kashi-lactobacillus-fermented-sea-buckthorn-carrot-juice-280ml-8-bottles-box\/#breadcrumb"},"inLanguage":"vi","potentialAction":[{"@type":"ReadAction","target":["https:\/\/jiushidao.com\/product\/kashi-lactobacillus-fermented-sea-buckthorn-carrot-juice-280ml-8-bottles-box\/"]}]},{"@type":"ImageObject","inLanguage":"vi","@id":"https:\/\/jiushidao.com\/product\/kashi-lactobacillus-fermented-sea-buckthorn-carrot-juice-280ml-8-bottles-box\/#primaryimage","url":"https:\/\/jiushidao.com\/wp-content\/uploads\/2025\/10\/\u56fe\u72476-2.png","contentUrl":"https:\/\/jiushidao.com\/wp-content\/uploads\/2025\/10\/\u56fe\u72476-2.png","width":800,"height":800},{"@type":"BreadcrumbList","@id":"https:\/\/jiushidao.com\/product\/kashi-lactobacillus-fermented-sea-buckthorn-carrot-juice-280ml-8-bottles-box\/#breadcrumb","itemListElement":[{"@type":"ListItem","position":1,"name":"Home","item":"https:\/\/jiushidao.com\/"},{"@type":"ListItem","position":2,"name":"Store","item":"https:\/\/jiushidao.com\/store\/"},{"@type":"ListItem","position":3,"name":"Kashi Lactobacillus Fermented Sea Buckthorn Carrot Juice 280ml (8 Bottles\/Box)"}]},{"@type":"WebSite","@id":"https:\/\/jiushidao.com\/#website","url":"https:\/\/jiushidao.com\/","name":"Jiushidao - Global Food Marketplace for Business Growth and Cosumers","description":"Jiushidao - Global Food Marketplace for Business Growth and Cosumers","potentialAction":[{"@type":"SearchAction","target":{"@type":"EntryPoint","urlTemplate":"https:\/\/jiushidao.com\/?s={search_term_string}"},"query-input":{"@type":"PropertyValueSpecification","valueRequired":true,"valueName":"search_term_string"}}],"inLanguage":"vi"}]}},"_links":{"self":[{"href":"https:\/\/jiushidao.com\/vi\/wp-json\/wp\/v2\/product\/877","targetHints":{"allow":["GET"]}}],"collection":[{"href":"https:\/\/jiushidao.com\/vi\/wp-json\/wp\/v2\/product"}],"about":[{"href":"https:\/\/jiushidao.com\/vi\/wp-json\/wp\/v2\/types\/product"}],"replies":[{"embeddable":true,"href":"https:\/\/jiushidao.com\/vi\/wp-json\/wp\/v2\/comments?post=877"}],"version-history":[{"count":1,"href":"https:\/\/jiushidao.com\/vi\/wp-json\/wp\/v2\/product\/877\/revisions"}],"predecessor-version":[{"id":879,"href":"https:\/\/jiushidao.com\/vi\/wp-json\/wp\/v2\/product\/877\/revisions\/879"}],"wp:featuredmedia":[{"embeddable":true,"href":"https:\/\/jiushidao.com\/vi\/wp-json\/wp\/v2\/media\/878"}],"wp:attachment":[{"href":"https:\/\/jiushidao.com\/vi\/wp-json\/wp\/v2\/media?parent=877"}],"wp:term":[{"taxonomy":"product_brand","embeddable":true,"href":"https:\/\/jiushidao.com\/vi\/wp-json\/wp\/v2\/product_brand?post=877"},{"taxonomy":"product_cat","embeddable":true,"href":"https:\/\/jiushidao.com\/vi\/wp-json\/wp\/v2\/product_cat?post=877"},{"taxonomy":"product_tag","embeddable":true,"href":"https:\/\/jiushidao.com\/vi\/wp-json\/wp\/v2\/product_tag?post=877"}],"curies":[{"name":"wp","href":"https:\/\/api.w.org\/{rel}","templated":true}]}}