{"id":874,"date":"2025-10-31T03:30:23","date_gmt":"2025-10-31T03:30:23","guid":{"rendered":"https:\/\/jiushidao.com\/?post_type=product&#038;p=874"},"modified":"2025-10-31T03:30:24","modified_gmt":"2025-10-31T03:30:24","slug":"kashi-nanda-glacier-pasture-organic-pure-milk-200gx20-bags-tetra-pillow","status":"publish","type":"product","link":"https:\/\/jiushidao.com\/vi\/san-pham\/kashi-nanda-glacier-pasture-organic-pure-milk-200gx20-bags-tetra-pillow\/","title":{"rendered":"S\u1eefa t\u01b0\u01a1i h\u1eefu c\u01a1 nguy\u00ean ch\u1ea5t Kashi Nanda Glacier Pasture 200g\u00d720 t\u00fai (Tetra Pillow)"},"content":{"rendered":"<section class=\"ybc-p\">Tr\u1ea3i nghi\u1ec7m h\u01b0\u01a1ng v\u1ecb thu\u1ea7n khi\u1ebft c\u1ee7a thi\u00ean nhi\u00ean v\u1edbi S\u1eefa Nguy\u00ean Ch\u1ea5t H\u1eefu C\u01a1 Qisi c\u1ee7a Glacier Farm, \u0111\u01b0\u1ee3c l\u1ea5y tr\u1ef1c ti\u1ebfp t\u1eeb nh\u1eefng \u0111\u1ed3ng c\u1ecf nguy\u00ean s\u01a1 c\u1ee7a T\u00e2n C\u01b0\u01a1ng Kashi. M\u1ed7i h\u1ed9p 200ml ch\u1ee9a \u0111\u1ea7y s\u1eefa h\u1eefu c\u01a1 100%, \u0111\u01b0\u1ee3c s\u1ea3n xu\u1ea5t c\u1ea9n th\u1eadn trong m\u00f4i tr\u01b0\u1eddng b\u0103ng gi\u00e1 kh\u00f4ng \u00f4 nhi\u1ec5m. B\u00f2 c\u1ee7a ch\u00fang t\u00f4i \u0111\u01b0\u1ee3c ch\u0103n th\u1ea3 t\u1ef1 do tr\u00ean \u0111\u1ed3ng c\u1ecf t\u1ef1 nhi\u00ean, cho ra d\u00f2ng s\u1eefa b\u00e9o ng\u1eady, s\u00e1nh m\u1ecbn v\u00e0 gi\u00e0u dinh d\u01b0\u1ee1ng t\u1ef1 nhi\u00ean.<\/section>\n<section class=\"ybc-p\">\u0110\u01b0\u1ee3c \u0111\u00f3ng g\u00f3i trong h\u1ed9p ti\u1ec7n l\u1ee3i g\u1ed3m 12 h\u1ed9p ri\u00eang l\u1ebb, lo\u1ea1i s\u1eefa n\u00e0y ho\u00e0n h\u1ea3o cho gia \u0111\u00ecnh, v\u0103n ph\u00f2ng ho\u1eb7c s\u1eed d\u1ee5ng h\u00e0ng ng\u00e0y. D\u00f9 d\u00f9ng ri\u00eang, d\u00f9ng k\u00e8m ng\u0169 c\u1ed1c hay trong c\u00f4ng th\u1ee9c n\u1ea5u \u0103n y\u00eau th\u00edch c\u1ee7a b\u1ea1n, Glacier Farm \u0111\u1ec1u mang \u0111\u1ebfn s\u1ef1 t\u01b0\u01a1i ngon v\u00e0 ch\u1ea5t l\u01b0\u1ee3ng trong t\u1eebng ng\u1ee5m.<\/section>\n<hr \/>\n<section class=\"ybc-p\"><strong>C\u00e1c t\u00ednh n\u0103ng ch\u00ednh<\/strong><\/section>\n<ul class=\"ybc-ul-component\">\n<li class=\"ybc-li-component ybc-li-component_ul\">\n<section class=\"ybc-p\">\u00a0<strong>\u0110\u01b0\u1ee3c ch\u1ee9ng nh\u1eadn h\u1eefu c\u01a1<\/strong>: \u0110\u01b0\u1ee3c s\u1ea3n xu\u1ea5t m\u00e0 kh\u00f4ng c\u00f3 thu\u1ed1c tr\u1eeb s\u00e2u, hormone ho\u1eb7c ch\u1ea5t ph\u1ee5 gia nh\u00e2n t\u1ea1o<\/section>\n<\/li>\n<li class=\"ybc-li-component ybc-li-component_ul\">\n<section class=\"ybc-p\">\u00a0<strong>C\u00f3 ngu\u1ed3n g\u1ed1c t\u1eeb T\u00e2n C\u01b0\u01a1ng Kashi<\/strong>: \u0110\u01b0\u1ee3c nu\u00f4i d\u01b0\u1ee1ng b\u1edfi n\u01b0\u1edbc b\u0103ng v\u00e0 kh\u00f4ng kh\u00ed s\u1ea1ch<\/section>\n<\/li>\n<li class=\"ybc-li-component ybc-li-component_ul\">\n<section class=\"ybc-p\">\u00a0<strong>B\u00f2 s\u1eefa \u0103n c\u1ecf<\/strong>: Ch\u0103n th\u1ea3 t\u1ef1 do \u0111\u1ec3 c\u00f3 h\u01b0\u01a1ng v\u1ecb \u0111\u1eadm \u0111\u00e0 h\u01a1n v\u00e0 dinh d\u01b0\u1ee1ng cao h\u01a1n<\/section>\n<\/li>\n<li class=\"ybc-li-component ybc-li-component_ul\">\n<section class=\"ybc-p\">\u00a0<strong>12 h\u1ed9p ri\u00eang l\u1ebb (m\u1ed7i h\u1ed9p 200ml)<\/strong>: D\u1ec5 d\u00e0ng mang theo, c\u1ea5t gi\u1eef v\u00e0 chia s\u1ebb\u2014l\u00fd t\u01b0\u1edfng cho b\u1eefa tr\u01b0a v\u00e0 khi di chuy\u1ec3n<\/section>\n<\/li>\n<li class=\"ybc-li-component ybc-li-component_ul\">\n<section class=\"ybc-p\">\u00a0<strong>Minh b\u1ea1ch v\u00e0 c\u00f3 th\u1ec3 theo d\u00f5i<\/strong>: Cung c\u1ea5p tr\u1ef1c ti\u1ebfp t\u1eeb trang tr\u1ea1i \u0111\u1ebfn b\u00e0n \u0103n \u0111\u1ea3m b\u1ea3o ch\u1ea5t l\u01b0\u1ee3ng b\u1ea1n c\u00f3 th\u1ec3 tin t\u01b0\u1edfng<\/section>\n<\/li>\n<\/ul>","protected":false},"excerpt":{"rendered":"<p>Tr\u1ea3i nghi\u1ec7m h\u01b0\u01a1ng v\u1ecb thu\u1ea7n khi\u1ebft c\u1ee7a thi\u00ean nhi\u00ean v\u1edbi S\u1eefa t\u01b0\u01a1i h\u1eefu c\u01a1 Qisi c\u1ee7a Glacier Farm, \u0111\u01b0\u1ee3c l\u1ea5y tr\u1ef1c ti\u1ebfp t\u1eeb nh\u1eefng \u0111\u1ed3ng c\u1ecf nguy\u00ean s\u01a1 c\u1ee7a T\u00e2n C\u01b0\u01a1ng Kashi. M\u1ed7i h\u1ed9p 200ml<span class=\"excerpt-hellip\"> [\u2026]<\/span><\/p>","protected":false},"featured_media":875,"comment_status":"open","ping_status":"closed","template":"","meta":[],"product_brand":[62],"product_cat":[61],"product_tag":[],"class_list":{"0":"post-874","1":"product","2":"type-product","3":"status-publish","4":"has-post-thumbnail","6":"product_brand-62","7":"product_cat-da_jiang_you_li","9":"first","10":"instock","11":"shipping-taxable","12":"product-type-simple"},"yoast_head":"<!-- This site is optimized with the Yoast SEO Premium plugin v25.8 (Yoast SEO v25.8) - https:\/\/yoast.com\/wordpress\/plugins\/seo\/ -->\n<title>Kashi Nanda Glacier Pasture Organic Pure Milk 200g\u00d720 Bags (Tetra Pillow) - Jiushidao - Global Food Marketplace for Business Growth and Cosumers<\/title>\n<meta name=\"robots\" content=\"index, follow, max-snippet:-1, max-image-preview:large, max-video-preview:-1\" \/>\n<link rel=\"canonical\" href=\"https:\/\/jiushidao.com\/vi\/san-pham\/kashi-nanda-glacier-pasture-organic-pure-milk-200gx20-bags-tetra-pillow\/\" \/>\n<meta property=\"og:locale\" content=\"vi_VN\" \/>\n<meta property=\"og:type\" content=\"article\" \/>\n<meta property=\"og:title\" content=\"Kashi Nanda Glacier Pasture Organic Pure Milk 200g\u00d720 Bags (Tetra Pillow)\" \/>\n<meta property=\"og:description\" content=\"Experience the pure taste of nature with Glacier Farm Qisi Organic Pure Milk, sourced directly from the pristine pastures of Xinjiang Kashi. Each 200ml carton is [\u2026]\" \/>\n<meta property=\"og:url\" content=\"https:\/\/jiushidao.com\/vi\/san-pham\/kashi-nanda-glacier-pasture-organic-pure-milk-200gx20-bags-tetra-pillow\/\" \/>\n<meta property=\"og:site_name\" content=\"Jiushidao - Global Food Marketplace for Business Growth and Cosumers\" \/>\n<meta property=\"article:modified_time\" content=\"2025-10-31T03:30:24+00:00\" \/>\n<meta property=\"og:image\" content=\"https:\/\/jiushidao.com\/wp-content\/uploads\/2025\/10\/\u56fe\u72475-3.png\" \/>\n\t<meta property=\"og:image:width\" content=\"800\" \/>\n\t<meta property=\"og:image:height\" content=\"800\" \/>\n\t<meta property=\"og:image:type\" content=\"image\/png\" \/>\n<meta name=\"twitter:card\" content=\"summary_large_image\" \/>\n<meta name=\"twitter:label1\" content=\"\u01af\u1edbc t\u00ednh th\u1eddi gian \u0111\u1ecdc\" \/>\n\t<meta name=\"twitter:data1\" content=\"1 ph\u00fat\" \/>\n<script type=\"application\/ld+json\" class=\"yoast-schema-graph\">{\"@context\":\"https:\/\/schema.org\",\"@graph\":[{\"@type\":\"WebPage\",\"@id\":\"https:\/\/jiushidao.com\/product\/kashi-nanda-glacier-pasture-organic-pure-milk-200gx20-bags-tetra-pillow\/\",\"url\":\"https:\/\/jiushidao.com\/product\/kashi-nanda-glacier-pasture-organic-pure-milk-200gx20-bags-tetra-pillow\/\",\"name\":\"Kashi Nanda Glacier Pasture Organic Pure Milk 200g\u00d720 Bags (Tetra Pillow) - Jiushidao - Global Food Marketplace for Business Growth and Cosumers\",\"isPartOf\":{\"@id\":\"https:\/\/jiushidao.com\/#website\"},\"primaryImageOfPage\":{\"@id\":\"https:\/\/jiushidao.com\/product\/kashi-nanda-glacier-pasture-organic-pure-milk-200gx20-bags-tetra-pillow\/#primaryimage\"},\"image\":{\"@id\":\"https:\/\/jiushidao.com\/product\/kashi-nanda-glacier-pasture-organic-pure-milk-200gx20-bags-tetra-pillow\/#primaryimage\"},\"thumbnailUrl\":\"https:\/\/jiushidao.com\/wp-content\/uploads\/2025\/10\/\u56fe\u72475-3.png\",\"datePublished\":\"2025-10-31T03:30:23+00:00\",\"dateModified\":\"2025-10-31T03:30:24+00:00\",\"breadcrumb\":{\"@id\":\"https:\/\/jiushidao.com\/product\/kashi-nanda-glacier-pasture-organic-pure-milk-200gx20-bags-tetra-pillow\/#breadcrumb\"},\"inLanguage\":\"vi\",\"potentialAction\":[{\"@type\":\"ReadAction\",\"target\":[\"https:\/\/jiushidao.com\/product\/kashi-nanda-glacier-pasture-organic-pure-milk-200gx20-bags-tetra-pillow\/\"]}]},{\"@type\":\"ImageObject\",\"inLanguage\":\"vi\",\"@id\":\"https:\/\/jiushidao.com\/product\/kashi-nanda-glacier-pasture-organic-pure-milk-200gx20-bags-tetra-pillow\/#primaryimage\",\"url\":\"https:\/\/jiushidao.com\/wp-content\/uploads\/2025\/10\/\u56fe\u72475-3.png\",\"contentUrl\":\"https:\/\/jiushidao.com\/wp-content\/uploads\/2025\/10\/\u56fe\u72475-3.png\",\"width\":800,\"height\":800},{\"@type\":\"BreadcrumbList\",\"@id\":\"https:\/\/jiushidao.com\/product\/kashi-nanda-glacier-pasture-organic-pure-milk-200gx20-bags-tetra-pillow\/#breadcrumb\",\"itemListElement\":[{\"@type\":\"ListItem\",\"position\":1,\"name\":\"Home\",\"item\":\"https:\/\/jiushidao.com\/\"},{\"@type\":\"ListItem\",\"position\":2,\"name\":\"Store\",\"item\":\"https:\/\/jiushidao.com\/store\/\"},{\"@type\":\"ListItem\",\"position\":3,\"name\":\"Kashi Nanda Glacier Pasture Organic Pure Milk 200g\u00d720 Bags (Tetra Pillow)\"}]},{\"@type\":\"WebSite\",\"@id\":\"https:\/\/jiushidao.com\/#website\",\"url\":\"https:\/\/jiushidao.com\/\",\"name\":\"Jiushidao - Global Food Marketplace for Business Growth and Cosumers\",\"description\":\"Jiushidao - Global Food Marketplace for Business Growth and Cosumers\",\"potentialAction\":[{\"@type\":\"SearchAction\",\"target\":{\"@type\":\"EntryPoint\",\"urlTemplate\":\"https:\/\/jiushidao.com\/?s={search_term_string}\"},\"query-input\":{\"@type\":\"PropertyValueSpecification\",\"valueRequired\":true,\"valueName\":\"search_term_string\"}}],\"inLanguage\":\"vi\"}]}<\/script>\n<!-- \/ Yoast SEO Premium plugin. -->","yoast_head_json":{"title":"Kashi Nanda Glacier Pasture Organic Pure Milk 200g\u00d720 Bags (Tetra Pillow) - Jiushidao - Global Food Marketplace for Business Growth and Cosumers","robots":{"index":"index","follow":"follow","max-snippet":"max-snippet:-1","max-image-preview":"max-image-preview:large","max-video-preview":"max-video-preview:-1"},"canonical":"https:\/\/jiushidao.com\/vi\/san-pham\/kashi-nanda-glacier-pasture-organic-pure-milk-200gx20-bags-tetra-pillow\/","og_locale":"vi_VN","og_type":"article","og_title":"Kashi Nanda Glacier Pasture Organic Pure Milk 200g\u00d720 Bags (Tetra Pillow)","og_description":"Experience the pure taste of nature with Glacier Farm Qisi Organic Pure Milk, sourced directly from the pristine pastures of Xinjiang Kashi. Each 200ml carton is [\u2026]","og_url":"https:\/\/jiushidao.com\/vi\/san-pham\/kashi-nanda-glacier-pasture-organic-pure-milk-200gx20-bags-tetra-pillow\/","og_site_name":"Jiushidao - Global Food Marketplace for Business Growth and Cosumers","article_modified_time":"2025-10-31T03:30:24+00:00","og_image":[{"width":800,"height":800,"url":"https:\/\/jiushidao.com\/wp-content\/uploads\/2025\/10\/\u56fe\u72475-3.png","type":"image\/png"}],"twitter_card":"summary_large_image","twitter_misc":{"\u01af\u1edbc t\u00ednh th\u1eddi gian \u0111\u1ecdc":"1 ph\u00fat"},"schema":{"@context":"https:\/\/schema.org","@graph":[{"@type":"WebPage","@id":"https:\/\/jiushidao.com\/product\/kashi-nanda-glacier-pasture-organic-pure-milk-200gx20-bags-tetra-pillow\/","url":"https:\/\/jiushidao.com\/product\/kashi-nanda-glacier-pasture-organic-pure-milk-200gx20-bags-tetra-pillow\/","name":"Kashi Nanda Glacier Pasture Organic Pure Milk 200g\u00d720 Bags (Tetra Pillow) - Jiushidao - Global Food Marketplace for Business Growth and Cosumers","isPartOf":{"@id":"https:\/\/jiushidao.com\/#website"},"primaryImageOfPage":{"@id":"https:\/\/jiushidao.com\/product\/kashi-nanda-glacier-pasture-organic-pure-milk-200gx20-bags-tetra-pillow\/#primaryimage"},"image":{"@id":"https:\/\/jiushidao.com\/product\/kashi-nanda-glacier-pasture-organic-pure-milk-200gx20-bags-tetra-pillow\/#primaryimage"},"thumbnailUrl":"https:\/\/jiushidao.com\/wp-content\/uploads\/2025\/10\/\u56fe\u72475-3.png","datePublished":"2025-10-31T03:30:23+00:00","dateModified":"2025-10-31T03:30:24+00:00","breadcrumb":{"@id":"https:\/\/jiushidao.com\/product\/kashi-nanda-glacier-pasture-organic-pure-milk-200gx20-bags-tetra-pillow\/#breadcrumb"},"inLanguage":"vi","potentialAction":[{"@type":"ReadAction","target":["https:\/\/jiushidao.com\/product\/kashi-nanda-glacier-pasture-organic-pure-milk-200gx20-bags-tetra-pillow\/"]}]},{"@type":"ImageObject","inLanguage":"vi","@id":"https:\/\/jiushidao.com\/product\/kashi-nanda-glacier-pasture-organic-pure-milk-200gx20-bags-tetra-pillow\/#primaryimage","url":"https:\/\/jiushidao.com\/wp-content\/uploads\/2025\/10\/\u56fe\u72475-3.png","contentUrl":"https:\/\/jiushidao.com\/wp-content\/uploads\/2025\/10\/\u56fe\u72475-3.png","width":800,"height":800},{"@type":"BreadcrumbList","@id":"https:\/\/jiushidao.com\/product\/kashi-nanda-glacier-pasture-organic-pure-milk-200gx20-bags-tetra-pillow\/#breadcrumb","itemListElement":[{"@type":"ListItem","position":1,"name":"Home","item":"https:\/\/jiushidao.com\/"},{"@type":"ListItem","position":2,"name":"Store","item":"https:\/\/jiushidao.com\/store\/"},{"@type":"ListItem","position":3,"name":"Kashi Nanda Glacier Pasture Organic Pure Milk 200g\u00d720 Bags (Tetra Pillow)"}]},{"@type":"WebSite","@id":"https:\/\/jiushidao.com\/#website","url":"https:\/\/jiushidao.com\/","name":"Jiushidao - Global Food Marketplace for Business Growth and Cosumers","description":"Jiushidao - Global Food Marketplace for Business Growth and Cosumers","potentialAction":[{"@type":"SearchAction","target":{"@type":"EntryPoint","urlTemplate":"https:\/\/jiushidao.com\/?s={search_term_string}"},"query-input":{"@type":"PropertyValueSpecification","valueRequired":true,"valueName":"search_term_string"}}],"inLanguage":"vi"}]}},"_links":{"self":[{"href":"https:\/\/jiushidao.com\/vi\/wp-json\/wp\/v2\/product\/874","targetHints":{"allow":["GET"]}}],"collection":[{"href":"https:\/\/jiushidao.com\/vi\/wp-json\/wp\/v2\/product"}],"about":[{"href":"https:\/\/jiushidao.com\/vi\/wp-json\/wp\/v2\/types\/product"}],"replies":[{"embeddable":true,"href":"https:\/\/jiushidao.com\/vi\/wp-json\/wp\/v2\/comments?post=874"}],"version-history":[{"count":1,"href":"https:\/\/jiushidao.com\/vi\/wp-json\/wp\/v2\/product\/874\/revisions"}],"predecessor-version":[{"id":876,"href":"https:\/\/jiushidao.com\/vi\/wp-json\/wp\/v2\/product\/874\/revisions\/876"}],"wp:featuredmedia":[{"embeddable":true,"href":"https:\/\/jiushidao.com\/vi\/wp-json\/wp\/v2\/media\/875"}],"wp:attachment":[{"href":"https:\/\/jiushidao.com\/vi\/wp-json\/wp\/v2\/media?parent=874"}],"wp:term":[{"taxonomy":"product_brand","embeddable":true,"href":"https:\/\/jiushidao.com\/vi\/wp-json\/wp\/v2\/product_brand?post=874"},{"taxonomy":"product_cat","embeddable":true,"href":"https:\/\/jiushidao.com\/vi\/wp-json\/wp\/v2\/product_cat?post=874"},{"taxonomy":"product_tag","embeddable":true,"href":"https:\/\/jiushidao.com\/vi\/wp-json\/wp\/v2\/product_tag?post=874"}],"curies":[{"name":"wp","href":"https:\/\/api.w.org\/{rel}","templated":true}]}}