{"id":868,"date":"2025-10-31T03:13:02","date_gmt":"2025-10-31T03:13:02","guid":{"rendered":"https:\/\/jiushidao.com\/?post_type=product&#038;p=868"},"modified":"2025-10-31T03:24:25","modified_gmt":"2025-10-31T03:24:25","slug":"nanda-blue-sea-brick-pure-milk-cartons-200mlx12-pack","status":"publish","type":"product","link":"https:\/\/jiushidao.com\/vi\/san-pham\/nanda-blue-sea-brick-pure-milk-cartons-200mlx12-pack\/","title":{"rendered":"S\u1eefa t\u01b0\u01a1i nguy\u00ean ch\u1ea5t Nanda Blue Sea Brick h\u1ed9p 200ml x 12 h\u1ed9p"},"content":{"rendered":"<section class=\"ybc-p\">\n<section class=\"ybc-p\">Kh\u00e1m ph\u00e1 tinh t\u00fay c\u1ee7a s\u1ef1 tinh khi\u1ebft v\u1edbi S\u1eefa h\u1eefu c\u01a1 nguy\u00ean ch\u1ea5t Glacier Farm, \u0111\u01b0\u1ee3c l\u1ea5y t\u1eeb nh\u1eefng \u0111\u1ed3ng c\u1ecf cao nguy\u00ean nguy\u00ean s\u01a1 \u0111\u01b0\u1ee3c nu\u00f4i d\u01b0\u1ee1ng b\u1edfi nh\u1eefng d\u00f2ng s\u00f4ng b\u0103ng h\u00e0ng ng\u00e0n n\u0103m tu\u1ed5i. M\u1ed7i h\u1ed9p 200g ch\u1ee9a 100% s\u1eefa h\u1eefu c\u01a1, mang \u0111\u1ebfn h\u01b0\u01a1ng v\u1ecb b\u00e9o ng\u1eady t\u1ef1 nhi\u00ean, kh\u00f4ng b\u1ecb \u1ea3nh h\u01b0\u1edfng b\u1edfi ch\u1ea5t \u00f4 nhi\u1ec5m hay ph\u1ee5 gia. S\u1eefa c\u1ee7a ch\u00fang t\u00f4i \u0111\u01b0\u1ee3c l\u1ea5y t\u1eeb nh\u1eefng ch\u00fa b\u00f2 \u0103n c\u1ecf \u0111\u01b0\u1ee3c nu\u00f4i d\u01b0\u1ee1ng trong m\u00f4i tr\u01b0\u1eddng nguy\u00ean s\u01a1 c\u1ee7a v\u00f9ng b\u0103ng gi\u00e1, \u0111\u1ea3m b\u1ea3o tr\u1ea3i nghi\u1ec7m s\u1eefa t\u01b0\u01a1i nguy\u00ean ch\u1ea5t v\u00e0 l\u00e0nh m\u1ea1nh.<\/section>\n<section class=\"ybc-p\">\u0110\u01b0\u1ee3c \u0111\u00f3ng g\u00f3i trong h\u1ed9p gi\u1ea5y ti\u1ec7n l\u1ee3i, lo\u1ea1i s\u1eefa n\u00e0y l\u00fd t\u01b0\u1edfng cho nhu c\u1ea7u dinh d\u01b0\u1ee1ng h\u00e0ng ng\u00e0y, b\u1eefa s\u00e1ng gia \u0111\u00ecnh ho\u1eb7c gi\u1ea3i kh\u00e1t khi di chuy\u1ec3n. V\u1edbi cam k\u1ebft th\u1ef1c h\u00e0nh h\u1eefu c\u01a1 v\u00e0 ngu\u1ed3n g\u1ed1c r\u00f5 r\u00e0ng, Glacier Farm mang \u0111\u1ebfn cho b\u1ea1n h\u01b0\u01a1ng v\u1ecb tinh khi\u1ebft nh\u1ea5t c\u1ee7a thi\u00ean nhi\u00ean trong t\u1eebng ng\u1ee5m.<\/section>\n<hr \/>\n<section class=\"ybc-p\"><strong>C\u00e1c t\u00ednh n\u0103ng ch\u00ednh<\/strong><\/section>\n<ul class=\"ybc-ul-component\">\n<li class=\"ybc-li-component ybc-li-component_ul\">\n<section class=\"ybc-p\">\u00a0<strong>C\u00f3 ngu\u1ed3n g\u1ed1c t\u1eeb Glacial Origins<\/strong>: S\u1eefa \u0111\u01b0\u1ee3c s\u1ea3n xu\u1ea5t tr\u00ean \u0111\u1ed3ng c\u1ecf \u1edf v\u00f9ng cao \u0111\u01b0\u1ee3c nu\u00f4i d\u01b0\u1ee1ng b\u1edfi c\u00e1c s\u00f4ng b\u0103ng c\u1ed5 \u0111\u1ea1i<\/section>\n<\/li>\n<li class=\"ybc-li-component ybc-li-component_ul\">\n<section class=\"ybc-p\">\u00a0<strong>\u0110\u01b0\u1ee3c ch\u1ee9ng nh\u1eadn h\u1eefu c\u01a1<\/strong>: Kh\u00f4ng ch\u1ee9a thu\u1ed1c tr\u1eeb s\u00e2u, hormone v\u00e0 ch\u1ea5t ph\u1ee5 gia nh\u00e2n t\u1ea1o<\/section>\n<\/li>\n<li class=\"ybc-li-component ybc-li-component_ul\">\n<section class=\"ybc-p\">\u00a0<strong>B\u00f2 \u0103n c\u1ecf<\/strong>: B\u00f2 \u0111\u01b0\u1ee3c ch\u0103n th\u1ea3 t\u1ef1 do tr\u00ean \u0111\u1ed3ng c\u1ecf t\u1ef1 nhi\u00ean \u0111\u1ec3 c\u00f3 h\u01b0\u01a1ng v\u1ecb v\u00e0 dinh d\u01b0\u1ee1ng phong ph\u00fa h\u01a1n<\/section>\n<\/li>\n<li class=\"ybc-li-component ybc-li-component_ul\">\n<section class=\"ybc-p\">\u00a0<strong>H\u1ed9p 200g ti\u1ec7n l\u1ee3i<\/strong>: Ho\u00e0n h\u1ea3o cho b\u1eefa tr\u01b0a, du l\u1ecbch ho\u1eb7c ti\u00eau th\u1ee5 nhanh<\/section>\n<\/li>\n<li class=\"ybc-li-component ybc-li-component_ul\">\n<section class=\"ybc-p\">\u00a0<strong>Ngu\u1ed3n cung \u1ee9ng minh b\u1ea1ch<\/strong>: C\u00f3 th\u1ec3 truy xu\u1ea5t ngu\u1ed3n g\u1ed1c t\u1eeb trang tr\u1ea1i \u0111\u1ebfn b\u00e0n \u0103n, \u0111\u1ea3m b\u1ea3o ch\u1ea5t l\u01b0\u1ee3ng v\u00e0 \u0111\u1ed9 t\u01b0\u01a1i ngon<\/section>\n<\/li>\n<\/ul>\n<\/section>","protected":false},"excerpt":{"rendered":"<p>Kh\u00e1m ph\u00e1 tinh t\u00fay c\u1ee7a s\u1ef1 tinh khi\u1ebft v\u1edbi S\u1eefa h\u1eefu c\u01a1 nguy\u00ean ch\u1ea5t Glacier Farm, \u0111\u01b0\u1ee3c l\u1ea5y t\u1eeb nh\u1eefng \u0111\u1ed3ng c\u1ecf cao nguy\u00ean nguy\u00ean s\u01a1 \u0111\u01b0\u1ee3c nu\u00f4i d\u01b0\u1ee1ng b\u1edfi nh\u1eefng d\u00f2ng s\u00f4ng b\u0103ng h\u00e0ng ng\u00e0n n\u0103m tu\u1ed5i. M\u1ed7i h\u1ed9p 200g ch\u1ee9a 100%<span class=\"excerpt-hellip\"> [\u2026]<\/span><\/p>","protected":false},"featured_media":869,"comment_status":"open","ping_status":"closed","template":"","meta":[],"product_brand":[62],"product_cat":[61],"product_tag":[],"class_list":{"0":"post-868","1":"product","2":"type-product","3":"status-publish","4":"has-post-thumbnail","6":"product_brand-62","7":"product_cat-da_jiang_you_li","9":"first","10":"instock","11":"shipping-taxable","12":"product-type-simple"},"yoast_head":"<!-- This site is optimized with the Yoast SEO Premium plugin v25.8 (Yoast SEO v25.8) - https:\/\/yoast.com\/wordpress\/plugins\/seo\/ -->\n<title>Nanda Blue Sea Brick Pure Milk Cartons - 200ml\u00d712 Pack - Jiushidao - Global Food Marketplace for Business Growth and Cosumers<\/title>\n<meta name=\"robots\" content=\"index, follow, max-snippet:-1, max-image-preview:large, max-video-preview:-1\" \/>\n<link rel=\"canonical\" href=\"https:\/\/jiushidao.com\/vi\/san-pham\/nanda-blue-sea-brick-pure-milk-cartons-200mlx12-pack\/\" \/>\n<meta property=\"og:locale\" content=\"vi_VN\" \/>\n<meta property=\"og:type\" content=\"article\" \/>\n<meta property=\"og:title\" content=\"Nanda Blue Sea Brick Pure Milk Cartons - 200ml\u00d712 Pack\" \/>\n<meta property=\"og:description\" content=\"Discover the essence of purity with Glacier Farm Organic Pure Milk, sourced from the pristine high-altitude pastures nourished by millennia-old glaciers. Each 200g carton contains 100% [\u2026]\" \/>\n<meta property=\"og:url\" content=\"https:\/\/jiushidao.com\/vi\/san-pham\/nanda-blue-sea-brick-pure-milk-cartons-200mlx12-pack\/\" \/>\n<meta property=\"og:site_name\" content=\"Jiushidao - Global Food Marketplace for Business Growth and Cosumers\" \/>\n<meta property=\"article:modified_time\" content=\"2025-10-31T03:24:25+00:00\" \/>\n<meta property=\"og:image\" content=\"https:\/\/jiushidao.com\/wp-content\/uploads\/2025\/10\/\u56fe\u72473-3.png\" \/>\n\t<meta property=\"og:image:width\" content=\"800\" \/>\n\t<meta property=\"og:image:height\" content=\"800\" \/>\n\t<meta property=\"og:image:type\" content=\"image\/png\" \/>\n<meta name=\"twitter:card\" content=\"summary_large_image\" \/>\n<meta name=\"twitter:label1\" content=\"\u01af\u1edbc t\u00ednh th\u1eddi gian \u0111\u1ecdc\" \/>\n\t<meta name=\"twitter:data1\" content=\"1 ph\u00fat\" \/>\n<script type=\"application\/ld+json\" class=\"yoast-schema-graph\">{\"@context\":\"https:\/\/schema.org\",\"@graph\":[{\"@type\":\"WebPage\",\"@id\":\"https:\/\/jiushidao.com\/product\/nanda-blue-sea-brick-pure-milk-cartons-200mlx12-pack\/\",\"url\":\"https:\/\/jiushidao.com\/product\/nanda-blue-sea-brick-pure-milk-cartons-200mlx12-pack\/\",\"name\":\"Nanda Blue Sea Brick Pure Milk Cartons - 200ml\u00d712 Pack - Jiushidao - Global Food Marketplace for Business Growth and Cosumers\",\"isPartOf\":{\"@id\":\"https:\/\/jiushidao.com\/#website\"},\"primaryImageOfPage\":{\"@id\":\"https:\/\/jiushidao.com\/product\/nanda-blue-sea-brick-pure-milk-cartons-200mlx12-pack\/#primaryimage\"},\"image\":{\"@id\":\"https:\/\/jiushidao.com\/product\/nanda-blue-sea-brick-pure-milk-cartons-200mlx12-pack\/#primaryimage\"},\"thumbnailUrl\":\"https:\/\/jiushidao.com\/wp-content\/uploads\/2025\/10\/\u56fe\u72473-3.png\",\"datePublished\":\"2025-10-31T03:13:02+00:00\",\"dateModified\":\"2025-10-31T03:24:25+00:00\",\"breadcrumb\":{\"@id\":\"https:\/\/jiushidao.com\/product\/nanda-blue-sea-brick-pure-milk-cartons-200mlx12-pack\/#breadcrumb\"},\"inLanguage\":\"vi\",\"potentialAction\":[{\"@type\":\"ReadAction\",\"target\":[\"https:\/\/jiushidao.com\/product\/nanda-blue-sea-brick-pure-milk-cartons-200mlx12-pack\/\"]}]},{\"@type\":\"ImageObject\",\"inLanguage\":\"vi\",\"@id\":\"https:\/\/jiushidao.com\/product\/nanda-blue-sea-brick-pure-milk-cartons-200mlx12-pack\/#primaryimage\",\"url\":\"https:\/\/jiushidao.com\/wp-content\/uploads\/2025\/10\/\u56fe\u72473-3.png\",\"contentUrl\":\"https:\/\/jiushidao.com\/wp-content\/uploads\/2025\/10\/\u56fe\u72473-3.png\",\"width\":800,\"height\":800},{\"@type\":\"BreadcrumbList\",\"@id\":\"https:\/\/jiushidao.com\/product\/nanda-blue-sea-brick-pure-milk-cartons-200mlx12-pack\/#breadcrumb\",\"itemListElement\":[{\"@type\":\"ListItem\",\"position\":1,\"name\":\"Home\",\"item\":\"https:\/\/jiushidao.com\/\"},{\"@type\":\"ListItem\",\"position\":2,\"name\":\"Store\",\"item\":\"https:\/\/jiushidao.com\/store\/\"},{\"@type\":\"ListItem\",\"position\":3,\"name\":\"Nanda Blue Sea Brick Pure Milk Cartons &#8211; 200ml\u00d712 Pack\"}]},{\"@type\":\"WebSite\",\"@id\":\"https:\/\/jiushidao.com\/#website\",\"url\":\"https:\/\/jiushidao.com\/\",\"name\":\"Jiushidao - Global Food Marketplace for Business Growth and Cosumers\",\"description\":\"Jiushidao - Global Food Marketplace for Business Growth and Cosumers\",\"potentialAction\":[{\"@type\":\"SearchAction\",\"target\":{\"@type\":\"EntryPoint\",\"urlTemplate\":\"https:\/\/jiushidao.com\/?s={search_term_string}\"},\"query-input\":{\"@type\":\"PropertyValueSpecification\",\"valueRequired\":true,\"valueName\":\"search_term_string\"}}],\"inLanguage\":\"vi\"}]}<\/script>\n<!-- \/ Yoast SEO Premium plugin. -->","yoast_head_json":{"title":"Nanda Blue Sea Brick Pure Milk Cartons - 200ml\u00d712 Pack - Jiushidao - Global Food Marketplace for Business Growth and Cosumers","robots":{"index":"index","follow":"follow","max-snippet":"max-snippet:-1","max-image-preview":"max-image-preview:large","max-video-preview":"max-video-preview:-1"},"canonical":"https:\/\/jiushidao.com\/vi\/san-pham\/nanda-blue-sea-brick-pure-milk-cartons-200mlx12-pack\/","og_locale":"vi_VN","og_type":"article","og_title":"Nanda Blue Sea Brick Pure Milk Cartons - 200ml\u00d712 Pack","og_description":"Discover the essence of purity with Glacier Farm Organic Pure Milk, sourced from the pristine high-altitude pastures nourished by millennia-old glaciers. Each 200g carton contains 100% [\u2026]","og_url":"https:\/\/jiushidao.com\/vi\/san-pham\/nanda-blue-sea-brick-pure-milk-cartons-200mlx12-pack\/","og_site_name":"Jiushidao - Global Food Marketplace for Business Growth and Cosumers","article_modified_time":"2025-10-31T03:24:25+00:00","og_image":[{"width":800,"height":800,"url":"https:\/\/jiushidao.com\/wp-content\/uploads\/2025\/10\/\u56fe\u72473-3.png","type":"image\/png"}],"twitter_card":"summary_large_image","twitter_misc":{"\u01af\u1edbc t\u00ednh th\u1eddi gian \u0111\u1ecdc":"1 ph\u00fat"},"schema":{"@context":"https:\/\/schema.org","@graph":[{"@type":"WebPage","@id":"https:\/\/jiushidao.com\/product\/nanda-blue-sea-brick-pure-milk-cartons-200mlx12-pack\/","url":"https:\/\/jiushidao.com\/product\/nanda-blue-sea-brick-pure-milk-cartons-200mlx12-pack\/","name":"Nanda Blue Sea Brick Pure Milk Cartons - 200ml\u00d712 Pack - Jiushidao - Global Food Marketplace for Business Growth and Cosumers","isPartOf":{"@id":"https:\/\/jiushidao.com\/#website"},"primaryImageOfPage":{"@id":"https:\/\/jiushidao.com\/product\/nanda-blue-sea-brick-pure-milk-cartons-200mlx12-pack\/#primaryimage"},"image":{"@id":"https:\/\/jiushidao.com\/product\/nanda-blue-sea-brick-pure-milk-cartons-200mlx12-pack\/#primaryimage"},"thumbnailUrl":"https:\/\/jiushidao.com\/wp-content\/uploads\/2025\/10\/\u56fe\u72473-3.png","datePublished":"2025-10-31T03:13:02+00:00","dateModified":"2025-10-31T03:24:25+00:00","breadcrumb":{"@id":"https:\/\/jiushidao.com\/product\/nanda-blue-sea-brick-pure-milk-cartons-200mlx12-pack\/#breadcrumb"},"inLanguage":"vi","potentialAction":[{"@type":"ReadAction","target":["https:\/\/jiushidao.com\/product\/nanda-blue-sea-brick-pure-milk-cartons-200mlx12-pack\/"]}]},{"@type":"ImageObject","inLanguage":"vi","@id":"https:\/\/jiushidao.com\/product\/nanda-blue-sea-brick-pure-milk-cartons-200mlx12-pack\/#primaryimage","url":"https:\/\/jiushidao.com\/wp-content\/uploads\/2025\/10\/\u56fe\u72473-3.png","contentUrl":"https:\/\/jiushidao.com\/wp-content\/uploads\/2025\/10\/\u56fe\u72473-3.png","width":800,"height":800},{"@type":"BreadcrumbList","@id":"https:\/\/jiushidao.com\/product\/nanda-blue-sea-brick-pure-milk-cartons-200mlx12-pack\/#breadcrumb","itemListElement":[{"@type":"ListItem","position":1,"name":"Home","item":"https:\/\/jiushidao.com\/"},{"@type":"ListItem","position":2,"name":"Store","item":"https:\/\/jiushidao.com\/store\/"},{"@type":"ListItem","position":3,"name":"Nanda Blue Sea Brick Pure Milk Cartons &#8211; 200ml\u00d712 Pack"}]},{"@type":"WebSite","@id":"https:\/\/jiushidao.com\/#website","url":"https:\/\/jiushidao.com\/","name":"Jiushidao - Global Food Marketplace for Business Growth and Cosumers","description":"Jiushidao - Global Food Marketplace for Business Growth and Cosumers","potentialAction":[{"@type":"SearchAction","target":{"@type":"EntryPoint","urlTemplate":"https:\/\/jiushidao.com\/?s={search_term_string}"},"query-input":{"@type":"PropertyValueSpecification","valueRequired":true,"valueName":"search_term_string"}}],"inLanguage":"vi"}]}},"_links":{"self":[{"href":"https:\/\/jiushidao.com\/vi\/wp-json\/wp\/v2\/product\/868","targetHints":{"allow":["GET"]}}],"collection":[{"href":"https:\/\/jiushidao.com\/vi\/wp-json\/wp\/v2\/product"}],"about":[{"href":"https:\/\/jiushidao.com\/vi\/wp-json\/wp\/v2\/types\/product"}],"replies":[{"embeddable":true,"href":"https:\/\/jiushidao.com\/vi\/wp-json\/wp\/v2\/comments?post=868"}],"version-history":[{"count":3,"href":"https:\/\/jiushidao.com\/vi\/wp-json\/wp\/v2\/product\/868\/revisions"}],"predecessor-version":[{"id":873,"href":"https:\/\/jiushidao.com\/vi\/wp-json\/wp\/v2\/product\/868\/revisions\/873"}],"wp:featuredmedia":[{"embeddable":true,"href":"https:\/\/jiushidao.com\/vi\/wp-json\/wp\/v2\/media\/869"}],"wp:attachment":[{"href":"https:\/\/jiushidao.com\/vi\/wp-json\/wp\/v2\/media?parent=868"}],"wp:term":[{"taxonomy":"product_brand","embeddable":true,"href":"https:\/\/jiushidao.com\/vi\/wp-json\/wp\/v2\/product_brand?post=868"},{"taxonomy":"product_cat","embeddable":true,"href":"https:\/\/jiushidao.com\/vi\/wp-json\/wp\/v2\/product_cat?post=868"},{"taxonomy":"product_tag","embeddable":true,"href":"https:\/\/jiushidao.com\/vi\/wp-json\/wp\/v2\/product_tag?post=868"}],"curies":[{"name":"wp","href":"https:\/\/api.w.org\/{rel}","templated":true}]}}