{"id":865,"date":"2025-10-31T03:07:13","date_gmt":"2025-10-31T03:07:13","guid":{"rendered":"https:\/\/jiushidao.com\/?post_type=product&#038;p=865"},"modified":"2025-10-31T03:07:14","modified_gmt":"2025-10-31T03:07:14","slug":"pillow-pack-pure-milk-from-kashi-xinjiang-200mlx20","status":"publish","type":"product","link":"https:\/\/jiushidao.com\/vi\/san-pham\/pillow-pack-pure-milk-from-kashi-xinjiang-200mlx20\/","title":{"rendered":"G\u00f3i s\u1eefa t\u01b0\u01a1i nguy\u00ean ch\u1ea5t Kashi, T\u00e2n C\u01b0\u01a1ng 200mlx20"},"content":{"rendered":"<section class=\"ybc-p\">Kh\u00e1m ph\u00e1 h\u01b0\u01a1ng v\u1ecb thu\u1ea7n khi\u1ebft, b\u1ed5 d\u01b0\u1ee1ng c\u1ee7a S\u1eefa t\u01b0\u01a1i nguy\u00ean ch\u1ea5t Nanda\u00ae, \u0111\u01b0\u1ee3c l\u1ea5y t\u1eeb nh\u1eefng \u0111\u1ed3ng c\u1ecf nguy\u00ean s\u01a1 c\u1ee7a T\u00e2n C\u01b0\u01a1ng v\u00e0 giao h\u00e0ng t\u1eadn nh\u00e0. M\u1ed7i g\u00f3i 200g ch\u1ee9a \u0111\u1ea7y d\u01b0\u1ee1ng ch\u1ea5t t\u1ef1 nhi\u00ean, mang \u0111\u1ebfn h\u01b0\u01a1ng v\u1ecb t\u01b0\u01a1i m\u00e1t, b\u00e9o ng\u1eady, ph\u1ea3n \u00e1nh ti\u00eau chu\u1ea9n ch\u1ea5t l\u01b0\u1ee3ng cao c\u1ee7a Nanda - m\u1ed9t doanh nghi\u1ec7p h\u00e0ng \u0111\u1ea7u \u0111\u01b0\u1ee3c c\u00f4ng nh\u1eadn tr\u00ean to\u00e0n qu\u1ed1c v\u1ec1 c\u00f4ng nghi\u1ec7p h\u00f3a n\u00f4ng nghi\u1ec7p.<\/section>\n<section class=\"ybc-p\">Ho\u00e0n h\u1ea3o cho gia \u0111\u00ecnh, tr\u01b0\u1eddng h\u1ecdc ho\u1eb7c s\u1eed d\u1ee5ng h\u00e0ng ng\u00e0y, g\u00f3i l\u1edbn 4kg (20 kh\u1ea9u ph\u1ea7n) \u0111\u1ea3m b\u1ea3o s\u1ef1 ti\u1ec7n l\u1ee3i v\u00e0 t\u01b0\u01a1i ngon trong t\u1eebng ng\u1ee5m. D\u00f9 d\u00f9ng ri\u00eang, k\u1ebft h\u1ee3p v\u1edbi ng\u0169 c\u1ed1c hay d\u00f9ng trong n\u1ea5u \u0103n, Nanda Pure Milk mang \u0111\u1ebfn tr\u1ea3i nghi\u1ec7m s\u1eefa nguy\u00ean ch\u1ea5t, b\u1ed5 d\u01b0\u1ee1ng v\u00e0 \u0111\u00edch th\u1ef1c v\u1edbi ch\u1ea5t l\u01b0\u1ee3ng \u0111\u00e1ng tin c\u1eady.<\/section>\n<hr \/>\n<section class=\"ybc-p\"><strong>C\u00e1c t\u00ednh n\u0103ng ch\u00ednh<\/strong><\/section>\n<ul class=\"ybc-ul-component\">\n<li class=\"ybc-li-component ybc-li-component_ul\">\n<section class=\"ybc-p\">\u00a0<strong>S\u1eefa t\u01b0\u01a1i nguy\u00ean ch\u1ea5t 100%<\/strong>: Kh\u00f4ng c\u00f3 ch\u1ea5t ph\u1ee5 gia ho\u1eb7c ch\u1ea5t b\u1ea3o qu\u1ea3n\u2014ch\u1ec9 c\u00f3 s\u1eefa t\u1ef1 nhi\u00ean, ch\u1ea5t l\u01b0\u1ee3ng cao<\/section>\n<\/li>\n<li class=\"ybc-li-component ybc-li-component_ul\">\n<section class=\"ybc-p\">\u00a0<strong>T\u1eeb \u0111\u1ed3ng c\u1ecf T\u00e2n C\u01b0\u01a1ng<\/strong>: C\u00f3 ngu\u1ed3n g\u1ed1c t\u1eeb \u0111\u1ed3ng c\u1ecf xanh t\u1ef1 nhi\u00ean \u1edf T\u00e2n C\u01b0\u01a1ng<\/section>\n<\/li>\n<li class=\"ybc-li-component ybc-li-component_ul\">\n<section class=\"ybc-p\">\u00a0<strong>G\u00f3i ti\u1ec7n l\u1ee3i<\/strong>: C\u00e1c ph\u1ea7n ri\u00eang l\u1ebb 200g \u0111\u1ec3 gi\u1eef \u0111\u1ed9 t\u01b0\u01a1i v\u00e0 d\u1ec5 b\u1ea3o qu\u1ea3n<\/section>\n<\/li>\n<li class=\"ybc-li-component ybc-li-component_ul\">\n<section class=\"ybc-p\">\u00a0<strong>Th\u01b0\u01a1ng hi\u1ec7u \u0111\u00e1ng tin c\u1eady<\/strong>: \u0110\u01b0\u1ee3c s\u1ea3n xu\u1ea5t b\u1edfi m\u1ed9t doanh nghi\u1ec7p tr\u1ecdng \u0111i\u1ec3m qu\u1ed1c gia h\u00e0ng \u0111\u1ea7u trong c\u00f4ng nghi\u1ec7p h\u00f3a n\u00f4ng nghi\u1ec7p<\/section>\n<\/li>\n<li class=\"ybc-li-component ybc-li-component_ul\">\n<section class=\"ybc-p\">\u00a0<strong>Gi\u00e0u dinh d\u01b0\u1ee1ng<\/strong>: Th\u00edch h\u1ee3p cho tr\u1ebb em \u0111ang l\u1edbn, ch\u1ebf \u0111\u1ed9 \u0103n h\u00e0ng ng\u00e0y ho\u1eb7c l\u00e0m \u0111\u1ed3 u\u1ed1ng l\u00e0nh m\u1ea1nh<\/section>\n<\/li>\n<\/ul>","protected":false},"excerpt":{"rendered":"<p>Kh\u00e1m ph\u00e1 h\u01b0\u01a1ng v\u1ecb tinh khi\u1ebft, b\u1ed5 d\u01b0\u1ee1ng c\u1ee7a S\u1eefa t\u01b0\u01a1i nguy\u00ean ch\u1ea5t Nanda\u00ae, \u0111\u01b0\u1ee3c l\u1ea5y t\u1eeb nh\u1eefng \u0111\u1ed3ng c\u1ecf nguy\u00ean s\u01a1 c\u1ee7a T\u00e2n C\u01b0\u01a1ng v\u00e0 giao h\u00e0ng t\u1eadn nh\u00e0. M\u1ed7i g\u00f3i 200g<span class=\"excerpt-hellip\"> [\u2026]<\/span><\/p>","protected":false},"featured_media":866,"comment_status":"open","ping_status":"closed","template":"","meta":[],"product_brand":[62],"product_cat":[61],"product_tag":[],"class_list":{"0":"post-865","1":"product","2":"type-product","3":"status-publish","4":"has-post-thumbnail","6":"product_brand-62","7":"product_cat-da_jiang_you_li","9":"first","10":"instock","11":"shipping-taxable","12":"product-type-simple"},"yoast_head":"<!-- This site is optimized with the Yoast SEO Premium plugin v25.8 (Yoast SEO v25.8) - https:\/\/yoast.com\/wordpress\/plugins\/seo\/ -->\n<title>Pillow Pack Pure Milk from Kashi, Xinjiang 200mlx20 - Jiushidao - Global Food Marketplace for Business Growth and Cosumers<\/title>\n<meta name=\"robots\" content=\"index, follow, max-snippet:-1, max-image-preview:large, max-video-preview:-1\" \/>\n<link rel=\"canonical\" href=\"https:\/\/jiushidao.com\/vi\/san-pham\/pillow-pack-pure-milk-from-kashi-xinjiang-200mlx20\/\" \/>\n<meta property=\"og:locale\" content=\"vi_VN\" \/>\n<meta property=\"og:type\" content=\"article\" \/>\n<meta property=\"og:title\" content=\"Pillow Pack Pure Milk from Kashi, Xinjiang 200mlx20\" \/>\n<meta property=\"og:description\" content=\"Discover the pure, wholesome taste of Nanda\u00ae Pure Milk, sourced from the pristine pastures of Xinjiang and delivered directly to your home. Each 200g sachet is [\u2026]\" \/>\n<meta property=\"og:url\" content=\"https:\/\/jiushidao.com\/vi\/san-pham\/pillow-pack-pure-milk-from-kashi-xinjiang-200mlx20\/\" \/>\n<meta property=\"og:site_name\" content=\"Jiushidao - Global Food Marketplace for Business Growth and Cosumers\" \/>\n<meta property=\"article:modified_time\" content=\"2025-10-31T03:07:14+00:00\" \/>\n<meta property=\"og:image\" content=\"https:\/\/jiushidao.com\/wp-content\/uploads\/2025\/10\/\u56fe\u72472-3.png\" \/>\n\t<meta property=\"og:image:width\" content=\"800\" \/>\n\t<meta property=\"og:image:height\" content=\"800\" \/>\n\t<meta property=\"og:image:type\" content=\"image\/png\" \/>\n<meta name=\"twitter:card\" content=\"summary_large_image\" \/>\n<meta name=\"twitter:label1\" content=\"\u01af\u1edbc t\u00ednh th\u1eddi gian \u0111\u1ecdc\" \/>\n\t<meta name=\"twitter:data1\" content=\"1 ph\u00fat\" \/>\n<script type=\"application\/ld+json\" class=\"yoast-schema-graph\">{\"@context\":\"https:\/\/schema.org\",\"@graph\":[{\"@type\":\"WebPage\",\"@id\":\"https:\/\/jiushidao.com\/product\/pillow-pack-pure-milk-from-kashi-xinjiang-200mlx20\/\",\"url\":\"https:\/\/jiushidao.com\/product\/pillow-pack-pure-milk-from-kashi-xinjiang-200mlx20\/\",\"name\":\"Pillow Pack Pure Milk from Kashi, Xinjiang 200mlx20 - Jiushidao - Global Food Marketplace for Business Growth and Cosumers\",\"isPartOf\":{\"@id\":\"https:\/\/jiushidao.com\/#website\"},\"primaryImageOfPage\":{\"@id\":\"https:\/\/jiushidao.com\/product\/pillow-pack-pure-milk-from-kashi-xinjiang-200mlx20\/#primaryimage\"},\"image\":{\"@id\":\"https:\/\/jiushidao.com\/product\/pillow-pack-pure-milk-from-kashi-xinjiang-200mlx20\/#primaryimage\"},\"thumbnailUrl\":\"https:\/\/jiushidao.com\/wp-content\/uploads\/2025\/10\/\u56fe\u72472-3.png\",\"datePublished\":\"2025-10-31T03:07:13+00:00\",\"dateModified\":\"2025-10-31T03:07:14+00:00\",\"breadcrumb\":{\"@id\":\"https:\/\/jiushidao.com\/product\/pillow-pack-pure-milk-from-kashi-xinjiang-200mlx20\/#breadcrumb\"},\"inLanguage\":\"vi\",\"potentialAction\":[{\"@type\":\"ReadAction\",\"target\":[\"https:\/\/jiushidao.com\/product\/pillow-pack-pure-milk-from-kashi-xinjiang-200mlx20\/\"]}]},{\"@type\":\"ImageObject\",\"inLanguage\":\"vi\",\"@id\":\"https:\/\/jiushidao.com\/product\/pillow-pack-pure-milk-from-kashi-xinjiang-200mlx20\/#primaryimage\",\"url\":\"https:\/\/jiushidao.com\/wp-content\/uploads\/2025\/10\/\u56fe\u72472-3.png\",\"contentUrl\":\"https:\/\/jiushidao.com\/wp-content\/uploads\/2025\/10\/\u56fe\u72472-3.png\",\"width\":800,\"height\":800},{\"@type\":\"BreadcrumbList\",\"@id\":\"https:\/\/jiushidao.com\/product\/pillow-pack-pure-milk-from-kashi-xinjiang-200mlx20\/#breadcrumb\",\"itemListElement\":[{\"@type\":\"ListItem\",\"position\":1,\"name\":\"Home\",\"item\":\"https:\/\/jiushidao.com\/\"},{\"@type\":\"ListItem\",\"position\":2,\"name\":\"Store\",\"item\":\"https:\/\/jiushidao.com\/store\/\"},{\"@type\":\"ListItem\",\"position\":3,\"name\":\"Pillow Pack Pure Milk from Kashi, Xinjiang 200mlx20\"}]},{\"@type\":\"WebSite\",\"@id\":\"https:\/\/jiushidao.com\/#website\",\"url\":\"https:\/\/jiushidao.com\/\",\"name\":\"Jiushidao - Global Food Marketplace for Business Growth and Cosumers\",\"description\":\"Jiushidao - Global Food Marketplace for Business Growth and Cosumers\",\"potentialAction\":[{\"@type\":\"SearchAction\",\"target\":{\"@type\":\"EntryPoint\",\"urlTemplate\":\"https:\/\/jiushidao.com\/?s={search_term_string}\"},\"query-input\":{\"@type\":\"PropertyValueSpecification\",\"valueRequired\":true,\"valueName\":\"search_term_string\"}}],\"inLanguage\":\"vi\"}]}<\/script>\n<!-- \/ Yoast SEO Premium plugin. -->","yoast_head_json":{"title":"Pillow Pack Pure Milk from Kashi, Xinjiang 200mlx20 - Jiushidao - Global Food Marketplace for Business Growth and Cosumers","robots":{"index":"index","follow":"follow","max-snippet":"max-snippet:-1","max-image-preview":"max-image-preview:large","max-video-preview":"max-video-preview:-1"},"canonical":"https:\/\/jiushidao.com\/vi\/san-pham\/pillow-pack-pure-milk-from-kashi-xinjiang-200mlx20\/","og_locale":"vi_VN","og_type":"article","og_title":"Pillow Pack Pure Milk from Kashi, Xinjiang 200mlx20","og_description":"Discover the pure, wholesome taste of Nanda\u00ae Pure Milk, sourced from the pristine pastures of Xinjiang and delivered directly to your home. Each 200g sachet is [\u2026]","og_url":"https:\/\/jiushidao.com\/vi\/san-pham\/pillow-pack-pure-milk-from-kashi-xinjiang-200mlx20\/","og_site_name":"Jiushidao - Global Food Marketplace for Business Growth and Cosumers","article_modified_time":"2025-10-31T03:07:14+00:00","og_image":[{"width":800,"height":800,"url":"https:\/\/jiushidao.com\/wp-content\/uploads\/2025\/10\/\u56fe\u72472-3.png","type":"image\/png"}],"twitter_card":"summary_large_image","twitter_misc":{"\u01af\u1edbc t\u00ednh th\u1eddi gian \u0111\u1ecdc":"1 ph\u00fat"},"schema":{"@context":"https:\/\/schema.org","@graph":[{"@type":"WebPage","@id":"https:\/\/jiushidao.com\/product\/pillow-pack-pure-milk-from-kashi-xinjiang-200mlx20\/","url":"https:\/\/jiushidao.com\/product\/pillow-pack-pure-milk-from-kashi-xinjiang-200mlx20\/","name":"Pillow Pack Pure Milk from Kashi, Xinjiang 200mlx20 - Jiushidao - Global Food Marketplace for Business Growth and Cosumers","isPartOf":{"@id":"https:\/\/jiushidao.com\/#website"},"primaryImageOfPage":{"@id":"https:\/\/jiushidao.com\/product\/pillow-pack-pure-milk-from-kashi-xinjiang-200mlx20\/#primaryimage"},"image":{"@id":"https:\/\/jiushidao.com\/product\/pillow-pack-pure-milk-from-kashi-xinjiang-200mlx20\/#primaryimage"},"thumbnailUrl":"https:\/\/jiushidao.com\/wp-content\/uploads\/2025\/10\/\u56fe\u72472-3.png","datePublished":"2025-10-31T03:07:13+00:00","dateModified":"2025-10-31T03:07:14+00:00","breadcrumb":{"@id":"https:\/\/jiushidao.com\/product\/pillow-pack-pure-milk-from-kashi-xinjiang-200mlx20\/#breadcrumb"},"inLanguage":"vi","potentialAction":[{"@type":"ReadAction","target":["https:\/\/jiushidao.com\/product\/pillow-pack-pure-milk-from-kashi-xinjiang-200mlx20\/"]}]},{"@type":"ImageObject","inLanguage":"vi","@id":"https:\/\/jiushidao.com\/product\/pillow-pack-pure-milk-from-kashi-xinjiang-200mlx20\/#primaryimage","url":"https:\/\/jiushidao.com\/wp-content\/uploads\/2025\/10\/\u56fe\u72472-3.png","contentUrl":"https:\/\/jiushidao.com\/wp-content\/uploads\/2025\/10\/\u56fe\u72472-3.png","width":800,"height":800},{"@type":"BreadcrumbList","@id":"https:\/\/jiushidao.com\/product\/pillow-pack-pure-milk-from-kashi-xinjiang-200mlx20\/#breadcrumb","itemListElement":[{"@type":"ListItem","position":1,"name":"Home","item":"https:\/\/jiushidao.com\/"},{"@type":"ListItem","position":2,"name":"Store","item":"https:\/\/jiushidao.com\/store\/"},{"@type":"ListItem","position":3,"name":"Pillow Pack Pure Milk from Kashi, Xinjiang 200mlx20"}]},{"@type":"WebSite","@id":"https:\/\/jiushidao.com\/#website","url":"https:\/\/jiushidao.com\/","name":"Jiushidao - Global Food Marketplace for Business Growth and Cosumers","description":"Jiushidao - Global Food Marketplace for Business Growth and Cosumers","potentialAction":[{"@type":"SearchAction","target":{"@type":"EntryPoint","urlTemplate":"https:\/\/jiushidao.com\/?s={search_term_string}"},"query-input":{"@type":"PropertyValueSpecification","valueRequired":true,"valueName":"search_term_string"}}],"inLanguage":"vi"}]}},"_links":{"self":[{"href":"https:\/\/jiushidao.com\/vi\/wp-json\/wp\/v2\/product\/865","targetHints":{"allow":["GET"]}}],"collection":[{"href":"https:\/\/jiushidao.com\/vi\/wp-json\/wp\/v2\/product"}],"about":[{"href":"https:\/\/jiushidao.com\/vi\/wp-json\/wp\/v2\/types\/product"}],"replies":[{"embeddable":true,"href":"https:\/\/jiushidao.com\/vi\/wp-json\/wp\/v2\/comments?post=865"}],"version-history":[{"count":1,"href":"https:\/\/jiushidao.com\/vi\/wp-json\/wp\/v2\/product\/865\/revisions"}],"predecessor-version":[{"id":867,"href":"https:\/\/jiushidao.com\/vi\/wp-json\/wp\/v2\/product\/865\/revisions\/867"}],"wp:featuredmedia":[{"embeddable":true,"href":"https:\/\/jiushidao.com\/vi\/wp-json\/wp\/v2\/media\/866"}],"wp:attachment":[{"href":"https:\/\/jiushidao.com\/vi\/wp-json\/wp\/v2\/media?parent=865"}],"wp:term":[{"taxonomy":"product_brand","embeddable":true,"href":"https:\/\/jiushidao.com\/vi\/wp-json\/wp\/v2\/product_brand?post=865"},{"taxonomy":"product_cat","embeddable":true,"href":"https:\/\/jiushidao.com\/vi\/wp-json\/wp\/v2\/product_cat?post=865"},{"taxonomy":"product_tag","embeddable":true,"href":"https:\/\/jiushidao.com\/vi\/wp-json\/wp\/v2\/product_tag?post=865"}],"curies":[{"name":"wp","href":"https:\/\/api.w.org\/{rel}","templated":true}]}}