{"id":862,"date":"2025-10-31T02:54:53","date_gmt":"2025-10-31T02:54:53","guid":{"rendered":"https:\/\/jiushidao.com\/?post_type=product&#038;p=862"},"modified":"2025-10-31T02:54:54","modified_gmt":"2025-10-31T02:54:54","slug":"kashi-nanda-pure-milk-200mlx20-cartons-blue-sea-brick-pack","status":"publish","type":"product","link":"https:\/\/jiushidao.com\/vi\/san-pham\/kashi-nanda-pure-milk-200mlx20-cartons-blue-sea-brick-pack\/","title":{"rendered":"S\u1eefa t\u01b0\u01a1i nguy\u00ean ch\u1ea5t Kashi NanDa 200ml x 20 h\u1ed9p (G\u00f3i g\u1ea1ch bi\u1ec3n xanh)"},"content":{"rendered":"<section class=\"ybc-p\">Tr\u1ea3i nghi\u1ec7m h\u01b0\u01a1ng v\u1ecb thu\u1ea7n khi\u1ebft c\u1ee7a thi\u00ean nhi\u00ean v\u1edbi s\u1eefa Nanda Pure Milk, \u0111\u01b0\u1ee3c l\u1ea5y tr\u1ef1c ti\u1ebfp t\u1eeb nh\u1eefng \u0111\u1ed3ng c\u1ecf nguy\u00ean s\u01a1 c\u1ee7a Cao nguy\u00ean Pamir t\u1ea1i th\u00e0nh ph\u1ed1 Kashi, T\u00e2n C\u01b0\u01a1ng. M\u1ed7i h\u1ed9p 200ml ch\u1ee9a 100% s\u1eefa t\u1ef1 nhi\u00ean kh\u00f4ng ch\u1ea5t ph\u1ee5 gia, gi\u1eef nguy\u00ean \u0111\u1ed9 t\u01b0\u01a1i ngon v\u00e0 d\u01b0\u1ee1ng ch\u1ea5t phong ph\u00fa. \u0110\u01b0\u1ee3c \u0111\u00f3ng g\u00f3i trong h\u1ed9p 4L ti\u1ec7n l\u1ee3i (20 h\u1ed9p x 200ml), s\u1ea3n ph\u1ea9m ho\u00e0n h\u1ea3o cho nhu c\u1ea7u s\u1eed d\u1ee5ng h\u00e0ng ng\u00e0y c\u1ee7a gia \u0111\u00ecnh, mang \u0111\u1ebfn tr\u1ea3i nghi\u1ec7m s\u1eefa t\u01b0\u01a1i nguy\u00ean ch\u1ea5t v\u00e0 l\u00e0nh m\u1ea1nh.<\/section>\n<section class=\"ybc-p\"><strong>C\u00e1c t\u00ednh n\u0103ng ch\u00ednh:<\/strong><\/section>\n<ul class=\"ybc-ul-component\">\n<li class=\"ybc-li-component ybc-li-component_ul\">\n<section class=\"ybc-p\">\u00a0<strong>Ngu\u1ed3n c\u1ecf t\u1ef1 nhi\u00ean:<\/strong>S\u1eefa \u0111\u01b0\u1ee3c l\u1ea5y t\u1eeb nh\u1eefng con b\u00f2 \u0111ang g\u1eb7m c\u1ecf tr\u00ean cao nguy\u00ean Pamir \u1edf \u0111\u1ed9 cao l\u1edbn<\/section>\n<\/li>\n<li class=\"ybc-li-component ybc-li-component_ul\">\n<section class=\"ybc-p\">\u00a0<strong>Tinh khi\u1ebft v\u00e0 kh\u00f4ng c\u00f3 ch\u1ea5t ph\u1ee5 gia:<\/strong>Kh\u00f4ng c\u00f3 ch\u1ea5t b\u1ea3o qu\u1ea3n ho\u1eb7c th\u00e0nh ph\u1ea7n nh\u00e2n t\u1ea1o, ch\u1ec9 c\u00f3 s\u1eefa t\u1ef1 nhi\u00ean<\/section>\n<\/li>\n<li class=\"ybc-li-component ybc-li-component_ul\">\n<section class=\"ybc-p\">\u00a0<strong>H\u01b0\u01a1ng v\u1ecb \u0111\u1eadm \u0111\u00e0 v\u00e0 b\u00e9o ng\u1eady:<\/strong>Protein v\u00e0 canxi ch\u1ea5t l\u01b0\u1ee3ng cao cho dinh d\u01b0\u1ee1ng h\u00e0ng ng\u00e0y<\/section>\n<\/li>\n<li class=\"ybc-li-component ybc-li-component_ul\">\n<section class=\"ybc-p\">\u00a0<strong>\u0110\u1ed9 t\u01b0\u01a1i \u0111\u00e3 kh\u00f3a:<\/strong>H\u1ed9p 200ml ri\u00eang l\u1ebb \u0111\u1ea3m b\u1ea3o v\u1ec7 sinh v\u00e0 \u0111\u1ed9 t\u01b0\u01a1i l\u00e2u d\u00e0i<\/section>\n<\/li>\n<li class=\"ybc-li-component ybc-li-component_ul\">\n<section class=\"ybc-p\">\u00a0<strong>Ngu\u1ed3n g\u1ed1c c\u00f3 th\u1ec3 truy xu\u1ea5t:<\/strong>Ngu\u1ed3n cung c\u1ea5p tr\u1ef1c ti\u1ebfp t\u1eeb th\u00e0nh ph\u1ed1 Kashi, T\u00e2n C\u01b0\u01a1ng Nanda\u2014ch\u00ednh h\u00e3ng v\u00e0 \u0111\u00e1ng tin c\u1eady<\/section>\n<\/li>\n<\/ul>","protected":false},"excerpt":{"rendered":"<p>Tr\u1ea3i nghi\u1ec7m h\u01b0\u01a1ng v\u1ecb tinh khi\u1ebft c\u1ee7a thi\u00ean nhi\u00ean v\u1edbi S\u1eefa Nanda Pure, \u0111\u01b0\u1ee3c l\u1ea5y tr\u1ef1c ti\u1ebfp t\u1eeb nh\u1eefng \u0111\u1ed3ng c\u1ecf nguy\u00ean s\u01a1 c\u1ee7a Cao nguy\u00ean Pamir \u1edf th\u00e0nh ph\u1ed1 Kashi, T\u00e2n C\u01b0\u01a1ng. M\u1ed7i chai 200ml<span class=\"excerpt-hellip\"> [\u2026]<\/span><\/p>","protected":false},"featured_media":863,"comment_status":"open","ping_status":"closed","template":"","meta":[],"product_brand":[],"product_cat":[38],"product_tag":[],"class_list":{"0":"post-862","1":"product","2":"type-product","3":"status-publish","4":"has-post-thumbnail","6":"product_cat-beverages-and-preparations","8":"first","9":"instock","10":"shipping-taxable","11":"product-type-simple"},"yoast_head":"<!-- This site is optimized with the Yoast SEO Premium plugin v25.8 (Yoast SEO v25.8) - https:\/\/yoast.com\/wordpress\/plugins\/seo\/ -->\n<title>Kashi NanDa Pure Milk 200mlx20 Cartons (Blue Sea Brick Pack) - Jiushidao - Global Food Marketplace for Business Growth and Cosumers<\/title>\n<meta name=\"robots\" content=\"index, follow, max-snippet:-1, max-image-preview:large, max-video-preview:-1\" \/>\n<link rel=\"canonical\" href=\"https:\/\/jiushidao.com\/vi\/san-pham\/kashi-nanda-pure-milk-200mlx20-cartons-blue-sea-brick-pack\/\" \/>\n<meta property=\"og:locale\" content=\"vi_VN\" \/>\n<meta property=\"og:type\" content=\"article\" \/>\n<meta property=\"og:title\" content=\"Kashi NanDa Pure Milk 200mlx20 Cartons (Blue Sea Brick Pack)\" \/>\n<meta property=\"og:description\" content=\"Experience the pure taste of nature with Nanda Pure Milk, sourced directly from the pristine pastures of the Pamir Plateau in Kashi City, Xinjiang. Each 200ml [\u2026]\" \/>\n<meta property=\"og:url\" content=\"https:\/\/jiushidao.com\/vi\/san-pham\/kashi-nanda-pure-milk-200mlx20-cartons-blue-sea-brick-pack\/\" \/>\n<meta property=\"og:site_name\" content=\"Jiushidao - Global Food Marketplace for Business Growth and Cosumers\" \/>\n<meta property=\"article:modified_time\" content=\"2025-10-31T02:54:54+00:00\" \/>\n<meta property=\"og:image\" content=\"https:\/\/jiushidao.com\/wp-content\/uploads\/2025\/10\/\u56fe\u72471-5.png\" \/>\n\t<meta property=\"og:image:width\" content=\"800\" \/>\n\t<meta property=\"og:image:height\" content=\"800\" \/>\n\t<meta property=\"og:image:type\" content=\"image\/png\" \/>\n<meta name=\"twitter:card\" content=\"summary_large_image\" \/>\n<meta name=\"twitter:label1\" content=\"\u01af\u1edbc t\u00ednh th\u1eddi gian \u0111\u1ecdc\" \/>\n\t<meta name=\"twitter:data1\" content=\"1 ph\u00fat\" \/>\n<script type=\"application\/ld+json\" class=\"yoast-schema-graph\">{\"@context\":\"https:\/\/schema.org\",\"@graph\":[{\"@type\":\"WebPage\",\"@id\":\"https:\/\/jiushidao.com\/product\/kashi-nanda-pure-milk-200mlx20-cartons-blue-sea-brick-pack\/\",\"url\":\"https:\/\/jiushidao.com\/product\/kashi-nanda-pure-milk-200mlx20-cartons-blue-sea-brick-pack\/\",\"name\":\"Kashi NanDa Pure Milk 200mlx20 Cartons (Blue Sea Brick Pack) - Jiushidao - Global Food Marketplace for Business Growth and Cosumers\",\"isPartOf\":{\"@id\":\"https:\/\/jiushidao.com\/#website\"},\"primaryImageOfPage\":{\"@id\":\"https:\/\/jiushidao.com\/product\/kashi-nanda-pure-milk-200mlx20-cartons-blue-sea-brick-pack\/#primaryimage\"},\"image\":{\"@id\":\"https:\/\/jiushidao.com\/product\/kashi-nanda-pure-milk-200mlx20-cartons-blue-sea-brick-pack\/#primaryimage\"},\"thumbnailUrl\":\"https:\/\/jiushidao.com\/wp-content\/uploads\/2025\/10\/\u56fe\u72471-5.png\",\"datePublished\":\"2025-10-31T02:54:53+00:00\",\"dateModified\":\"2025-10-31T02:54:54+00:00\",\"breadcrumb\":{\"@id\":\"https:\/\/jiushidao.com\/product\/kashi-nanda-pure-milk-200mlx20-cartons-blue-sea-brick-pack\/#breadcrumb\"},\"inLanguage\":\"vi\",\"potentialAction\":[{\"@type\":\"ReadAction\",\"target\":[\"https:\/\/jiushidao.com\/product\/kashi-nanda-pure-milk-200mlx20-cartons-blue-sea-brick-pack\/\"]}]},{\"@type\":\"ImageObject\",\"inLanguage\":\"vi\",\"@id\":\"https:\/\/jiushidao.com\/product\/kashi-nanda-pure-milk-200mlx20-cartons-blue-sea-brick-pack\/#primaryimage\",\"url\":\"https:\/\/jiushidao.com\/wp-content\/uploads\/2025\/10\/\u56fe\u72471-5.png\",\"contentUrl\":\"https:\/\/jiushidao.com\/wp-content\/uploads\/2025\/10\/\u56fe\u72471-5.png\",\"width\":800,\"height\":800},{\"@type\":\"BreadcrumbList\",\"@id\":\"https:\/\/jiushidao.com\/product\/kashi-nanda-pure-milk-200mlx20-cartons-blue-sea-brick-pack\/#breadcrumb\",\"itemListElement\":[{\"@type\":\"ListItem\",\"position\":1,\"name\":\"Home\",\"item\":\"https:\/\/jiushidao.com\/\"},{\"@type\":\"ListItem\",\"position\":2,\"name\":\"Store\",\"item\":\"https:\/\/jiushidao.com\/store\/\"},{\"@type\":\"ListItem\",\"position\":3,\"name\":\"Kashi NanDa Pure Milk 200mlx20 Cartons (Blue Sea Brick Pack)\"}]},{\"@type\":\"WebSite\",\"@id\":\"https:\/\/jiushidao.com\/#website\",\"url\":\"https:\/\/jiushidao.com\/\",\"name\":\"Jiushidao - Global Food Marketplace for Business Growth and Cosumers\",\"description\":\"Jiushidao - Global Food Marketplace for Business Growth and Cosumers\",\"potentialAction\":[{\"@type\":\"SearchAction\",\"target\":{\"@type\":\"EntryPoint\",\"urlTemplate\":\"https:\/\/jiushidao.com\/?s={search_term_string}\"},\"query-input\":{\"@type\":\"PropertyValueSpecification\",\"valueRequired\":true,\"valueName\":\"search_term_string\"}}],\"inLanguage\":\"vi\"}]}<\/script>\n<!-- \/ Yoast SEO Premium plugin. -->","yoast_head_json":{"title":"Kashi NanDa Pure Milk 200mlx20 Cartons (Blue Sea Brick Pack) - Jiushidao - Global Food Marketplace for Business Growth and Cosumers","robots":{"index":"index","follow":"follow","max-snippet":"max-snippet:-1","max-image-preview":"max-image-preview:large","max-video-preview":"max-video-preview:-1"},"canonical":"https:\/\/jiushidao.com\/vi\/san-pham\/kashi-nanda-pure-milk-200mlx20-cartons-blue-sea-brick-pack\/","og_locale":"vi_VN","og_type":"article","og_title":"Kashi NanDa Pure Milk 200mlx20 Cartons (Blue Sea Brick Pack)","og_description":"Experience the pure taste of nature with Nanda Pure Milk, sourced directly from the pristine pastures of the Pamir Plateau in Kashi City, Xinjiang. Each 200ml [\u2026]","og_url":"https:\/\/jiushidao.com\/vi\/san-pham\/kashi-nanda-pure-milk-200mlx20-cartons-blue-sea-brick-pack\/","og_site_name":"Jiushidao - Global Food Marketplace for Business Growth and Cosumers","article_modified_time":"2025-10-31T02:54:54+00:00","og_image":[{"width":800,"height":800,"url":"https:\/\/jiushidao.com\/wp-content\/uploads\/2025\/10\/\u56fe\u72471-5.png","type":"image\/png"}],"twitter_card":"summary_large_image","twitter_misc":{"\u01af\u1edbc t\u00ednh th\u1eddi gian \u0111\u1ecdc":"1 ph\u00fat"},"schema":{"@context":"https:\/\/schema.org","@graph":[{"@type":"WebPage","@id":"https:\/\/jiushidao.com\/product\/kashi-nanda-pure-milk-200mlx20-cartons-blue-sea-brick-pack\/","url":"https:\/\/jiushidao.com\/product\/kashi-nanda-pure-milk-200mlx20-cartons-blue-sea-brick-pack\/","name":"Kashi NanDa Pure Milk 200mlx20 Cartons (Blue Sea Brick Pack) - Jiushidao - Global Food Marketplace for Business Growth and Cosumers","isPartOf":{"@id":"https:\/\/jiushidao.com\/#website"},"primaryImageOfPage":{"@id":"https:\/\/jiushidao.com\/product\/kashi-nanda-pure-milk-200mlx20-cartons-blue-sea-brick-pack\/#primaryimage"},"image":{"@id":"https:\/\/jiushidao.com\/product\/kashi-nanda-pure-milk-200mlx20-cartons-blue-sea-brick-pack\/#primaryimage"},"thumbnailUrl":"https:\/\/jiushidao.com\/wp-content\/uploads\/2025\/10\/\u56fe\u72471-5.png","datePublished":"2025-10-31T02:54:53+00:00","dateModified":"2025-10-31T02:54:54+00:00","breadcrumb":{"@id":"https:\/\/jiushidao.com\/product\/kashi-nanda-pure-milk-200mlx20-cartons-blue-sea-brick-pack\/#breadcrumb"},"inLanguage":"vi","potentialAction":[{"@type":"ReadAction","target":["https:\/\/jiushidao.com\/product\/kashi-nanda-pure-milk-200mlx20-cartons-blue-sea-brick-pack\/"]}]},{"@type":"ImageObject","inLanguage":"vi","@id":"https:\/\/jiushidao.com\/product\/kashi-nanda-pure-milk-200mlx20-cartons-blue-sea-brick-pack\/#primaryimage","url":"https:\/\/jiushidao.com\/wp-content\/uploads\/2025\/10\/\u56fe\u72471-5.png","contentUrl":"https:\/\/jiushidao.com\/wp-content\/uploads\/2025\/10\/\u56fe\u72471-5.png","width":800,"height":800},{"@type":"BreadcrumbList","@id":"https:\/\/jiushidao.com\/product\/kashi-nanda-pure-milk-200mlx20-cartons-blue-sea-brick-pack\/#breadcrumb","itemListElement":[{"@type":"ListItem","position":1,"name":"Home","item":"https:\/\/jiushidao.com\/"},{"@type":"ListItem","position":2,"name":"Store","item":"https:\/\/jiushidao.com\/store\/"},{"@type":"ListItem","position":3,"name":"Kashi NanDa Pure Milk 200mlx20 Cartons (Blue Sea Brick Pack)"}]},{"@type":"WebSite","@id":"https:\/\/jiushidao.com\/#website","url":"https:\/\/jiushidao.com\/","name":"Jiushidao - Global Food Marketplace for Business Growth and Cosumers","description":"Jiushidao - Global Food Marketplace for Business Growth and Cosumers","potentialAction":[{"@type":"SearchAction","target":{"@type":"EntryPoint","urlTemplate":"https:\/\/jiushidao.com\/?s={search_term_string}"},"query-input":{"@type":"PropertyValueSpecification","valueRequired":true,"valueName":"search_term_string"}}],"inLanguage":"vi"}]}},"_links":{"self":[{"href":"https:\/\/jiushidao.com\/vi\/wp-json\/wp\/v2\/product\/862","targetHints":{"allow":["GET"]}}],"collection":[{"href":"https:\/\/jiushidao.com\/vi\/wp-json\/wp\/v2\/product"}],"about":[{"href":"https:\/\/jiushidao.com\/vi\/wp-json\/wp\/v2\/types\/product"}],"replies":[{"embeddable":true,"href":"https:\/\/jiushidao.com\/vi\/wp-json\/wp\/v2\/comments?post=862"}],"version-history":[{"count":1,"href":"https:\/\/jiushidao.com\/vi\/wp-json\/wp\/v2\/product\/862\/revisions"}],"predecessor-version":[{"id":864,"href":"https:\/\/jiushidao.com\/vi\/wp-json\/wp\/v2\/product\/862\/revisions\/864"}],"wp:featuredmedia":[{"embeddable":true,"href":"https:\/\/jiushidao.com\/vi\/wp-json\/wp\/v2\/media\/863"}],"wp:attachment":[{"href":"https:\/\/jiushidao.com\/vi\/wp-json\/wp\/v2\/media?parent=862"}],"wp:term":[{"taxonomy":"product_brand","embeddable":true,"href":"https:\/\/jiushidao.com\/vi\/wp-json\/wp\/v2\/product_brand?post=862"},{"taxonomy":"product_cat","embeddable":true,"href":"https:\/\/jiushidao.com\/vi\/wp-json\/wp\/v2\/product_cat?post=862"},{"taxonomy":"product_tag","embeddable":true,"href":"https:\/\/jiushidao.com\/vi\/wp-json\/wp\/v2\/product_tag?post=862"}],"curies":[{"name":"wp","href":"https:\/\/api.w.org\/{rel}","templated":true}]}}