{"id":836,"date":"2025-10-31T01:41:49","date_gmt":"2025-10-31T01:41:49","guid":{"rendered":"https:\/\/jiushidao.com\/?post_type=product&#038;p=836"},"modified":"2025-10-31T01:41:50","modified_gmt":"2025-10-31T01:41:50","slug":"japanese-raisin-tree-seed-mulberry-wolfberry-tea","status":"publish","type":"product","link":"https:\/\/jiushidao.com\/vi\/san-pham\/japanese-raisin-tree-seed-mulberry-wolfberry-tea\/","title":{"rendered":"Tr\u00e0 h\u1ea1t nho kh\u00f4 Nh\u1eadt B\u1ea3n, d\u00e2u t\u1eb1m v\u00e0 k\u1ef7 t\u1eed"},"content":{"rendered":"<section class=\"ybc-p\">Tr\u1ea3i nghi\u1ec7m s\u1ef1 t\u01b0\u01a1i m\u00e1t v\u00e0 ti\u1ec7n l\u1ee3i trong m\u1ed7i kh\u1ea9u ph\u1ea7n. S\u1ea3n ph\u1ea9m c\u1ee7a ch\u00fang t\u00f4i \u0111\u01b0\u1ee3c \u0111\u00f3ng g\u00f3i ri\u00eang bi\u1ec7t, \u0111\u01b0\u1ee3c thi\u1ebft k\u1ebf \u0111\u1ec3 gi\u1eef tr\u1ecdn h\u01b0\u01a1ng v\u1ecb, ng\u0103n ng\u1eeba m\u00f9i lan t\u1ecfa v\u00e0 d\u1ec5 d\u00e0ng mang theo \u2014 l\u00fd t\u01b0\u1edfng cho l\u1ed1i s\u1ed1ng b\u1eadn r\u1ed9n, du l\u1ecbch ho\u1eb7c s\u1eed d\u1ee5ng h\u00e0ng ng\u00e0y. M\u1ed7i g\u00f3i \u0111\u01b0\u1ee3c ch\u1ebf t\u00e1c v\u1edbi c\u00f4ng th\u1ee9c pha tr\u1ed9n khoa h\u1ecdc t\u1eeb c\u00e1c th\u00e0nh ph\u1ea7n nguy\u00ean ch\u1ea5t, ch\u1ea5t l\u01b0\u1ee3ng cao, \u0111\u1ea3m b\u1ea3o mang l\u1ea1i k\u1ebft qu\u1ea3 \u0111\u1ed3ng \u0111\u1ec1u v\u00e0 ch\u1ea5t l\u01b0\u1ee3ng v\u01b0\u1ee3t tr\u1ed9i m\u1ed7i l\u1ea7n s\u1eed d\u1ee5ng.<\/section>\n<section class=\"ybc-p\"><strong>C\u00e1c t\u00ednh n\u0103ng ch\u00ednh:<\/strong><\/section>\n<ul class=\"ybc-ul-component\">\n<li class=\"ybc-li-component ybc-li-component_ul\">\n<section class=\"ybc-p\"><strong>\u0110\u00f3ng g\u00f3i ri\u00eang l\u1ebb:<\/strong>Gi\u1eef \u0111\u01b0\u1ee3c \u0111\u1ed9 t\u01b0\u01a1i ngon v\u00e0 ng\u0103n ng\u1eeba s\u1ef1 nhi\u1ec5m ch\u00e9o h\u01b0\u01a1ng v\u1ecb.<\/section>\n<\/li>\n<li class=\"ybc-li-component ybc-li-component_ul\">\n<section class=\"ybc-p\"><strong>Di \u0111\u1ed9ng v\u00e0 nh\u1eb9:<\/strong>D\u1ec5 d\u00e0ng mang theo m\u1ecdi l\u00fac, m\u1ecdi n\u01a1i.<\/section>\n<\/li>\n<li class=\"ybc-li-component ybc-li-component_ul\">\n<section class=\"ybc-p\"><strong>T\u1ef7 l\u1ec7 t\u1ed1i \u01b0u h\u00f3a khoa h\u1ecdc:<\/strong>\u0110\u01b0\u1ee3c x\u00e2y d\u1ef1ng ch\u00ednh x\u00e1c \u0111\u1ec3 mang l\u1ea1i k\u1ebft qu\u1ea3 hi\u1ec7u qu\u1ea3 v\u00e0 \u0111\u00e1ng tin c\u1eady.<\/section>\n<\/li>\n<li class=\"ybc-li-component ybc-li-component_ul\">\n<section class=\"ybc-p\"><strong>Th\u00e0nh ph\u1ea7n cao c\u1ea5p ch\u00ednh h\u00e3ng:<\/strong>C\u00f3 ngu\u1ed3n g\u1ed1c \u0111\u00e1ng tin c\u1eady v\u1ec1 \u0111\u1ed9 tinh khi\u1ebft v\u00e0 hi\u1ec7u qu\u1ea3.<\/section>\n<\/li>\n<\/ul>","protected":false},"excerpt":{"rendered":"<p>Tr\u1ea3i nghi\u1ec7m s\u1ef1 t\u01b0\u01a1i m\u00e1t v\u00e0 ti\u1ec7n l\u1ee3i trong m\u1ed7i kh\u1ea9u ph\u1ea7n. S\u1ea3n ph\u1ea9m c\u1ee7a ch\u00fang t\u00f4i \u0111\u01b0\u1ee3c \u0111\u00f3ng g\u00f3i ri\u00eang bi\u1ec7t, \u0111\u01b0\u1ee3c thi\u1ebft k\u1ebf \u0111\u1ec3 gi\u1eef nguy\u00ean h\u01b0\u01a1ng v\u1ecb, ng\u0103n m\u00f9i lan t\u1ecfa v\u00e0 d\u1ec5 d\u00e0ng mang theo \u2014 l\u00fd t\u01b0\u1edfng cho<span class=\"excerpt-hellip\"> [\u2026]<\/span><\/p>","protected":false},"featured_media":-1,"comment_status":"open","ping_status":"closed","template":"","meta":[],"product_brand":[60],"product_cat":[59],"product_tag":[],"class_list":{"0":"post-836","1":"product","2":"type-product","3":"status-publish","4":"has-post-thumbnail","6":"product_brand-60","7":"product_cat-he_shun_tang","9":"first","10":"instock","11":"shipping-taxable","12":"product-type-simple"},"yoast_head":"<!-- This site is optimized with the Yoast SEO Premium plugin v25.8 (Yoast SEO v25.8) - https:\/\/yoast.com\/wordpress\/plugins\/seo\/ -->\n<title>Japanese Raisin Tree Seed, Mulberry &amp; Wolfberry Tea - Jiushidao - Global Food Marketplace for Business Growth and Cosumers<\/title>\n<meta name=\"robots\" content=\"index, follow, max-snippet:-1, max-image-preview:large, max-video-preview:-1\" \/>\n<link rel=\"canonical\" href=\"https:\/\/jiushidao.com\/vi\/san-pham\/japanese-raisin-tree-seed-mulberry-wolfberry-tea\/\" \/>\n<meta property=\"og:locale\" content=\"vi_VN\" \/>\n<meta property=\"og:type\" content=\"article\" \/>\n<meta property=\"og:title\" content=\"Japanese Raisin Tree Seed, Mulberry &amp; Wolfberry Tea\" \/>\n<meta property=\"og:description\" content=\"Experience freshness and convenience in every serving. Our product comes in individual packets designed to lock in flavor, prevent odor transfer, and offer effortless portability\u2014ideal for [\u2026]\" \/>\n<meta property=\"og:url\" content=\"https:\/\/jiushidao.com\/vi\/san-pham\/japanese-raisin-tree-seed-mulberry-wolfberry-tea\/\" \/>\n<meta property=\"og:site_name\" content=\"Jiushidao - Global Food Marketplace for Business Growth and Cosumers\" \/>\n<meta property=\"article:modified_time\" content=\"2025-10-31T01:41:50+00:00\" \/>\n<meta name=\"twitter:card\" content=\"summary_large_image\" \/>\n<meta name=\"twitter:label1\" content=\"\u01af\u1edbc t\u00ednh th\u1eddi gian \u0111\u1ecdc\" \/>\n\t<meta name=\"twitter:data1\" content=\"1 ph\u00fat\" \/>\n<script type=\"application\/ld+json\" class=\"yoast-schema-graph\">{\"@context\":\"https:\/\/schema.org\",\"@graph\":[{\"@type\":\"WebPage\",\"@id\":\"https:\/\/jiushidao.com\/product\/japanese-raisin-tree-seed-mulberry-wolfberry-tea\/\",\"url\":\"https:\/\/jiushidao.com\/product\/japanese-raisin-tree-seed-mulberry-wolfberry-tea\/\",\"name\":\"Japanese Raisin Tree Seed, Mulberry & Wolfberry Tea - Jiushidao - Global Food Marketplace for Business Growth and Cosumers\",\"isPartOf\":{\"@id\":\"https:\/\/jiushidao.com\/#website\"},\"datePublished\":\"2025-10-31T01:41:49+00:00\",\"dateModified\":\"2025-10-31T01:41:50+00:00\",\"breadcrumb\":{\"@id\":\"https:\/\/jiushidao.com\/product\/japanese-raisin-tree-seed-mulberry-wolfberry-tea\/#breadcrumb\"},\"inLanguage\":\"vi\",\"potentialAction\":[{\"@type\":\"ReadAction\",\"target\":[\"https:\/\/jiushidao.com\/product\/japanese-raisin-tree-seed-mulberry-wolfberry-tea\/\"]}]},{\"@type\":\"BreadcrumbList\",\"@id\":\"https:\/\/jiushidao.com\/product\/japanese-raisin-tree-seed-mulberry-wolfberry-tea\/#breadcrumb\",\"itemListElement\":[{\"@type\":\"ListItem\",\"position\":1,\"name\":\"Home\",\"item\":\"https:\/\/jiushidao.com\/\"},{\"@type\":\"ListItem\",\"position\":2,\"name\":\"Store\",\"item\":\"https:\/\/jiushidao.com\/store\/\"},{\"@type\":\"ListItem\",\"position\":3,\"name\":\"Japanese Raisin Tree Seed, Mulberry &#038; Wolfberry Tea\"}]},{\"@type\":\"WebSite\",\"@id\":\"https:\/\/jiushidao.com\/#website\",\"url\":\"https:\/\/jiushidao.com\/\",\"name\":\"Jiushidao - Global Food Marketplace for Business Growth and Cosumers\",\"description\":\"Jiushidao - Global Food Marketplace for Business Growth and Cosumers\",\"potentialAction\":[{\"@type\":\"SearchAction\",\"target\":{\"@type\":\"EntryPoint\",\"urlTemplate\":\"https:\/\/jiushidao.com\/?s={search_term_string}\"},\"query-input\":{\"@type\":\"PropertyValueSpecification\",\"valueRequired\":true,\"valueName\":\"search_term_string\"}}],\"inLanguage\":\"vi\"}]}<\/script>\n<!-- \/ Yoast SEO Premium plugin. -->","yoast_head_json":{"title":"Japanese Raisin Tree Seed, Mulberry & Wolfberry Tea - Jiushidao - Global Food Marketplace for Business Growth and Cosumers","robots":{"index":"index","follow":"follow","max-snippet":"max-snippet:-1","max-image-preview":"max-image-preview:large","max-video-preview":"max-video-preview:-1"},"canonical":"https:\/\/jiushidao.com\/vi\/san-pham\/japanese-raisin-tree-seed-mulberry-wolfberry-tea\/","og_locale":"vi_VN","og_type":"article","og_title":"Japanese Raisin Tree Seed, Mulberry & Wolfberry Tea","og_description":"Experience freshness and convenience in every serving. Our product comes in individual packets designed to lock in flavor, prevent odor transfer, and offer effortless portability\u2014ideal for [\u2026]","og_url":"https:\/\/jiushidao.com\/vi\/san-pham\/japanese-raisin-tree-seed-mulberry-wolfberry-tea\/","og_site_name":"Jiushidao - Global Food Marketplace for Business Growth and Cosumers","article_modified_time":"2025-10-31T01:41:50+00:00","twitter_card":"summary_large_image","twitter_misc":{"\u01af\u1edbc t\u00ednh th\u1eddi gian \u0111\u1ecdc":"1 ph\u00fat"},"schema":{"@context":"https:\/\/schema.org","@graph":[{"@type":"WebPage","@id":"https:\/\/jiushidao.com\/product\/japanese-raisin-tree-seed-mulberry-wolfberry-tea\/","url":"https:\/\/jiushidao.com\/product\/japanese-raisin-tree-seed-mulberry-wolfberry-tea\/","name":"Japanese Raisin Tree Seed, Mulberry & Wolfberry Tea - Jiushidao - Global Food Marketplace for Business Growth and Cosumers","isPartOf":{"@id":"https:\/\/jiushidao.com\/#website"},"datePublished":"2025-10-31T01:41:49+00:00","dateModified":"2025-10-31T01:41:50+00:00","breadcrumb":{"@id":"https:\/\/jiushidao.com\/product\/japanese-raisin-tree-seed-mulberry-wolfberry-tea\/#breadcrumb"},"inLanguage":"vi","potentialAction":[{"@type":"ReadAction","target":["https:\/\/jiushidao.com\/product\/japanese-raisin-tree-seed-mulberry-wolfberry-tea\/"]}]},{"@type":"BreadcrumbList","@id":"https:\/\/jiushidao.com\/product\/japanese-raisin-tree-seed-mulberry-wolfberry-tea\/#breadcrumb","itemListElement":[{"@type":"ListItem","position":1,"name":"Home","item":"https:\/\/jiushidao.com\/"},{"@type":"ListItem","position":2,"name":"Store","item":"https:\/\/jiushidao.com\/store\/"},{"@type":"ListItem","position":3,"name":"Japanese Raisin Tree Seed, Mulberry &#038; Wolfberry Tea"}]},{"@type":"WebSite","@id":"https:\/\/jiushidao.com\/#website","url":"https:\/\/jiushidao.com\/","name":"Jiushidao - Global Food Marketplace for Business Growth and Cosumers","description":"Jiushidao - Global Food Marketplace for Business Growth and Cosumers","potentialAction":[{"@type":"SearchAction","target":{"@type":"EntryPoint","urlTemplate":"https:\/\/jiushidao.com\/?s={search_term_string}"},"query-input":{"@type":"PropertyValueSpecification","valueRequired":true,"valueName":"search_term_string"}}],"inLanguage":"vi"}]}},"_links":{"self":[{"href":"https:\/\/jiushidao.com\/vi\/wp-json\/wp\/v2\/product\/836","targetHints":{"allow":["GET"]}}],"collection":[{"href":"https:\/\/jiushidao.com\/vi\/wp-json\/wp\/v2\/product"}],"about":[{"href":"https:\/\/jiushidao.com\/vi\/wp-json\/wp\/v2\/types\/product"}],"replies":[{"embeddable":true,"href":"https:\/\/jiushidao.com\/vi\/wp-json\/wp\/v2\/comments?post=836"}],"version-history":[{"count":1,"href":"https:\/\/jiushidao.com\/vi\/wp-json\/wp\/v2\/product\/836\/revisions"}],"predecessor-version":[{"id":837,"href":"https:\/\/jiushidao.com\/vi\/wp-json\/wp\/v2\/product\/836\/revisions\/837"}],"wp:featuredmedia":[{"embeddable":true,"href":"https:\/\/jiushidao.com\/vi\/wp-json\/"}],"wp:attachment":[{"href":"https:\/\/jiushidao.com\/vi\/wp-json\/wp\/v2\/media?parent=836"}],"wp:term":[{"taxonomy":"product_brand","embeddable":true,"href":"https:\/\/jiushidao.com\/vi\/wp-json\/wp\/v2\/product_brand?post=836"},{"taxonomy":"product_cat","embeddable":true,"href":"https:\/\/jiushidao.com\/vi\/wp-json\/wp\/v2\/product_cat?post=836"},{"taxonomy":"product_tag","embeddable":true,"href":"https:\/\/jiushidao.com\/vi\/wp-json\/wp\/v2\/product_tag?post=836"}],"curies":[{"name":"wp","href":"https:\/\/api.w.org\/{rel}","templated":true}]}}