{"id":823,"date":"2025-10-31T01:22:01","date_gmt":"2025-10-31T01:22:01","guid":{"rendered":"https:\/\/jiushidao.com\/?post_type=product&#038;p=823"},"modified":"2025-10-31T01:22:02","modified_gmt":"2025-10-31T01:22:02","slug":"smoked-plum-and-licorice-root-tea","status":"publish","type":"product","link":"https:\/\/jiushidao.com\/vi\/san-pham\/smoked-plum-and-licorice-root-tea\/","title":{"rendered":"Tr\u00e0 m\u1eadn hun kh\u00f3i v\u00e0 r\u1ec5 cam th\u1ea3o"},"content":{"rendered":"<section class=\"ybc-p\">Tr\u1ea3i nghi\u1ec7m s\u1ef1 ti\u1ec7n l\u1ee3i t\u1ed1i \u01b0u v\u00e0 ch\u1ea5t l\u01b0\u1ee3ng cao c\u1ea5p v\u1edbi s\u1ea3n ph\u1ea9m \u0111\u01b0\u1ee3c \u0111\u00f3ng g\u00f3i ri\u00eang l\u1ebb c\u1ee7a ch\u00fang t\u00f4i. M\u1ed7i kh\u1ea9u ph\u1ea7n \u0111\u01b0\u1ee3c \u0111\u1ef1ng trong m\u1ed9t t\u00fai ri\u00eang bi\u1ec7t, \u0111\u01b0\u1ee3c thi\u1ebft k\u1ebf \u0111\u1ec3 gi\u1eef \u0111\u1ed9 t\u01b0\u01a1i ngon, tr\u00e1nh b\u1ecb l\u1eabn m\u00f9i v\u1ecb v\u00e0 \u0111\u1ea3m b\u1ea3o t\u00ednh di \u0111\u1ed9ng ho\u00e0n h\u1ea3o cho l\u1ed1i s\u1ed1ng b\u1eadn r\u1ed9n c\u1ee7a b\u1ea1n.<\/section>\n<section class=\"ybc-p\">\u0110\u01b0\u1ee3c t\u1ea1o ra th\u00f4ng qua ph\u01b0\u01a1ng ph\u00e1p b\u00e0o ch\u1ebf khoa h\u1ecdc, s\u1ea3n ph\u1ea9m n\u00e0y k\u1ebft h\u1ee3p c\u00e1c th\u00e0nh ph\u1ea7n cao c\u1ea5p c\u00f3 ngu\u1ed3n g\u1ed1c ch\u00ednh th\u1ed1ng theo t\u1ef7 l\u1ec7 ch\u00ednh x\u00e1c \u0111\u1ec3 mang l\u1ea1i hi\u1ec7u qu\u1ea3 tuy\u1ec7t v\u1eddi nh\u1ea5t trong m\u1ecdi l\u1ea7n s\u1eed d\u1ee5ng.<\/section>\n<section class=\"ybc-p\"><strong>\u01afu \u0111i\u1ec3m ch\u00ednh:<\/strong><\/section>\n<ul class=\"ybc-ul-component\">\n<li class=\"ybc-li-component ybc-li-component_ul\">\n<section class=\"ybc-p\">Bao b\u00ec ri\u00eang l\u1ebb gi\u00fap b\u1ea3o qu\u1ea3n \u0111\u1ed9 t\u01b0\u01a1i ngon v\u00e0 ng\u0103n ng\u1eeba nhi\u1ec5m ch\u00e9o h\u01b0\u01a1ng v\u1ecb<\/section>\n<\/li>\n<li class=\"ybc-li-component ybc-li-component_ul\">\n<section class=\"ybc-p\">Thi\u1ebft k\u1ebf nh\u1ecf g\u1ecdn v\u00e0 nh\u1eb9 l\u00fd t\u01b0\u1edfng cho vi\u1ec7c \u0111i du l\u1ecbch v\u00e0 mang theo h\u00e0ng ng\u00e0y<\/section>\n<\/li>\n<li class=\"ybc-li-component ybc-li-component_ul\">\n<section class=\"ybc-p\">C\u00f4ng th\u1ee9c \u0111\u01b0\u1ee3c ph\u00e1t tri\u1ec3n khoa h\u1ecdc cho k\u1ebft qu\u1ea3 t\u1ed1i \u01b0u<\/section>\n<\/li>\n<li class=\"ybc-li-component ybc-li-component_ul\">\n<section class=\"ybc-p\">\u0110\u01b0\u1ee3c l\u00e0m t\u1eeb nh\u1eefng th\u00e0nh ph\u1ea7n ch\u00ednh h\u00e3ng, ch\u1ea5t l\u01b0\u1ee3ng cao t\u1eeb c\u00e1c ngu\u1ed3n \u0111\u01b0\u1ee3c ch\u1ecdn l\u1ecdc<\/section>\n<\/li>\n<\/ul>\n<section class=\"ybc-p\"><strong>Ho\u00e0n h\u1ea3o cho:<\/strong><\/section>\n<ul class=\"ybc-ul-component\">\n<li class=\"ybc-li-component ybc-li-component_ul\">\n<section class=\"ybc-p\">S\u1eed d\u1ee5ng khi di chuy\u1ec3n trong khi \u0111i du l\u1ecbch ho\u1eb7c ho\u1ea1t \u0111\u1ed9ng ngo\u00e0i tr\u1eddi<\/section>\n<\/li>\n<li class=\"ybc-li-component ybc-li-component_ul\">\n<section class=\"ybc-p\">Duy tr\u00ec kh\u1ea9u ph\u1ea7n ch\u00ednh x\u00e1c v\u00e0 \u0111\u1ed9 t\u01b0\u01a1i ngon<\/section>\n<\/li>\n<li class=\"ybc-li-component ybc-li-component_ul\">\n<section class=\"ybc-p\">Nh\u1eefng ng\u01b0\u1eddi t\u00ecm ki\u1ebfm ch\u1ea5t l\u01b0\u1ee3ng cao c\u1ea5p v\u1edbi bao b\u00ec ti\u1ec7n l\u1ee3i<\/section>\n<\/li>\n<\/ul>","protected":false},"excerpt":{"rendered":"<p>Tr\u1ea3i nghi\u1ec7m s\u1ef1 ti\u1ec7n l\u1ee3i t\u1ed1i \u01b0u v\u00e0 ch\u1ea5t l\u01b0\u1ee3ng cao c\u1ea5p v\u1edbi s\u1ea3n ph\u1ea9m \u0111\u01b0\u1ee3c \u0111\u00f3ng g\u00f3i ri\u00eang l\u1ebb c\u1ee7a ch\u00fang t\u00f4i. M\u1ed7i kh\u1ea9u ph\u1ea7n \u0111\u01b0\u1ee3c \u0111\u1ef1ng trong m\u1ed9t t\u00fai ri\u00eang bi\u1ec7t, \u0111\u01b0\u1ee3c thi\u1ebft k\u1ebf \u0111\u1ec3 gi\u1eef \u0111\u1ed9 t\u01b0\u01a1i ngon, tr\u00e1nh l\u1eabn m\u00f9i v\u1ecb v\u00e0<span class=\"excerpt-hellip\"> [\u2026]<\/span><\/p>","protected":false},"featured_media":825,"comment_status":"open","ping_status":"closed","template":"","meta":[],"product_brand":[60],"product_cat":[59],"product_tag":[],"class_list":{"0":"post-823","1":"product","2":"type-product","3":"status-publish","4":"has-post-thumbnail","6":"product_brand-60","7":"product_cat-he_shun_tang","9":"first","10":"instock","11":"shipping-taxable","12":"product-type-simple"},"yoast_head":"<!-- This site is optimized with the Yoast SEO Premium plugin v25.8 (Yoast SEO v25.8) - https:\/\/yoast.com\/wordpress\/plugins\/seo\/ -->\n<title>Smoked Plum and Licorice Root Tea - Jiushidao - Global Food Marketplace for Business Growth and Cosumers<\/title>\n<meta name=\"robots\" content=\"index, follow, max-snippet:-1, max-image-preview:large, max-video-preview:-1\" \/>\n<link rel=\"canonical\" href=\"https:\/\/jiushidao.com\/vi\/san-pham\/smoked-plum-and-licorice-root-tea\/\" \/>\n<meta property=\"og:locale\" content=\"vi_VN\" \/>\n<meta property=\"og:type\" content=\"article\" \/>\n<meta property=\"og:title\" content=\"Smoked Plum and Licorice Root Tea\" \/>\n<meta property=\"og:description\" content=\"Experience ultimate convenience and premium quality with our individually packaged product. Each serving comes in a separate pouch designed to maintain freshness, prevent flavor mixing, and [\u2026]\" \/>\n<meta property=\"og:url\" content=\"https:\/\/jiushidao.com\/vi\/san-pham\/smoked-plum-and-licorice-root-tea\/\" \/>\n<meta property=\"og:site_name\" content=\"Jiushidao - Global Food Marketplace for Business Growth and Cosumers\" \/>\n<meta property=\"article:modified_time\" content=\"2025-10-31T01:22:02+00:00\" \/>\n<meta property=\"og:image\" content=\"https:\/\/jiushidao.com\/wp-content\/uploads\/2025\/10\/\u56fe\u72477-1.png\" \/>\n\t<meta property=\"og:image:width\" content=\"751\" \/>\n\t<meta property=\"og:image:height\" content=\"751\" \/>\n\t<meta property=\"og:image:type\" content=\"image\/png\" \/>\n<meta name=\"twitter:card\" content=\"summary_large_image\" \/>\n<meta name=\"twitter:label1\" content=\"\u01af\u1edbc t\u00ednh th\u1eddi gian \u0111\u1ecdc\" \/>\n\t<meta name=\"twitter:data1\" content=\"1 ph\u00fat\" \/>\n<script type=\"application\/ld+json\" class=\"yoast-schema-graph\">{\"@context\":\"https:\/\/schema.org\",\"@graph\":[{\"@type\":\"WebPage\",\"@id\":\"https:\/\/jiushidao.com\/product\/smoked-plum-and-licorice-root-tea\/\",\"url\":\"https:\/\/jiushidao.com\/product\/smoked-plum-and-licorice-root-tea\/\",\"name\":\"Smoked Plum and Licorice Root Tea - Jiushidao - Global Food Marketplace for Business Growth and Cosumers\",\"isPartOf\":{\"@id\":\"https:\/\/jiushidao.com\/#website\"},\"primaryImageOfPage\":{\"@id\":\"https:\/\/jiushidao.com\/product\/smoked-plum-and-licorice-root-tea\/#primaryimage\"},\"image\":{\"@id\":\"https:\/\/jiushidao.com\/product\/smoked-plum-and-licorice-root-tea\/#primaryimage\"},\"thumbnailUrl\":\"https:\/\/jiushidao.com\/wp-content\/uploads\/2025\/10\/\u56fe\u72477-1.png\",\"datePublished\":\"2025-10-31T01:22:01+00:00\",\"dateModified\":\"2025-10-31T01:22:02+00:00\",\"breadcrumb\":{\"@id\":\"https:\/\/jiushidao.com\/product\/smoked-plum-and-licorice-root-tea\/#breadcrumb\"},\"inLanguage\":\"vi\",\"potentialAction\":[{\"@type\":\"ReadAction\",\"target\":[\"https:\/\/jiushidao.com\/product\/smoked-plum-and-licorice-root-tea\/\"]}]},{\"@type\":\"ImageObject\",\"inLanguage\":\"vi\",\"@id\":\"https:\/\/jiushidao.com\/product\/smoked-plum-and-licorice-root-tea\/#primaryimage\",\"url\":\"https:\/\/jiushidao.com\/wp-content\/uploads\/2025\/10\/\u56fe\u72477-1.png\",\"contentUrl\":\"https:\/\/jiushidao.com\/wp-content\/uploads\/2025\/10\/\u56fe\u72477-1.png\",\"width\":751,\"height\":751},{\"@type\":\"BreadcrumbList\",\"@id\":\"https:\/\/jiushidao.com\/product\/smoked-plum-and-licorice-root-tea\/#breadcrumb\",\"itemListElement\":[{\"@type\":\"ListItem\",\"position\":1,\"name\":\"Home\",\"item\":\"https:\/\/jiushidao.com\/\"},{\"@type\":\"ListItem\",\"position\":2,\"name\":\"Store\",\"item\":\"https:\/\/jiushidao.com\/store\/\"},{\"@type\":\"ListItem\",\"position\":3,\"name\":\"Smoked Plum and Licorice Root Tea\"}]},{\"@type\":\"WebSite\",\"@id\":\"https:\/\/jiushidao.com\/#website\",\"url\":\"https:\/\/jiushidao.com\/\",\"name\":\"Jiushidao - Global Food Marketplace for Business Growth and Cosumers\",\"description\":\"Jiushidao - Global Food Marketplace for Business Growth and Cosumers\",\"potentialAction\":[{\"@type\":\"SearchAction\",\"target\":{\"@type\":\"EntryPoint\",\"urlTemplate\":\"https:\/\/jiushidao.com\/?s={search_term_string}\"},\"query-input\":{\"@type\":\"PropertyValueSpecification\",\"valueRequired\":true,\"valueName\":\"search_term_string\"}}],\"inLanguage\":\"vi\"}]}<\/script>\n<!-- \/ Yoast SEO Premium plugin. -->","yoast_head_json":{"title":"Smoked Plum and Licorice Root Tea - Jiushidao - Global Food Marketplace for Business Growth and Cosumers","robots":{"index":"index","follow":"follow","max-snippet":"max-snippet:-1","max-image-preview":"max-image-preview:large","max-video-preview":"max-video-preview:-1"},"canonical":"https:\/\/jiushidao.com\/vi\/san-pham\/smoked-plum-and-licorice-root-tea\/","og_locale":"vi_VN","og_type":"article","og_title":"Smoked Plum and Licorice Root Tea","og_description":"Experience ultimate convenience and premium quality with our individually packaged product. Each serving comes in a separate pouch designed to maintain freshness, prevent flavor mixing, and [\u2026]","og_url":"https:\/\/jiushidao.com\/vi\/san-pham\/smoked-plum-and-licorice-root-tea\/","og_site_name":"Jiushidao - Global Food Marketplace for Business Growth and Cosumers","article_modified_time":"2025-10-31T01:22:02+00:00","og_image":[{"width":751,"height":751,"url":"https:\/\/jiushidao.com\/wp-content\/uploads\/2025\/10\/\u56fe\u72477-1.png","type":"image\/png"}],"twitter_card":"summary_large_image","twitter_misc":{"\u01af\u1edbc t\u00ednh th\u1eddi gian \u0111\u1ecdc":"1 ph\u00fat"},"schema":{"@context":"https:\/\/schema.org","@graph":[{"@type":"WebPage","@id":"https:\/\/jiushidao.com\/product\/smoked-plum-and-licorice-root-tea\/","url":"https:\/\/jiushidao.com\/product\/smoked-plum-and-licorice-root-tea\/","name":"Smoked Plum and Licorice Root Tea - Jiushidao - Global Food Marketplace for Business Growth and Cosumers","isPartOf":{"@id":"https:\/\/jiushidao.com\/#website"},"primaryImageOfPage":{"@id":"https:\/\/jiushidao.com\/product\/smoked-plum-and-licorice-root-tea\/#primaryimage"},"image":{"@id":"https:\/\/jiushidao.com\/product\/smoked-plum-and-licorice-root-tea\/#primaryimage"},"thumbnailUrl":"https:\/\/jiushidao.com\/wp-content\/uploads\/2025\/10\/\u56fe\u72477-1.png","datePublished":"2025-10-31T01:22:01+00:00","dateModified":"2025-10-31T01:22:02+00:00","breadcrumb":{"@id":"https:\/\/jiushidao.com\/product\/smoked-plum-and-licorice-root-tea\/#breadcrumb"},"inLanguage":"vi","potentialAction":[{"@type":"ReadAction","target":["https:\/\/jiushidao.com\/product\/smoked-plum-and-licorice-root-tea\/"]}]},{"@type":"ImageObject","inLanguage":"vi","@id":"https:\/\/jiushidao.com\/product\/smoked-plum-and-licorice-root-tea\/#primaryimage","url":"https:\/\/jiushidao.com\/wp-content\/uploads\/2025\/10\/\u56fe\u72477-1.png","contentUrl":"https:\/\/jiushidao.com\/wp-content\/uploads\/2025\/10\/\u56fe\u72477-1.png","width":751,"height":751},{"@type":"BreadcrumbList","@id":"https:\/\/jiushidao.com\/product\/smoked-plum-and-licorice-root-tea\/#breadcrumb","itemListElement":[{"@type":"ListItem","position":1,"name":"Home","item":"https:\/\/jiushidao.com\/"},{"@type":"ListItem","position":2,"name":"Store","item":"https:\/\/jiushidao.com\/store\/"},{"@type":"ListItem","position":3,"name":"Smoked Plum and Licorice Root Tea"}]},{"@type":"WebSite","@id":"https:\/\/jiushidao.com\/#website","url":"https:\/\/jiushidao.com\/","name":"Jiushidao - Global Food Marketplace for Business Growth and Cosumers","description":"Jiushidao - Global Food Marketplace for Business Growth and Cosumers","potentialAction":[{"@type":"SearchAction","target":{"@type":"EntryPoint","urlTemplate":"https:\/\/jiushidao.com\/?s={search_term_string}"},"query-input":{"@type":"PropertyValueSpecification","valueRequired":true,"valueName":"search_term_string"}}],"inLanguage":"vi"}]}},"_links":{"self":[{"href":"https:\/\/jiushidao.com\/vi\/wp-json\/wp\/v2\/product\/823","targetHints":{"allow":["GET"]}}],"collection":[{"href":"https:\/\/jiushidao.com\/vi\/wp-json\/wp\/v2\/product"}],"about":[{"href":"https:\/\/jiushidao.com\/vi\/wp-json\/wp\/v2\/types\/product"}],"replies":[{"embeddable":true,"href":"https:\/\/jiushidao.com\/vi\/wp-json\/wp\/v2\/comments?post=823"}],"version-history":[{"count":1,"href":"https:\/\/jiushidao.com\/vi\/wp-json\/wp\/v2\/product\/823\/revisions"}],"predecessor-version":[{"id":826,"href":"https:\/\/jiushidao.com\/vi\/wp-json\/wp\/v2\/product\/823\/revisions\/826"}],"wp:featuredmedia":[{"embeddable":true,"href":"https:\/\/jiushidao.com\/vi\/wp-json\/wp\/v2\/media\/825"}],"wp:attachment":[{"href":"https:\/\/jiushidao.com\/vi\/wp-json\/wp\/v2\/media?parent=823"}],"wp:term":[{"taxonomy":"product_brand","embeddable":true,"href":"https:\/\/jiushidao.com\/vi\/wp-json\/wp\/v2\/product_brand?post=823"},{"taxonomy":"product_cat","embeddable":true,"href":"https:\/\/jiushidao.com\/vi\/wp-json\/wp\/v2\/product_cat?post=823"},{"taxonomy":"product_tag","embeddable":true,"href":"https:\/\/jiushidao.com\/vi\/wp-json\/wp\/v2\/product_tag?post=823"}],"curies":[{"name":"wp","href":"https:\/\/api.w.org\/{rel}","templated":true}]}}