{"id":817,"date":"2025-10-31T01:07:16","date_gmt":"2025-10-31T01:07:16","guid":{"rendered":"https:\/\/jiushidao.com\/?post_type=product&#038;p=817"},"modified":"2025-10-31T01:08:45","modified_gmt":"2025-10-31T01:08:45","slug":"cinnamon-ginger-black-tea","status":"publish","type":"product","link":"https:\/\/jiushidao.com\/vi\/san-pham\/cinnamon-ginger-black-tea\/","title":{"rendered":"Tr\u00e0 \u0111en qu\u1ebf g\u1eebng"},"content":{"rendered":"<section class=\"ybc-p\">Tr\u1ea3i nghi\u1ec7m s\u1ef1 k\u1ebft h\u1ee3p ho\u00e0n h\u1ea3o gi\u1eefa ti\u1ec7n l\u1ee3i v\u00e0 t\u1ed1t cho s\u1ee9c kh\u1ecfe v\u1edbi t\u1eebng kh\u1ea9u ph\u1ea7n \u0111\u01b0\u1ee3c \u0111\u00f3ng g\u00f3i ri\u00eang l\u1ebb. M\u1ed7i kh\u1ea9u ph\u1ea7n \u0111\u01b0\u1ee3c thi\u1ebft k\u1ebf c\u1ea9n th\u1eadn \u0111\u1ec3 ng\u0103n ng\u1eeba s\u1ef1 l\u1eabn m\u00f9i v\u1ecb, gi\u1eef \u0111\u01b0\u1ee3c \u0111\u1ed9 t\u01b0\u01a1i ngon v\u00e0 d\u1ec5 d\u00e0ng mang theo \u2014 l\u00fd t\u01b0\u1edfng cho l\u1ed1i s\u1ed1ng b\u1eadn r\u1ed9n, du l\u1ecbch ho\u1eb7c nhu c\u1ea7u dinh d\u01b0\u1ee1ng khi di chuy\u1ec3n.<\/section>\n<section class=\"ybc-p\">\u0110\u01b0\u1ee3c ch\u1ebf t\u1ea1o v\u1edbi s\u1ef1 k\u1ebft h\u1ee3p khoa h\u1ecdc t\u1ed1i \u01b0u t\u1eeb c\u00e1c th\u00e0nh ph\u1ea7n nguy\u00ean ch\u1ea5t, ch\u1ea5t l\u01b0\u1ee3ng cao, s\u1ea3n ph\u1ea9m n\u00e0y mang l\u1ea1i h\u01b0\u01a1ng v\u1ecb v\u00e0 hi\u1ec7u qu\u1ea3 \u0111\u1ed3ng nh\u1ea5t, \u0111\u1ed3ng th\u1eddi v\u1eabn duy tr\u00ec h\u00e0m l\u01b0\u1ee3ng calo th\u1ea5p. D\u00f9 b\u1ea1n c\u1ea7n m\u1ed9t b\u1eefa \u0103n nh\u1eb9 nhanh ch\u00f3ng hay m\u1ed9t ch\u1ebf \u0111\u1ed9 \u0103n u\u1ed1ng b\u1ed5 sung l\u00e0nh m\u1ea1nh, s\u1ea3n ph\u1ea9m n\u00e0y mang \u0111\u1ebfn m\u1ed9t gi\u1ea3i ph\u00e1p nu\u00f4i d\u01b0\u1ee1ng c\u01a1 th\u1ec3 an to\u00e0n m\u00e0 kh\u00f4ng \u1ea3nh h\u01b0\u1edfng \u0111\u1ebfn h\u01b0\u01a1ng v\u1ecb hay ch\u1ea5t l\u01b0\u1ee3ng.<\/section>\n<section class=\"ybc-p\"><strong>C\u00e1c t\u00ednh n\u0103ng ch\u00ednh:<\/strong><\/section>\n<ul class=\"ybc-ul-component\">\n<li class=\"ybc-li-component ybc-li-component_ul\">\n<section class=\"ybc-p\"><strong>\u0110\u1ea3m b\u1ea3o \u0111\u1ed9 t\u01b0\u01a1i ngon:<\/strong>Bao b\u00ec ri\u00eang bi\u1ec7t gi\u1eef nguy\u00ean h\u01b0\u01a1ng v\u1ecb v\u00e0 ng\u0103n m\u00f9i b\u1ecb tr\u1ed9n l\u1eabn.<\/section>\n<\/li>\n<li class=\"ybc-li-component ybc-li-component_ul\">\n<section class=\"ybc-p\"><strong>Di \u0111\u1ed9ng v\u00e0 thi\u1ebft th\u1ef1c:<\/strong>Nh\u1eb9 v\u00e0 nh\u1ecf g\u1ecdn \u0111\u1ec3 d\u1ec5 d\u00e0ng mang theo.<\/section>\n<\/li>\n<li class=\"ybc-li-component ybc-li-component_ul\">\n<section class=\"ybc-p\"><strong>\u0110\u01b0\u1ee3c x\u00e2y d\u1ef1ng theo c\u00f4ng th\u1ee9c khoa h\u1ecdc:<\/strong>T\u1ef7 l\u1ec7 c\u00e2n b\u1eb1ng ch\u00ednh x\u00e1c cho k\u1ebft qu\u1ea3 t\u1ed1i \u01b0u.<\/section>\n<\/li>\n<li class=\"ybc-li-component ybc-li-component_ul\">\n<section class=\"ybc-p\"><strong>Th\u00e0nh ph\u1ea7n cao c\u1ea5p:<\/strong>C\u00f3 ngu\u1ed3n g\u1ed1c r\u00f5 r\u00e0ng \u0111\u1ec3 \u0111\u1ea3m b\u1ea3o ch\u1ea5t l\u01b0\u1ee3ng \u0111\u00edch th\u1ef1c.<\/section>\n<\/li>\n<li class=\"ybc-li-component ybc-li-component_ul\">\n<section class=\"ybc-p\"><strong>\u00cdt calo:<\/strong>M\u1ed9t l\u1ef1a ch\u1ecdn s\u00e1ng su\u1ed1t cho ng\u01b0\u1eddi ti\u00eau d\u00f9ng quan t\u00e2m \u0111\u1ebfn s\u1ee9c kh\u1ecfe.<\/section>\n<\/li>\n<\/ul>","protected":false},"excerpt":{"rendered":"<p>Tr\u1ea3i nghi\u1ec7m s\u1ef1 k\u1ebft h\u1ee3p ho\u00e0n h\u1ea3o gi\u1eefa ti\u1ec7n l\u1ee3i v\u00e0 t\u1ed1t cho s\u1ee9c kh\u1ecfe v\u1edbi t\u1eebng kh\u1ea9u ph\u1ea7n \u0111\u01b0\u1ee3c \u0111\u00f3ng g\u00f3i ri\u00eang l\u1ebb. M\u1ed7i kh\u1ea9u ph\u1ea7n \u0111\u01b0\u1ee3c thi\u1ebft k\u1ebf c\u1ea9n th\u1eadn \u0111\u1ec3 ng\u0103n ng\u1eeba s\u1ef1 l\u1eabn m\u00f9i v\u1ecb, gi\u1eef \u0111\u01b0\u1ee3c \u0111\u1ed9 t\u01b0\u01a1i ngon v\u00e0 \u0111\u1ea3m b\u1ea3o<span class=\"excerpt-hellip\"> [\u2026]<\/span><\/p>","protected":false},"featured_media":818,"comment_status":"open","ping_status":"closed","template":"","meta":[],"product_brand":[60],"product_cat":[59],"product_tag":[],"class_list":{"0":"post-817","1":"product","2":"type-product","3":"status-publish","4":"has-post-thumbnail","6":"product_brand-60","7":"product_cat-he_shun_tang","9":"first","10":"instock","11":"shipping-taxable","12":"product-type-simple"},"yoast_head":"<!-- This site is optimized with the Yoast SEO Premium plugin v25.8 (Yoast SEO v25.8) - https:\/\/yoast.com\/wordpress\/plugins\/seo\/ -->\n<title>Cinnamon Ginger Black Tea - Jiushidao - Global Food Marketplace for Business Growth and Cosumers<\/title>\n<meta name=\"robots\" content=\"index, follow, max-snippet:-1, max-image-preview:large, max-video-preview:-1\" \/>\n<link rel=\"canonical\" href=\"https:\/\/jiushidao.com\/vi\/san-pham\/cinnamon-ginger-black-tea\/\" \/>\n<meta property=\"og:locale\" content=\"vi_VN\" \/>\n<meta property=\"og:type\" content=\"article\" \/>\n<meta property=\"og:title\" content=\"Cinnamon Ginger Black Tea\" \/>\n<meta property=\"og:description\" content=\"Experience the perfect fusion of convenience and wellness with our individually wrapped servings. Each portion is carefully designed to prevent flavor transfer, preserve freshness, and ensure [\u2026]\" \/>\n<meta property=\"og:url\" content=\"https:\/\/jiushidao.com\/vi\/san-pham\/cinnamon-ginger-black-tea\/\" \/>\n<meta property=\"og:site_name\" content=\"Jiushidao - Global Food Marketplace for Business Growth and Cosumers\" \/>\n<meta property=\"article:modified_time\" content=\"2025-10-31T01:08:45+00:00\" \/>\n<meta property=\"og:image\" content=\"https:\/\/jiushidao.com\/wp-content\/uploads\/2025\/10\/\u56fe\u72475-2.png\" \/>\n\t<meta property=\"og:image:width\" content=\"751\" \/>\n\t<meta property=\"og:image:height\" content=\"751\" \/>\n\t<meta property=\"og:image:type\" content=\"image\/png\" \/>\n<meta name=\"twitter:card\" content=\"summary_large_image\" \/>\n<meta name=\"twitter:label1\" content=\"\u01af\u1edbc t\u00ednh th\u1eddi gian \u0111\u1ecdc\" \/>\n\t<meta name=\"twitter:data1\" content=\"1 ph\u00fat\" \/>\n<script type=\"application\/ld+json\" class=\"yoast-schema-graph\">{\"@context\":\"https:\/\/schema.org\",\"@graph\":[{\"@type\":\"WebPage\",\"@id\":\"https:\/\/jiushidao.com\/product\/cinnamon-ginger-black-tea\/\",\"url\":\"https:\/\/jiushidao.com\/product\/cinnamon-ginger-black-tea\/\",\"name\":\"Cinnamon Ginger Black Tea - Jiushidao - Global Food Marketplace for Business Growth and Cosumers\",\"isPartOf\":{\"@id\":\"https:\/\/jiushidao.com\/#website\"},\"primaryImageOfPage\":{\"@id\":\"https:\/\/jiushidao.com\/product\/cinnamon-ginger-black-tea\/#primaryimage\"},\"image\":{\"@id\":\"https:\/\/jiushidao.com\/product\/cinnamon-ginger-black-tea\/#primaryimage\"},\"thumbnailUrl\":\"https:\/\/jiushidao.com\/wp-content\/uploads\/2025\/10\/\u56fe\u72475-2.png\",\"datePublished\":\"2025-10-31T01:07:16+00:00\",\"dateModified\":\"2025-10-31T01:08:45+00:00\",\"breadcrumb\":{\"@id\":\"https:\/\/jiushidao.com\/product\/cinnamon-ginger-black-tea\/#breadcrumb\"},\"inLanguage\":\"vi\",\"potentialAction\":[{\"@type\":\"ReadAction\",\"target\":[\"https:\/\/jiushidao.com\/product\/cinnamon-ginger-black-tea\/\"]}]},{\"@type\":\"ImageObject\",\"inLanguage\":\"vi\",\"@id\":\"https:\/\/jiushidao.com\/product\/cinnamon-ginger-black-tea\/#primaryimage\",\"url\":\"https:\/\/jiushidao.com\/wp-content\/uploads\/2025\/10\/\u56fe\u72475-2.png\",\"contentUrl\":\"https:\/\/jiushidao.com\/wp-content\/uploads\/2025\/10\/\u56fe\u72475-2.png\",\"width\":751,\"height\":751},{\"@type\":\"BreadcrumbList\",\"@id\":\"https:\/\/jiushidao.com\/product\/cinnamon-ginger-black-tea\/#breadcrumb\",\"itemListElement\":[{\"@type\":\"ListItem\",\"position\":1,\"name\":\"Home\",\"item\":\"https:\/\/jiushidao.com\/\"},{\"@type\":\"ListItem\",\"position\":2,\"name\":\"Store\",\"item\":\"https:\/\/jiushidao.com\/store\/\"},{\"@type\":\"ListItem\",\"position\":3,\"name\":\"Cinnamon Ginger Black Tea\"}]},{\"@type\":\"WebSite\",\"@id\":\"https:\/\/jiushidao.com\/#website\",\"url\":\"https:\/\/jiushidao.com\/\",\"name\":\"Jiushidao - Global Food Marketplace for Business Growth and Cosumers\",\"description\":\"Jiushidao - Global Food Marketplace for Business Growth and Cosumers\",\"potentialAction\":[{\"@type\":\"SearchAction\",\"target\":{\"@type\":\"EntryPoint\",\"urlTemplate\":\"https:\/\/jiushidao.com\/?s={search_term_string}\"},\"query-input\":{\"@type\":\"PropertyValueSpecification\",\"valueRequired\":true,\"valueName\":\"search_term_string\"}}],\"inLanguage\":\"vi\"}]}<\/script>\n<!-- \/ Yoast SEO Premium plugin. -->","yoast_head_json":{"title":"Cinnamon Ginger Black Tea - Jiushidao - Global Food Marketplace for Business Growth and Cosumers","robots":{"index":"index","follow":"follow","max-snippet":"max-snippet:-1","max-image-preview":"max-image-preview:large","max-video-preview":"max-video-preview:-1"},"canonical":"https:\/\/jiushidao.com\/vi\/san-pham\/cinnamon-ginger-black-tea\/","og_locale":"vi_VN","og_type":"article","og_title":"Cinnamon Ginger Black Tea","og_description":"Experience the perfect fusion of convenience and wellness with our individually wrapped servings. Each portion is carefully designed to prevent flavor transfer, preserve freshness, and ensure [\u2026]","og_url":"https:\/\/jiushidao.com\/vi\/san-pham\/cinnamon-ginger-black-tea\/","og_site_name":"Jiushidao - Global Food Marketplace for Business Growth and Cosumers","article_modified_time":"2025-10-31T01:08:45+00:00","og_image":[{"width":751,"height":751,"url":"https:\/\/jiushidao.com\/wp-content\/uploads\/2025\/10\/\u56fe\u72475-2.png","type":"image\/png"}],"twitter_card":"summary_large_image","twitter_misc":{"\u01af\u1edbc t\u00ednh th\u1eddi gian \u0111\u1ecdc":"1 ph\u00fat"},"schema":{"@context":"https:\/\/schema.org","@graph":[{"@type":"WebPage","@id":"https:\/\/jiushidao.com\/product\/cinnamon-ginger-black-tea\/","url":"https:\/\/jiushidao.com\/product\/cinnamon-ginger-black-tea\/","name":"Cinnamon Ginger Black Tea - Jiushidao - Global Food Marketplace for Business Growth and Cosumers","isPartOf":{"@id":"https:\/\/jiushidao.com\/#website"},"primaryImageOfPage":{"@id":"https:\/\/jiushidao.com\/product\/cinnamon-ginger-black-tea\/#primaryimage"},"image":{"@id":"https:\/\/jiushidao.com\/product\/cinnamon-ginger-black-tea\/#primaryimage"},"thumbnailUrl":"https:\/\/jiushidao.com\/wp-content\/uploads\/2025\/10\/\u56fe\u72475-2.png","datePublished":"2025-10-31T01:07:16+00:00","dateModified":"2025-10-31T01:08:45+00:00","breadcrumb":{"@id":"https:\/\/jiushidao.com\/product\/cinnamon-ginger-black-tea\/#breadcrumb"},"inLanguage":"vi","potentialAction":[{"@type":"ReadAction","target":["https:\/\/jiushidao.com\/product\/cinnamon-ginger-black-tea\/"]}]},{"@type":"ImageObject","inLanguage":"vi","@id":"https:\/\/jiushidao.com\/product\/cinnamon-ginger-black-tea\/#primaryimage","url":"https:\/\/jiushidao.com\/wp-content\/uploads\/2025\/10\/\u56fe\u72475-2.png","contentUrl":"https:\/\/jiushidao.com\/wp-content\/uploads\/2025\/10\/\u56fe\u72475-2.png","width":751,"height":751},{"@type":"BreadcrumbList","@id":"https:\/\/jiushidao.com\/product\/cinnamon-ginger-black-tea\/#breadcrumb","itemListElement":[{"@type":"ListItem","position":1,"name":"Home","item":"https:\/\/jiushidao.com\/"},{"@type":"ListItem","position":2,"name":"Store","item":"https:\/\/jiushidao.com\/store\/"},{"@type":"ListItem","position":3,"name":"Cinnamon Ginger Black Tea"}]},{"@type":"WebSite","@id":"https:\/\/jiushidao.com\/#website","url":"https:\/\/jiushidao.com\/","name":"Jiushidao - Global Food Marketplace for Business Growth and Cosumers","description":"Jiushidao - Global Food Marketplace for Business Growth and Cosumers","potentialAction":[{"@type":"SearchAction","target":{"@type":"EntryPoint","urlTemplate":"https:\/\/jiushidao.com\/?s={search_term_string}"},"query-input":{"@type":"PropertyValueSpecification","valueRequired":true,"valueName":"search_term_string"}}],"inLanguage":"vi"}]}},"_links":{"self":[{"href":"https:\/\/jiushidao.com\/vi\/wp-json\/wp\/v2\/product\/817","targetHints":{"allow":["GET"]}}],"collection":[{"href":"https:\/\/jiushidao.com\/vi\/wp-json\/wp\/v2\/product"}],"about":[{"href":"https:\/\/jiushidao.com\/vi\/wp-json\/wp\/v2\/types\/product"}],"replies":[{"embeddable":true,"href":"https:\/\/jiushidao.com\/vi\/wp-json\/wp\/v2\/comments?post=817"}],"version-history":[{"count":1,"href":"https:\/\/jiushidao.com\/vi\/wp-json\/wp\/v2\/product\/817\/revisions"}],"predecessor-version":[{"id":819,"href":"https:\/\/jiushidao.com\/vi\/wp-json\/wp\/v2\/product\/817\/revisions\/819"}],"wp:featuredmedia":[{"embeddable":true,"href":"https:\/\/jiushidao.com\/vi\/wp-json\/wp\/v2\/media\/818"}],"wp:attachment":[{"href":"https:\/\/jiushidao.com\/vi\/wp-json\/wp\/v2\/media?parent=817"}],"wp:term":[{"taxonomy":"product_brand","embeddable":true,"href":"https:\/\/jiushidao.com\/vi\/wp-json\/wp\/v2\/product_brand?post=817"},{"taxonomy":"product_cat","embeddable":true,"href":"https:\/\/jiushidao.com\/vi\/wp-json\/wp\/v2\/product_cat?post=817"},{"taxonomy":"product_tag","embeddable":true,"href":"https:\/\/jiushidao.com\/vi\/wp-json\/wp\/v2\/product_tag?post=817"}],"curies":[{"name":"wp","href":"https:\/\/api.w.org\/{rel}","templated":true}]}}