{"id":814,"date":"2025-10-31T01:00:10","date_gmt":"2025-10-31T01:00:10","guid":{"rendered":"https:\/\/jiushidao.com\/?post_type=product&#038;p=814"},"modified":"2025-10-31T01:00:11","modified_gmt":"2025-10-31T01:00:11","slug":"licorice-platycodon-herbal-tea","status":"publish","type":"product","link":"https:\/\/jiushidao.com\/vi\/san-pham\/licorice-platycodon-herbal-tea\/","title":{"rendered":"Tr\u00e0 th\u1ea3o m\u1ed9c cam th\u1ea3o v\u00e0 c\u00e1t c\u00e1nh"},"content":{"rendered":"<section class=\"ybc-p\">Tr\u1ea3i nghi\u1ec7m s\u1ef1 k\u1ebft h\u1ee3p ho\u00e0n h\u1ea3o gi\u1eefa ti\u1ec7n l\u1ee3i v\u00e0 ch\u1ea5t l\u01b0\u1ee3ng v\u1edbi t\u1eebng ph\u1ea7n \u0111\u01b0\u1ee3c \u0111\u00f3ng g\u00f3i ri\u00eang l\u1ebb. M\u1ed7i g\u00f3i \u0111\u01b0\u1ee3c thi\u1ebft k\u1ebf \u0111\u1ec3 gi\u1eef \u0111\u1ed9 t\u01b0\u01a1i ngon, tr\u00e1nh b\u1ecb l\u1eabn m\u00f9i v\u1ecb v\u00e0 d\u1ec5 d\u00e0ng mang theo \u2014 l\u00fd t\u01b0\u1edfng cho vi\u1ec7c \u0111i du l\u1ecbch, c\u00f4ng t\u00e1c ho\u1eb7c s\u1eed d\u1ee5ng h\u00e0ng ng\u00e0y. \u0110\u01b0\u1ee3c ch\u1ebf bi\u1ebfn v\u1edbi t\u1ef7 l\u1ec7 t\u1ed1i \u01b0u khoa h\u1ecdc t\u1eeb c\u00e1c th\u00e0nh ph\u1ea7n nguy\u00ean ch\u1ea5t, ch\u1ea5t l\u01b0\u1ee3ng cao, s\u1ea3n ph\u1ea9m n\u00e0y mang \u0111\u1ebfn s\u1ef1 ho\u00e0n h\u1ea3o nh\u1ea5t qu\u00e1n trong m\u1ed7i kh\u1ea9u ph\u1ea7n.<\/section>\n<section class=\"ybc-p\"><strong>C\u00e1c t\u00ednh n\u0103ng ch\u00ednh:<\/strong><\/section>\n<ul class=\"ybc-ul-component\">\n<li class=\"ybc-li-component ybc-li-component_ul\">\n<section class=\"ybc-p\"><strong>\u0110\u00f3ng g\u00f3i ri\u00eang l\u1ebb:<\/strong>Duy tr\u00ec \u0111\u1ed9 t\u01b0\u01a1i ngon v\u00e0 ng\u0103n ng\u1eeba s\u1ef1 nhi\u1ec5m ch\u00e9o h\u01b0\u01a1ng v\u1ecb.<\/section>\n<\/li>\n<li class=\"ybc-li-component ybc-li-component_ul\">\n<section class=\"ybc-p\"><strong>Thi\u1ebft k\u1ebf di \u0111\u1ed9ng:<\/strong>Nh\u1ecf g\u1ecdn v\u00e0 nh\u1eb9, ti\u1ec7n l\u1ee3i khi di chuy\u1ec3n.<\/section>\n<\/li>\n<li class=\"ybc-li-component ybc-li-component_ul\">\n<section class=\"ybc-p\"><strong>C\u00e2n b\u1eb1ng khoa h\u1ecdc:<\/strong>\u0110\u01b0\u1ee3c pha ch\u1ebf chuy\u00ean nghi\u1ec7p \u0111\u1ec3 \u0111\u1ea1t hi\u1ec7u qu\u1ea3 v\u00e0 h\u01b0\u01a1ng v\u1ecb t\u1ed1i \u01b0u.<\/section>\n<\/li>\n<li class=\"ybc-li-component ybc-li-component_ul\">\n<section class=\"ybc-p\"><strong>Th\u00e0nh ph\u1ea7n cao c\u1ea5p:<\/strong>C\u00f3 ngu\u1ed3n g\u1ed1c t\u1eeb c\u00e1c ngu\u1ed3n \u0111\u01b0\u1ee3c ch\u1ecdn l\u1ecdc \u0111\u1ec3 \u0111\u1ea3m b\u1ea3o t\u00ednh x\u00e1c th\u1ef1c v\u00e0 ch\u1ea5t l\u01b0\u1ee3ng.<\/section>\n<\/li>\n<\/ul>","protected":false},"excerpt":{"rendered":"<p>Tr\u1ea3i nghi\u1ec7m s\u1ef1 k\u1ebft h\u1ee3p ho\u00e0n h\u1ea3o gi\u1eefa ti\u1ec7n l\u1ee3i v\u00e0 ch\u1ea5t l\u01b0\u1ee3ng v\u1edbi c\u00e1c ph\u1ea7n \u0103n \u0111\u01b0\u1ee3c \u0111\u00f3ng g\u00f3i ri\u00eang l\u1ebb c\u1ee7a ch\u00fang t\u00f4i. M\u1ed7i g\u00f3i \u0111\u01b0\u1ee3c thi\u1ebft k\u1ebf \u0111\u1ec3 gi\u1eef \u0111\u1ed9 t\u01b0\u01a1i ngon, ng\u0103n ng\u1eeba s\u1ef1 l\u1eabn m\u00f9i v\u1ecb v\u00e0 \u0111\u1ea3m b\u1ea3o d\u1ec5 d\u00e0ng s\u1eed d\u1ee5ng.<span class=\"excerpt-hellip\"> [\u2026]<\/span><\/p>","protected":false},"featured_media":815,"comment_status":"open","ping_status":"closed","template":"","meta":[],"product_brand":[60],"product_cat":[59],"product_tag":[],"class_list":{"0":"post-814","1":"product","2":"type-product","3":"status-publish","4":"has-post-thumbnail","6":"product_brand-60","7":"product_cat-he_shun_tang","9":"first","10":"instock","11":"shipping-taxable","12":"product-type-simple"},"yoast_head":"<!-- This site is optimized with the Yoast SEO Premium plugin v25.8 (Yoast SEO v25.8) - https:\/\/yoast.com\/wordpress\/plugins\/seo\/ -->\n<title>Licorice &amp; Platycodon Herbal Tea - Jiushidao - Global Food Marketplace for Business Growth and Cosumers<\/title>\n<meta name=\"robots\" content=\"index, follow, max-snippet:-1, max-image-preview:large, max-video-preview:-1\" \/>\n<link rel=\"canonical\" href=\"https:\/\/jiushidao.com\/vi\/san-pham\/licorice-platycodon-herbal-tea\/\" \/>\n<meta property=\"og:locale\" content=\"vi_VN\" \/>\n<meta property=\"og:type\" content=\"article\" \/>\n<meta property=\"og:title\" content=\"Licorice &amp; Platycodon Herbal Tea\" \/>\n<meta property=\"og:description\" content=\"Experience the perfect blend of convenience and quality with our individually wrapped portions. Each packet is designed to preserve freshness, prevent flavor mixing, and ensure easy [\u2026]\" \/>\n<meta property=\"og:url\" content=\"https:\/\/jiushidao.com\/vi\/san-pham\/licorice-platycodon-herbal-tea\/\" \/>\n<meta property=\"og:site_name\" content=\"Jiushidao - Global Food Marketplace for Business Growth and Cosumers\" \/>\n<meta property=\"article:modified_time\" content=\"2025-10-31T01:00:11+00:00\" \/>\n<meta property=\"og:image\" content=\"https:\/\/jiushidao.com\/wp-content\/uploads\/2025\/10\/\u56fe\u72474-2.png\" \/>\n\t<meta property=\"og:image:width\" content=\"749\" \/>\n\t<meta property=\"og:image:height\" content=\"750\" \/>\n\t<meta property=\"og:image:type\" content=\"image\/png\" \/>\n<meta name=\"twitter:card\" content=\"summary_large_image\" \/>\n<meta name=\"twitter:label1\" content=\"\u01af\u1edbc t\u00ednh th\u1eddi gian \u0111\u1ecdc\" \/>\n\t<meta name=\"twitter:data1\" content=\"1 ph\u00fat\" \/>\n<script type=\"application\/ld+json\" class=\"yoast-schema-graph\">{\"@context\":\"https:\/\/schema.org\",\"@graph\":[{\"@type\":\"WebPage\",\"@id\":\"https:\/\/jiushidao.com\/product\/licorice-platycodon-herbal-tea\/\",\"url\":\"https:\/\/jiushidao.com\/product\/licorice-platycodon-herbal-tea\/\",\"name\":\"Licorice & Platycodon Herbal Tea - Jiushidao - Global Food Marketplace for Business Growth and Cosumers\",\"isPartOf\":{\"@id\":\"https:\/\/jiushidao.com\/#website\"},\"primaryImageOfPage\":{\"@id\":\"https:\/\/jiushidao.com\/product\/licorice-platycodon-herbal-tea\/#primaryimage\"},\"image\":{\"@id\":\"https:\/\/jiushidao.com\/product\/licorice-platycodon-herbal-tea\/#primaryimage\"},\"thumbnailUrl\":\"https:\/\/jiushidao.com\/wp-content\/uploads\/2025\/10\/\u56fe\u72474-2.png\",\"datePublished\":\"2025-10-31T01:00:10+00:00\",\"dateModified\":\"2025-10-31T01:00:11+00:00\",\"breadcrumb\":{\"@id\":\"https:\/\/jiushidao.com\/product\/licorice-platycodon-herbal-tea\/#breadcrumb\"},\"inLanguage\":\"vi\",\"potentialAction\":[{\"@type\":\"ReadAction\",\"target\":[\"https:\/\/jiushidao.com\/product\/licorice-platycodon-herbal-tea\/\"]}]},{\"@type\":\"ImageObject\",\"inLanguage\":\"vi\",\"@id\":\"https:\/\/jiushidao.com\/product\/licorice-platycodon-herbal-tea\/#primaryimage\",\"url\":\"https:\/\/jiushidao.com\/wp-content\/uploads\/2025\/10\/\u56fe\u72474-2.png\",\"contentUrl\":\"https:\/\/jiushidao.com\/wp-content\/uploads\/2025\/10\/\u56fe\u72474-2.png\",\"width\":749,\"height\":750},{\"@type\":\"BreadcrumbList\",\"@id\":\"https:\/\/jiushidao.com\/product\/licorice-platycodon-herbal-tea\/#breadcrumb\",\"itemListElement\":[{\"@type\":\"ListItem\",\"position\":1,\"name\":\"Home\",\"item\":\"https:\/\/jiushidao.com\/\"},{\"@type\":\"ListItem\",\"position\":2,\"name\":\"Store\",\"item\":\"https:\/\/jiushidao.com\/store\/\"},{\"@type\":\"ListItem\",\"position\":3,\"name\":\"Licorice &#038; Platycodon Herbal Tea\"}]},{\"@type\":\"WebSite\",\"@id\":\"https:\/\/jiushidao.com\/#website\",\"url\":\"https:\/\/jiushidao.com\/\",\"name\":\"Jiushidao - Global Food Marketplace for Business Growth and Cosumers\",\"description\":\"Jiushidao - Global Food Marketplace for Business Growth and Cosumers\",\"potentialAction\":[{\"@type\":\"SearchAction\",\"target\":{\"@type\":\"EntryPoint\",\"urlTemplate\":\"https:\/\/jiushidao.com\/?s={search_term_string}\"},\"query-input\":{\"@type\":\"PropertyValueSpecification\",\"valueRequired\":true,\"valueName\":\"search_term_string\"}}],\"inLanguage\":\"vi\"}]}<\/script>\n<!-- \/ Yoast SEO Premium plugin. -->","yoast_head_json":{"title":"Licorice & Platycodon Herbal Tea - Jiushidao - Global Food Marketplace for Business Growth and Cosumers","robots":{"index":"index","follow":"follow","max-snippet":"max-snippet:-1","max-image-preview":"max-image-preview:large","max-video-preview":"max-video-preview:-1"},"canonical":"https:\/\/jiushidao.com\/vi\/san-pham\/licorice-platycodon-herbal-tea\/","og_locale":"vi_VN","og_type":"article","og_title":"Licorice & Platycodon Herbal Tea","og_description":"Experience the perfect blend of convenience and quality with our individually wrapped portions. Each packet is designed to preserve freshness, prevent flavor mixing, and ensure easy [\u2026]","og_url":"https:\/\/jiushidao.com\/vi\/san-pham\/licorice-platycodon-herbal-tea\/","og_site_name":"Jiushidao - Global Food Marketplace for Business Growth and Cosumers","article_modified_time":"2025-10-31T01:00:11+00:00","og_image":[{"width":749,"height":750,"url":"https:\/\/jiushidao.com\/wp-content\/uploads\/2025\/10\/\u56fe\u72474-2.png","type":"image\/png"}],"twitter_card":"summary_large_image","twitter_misc":{"\u01af\u1edbc t\u00ednh th\u1eddi gian \u0111\u1ecdc":"1 ph\u00fat"},"schema":{"@context":"https:\/\/schema.org","@graph":[{"@type":"WebPage","@id":"https:\/\/jiushidao.com\/product\/licorice-platycodon-herbal-tea\/","url":"https:\/\/jiushidao.com\/product\/licorice-platycodon-herbal-tea\/","name":"Licorice & Platycodon Herbal Tea - Jiushidao - Global Food Marketplace for Business Growth and Cosumers","isPartOf":{"@id":"https:\/\/jiushidao.com\/#website"},"primaryImageOfPage":{"@id":"https:\/\/jiushidao.com\/product\/licorice-platycodon-herbal-tea\/#primaryimage"},"image":{"@id":"https:\/\/jiushidao.com\/product\/licorice-platycodon-herbal-tea\/#primaryimage"},"thumbnailUrl":"https:\/\/jiushidao.com\/wp-content\/uploads\/2025\/10\/\u56fe\u72474-2.png","datePublished":"2025-10-31T01:00:10+00:00","dateModified":"2025-10-31T01:00:11+00:00","breadcrumb":{"@id":"https:\/\/jiushidao.com\/product\/licorice-platycodon-herbal-tea\/#breadcrumb"},"inLanguage":"vi","potentialAction":[{"@type":"ReadAction","target":["https:\/\/jiushidao.com\/product\/licorice-platycodon-herbal-tea\/"]}]},{"@type":"ImageObject","inLanguage":"vi","@id":"https:\/\/jiushidao.com\/product\/licorice-platycodon-herbal-tea\/#primaryimage","url":"https:\/\/jiushidao.com\/wp-content\/uploads\/2025\/10\/\u56fe\u72474-2.png","contentUrl":"https:\/\/jiushidao.com\/wp-content\/uploads\/2025\/10\/\u56fe\u72474-2.png","width":749,"height":750},{"@type":"BreadcrumbList","@id":"https:\/\/jiushidao.com\/product\/licorice-platycodon-herbal-tea\/#breadcrumb","itemListElement":[{"@type":"ListItem","position":1,"name":"Home","item":"https:\/\/jiushidao.com\/"},{"@type":"ListItem","position":2,"name":"Store","item":"https:\/\/jiushidao.com\/store\/"},{"@type":"ListItem","position":3,"name":"Licorice &#038; Platycodon Herbal Tea"}]},{"@type":"WebSite","@id":"https:\/\/jiushidao.com\/#website","url":"https:\/\/jiushidao.com\/","name":"Jiushidao - Global Food Marketplace for Business Growth and Cosumers","description":"Jiushidao - Global Food Marketplace for Business Growth and Cosumers","potentialAction":[{"@type":"SearchAction","target":{"@type":"EntryPoint","urlTemplate":"https:\/\/jiushidao.com\/?s={search_term_string}"},"query-input":{"@type":"PropertyValueSpecification","valueRequired":true,"valueName":"search_term_string"}}],"inLanguage":"vi"}]}},"_links":{"self":[{"href":"https:\/\/jiushidao.com\/vi\/wp-json\/wp\/v2\/product\/814","targetHints":{"allow":["GET"]}}],"collection":[{"href":"https:\/\/jiushidao.com\/vi\/wp-json\/wp\/v2\/product"}],"about":[{"href":"https:\/\/jiushidao.com\/vi\/wp-json\/wp\/v2\/types\/product"}],"replies":[{"embeddable":true,"href":"https:\/\/jiushidao.com\/vi\/wp-json\/wp\/v2\/comments?post=814"}],"version-history":[{"count":1,"href":"https:\/\/jiushidao.com\/vi\/wp-json\/wp\/v2\/product\/814\/revisions"}],"predecessor-version":[{"id":816,"href":"https:\/\/jiushidao.com\/vi\/wp-json\/wp\/v2\/product\/814\/revisions\/816"}],"wp:featuredmedia":[{"embeddable":true,"href":"https:\/\/jiushidao.com\/vi\/wp-json\/wp\/v2\/media\/815"}],"wp:attachment":[{"href":"https:\/\/jiushidao.com\/vi\/wp-json\/wp\/v2\/media?parent=814"}],"wp:term":[{"taxonomy":"product_brand","embeddable":true,"href":"https:\/\/jiushidao.com\/vi\/wp-json\/wp\/v2\/product_brand?post=814"},{"taxonomy":"product_cat","embeddable":true,"href":"https:\/\/jiushidao.com\/vi\/wp-json\/wp\/v2\/product_cat?post=814"},{"taxonomy":"product_tag","embeddable":true,"href":"https:\/\/jiushidao.com\/vi\/wp-json\/wp\/v2\/product_tag?post=814"}],"curies":[{"name":"wp","href":"https:\/\/api.w.org\/{rel}","templated":true}]}}