{"id":808,"date":"2025-10-31T00:50:47","date_gmt":"2025-10-31T00:50:47","guid":{"rendered":"https:\/\/jiushidao.com\/?post_type=product&#038;p=808"},"modified":"2025-10-31T00:54:13","modified_gmt":"2025-10-31T00:54:13","slug":"aged-citrus-peel-nine-step-crafted-portable-bag","status":"publish","type":"product","link":"https:\/\/jiushidao.com\/vi\/san-pham\/aged-citrus-peel-nine-step-crafted-portable-bag\/","title":{"rendered":"V\u1ecf cam chanh l\u00e2u n\u0103m \u2013 Ch\u00edn b\u01b0\u1edbc ch\u1ebf t\u00e1c (T\u00fai x\u00e1ch tay)"},"content":{"rendered":"<section class=\"ybc-p\"><strong>C\u00f4ng th\u1ee9c gia truy\u1ec1n th\u1eddi nh\u00e0 T\u1ed1ng \u2013 H\u01b0\u01a1ng v\u1ecb nguy\u00ean b\u1ea3n (Kh\u00f4ng c\u00f3 h\u01b0\u01a1ng v\u1ecb nh\u00e2n t\u1ea1o)<\/strong><\/section>\n<section class=\"ybc-p\">\u0110\u01b0\u1ee3c ch\u1ebf bi\u1ebfn theo ph\u01b0\u01a1ng ph\u00e1p c\u1ed5 x\u01b0a t\u1eeb th\u1eddi nh\u00e0 T\u1ed1ng, s\u1ea3n ph\u1ea9m n\u00e0y gi\u1eef nguy\u00ean h\u01b0\u01a1ng v\u1ecb nguy\u00ean b\u1ea3n, thu\u1ea7n khi\u1ebft\u2014kh\u00f4ng th\u00eam h\u01b0\u01a1ng li\u1ec7u hay ph\u1ee5 gia hi\u1ec7n \u0111\u1ea1i. M\u1ed7i kh\u1ea9u ph\u1ea7n \u0111\u01b0\u1ee3c \u0111\u00f3ng g\u00f3i ri\u00eang \u0111\u1ec3 gi\u1eef \u0111\u1ed9 t\u01b0\u01a1i ngon, tr\u00e1nh l\u1eabn m\u00f9i, v\u00e0 d\u1ec5 d\u00e0ng mang theo b\u00ean m\u00ecnh m\u1ecdi l\u00fac, m\u1ecdi n\u01a1i.<\/section>\n<section class=\"ybc-p\"><strong>C\u00e1c t\u00ednh n\u0103ng ch\u00ednh:<\/strong><\/section>\n<ul class=\"ybc-ul-component\">\n<li class=\"ybc-li-component ybc-li-component_ul\">\n<section class=\"ybc-p\"><strong>C\u00f4ng th\u1ee9c n\u1ea5u \u0103n th\u1eddi nh\u00e0 T\u1ed1ng<\/strong>\u2013 L\u1ea5y c\u1ea3m h\u1ee9ng t\u1eeb c\u00e1c ph\u01b0\u01a1ng ph\u00e1p truy\u1ec1n th\u1ed1ng l\u1ecbch s\u1eed<\/section>\n<\/li>\n<li class=\"ybc-li-component ybc-li-component_ul\">\n<section class=\"ybc-p\"><strong>Kh\u00f4ng c\u00f3 h\u01b0\u01a1ng v\u1ecb nh\u00e2n t\u1ea1o<\/strong>\u2013 H\u01b0\u01a1ng v\u1ecb tinh khi\u1ebft, s\u1ea1ch s\u1ebd v\u00e0 t\u1ef1 nhi\u00ean<\/section>\n<\/li>\n<li class=\"ybc-li-component ybc-li-component_ul\">\n<section class=\"ybc-p\"><strong>\u0110\u01b0\u1ee3c g\u00f3i ri\u00eang l\u1ebb<\/strong>\u2013 Duy tr\u00ec \u0111\u1ed9 t\u01b0\u01a1i m\u00e1t v\u00e0 ng\u0103n ng\u1eeba m\u00f9i h\u00f4i<\/section>\n<\/li>\n<li class=\"ybc-li-component ybc-li-component_ul\">\n<section class=\"ybc-p\"><strong>Thi\u1ebft k\u1ebf di \u0111\u1ed9ng<\/strong>\u2013 Ho\u00e0n h\u1ea3o cho vi\u1ec7c \u0111i du l\u1ecbch, \u0111\u1ed3 \u0103n nh\u1eb9 t\u1ea1i v\u0103n ph\u00f2ng ho\u1eb7c th\u01b0\u1edfng th\u1ee9c khi di chuy\u1ec3n<\/section>\n<\/li>\n<\/ul>","protected":false},"excerpt":{"rendered":"<p>C\u00f4ng th\u1ee9c di s\u1ea3n th\u1eddi nh\u00e0 T\u1ed1ng \u2013 H\u01b0\u01a1ng v\u1ecb nguy\u00ean b\u1ea3n tinh khi\u1ebft (Kh\u00f4ng c\u00f3 h\u01b0\u01a1ng v\u1ecb nh\u00e2n t\u1ea1o) \u0110\u01b0\u1ee3c ch\u1ebf t\u00e1c theo ph\u01b0\u01a1ng ph\u00e1p c\u1ed5 x\u01b0a t\u1eeb th\u1eddi nh\u00e0 T\u1ed1ng, s\u1ea3n ph\u1ea9m n\u00e0y v\u1eabn gi\u1eef nguy\u00ean<span class=\"excerpt-hellip\"> [\u2026]<\/span><\/p>","protected":false},"featured_media":810,"comment_status":"open","ping_status":"closed","template":"","meta":[],"product_brand":[60],"product_cat":[59],"product_tag":[],"class_list":{"0":"post-808","1":"product","2":"type-product","3":"status-publish","4":"has-post-thumbnail","6":"product_brand-60","7":"product_cat-he_shun_tang","9":"first","10":"instock","11":"shipping-taxable","12":"product-type-simple"},"yoast_head":"<!-- This site is optimized with the Yoast SEO Premium plugin v25.8 (Yoast SEO v25.8) - https:\/\/yoast.com\/wordpress\/plugins\/seo\/ -->\n<title>Aged Citrus Peel - Nine-Step Crafted (Portable Bag) - Jiushidao - Global Food Marketplace for Business Growth and Cosumers<\/title>\n<meta name=\"robots\" content=\"index, follow, max-snippet:-1, max-image-preview:large, max-video-preview:-1\" \/>\n<link rel=\"canonical\" href=\"https:\/\/jiushidao.com\/vi\/san-pham\/aged-citrus-peel-nine-step-crafted-portable-bag\/\" \/>\n<meta property=\"og:locale\" content=\"vi_VN\" \/>\n<meta property=\"og:type\" content=\"article\" \/>\n<meta property=\"og:title\" content=\"Aged Citrus Peel - Nine-Step Crafted (Portable Bag)\" \/>\n<meta property=\"og:description\" content=\"Song Dynasty Heritage Recipe &#8211; Pure Original Flavor (No Artificial Flavors) Crafted according to ancient methods from the Song Dynasty, this product stays true to a [\u2026]\" \/>\n<meta property=\"og:url\" content=\"https:\/\/jiushidao.com\/vi\/san-pham\/aged-citrus-peel-nine-step-crafted-portable-bag\/\" \/>\n<meta property=\"og:site_name\" content=\"Jiushidao - Global Food Marketplace for Business Growth and Cosumers\" \/>\n<meta property=\"article:modified_time\" content=\"2025-10-31T00:54:13+00:00\" \/>\n<meta property=\"og:image\" content=\"https:\/\/jiushidao.com\/wp-content\/uploads\/2025\/10\/\u56fe\u72472-2.png\" \/>\n\t<meta property=\"og:image:width\" content=\"800\" \/>\n\t<meta property=\"og:image:height\" content=\"800\" \/>\n\t<meta property=\"og:image:type\" content=\"image\/png\" \/>\n<meta name=\"twitter:card\" content=\"summary_large_image\" \/>\n<meta name=\"twitter:label1\" content=\"\u01af\u1edbc t\u00ednh th\u1eddi gian \u0111\u1ecdc\" \/>\n\t<meta name=\"twitter:data1\" content=\"1 ph\u00fat\" \/>\n<script type=\"application\/ld+json\" class=\"yoast-schema-graph\">{\"@context\":\"https:\/\/schema.org\",\"@graph\":[{\"@type\":\"WebPage\",\"@id\":\"https:\/\/jiushidao.com\/product\/aged-citrus-peel-nine-step-crafted-portable-bag\/\",\"url\":\"https:\/\/jiushidao.com\/product\/aged-citrus-peel-nine-step-crafted-portable-bag\/\",\"name\":\"Aged Citrus Peel - Nine-Step Crafted (Portable Bag) - Jiushidao - Global Food Marketplace for Business Growth and Cosumers\",\"isPartOf\":{\"@id\":\"https:\/\/jiushidao.com\/#website\"},\"primaryImageOfPage\":{\"@id\":\"https:\/\/jiushidao.com\/product\/aged-citrus-peel-nine-step-crafted-portable-bag\/#primaryimage\"},\"image\":{\"@id\":\"https:\/\/jiushidao.com\/product\/aged-citrus-peel-nine-step-crafted-portable-bag\/#primaryimage\"},\"thumbnailUrl\":\"https:\/\/jiushidao.com\/wp-content\/uploads\/2025\/10\/\u56fe\u72472-2.png\",\"datePublished\":\"2025-10-31T00:50:47+00:00\",\"dateModified\":\"2025-10-31T00:54:13+00:00\",\"breadcrumb\":{\"@id\":\"https:\/\/jiushidao.com\/product\/aged-citrus-peel-nine-step-crafted-portable-bag\/#breadcrumb\"},\"inLanguage\":\"vi\",\"potentialAction\":[{\"@type\":\"ReadAction\",\"target\":[\"https:\/\/jiushidao.com\/product\/aged-citrus-peel-nine-step-crafted-portable-bag\/\"]}]},{\"@type\":\"ImageObject\",\"inLanguage\":\"vi\",\"@id\":\"https:\/\/jiushidao.com\/product\/aged-citrus-peel-nine-step-crafted-portable-bag\/#primaryimage\",\"url\":\"https:\/\/jiushidao.com\/wp-content\/uploads\/2025\/10\/\u56fe\u72472-2.png\",\"contentUrl\":\"https:\/\/jiushidao.com\/wp-content\/uploads\/2025\/10\/\u56fe\u72472-2.png\",\"width\":800,\"height\":800},{\"@type\":\"BreadcrumbList\",\"@id\":\"https:\/\/jiushidao.com\/product\/aged-citrus-peel-nine-step-crafted-portable-bag\/#breadcrumb\",\"itemListElement\":[{\"@type\":\"ListItem\",\"position\":1,\"name\":\"Home\",\"item\":\"https:\/\/jiushidao.com\/\"},{\"@type\":\"ListItem\",\"position\":2,\"name\":\"Store\",\"item\":\"https:\/\/jiushidao.com\/store\/\"},{\"@type\":\"ListItem\",\"position\":3,\"name\":\"Aged Citrus Peel &#8211; Nine-Step Crafted (Portable Bag)\"}]},{\"@type\":\"WebSite\",\"@id\":\"https:\/\/jiushidao.com\/#website\",\"url\":\"https:\/\/jiushidao.com\/\",\"name\":\"Jiushidao - Global Food Marketplace for Business Growth and Cosumers\",\"description\":\"Jiushidao - Global Food Marketplace for Business Growth and Cosumers\",\"potentialAction\":[{\"@type\":\"SearchAction\",\"target\":{\"@type\":\"EntryPoint\",\"urlTemplate\":\"https:\/\/jiushidao.com\/?s={search_term_string}\"},\"query-input\":{\"@type\":\"PropertyValueSpecification\",\"valueRequired\":true,\"valueName\":\"search_term_string\"}}],\"inLanguage\":\"vi\"}]}<\/script>\n<!-- \/ Yoast SEO Premium plugin. -->","yoast_head_json":{"title":"Aged Citrus Peel - Nine-Step Crafted (Portable Bag) - Jiushidao - Global Food Marketplace for Business Growth and Cosumers","robots":{"index":"index","follow":"follow","max-snippet":"max-snippet:-1","max-image-preview":"max-image-preview:large","max-video-preview":"max-video-preview:-1"},"canonical":"https:\/\/jiushidao.com\/vi\/san-pham\/aged-citrus-peel-nine-step-crafted-portable-bag\/","og_locale":"vi_VN","og_type":"article","og_title":"Aged Citrus Peel - Nine-Step Crafted (Portable Bag)","og_description":"Song Dynasty Heritage Recipe &#8211; Pure Original Flavor (No Artificial Flavors) Crafted according to ancient methods from the Song Dynasty, this product stays true to a [\u2026]","og_url":"https:\/\/jiushidao.com\/vi\/san-pham\/aged-citrus-peel-nine-step-crafted-portable-bag\/","og_site_name":"Jiushidao - Global Food Marketplace for Business Growth and Cosumers","article_modified_time":"2025-10-31T00:54:13+00:00","og_image":[{"width":800,"height":800,"url":"https:\/\/jiushidao.com\/wp-content\/uploads\/2025\/10\/\u56fe\u72472-2.png","type":"image\/png"}],"twitter_card":"summary_large_image","twitter_misc":{"\u01af\u1edbc t\u00ednh th\u1eddi gian \u0111\u1ecdc":"1 ph\u00fat"},"schema":{"@context":"https:\/\/schema.org","@graph":[{"@type":"WebPage","@id":"https:\/\/jiushidao.com\/product\/aged-citrus-peel-nine-step-crafted-portable-bag\/","url":"https:\/\/jiushidao.com\/product\/aged-citrus-peel-nine-step-crafted-portable-bag\/","name":"Aged Citrus Peel - Nine-Step Crafted (Portable Bag) - Jiushidao - Global Food Marketplace for Business Growth and Cosumers","isPartOf":{"@id":"https:\/\/jiushidao.com\/#website"},"primaryImageOfPage":{"@id":"https:\/\/jiushidao.com\/product\/aged-citrus-peel-nine-step-crafted-portable-bag\/#primaryimage"},"image":{"@id":"https:\/\/jiushidao.com\/product\/aged-citrus-peel-nine-step-crafted-portable-bag\/#primaryimage"},"thumbnailUrl":"https:\/\/jiushidao.com\/wp-content\/uploads\/2025\/10\/\u56fe\u72472-2.png","datePublished":"2025-10-31T00:50:47+00:00","dateModified":"2025-10-31T00:54:13+00:00","breadcrumb":{"@id":"https:\/\/jiushidao.com\/product\/aged-citrus-peel-nine-step-crafted-portable-bag\/#breadcrumb"},"inLanguage":"vi","potentialAction":[{"@type":"ReadAction","target":["https:\/\/jiushidao.com\/product\/aged-citrus-peel-nine-step-crafted-portable-bag\/"]}]},{"@type":"ImageObject","inLanguage":"vi","@id":"https:\/\/jiushidao.com\/product\/aged-citrus-peel-nine-step-crafted-portable-bag\/#primaryimage","url":"https:\/\/jiushidao.com\/wp-content\/uploads\/2025\/10\/\u56fe\u72472-2.png","contentUrl":"https:\/\/jiushidao.com\/wp-content\/uploads\/2025\/10\/\u56fe\u72472-2.png","width":800,"height":800},{"@type":"BreadcrumbList","@id":"https:\/\/jiushidao.com\/product\/aged-citrus-peel-nine-step-crafted-portable-bag\/#breadcrumb","itemListElement":[{"@type":"ListItem","position":1,"name":"Home","item":"https:\/\/jiushidao.com\/"},{"@type":"ListItem","position":2,"name":"Store","item":"https:\/\/jiushidao.com\/store\/"},{"@type":"ListItem","position":3,"name":"Aged Citrus Peel &#8211; Nine-Step Crafted (Portable Bag)"}]},{"@type":"WebSite","@id":"https:\/\/jiushidao.com\/#website","url":"https:\/\/jiushidao.com\/","name":"Jiushidao - Global Food Marketplace for Business Growth and Cosumers","description":"Jiushidao - Global Food Marketplace for Business Growth and Cosumers","potentialAction":[{"@type":"SearchAction","target":{"@type":"EntryPoint","urlTemplate":"https:\/\/jiushidao.com\/?s={search_term_string}"},"query-input":{"@type":"PropertyValueSpecification","valueRequired":true,"valueName":"search_term_string"}}],"inLanguage":"vi"}]}},"_links":{"self":[{"href":"https:\/\/jiushidao.com\/vi\/wp-json\/wp\/v2\/product\/808","targetHints":{"allow":["GET"]}}],"collection":[{"href":"https:\/\/jiushidao.com\/vi\/wp-json\/wp\/v2\/product"}],"about":[{"href":"https:\/\/jiushidao.com\/vi\/wp-json\/wp\/v2\/types\/product"}],"replies":[{"embeddable":true,"href":"https:\/\/jiushidao.com\/vi\/wp-json\/wp\/v2\/comments?post=808"}],"version-history":[{"count":1,"href":"https:\/\/jiushidao.com\/vi\/wp-json\/wp\/v2\/product\/808\/revisions"}],"predecessor-version":[{"id":809,"href":"https:\/\/jiushidao.com\/vi\/wp-json\/wp\/v2\/product\/808\/revisions\/809"}],"wp:featuredmedia":[{"embeddable":true,"href":"https:\/\/jiushidao.com\/vi\/wp-json\/wp\/v2\/media\/810"}],"wp:attachment":[{"href":"https:\/\/jiushidao.com\/vi\/wp-json\/wp\/v2\/media?parent=808"}],"wp:term":[{"taxonomy":"product_brand","embeddable":true,"href":"https:\/\/jiushidao.com\/vi\/wp-json\/wp\/v2\/product_brand?post=808"},{"taxonomy":"product_cat","embeddable":true,"href":"https:\/\/jiushidao.com\/vi\/wp-json\/wp\/v2\/product_cat?post=808"},{"taxonomy":"product_tag","embeddable":true,"href":"https:\/\/jiushidao.com\/vi\/wp-json\/wp\/v2\/product_tag?post=808"}],"curies":[{"name":"wp","href":"https:\/\/api.w.org\/{rel}","templated":true}]}}