{"id":806,"date":"2025-10-31T00:44:42","date_gmt":"2025-10-31T00:44:42","guid":{"rendered":"https:\/\/jiushidao.com\/?post_type=product&#038;p=806"},"modified":"2025-10-31T00:44:43","modified_gmt":"2025-10-31T00:44:43","slug":"aged-artisan-chenpi-traditional-iron-caddy","status":"publish","type":"product","link":"https:\/\/jiushidao.com\/vi\/san-pham\/aged-artisan-chenpi-traditional-iron-caddy\/","title":{"rendered":"Ngh\u1ec7 nh\u00e2n Chenpi c\u1ed5 x\u01b0a \u2013 H\u1ed9p \u0111\u1ef1ng b\u1eb1ng s\u1eaft truy\u1ec1n th\u1ed1ng"},"content":{"rendered":"<section class=\"ybc-p\"><strong>H\u01b0\u01a1ng v\u1ecb nguy\u00ean b\u1ea3n theo phong c\u00e1ch nh\u00e0 T\u1ed1ng (Kh\u00f4ng c\u00f3 ch\u1ea5t ph\u1ee5 gia)<\/strong><\/section>\n<section class=\"ybc-p\">L\u1ea5y c\u1ea3m h\u1ee9ng t\u1eeb c\u00f4ng th\u1ee9c n\u1ea5u \u0103n c\u1ed5 x\u01b0a t\u1eeb th\u1eddi nh\u00e0 T\u1ed1ng, s\u1ea3n ph\u1ea9m n\u00e0y \u0111\u01b0\u1ee3c ch\u1ebf bi\u1ebfn theo ph\u01b0\u01a1ng ph\u00e1p truy\u1ec1n th\u1ed1ng v\u00e0 kh\u00f4ng ch\u1ee9a h\u01b0\u01a1ng li\u1ec7u nh\u00e2n t\u1ea1o. M\u1ed7i mi\u1ebfng \u0111\u01b0\u1ee3c \u0111\u00f3ng g\u00f3i ri\u00eang \u0111\u1ec3 gi\u1eef \u0111\u1ed9 t\u01b0\u01a1i ngon, ng\u0103n ng\u1eeba m\u00f9i h\u00f4i v\u00e0 d\u1ec5 d\u00e0ng mang theo.<\/section>\n<section class=\"ybc-p\"><strong>L\u00fd t\u01b0\u1edfng cho l\u1ed1i s\u1ed1ng hi\u1ec7n \u0111\u1ea1i:<\/strong><\/section>\n<ul class=\"ybc-ul-component\">\n<li class=\"ybc-li-component ybc-li-component_ul\">\n<section class=\"ybc-p\">H\u01b0\u01a1ng v\u1ecb nguy\u00ean b\u1ea3n, thu\u1ea7n khi\u1ebft \u0111\u00fang v\u1edbi ngu\u1ed3n g\u1ed1c l\u1ecbch s\u1eed c\u1ee7a n\u00f3<\/section>\n<\/li>\n<li class=\"ybc-li-component ybc-li-component_ul\">\n<section class=\"ybc-p\">\u0110\u01b0\u1ee3c \u0111\u00f3ng g\u00f3i ri\u00eang l\u1ebb \u0111\u1ec3 thu\u1eadn ti\u1ec7n s\u1eed d\u1ee5ng h\u00e0ng ng\u00e0y<\/section>\n<\/li>\n<li class=\"ybc-li-component ybc-li-component_ul\">\n<section class=\"ybc-p\">Ho\u00e0n h\u1ea3o cho du l\u1ecbch, \u0111\u1ed3 \u0103n nh\u1eb9 t\u1ea1i v\u0103n ph\u00f2ng ho\u1eb7c \u0103n u\u1ed1ng c\u00f3 ch\u00e1nh ni\u1ec7m<\/section>\n<\/li>\n<\/ul>","protected":false},"excerpt":{"rendered":"<p>H\u01b0\u01a1ng v\u1ecb nguy\u00ean b\u1ea3n theo phong c\u00e1ch nh\u00e0 T\u1ed1ng (Kh\u00f4ng c\u00f3 ch\u1ea5t ph\u1ee5 gia) \u0110\u01b0\u1ee3c l\u1ea5y c\u1ea3m h\u1ee9ng t\u1eeb c\u00f4ng th\u1ee9c n\u1ea5u \u0103n c\u1ed5 x\u01b0a t\u1eeb th\u1eddi nh\u00e0 T\u1ed1ng, s\u1ea3n ph\u1ea9m n\u00e0y \u0111\u01b0\u1ee3c ch\u1ebf bi\u1ebfn theo ph\u01b0\u01a1ng ph\u00e1p truy\u1ec1n th\u1ed1ng v\u00e0 kh\u00f4ng ch\u1ee9a h\u01b0\u01a1ng v\u1ecb nh\u00e2n t\u1ea1o.<span class=\"excerpt-hellip\"> [\u2026]<\/span><\/p>","protected":false},"featured_media":805,"comment_status":"open","ping_status":"closed","template":"","meta":[],"product_brand":[],"product_cat":[38],"product_tag":[],"class_list":{"0":"post-806","1":"product","2":"type-product","3":"status-publish","4":"has-post-thumbnail","6":"product_cat-beverages-and-preparations","8":"first","9":"instock","10":"shipping-taxable","11":"product-type-simple"},"yoast_head":"<!-- This site is optimized with the Yoast SEO Premium plugin v25.8 (Yoast SEO v25.8) - https:\/\/yoast.com\/wordpress\/plugins\/seo\/ -->\n<title>Aged Artisan Chenpi - Traditional Iron Caddy - Jiushidao - Global Food Marketplace for Business Growth and Cosumers<\/title>\n<meta name=\"robots\" content=\"index, follow, max-snippet:-1, max-image-preview:large, max-video-preview:-1\" \/>\n<link rel=\"canonical\" href=\"https:\/\/jiushidao.com\/vi\/san-pham\/aged-artisan-chenpi-traditional-iron-caddy\/\" \/>\n<meta property=\"og:locale\" content=\"vi_VN\" \/>\n<meta property=\"og:type\" content=\"article\" \/>\n<meta property=\"og:title\" content=\"Aged Artisan Chenpi - Traditional Iron Caddy\" \/>\n<meta property=\"og:description\" content=\"Song Dynasty-Style Original Flavor (No Additives) Inspired by ancient recipes from the Song Dynasty, this product is crafted with traditional methods and contains no artificial flavors. [\u2026]\" \/>\n<meta property=\"og:url\" content=\"https:\/\/jiushidao.com\/vi\/san-pham\/aged-artisan-chenpi-traditional-iron-caddy\/\" \/>\n<meta property=\"og:site_name\" content=\"Jiushidao - Global Food Marketplace for Business Growth and Cosumers\" \/>\n<meta property=\"article:modified_time\" content=\"2025-10-31T00:44:43+00:00\" \/>\n<meta property=\"og:image\" content=\"https:\/\/jiushidao.com\/wp-content\/uploads\/2025\/10\/\u56fe\u72471-4.png\" \/>\n\t<meta property=\"og:image:width\" content=\"751\" \/>\n\t<meta property=\"og:image:height\" content=\"751\" \/>\n\t<meta property=\"og:image:type\" content=\"image\/png\" \/>\n<meta name=\"twitter:card\" content=\"summary_large_image\" \/>\n<meta name=\"twitter:label1\" content=\"\u01af\u1edbc t\u00ednh th\u1eddi gian \u0111\u1ecdc\" \/>\n\t<meta name=\"twitter:data1\" content=\"1 ph\u00fat\" \/>\n<script type=\"application\/ld+json\" class=\"yoast-schema-graph\">{\"@context\":\"https:\/\/schema.org\",\"@graph\":[{\"@type\":\"WebPage\",\"@id\":\"https:\/\/jiushidao.com\/product\/aged-artisan-chenpi-traditional-iron-caddy\/\",\"url\":\"https:\/\/jiushidao.com\/product\/aged-artisan-chenpi-traditional-iron-caddy\/\",\"name\":\"Aged Artisan Chenpi - Traditional Iron Caddy - Jiushidao - Global Food Marketplace for Business Growth and Cosumers\",\"isPartOf\":{\"@id\":\"https:\/\/jiushidao.com\/#website\"},\"primaryImageOfPage\":{\"@id\":\"https:\/\/jiushidao.com\/product\/aged-artisan-chenpi-traditional-iron-caddy\/#primaryimage\"},\"image\":{\"@id\":\"https:\/\/jiushidao.com\/product\/aged-artisan-chenpi-traditional-iron-caddy\/#primaryimage\"},\"thumbnailUrl\":\"https:\/\/jiushidao.com\/wp-content\/uploads\/2025\/10\/\u56fe\u72471-4.png\",\"datePublished\":\"2025-10-31T00:44:42+00:00\",\"dateModified\":\"2025-10-31T00:44:43+00:00\",\"breadcrumb\":{\"@id\":\"https:\/\/jiushidao.com\/product\/aged-artisan-chenpi-traditional-iron-caddy\/#breadcrumb\"},\"inLanguage\":\"vi\",\"potentialAction\":[{\"@type\":\"ReadAction\",\"target\":[\"https:\/\/jiushidao.com\/product\/aged-artisan-chenpi-traditional-iron-caddy\/\"]}]},{\"@type\":\"ImageObject\",\"inLanguage\":\"vi\",\"@id\":\"https:\/\/jiushidao.com\/product\/aged-artisan-chenpi-traditional-iron-caddy\/#primaryimage\",\"url\":\"https:\/\/jiushidao.com\/wp-content\/uploads\/2025\/10\/\u56fe\u72471-4.png\",\"contentUrl\":\"https:\/\/jiushidao.com\/wp-content\/uploads\/2025\/10\/\u56fe\u72471-4.png\",\"width\":751,\"height\":751},{\"@type\":\"BreadcrumbList\",\"@id\":\"https:\/\/jiushidao.com\/product\/aged-artisan-chenpi-traditional-iron-caddy\/#breadcrumb\",\"itemListElement\":[{\"@type\":\"ListItem\",\"position\":1,\"name\":\"Home\",\"item\":\"https:\/\/jiushidao.com\/\"},{\"@type\":\"ListItem\",\"position\":2,\"name\":\"Store\",\"item\":\"https:\/\/jiushidao.com\/store\/\"},{\"@type\":\"ListItem\",\"position\":3,\"name\":\"Aged Artisan Chenpi &#8211; Traditional Iron Caddy\"}]},{\"@type\":\"WebSite\",\"@id\":\"https:\/\/jiushidao.com\/#website\",\"url\":\"https:\/\/jiushidao.com\/\",\"name\":\"Jiushidao - Global Food Marketplace for Business Growth and Cosumers\",\"description\":\"Jiushidao - Global Food Marketplace for Business Growth and Cosumers\",\"potentialAction\":[{\"@type\":\"SearchAction\",\"target\":{\"@type\":\"EntryPoint\",\"urlTemplate\":\"https:\/\/jiushidao.com\/?s={search_term_string}\"},\"query-input\":{\"@type\":\"PropertyValueSpecification\",\"valueRequired\":true,\"valueName\":\"search_term_string\"}}],\"inLanguage\":\"vi\"}]}<\/script>\n<!-- \/ Yoast SEO Premium plugin. -->","yoast_head_json":{"title":"Aged Artisan Chenpi - Traditional Iron Caddy - Jiushidao - Global Food Marketplace for Business Growth and Cosumers","robots":{"index":"index","follow":"follow","max-snippet":"max-snippet:-1","max-image-preview":"max-image-preview:large","max-video-preview":"max-video-preview:-1"},"canonical":"https:\/\/jiushidao.com\/vi\/san-pham\/aged-artisan-chenpi-traditional-iron-caddy\/","og_locale":"vi_VN","og_type":"article","og_title":"Aged Artisan Chenpi - Traditional Iron Caddy","og_description":"Song Dynasty-Style Original Flavor (No Additives) Inspired by ancient recipes from the Song Dynasty, this product is crafted with traditional methods and contains no artificial flavors. [\u2026]","og_url":"https:\/\/jiushidao.com\/vi\/san-pham\/aged-artisan-chenpi-traditional-iron-caddy\/","og_site_name":"Jiushidao - Global Food Marketplace for Business Growth and Cosumers","article_modified_time":"2025-10-31T00:44:43+00:00","og_image":[{"width":751,"height":751,"url":"https:\/\/jiushidao.com\/wp-content\/uploads\/2025\/10\/\u56fe\u72471-4.png","type":"image\/png"}],"twitter_card":"summary_large_image","twitter_misc":{"\u01af\u1edbc t\u00ednh th\u1eddi gian \u0111\u1ecdc":"1 ph\u00fat"},"schema":{"@context":"https:\/\/schema.org","@graph":[{"@type":"WebPage","@id":"https:\/\/jiushidao.com\/product\/aged-artisan-chenpi-traditional-iron-caddy\/","url":"https:\/\/jiushidao.com\/product\/aged-artisan-chenpi-traditional-iron-caddy\/","name":"Aged Artisan Chenpi - Traditional Iron Caddy - Jiushidao - Global Food Marketplace for Business Growth and Cosumers","isPartOf":{"@id":"https:\/\/jiushidao.com\/#website"},"primaryImageOfPage":{"@id":"https:\/\/jiushidao.com\/product\/aged-artisan-chenpi-traditional-iron-caddy\/#primaryimage"},"image":{"@id":"https:\/\/jiushidao.com\/product\/aged-artisan-chenpi-traditional-iron-caddy\/#primaryimage"},"thumbnailUrl":"https:\/\/jiushidao.com\/wp-content\/uploads\/2025\/10\/\u56fe\u72471-4.png","datePublished":"2025-10-31T00:44:42+00:00","dateModified":"2025-10-31T00:44:43+00:00","breadcrumb":{"@id":"https:\/\/jiushidao.com\/product\/aged-artisan-chenpi-traditional-iron-caddy\/#breadcrumb"},"inLanguage":"vi","potentialAction":[{"@type":"ReadAction","target":["https:\/\/jiushidao.com\/product\/aged-artisan-chenpi-traditional-iron-caddy\/"]}]},{"@type":"ImageObject","inLanguage":"vi","@id":"https:\/\/jiushidao.com\/product\/aged-artisan-chenpi-traditional-iron-caddy\/#primaryimage","url":"https:\/\/jiushidao.com\/wp-content\/uploads\/2025\/10\/\u56fe\u72471-4.png","contentUrl":"https:\/\/jiushidao.com\/wp-content\/uploads\/2025\/10\/\u56fe\u72471-4.png","width":751,"height":751},{"@type":"BreadcrumbList","@id":"https:\/\/jiushidao.com\/product\/aged-artisan-chenpi-traditional-iron-caddy\/#breadcrumb","itemListElement":[{"@type":"ListItem","position":1,"name":"Home","item":"https:\/\/jiushidao.com\/"},{"@type":"ListItem","position":2,"name":"Store","item":"https:\/\/jiushidao.com\/store\/"},{"@type":"ListItem","position":3,"name":"Aged Artisan Chenpi &#8211; Traditional Iron Caddy"}]},{"@type":"WebSite","@id":"https:\/\/jiushidao.com\/#website","url":"https:\/\/jiushidao.com\/","name":"Jiushidao - Global Food Marketplace for Business Growth and Cosumers","description":"Jiushidao - Global Food Marketplace for Business Growth and Cosumers","potentialAction":[{"@type":"SearchAction","target":{"@type":"EntryPoint","urlTemplate":"https:\/\/jiushidao.com\/?s={search_term_string}"},"query-input":{"@type":"PropertyValueSpecification","valueRequired":true,"valueName":"search_term_string"}}],"inLanguage":"vi"}]}},"_links":{"self":[{"href":"https:\/\/jiushidao.com\/vi\/wp-json\/wp\/v2\/product\/806","targetHints":{"allow":["GET"]}}],"collection":[{"href":"https:\/\/jiushidao.com\/vi\/wp-json\/wp\/v2\/product"}],"about":[{"href":"https:\/\/jiushidao.com\/vi\/wp-json\/wp\/v2\/types\/product"}],"replies":[{"embeddable":true,"href":"https:\/\/jiushidao.com\/vi\/wp-json\/wp\/v2\/comments?post=806"}],"version-history":[{"count":1,"href":"https:\/\/jiushidao.com\/vi\/wp-json\/wp\/v2\/product\/806\/revisions"}],"predecessor-version":[{"id":807,"href":"https:\/\/jiushidao.com\/vi\/wp-json\/wp\/v2\/product\/806\/revisions\/807"}],"wp:featuredmedia":[{"embeddable":true,"href":"https:\/\/jiushidao.com\/vi\/wp-json\/wp\/v2\/media\/805"}],"wp:attachment":[{"href":"https:\/\/jiushidao.com\/vi\/wp-json\/wp\/v2\/media?parent=806"}],"wp:term":[{"taxonomy":"product_brand","embeddable":true,"href":"https:\/\/jiushidao.com\/vi\/wp-json\/wp\/v2\/product_brand?post=806"},{"taxonomy":"product_cat","embeddable":true,"href":"https:\/\/jiushidao.com\/vi\/wp-json\/wp\/v2\/product_cat?post=806"},{"taxonomy":"product_tag","embeddable":true,"href":"https:\/\/jiushidao.com\/vi\/wp-json\/wp\/v2\/product_tag?post=806"}],"curies":[{"name":"wp","href":"https:\/\/api.w.org\/{rel}","templated":true}]}}