{"id":721,"date":"2025-10-29T09:45:47","date_gmt":"2025-10-29T09:45:47","guid":{"rendered":"https:\/\/jiushidao.com\/?post_type=product&#038;p=721"},"modified":"2025-10-31T00:22:46","modified_gmt":"2025-10-31T00:22:46","slug":"wuyuan-royal-chrysanthemum-true-dragon-emperor-grade-single-box","status":"publish","type":"product","link":"https:\/\/jiushidao.com\/vi\/san-pham\/wuyuan-royal-chrysanthemum-true-dragon-emperor-grade-single-box\/","title":{"rendered":"Tr\u00e0 hoa c\u00fac Wuyuan Supreme Grade \u2013 \u0110\u01b0\u1ee3c tuy\u1ec3n ch\u1ecdn th\u1ee7 c\u00f4ng"},"content":{"rendered":"<section class=\"ybc-p\">\u200b<strong>Tr\u00e0 hoa c\u00fac cao c\u1ea5p Wuyuan \u2013 H\u01b0\u01a1ng v\u1ecb thanh l\u1ecbch rang than<\/strong>\u200b<\/section>\n<section class=\"ybc-p\">Tr\u1ea3i nghi\u1ec7m \u0111\u1ec9nh cao ngh\u1ec7 thu\u1eadt th\u1ee7 c\u00f4ng v\u1edbi tr\u00e0 C\u00fac Ng\u0169 Nguy\u00ean ch\u00ednh hi\u1ec7u c\u1ee7a ch\u00fang t\u00f4i. \u0110\u01b0\u1ee3c h\u00e1i c\u1ea9n th\u1eadn v\u00e0 rang theo ph\u01b0\u01a1ng ph\u00e1p truy\u1ec1n th\u1ed1ng tr\u00ean than g\u1ed7 th\u00f4ng, lo\u1ea1i tr\u00e0 n\u00e0y mang \u0111\u1ebfn h\u01b0\u01a1ng th\u01a1m s\u00e2u l\u1eafng v\u00f4 song. M\u1ed7i b\u00f4ng hoa, \u0111\u01b0\u1ee3c g\u00f3i ri\u00eang bi\u1ec7t, khoe s\u1eafc, n\u1edf r\u1ed9 nh\u01b0 m\u1ed9t b\u00f4ng c\u1ea9m t\u00fa c\u1ea7u v\u00e0ng \u00f3ng khi \u0111\u01b0\u1ee3c pha, bi\u1ebfn t\u00e1ch tr\u00e0 c\u1ee7a b\u1ea1n th\u00e0nh m\u1ed9t tuy\u1ec7t t\u00e1c th\u1ecb gi\u00e1c v\u00e0 gi\u00e1c quan.<\/section>\n<section class=\"ybc-p\">\u200b<strong>C\u00e1c t\u00ednh n\u0103ng ch\u00ednh:<\/strong>\u200b<\/section>\n<ul class=\"ybc-ul-component\">\n<li class=\"ybc-li-component ybc-li-component_ul\">\n<section class=\"ybc-p\">\u200b<strong>Ch\u00ednh h\u00e3ng &amp; Cao c\u1ea5p:<\/strong>\u200b Hoa c\u00fac Ng\u0169 Nguy\u00ean ch\u00ednh hi\u1ec7u, \u0111\u01b0\u1ee3c l\u00e0m t\u1eeb v\u1ee5 thu ho\u1ea1ch \u0111\u1ea7u ti\u00ean c\u1ee7a m\u00f9a.<\/section>\n<\/li>\n<li class=\"ybc-li-component ybc-li-component_ul\">\n<section class=\"ybc-p\">\u200b<strong>Rang than truy\u1ec1n th\u1ed1ng:<\/strong>\u0110\u01b0\u1ee3c rang \u0111\u1ed9c \u0111\u00e1o tr\u00ean than g\u1ed7 th\u00f4ng \u0111\u1ec3 c\u00f3 h\u01b0\u01a1ng v\u1ecb \u1ea5m \u00e1p, tinh t\u1ebf.<\/section>\n<\/li>\n<li class=\"ybc-li-component ybc-li-component_ul\">\n<section class=\"ybc-p\">\u200b<strong>M\u1ed9t s\u1ef1 n\u1edf r\u1ed9 ngo\u1ea1n m\u1ee5c:<\/strong>M\u1ed7i b\u00f4ng hoa n\u1edf r\u1ed9 tr\u00f4ng gi\u1ed1ng nh\u01b0 hoa c\u1ea9m t\u00fa c\u1ea7u trong t\u00e1ch tr\u00e0 c\u1ee7a b\u1ea1n.<\/section>\n<\/li>\n<li class=\"ybc-li-component ybc-li-component_ul\">\n<section class=\"ybc-p\">\u200b<strong>\u200bG\u00f3i ri\u00eang l\u1ebb:\u200b<\/strong>Bao b\u00ec ri\u00eang bi\u1ec7t cao c\u1ea5p \u0111\u1ea3m b\u1ea3o \u0111\u1ed9 t\u01b0\u01a1i ngon v\u00e0 mang l\u1ea1i tr\u1ea3i nghi\u1ec7m sang tr\u1ecdng.<\/section>\n<\/li>\n<\/ul>","protected":false},"excerpt":{"rendered":"<p>Tr\u00e0 C\u00fac Ho\u00e0ng Gia Wuyuan Cao C\u1ea5p \u2013 S\u1ef1 Tinh T\u1ebf Rang Than\u200b\u200b Tr\u1ea3i nghi\u1ec7m \u0111\u1ec9nh cao c\u1ee7a ngh\u1ec7 thu\u1eadt th\u1ee7 c\u00f4ng v\u1edbi Tr\u00e0 C\u00fac Ho\u00e0ng Gia Wuyuan ch\u00ednh hi\u1ec7u c\u1ee7a ch\u00fang t\u00f4i. \u0110\u01b0\u1ee3c h\u00e1i c\u1ea9n th\u1eadn v\u00e0 rang theo ph\u01b0\u01a1ng ph\u00e1p truy\u1ec1n th\u1ed1ng tr\u00ean g\u1ed7 th\u00f4ng.<span class=\"excerpt-hellip\"> [\u2026]<\/span><\/p>","protected":false},"featured_media":722,"comment_status":"open","ping_status":"closed","template":"","meta":[],"product_brand":[],"product_cat":[38],"product_tag":[],"class_list":{"0":"post-721","1":"product","2":"type-product","3":"status-publish","4":"has-post-thumbnail","6":"product_cat-beverages-and-preparations","8":"first","9":"instock","10":"shipping-taxable","11":"product-type-simple"},"yoast_head":"<!-- This site is optimized with the Yoast SEO Premium plugin v25.8 (Yoast SEO v25.8) - https:\/\/yoast.com\/wordpress\/plugins\/seo\/ -->\n<title>Wuyuan Supreme Grade Chrysanthemum Tea - Hand-Selected - Jiushidao - Global Food Marketplace for Business Growth and Cosumers<\/title>\n<meta name=\"robots\" content=\"index, follow, max-snippet:-1, max-image-preview:large, max-video-preview:-1\" \/>\n<link rel=\"canonical\" href=\"https:\/\/jiushidao.com\/vi\/san-pham\/wuyuan-royal-chrysanthemum-true-dragon-emperor-grade-single-box\/\" \/>\n<meta property=\"og:locale\" content=\"vi_VN\" \/>\n<meta property=\"og:type\" content=\"article\" \/>\n<meta property=\"og:title\" content=\"Wuyuan Supreme Grade Chrysanthemum Tea - Hand-Selected\" \/>\n<meta property=\"og:description\" content=\"\u200b\u200bWuyuan Premium Imperial Chrysanthemum Tea &#8211; Charcoal-Roasted Elegance\u200b\u200b Experience the pinnacle of craftsmanship with our authentic Wuyuan Imperial Chrysanthemum. Meticulously head-picked and traditionally roasted over pinewood [\u2026]\" \/>\n<meta property=\"og:url\" content=\"https:\/\/jiushidao.com\/vi\/san-pham\/wuyuan-royal-chrysanthemum-true-dragon-emperor-grade-single-box\/\" \/>\n<meta property=\"og:site_name\" content=\"Jiushidao - Global Food Marketplace for Business Growth and Cosumers\" \/>\n<meta property=\"article:modified_time\" content=\"2025-10-31T00:22:46+00:00\" \/>\n<meta property=\"og:image\" content=\"https:\/\/jiushidao.com\/wp-content\/uploads\/2025\/10\/\u56fe\u72478.png\" \/>\n\t<meta property=\"og:image:width\" content=\"800\" \/>\n\t<meta property=\"og:image:height\" content=\"800\" \/>\n\t<meta property=\"og:image:type\" content=\"image\/png\" \/>\n<meta name=\"twitter:card\" content=\"summary_large_image\" \/>\n<meta name=\"twitter:label1\" content=\"\u01af\u1edbc t\u00ednh th\u1eddi gian \u0111\u1ecdc\" \/>\n\t<meta name=\"twitter:data1\" content=\"1 ph\u00fat\" \/>\n<script type=\"application\/ld+json\" class=\"yoast-schema-graph\">{\"@context\":\"https:\/\/schema.org\",\"@graph\":[{\"@type\":\"WebPage\",\"@id\":\"https:\/\/jiushidao.com\/product\/wuyuan-royal-chrysanthemum-true-dragon-emperor-grade-single-box\/\",\"url\":\"https:\/\/jiushidao.com\/product\/wuyuan-royal-chrysanthemum-true-dragon-emperor-grade-single-box\/\",\"name\":\"Wuyuan Supreme Grade Chrysanthemum Tea - Hand-Selected - Jiushidao - Global Food Marketplace for Business Growth and Cosumers\",\"isPartOf\":{\"@id\":\"https:\/\/jiushidao.com\/#website\"},\"primaryImageOfPage\":{\"@id\":\"https:\/\/jiushidao.com\/product\/wuyuan-royal-chrysanthemum-true-dragon-emperor-grade-single-box\/#primaryimage\"},\"image\":{\"@id\":\"https:\/\/jiushidao.com\/product\/wuyuan-royal-chrysanthemum-true-dragon-emperor-grade-single-box\/#primaryimage\"},\"thumbnailUrl\":\"https:\/\/jiushidao.com\/wp-content\/uploads\/2025\/10\/\u56fe\u72478.png\",\"datePublished\":\"2025-10-29T09:45:47+00:00\",\"dateModified\":\"2025-10-31T00:22:46+00:00\",\"breadcrumb\":{\"@id\":\"https:\/\/jiushidao.com\/product\/wuyuan-royal-chrysanthemum-true-dragon-emperor-grade-single-box\/#breadcrumb\"},\"inLanguage\":\"vi\",\"potentialAction\":[{\"@type\":\"ReadAction\",\"target\":[\"https:\/\/jiushidao.com\/product\/wuyuan-royal-chrysanthemum-true-dragon-emperor-grade-single-box\/\"]}]},{\"@type\":\"ImageObject\",\"inLanguage\":\"vi\",\"@id\":\"https:\/\/jiushidao.com\/product\/wuyuan-royal-chrysanthemum-true-dragon-emperor-grade-single-box\/#primaryimage\",\"url\":\"https:\/\/jiushidao.com\/wp-content\/uploads\/2025\/10\/\u56fe\u72478.png\",\"contentUrl\":\"https:\/\/jiushidao.com\/wp-content\/uploads\/2025\/10\/\u56fe\u72478.png\",\"width\":800,\"height\":800},{\"@type\":\"BreadcrumbList\",\"@id\":\"https:\/\/jiushidao.com\/product\/wuyuan-royal-chrysanthemum-true-dragon-emperor-grade-single-box\/#breadcrumb\",\"itemListElement\":[{\"@type\":\"ListItem\",\"position\":1,\"name\":\"Home\",\"item\":\"https:\/\/jiushidao.com\/\"},{\"@type\":\"ListItem\",\"position\":2,\"name\":\"Store\",\"item\":\"https:\/\/jiushidao.com\/store\/\"},{\"@type\":\"ListItem\",\"position\":3,\"name\":\"Wuyuan Supreme Grade Chrysanthemum Tea &#8211; Hand-Selected\"}]},{\"@type\":\"WebSite\",\"@id\":\"https:\/\/jiushidao.com\/#website\",\"url\":\"https:\/\/jiushidao.com\/\",\"name\":\"Jiushidao - Global Food Marketplace for Business Growth and Cosumers\",\"description\":\"Jiushidao - Global Food Marketplace for Business Growth and Cosumers\",\"potentialAction\":[{\"@type\":\"SearchAction\",\"target\":{\"@type\":\"EntryPoint\",\"urlTemplate\":\"https:\/\/jiushidao.com\/?s={search_term_string}\"},\"query-input\":{\"@type\":\"PropertyValueSpecification\",\"valueRequired\":true,\"valueName\":\"search_term_string\"}}],\"inLanguage\":\"vi\"}]}<\/script>\n<!-- \/ Yoast SEO Premium plugin. -->","yoast_head_json":{"title":"Wuyuan Supreme Grade Chrysanthemum Tea - Hand-Selected - Jiushidao - Global Food Marketplace for Business Growth and Cosumers","robots":{"index":"index","follow":"follow","max-snippet":"max-snippet:-1","max-image-preview":"max-image-preview:large","max-video-preview":"max-video-preview:-1"},"canonical":"https:\/\/jiushidao.com\/vi\/san-pham\/wuyuan-royal-chrysanthemum-true-dragon-emperor-grade-single-box\/","og_locale":"vi_VN","og_type":"article","og_title":"Wuyuan Supreme Grade Chrysanthemum Tea - Hand-Selected","og_description":"\u200b\u200bWuyuan Premium Imperial Chrysanthemum Tea &#8211; Charcoal-Roasted Elegance\u200b\u200b Experience the pinnacle of craftsmanship with our authentic Wuyuan Imperial Chrysanthemum. Meticulously head-picked and traditionally roasted over pinewood [\u2026]","og_url":"https:\/\/jiushidao.com\/vi\/san-pham\/wuyuan-royal-chrysanthemum-true-dragon-emperor-grade-single-box\/","og_site_name":"Jiushidao - Global Food Marketplace for Business Growth and Cosumers","article_modified_time":"2025-10-31T00:22:46+00:00","og_image":[{"width":800,"height":800,"url":"https:\/\/jiushidao.com\/wp-content\/uploads\/2025\/10\/\u56fe\u72478.png","type":"image\/png"}],"twitter_card":"summary_large_image","twitter_misc":{"\u01af\u1edbc t\u00ednh th\u1eddi gian \u0111\u1ecdc":"1 ph\u00fat"},"schema":{"@context":"https:\/\/schema.org","@graph":[{"@type":"WebPage","@id":"https:\/\/jiushidao.com\/product\/wuyuan-royal-chrysanthemum-true-dragon-emperor-grade-single-box\/","url":"https:\/\/jiushidao.com\/product\/wuyuan-royal-chrysanthemum-true-dragon-emperor-grade-single-box\/","name":"Wuyuan Supreme Grade Chrysanthemum Tea - Hand-Selected - Jiushidao - Global Food Marketplace for Business Growth and Cosumers","isPartOf":{"@id":"https:\/\/jiushidao.com\/#website"},"primaryImageOfPage":{"@id":"https:\/\/jiushidao.com\/product\/wuyuan-royal-chrysanthemum-true-dragon-emperor-grade-single-box\/#primaryimage"},"image":{"@id":"https:\/\/jiushidao.com\/product\/wuyuan-royal-chrysanthemum-true-dragon-emperor-grade-single-box\/#primaryimage"},"thumbnailUrl":"https:\/\/jiushidao.com\/wp-content\/uploads\/2025\/10\/\u56fe\u72478.png","datePublished":"2025-10-29T09:45:47+00:00","dateModified":"2025-10-31T00:22:46+00:00","breadcrumb":{"@id":"https:\/\/jiushidao.com\/product\/wuyuan-royal-chrysanthemum-true-dragon-emperor-grade-single-box\/#breadcrumb"},"inLanguage":"vi","potentialAction":[{"@type":"ReadAction","target":["https:\/\/jiushidao.com\/product\/wuyuan-royal-chrysanthemum-true-dragon-emperor-grade-single-box\/"]}]},{"@type":"ImageObject","inLanguage":"vi","@id":"https:\/\/jiushidao.com\/product\/wuyuan-royal-chrysanthemum-true-dragon-emperor-grade-single-box\/#primaryimage","url":"https:\/\/jiushidao.com\/wp-content\/uploads\/2025\/10\/\u56fe\u72478.png","contentUrl":"https:\/\/jiushidao.com\/wp-content\/uploads\/2025\/10\/\u56fe\u72478.png","width":800,"height":800},{"@type":"BreadcrumbList","@id":"https:\/\/jiushidao.com\/product\/wuyuan-royal-chrysanthemum-true-dragon-emperor-grade-single-box\/#breadcrumb","itemListElement":[{"@type":"ListItem","position":1,"name":"Home","item":"https:\/\/jiushidao.com\/"},{"@type":"ListItem","position":2,"name":"Store","item":"https:\/\/jiushidao.com\/store\/"},{"@type":"ListItem","position":3,"name":"Wuyuan Supreme Grade Chrysanthemum Tea &#8211; Hand-Selected"}]},{"@type":"WebSite","@id":"https:\/\/jiushidao.com\/#website","url":"https:\/\/jiushidao.com\/","name":"Jiushidao - Global Food Marketplace for Business Growth and Cosumers","description":"Jiushidao - Global Food Marketplace for Business Growth and Cosumers","potentialAction":[{"@type":"SearchAction","target":{"@type":"EntryPoint","urlTemplate":"https:\/\/jiushidao.com\/?s={search_term_string}"},"query-input":{"@type":"PropertyValueSpecification","valueRequired":true,"valueName":"search_term_string"}}],"inLanguage":"vi"}]}},"_links":{"self":[{"href":"https:\/\/jiushidao.com\/vi\/wp-json\/wp\/v2\/product\/721","targetHints":{"allow":["GET"]}}],"collection":[{"href":"https:\/\/jiushidao.com\/vi\/wp-json\/wp\/v2\/product"}],"about":[{"href":"https:\/\/jiushidao.com\/vi\/wp-json\/wp\/v2\/types\/product"}],"replies":[{"embeddable":true,"href":"https:\/\/jiushidao.com\/vi\/wp-json\/wp\/v2\/comments?post=721"}],"version-history":[{"count":4,"href":"https:\/\/jiushidao.com\/vi\/wp-json\/wp\/v2\/product\/721\/revisions"}],"predecessor-version":[{"id":801,"href":"https:\/\/jiushidao.com\/vi\/wp-json\/wp\/v2\/product\/721\/revisions\/801"}],"wp:featuredmedia":[{"embeddable":true,"href":"https:\/\/jiushidao.com\/vi\/wp-json\/wp\/v2\/media\/722"}],"wp:attachment":[{"href":"https:\/\/jiushidao.com\/vi\/wp-json\/wp\/v2\/media?parent=721"}],"wp:term":[{"taxonomy":"product_brand","embeddable":true,"href":"https:\/\/jiushidao.com\/vi\/wp-json\/wp\/v2\/product_brand?post=721"},{"taxonomy":"product_cat","embeddable":true,"href":"https:\/\/jiushidao.com\/vi\/wp-json\/wp\/v2\/product_cat?post=721"},{"taxonomy":"product_tag","embeddable":true,"href":"https:\/\/jiushidao.com\/vi\/wp-json\/wp\/v2\/product_tag?post=721"}],"curies":[{"name":"wp","href":"https:\/\/api.w.org\/{rel}","templated":true}]}}