{"id":718,"date":"2025-10-29T09:44:18","date_gmt":"2025-10-29T09:44:18","guid":{"rendered":"https:\/\/jiushidao.com\/?post_type=product&#038;p=718"},"modified":"2025-10-31T00:30:50","modified_gmt":"2025-10-31T00:30:50","slug":"wuyuan-royal-chrysanthemum-hydrangea-king-grade-gift-box","status":"publish","type":"product","link":"https:\/\/jiushidao.com\/vi\/san-pham\/wuyuan-royal-chrysanthemum-hydrangea-king-grade-gift-box\/","title":{"rendered":"H\u1ed9p qu\u00e0 t\u1eb7ng hoa c\u00fac Ng\u0169 Nguy\u00ean \u2013 C\u1ea5p c\u1ea9m t\u00fa c\u1ea7u ho\u00e0ng gia"},"content":{"rendered":"<section class=\"ybc-p\"><strong>Tr\u00e0 hoa c\u00fac Ng\u0169 Nguy\u00ean \u2013 H\u1ed9p qu\u00e0 t\u1eb7ng cao c\u1ea5p<\/strong>\u200b<\/section>\n<section class=\"ybc-p\">M\u00f3n qu\u00e0 tuy\u1ec7t v\u1eddi cho s\u1ef1 thanh l\u1ecbch v\u00e0 s\u1ee9c kh\u1ecfe. Lo\u00e0i hoa c\u00fac cao c\u1ea5p n\u00e0y, \u0111\u01b0\u1ee3c g\u1ecdi l\u00e0 &quot;Hoa C\u1ea9m T\u00fa C\u1ea7u Cao Qu\u00fd&quot; nh\u1edd h\u00ecnh d\u00e1ng tr\u00f2n tr\u1ecba ho\u00e0n h\u1ea3o, tr\u1ea3i qua qu\u00e1 tr\u00ecnh bi\u1ebfn \u0111\u1ed5i ngo\u1ea1n m\u1ee5c trong n\u01b0\u1edbc n\u00f3ng, n\u1edf r\u1ed9 th\u00e0nh m\u1ed9t ki\u1ec7t t\u00e1c v\u00e0ng r\u1ef1c r\u1ee1. \u0110\u01b0\u1ee3c tr\u1ed3ng chuy\u00ean nghi\u1ec7p tr\u00ean nh\u1eefng ng\u1ecdn n\u00fai s\u00e2u th\u1eb3m c\u1ee7a V\u1ee5 Nguy\u00ean v\u00e0 \u0111\u01b0\u1ee3c tr\u00ecnh b\u00e0y trong h\u1ed9p qu\u00e0 m\u00e0u \u0111\u1ecf trang tr\u1ecdng, \u0111\u00e2y ch\u00ednh l\u00e0 bi\u1ec3u t\u01b0\u1ee3ng ho\u00e0n h\u1ea3o c\u1ee7a s\u1ef1 ch\u0103m ch\u00fat v\u00e0 uy t\u00edn.<\/section>\n<section class=\"ybc-p\">\u200b<strong>T\u1ea1i sao n\u00ean ch\u1ecdn m\u00f3n qu\u00e0 n\u00e0y:<\/strong>\u200b<\/section>\n<ul class=\"ybc-ul-component\">\n<li class=\"ybc-li-component ybc-li-component_ul\">\n<section class=\"ybc-p\">\u200b<strong>H\u1ed9p qu\u00e0 m\u00e0u \u0111\u1ecf sang tr\u1ecdng:<\/strong>\u200b \u0110\u01b0a ra m\u1ed9t tuy\u00ean b\u1ed1 m\u1ea1nh m\u1ebd v\u00e0 mang t\u00ednh v\u0103n h\u00f3a t\u1ed1t l\u00e0nh.<\/section>\n<\/li>\n<li class=\"ybc-li-component ybc-li-component_ul\">\n<section class=\"ybc-p\">\u200b<strong>\u200bS\u1ef1 n\u1edf r\u1ed9 ngo\u1ea1n m\u1ee5c c\u1ee7a th\u1ecb gi\u00e1c:\u200b<\/strong>Tr\u1ea3i nghi\u1ec7m c\u1ea3m gi\u00e1c \u201ctuy\u1ec7t v\u1eddi\u201d khi t\u1eebng b\u00f4ng hoa h\u1ed3i sinh th\u00e0nh m\u1ed9t m\u00e0n tr\u00ecnh di\u1ec5n gi\u1ed1ng nh\u01b0 hoa c\u1ea9m t\u00fa c\u1ea7u.<\/section>\n<\/li>\n<li class=\"ybc-li-component ybc-li-component_ul\">\n<section class=\"ybc-p\">\u200b<strong>Ch\u1ea5t l\u01b0\u1ee3ng cao c\u1ea5p:<\/strong>\u200b C\u00f3 nh\u1eefng b\u00f4ng hoa \u0111\u1eb9p nh\u1ea5t, c\u0103ng m\u1ecdng nh\u1ea5t t\u1eeb \u200b\u200bd\u00e3y n\u00fai Wuyuan.<\/section>\n<\/li>\n<li class=\"ybc-li-component ybc-li-component_ul\">\n<section class=\"ybc-p\">\u200b<strong>Bi\u1ec3u t\u01b0\u1ee3ng c\u1ee7a s\u1ee9c kh\u1ecfe t\u1ed1t:<\/strong>M\u1ed9t m\u00f3n qu\u00e0 chu \u0111\u00e1o v\u00e0 sang tr\u1ecdng cho m\u1ecdi d\u1ecbp.<\/section>\n<\/li>\n<\/ul>","protected":false},"excerpt":{"rendered":"<p>Tr\u00e0 C\u00fac Ng\u0169 Nguy\u00ean \u2013 H\u1ed9p Qu\u00e0 Cao C\u1ea5p M\u00f3n qu\u00e0 tuy\u1ec7t v\u1eddi cho s\u1ef1 thanh l\u1ecbch v\u00e0 s\u1ee9c kh\u1ecfe. Lo\u1ea1i c\u00fac cao c\u1ea5p n\u00e0y, \u0111\u01b0\u1ee3c m\u1ec7nh danh l\u00e0 \u201cHoa C\u1ea9m T\u00fa C\u1ea7u Cao Qu\u00fd\u201d b\u1edfi v\u1ebb \u0111\u1eb9p ho\u00e0n h\u1ea3o,<span class=\"excerpt-hellip\"> [\u2026]<\/span><\/p>","protected":false},"featured_media":719,"comment_status":"open","ping_status":"closed","template":"","meta":[],"product_brand":[],"product_cat":[38],"product_tag":[],"class_list":{"0":"post-718","1":"product","2":"type-product","3":"status-publish","4":"has-post-thumbnail","6":"product_cat-beverages-and-preparations","8":"first","9":"instock","10":"shipping-taxable","11":"product-type-simple"},"yoast_head":"<!-- This site is optimized with the Yoast SEO Premium plugin v25.8 (Yoast SEO v25.8) - https:\/\/yoast.com\/wordpress\/plugins\/seo\/ -->\n<title>Wuyuan Royal Chrysanthemum Gift Box - Imperial Hydrangea Grade - Jiushidao - Global Food Marketplace for Business Growth and Cosumers<\/title>\n<meta name=\"robots\" content=\"index, follow, max-snippet:-1, max-image-preview:large, max-video-preview:-1\" \/>\n<link rel=\"canonical\" href=\"https:\/\/jiushidao.com\/vi\/san-pham\/wuyuan-royal-chrysanthemum-hydrangea-king-grade-gift-box\/\" \/>\n<meta property=\"og:locale\" content=\"vi_VN\" \/>\n<meta property=\"og:type\" content=\"article\" \/>\n<meta property=\"og:title\" content=\"Wuyuan Royal Chrysanthemum Gift Box - Imperial Hydrangea Grade\" \/>\n<meta property=\"og:description\" content=\"Wuyuan Imperial Chrysanthemum Tea &#8211; Premium Gift Box\u200b\u200b The ultimate gift of elegance and well-being. This premium chrysanthemum, known as the &#8220;Noble Hydrangea&#8221; for its perfect, [\u2026]\" \/>\n<meta property=\"og:url\" content=\"https:\/\/jiushidao.com\/vi\/san-pham\/wuyuan-royal-chrysanthemum-hydrangea-king-grade-gift-box\/\" \/>\n<meta property=\"og:site_name\" content=\"Jiushidao - Global Food Marketplace for Business Growth and Cosumers\" \/>\n<meta property=\"article:modified_time\" content=\"2025-10-31T00:30:50+00:00\" \/>\n<meta property=\"og:image\" content=\"https:\/\/jiushidao.com\/wp-content\/uploads\/2025\/10\/\u56fe\u72477.png\" \/>\n\t<meta property=\"og:image:width\" content=\"269\" \/>\n\t<meta property=\"og:image:height\" content=\"290\" \/>\n\t<meta property=\"og:image:type\" content=\"image\/png\" \/>\n<meta name=\"twitter:card\" content=\"summary_large_image\" \/>\n<meta name=\"twitter:label1\" content=\"\u01af\u1edbc t\u00ednh th\u1eddi gian \u0111\u1ecdc\" \/>\n\t<meta name=\"twitter:data1\" content=\"1 ph\u00fat\" \/>\n<script type=\"application\/ld+json\" class=\"yoast-schema-graph\">{\"@context\":\"https:\/\/schema.org\",\"@graph\":[{\"@type\":\"WebPage\",\"@id\":\"https:\/\/jiushidao.com\/product\/wuyuan-royal-chrysanthemum-hydrangea-king-grade-gift-box\/\",\"url\":\"https:\/\/jiushidao.com\/product\/wuyuan-royal-chrysanthemum-hydrangea-king-grade-gift-box\/\",\"name\":\"Wuyuan Royal Chrysanthemum Gift Box - Imperial Hydrangea Grade - Jiushidao - Global Food Marketplace for Business Growth and Cosumers\",\"isPartOf\":{\"@id\":\"https:\/\/jiushidao.com\/#website\"},\"primaryImageOfPage\":{\"@id\":\"https:\/\/jiushidao.com\/product\/wuyuan-royal-chrysanthemum-hydrangea-king-grade-gift-box\/#primaryimage\"},\"image\":{\"@id\":\"https:\/\/jiushidao.com\/product\/wuyuan-royal-chrysanthemum-hydrangea-king-grade-gift-box\/#primaryimage\"},\"thumbnailUrl\":\"https:\/\/jiushidao.com\/wp-content\/uploads\/2025\/10\/\u56fe\u72477.png\",\"datePublished\":\"2025-10-29T09:44:18+00:00\",\"dateModified\":\"2025-10-31T00:30:50+00:00\",\"breadcrumb\":{\"@id\":\"https:\/\/jiushidao.com\/product\/wuyuan-royal-chrysanthemum-hydrangea-king-grade-gift-box\/#breadcrumb\"},\"inLanguage\":\"vi\",\"potentialAction\":[{\"@type\":\"ReadAction\",\"target\":[\"https:\/\/jiushidao.com\/product\/wuyuan-royal-chrysanthemum-hydrangea-king-grade-gift-box\/\"]}]},{\"@type\":\"ImageObject\",\"inLanguage\":\"vi\",\"@id\":\"https:\/\/jiushidao.com\/product\/wuyuan-royal-chrysanthemum-hydrangea-king-grade-gift-box\/#primaryimage\",\"url\":\"https:\/\/jiushidao.com\/wp-content\/uploads\/2025\/10\/\u56fe\u72477.png\",\"contentUrl\":\"https:\/\/jiushidao.com\/wp-content\/uploads\/2025\/10\/\u56fe\u72477.png\",\"width\":269,\"height\":290},{\"@type\":\"BreadcrumbList\",\"@id\":\"https:\/\/jiushidao.com\/product\/wuyuan-royal-chrysanthemum-hydrangea-king-grade-gift-box\/#breadcrumb\",\"itemListElement\":[{\"@type\":\"ListItem\",\"position\":1,\"name\":\"Home\",\"item\":\"https:\/\/jiushidao.com\/\"},{\"@type\":\"ListItem\",\"position\":2,\"name\":\"Store\",\"item\":\"https:\/\/jiushidao.com\/store\/\"},{\"@type\":\"ListItem\",\"position\":3,\"name\":\"Wuyuan Royal Chrysanthemum Gift Box &#8211; Imperial Hydrangea Grade\"}]},{\"@type\":\"WebSite\",\"@id\":\"https:\/\/jiushidao.com\/#website\",\"url\":\"https:\/\/jiushidao.com\/\",\"name\":\"Jiushidao - Global Food Marketplace for Business Growth and Cosumers\",\"description\":\"Jiushidao - Global Food Marketplace for Business Growth and Cosumers\",\"potentialAction\":[{\"@type\":\"SearchAction\",\"target\":{\"@type\":\"EntryPoint\",\"urlTemplate\":\"https:\/\/jiushidao.com\/?s={search_term_string}\"},\"query-input\":{\"@type\":\"PropertyValueSpecification\",\"valueRequired\":true,\"valueName\":\"search_term_string\"}}],\"inLanguage\":\"vi\"}]}<\/script>\n<!-- \/ Yoast SEO Premium plugin. -->","yoast_head_json":{"title":"Wuyuan Royal Chrysanthemum Gift Box - Imperial Hydrangea Grade - Jiushidao - Global Food Marketplace for Business Growth and Cosumers","robots":{"index":"index","follow":"follow","max-snippet":"max-snippet:-1","max-image-preview":"max-image-preview:large","max-video-preview":"max-video-preview:-1"},"canonical":"https:\/\/jiushidao.com\/vi\/san-pham\/wuyuan-royal-chrysanthemum-hydrangea-king-grade-gift-box\/","og_locale":"vi_VN","og_type":"article","og_title":"Wuyuan Royal Chrysanthemum Gift Box - Imperial Hydrangea Grade","og_description":"Wuyuan Imperial Chrysanthemum Tea &#8211; Premium Gift Box\u200b\u200b The ultimate gift of elegance and well-being. This premium chrysanthemum, known as the &#8220;Noble Hydrangea&#8221; for its perfect, [\u2026]","og_url":"https:\/\/jiushidao.com\/vi\/san-pham\/wuyuan-royal-chrysanthemum-hydrangea-king-grade-gift-box\/","og_site_name":"Jiushidao - Global Food Marketplace for Business Growth and Cosumers","article_modified_time":"2025-10-31T00:30:50+00:00","og_image":[{"width":269,"height":290,"url":"https:\/\/jiushidao.com\/wp-content\/uploads\/2025\/10\/\u56fe\u72477.png","type":"image\/png"}],"twitter_card":"summary_large_image","twitter_misc":{"\u01af\u1edbc t\u00ednh th\u1eddi gian \u0111\u1ecdc":"1 ph\u00fat"},"schema":{"@context":"https:\/\/schema.org","@graph":[{"@type":"WebPage","@id":"https:\/\/jiushidao.com\/product\/wuyuan-royal-chrysanthemum-hydrangea-king-grade-gift-box\/","url":"https:\/\/jiushidao.com\/product\/wuyuan-royal-chrysanthemum-hydrangea-king-grade-gift-box\/","name":"Wuyuan Royal Chrysanthemum Gift Box - Imperial Hydrangea Grade - Jiushidao - Global Food Marketplace for Business Growth and Cosumers","isPartOf":{"@id":"https:\/\/jiushidao.com\/#website"},"primaryImageOfPage":{"@id":"https:\/\/jiushidao.com\/product\/wuyuan-royal-chrysanthemum-hydrangea-king-grade-gift-box\/#primaryimage"},"image":{"@id":"https:\/\/jiushidao.com\/product\/wuyuan-royal-chrysanthemum-hydrangea-king-grade-gift-box\/#primaryimage"},"thumbnailUrl":"https:\/\/jiushidao.com\/wp-content\/uploads\/2025\/10\/\u56fe\u72477.png","datePublished":"2025-10-29T09:44:18+00:00","dateModified":"2025-10-31T00:30:50+00:00","breadcrumb":{"@id":"https:\/\/jiushidao.com\/product\/wuyuan-royal-chrysanthemum-hydrangea-king-grade-gift-box\/#breadcrumb"},"inLanguage":"vi","potentialAction":[{"@type":"ReadAction","target":["https:\/\/jiushidao.com\/product\/wuyuan-royal-chrysanthemum-hydrangea-king-grade-gift-box\/"]}]},{"@type":"ImageObject","inLanguage":"vi","@id":"https:\/\/jiushidao.com\/product\/wuyuan-royal-chrysanthemum-hydrangea-king-grade-gift-box\/#primaryimage","url":"https:\/\/jiushidao.com\/wp-content\/uploads\/2025\/10\/\u56fe\u72477.png","contentUrl":"https:\/\/jiushidao.com\/wp-content\/uploads\/2025\/10\/\u56fe\u72477.png","width":269,"height":290},{"@type":"BreadcrumbList","@id":"https:\/\/jiushidao.com\/product\/wuyuan-royal-chrysanthemum-hydrangea-king-grade-gift-box\/#breadcrumb","itemListElement":[{"@type":"ListItem","position":1,"name":"Home","item":"https:\/\/jiushidao.com\/"},{"@type":"ListItem","position":2,"name":"Store","item":"https:\/\/jiushidao.com\/store\/"},{"@type":"ListItem","position":3,"name":"Wuyuan Royal Chrysanthemum Gift Box &#8211; Imperial Hydrangea Grade"}]},{"@type":"WebSite","@id":"https:\/\/jiushidao.com\/#website","url":"https:\/\/jiushidao.com\/","name":"Jiushidao - Global Food Marketplace for Business Growth and Cosumers","description":"Jiushidao - Global Food Marketplace for Business Growth and Cosumers","potentialAction":[{"@type":"SearchAction","target":{"@type":"EntryPoint","urlTemplate":"https:\/\/jiushidao.com\/?s={search_term_string}"},"query-input":{"@type":"PropertyValueSpecification","valueRequired":true,"valueName":"search_term_string"}}],"inLanguage":"vi"}]}},"_links":{"self":[{"href":"https:\/\/jiushidao.com\/vi\/wp-json\/wp\/v2\/product\/718","targetHints":{"allow":["GET"]}}],"collection":[{"href":"https:\/\/jiushidao.com\/vi\/wp-json\/wp\/v2\/product"}],"about":[{"href":"https:\/\/jiushidao.com\/vi\/wp-json\/wp\/v2\/types\/product"}],"replies":[{"embeddable":true,"href":"https:\/\/jiushidao.com\/vi\/wp-json\/wp\/v2\/comments?post=718"}],"version-history":[{"count":3,"href":"https:\/\/jiushidao.com\/vi\/wp-json\/wp\/v2\/product\/718\/revisions"}],"predecessor-version":[{"id":802,"href":"https:\/\/jiushidao.com\/vi\/wp-json\/wp\/v2\/product\/718\/revisions\/802"}],"wp:featuredmedia":[{"embeddable":true,"href":"https:\/\/jiushidao.com\/vi\/wp-json\/wp\/v2\/media\/719"}],"wp:attachment":[{"href":"https:\/\/jiushidao.com\/vi\/wp-json\/wp\/v2\/media?parent=718"}],"wp:term":[{"taxonomy":"product_brand","embeddable":true,"href":"https:\/\/jiushidao.com\/vi\/wp-json\/wp\/v2\/product_brand?post=718"},{"taxonomy":"product_cat","embeddable":true,"href":"https:\/\/jiushidao.com\/vi\/wp-json\/wp\/v2\/product_cat?post=718"},{"taxonomy":"product_tag","embeddable":true,"href":"https:\/\/jiushidao.com\/vi\/wp-json\/wp\/v2\/product_tag?post=718"}],"curies":[{"name":"wp","href":"https:\/\/api.w.org\/{rel}","templated":true}]}}