{"id":715,"date":"2025-10-29T09:43:01","date_gmt":"2025-10-29T09:43:01","guid":{"rendered":"https:\/\/jiushidao.com\/?post_type=product&#038;p=715"},"modified":"2025-10-31T00:36:17","modified_gmt":"2025-10-31T00:36:17","slug":"wuyuan-royal-chrysanthemum-hydrangea-king-grade-single-strip","status":"publish","type":"product","link":"https:\/\/jiushidao.com\/vi\/san-pham\/wuyuan-royal-chrysanthemum-hydrangea-king-grade-single-strip\/","title":{"rendered":"Hoa c\u00fac Wuyuan Imperial \u2013 C\u1ea9m t\u00fa c\u1ea7u King Reserve Sleeve"},"content":{"rendered":"<section class=\"ybc-p\"><strong>Tr\u00e0 hoa c\u00fac Ng\u0169 Nguy\u00ean \u2013 C\u1ea9m t\u00fa c\u1ea7u h\u1ea1ng Vua<\/strong><\/section>\n<section class=\"ybc-p\">\u0110\u01b0\u1ee3c nu\u00f4i d\u01b0\u1ee1ng s\u00e2u trong nh\u1eefng ng\u1ecdn n\u00fai nguy\u00ean s\u01a1 c\u1ee7a V\u1ee5 Nguy\u00ean, lo\u1ea1i tr\u00e0 hoa c\u00fac n\u00e0y \u0111\u01b0\u1ee3c canh t\u00e1c v\u1edbi cam k\u1ebft c\u00e2n b\u1eb1ng sinh th\u00e1i. M\u1ed7i b\u00f4ng hoa n\u1edf r\u1ed9 v\u1edbi s\u1eafc v\u00e0ng r\u1ef1c r\u1ee1, c\u0103ng m\u1ecdng v\u00e0 tr\u00e0n \u0111\u1ea7y s\u1ee9c s\u1ed1ng t\u1ef1 nhi\u00ean. Gi\u00e0u c\u00e1c nguy\u00ean t\u1ed1 vi l\u01b0\u1ee3ng v\u00e0 d\u01b0\u1ee1ng ch\u1ea5t, tr\u00e0 mang \u0111\u1ebfn h\u01b0\u01a1ng v\u1ecb tinh t\u1ebf, d\u1ecbu nh\u1eb9, c\u00f3 th\u1ec3 th\u01b0\u1edfng th\u1ee9c quanh n\u0103m.<\/section>\n<section class=\"ybc-p\">\u0110\u01b0\u1ee3c m\u1ec7nh danh l\u00e0 \u201cVua C\u1ea9m Ch\u01b0\u1edbng\u201d trong c\u00e1c lo\u00e0i hoa c\u00fac, gi\u1ed1ng hoa cao c\u1ea5p n\u00e0y n\u1ed5i ti\u1ebfng v\u1edbi h\u00ecnh d\u00e1ng tr\u00f2n \u0111\u1ea7y v\u00e0 kh\u1ea3 n\u0103ng \u201ch\u1ed3i sinh\u201d \u0111\u00e1ng kinh ng\u1ea1c trong n\u01b0\u1edbc \u2013 n\u1edf r\u1ed9 m\u1ed9t c\u00e1ch duy\u00ean d\u00e1ng th\u00e0nh m\u1ed9t m\u00e0n tr\u00ecnh di\u1ec5n hoa tuy\u1ec7t \u0111\u1eb9p khi pha. V\u1edbi h\u01b0\u01a1ng th\u01a1m tinh t\u1ebf v\u00e0 v\u1ebb ngo\u00e0i thanh l\u1ecbch, \u0111\u00e2y ch\u00ednh l\u00e0 \u0111\u1ec9nh cao c\u1ee7a s\u1ef1 tinh t\u1ebf trong tr\u00e0 hoa c\u00fac.<\/section>\n<section class=\"ybc-p\"><strong>C\u00e1c t\u00ednh n\u0103ng ch\u00ednh:<\/strong><\/section>\n<ul class=\"ybc-ul-component\">\n<li class=\"ybc-li-component ybc-li-component_ul\">\n<section class=\"ybc-p\">\u0110\u01b0\u1ee3c tr\u1ed3ng c\u00f3 \u00fd th\u1ee9c v\u1ec1 m\u00f4i tr\u01b0\u1eddng \u1edf v\u00f9ng n\u00fai cao Wuyuan<\/section>\n<\/li>\n<li class=\"ybc-li-component ybc-li-component_ul\">\n<section class=\"ybc-p\">Hoa v\u00e0ng, c\u0103ng m\u1ecdng ch\u1ee9a nhi\u1ec1u ch\u1ea5t dinh d\u01b0\u1ee1ng t\u1ef1 nhi\u00ean<\/section>\n<\/li>\n<li class=\"ybc-li-component ybc-li-component_ul\">\n<section class=\"ybc-p\">Gi\u00e0u c\u00e1c nguy\u00ean t\u1ed1 vi l\u01b0\u1ee3ng c\u00f3 l\u1ee3i, l\u00fd t\u01b0\u1edfng cho s\u1ee9c kh\u1ecfe quanh n\u0103m<\/section>\n<\/li>\n<li class=\"ybc-li-component ybc-li-component_ul\">\n<section class=\"ybc-p\">Lo\u1ea1i \u201cHydrangea King\u201d \u0111\u1eb7c bi\u1ec7t\u2014tr\u00f2n, t\u01b0\u01a1i t\u1eafn v\u00e0 s\u1ea3ng kho\u00e1i khi ng\u00e2m<\/section>\n<\/li>\n<li class=\"ybc-li-component ybc-li-component_ul\">\n<section class=\"ybc-p\">Tr\u1ea3i nghi\u1ec7m tr\u00e0 qu\u00fd ph\u00e1i v\u1edbi h\u01b0\u01a1ng v\u1ecb tinh t\u1ebf v\u00e0 v\u1ebb \u0111\u1eb9p thanh l\u1ecbch<\/section>\n<\/li>\n<\/ul>","protected":false},"excerpt":{"rendered":"<p>Tr\u00e0 hoa c\u00fac Wuyuan Imperial \u2013 Hydrangea King Grade \u0110\u01b0\u1ee3c nu\u00f4i d\u01b0\u1ee1ng s\u00e2u trong nh\u1eefng ng\u1ecdn n\u00fai nguy\u00ean s\u01a1 c\u1ee7a Wuyuan, lo\u1ea1i tr\u00e0 hoa c\u00fac n\u00e0y \u0111\u01b0\u1ee3c tr\u1ed3ng v\u1edbi cam k\u1ebft b\u1ea3o v\u1ec7 m\u00f4i tr\u01b0\u1eddng sinh th\u00e1i<span class=\"excerpt-hellip\"> [\u2026]<\/span><\/p>","protected":false},"featured_media":716,"comment_status":"open","ping_status":"closed","template":"","meta":[],"product_brand":[],"product_cat":[38],"product_tag":[],"class_list":{"0":"post-715","1":"product","2":"type-product","3":"status-publish","4":"has-post-thumbnail","6":"product_cat-beverages-and-preparations","8":"first","9":"instock","10":"shipping-taxable","11":"product-type-simple"},"yoast_head":"<!-- This site is optimized with the Yoast SEO Premium plugin v25.8 (Yoast SEO v25.8) - https:\/\/yoast.com\/wordpress\/plugins\/seo\/ -->\n<title>Wuyuan Imperial Chrysanthemum - Hydrangea King Reserve Sleeve - Jiushidao - Global Food Marketplace for Business Growth and Cosumers<\/title>\n<meta name=\"robots\" content=\"index, follow, max-snippet:-1, max-image-preview:large, max-video-preview:-1\" \/>\n<link rel=\"canonical\" href=\"https:\/\/jiushidao.com\/vi\/san-pham\/wuyuan-royal-chrysanthemum-hydrangea-king-grade-single-strip\/\" \/>\n<meta property=\"og:locale\" content=\"vi_VN\" \/>\n<meta property=\"og:type\" content=\"article\" \/>\n<meta property=\"og:title\" content=\"Wuyuan Imperial Chrysanthemum - Hydrangea King Reserve Sleeve\" \/>\n<meta property=\"og:description\" content=\"Wuyuan Imperial Chrysanthemum Tea \u2013 Hydrangea King Grade Nurtured deep in the pristine mountains of Wuyuan, this chrysanthemum tea is cultivated with a commitment to ecological [\u2026]\" \/>\n<meta property=\"og:url\" content=\"https:\/\/jiushidao.com\/vi\/san-pham\/wuyuan-royal-chrysanthemum-hydrangea-king-grade-single-strip\/\" \/>\n<meta property=\"og:site_name\" content=\"Jiushidao - Global Food Marketplace for Business Growth and Cosumers\" \/>\n<meta property=\"article:modified_time\" content=\"2025-10-31T00:36:17+00:00\" \/>\n<meta property=\"og:image\" content=\"https:\/\/jiushidao.com\/wp-content\/uploads\/2025\/10\/\u56fe\u72476.png\" \/>\n\t<meta property=\"og:image:width\" content=\"800\" \/>\n\t<meta property=\"og:image:height\" content=\"800\" \/>\n\t<meta property=\"og:image:type\" content=\"image\/png\" \/>\n<meta name=\"twitter:card\" content=\"summary_large_image\" \/>\n<meta name=\"twitter:label1\" content=\"\u01af\u1edbc t\u00ednh th\u1eddi gian \u0111\u1ecdc\" \/>\n\t<meta name=\"twitter:data1\" content=\"1 ph\u00fat\" \/>\n<script type=\"application\/ld+json\" class=\"yoast-schema-graph\">{\"@context\":\"https:\/\/schema.org\",\"@graph\":[{\"@type\":\"WebPage\",\"@id\":\"https:\/\/jiushidao.com\/product\/wuyuan-royal-chrysanthemum-hydrangea-king-grade-single-strip\/\",\"url\":\"https:\/\/jiushidao.com\/product\/wuyuan-royal-chrysanthemum-hydrangea-king-grade-single-strip\/\",\"name\":\"Wuyuan Imperial Chrysanthemum - Hydrangea King Reserve Sleeve - Jiushidao - Global Food Marketplace for Business Growth and Cosumers\",\"isPartOf\":{\"@id\":\"https:\/\/jiushidao.com\/#website\"},\"primaryImageOfPage\":{\"@id\":\"https:\/\/jiushidao.com\/product\/wuyuan-royal-chrysanthemum-hydrangea-king-grade-single-strip\/#primaryimage\"},\"image\":{\"@id\":\"https:\/\/jiushidao.com\/product\/wuyuan-royal-chrysanthemum-hydrangea-king-grade-single-strip\/#primaryimage\"},\"thumbnailUrl\":\"https:\/\/jiushidao.com\/wp-content\/uploads\/2025\/10\/\u56fe\u72476.png\",\"datePublished\":\"2025-10-29T09:43:01+00:00\",\"dateModified\":\"2025-10-31T00:36:17+00:00\",\"breadcrumb\":{\"@id\":\"https:\/\/jiushidao.com\/product\/wuyuan-royal-chrysanthemum-hydrangea-king-grade-single-strip\/#breadcrumb\"},\"inLanguage\":\"vi\",\"potentialAction\":[{\"@type\":\"ReadAction\",\"target\":[\"https:\/\/jiushidao.com\/product\/wuyuan-royal-chrysanthemum-hydrangea-king-grade-single-strip\/\"]}]},{\"@type\":\"ImageObject\",\"inLanguage\":\"vi\",\"@id\":\"https:\/\/jiushidao.com\/product\/wuyuan-royal-chrysanthemum-hydrangea-king-grade-single-strip\/#primaryimage\",\"url\":\"https:\/\/jiushidao.com\/wp-content\/uploads\/2025\/10\/\u56fe\u72476.png\",\"contentUrl\":\"https:\/\/jiushidao.com\/wp-content\/uploads\/2025\/10\/\u56fe\u72476.png\",\"width\":800,\"height\":800},{\"@type\":\"BreadcrumbList\",\"@id\":\"https:\/\/jiushidao.com\/product\/wuyuan-royal-chrysanthemum-hydrangea-king-grade-single-strip\/#breadcrumb\",\"itemListElement\":[{\"@type\":\"ListItem\",\"position\":1,\"name\":\"Home\",\"item\":\"https:\/\/jiushidao.com\/\"},{\"@type\":\"ListItem\",\"position\":2,\"name\":\"Store\",\"item\":\"https:\/\/jiushidao.com\/store\/\"},{\"@type\":\"ListItem\",\"position\":3,\"name\":\"Wuyuan Imperial Chrysanthemum &#8211; Hydrangea King Reserve Sleeve\"}]},{\"@type\":\"WebSite\",\"@id\":\"https:\/\/jiushidao.com\/#website\",\"url\":\"https:\/\/jiushidao.com\/\",\"name\":\"Jiushidao - Global Food Marketplace for Business Growth and Cosumers\",\"description\":\"Jiushidao - Global Food Marketplace for Business Growth and Cosumers\",\"potentialAction\":[{\"@type\":\"SearchAction\",\"target\":{\"@type\":\"EntryPoint\",\"urlTemplate\":\"https:\/\/jiushidao.com\/?s={search_term_string}\"},\"query-input\":{\"@type\":\"PropertyValueSpecification\",\"valueRequired\":true,\"valueName\":\"search_term_string\"}}],\"inLanguage\":\"vi\"}]}<\/script>\n<!-- \/ Yoast SEO Premium plugin. -->","yoast_head_json":{"title":"Wuyuan Imperial Chrysanthemum - Hydrangea King Reserve Sleeve - Jiushidao - Global Food Marketplace for Business Growth and Cosumers","robots":{"index":"index","follow":"follow","max-snippet":"max-snippet:-1","max-image-preview":"max-image-preview:large","max-video-preview":"max-video-preview:-1"},"canonical":"https:\/\/jiushidao.com\/vi\/san-pham\/wuyuan-royal-chrysanthemum-hydrangea-king-grade-single-strip\/","og_locale":"vi_VN","og_type":"article","og_title":"Wuyuan Imperial Chrysanthemum - Hydrangea King Reserve Sleeve","og_description":"Wuyuan Imperial Chrysanthemum Tea \u2013 Hydrangea King Grade Nurtured deep in the pristine mountains of Wuyuan, this chrysanthemum tea is cultivated with a commitment to ecological [\u2026]","og_url":"https:\/\/jiushidao.com\/vi\/san-pham\/wuyuan-royal-chrysanthemum-hydrangea-king-grade-single-strip\/","og_site_name":"Jiushidao - Global Food Marketplace for Business Growth and Cosumers","article_modified_time":"2025-10-31T00:36:17+00:00","og_image":[{"width":800,"height":800,"url":"https:\/\/jiushidao.com\/wp-content\/uploads\/2025\/10\/\u56fe\u72476.png","type":"image\/png"}],"twitter_card":"summary_large_image","twitter_misc":{"\u01af\u1edbc t\u00ednh th\u1eddi gian \u0111\u1ecdc":"1 ph\u00fat"},"schema":{"@context":"https:\/\/schema.org","@graph":[{"@type":"WebPage","@id":"https:\/\/jiushidao.com\/product\/wuyuan-royal-chrysanthemum-hydrangea-king-grade-single-strip\/","url":"https:\/\/jiushidao.com\/product\/wuyuan-royal-chrysanthemum-hydrangea-king-grade-single-strip\/","name":"Wuyuan Imperial Chrysanthemum - Hydrangea King Reserve Sleeve - Jiushidao - Global Food Marketplace for Business Growth and Cosumers","isPartOf":{"@id":"https:\/\/jiushidao.com\/#website"},"primaryImageOfPage":{"@id":"https:\/\/jiushidao.com\/product\/wuyuan-royal-chrysanthemum-hydrangea-king-grade-single-strip\/#primaryimage"},"image":{"@id":"https:\/\/jiushidao.com\/product\/wuyuan-royal-chrysanthemum-hydrangea-king-grade-single-strip\/#primaryimage"},"thumbnailUrl":"https:\/\/jiushidao.com\/wp-content\/uploads\/2025\/10\/\u56fe\u72476.png","datePublished":"2025-10-29T09:43:01+00:00","dateModified":"2025-10-31T00:36:17+00:00","breadcrumb":{"@id":"https:\/\/jiushidao.com\/product\/wuyuan-royal-chrysanthemum-hydrangea-king-grade-single-strip\/#breadcrumb"},"inLanguage":"vi","potentialAction":[{"@type":"ReadAction","target":["https:\/\/jiushidao.com\/product\/wuyuan-royal-chrysanthemum-hydrangea-king-grade-single-strip\/"]}]},{"@type":"ImageObject","inLanguage":"vi","@id":"https:\/\/jiushidao.com\/product\/wuyuan-royal-chrysanthemum-hydrangea-king-grade-single-strip\/#primaryimage","url":"https:\/\/jiushidao.com\/wp-content\/uploads\/2025\/10\/\u56fe\u72476.png","contentUrl":"https:\/\/jiushidao.com\/wp-content\/uploads\/2025\/10\/\u56fe\u72476.png","width":800,"height":800},{"@type":"BreadcrumbList","@id":"https:\/\/jiushidao.com\/product\/wuyuan-royal-chrysanthemum-hydrangea-king-grade-single-strip\/#breadcrumb","itemListElement":[{"@type":"ListItem","position":1,"name":"Home","item":"https:\/\/jiushidao.com\/"},{"@type":"ListItem","position":2,"name":"Store","item":"https:\/\/jiushidao.com\/store\/"},{"@type":"ListItem","position":3,"name":"Wuyuan Imperial Chrysanthemum &#8211; Hydrangea King Reserve Sleeve"}]},{"@type":"WebSite","@id":"https:\/\/jiushidao.com\/#website","url":"https:\/\/jiushidao.com\/","name":"Jiushidao - Global Food Marketplace for Business Growth and Cosumers","description":"Jiushidao - Global Food Marketplace for Business Growth and Cosumers","potentialAction":[{"@type":"SearchAction","target":{"@type":"EntryPoint","urlTemplate":"https:\/\/jiushidao.com\/?s={search_term_string}"},"query-input":{"@type":"PropertyValueSpecification","valueRequired":true,"valueName":"search_term_string"}}],"inLanguage":"vi"}]}},"_links":{"self":[{"href":"https:\/\/jiushidao.com\/vi\/wp-json\/wp\/v2\/product\/715","targetHints":{"allow":["GET"]}}],"collection":[{"href":"https:\/\/jiushidao.com\/vi\/wp-json\/wp\/v2\/product"}],"about":[{"href":"https:\/\/jiushidao.com\/vi\/wp-json\/wp\/v2\/types\/product"}],"replies":[{"embeddable":true,"href":"https:\/\/jiushidao.com\/vi\/wp-json\/wp\/v2\/comments?post=715"}],"version-history":[{"count":3,"href":"https:\/\/jiushidao.com\/vi\/wp-json\/wp\/v2\/product\/715\/revisions"}],"predecessor-version":[{"id":804,"href":"https:\/\/jiushidao.com\/vi\/wp-json\/wp\/v2\/product\/715\/revisions\/804"}],"wp:featuredmedia":[{"embeddable":true,"href":"https:\/\/jiushidao.com\/vi\/wp-json\/wp\/v2\/media\/716"}],"wp:attachment":[{"href":"https:\/\/jiushidao.com\/vi\/wp-json\/wp\/v2\/media?parent=715"}],"wp:term":[{"taxonomy":"product_brand","embeddable":true,"href":"https:\/\/jiushidao.com\/vi\/wp-json\/wp\/v2\/product_brand?post=715"},{"taxonomy":"product_cat","embeddable":true,"href":"https:\/\/jiushidao.com\/vi\/wp-json\/wp\/v2\/product_cat?post=715"},{"taxonomy":"product_tag","embeddable":true,"href":"https:\/\/jiushidao.com\/vi\/wp-json\/wp\/v2\/product_tag?post=715"}],"curies":[{"name":"wp","href":"https:\/\/api.w.org\/{rel}","templated":true}]}}