{"id":712,"date":"2025-10-29T09:40:31","date_gmt":"2025-10-29T09:40:31","guid":{"rendered":"https:\/\/jiushidao.com\/?post_type=product&#038;p=712"},"modified":"2025-10-30T08:24:12","modified_gmt":"2025-10-30T08:24:12","slug":"wuyuan-royal-chrysanthemum-flower-king-grade-4-in-1-gift-box","status":"publish","type":"product","link":"https:\/\/jiushidao.com\/vi\/san-pham\/wuyuan-royal-chrysanthemum-flower-king-grade-4-in-1-gift-box\/","title":{"rendered":"H\u1ed9p qu\u00e0 t\u1eb7ng 4 trong 1 C\u00fac Ng\u0169 Nguy\u00ean (H\u1ea1ng Hoa V\u01b0\u01a1ng)"},"content":{"rendered":"<section class=\"ybc-p\">\n<section class=\"ybc-p\">\n<section class=\"ybc-p\"><strong>Ti\u00eau \u0111\u1ec1:\u200b<\/strong>Tr\u00e0 hoa c\u00fac v\u00e0ng Wuyuan | L\u1ef1a ch\u1ecdn cao qu\u00fd<\/section>\n<section class=\"ybc-p\">\u200b<strong>\u200bM\u00f4 t\u1ea3:\u200b<\/strong>Tr\u1ea3i nghi\u1ec7m \u201cHoa V\u01b0\u01a1ng\u201d \u0111\u01b0\u1ee3c tr\u1ed3ng b\u1ec1n v\u1eefng tr\u00ean v\u00f9ng cao nguy\u00ean Wuyuan xa x\u00f4i. M\u1ed7i b\u00f4ng hoa \u0111\u1ec1u \u0111\u01b0\u1ee3c tuy\u1ec3n ch\u1ecdn th\u1ee7 c\u00f4ng nh\u1edd m\u00e0u v\u00e0ng \u00f3ng \u0111\u1eadm \u0111\u00e0 v\u00e0 \u0111\u1ed9 c\u0103ng m\u1ecdng, \u0111\u1ea3m b\u1ea3o mang \u0111\u1ebfn m\u1ed9t t\u00e1ch tr\u00e0 th\u01b0\u1ee3ng h\u1ea1ng m\u1ed7i l\u1ea7n th\u01b0\u1edfng th\u1ee9c.<\/section>\n<section class=\"ybc-p\">\u200b<strong>\u0110i\u1ec3m n\u1ed5i b\u1eadt:<\/strong>\u200b<\/section>\n<ul class=\"ybc-ul-component\">\n<li class=\"ybc-li-component ybc-li-component_ul\">\n<section class=\"ybc-p\">\u200b<strong>VUA HOA:<\/strong>Gi\u1ed1ng nho \u0111\u01b0\u1ee3c \u01b0a chu\u1ed9ng nh\u1ea5t, mang l\u1ea1i ch\u1ea5t l\u01b0\u1ee3ng v\u00f4 song.<\/section>\n<\/li>\n<li class=\"ybc-li-component ybc-li-component_ul\">\n<section class=\"ybc-p\">\u200b<strong>TR\u1ed2NG TR\u00caN N\u00daI:<\/strong>\u0110\u01b0\u1ee3c tr\u1ed3ng theo ph\u01b0\u01a1ng ph\u00e1p sinh th\u00e1i t\u1ea1i v\u00f9ng n\u00fai s\u00e2u nguy\u00ean s\u01a1 Wuyuan.<\/section>\n<\/li>\n<li class=\"ybc-li-component ybc-li-component_ul\">\n<section class=\"ybc-p\">\u200b<strong>V\u00c0NG V\u00c0NG &amp; M\u1ec0M M\u1ea0I:<\/strong>\u200b C\u00f3 hoa t\u01b0\u01a1i, nguy\u00ean v\u1eb9n t\u1ea1o n\u00ean m\u1ed9t lo\u1ea1i bia h\u1ea3o h\u1ea1ng.<\/section>\n<\/li>\n<li class=\"ybc-li-component ybc-li-component_ul\">\n<section class=\"ybc-p\">\u200b<strong>GI\u00c0U L\u00c0NH:<\/strong>Ngu\u1ed3n nguy\u00ean t\u1ed1 vi l\u01b0\u1ee3ng t\u1ef1 nhi\u00ean cho s\u1ee9c kh\u1ecfe quanh n\u0103m.<\/section>\n<\/li>\n<\/ul>\n<\/section>\n<\/section>","protected":false},"excerpt":{"rendered":"<p>Ti\u00eau \u0111\u1ec1: Tr\u00e0 Hoa C\u00fac V\u00e0ng V\u0169 Nguy\u00ean | L\u1ef1a Ch\u1ecdn Cao Qu\u00fd M\u00f4 t\u1ea3: Tr\u1ea3i nghi\u1ec7m \u201cHoa V\u01b0\u01a1ng\u201d \u0111\u01b0\u1ee3c tr\u1ed3ng b\u1ec1n v\u1eefng tr\u00ean v\u00f9ng cao nguy\u00ean V\u0169 Nguy\u00ean xa x\u00f4i. M\u1ed7i b\u00f4ng hoa \u0111\u1ec1u \u0111\u01b0\u1ee3c tuy\u1ec3n ch\u1ecdn th\u1ee7 c\u00f4ng.<span class=\"excerpt-hellip\"> [\u2026]<\/span><\/p>","protected":false},"featured_media":713,"comment_status":"open","ping_status":"closed","template":"","meta":[],"product_brand":[],"product_cat":[38],"product_tag":[],"class_list":{"0":"post-712","1":"product","2":"type-product","3":"status-publish","4":"has-post-thumbnail","6":"product_cat-beverages-and-preparations","8":"first","9":"instock","10":"shipping-taxable","11":"product-type-simple"},"yoast_head":"<!-- This site is optimized with the Yoast SEO Premium plugin v25.8 (Yoast SEO v25.8) - https:\/\/yoast.com\/wordpress\/plugins\/seo\/ -->\n<title>Wuyuan Royal Chrysanthemum (Flower King Grade) 4-in-1 Gift Box - Jiushidao - Global Food Marketplace for Business Growth and Cosumers<\/title>\n<meta name=\"robots\" content=\"index, follow, max-snippet:-1, max-image-preview:large, max-video-preview:-1\" \/>\n<link rel=\"canonical\" href=\"https:\/\/jiushidao.com\/vi\/san-pham\/wuyuan-royal-chrysanthemum-flower-king-grade-4-in-1-gift-box\/\" \/>\n<meta property=\"og:locale\" content=\"vi_VN\" \/>\n<meta property=\"og:type\" content=\"article\" \/>\n<meta property=\"og:title\" content=\"Wuyuan Royal Chrysanthemum (Flower King Grade) 4-in-1 Gift Box\" \/>\n<meta property=\"og:description\" content=\"Title:\u200b\u200b Wuyuan Golden Chrysanthemum Tea | The Noble Choice \u200b\u200bDescription:\u200b\u200b Experience the &#8220;Monarch of Blooms,&#8221; grown sustainably in the remote Wuyuan highlands. Each flower is hand-selected [\u2026]\" \/>\n<meta property=\"og:url\" content=\"https:\/\/jiushidao.com\/vi\/san-pham\/wuyuan-royal-chrysanthemum-flower-king-grade-4-in-1-gift-box\/\" \/>\n<meta property=\"og:site_name\" content=\"Jiushidao - Global Food Marketplace for Business Growth and Cosumers\" \/>\n<meta property=\"article:modified_time\" content=\"2025-10-30T08:24:12+00:00\" \/>\n<meta property=\"og:image\" content=\"https:\/\/jiushidao.com\/wp-content\/uploads\/2025\/10\/\u56fe\u72475-1.png\" \/>\n\t<meta property=\"og:image:width\" content=\"374\" \/>\n\t<meta property=\"og:image:height\" content=\"333\" \/>\n\t<meta property=\"og:image:type\" content=\"image\/png\" \/>\n<meta name=\"twitter:card\" content=\"summary_large_image\" \/>\n<meta name=\"twitter:label1\" content=\"\u01af\u1edbc t\u00ednh th\u1eddi gian \u0111\u1ecdc\" \/>\n\t<meta name=\"twitter:data1\" content=\"1 ph\u00fat\" \/>\n<script type=\"application\/ld+json\" class=\"yoast-schema-graph\">{\"@context\":\"https:\/\/schema.org\",\"@graph\":[{\"@type\":\"WebPage\",\"@id\":\"https:\/\/jiushidao.com\/product\/wuyuan-royal-chrysanthemum-flower-king-grade-4-in-1-gift-box\/\",\"url\":\"https:\/\/jiushidao.com\/product\/wuyuan-royal-chrysanthemum-flower-king-grade-4-in-1-gift-box\/\",\"name\":\"Wuyuan Royal Chrysanthemum (Flower King Grade) 4-in-1 Gift Box - Jiushidao - Global Food Marketplace for Business Growth and Cosumers\",\"isPartOf\":{\"@id\":\"https:\/\/jiushidao.com\/#website\"},\"primaryImageOfPage\":{\"@id\":\"https:\/\/jiushidao.com\/product\/wuyuan-royal-chrysanthemum-flower-king-grade-4-in-1-gift-box\/#primaryimage\"},\"image\":{\"@id\":\"https:\/\/jiushidao.com\/product\/wuyuan-royal-chrysanthemum-flower-king-grade-4-in-1-gift-box\/#primaryimage\"},\"thumbnailUrl\":\"https:\/\/jiushidao.com\/wp-content\/uploads\/2025\/10\/\u56fe\u72475-1.png\",\"datePublished\":\"2025-10-29T09:40:31+00:00\",\"dateModified\":\"2025-10-30T08:24:12+00:00\",\"breadcrumb\":{\"@id\":\"https:\/\/jiushidao.com\/product\/wuyuan-royal-chrysanthemum-flower-king-grade-4-in-1-gift-box\/#breadcrumb\"},\"inLanguage\":\"vi\",\"potentialAction\":[{\"@type\":\"ReadAction\",\"target\":[\"https:\/\/jiushidao.com\/product\/wuyuan-royal-chrysanthemum-flower-king-grade-4-in-1-gift-box\/\"]}]},{\"@type\":\"ImageObject\",\"inLanguage\":\"vi\",\"@id\":\"https:\/\/jiushidao.com\/product\/wuyuan-royal-chrysanthemum-flower-king-grade-4-in-1-gift-box\/#primaryimage\",\"url\":\"https:\/\/jiushidao.com\/wp-content\/uploads\/2025\/10\/\u56fe\u72475-1.png\",\"contentUrl\":\"https:\/\/jiushidao.com\/wp-content\/uploads\/2025\/10\/\u56fe\u72475-1.png\",\"width\":374,\"height\":333},{\"@type\":\"BreadcrumbList\",\"@id\":\"https:\/\/jiushidao.com\/product\/wuyuan-royal-chrysanthemum-flower-king-grade-4-in-1-gift-box\/#breadcrumb\",\"itemListElement\":[{\"@type\":\"ListItem\",\"position\":1,\"name\":\"Home\",\"item\":\"https:\/\/jiushidao.com\/\"},{\"@type\":\"ListItem\",\"position\":2,\"name\":\"Store\",\"item\":\"https:\/\/jiushidao.com\/store\/\"},{\"@type\":\"ListItem\",\"position\":3,\"name\":\"Wuyuan Royal Chrysanthemum (Flower King Grade) 4-in-1 Gift Box\"}]},{\"@type\":\"WebSite\",\"@id\":\"https:\/\/jiushidao.com\/#website\",\"url\":\"https:\/\/jiushidao.com\/\",\"name\":\"Jiushidao - Global Food Marketplace for Business Growth and Cosumers\",\"description\":\"Jiushidao - Global Food Marketplace for Business Growth and Cosumers\",\"potentialAction\":[{\"@type\":\"SearchAction\",\"target\":{\"@type\":\"EntryPoint\",\"urlTemplate\":\"https:\/\/jiushidao.com\/?s={search_term_string}\"},\"query-input\":{\"@type\":\"PropertyValueSpecification\",\"valueRequired\":true,\"valueName\":\"search_term_string\"}}],\"inLanguage\":\"vi\"}]}<\/script>\n<!-- \/ Yoast SEO Premium plugin. -->","yoast_head_json":{"title":"Wuyuan Royal Chrysanthemum (Flower King Grade) 4-in-1 Gift Box - Jiushidao - Global Food Marketplace for Business Growth and Cosumers","robots":{"index":"index","follow":"follow","max-snippet":"max-snippet:-1","max-image-preview":"max-image-preview:large","max-video-preview":"max-video-preview:-1"},"canonical":"https:\/\/jiushidao.com\/vi\/san-pham\/wuyuan-royal-chrysanthemum-flower-king-grade-4-in-1-gift-box\/","og_locale":"vi_VN","og_type":"article","og_title":"Wuyuan Royal Chrysanthemum (Flower King Grade) 4-in-1 Gift Box","og_description":"Title:\u200b\u200b Wuyuan Golden Chrysanthemum Tea | The Noble Choice \u200b\u200bDescription:\u200b\u200b Experience the &#8220;Monarch of Blooms,&#8221; grown sustainably in the remote Wuyuan highlands. Each flower is hand-selected [\u2026]","og_url":"https:\/\/jiushidao.com\/vi\/san-pham\/wuyuan-royal-chrysanthemum-flower-king-grade-4-in-1-gift-box\/","og_site_name":"Jiushidao - Global Food Marketplace for Business Growth and Cosumers","article_modified_time":"2025-10-30T08:24:12+00:00","og_image":[{"width":374,"height":333,"url":"https:\/\/jiushidao.com\/wp-content\/uploads\/2025\/10\/\u56fe\u72475-1.png","type":"image\/png"}],"twitter_card":"summary_large_image","twitter_misc":{"\u01af\u1edbc t\u00ednh th\u1eddi gian \u0111\u1ecdc":"1 ph\u00fat"},"schema":{"@context":"https:\/\/schema.org","@graph":[{"@type":"WebPage","@id":"https:\/\/jiushidao.com\/product\/wuyuan-royal-chrysanthemum-flower-king-grade-4-in-1-gift-box\/","url":"https:\/\/jiushidao.com\/product\/wuyuan-royal-chrysanthemum-flower-king-grade-4-in-1-gift-box\/","name":"Wuyuan Royal Chrysanthemum (Flower King Grade) 4-in-1 Gift Box - Jiushidao - Global Food Marketplace for Business Growth and Cosumers","isPartOf":{"@id":"https:\/\/jiushidao.com\/#website"},"primaryImageOfPage":{"@id":"https:\/\/jiushidao.com\/product\/wuyuan-royal-chrysanthemum-flower-king-grade-4-in-1-gift-box\/#primaryimage"},"image":{"@id":"https:\/\/jiushidao.com\/product\/wuyuan-royal-chrysanthemum-flower-king-grade-4-in-1-gift-box\/#primaryimage"},"thumbnailUrl":"https:\/\/jiushidao.com\/wp-content\/uploads\/2025\/10\/\u56fe\u72475-1.png","datePublished":"2025-10-29T09:40:31+00:00","dateModified":"2025-10-30T08:24:12+00:00","breadcrumb":{"@id":"https:\/\/jiushidao.com\/product\/wuyuan-royal-chrysanthemum-flower-king-grade-4-in-1-gift-box\/#breadcrumb"},"inLanguage":"vi","potentialAction":[{"@type":"ReadAction","target":["https:\/\/jiushidao.com\/product\/wuyuan-royal-chrysanthemum-flower-king-grade-4-in-1-gift-box\/"]}]},{"@type":"ImageObject","inLanguage":"vi","@id":"https:\/\/jiushidao.com\/product\/wuyuan-royal-chrysanthemum-flower-king-grade-4-in-1-gift-box\/#primaryimage","url":"https:\/\/jiushidao.com\/wp-content\/uploads\/2025\/10\/\u56fe\u72475-1.png","contentUrl":"https:\/\/jiushidao.com\/wp-content\/uploads\/2025\/10\/\u56fe\u72475-1.png","width":374,"height":333},{"@type":"BreadcrumbList","@id":"https:\/\/jiushidao.com\/product\/wuyuan-royal-chrysanthemum-flower-king-grade-4-in-1-gift-box\/#breadcrumb","itemListElement":[{"@type":"ListItem","position":1,"name":"Home","item":"https:\/\/jiushidao.com\/"},{"@type":"ListItem","position":2,"name":"Store","item":"https:\/\/jiushidao.com\/store\/"},{"@type":"ListItem","position":3,"name":"Wuyuan Royal Chrysanthemum (Flower King Grade) 4-in-1 Gift Box"}]},{"@type":"WebSite","@id":"https:\/\/jiushidao.com\/#website","url":"https:\/\/jiushidao.com\/","name":"Jiushidao - Global Food Marketplace for Business Growth and Cosumers","description":"Jiushidao - Global Food Marketplace for Business Growth and Cosumers","potentialAction":[{"@type":"SearchAction","target":{"@type":"EntryPoint","urlTemplate":"https:\/\/jiushidao.com\/?s={search_term_string}"},"query-input":{"@type":"PropertyValueSpecification","valueRequired":true,"valueName":"search_term_string"}}],"inLanguage":"vi"}]}},"_links":{"self":[{"href":"https:\/\/jiushidao.com\/vi\/wp-json\/wp\/v2\/product\/712","targetHints":{"allow":["GET"]}}],"collection":[{"href":"https:\/\/jiushidao.com\/vi\/wp-json\/wp\/v2\/product"}],"about":[{"href":"https:\/\/jiushidao.com\/vi\/wp-json\/wp\/v2\/types\/product"}],"replies":[{"embeddable":true,"href":"https:\/\/jiushidao.com\/vi\/wp-json\/wp\/v2\/comments?post=712"}],"version-history":[{"count":5,"href":"https:\/\/jiushidao.com\/vi\/wp-json\/wp\/v2\/product\/712\/revisions"}],"predecessor-version":[{"id":731,"href":"https:\/\/jiushidao.com\/vi\/wp-json\/wp\/v2\/product\/712\/revisions\/731"}],"wp:featuredmedia":[{"embeddable":true,"href":"https:\/\/jiushidao.com\/vi\/wp-json\/wp\/v2\/media\/713"}],"wp:attachment":[{"href":"https:\/\/jiushidao.com\/vi\/wp-json\/wp\/v2\/media?parent=712"}],"wp:term":[{"taxonomy":"product_brand","embeddable":true,"href":"https:\/\/jiushidao.com\/vi\/wp-json\/wp\/v2\/product_brand?post=712"},{"taxonomy":"product_cat","embeddable":true,"href":"https:\/\/jiushidao.com\/vi\/wp-json\/wp\/v2\/product_cat?post=712"},{"taxonomy":"product_tag","embeddable":true,"href":"https:\/\/jiushidao.com\/vi\/wp-json\/wp\/v2\/product_tag?post=712"}],"curies":[{"name":"wp","href":"https:\/\/api.w.org\/{rel}","templated":true}]}}