{"id":709,"date":"2025-10-29T09:38:48","date_gmt":"2025-10-29T09:38:48","guid":{"rendered":"https:\/\/jiushidao.com\/?post_type=product&#038;p=709"},"modified":"2025-10-30T08:36:59","modified_gmt":"2025-10-30T08:36:59","slug":"wuyuan-royal-chrysanthemum-flower-king-grade-2-in-1-gift-box","status":"publish","type":"product","link":"https:\/\/jiushidao.com\/vi\/san-pham\/wuyuan-royal-chrysanthemum-flower-king-grade-2-in-1-gift-box\/","title":{"rendered":"H\u1ed9p qu\u00e0 t\u1eb7ng 2 trong 1 Hoa C\u00fac Ng\u0169 Nguy\u00ean (H\u1ea1ng Hoa V\u01b0\u01a1ng)"},"content":{"rendered":"<section class=\"ybc-p\"><strong>B\u1ed9 s\u1ea3n ph\u1ea9m c\u1ee7a Monarch: Tr\u00e0 hoa c\u00fac Wuyuan Imperial k\u00e8m ly th\u1ee7y tinh t\u00f9y ch\u1ec9nh<\/strong>\u200b<\/section>\n<section class=\"ybc-p\">\u0110\u01b0\u1ee3c m\u1ec7nh danh l\u00e0 &quot;N\u1eef ho\u00e0ng c\u1ee7a c\u00e1c lo\u00e0i hoa&quot;, hoa C\u00fac Ng\u0169 Nguy\u00ean c\u1ee7a ch\u00fang t\u00f4i l\u00e0 tr\u1ea3i nghi\u1ec7m x\u1ee9ng t\u1ea7m ho\u00e0ng gia. \u0110\u01b0\u1ee3c tr\u1ed3ng tr\u00ean nh\u1eefng ng\u1ecdn n\u00fai cao nguy\u00ean nguy\u00ean s\u01a1 c\u1ee7a Ng\u0169 Nguy\u00ean, m\u1ed7i b\u00f4ng hoa \u0111\u1ec1u \u0111\u01b0\u1ee3c tuy\u1ec3n ch\u1ecdn th\u1ee7 c\u00f4ng b\u1edfi s\u1eafc v\u00e0ng r\u1ef1c r\u1ee1 v\u00e0 \u0111\u1ed9 c\u0103ng m\u1ecdng \u0111\u1eb7c bi\u1ec7t. H\u00e3y th\u01b0\u1edfng th\u1ee9c m\u1ed9t b\u00f4ng hoa v\u00e0 ng\u1eafm nh\u00ecn n\u00f3 ng\u1ef1 tr\u1ecb trong t\u00e1ch tr\u00e0 c\u1ee7a b\u1ea1n, lan t\u1ecfa h\u01b0\u01a1ng v\u1ecb tinh t\u1ebf, t\u1ef1 nhi\u00ean gi\u00e0u d\u01b0\u1ee1ng ch\u1ea5t - m\u1ed9t nghi th\u1ee9c th\u01b0 th\u00e1i cho s\u1ee9c kh\u1ecfe su\u1ed1t b\u1ed1n m\u00f9a.<\/section>\n<section class=\"ybc-p\">S\u1ea3n ph\u1ea9m uy t\u00edn n\u00e0y \u0111\u01b0\u1ee3c \u0111\u1ef1ng trong h\u1ed9p qu\u00e0 m\u00e0u v\u00e0ng ho\u00e0ng gia n\u1ed5i b\u1eadt, m\u1ed9t m\u00e0u s\u1eafc truy\u1ec1n th\u1ed1ng d\u00e0nh ri\u00eang cho ho\u00e0ng \u0111\u1ebf, th\u1ec3 hi\u1ec7n ch\u1ea5t l\u01b0\u1ee3ng tuy\u1ec7t h\u1ea3o b\u00ean trong. Tr\u1ea3i nghi\u1ec7m th\u01b0\u1edfng th\u1ee9c tr\u00e0 c\u00e0ng th\u00eam tr\u1ecdn v\u1eb9n v\u1edbi t\u00e1ch tr\u00e0 th\u1ee7y tinh hai l\u1edbp \u0111\u01b0\u1ee3c thi\u1ebft k\u1ebf ri\u00eang. \u0110\u01b0\u1ee3c thi\u1ebft k\u1ebf \u0111\u1ec3 gi\u1eef cho \u0111\u00f4i tay b\u1ea1n lu\u00f4n m\u00e1t m\u1ebb, \u0111\u1ed3ng th\u1eddi t\u00f4n l\u00ean v\u1ebb \u0111\u1eb9p l\u1ed9ng l\u1eaby c\u1ee7a hoa c\u00fac, t\u00e1ch tr\u00e0 bi\u1ebfn vi\u1ec7c th\u01b0\u1edfng th\u1ee9c tr\u00e0 th\u00e0nh m\u1ed9t c\u1ea3nh t\u01b0\u1ee3ng th\u1ecb gi\u00e1c tao nh\u00e3.<\/section>\n<section class=\"ybc-p\">\u200b<strong>M\u00f3n qu\u00e0 tinh t\u1ebf tuy\u1ec7t \u0111\u1ec9nh:<\/strong>\u200b<\/section>\n<ul class=\"ybc-ul-component\">\n<li class=\"ybc-li-component ybc-li-component_ul\">\n<section class=\"ybc-p\">\u200b<strong>S\u1ef1 n\u1edf r\u1ed9 c\u1ee7a lo\u00e0i hoa n\u00e0y:<\/strong>M\u1ed9t b\u00f4ng hoa tuy\u1ec7t \u0111\u1eb9p s\u1ebd pha m\u1ed9t t\u00e1ch tr\u00e0 ho\u00e0n h\u1ea3o, n\u1edf r\u1ed9 \u0111\u1eb9p m\u1eaft trong n\u01b0\u1edbc.<\/section>\n<\/li>\n<li class=\"ybc-li-component ybc-li-component_ul\">\n<section class=\"ybc-p\">\u200b<strong>\u200bB\u00e0i thuy\u1ebft tr\u00ecnh c\u1ee7a Ho\u00e0ng gia:\u200b<\/strong>\u0110\u01b0\u1ee3c \u0111\u1ef1ng trong m\u1ed9t chi\u1ebfc h\u1ed9p m\u00e0u v\u00e0ng sang tr\u1ecdng, n\u00f3i l\u00ean nhi\u1ec1u \u0111i\u1ec1u ngay c\u1ea3 khi ch\u01b0a m\u1edf ra.<\/section>\n<\/li>\n<li class=\"ybc-li-component ybc-li-component_ul\">\n<section class=\"ybc-p\">\u200b<strong>S\u1ef1 k\u1ebft h\u1ee3p ho\u00e0n h\u1ea3o:<\/strong>\u200b Bao g\u1ed3m k\u00ednh hai l\u1edbp t\u00f9y ch\u1ec9nh \u0111\u1ec3 c\u1ea7m n\u1eafm tho\u1ea3i m\u00e1i v\u00e0 quan s\u00e1t t\u1ed1i \u01b0u.<\/section>\n<\/li>\n<li class=\"ybc-li-component ybc-li-component_ul\">\n<section class=\"ybc-p\">\u200b<strong>S\u1ef1 tinh khi\u1ebft trong t\u1eebng ng\u1ee5m:<\/strong>\u0110\u01b0\u1ee3c tr\u1ed3ng theo ph\u01b0\u01a1ng ph\u00e1p sinh th\u00e1i \u1edf v\u00f9ng n\u00fai s\u00e2u c\u1ee7a Wuyuan \u0111\u1ec3 c\u00f3 h\u01b0\u01a1ng v\u1ecb tinh khi\u1ebft v\u00e0 tinh t\u1ebf.<\/section>\n<\/li>\n<\/ul>","protected":false},"excerpt":{"rendered":"<p>B\u1ed9 s\u1ea3n ph\u1ea9m c\u1ee7a Vua: Tr\u00e0 hoa c\u00fac Wuyuan Imperial v\u1edbi ly th\u1ee7y tinh t\u00f9y ch\u1ec9nh \u0110\u01b0\u1ee3c t\u00f4n vinh l\u00e0 \u201cVua c\u1ee7a c\u00e1c lo\u00e0i hoa\u201d, hoa c\u00fac Wuyuan Imperial c\u1ee7a ch\u00fang t\u00f4i l\u00e0 tr\u1ea3i nghi\u1ec7m d\u00e0nh ri\u00eang cho ho\u00e0ng gia.<span class=\"excerpt-hellip\"> [\u2026]<\/span><\/p>","protected":false},"featured_media":710,"comment_status":"open","ping_status":"closed","template":"","meta":[],"product_brand":[],"product_cat":[38],"product_tag":[],"class_list":{"0":"post-709","1":"product","2":"type-product","3":"status-publish","4":"has-post-thumbnail","6":"product_cat-beverages-and-preparations","8":"first","9":"instock","10":"shipping-taxable","11":"product-type-simple"},"yoast_head":"<!-- This site is optimized with the Yoast SEO Premium plugin v25.8 (Yoast SEO v25.8) - https:\/\/yoast.com\/wordpress\/plugins\/seo\/ -->\n<title>Wuyuan Royal Chrysanthemum (Flower King Grade) 2-in-1 Gift Box - Jiushidao - Global Food Marketplace for Business Growth and Cosumers<\/title>\n<meta name=\"robots\" content=\"index, follow, max-snippet:-1, max-image-preview:large, max-video-preview:-1\" \/>\n<link rel=\"canonical\" href=\"https:\/\/jiushidao.com\/vi\/san-pham\/wuyuan-royal-chrysanthemum-flower-king-grade-2-in-1-gift-box\/\" \/>\n<meta property=\"og:locale\" content=\"vi_VN\" \/>\n<meta property=\"og:type\" content=\"article\" \/>\n<meta property=\"og:title\" content=\"Wuyuan Royal Chrysanthemum (Flower King Grade) 2-in-1 Gift Box\" \/>\n<meta property=\"og:description\" content=\"The Monarch&#8217;s Set: Wuyuan Imperial Chrysanthemum Tea with Custom Glass\u200b\u200b Crowned as the &#8220;Monarch of Blooms,&#8221; our Wuyuan Imperial Chrysanthemum is an experience fit for royalty. [\u2026]\" \/>\n<meta property=\"og:url\" content=\"https:\/\/jiushidao.com\/vi\/san-pham\/wuyuan-royal-chrysanthemum-flower-king-grade-2-in-1-gift-box\/\" \/>\n<meta property=\"og:site_name\" content=\"Jiushidao - Global Food Marketplace for Business Growth and Cosumers\" \/>\n<meta property=\"article:modified_time\" content=\"2025-10-30T08:36:59+00:00\" \/>\n<meta property=\"og:image\" content=\"https:\/\/jiushidao.com\/wp-content\/uploads\/2025\/10\/\u56fe\u72474-1.png\" \/>\n\t<meta property=\"og:image:width\" content=\"568\" \/>\n\t<meta property=\"og:image:height\" content=\"653\" \/>\n\t<meta property=\"og:image:type\" content=\"image\/png\" \/>\n<meta name=\"twitter:card\" content=\"summary_large_image\" \/>\n<meta name=\"twitter:label1\" content=\"\u01af\u1edbc t\u00ednh th\u1eddi gian \u0111\u1ecdc\" \/>\n\t<meta name=\"twitter:data1\" content=\"1 ph\u00fat\" \/>\n<script type=\"application\/ld+json\" class=\"yoast-schema-graph\">{\"@context\":\"https:\/\/schema.org\",\"@graph\":[{\"@type\":\"WebPage\",\"@id\":\"https:\/\/jiushidao.com\/product\/wuyuan-royal-chrysanthemum-flower-king-grade-2-in-1-gift-box\/\",\"url\":\"https:\/\/jiushidao.com\/product\/wuyuan-royal-chrysanthemum-flower-king-grade-2-in-1-gift-box\/\",\"name\":\"Wuyuan Royal Chrysanthemum (Flower King Grade) 2-in-1 Gift Box - Jiushidao - Global Food Marketplace for Business Growth and Cosumers\",\"isPartOf\":{\"@id\":\"https:\/\/jiushidao.com\/#website\"},\"primaryImageOfPage\":{\"@id\":\"https:\/\/jiushidao.com\/product\/wuyuan-royal-chrysanthemum-flower-king-grade-2-in-1-gift-box\/#primaryimage\"},\"image\":{\"@id\":\"https:\/\/jiushidao.com\/product\/wuyuan-royal-chrysanthemum-flower-king-grade-2-in-1-gift-box\/#primaryimage\"},\"thumbnailUrl\":\"https:\/\/jiushidao.com\/wp-content\/uploads\/2025\/10\/\u56fe\u72474-1.png\",\"datePublished\":\"2025-10-29T09:38:48+00:00\",\"dateModified\":\"2025-10-30T08:36:59+00:00\",\"breadcrumb\":{\"@id\":\"https:\/\/jiushidao.com\/product\/wuyuan-royal-chrysanthemum-flower-king-grade-2-in-1-gift-box\/#breadcrumb\"},\"inLanguage\":\"vi\",\"potentialAction\":[{\"@type\":\"ReadAction\",\"target\":[\"https:\/\/jiushidao.com\/product\/wuyuan-royal-chrysanthemum-flower-king-grade-2-in-1-gift-box\/\"]}]},{\"@type\":\"ImageObject\",\"inLanguage\":\"vi\",\"@id\":\"https:\/\/jiushidao.com\/product\/wuyuan-royal-chrysanthemum-flower-king-grade-2-in-1-gift-box\/#primaryimage\",\"url\":\"https:\/\/jiushidao.com\/wp-content\/uploads\/2025\/10\/\u56fe\u72474-1.png\",\"contentUrl\":\"https:\/\/jiushidao.com\/wp-content\/uploads\/2025\/10\/\u56fe\u72474-1.png\",\"width\":568,\"height\":653},{\"@type\":\"BreadcrumbList\",\"@id\":\"https:\/\/jiushidao.com\/product\/wuyuan-royal-chrysanthemum-flower-king-grade-2-in-1-gift-box\/#breadcrumb\",\"itemListElement\":[{\"@type\":\"ListItem\",\"position\":1,\"name\":\"Home\",\"item\":\"https:\/\/jiushidao.com\/\"},{\"@type\":\"ListItem\",\"position\":2,\"name\":\"Store\",\"item\":\"https:\/\/jiushidao.com\/store\/\"},{\"@type\":\"ListItem\",\"position\":3,\"name\":\"Wuyuan Royal Chrysanthemum (Flower King Grade) 2-in-1 Gift Box\"}]},{\"@type\":\"WebSite\",\"@id\":\"https:\/\/jiushidao.com\/#website\",\"url\":\"https:\/\/jiushidao.com\/\",\"name\":\"Jiushidao - Global Food Marketplace for Business Growth and Cosumers\",\"description\":\"Jiushidao - Global Food Marketplace for Business Growth and Cosumers\",\"potentialAction\":[{\"@type\":\"SearchAction\",\"target\":{\"@type\":\"EntryPoint\",\"urlTemplate\":\"https:\/\/jiushidao.com\/?s={search_term_string}\"},\"query-input\":{\"@type\":\"PropertyValueSpecification\",\"valueRequired\":true,\"valueName\":\"search_term_string\"}}],\"inLanguage\":\"vi\"}]}<\/script>\n<!-- \/ Yoast SEO Premium plugin. -->","yoast_head_json":{"title":"Wuyuan Royal Chrysanthemum (Flower King Grade) 2-in-1 Gift Box - Jiushidao - Global Food Marketplace for Business Growth and Cosumers","robots":{"index":"index","follow":"follow","max-snippet":"max-snippet:-1","max-image-preview":"max-image-preview:large","max-video-preview":"max-video-preview:-1"},"canonical":"https:\/\/jiushidao.com\/vi\/san-pham\/wuyuan-royal-chrysanthemum-flower-king-grade-2-in-1-gift-box\/","og_locale":"vi_VN","og_type":"article","og_title":"Wuyuan Royal Chrysanthemum (Flower King Grade) 2-in-1 Gift Box","og_description":"The Monarch&#8217;s Set: Wuyuan Imperial Chrysanthemum Tea with Custom Glass\u200b\u200b Crowned as the &#8220;Monarch of Blooms,&#8221; our Wuyuan Imperial Chrysanthemum is an experience fit for royalty. [\u2026]","og_url":"https:\/\/jiushidao.com\/vi\/san-pham\/wuyuan-royal-chrysanthemum-flower-king-grade-2-in-1-gift-box\/","og_site_name":"Jiushidao - Global Food Marketplace for Business Growth and Cosumers","article_modified_time":"2025-10-30T08:36:59+00:00","og_image":[{"width":568,"height":653,"url":"https:\/\/jiushidao.com\/wp-content\/uploads\/2025\/10\/\u56fe\u72474-1.png","type":"image\/png"}],"twitter_card":"summary_large_image","twitter_misc":{"\u01af\u1edbc t\u00ednh th\u1eddi gian \u0111\u1ecdc":"1 ph\u00fat"},"schema":{"@context":"https:\/\/schema.org","@graph":[{"@type":"WebPage","@id":"https:\/\/jiushidao.com\/product\/wuyuan-royal-chrysanthemum-flower-king-grade-2-in-1-gift-box\/","url":"https:\/\/jiushidao.com\/product\/wuyuan-royal-chrysanthemum-flower-king-grade-2-in-1-gift-box\/","name":"Wuyuan Royal Chrysanthemum (Flower King Grade) 2-in-1 Gift Box - Jiushidao - Global Food Marketplace for Business Growth and Cosumers","isPartOf":{"@id":"https:\/\/jiushidao.com\/#website"},"primaryImageOfPage":{"@id":"https:\/\/jiushidao.com\/product\/wuyuan-royal-chrysanthemum-flower-king-grade-2-in-1-gift-box\/#primaryimage"},"image":{"@id":"https:\/\/jiushidao.com\/product\/wuyuan-royal-chrysanthemum-flower-king-grade-2-in-1-gift-box\/#primaryimage"},"thumbnailUrl":"https:\/\/jiushidao.com\/wp-content\/uploads\/2025\/10\/\u56fe\u72474-1.png","datePublished":"2025-10-29T09:38:48+00:00","dateModified":"2025-10-30T08:36:59+00:00","breadcrumb":{"@id":"https:\/\/jiushidao.com\/product\/wuyuan-royal-chrysanthemum-flower-king-grade-2-in-1-gift-box\/#breadcrumb"},"inLanguage":"vi","potentialAction":[{"@type":"ReadAction","target":["https:\/\/jiushidao.com\/product\/wuyuan-royal-chrysanthemum-flower-king-grade-2-in-1-gift-box\/"]}]},{"@type":"ImageObject","inLanguage":"vi","@id":"https:\/\/jiushidao.com\/product\/wuyuan-royal-chrysanthemum-flower-king-grade-2-in-1-gift-box\/#primaryimage","url":"https:\/\/jiushidao.com\/wp-content\/uploads\/2025\/10\/\u56fe\u72474-1.png","contentUrl":"https:\/\/jiushidao.com\/wp-content\/uploads\/2025\/10\/\u56fe\u72474-1.png","width":568,"height":653},{"@type":"BreadcrumbList","@id":"https:\/\/jiushidao.com\/product\/wuyuan-royal-chrysanthemum-flower-king-grade-2-in-1-gift-box\/#breadcrumb","itemListElement":[{"@type":"ListItem","position":1,"name":"Home","item":"https:\/\/jiushidao.com\/"},{"@type":"ListItem","position":2,"name":"Store","item":"https:\/\/jiushidao.com\/store\/"},{"@type":"ListItem","position":3,"name":"Wuyuan Royal Chrysanthemum (Flower King Grade) 2-in-1 Gift Box"}]},{"@type":"WebSite","@id":"https:\/\/jiushidao.com\/#website","url":"https:\/\/jiushidao.com\/","name":"Jiushidao - Global Food Marketplace for Business Growth and Cosumers","description":"Jiushidao - Global Food Marketplace for Business Growth and Cosumers","potentialAction":[{"@type":"SearchAction","target":{"@type":"EntryPoint","urlTemplate":"https:\/\/jiushidao.com\/?s={search_term_string}"},"query-input":{"@type":"PropertyValueSpecification","valueRequired":true,"valueName":"search_term_string"}}],"inLanguage":"vi"}]}},"_links":{"self":[{"href":"https:\/\/jiushidao.com\/vi\/wp-json\/wp\/v2\/product\/709","targetHints":{"allow":["GET"]}}],"collection":[{"href":"https:\/\/jiushidao.com\/vi\/wp-json\/wp\/v2\/product"}],"about":[{"href":"https:\/\/jiushidao.com\/vi\/wp-json\/wp\/v2\/types\/product"}],"replies":[{"embeddable":true,"href":"https:\/\/jiushidao.com\/vi\/wp-json\/wp\/v2\/comments?post=709"}],"version-history":[{"count":3,"href":"https:\/\/jiushidao.com\/vi\/wp-json\/wp\/v2\/product\/709\/revisions"}],"predecessor-version":[{"id":727,"href":"https:\/\/jiushidao.com\/vi\/wp-json\/wp\/v2\/product\/709\/revisions\/727"}],"wp:featuredmedia":[{"embeddable":true,"href":"https:\/\/jiushidao.com\/vi\/wp-json\/wp\/v2\/media\/710"}],"wp:attachment":[{"href":"https:\/\/jiushidao.com\/vi\/wp-json\/wp\/v2\/media?parent=709"}],"wp:term":[{"taxonomy":"product_brand","embeddable":true,"href":"https:\/\/jiushidao.com\/vi\/wp-json\/wp\/v2\/product_brand?post=709"},{"taxonomy":"product_cat","embeddable":true,"href":"https:\/\/jiushidao.com\/vi\/wp-json\/wp\/v2\/product_cat?post=709"},{"taxonomy":"product_tag","embeddable":true,"href":"https:\/\/jiushidao.com\/vi\/wp-json\/wp\/v2\/product_tag?post=709"}],"curies":[{"name":"wp","href":"https:\/\/api.w.org\/{rel}","templated":true}]}}