{"id":706,"date":"2025-10-29T09:36:47","date_gmt":"2025-10-29T09:36:47","guid":{"rendered":"https:\/\/jiushidao.com\/?post_type=product&#038;p=706"},"modified":"2025-10-30T08:43:23","modified_gmt":"2025-10-30T08:43:23","slug":"wuyuan-royal-chrysanthemum-premium-grade-single-can","status":"publish","type":"product","link":"https:\/\/jiushidao.com\/vi\/san-pham\/wuyuan-royal-chrysanthemum-premium-grade-single-can\/","title":{"rendered":"Hoa c\u00fac Ng\u0169 Nguy\u00ean (H\u1ea1ng cao c\u1ea5p) Lon \u0111\u01a1n"},"content":{"rendered":"<section class=\"ybc-p\"><strong>\u200bTh\u01b0\u1edfng th\u1ee9c s\u1ef1 \u0111\u01a1n gi\u1ea3n t\u1ed1i th\u01b0\u1ee3ng\u200b<\/strong>\u200b<\/section>\n<section class=\"ybc-p\">\u2022 \u200b<strong>TI\u00caU CHU\u1ea8N C\u1ee6A VUA:<\/strong>\u0110\u01b0\u1ee3c t\u00f4n s\u00f9ng l\u00e0 \u201cVua c\u1ee7a c\u00e1c lo\u00e0i hoa\u201d v\u00ec ch\u1ea5t l\u01b0\u1ee3ng v\u01b0\u1ee3t tr\u1ed9i v\u00e0 t\u00ednh ch\u1ea5t cao qu\u00fd.<\/section>\n<section class=\"ybc-p\">\u2022 \u200b<strong>\u200bM\u1ed8T HOA, M\u1ed8T CHI\u1ebeC T\u00c1CH:\u200b<\/strong>\u0110\u01b0\u1ee3c \u0111\u00f3ng g\u00f3i ri\u00eang \u0111\u1ec3 \u0111\u1ea3m b\u1ea3o \u0111\u1ed9 t\u01b0\u01a1i ngon t\u1ed1i \u01b0u, ti\u1ec7n l\u1ee3i v\u00e0 chia kh\u1ea9u ph\u1ea7n ho\u00e0n h\u1ea3o.<\/section>\n<section class=\"ybc-p\">\u2022 \u200b<strong>\u200bS\u1ef0 TINH KHI\u1ebeT T\u1eea N\u00daI TR\u1ed2NG:\u200b<\/strong>\u0110\u01b0\u1ee3c tr\u1ed3ng \u1edf v\u00f9ng \u0111\u1ea5t nguy\u00ean s\u01a1, gi\u00e0u h\u1ec7 sinh th\u00e1i c\u1ee7a Wuyuan.<\/section>\n<section class=\"ybc-p\">\u2022 \u200b<strong>S\u1ef0 THANH L\u1ecaCH TRONG M\u1eccI M\u00d9A:<\/strong>M\u1ed9t t\u00e1ch tr\u00e0 v\u00e0ng \u01b0\u01a1m, \u0111\u1eadm \u0111\u00e0 h\u01b0\u01a1ng v\u1ecb t\u1ef1 nhi\u00ean, t\u1ed1t cho s\u1ee9c kh\u1ecfe quanh n\u0103m.<\/section>","protected":false},"excerpt":{"rendered":"<p>Th\u01b0\u1edfng th\u1ee9c s\u1ef1 gi\u1ea3n d\u1ecb tuy\u1ec7t \u0111\u1ec9nh \u2022 TI\u00caU CHU\u1ea8N C\u1ee6A VUA: \u0110\u01b0\u1ee3c t\u00f4n s\u00f9ng l\u00e0 \u201cVua c\u1ee7a c\u00e1c lo\u00e0i hoa\u201d v\u00ec ch\u1ea5t l\u01b0\u1ee3ng v\u01b0\u1ee3t tr\u1ed9i v\u00e0 t\u00ednh c\u00e1ch cao qu\u00fd. \u2022 M\u1ed8T HOA, M\u1ed8T T\u00c1CH:<span class=\"excerpt-hellip\"> [\u2026]<\/span><\/p>","protected":false},"featured_media":707,"comment_status":"open","ping_status":"closed","template":"","meta":[],"product_brand":[],"product_cat":[38],"product_tag":[],"class_list":{"0":"post-706","1":"product","2":"type-product","3":"status-publish","4":"has-post-thumbnail","6":"product_cat-beverages-and-preparations","8":"first","9":"instock","10":"shipping-taxable","11":"product-type-simple"},"yoast_head":"<!-- This site is optimized with the Yoast SEO Premium plugin v25.8 (Yoast SEO v25.8) - https:\/\/yoast.com\/wordpress\/plugins\/seo\/ -->\n<title>Wuyuan Royal Chrysanthemum (Premium Grade) Single Can - Jiushidao - Global Food Marketplace for Business Growth and Cosumers<\/title>\n<meta name=\"robots\" content=\"index, follow, max-snippet:-1, max-image-preview:large, max-video-preview:-1\" \/>\n<link rel=\"canonical\" href=\"https:\/\/jiushidao.com\/vi\/san-pham\/wuyuan-royal-chrysanthemum-premium-grade-single-can\/\" \/>\n<meta property=\"og:locale\" content=\"vi_VN\" \/>\n<meta property=\"og:type\" content=\"article\" \/>\n<meta property=\"og:title\" content=\"Wuyuan Royal Chrysanthemum (Premium Grade) Single Can\" \/>\n<meta property=\"og:description\" content=\"\u200bSavor the Supreme Simplicity\u200b\u200b \u2022 \u200b\u200bTHE MONARCH&#8217;S STANDARD:\u200b\u200b Revered as the &#8220;King of Flowers&#8221; for its superior quality and noble character. \u2022 \u200b\u200bONE BLOSSOM, ONE CUP:\u200b\u200b [\u2026]\" \/>\n<meta property=\"og:url\" content=\"https:\/\/jiushidao.com\/vi\/san-pham\/wuyuan-royal-chrysanthemum-premium-grade-single-can\/\" \/>\n<meta property=\"og:site_name\" content=\"Jiushidao - Global Food Marketplace for Business Growth and Cosumers\" \/>\n<meta property=\"article:modified_time\" content=\"2025-10-30T08:43:23+00:00\" \/>\n<meta property=\"og:image\" content=\"https:\/\/jiushidao.com\/wp-content\/uploads\/2025\/10\/\u56fe\u72473-1.png\" \/>\n\t<meta property=\"og:image:width\" content=\"800\" \/>\n\t<meta property=\"og:image:height\" content=\"800\" \/>\n\t<meta property=\"og:image:type\" content=\"image\/png\" \/>\n<meta name=\"twitter:card\" content=\"summary_large_image\" \/>\n<meta name=\"twitter:label1\" content=\"\u01af\u1edbc t\u00ednh th\u1eddi gian \u0111\u1ecdc\" \/>\n\t<meta name=\"twitter:data1\" content=\"1 ph\u00fat\" \/>\n<script type=\"application\/ld+json\" class=\"yoast-schema-graph\">{\"@context\":\"https:\/\/schema.org\",\"@graph\":[{\"@type\":\"WebPage\",\"@id\":\"https:\/\/jiushidao.com\/product\/wuyuan-royal-chrysanthemum-premium-grade-single-can\/\",\"url\":\"https:\/\/jiushidao.com\/product\/wuyuan-royal-chrysanthemum-premium-grade-single-can\/\",\"name\":\"Wuyuan Royal Chrysanthemum (Premium Grade) Single Can - Jiushidao - Global Food Marketplace for Business Growth and Cosumers\",\"isPartOf\":{\"@id\":\"https:\/\/jiushidao.com\/#website\"},\"primaryImageOfPage\":{\"@id\":\"https:\/\/jiushidao.com\/product\/wuyuan-royal-chrysanthemum-premium-grade-single-can\/#primaryimage\"},\"image\":{\"@id\":\"https:\/\/jiushidao.com\/product\/wuyuan-royal-chrysanthemum-premium-grade-single-can\/#primaryimage\"},\"thumbnailUrl\":\"https:\/\/jiushidao.com\/wp-content\/uploads\/2025\/10\/\u56fe\u72473-1.png\",\"datePublished\":\"2025-10-29T09:36:47+00:00\",\"dateModified\":\"2025-10-30T08:43:23+00:00\",\"breadcrumb\":{\"@id\":\"https:\/\/jiushidao.com\/product\/wuyuan-royal-chrysanthemum-premium-grade-single-can\/#breadcrumb\"},\"inLanguage\":\"vi\",\"potentialAction\":[{\"@type\":\"ReadAction\",\"target\":[\"https:\/\/jiushidao.com\/product\/wuyuan-royal-chrysanthemum-premium-grade-single-can\/\"]}]},{\"@type\":\"ImageObject\",\"inLanguage\":\"vi\",\"@id\":\"https:\/\/jiushidao.com\/product\/wuyuan-royal-chrysanthemum-premium-grade-single-can\/#primaryimage\",\"url\":\"https:\/\/jiushidao.com\/wp-content\/uploads\/2025\/10\/\u56fe\u72473-1.png\",\"contentUrl\":\"https:\/\/jiushidao.com\/wp-content\/uploads\/2025\/10\/\u56fe\u72473-1.png\",\"width\":800,\"height\":800},{\"@type\":\"BreadcrumbList\",\"@id\":\"https:\/\/jiushidao.com\/product\/wuyuan-royal-chrysanthemum-premium-grade-single-can\/#breadcrumb\",\"itemListElement\":[{\"@type\":\"ListItem\",\"position\":1,\"name\":\"Home\",\"item\":\"https:\/\/jiushidao.com\/\"},{\"@type\":\"ListItem\",\"position\":2,\"name\":\"Store\",\"item\":\"https:\/\/jiushidao.com\/store\/\"},{\"@type\":\"ListItem\",\"position\":3,\"name\":\"Wuyuan Royal Chrysanthemum (Premium Grade) Single Can\"}]},{\"@type\":\"WebSite\",\"@id\":\"https:\/\/jiushidao.com\/#website\",\"url\":\"https:\/\/jiushidao.com\/\",\"name\":\"Jiushidao - Global Food Marketplace for Business Growth and Cosumers\",\"description\":\"Jiushidao - Global Food Marketplace for Business Growth and Cosumers\",\"potentialAction\":[{\"@type\":\"SearchAction\",\"target\":{\"@type\":\"EntryPoint\",\"urlTemplate\":\"https:\/\/jiushidao.com\/?s={search_term_string}\"},\"query-input\":{\"@type\":\"PropertyValueSpecification\",\"valueRequired\":true,\"valueName\":\"search_term_string\"}}],\"inLanguage\":\"vi\"}]}<\/script>\n<!-- \/ Yoast SEO Premium plugin. -->","yoast_head_json":{"title":"Wuyuan Royal Chrysanthemum (Premium Grade) Single Can - Jiushidao - Global Food Marketplace for Business Growth and Cosumers","robots":{"index":"index","follow":"follow","max-snippet":"max-snippet:-1","max-image-preview":"max-image-preview:large","max-video-preview":"max-video-preview:-1"},"canonical":"https:\/\/jiushidao.com\/vi\/san-pham\/wuyuan-royal-chrysanthemum-premium-grade-single-can\/","og_locale":"vi_VN","og_type":"article","og_title":"Wuyuan Royal Chrysanthemum (Premium Grade) Single Can","og_description":"\u200bSavor the Supreme Simplicity\u200b\u200b \u2022 \u200b\u200bTHE MONARCH&#8217;S STANDARD:\u200b\u200b Revered as the &#8220;King of Flowers&#8221; for its superior quality and noble character. \u2022 \u200b\u200bONE BLOSSOM, ONE CUP:\u200b\u200b [\u2026]","og_url":"https:\/\/jiushidao.com\/vi\/san-pham\/wuyuan-royal-chrysanthemum-premium-grade-single-can\/","og_site_name":"Jiushidao - Global Food Marketplace for Business Growth and Cosumers","article_modified_time":"2025-10-30T08:43:23+00:00","og_image":[{"width":800,"height":800,"url":"https:\/\/jiushidao.com\/wp-content\/uploads\/2025\/10\/\u56fe\u72473-1.png","type":"image\/png"}],"twitter_card":"summary_large_image","twitter_misc":{"\u01af\u1edbc t\u00ednh th\u1eddi gian \u0111\u1ecdc":"1 ph\u00fat"},"schema":{"@context":"https:\/\/schema.org","@graph":[{"@type":"WebPage","@id":"https:\/\/jiushidao.com\/product\/wuyuan-royal-chrysanthemum-premium-grade-single-can\/","url":"https:\/\/jiushidao.com\/product\/wuyuan-royal-chrysanthemum-premium-grade-single-can\/","name":"Wuyuan Royal Chrysanthemum (Premium Grade) Single Can - Jiushidao - Global Food Marketplace for Business Growth and Cosumers","isPartOf":{"@id":"https:\/\/jiushidao.com\/#website"},"primaryImageOfPage":{"@id":"https:\/\/jiushidao.com\/product\/wuyuan-royal-chrysanthemum-premium-grade-single-can\/#primaryimage"},"image":{"@id":"https:\/\/jiushidao.com\/product\/wuyuan-royal-chrysanthemum-premium-grade-single-can\/#primaryimage"},"thumbnailUrl":"https:\/\/jiushidao.com\/wp-content\/uploads\/2025\/10\/\u56fe\u72473-1.png","datePublished":"2025-10-29T09:36:47+00:00","dateModified":"2025-10-30T08:43:23+00:00","breadcrumb":{"@id":"https:\/\/jiushidao.com\/product\/wuyuan-royal-chrysanthemum-premium-grade-single-can\/#breadcrumb"},"inLanguage":"vi","potentialAction":[{"@type":"ReadAction","target":["https:\/\/jiushidao.com\/product\/wuyuan-royal-chrysanthemum-premium-grade-single-can\/"]}]},{"@type":"ImageObject","inLanguage":"vi","@id":"https:\/\/jiushidao.com\/product\/wuyuan-royal-chrysanthemum-premium-grade-single-can\/#primaryimage","url":"https:\/\/jiushidao.com\/wp-content\/uploads\/2025\/10\/\u56fe\u72473-1.png","contentUrl":"https:\/\/jiushidao.com\/wp-content\/uploads\/2025\/10\/\u56fe\u72473-1.png","width":800,"height":800},{"@type":"BreadcrumbList","@id":"https:\/\/jiushidao.com\/product\/wuyuan-royal-chrysanthemum-premium-grade-single-can\/#breadcrumb","itemListElement":[{"@type":"ListItem","position":1,"name":"Home","item":"https:\/\/jiushidao.com\/"},{"@type":"ListItem","position":2,"name":"Store","item":"https:\/\/jiushidao.com\/store\/"},{"@type":"ListItem","position":3,"name":"Wuyuan Royal Chrysanthemum (Premium Grade) Single Can"}]},{"@type":"WebSite","@id":"https:\/\/jiushidao.com\/#website","url":"https:\/\/jiushidao.com\/","name":"Jiushidao - Global Food Marketplace for Business Growth and Cosumers","description":"Jiushidao - Global Food Marketplace for Business Growth and Cosumers","potentialAction":[{"@type":"SearchAction","target":{"@type":"EntryPoint","urlTemplate":"https:\/\/jiushidao.com\/?s={search_term_string}"},"query-input":{"@type":"PropertyValueSpecification","valueRequired":true,"valueName":"search_term_string"}}],"inLanguage":"vi"}]}},"_links":{"self":[{"href":"https:\/\/jiushidao.com\/vi\/wp-json\/wp\/v2\/product\/706","targetHints":{"allow":["GET"]}}],"collection":[{"href":"https:\/\/jiushidao.com\/vi\/wp-json\/wp\/v2\/product"}],"about":[{"href":"https:\/\/jiushidao.com\/vi\/wp-json\/wp\/v2\/types\/product"}],"replies":[{"embeddable":true,"href":"https:\/\/jiushidao.com\/vi\/wp-json\/wp\/v2\/comments?post=706"}],"version-history":[{"count":2,"href":"https:\/\/jiushidao.com\/vi\/wp-json\/wp\/v2\/product\/706\/revisions"}],"predecessor-version":[{"id":735,"href":"https:\/\/jiushidao.com\/vi\/wp-json\/wp\/v2\/product\/706\/revisions\/735"}],"wp:featuredmedia":[{"embeddable":true,"href":"https:\/\/jiushidao.com\/vi\/wp-json\/wp\/v2\/media\/707"}],"wp:attachment":[{"href":"https:\/\/jiushidao.com\/vi\/wp-json\/wp\/v2\/media?parent=706"}],"wp:term":[{"taxonomy":"product_brand","embeddable":true,"href":"https:\/\/jiushidao.com\/vi\/wp-json\/wp\/v2\/product_brand?post=706"},{"taxonomy":"product_cat","embeddable":true,"href":"https:\/\/jiushidao.com\/vi\/wp-json\/wp\/v2\/product_cat?post=706"},{"taxonomy":"product_tag","embeddable":true,"href":"https:\/\/jiushidao.com\/vi\/wp-json\/wp\/v2\/product_tag?post=706"}],"curies":[{"name":"wp","href":"https:\/\/api.w.org\/{rel}","templated":true}]}}