{"id":703,"date":"2025-10-29T09:34:28","date_gmt":"2025-10-29T09:34:28","guid":{"rendered":"https:\/\/jiushidao.com\/?post_type=product&#038;p=703"},"modified":"2025-10-30T08:44:43","modified_gmt":"2025-10-30T08:44:43","slug":"wuyuan-royal-chrysanthemum-small-gift-box","status":"publish","type":"product","link":"https:\/\/jiushidao.com\/vi\/san-pham\/wuyuan-royal-chrysanthemum-small-gift-box\/","title":{"rendered":"H\u1ed9p qu\u00e0 nh\u1ecf hoa c\u00fac Ng\u0169 Nguy\u00ean"},"content":{"rendered":"<section class=\"ybc-p\"><strong>M\u1ed9t chi\u1ebfc c\u1ed1c ho\u00e0n h\u1ea3o &amp; M\u1ed9t m\u00f3n qu\u00e0 ho\u00e0n h\u1ea3o<\/strong>\u200b<\/section>\n<section class=\"ybc-p\">\u200b<strong>Tr\u00e0:<\/strong>\u200b<\/section>\n<ul class=\"ybc-ul-component\">\n<li class=\"ybc-li-component ybc-li-component_ul\">\n<section class=\"ybc-p\">\u200b<strong>\u200bV\u1ecb ng\u1ecdt t\u1ef1 nhi\u00ean:\u200b<\/strong>Th\u01b0\u1edfng th\u1ee9c h\u01b0\u01a1ng v\u1ecb \u00eam d\u1ecbu, ng\u1ecdt ng\u00e0o d\u1ec5 ch\u1ecbu m\u00e0 kh\u00f4ng h\u1ec1 \u0111\u1eafng.<\/section>\n<\/li>\n<li class=\"ybc-li-component ybc-li-component_ul\">\n<section class=\"ybc-p\">\u200b<strong>\u200bPHA CH\u1ebe HO\u00c0N H\u1ea2O, M\u1eccI L\u00daC:\u200b<\/strong>Ch\u00fang t\u00f4i khuy\u00ean b\u1ea1n n\u00ean d\u00f9ng hai b\u00f4ng hoa v\u00e0ng c\u0103ng m\u1ecdng cho m\u1ed7i c\u1ed1c \u0111\u1ec3 c\u00f3 h\u01b0\u01a1ng v\u1ecb \u0111\u1eadm \u0111\u00e0 l\u00fd t\u01b0\u1edfng.<\/section>\n<\/li>\n<li class=\"ybc-li-component ybc-li-component_ul\">\n<section class=\"ybc-p\">\u200b<strong>\u200bS\u1ef0 TINH KHI\u1ebeT T\u1eea N\u00daI TR\u1ed2NG:\u200b<\/strong>C\u00f3 ngu\u1ed3n g\u1ed1c t\u1eeb nh\u1eefng khu v\u01b0\u1eddn th\u00e2n thi\u1ec7n v\u1edbi m\u00f4i tr\u01b0\u1eddng \u1edf Wuyuan.<\/section>\n<\/li>\n<li class=\"ybc-li-component ybc-li-component_ul\">\n<section class=\"ybc-p\">\u200b<strong>\u200b\u0110\u00d3NG G\u00d3I RI\u00caNG:\u200b<\/strong>M\u1ed7i b\u00f4ng hoa \u0111\u1ec1u \u0111\u01b0\u1ee3c \u0111\u00f3ng k\u00edn \u0111\u1ec3 \u0111\u1ea3m b\u1ea3o \u0111\u1ed9 t\u01b0\u01a1i, hi\u1ec7u qu\u1ea3 v\u00e0 s\u1ef1 ti\u1ec7n l\u1ee3i.<\/section>\n<\/li>\n<\/ul>\n<section class=\"ybc-p\">\u200b<strong>M\u00f3n qu\u00e0:<\/strong>\u200b<\/section>\n<ul class=\"ybc-ul-component\">\n<li class=\"ybc-li-component ybc-li-component_ul\">\n<section class=\"ybc-p\">\u200b<strong>BAO B\u00cc GI\u00c0U V\u0102N H\u00d3A:<\/strong>\u0110\u01b0\u1ee3c \u0111\u1ef1ng trong h\u1ed9p qu\u00e0 t\u1eb7ng \u0111\u1eb9p m\u1eaft v\u1edbi ki\u1ebfn \u200b\u200btr\u00fac c\u1ed5 \u0111i\u1ec3n theo phong c\u00e1ch Wuyuan Hui.<\/section>\n<\/li>\n<li class=\"ybc-li-component ybc-li-component_ul\">\n<section class=\"ybc-p\">\u200b<strong>M\u00d3N QU\u00c0 \u201cSUY NGH\u0128\u201d TUY\u1ec6T \u0110\u1ec8NH:<\/strong>M\u1ed9t m\u00f3n qu\u00e0 ph\u1ed5 bi\u1ebfn v\u00e0 \u0111\u01b0\u1ee3c \u0111\u00f3n nh\u1eadn n\u1ed3ng nhi\u1ec7t trong m\u1ecdi d\u1ecbp.<\/section>\n<\/li>\n<li class=\"ybc-li-component ybc-li-component_ul\">\n<section class=\"ybc-p\">\u200b<strong>S\u1ee8C KH\u1eceE QUANH N\u0102M:<\/strong>M\u1ed9t m\u00f3n qu\u00e0 b\u1ed5 d\u01b0\u1ee1ng gi\u00fap t\u0103ng c\u01b0\u1eddng s\u1ee9c kh\u1ecfe v\u00e0 s\u1ef1 an y\u00ean m\u1ed7i ng\u00e0y.<\/section>\n<\/li>\n<\/ul>","protected":false},"excerpt":{"rendered":"<p>M\u1ed9t t\u00e1ch tr\u00e0 ho\u00e0n h\u1ea3o &amp; m\u1ed9t m\u00f3n qu\u00e0 ho\u00e0n h\u1ea3o \u200b\u200bTr\u00e0: \u200b\u200bV\u1eca NG\u1eccT T\u1ef0 NHI\u00caN:\u200b\u200b Th\u01b0\u1edfng th\u1ee9c h\u01b0\u01a1ng v\u1ecb \u00eam d\u1ecbu, ng\u1ecdt ng\u00e0o d\u1ec5 ch\u1ecbu m\u00e0 kh\u00f4ng h\u1ec1 \u0111\u1eafng. \u200b\u200bPHA CH\u1ebe HO\u00c0N H\u1ea2O, M\u1eccI L\u00daC:\u200b\u200b Ch\u00fang t\u00f4i<span class=\"excerpt-hellip\"> [\u2026]<\/span><\/p>","protected":false},"featured_media":704,"comment_status":"open","ping_status":"closed","template":"","meta":[],"product_brand":[],"product_cat":[38],"product_tag":[],"class_list":{"0":"post-703","1":"product","2":"type-product","3":"status-publish","4":"has-post-thumbnail","6":"product_cat-beverages-and-preparations","8":"first","9":"instock","10":"shipping-taxable","11":"product-type-simple"},"yoast_head":"<!-- This site is optimized with the Yoast SEO Premium plugin v25.8 (Yoast SEO v25.8) - https:\/\/yoast.com\/wordpress\/plugins\/seo\/ -->\n<title>Wuyuan Royal Chrysanthemum Small Gift Box - Jiushidao - Global Food Marketplace for Business Growth and Cosumers<\/title>\n<meta name=\"robots\" content=\"index, follow, max-snippet:-1, max-image-preview:large, max-video-preview:-1\" \/>\n<link rel=\"canonical\" href=\"https:\/\/jiushidao.com\/vi\/san-pham\/wuyuan-royal-chrysanthemum-small-gift-box\/\" \/>\n<meta property=\"og:locale\" content=\"vi_VN\" \/>\n<meta property=\"og:type\" content=\"article\" \/>\n<meta property=\"og:title\" content=\"Wuyuan Royal Chrysanthemum Small Gift Box\" \/>\n<meta property=\"og:description\" content=\"A Perfect Cup &amp; A Perfect Gift\u200b\u200b \u200b\u200bThe Tea:\u200b\u200b \u200b\u200bNATURALLY SWEET TASTE:\u200b\u200b Enjoy a smooth, pleasantly sweet flavor with no bitterness. \u200b\u200bPERFECT BREW, EVERY TIME:\u200b\u200b We [\u2026]\" \/>\n<meta property=\"og:url\" content=\"https:\/\/jiushidao.com\/vi\/san-pham\/wuyuan-royal-chrysanthemum-small-gift-box\/\" \/>\n<meta property=\"og:site_name\" content=\"Jiushidao - Global Food Marketplace for Business Growth and Cosumers\" \/>\n<meta property=\"article:modified_time\" content=\"2025-10-30T08:44:43+00:00\" \/>\n<meta property=\"og:image\" content=\"https:\/\/jiushidao.com\/wp-content\/uploads\/2025\/10\/\u56fe\u72472-1.png\" \/>\n\t<meta property=\"og:image:width\" content=\"2000\" \/>\n\t<meta property=\"og:image:height\" content=\"1335\" \/>\n\t<meta property=\"og:image:type\" content=\"image\/png\" \/>\n<meta name=\"twitter:card\" content=\"summary_large_image\" \/>\n<meta name=\"twitter:label1\" content=\"\u01af\u1edbc t\u00ednh th\u1eddi gian \u0111\u1ecdc\" \/>\n\t<meta name=\"twitter:data1\" content=\"1 ph\u00fat\" \/>\n<script type=\"application\/ld+json\" class=\"yoast-schema-graph\">{\"@context\":\"https:\/\/schema.org\",\"@graph\":[{\"@type\":\"WebPage\",\"@id\":\"https:\/\/jiushidao.com\/product\/wuyuan-royal-chrysanthemum-small-gift-box\/\",\"url\":\"https:\/\/jiushidao.com\/product\/wuyuan-royal-chrysanthemum-small-gift-box\/\",\"name\":\"Wuyuan Royal Chrysanthemum Small Gift Box - Jiushidao - Global Food Marketplace for Business Growth and Cosumers\",\"isPartOf\":{\"@id\":\"https:\/\/jiushidao.com\/#website\"},\"primaryImageOfPage\":{\"@id\":\"https:\/\/jiushidao.com\/product\/wuyuan-royal-chrysanthemum-small-gift-box\/#primaryimage\"},\"image\":{\"@id\":\"https:\/\/jiushidao.com\/product\/wuyuan-royal-chrysanthemum-small-gift-box\/#primaryimage\"},\"thumbnailUrl\":\"https:\/\/jiushidao.com\/wp-content\/uploads\/2025\/10\/\u56fe\u72472-1.png\",\"datePublished\":\"2025-10-29T09:34:28+00:00\",\"dateModified\":\"2025-10-30T08:44:43+00:00\",\"breadcrumb\":{\"@id\":\"https:\/\/jiushidao.com\/product\/wuyuan-royal-chrysanthemum-small-gift-box\/#breadcrumb\"},\"inLanguage\":\"vi\",\"potentialAction\":[{\"@type\":\"ReadAction\",\"target\":[\"https:\/\/jiushidao.com\/product\/wuyuan-royal-chrysanthemum-small-gift-box\/\"]}]},{\"@type\":\"ImageObject\",\"inLanguage\":\"vi\",\"@id\":\"https:\/\/jiushidao.com\/product\/wuyuan-royal-chrysanthemum-small-gift-box\/#primaryimage\",\"url\":\"https:\/\/jiushidao.com\/wp-content\/uploads\/2025\/10\/\u56fe\u72472-1.png\",\"contentUrl\":\"https:\/\/jiushidao.com\/wp-content\/uploads\/2025\/10\/\u56fe\u72472-1.png\",\"width\":2000,\"height\":1335},{\"@type\":\"BreadcrumbList\",\"@id\":\"https:\/\/jiushidao.com\/product\/wuyuan-royal-chrysanthemum-small-gift-box\/#breadcrumb\",\"itemListElement\":[{\"@type\":\"ListItem\",\"position\":1,\"name\":\"Home\",\"item\":\"https:\/\/jiushidao.com\/\"},{\"@type\":\"ListItem\",\"position\":2,\"name\":\"Store\",\"item\":\"https:\/\/jiushidao.com\/store\/\"},{\"@type\":\"ListItem\",\"position\":3,\"name\":\"Wuyuan Royal Chrysanthemum Small Gift Box\"}]},{\"@type\":\"WebSite\",\"@id\":\"https:\/\/jiushidao.com\/#website\",\"url\":\"https:\/\/jiushidao.com\/\",\"name\":\"Jiushidao - Global Food Marketplace for Business Growth and Cosumers\",\"description\":\"Jiushidao - Global Food Marketplace for Business Growth and Cosumers\",\"potentialAction\":[{\"@type\":\"SearchAction\",\"target\":{\"@type\":\"EntryPoint\",\"urlTemplate\":\"https:\/\/jiushidao.com\/?s={search_term_string}\"},\"query-input\":{\"@type\":\"PropertyValueSpecification\",\"valueRequired\":true,\"valueName\":\"search_term_string\"}}],\"inLanguage\":\"vi\"}]}<\/script>\n<!-- \/ Yoast SEO Premium plugin. -->","yoast_head_json":{"title":"Wuyuan Royal Chrysanthemum Small Gift Box - Jiushidao - Global Food Marketplace for Business Growth and Cosumers","robots":{"index":"index","follow":"follow","max-snippet":"max-snippet:-1","max-image-preview":"max-image-preview:large","max-video-preview":"max-video-preview:-1"},"canonical":"https:\/\/jiushidao.com\/vi\/san-pham\/wuyuan-royal-chrysanthemum-small-gift-box\/","og_locale":"vi_VN","og_type":"article","og_title":"Wuyuan Royal Chrysanthemum Small Gift Box","og_description":"A Perfect Cup &amp; A Perfect Gift\u200b\u200b \u200b\u200bThe Tea:\u200b\u200b \u200b\u200bNATURALLY SWEET TASTE:\u200b\u200b Enjoy a smooth, pleasantly sweet flavor with no bitterness. \u200b\u200bPERFECT BREW, EVERY TIME:\u200b\u200b We [\u2026]","og_url":"https:\/\/jiushidao.com\/vi\/san-pham\/wuyuan-royal-chrysanthemum-small-gift-box\/","og_site_name":"Jiushidao - Global Food Marketplace for Business Growth and Cosumers","article_modified_time":"2025-10-30T08:44:43+00:00","og_image":[{"width":2000,"height":1335,"url":"https:\/\/jiushidao.com\/wp-content\/uploads\/2025\/10\/\u56fe\u72472-1.png","type":"image\/png"}],"twitter_card":"summary_large_image","twitter_misc":{"\u01af\u1edbc t\u00ednh th\u1eddi gian \u0111\u1ecdc":"1 ph\u00fat"},"schema":{"@context":"https:\/\/schema.org","@graph":[{"@type":"WebPage","@id":"https:\/\/jiushidao.com\/product\/wuyuan-royal-chrysanthemum-small-gift-box\/","url":"https:\/\/jiushidao.com\/product\/wuyuan-royal-chrysanthemum-small-gift-box\/","name":"Wuyuan Royal Chrysanthemum Small Gift Box - Jiushidao - Global Food Marketplace for Business Growth and Cosumers","isPartOf":{"@id":"https:\/\/jiushidao.com\/#website"},"primaryImageOfPage":{"@id":"https:\/\/jiushidao.com\/product\/wuyuan-royal-chrysanthemum-small-gift-box\/#primaryimage"},"image":{"@id":"https:\/\/jiushidao.com\/product\/wuyuan-royal-chrysanthemum-small-gift-box\/#primaryimage"},"thumbnailUrl":"https:\/\/jiushidao.com\/wp-content\/uploads\/2025\/10\/\u56fe\u72472-1.png","datePublished":"2025-10-29T09:34:28+00:00","dateModified":"2025-10-30T08:44:43+00:00","breadcrumb":{"@id":"https:\/\/jiushidao.com\/product\/wuyuan-royal-chrysanthemum-small-gift-box\/#breadcrumb"},"inLanguage":"vi","potentialAction":[{"@type":"ReadAction","target":["https:\/\/jiushidao.com\/product\/wuyuan-royal-chrysanthemum-small-gift-box\/"]}]},{"@type":"ImageObject","inLanguage":"vi","@id":"https:\/\/jiushidao.com\/product\/wuyuan-royal-chrysanthemum-small-gift-box\/#primaryimage","url":"https:\/\/jiushidao.com\/wp-content\/uploads\/2025\/10\/\u56fe\u72472-1.png","contentUrl":"https:\/\/jiushidao.com\/wp-content\/uploads\/2025\/10\/\u56fe\u72472-1.png","width":2000,"height":1335},{"@type":"BreadcrumbList","@id":"https:\/\/jiushidao.com\/product\/wuyuan-royal-chrysanthemum-small-gift-box\/#breadcrumb","itemListElement":[{"@type":"ListItem","position":1,"name":"Home","item":"https:\/\/jiushidao.com\/"},{"@type":"ListItem","position":2,"name":"Store","item":"https:\/\/jiushidao.com\/store\/"},{"@type":"ListItem","position":3,"name":"Wuyuan Royal Chrysanthemum Small Gift Box"}]},{"@type":"WebSite","@id":"https:\/\/jiushidao.com\/#website","url":"https:\/\/jiushidao.com\/","name":"Jiushidao - Global Food Marketplace for Business Growth and Cosumers","description":"Jiushidao - Global Food Marketplace for Business Growth and Cosumers","potentialAction":[{"@type":"SearchAction","target":{"@type":"EntryPoint","urlTemplate":"https:\/\/jiushidao.com\/?s={search_term_string}"},"query-input":{"@type":"PropertyValueSpecification","valueRequired":true,"valueName":"search_term_string"}}],"inLanguage":"vi"}]}},"_links":{"self":[{"href":"https:\/\/jiushidao.com\/vi\/wp-json\/wp\/v2\/product\/703","targetHints":{"allow":["GET"]}}],"collection":[{"href":"https:\/\/jiushidao.com\/vi\/wp-json\/wp\/v2\/product"}],"about":[{"href":"https:\/\/jiushidao.com\/vi\/wp-json\/wp\/v2\/types\/product"}],"replies":[{"embeddable":true,"href":"https:\/\/jiushidao.com\/vi\/wp-json\/wp\/v2\/comments?post=703"}],"version-history":[{"count":2,"href":"https:\/\/jiushidao.com\/vi\/wp-json\/wp\/v2\/product\/703\/revisions"}],"predecessor-version":[{"id":736,"href":"https:\/\/jiushidao.com\/vi\/wp-json\/wp\/v2\/product\/703\/revisions\/736"}],"wp:featuredmedia":[{"embeddable":true,"href":"https:\/\/jiushidao.com\/vi\/wp-json\/wp\/v2\/media\/704"}],"wp:attachment":[{"href":"https:\/\/jiushidao.com\/vi\/wp-json\/wp\/v2\/media?parent=703"}],"wp:term":[{"taxonomy":"product_brand","embeddable":true,"href":"https:\/\/jiushidao.com\/vi\/wp-json\/wp\/v2\/product_brand?post=703"},{"taxonomy":"product_cat","embeddable":true,"href":"https:\/\/jiushidao.com\/vi\/wp-json\/wp\/v2\/product_cat?post=703"},{"taxonomy":"product_tag","embeddable":true,"href":"https:\/\/jiushidao.com\/vi\/wp-json\/wp\/v2\/product_tag?post=703"}],"curies":[{"name":"wp","href":"https:\/\/api.w.org\/{rel}","templated":true}]}}