{"id":692,"date":"2025-10-29T09:15:37","date_gmt":"2025-10-29T09:15:37","guid":{"rendered":"https:\/\/jiushidao.com\/?post_type=product&#038;p=692"},"modified":"2025-10-30T09:44:38","modified_gmt":"2025-10-30T09:44:38","slug":"coconut-water-999g-x-4","status":"publish","type":"product","link":"https:\/\/jiushidao.com\/vi\/san-pham\/coconut-water-999g-x-4\/","title":{"rendered":"N\u01b0\u1edbc d\u1eeba 999g x 4"},"content":{"rendered":"<section class=\"ybc-p\"><strong>N\u01b0\u1edbc d\u1eeba nguy\u00ean ch\u1ea5t 100%<\/strong>\u200b<\/section>\n<section class=\"ybc-p\">\u200b<strong>Ch\u1ec9 m\u1ed9t th\u00e0nh ph\u1ea7n. Kh\u00f4ng th\u00eam b\u1ea5t c\u1ee9 th\u1ee9 g\u00ec, kh\u00f4ng bao gi\u1edd.<\/strong>\u200b<\/section>\n<section class=\"ybc-p\">Tr\u1ea3i nghi\u1ec7m n\u01b0\u1edbc d\u1eeba nguy\u00ean ch\u1ea5t nh\u1ea5t. S\u1ea3n ph\u1ea9m c\u1ee7a ch\u00fang t\u00f4i ch\u1ec9 ch\u1ee9a m\u1ed9t th\u00e0nh ph\u1ea7n duy nh\u1ea5t: n\u01b0\u1edbc d\u1eeba nguy\u00ean ch\u1ea5t, t\u1ef1 nhi\u00ean. \u0110\u00e2y ch\u00ednh l\u00e0 ngu\u1ed3n n\u01b0\u1edbc u\u1ed1ng h\u00e0ng ng\u00e0y c\u1ee7a b\u1ea1n, \u0111\u01b0\u1ee3c \u0111\u01a1n gi\u1ea3n h\u00f3a \u0111\u1ebfn m\u1ee9c ho\u00e0n h\u1ea3o.<\/section>\n<section class=\"ybc-p\">\u200b<strong>S\u1ef1 l\u1ef1a ch\u1ecdn thu\u1ea7n khi\u1ebft:<\/strong>\u200b<\/section>\n<section class=\"ybc-p\">\u2022 \u200b<strong>CH\u1ec8 C\u00d3 M\u1ed8T TH\u00c0NH PH\u1ea6N:<\/strong>\u200b N\u01b0\u1edbc d\u1eeba nguy\u00ean ch\u1ea5t 100%.<\/section>\n<section class=\"ybc-p\">\u2022 \u200b<strong>KH\u00d4NG TH\u00caM \u0110\u01af\u1edcNG:<\/strong>\u200b V\u1ecb ng\u1ecdt t\u1ef1 nhi\u00ean, c\u00f3 th\u00eam 0% \u0111\u01b0\u1eddng.<\/section>\n<section class=\"ybc-p\">\u2022 \u200b<strong>MI\u1ec4N PH\u00cd T\u1eea:\u200b<\/strong>\u200b H\u01b0\u01a1ng v\u1ecb nh\u00e2n t\u1ea1o, ch\u1ea5t b\u1ea3o qu\u1ea3n v\u00e0 b\u1ea5t k\u1ef3 ch\u1ea5t ph\u1ee5 gia n\u00e0o kh\u00e1c.<\/section>\n<section class=\"ybc-p\">\u2022 \u200b<strong>Chai to h\u01a1n, gi\u00e1 tr\u1ecb t\u1ed1t h\u01a1n:<\/strong>T\u1eadn h\u01b0\u1edfng nhi\u1ec1u h\u01a1n nh\u1eefng \u0111i\u1ec1u t\u1ed1t \u0111\u1eb9p t\u1eeb thi\u00ean nhi\u00ean trong th\u1eddi gian d\u00e0i h\u01a1n.<\/section>","protected":false},"excerpt":{"rendered":"<p>N\u01b0\u1edbc d\u1eeba nguy\u00ean ch\u1ea5t 100% Ch\u1ec9 m\u1ed9t th\u00e0nh ph\u1ea7n. Kh\u00f4ng th\u00eam b\u1ea5t k\u1ef3 th\u00e0nh ph\u1ea7n n\u00e0o. Tr\u1ea3i nghi\u1ec7m n\u01b0\u1edbc d\u1eeba nguy\u00ean ch\u1ea5t nh\u1ea5t. S\u1ea3n ph\u1ea9m c\u1ee7a ch\u00fang t\u00f4i ch\u1ec9 ch\u1ee9a m\u1ed9t th\u00e0nh ph\u1ea7n duy nh\u1ea5t: tinh khi\u1ebft,<span class=\"excerpt-hellip\"> [\u2026]<\/span><\/p>","protected":false},"featured_media":693,"comment_status":"open","ping_status":"closed","template":"","meta":[],"product_brand":[55],"product_cat":[56],"product_tag":[],"class_list":{"0":"post-692","1":"product","2":"type-product","3":"status-publish","4":"has-post-thumbnail","6":"product_brand-55","7":"product_cat-ma_xiao_tai","9":"first","10":"instock","11":"shipping-taxable","12":"product-type-simple"},"yoast_head":"<!-- This site is optimized with the Yoast SEO Premium plugin v25.8 (Yoast SEO v25.8) - https:\/\/yoast.com\/wordpress\/plugins\/seo\/ -->\n<title>Coconut Water 999g x 4 - Jiushidao - Global Food Marketplace for Business Growth and Cosumers<\/title>\n<meta name=\"robots\" content=\"index, follow, max-snippet:-1, max-image-preview:large, max-video-preview:-1\" \/>\n<link rel=\"canonical\" href=\"https:\/\/jiushidao.com\/vi\/san-pham\/coconut-water-999g-x-4\/\" \/>\n<meta property=\"og:locale\" content=\"vi_VN\" \/>\n<meta property=\"og:type\" content=\"article\" \/>\n<meta property=\"og:title\" content=\"Coconut Water 999g x 4\" \/>\n<meta property=\"og:description\" content=\"100% Pure Coconut Water\u200b\u200b \u200b\u200bOnly One Ingredient. Nothing Added, Ever.\u200b\u200b Experience coconut water in its most authentic form. Our product contains just one single ingredient: pure, [\u2026]\" \/>\n<meta property=\"og:url\" content=\"https:\/\/jiushidao.com\/vi\/san-pham\/coconut-water-999g-x-4\/\" \/>\n<meta property=\"og:site_name\" content=\"Jiushidao - Global Food Marketplace for Business Growth and Cosumers\" \/>\n<meta property=\"article:modified_time\" content=\"2025-10-30T09:44:38+00:00\" \/>\n<meta property=\"og:image\" content=\"https:\/\/jiushidao.com\/wp-content\/uploads\/2025\/10\/\u56fe\u72474.png\" \/>\n\t<meta property=\"og:image:width\" content=\"800\" \/>\n\t<meta property=\"og:image:height\" content=\"800\" \/>\n\t<meta property=\"og:image:type\" content=\"image\/png\" \/>\n<meta name=\"twitter:card\" content=\"summary_large_image\" \/>\n<meta name=\"twitter:label1\" content=\"\u01af\u1edbc t\u00ednh th\u1eddi gian \u0111\u1ecdc\" \/>\n\t<meta name=\"twitter:data1\" content=\"1 ph\u00fat\" \/>\n<script type=\"application\/ld+json\" class=\"yoast-schema-graph\">{\"@context\":\"https:\/\/schema.org\",\"@graph\":[{\"@type\":\"WebPage\",\"@id\":\"https:\/\/jiushidao.com\/product\/coconut-water-999g-x-4\/\",\"url\":\"https:\/\/jiushidao.com\/product\/coconut-water-999g-x-4\/\",\"name\":\"Coconut Water 999g x 4 - Jiushidao - Global Food Marketplace for Business Growth and Cosumers\",\"isPartOf\":{\"@id\":\"https:\/\/jiushidao.com\/#website\"},\"primaryImageOfPage\":{\"@id\":\"https:\/\/jiushidao.com\/product\/coconut-water-999g-x-4\/#primaryimage\"},\"image\":{\"@id\":\"https:\/\/jiushidao.com\/product\/coconut-water-999g-x-4\/#primaryimage\"},\"thumbnailUrl\":\"https:\/\/jiushidao.com\/wp-content\/uploads\/2025\/10\/\u56fe\u72474.png\",\"datePublished\":\"2025-10-29T09:15:37+00:00\",\"dateModified\":\"2025-10-30T09:44:38+00:00\",\"breadcrumb\":{\"@id\":\"https:\/\/jiushidao.com\/product\/coconut-water-999g-x-4\/#breadcrumb\"},\"inLanguage\":\"vi\",\"potentialAction\":[{\"@type\":\"ReadAction\",\"target\":[\"https:\/\/jiushidao.com\/product\/coconut-water-999g-x-4\/\"]}]},{\"@type\":\"ImageObject\",\"inLanguage\":\"vi\",\"@id\":\"https:\/\/jiushidao.com\/product\/coconut-water-999g-x-4\/#primaryimage\",\"url\":\"https:\/\/jiushidao.com\/wp-content\/uploads\/2025\/10\/\u56fe\u72474.png\",\"contentUrl\":\"https:\/\/jiushidao.com\/wp-content\/uploads\/2025\/10\/\u56fe\u72474.png\",\"width\":800,\"height\":800},{\"@type\":\"BreadcrumbList\",\"@id\":\"https:\/\/jiushidao.com\/product\/coconut-water-999g-x-4\/#breadcrumb\",\"itemListElement\":[{\"@type\":\"ListItem\",\"position\":1,\"name\":\"Home\",\"item\":\"https:\/\/jiushidao.com\/\"},{\"@type\":\"ListItem\",\"position\":2,\"name\":\"Store\",\"item\":\"https:\/\/jiushidao.com\/store\/\"},{\"@type\":\"ListItem\",\"position\":3,\"name\":\"Coconut Water 999g x 4\"}]},{\"@type\":\"WebSite\",\"@id\":\"https:\/\/jiushidao.com\/#website\",\"url\":\"https:\/\/jiushidao.com\/\",\"name\":\"Jiushidao - Global Food Marketplace for Business Growth and Cosumers\",\"description\":\"Jiushidao - Global Food Marketplace for Business Growth and Cosumers\",\"potentialAction\":[{\"@type\":\"SearchAction\",\"target\":{\"@type\":\"EntryPoint\",\"urlTemplate\":\"https:\/\/jiushidao.com\/?s={search_term_string}\"},\"query-input\":{\"@type\":\"PropertyValueSpecification\",\"valueRequired\":true,\"valueName\":\"search_term_string\"}}],\"inLanguage\":\"vi\"}]}<\/script>\n<!-- \/ Yoast SEO Premium plugin. -->","yoast_head_json":{"title":"Coconut Water 999g x 4 - Jiushidao - Global Food Marketplace for Business Growth and Cosumers","robots":{"index":"index","follow":"follow","max-snippet":"max-snippet:-1","max-image-preview":"max-image-preview:large","max-video-preview":"max-video-preview:-1"},"canonical":"https:\/\/jiushidao.com\/vi\/san-pham\/coconut-water-999g-x-4\/","og_locale":"vi_VN","og_type":"article","og_title":"Coconut Water 999g x 4","og_description":"100% Pure Coconut Water\u200b\u200b \u200b\u200bOnly One Ingredient. Nothing Added, Ever.\u200b\u200b Experience coconut water in its most authentic form. Our product contains just one single ingredient: pure, [\u2026]","og_url":"https:\/\/jiushidao.com\/vi\/san-pham\/coconut-water-999g-x-4\/","og_site_name":"Jiushidao - Global Food Marketplace for Business Growth and Cosumers","article_modified_time":"2025-10-30T09:44:38+00:00","og_image":[{"width":800,"height":800,"url":"https:\/\/jiushidao.com\/wp-content\/uploads\/2025\/10\/\u56fe\u72474.png","type":"image\/png"}],"twitter_card":"summary_large_image","twitter_misc":{"\u01af\u1edbc t\u00ednh th\u1eddi gian \u0111\u1ecdc":"1 ph\u00fat"},"schema":{"@context":"https:\/\/schema.org","@graph":[{"@type":"WebPage","@id":"https:\/\/jiushidao.com\/product\/coconut-water-999g-x-4\/","url":"https:\/\/jiushidao.com\/product\/coconut-water-999g-x-4\/","name":"Coconut Water 999g x 4 - Jiushidao - Global Food Marketplace for Business Growth and Cosumers","isPartOf":{"@id":"https:\/\/jiushidao.com\/#website"},"primaryImageOfPage":{"@id":"https:\/\/jiushidao.com\/product\/coconut-water-999g-x-4\/#primaryimage"},"image":{"@id":"https:\/\/jiushidao.com\/product\/coconut-water-999g-x-4\/#primaryimage"},"thumbnailUrl":"https:\/\/jiushidao.com\/wp-content\/uploads\/2025\/10\/\u56fe\u72474.png","datePublished":"2025-10-29T09:15:37+00:00","dateModified":"2025-10-30T09:44:38+00:00","breadcrumb":{"@id":"https:\/\/jiushidao.com\/product\/coconut-water-999g-x-4\/#breadcrumb"},"inLanguage":"vi","potentialAction":[{"@type":"ReadAction","target":["https:\/\/jiushidao.com\/product\/coconut-water-999g-x-4\/"]}]},{"@type":"ImageObject","inLanguage":"vi","@id":"https:\/\/jiushidao.com\/product\/coconut-water-999g-x-4\/#primaryimage","url":"https:\/\/jiushidao.com\/wp-content\/uploads\/2025\/10\/\u56fe\u72474.png","contentUrl":"https:\/\/jiushidao.com\/wp-content\/uploads\/2025\/10\/\u56fe\u72474.png","width":800,"height":800},{"@type":"BreadcrumbList","@id":"https:\/\/jiushidao.com\/product\/coconut-water-999g-x-4\/#breadcrumb","itemListElement":[{"@type":"ListItem","position":1,"name":"Home","item":"https:\/\/jiushidao.com\/"},{"@type":"ListItem","position":2,"name":"Store","item":"https:\/\/jiushidao.com\/store\/"},{"@type":"ListItem","position":3,"name":"Coconut Water 999g x 4"}]},{"@type":"WebSite","@id":"https:\/\/jiushidao.com\/#website","url":"https:\/\/jiushidao.com\/","name":"Jiushidao - Global Food Marketplace for Business Growth and Cosumers","description":"Jiushidao - Global Food Marketplace for Business Growth and Cosumers","potentialAction":[{"@type":"SearchAction","target":{"@type":"EntryPoint","urlTemplate":"https:\/\/jiushidao.com\/?s={search_term_string}"},"query-input":{"@type":"PropertyValueSpecification","valueRequired":true,"valueName":"search_term_string"}}],"inLanguage":"vi"}]}},"_links":{"self":[{"href":"https:\/\/jiushidao.com\/vi\/wp-json\/wp\/v2\/product\/692","targetHints":{"allow":["GET"]}}],"collection":[{"href":"https:\/\/jiushidao.com\/vi\/wp-json\/wp\/v2\/product"}],"about":[{"href":"https:\/\/jiushidao.com\/vi\/wp-json\/wp\/v2\/types\/product"}],"replies":[{"embeddable":true,"href":"https:\/\/jiushidao.com\/vi\/wp-json\/wp\/v2\/comments?post=692"}],"version-history":[{"count":3,"href":"https:\/\/jiushidao.com\/vi\/wp-json\/wp\/v2\/product\/692\/revisions"}],"predecessor-version":[{"id":740,"href":"https:\/\/jiushidao.com\/vi\/wp-json\/wp\/v2\/product\/692\/revisions\/740"}],"wp:featuredmedia":[{"embeddable":true,"href":"https:\/\/jiushidao.com\/vi\/wp-json\/wp\/v2\/media\/693"}],"wp:attachment":[{"href":"https:\/\/jiushidao.com\/vi\/wp-json\/wp\/v2\/media?parent=692"}],"wp:term":[{"taxonomy":"product_brand","embeddable":true,"href":"https:\/\/jiushidao.com\/vi\/wp-json\/wp\/v2\/product_brand?post=692"},{"taxonomy":"product_cat","embeddable":true,"href":"https:\/\/jiushidao.com\/vi\/wp-json\/wp\/v2\/product_cat?post=692"},{"taxonomy":"product_tag","embeddable":true,"href":"https:\/\/jiushidao.com\/vi\/wp-json\/wp\/v2\/product_tag?post=692"}],"curies":[{"name":"wp","href":"https:\/\/api.w.org\/{rel}","templated":true}]}}