{"id":683,"date":"2025-10-29T09:08:50","date_gmt":"2025-10-29T09:08:50","guid":{"rendered":"https:\/\/jiushidao.com\/?post_type=product&#038;p=683"},"modified":"2025-10-30T09:51:33","modified_gmt":"2025-10-30T09:51:33","slug":"sugar-free-fresh-coconut-milk-245ml-x-10","status":"publish","type":"product","link":"https:\/\/jiushidao.com\/vi\/san-pham\/sugar-free-fresh-coconut-milk-245ml-x-10\/","title":{"rendered":"S\u1eefa d\u1eeba t\u01b0\u01a1i kh\u00f4ng \u0111\u01b0\u1eddng 245ml x 10"},"content":{"rendered":"<section class=\"ybc-p\"><strong>S\u1ef1 l\u1ef1a ch\u1ecdn nh\u1eb9 nh\u00e0ng v\u00e0 t\u01b0\u01a1i m\u1edbi<\/strong>\u200b<\/section>\n<section class=\"ybc-p\">\u2022 \u200b<strong>\u200bS\u1eeeA \u00c9P T\u01af\u01a0I NGON:\u200b<\/strong>\u0110\u01b0\u1ee3c l\u00e0m t\u1eeb l\u1ea7n \u00e9p \u0111\u1ea7u ti\u00ean c\u1ee7a c\u01a1m d\u1eeba t\u01b0\u01a1i, kh\u00f4ng ph\u1ea3i t\u1eeb n\u01b0\u1edbc c\u00f4 \u0111\u1eb7c.<\/section>\n<section class=\"ybc-p\">\u2022 \u200b<strong>KH\u00d4NG \u0110\u01af\u1edcNG TH\u00caM:\u200b<\/strong>Ch\u1ec9 s\u1eed d\u1ee5ng \u0111\u01b0\u1eddng t\u1ef1 nhi\u00ean. Kh\u00f4ng c\u00f3 \u0111\u01b0\u1eddng.<\/section>\n<section class=\"ybc-p\">\u2022 \u200b<strong>\u200bNH\u1eb8 NH\u00c0NG &amp; S\u1ea0CH S\u1ebc:\u200b<\/strong>K\u1ebft c\u1ea5u m\u1ecbn m\u00e0ng v\u00e0 nh\u1eb9 nh\u00e0ng \u0111\u1ed9c \u0111\u00e1o, kh\u00f4ng bao gi\u1edd g\u00e2y n\u1eb7ng n\u1ec1.<\/section>\n<section class=\"ybc-p\">\u2022 \u200b<strong>\u200bM\u00d3N \u0102N \u00cdT CALO TH\u00da V\u1eca:\u200b<\/strong>\u200b M\u1ed9t l\u1ef1a ch\u1ecdn s\u00e1ng su\u1ed1t cho ni\u1ec1m vui h\u00e0ng ng\u00e0y m\u00e0 kh\u00f4ng c\u1ea3m th\u1ea5y t\u1ed9i l\u1ed7i.<\/section>","protected":false},"excerpt":{"rendered":"<p>L\u1ef1a ch\u1ecdn nh\u1eb9 nh\u00e0ng v\u00e0 t\u01b0\u01a1i m\u00e1t \u2022 \u200b\u200bS\u1ef0 TUY\u1ec6T V\u1edcI \u00c9P T\u01af\u01a0I: \u0110\u01b0\u1ee3c l\u00e0m t\u1eeb n\u01b0\u1edbc \u00e9p \u0111\u1ea7u ti\u00ean c\u1ee7a c\u01a1m d\u1eeba t\u01b0\u01a1i, kh\u00f4ng ph\u1ea3i t\u1eeb n\u01b0\u1edbc c\u00f4 \u0111\u1eb7c. \u2022 \u200b\u200bKH\u00d4NG \u0110\u01af\u1edcNG TH\u00caM:\u200b\u200b T\u1ef1 nhi\u00ean<span class=\"excerpt-hellip\"> [\u2026]<\/span><\/p>","protected":false},"featured_media":684,"comment_status":"open","ping_status":"closed","template":"","meta":[],"product_brand":[55],"product_cat":[56],"product_tag":[],"class_list":{"0":"post-683","1":"product","2":"type-product","3":"status-publish","4":"has-post-thumbnail","6":"product_brand-55","7":"product_cat-ma_xiao_tai","9":"first","10":"instock","11":"shipping-taxable","12":"product-type-simple"},"yoast_head":"<!-- This site is optimized with the Yoast SEO Premium plugin v25.8 (Yoast SEO v25.8) - https:\/\/yoast.com\/wordpress\/plugins\/seo\/ -->\n<title>Sugar-Free Fresh Coconut Milk 245mL x 10 - Jiushidao - Global Food Marketplace for Business Growth and Cosumers<\/title>\n<meta name=\"robots\" content=\"index, follow, max-snippet:-1, max-image-preview:large, max-video-preview:-1\" \/>\n<link rel=\"canonical\" href=\"https:\/\/jiushidao.com\/vi\/san-pham\/sugar-free-fresh-coconut-milk-245ml-x-10\/\" \/>\n<meta property=\"og:locale\" content=\"vi_VN\" \/>\n<meta property=\"og:type\" content=\"article\" \/>\n<meta property=\"og:title\" content=\"Sugar-Free Fresh Coconut Milk 245mL x 10\" \/>\n<meta property=\"og:description\" content=\"The Light &amp; Fresh Choice\u200b\u200b \u2022 \u200b\u200bFRESH-PRESSED GOODNESS:\u200b\u200b Made from the first press of fresh coconut meat, not from concentrate. \u2022 \u200b\u200bZERO ADDED SUGAR:\u200b\u200b Naturally occurring [\u2026]\" \/>\n<meta property=\"og:url\" content=\"https:\/\/jiushidao.com\/vi\/san-pham\/sugar-free-fresh-coconut-milk-245ml-x-10\/\" \/>\n<meta property=\"og:site_name\" content=\"Jiushidao - Global Food Marketplace for Business Growth and Cosumers\" \/>\n<meta property=\"article:modified_time\" content=\"2025-10-30T09:51:33+00:00\" \/>\n<meta property=\"og:image\" content=\"https:\/\/jiushidao.com\/wp-content\/uploads\/2025\/10\/\u56fe\u72471-2.png\" \/>\n\t<meta property=\"og:image:width\" content=\"800\" \/>\n\t<meta property=\"og:image:height\" content=\"800\" \/>\n\t<meta property=\"og:image:type\" content=\"image\/png\" \/>\n<meta name=\"twitter:card\" content=\"summary_large_image\" \/>\n<meta name=\"twitter:label1\" content=\"\u01af\u1edbc t\u00ednh th\u1eddi gian \u0111\u1ecdc\" \/>\n\t<meta name=\"twitter:data1\" content=\"1 ph\u00fat\" \/>\n<script type=\"application\/ld+json\" class=\"yoast-schema-graph\">{\"@context\":\"https:\/\/schema.org\",\"@graph\":[{\"@type\":\"WebPage\",\"@id\":\"https:\/\/jiushidao.com\/product\/sugar-free-fresh-coconut-milk-245ml-x-10\/\",\"url\":\"https:\/\/jiushidao.com\/product\/sugar-free-fresh-coconut-milk-245ml-x-10\/\",\"name\":\"Sugar-Free Fresh Coconut Milk 245mL x 10 - Jiushidao - Global Food Marketplace for Business Growth and Cosumers\",\"isPartOf\":{\"@id\":\"https:\/\/jiushidao.com\/#website\"},\"primaryImageOfPage\":{\"@id\":\"https:\/\/jiushidao.com\/product\/sugar-free-fresh-coconut-milk-245ml-x-10\/#primaryimage\"},\"image\":{\"@id\":\"https:\/\/jiushidao.com\/product\/sugar-free-fresh-coconut-milk-245ml-x-10\/#primaryimage\"},\"thumbnailUrl\":\"https:\/\/jiushidao.com\/wp-content\/uploads\/2025\/10\/\u56fe\u72471-2.png\",\"datePublished\":\"2025-10-29T09:08:50+00:00\",\"dateModified\":\"2025-10-30T09:51:33+00:00\",\"breadcrumb\":{\"@id\":\"https:\/\/jiushidao.com\/product\/sugar-free-fresh-coconut-milk-245ml-x-10\/#breadcrumb\"},\"inLanguage\":\"vi\",\"potentialAction\":[{\"@type\":\"ReadAction\",\"target\":[\"https:\/\/jiushidao.com\/product\/sugar-free-fresh-coconut-milk-245ml-x-10\/\"]}]},{\"@type\":\"ImageObject\",\"inLanguage\":\"vi\",\"@id\":\"https:\/\/jiushidao.com\/product\/sugar-free-fresh-coconut-milk-245ml-x-10\/#primaryimage\",\"url\":\"https:\/\/jiushidao.com\/wp-content\/uploads\/2025\/10\/\u56fe\u72471-2.png\",\"contentUrl\":\"https:\/\/jiushidao.com\/wp-content\/uploads\/2025\/10\/\u56fe\u72471-2.png\",\"width\":800,\"height\":800},{\"@type\":\"BreadcrumbList\",\"@id\":\"https:\/\/jiushidao.com\/product\/sugar-free-fresh-coconut-milk-245ml-x-10\/#breadcrumb\",\"itemListElement\":[{\"@type\":\"ListItem\",\"position\":1,\"name\":\"Home\",\"item\":\"https:\/\/jiushidao.com\/\"},{\"@type\":\"ListItem\",\"position\":2,\"name\":\"Store\",\"item\":\"https:\/\/jiushidao.com\/store\/\"},{\"@type\":\"ListItem\",\"position\":3,\"name\":\"Sugar-Free Fresh Coconut Milk 245mL x 10\"}]},{\"@type\":\"WebSite\",\"@id\":\"https:\/\/jiushidao.com\/#website\",\"url\":\"https:\/\/jiushidao.com\/\",\"name\":\"Jiushidao - Global Food Marketplace for Business Growth and Cosumers\",\"description\":\"Jiushidao - Global Food Marketplace for Business Growth and Cosumers\",\"potentialAction\":[{\"@type\":\"SearchAction\",\"target\":{\"@type\":\"EntryPoint\",\"urlTemplate\":\"https:\/\/jiushidao.com\/?s={search_term_string}\"},\"query-input\":{\"@type\":\"PropertyValueSpecification\",\"valueRequired\":true,\"valueName\":\"search_term_string\"}}],\"inLanguage\":\"vi\"}]}<\/script>\n<!-- \/ Yoast SEO Premium plugin. -->","yoast_head_json":{"title":"Sugar-Free Fresh Coconut Milk 245mL x 10 - Jiushidao - Global Food Marketplace for Business Growth and Cosumers","robots":{"index":"index","follow":"follow","max-snippet":"max-snippet:-1","max-image-preview":"max-image-preview:large","max-video-preview":"max-video-preview:-1"},"canonical":"https:\/\/jiushidao.com\/vi\/san-pham\/sugar-free-fresh-coconut-milk-245ml-x-10\/","og_locale":"vi_VN","og_type":"article","og_title":"Sugar-Free Fresh Coconut Milk 245mL x 10","og_description":"The Light &amp; Fresh Choice\u200b\u200b \u2022 \u200b\u200bFRESH-PRESSED GOODNESS:\u200b\u200b Made from the first press of fresh coconut meat, not from concentrate. \u2022 \u200b\u200bZERO ADDED SUGAR:\u200b\u200b Naturally occurring [\u2026]","og_url":"https:\/\/jiushidao.com\/vi\/san-pham\/sugar-free-fresh-coconut-milk-245ml-x-10\/","og_site_name":"Jiushidao - Global Food Marketplace for Business Growth and Cosumers","article_modified_time":"2025-10-30T09:51:33+00:00","og_image":[{"width":800,"height":800,"url":"https:\/\/jiushidao.com\/wp-content\/uploads\/2025\/10\/\u56fe\u72471-2.png","type":"image\/png"}],"twitter_card":"summary_large_image","twitter_misc":{"\u01af\u1edbc t\u00ednh th\u1eddi gian \u0111\u1ecdc":"1 ph\u00fat"},"schema":{"@context":"https:\/\/schema.org","@graph":[{"@type":"WebPage","@id":"https:\/\/jiushidao.com\/product\/sugar-free-fresh-coconut-milk-245ml-x-10\/","url":"https:\/\/jiushidao.com\/product\/sugar-free-fresh-coconut-milk-245ml-x-10\/","name":"Sugar-Free Fresh Coconut Milk 245mL x 10 - Jiushidao - Global Food Marketplace for Business Growth and Cosumers","isPartOf":{"@id":"https:\/\/jiushidao.com\/#website"},"primaryImageOfPage":{"@id":"https:\/\/jiushidao.com\/product\/sugar-free-fresh-coconut-milk-245ml-x-10\/#primaryimage"},"image":{"@id":"https:\/\/jiushidao.com\/product\/sugar-free-fresh-coconut-milk-245ml-x-10\/#primaryimage"},"thumbnailUrl":"https:\/\/jiushidao.com\/wp-content\/uploads\/2025\/10\/\u56fe\u72471-2.png","datePublished":"2025-10-29T09:08:50+00:00","dateModified":"2025-10-30T09:51:33+00:00","breadcrumb":{"@id":"https:\/\/jiushidao.com\/product\/sugar-free-fresh-coconut-milk-245ml-x-10\/#breadcrumb"},"inLanguage":"vi","potentialAction":[{"@type":"ReadAction","target":["https:\/\/jiushidao.com\/product\/sugar-free-fresh-coconut-milk-245ml-x-10\/"]}]},{"@type":"ImageObject","inLanguage":"vi","@id":"https:\/\/jiushidao.com\/product\/sugar-free-fresh-coconut-milk-245ml-x-10\/#primaryimage","url":"https:\/\/jiushidao.com\/wp-content\/uploads\/2025\/10\/\u56fe\u72471-2.png","contentUrl":"https:\/\/jiushidao.com\/wp-content\/uploads\/2025\/10\/\u56fe\u72471-2.png","width":800,"height":800},{"@type":"BreadcrumbList","@id":"https:\/\/jiushidao.com\/product\/sugar-free-fresh-coconut-milk-245ml-x-10\/#breadcrumb","itemListElement":[{"@type":"ListItem","position":1,"name":"Home","item":"https:\/\/jiushidao.com\/"},{"@type":"ListItem","position":2,"name":"Store","item":"https:\/\/jiushidao.com\/store\/"},{"@type":"ListItem","position":3,"name":"Sugar-Free Fresh Coconut Milk 245mL x 10"}]},{"@type":"WebSite","@id":"https:\/\/jiushidao.com\/#website","url":"https:\/\/jiushidao.com\/","name":"Jiushidao - Global Food Marketplace for Business Growth and Cosumers","description":"Jiushidao - Global Food Marketplace for Business Growth and Cosumers","potentialAction":[{"@type":"SearchAction","target":{"@type":"EntryPoint","urlTemplate":"https:\/\/jiushidao.com\/?s={search_term_string}"},"query-input":{"@type":"PropertyValueSpecification","valueRequired":true,"valueName":"search_term_string"}}],"inLanguage":"vi"}]}},"_links":{"self":[{"href":"https:\/\/jiushidao.com\/vi\/wp-json\/wp\/v2\/product\/683","targetHints":{"allow":["GET"]}}],"collection":[{"href":"https:\/\/jiushidao.com\/vi\/wp-json\/wp\/v2\/product"}],"about":[{"href":"https:\/\/jiushidao.com\/vi\/wp-json\/wp\/v2\/types\/product"}],"replies":[{"embeddable":true,"href":"https:\/\/jiushidao.com\/vi\/wp-json\/wp\/v2\/comments?post=683"}],"version-history":[{"count":2,"href":"https:\/\/jiushidao.com\/vi\/wp-json\/wp\/v2\/product\/683\/revisions"}],"predecessor-version":[{"id":743,"href":"https:\/\/jiushidao.com\/vi\/wp-json\/wp\/v2\/product\/683\/revisions\/743"}],"wp:featuredmedia":[{"embeddable":true,"href":"https:\/\/jiushidao.com\/vi\/wp-json\/wp\/v2\/media\/684"}],"wp:attachment":[{"href":"https:\/\/jiushidao.com\/vi\/wp-json\/wp\/v2\/media?parent=683"}],"wp:term":[{"taxonomy":"product_brand","embeddable":true,"href":"https:\/\/jiushidao.com\/vi\/wp-json\/wp\/v2\/product_brand?post=683"},{"taxonomy":"product_cat","embeddable":true,"href":"https:\/\/jiushidao.com\/vi\/wp-json\/wp\/v2\/product_cat?post=683"},{"taxonomy":"product_tag","embeddable":true,"href":"https:\/\/jiushidao.com\/vi\/wp-json\/wp\/v2\/product_tag?post=683"}],"curies":[{"name":"wp","href":"https:\/\/api.w.org\/{rel}","templated":true}]}}