{"id":679,"date":"2025-10-29T08:58:29","date_gmt":"2025-10-29T08:58:29","guid":{"rendered":"https:\/\/jiushidao.com\/?post_type=product&#038;p=679"},"modified":"2025-10-30T10:17:14","modified_gmt":"2025-10-30T10:17:14","slug":"selected-nut-gift-box","status":"publish","type":"product","link":"https:\/\/jiushidao.com\/vi\/san-pham\/selected-nut-gift-box\/","title":{"rendered":"H\u1ed9p qu\u00e0 h\u1ea1t \u0111\u01b0\u1ee3c ch\u1ecdn l\u1ecdc"},"content":{"rendered":"<section class=\"ybc-p\"><strong>L\u1ef1a ch\u1ecdn c\u00e1c lo\u1ea1i h\u1ea1t h\u1ed7n h\u1ee3p cao c\u1ea5p<\/strong>\u200b<\/section>\n<section class=\"ybc-p\">\u0110\u01b0\u1ee3c ch\u1ebf bi\u1ebfn t\u1eeb h\u1ed7n h\u1ee3p b\u1ed1n lo\u1ea1i h\u1ea1t h\u1ea3o h\u1ea1ng\u2014h\u1ea1t d\u1ebb c\u01b0\u1eddi, h\u1ea1t \u0111i\u1ec1u, h\u1ea1t m\u1eafc ca v\u00e0 h\u1ea1t h\u1ed3 \u0111\u00e0o\u2014s\u1ef1 k\u1ebft h\u1ee3p c\u00e2n b\u1eb1ng tinh t\u1ebf n\u00e0y mang \u0111\u1ebfn h\u01b0\u01a1ng v\u1ecb tuy\u1ec7t h\u1ea3o v\u00e0 gi\u00e1 tr\u1ecb dinh d\u01b0\u1ee1ng v\u01b0\u1ee3t tr\u1ed9i. M\u1ed7i lo\u1ea1i h\u1ea1t \u0111\u01b0\u1ee3c tuy\u1ec3n ch\u1ecdn k\u1ef9 l\u01b0\u1ee1ng nh\u1edd k\u1ebft c\u1ea5u v\u00e0 h\u01b0\u01a1ng v\u1ecb \u0111\u1ed9c \u0111\u00e1o, t\u1ea1o n\u00ean tr\u1ea3i nghi\u1ec7m gi\u00f2n tan, \u0111\u1eadm \u0111\u00e0, \u0111\u1ec3 l\u1ea1i \u1ea5n t\u01b0\u1ee3ng kh\u00f3 phai.<\/section>\n<section class=\"ybc-p\">\u0110\u01b0\u1ee3c b\u1ed5 sung t\u1ef1 nhi\u00ean c\u00e1c kho\u00e1ng ch\u1ea5t vi l\u01b0\u1ee3ng thi\u1ebft y\u1ebfu, vitamin v\u00e0 ch\u1ea5t b\u00e9o l\u00e0nh m\u1ea1nh, h\u1ed7n h\u1ee3p n\u00e0y mang \u0111\u1ebfn m\u1ed9t b\u1eefa \u0103n nh\u1eb9 b\u1ed5 d\u01b0\u1ee1ng, gi\u00fap b\u1ea1n n\u1ea1p n\u0103ng l\u01b0\u1ee3ng cho m\u1ed9t ng\u00e0y d\u00e0i. D\u00f9 d\u00f9ng ri\u00eang, k\u1ebft h\u1ee3p v\u1edbi s\u1eefa chua, hay d\u00f9ng k\u00e8m v\u1edbi c\u00e1c m\u00f3n th\u1ecbt ngu\u1ed9i, \u0111\u00e2y \u0111\u1ec1u l\u00e0 m\u1ed9t l\u1ef1a ch\u1ecdn tinh t\u1ebf v\u00e0 th\u01a1m ngon cho m\u1ecdi d\u1ecbp.<\/section>\n<section class=\"ybc-p\">\u200b<strong>C\u00e1c t\u00ednh n\u0103ng ch\u00ednh:<\/strong>\u200b<\/section>\n<ul class=\"ybc-ul-component\">\n<li class=\"ybc-li-component ybc-li-component_ul\">\n<section class=\"ybc-p\">\u200b<strong>\u200b\u0110a d\u1ea1ng d\u00e0nh cho ng\u01b0\u1eddi s\u00e0nh \u0103n:\u200b<\/strong>S\u1ef1 k\u1ebft h\u1ee3p \u0111\u01b0\u1ee3c tuy\u1ec3n ch\u1ecdn k\u1ef9 l\u01b0\u1ee1ng c\u1ee7a h\u1ea1t d\u1ebb c\u01b0\u1eddi, h\u1ea1t \u0111i\u1ec1u, h\u1ea1t m\u1eafc ca v\u00e0 h\u1ea1t h\u1ed3 \u0111\u00e0o.<\/section>\n<\/li>\n<li class=\"ybc-li-component ybc-li-component_ul\">\n<section class=\"ybc-p\">\u200b<strong>\u200bGi\u00f2n &amp; H\u01b0\u01a1ng v\u1ecb:\u200b<\/strong>\u0110\u01b0\u1ee3c rang ho\u00e0n h\u1ea3o \u0111\u1ec3 t\u0103ng c\u01b0\u1eddng \u0111\u1ed9 \u0111\u1eadm \u0111\u00e0 t\u1ef1 nhi\u00ean v\u00e0 k\u1ebft c\u1ea5u gi\u00f2n.<\/section>\n<\/li>\n<li class=\"ybc-li-component ybc-li-component_ul\">\n<section class=\"ybc-p\">\u200b<strong>\u200bGi\u00e0u dinh d\u01b0\u1ee1ng:\u200b<\/strong>Gi\u00e0u ch\u1ea5t ch\u1ed1ng oxy h\u00f3a, magi\u00ea, k\u1ebdm v\u00e0 protein th\u1ef1c v\u1eadt.<\/section>\n<\/li>\n<li class=\"ybc-li-component ybc-li-component_ul\">\n<section class=\"ybc-p\">\u200b<strong>\u200bTh\u01b0\u1edfng th\u1ee9c \u0111a d\u1ea1ng:\u200b<\/strong>Th\u00edch h\u1ee3p l\u00e0m \u0111\u1ed3 \u0103n nh\u1eb9, qu\u00e0 t\u1eb7ng ho\u1eb7c n\u00e2ng t\u1ea7m c\u00f4ng th\u1ee9c n\u1ea5u \u0103n v\u1edbi c\u00e1c nguy\u00ean li\u1ec7u cao c\u1ea5p.<\/section>\n<\/li>\n<\/ul>","protected":false},"excerpt":{"rendered":"<p>L\u1ef1a ch\u1ecdn c\u00e1c lo\u1ea1i h\u1ea1t h\u1ed7n h\u1ee3p cao c\u1ea5p \u0110\u01b0\u1ee3c ch\u1ebf bi\u1ebfn t\u1eeb h\u1ed7n h\u1ee3p h\u1ea3o h\u1ea1ng g\u1ed3m b\u1ed1n lo\u1ea1i h\u1ea1t cao c\u1ea5p\u2014h\u1ea1t d\u1ebb c\u01b0\u1eddi, h\u1ea1t \u0111i\u1ec1u, h\u1ea1t m\u1eafc ca v\u00e0 h\u1ea1t h\u1ed3 \u0111\u00e0o\u2014h\u1ed7n h\u1ee3p c\u00e2n b\u1eb1ng chuy\u00ean nghi\u1ec7p n\u00e0y mang \u0111\u1ebfn h\u01b0\u01a1ng v\u1ecb \u0111\u1eb7c bi\u1ec7t v\u00e0 gi\u00e1 tr\u1ecb dinh d\u01b0\u1ee1ng<span class=\"excerpt-hellip\"> [\u2026]<\/span><\/p>","protected":false},"featured_media":680,"comment_status":"open","ping_status":"closed","template":"","meta":[],"product_brand":[53],"product_cat":[51],"product_tag":[],"class_list":{"0":"post-679","1":"product","2":"type-product","3":"status-publish","4":"has-post-thumbnail","6":"product_brand-instant_mix_category","7":"product_cat-dried_fruits_and_preserves","9":"first","10":"instock","11":"shipping-taxable","12":"product-type-simple"},"yoast_head":"<!-- This site is optimized with the Yoast SEO Premium plugin v25.8 (Yoast SEO v25.8) - https:\/\/yoast.com\/wordpress\/plugins\/seo\/ -->\n<title>Selected Nut Gift Box - Jiushidao - Global Food Marketplace for Business Growth and Cosumers<\/title>\n<meta name=\"robots\" content=\"index, follow, max-snippet:-1, max-image-preview:large, max-video-preview:-1\" \/>\n<link rel=\"canonical\" href=\"https:\/\/jiushidao.com\/vi\/san-pham\/selected-nut-gift-box\/\" \/>\n<meta property=\"og:locale\" content=\"vi_VN\" \/>\n<meta property=\"og:type\" content=\"article\" \/>\n<meta property=\"og:title\" content=\"Selected Nut Gift Box\" \/>\n<meta property=\"og:description\" content=\"Premium Mixed Nuts Selection\u200b\u200b Crafted with a gourmet blend of four premium nuts\u2014pistachios, cashews, macadamias, and pecans\u2014this expertly balanced mix delivers both exceptional taste and nutritional [\u2026]\" \/>\n<meta property=\"og:url\" content=\"https:\/\/jiushidao.com\/vi\/san-pham\/selected-nut-gift-box\/\" \/>\n<meta property=\"og:site_name\" content=\"Jiushidao - Global Food Marketplace for Business Growth and Cosumers\" \/>\n<meta property=\"article:modified_time\" content=\"2025-10-30T10:17:14+00:00\" \/>\n<meta property=\"og:image\" content=\"https:\/\/jiushidao.com\/wp-content\/uploads\/2025\/10\/30.png\" \/>\n\t<meta property=\"og:image:width\" content=\"1280\" \/>\n\t<meta property=\"og:image:height\" content=\"1280\" \/>\n\t<meta property=\"og:image:type\" content=\"image\/png\" \/>\n<meta name=\"twitter:card\" content=\"summary_large_image\" \/>\n<meta name=\"twitter:label1\" content=\"\u01af\u1edbc t\u00ednh th\u1eddi gian \u0111\u1ecdc\" \/>\n\t<meta name=\"twitter:data1\" content=\"1 ph\u00fat\" \/>\n<script type=\"application\/ld+json\" class=\"yoast-schema-graph\">{\"@context\":\"https:\/\/schema.org\",\"@graph\":[{\"@type\":\"WebPage\",\"@id\":\"https:\/\/jiushidao.com\/product\/selected-nut-gift-box\/\",\"url\":\"https:\/\/jiushidao.com\/product\/selected-nut-gift-box\/\",\"name\":\"Selected Nut Gift Box - Jiushidao - Global Food Marketplace for Business Growth and Cosumers\",\"isPartOf\":{\"@id\":\"https:\/\/jiushidao.com\/#website\"},\"primaryImageOfPage\":{\"@id\":\"https:\/\/jiushidao.com\/product\/selected-nut-gift-box\/#primaryimage\"},\"image\":{\"@id\":\"https:\/\/jiushidao.com\/product\/selected-nut-gift-box\/#primaryimage\"},\"thumbnailUrl\":\"https:\/\/jiushidao.com\/wp-content\/uploads\/2025\/10\/30.png\",\"datePublished\":\"2025-10-29T08:58:29+00:00\",\"dateModified\":\"2025-10-30T10:17:14+00:00\",\"breadcrumb\":{\"@id\":\"https:\/\/jiushidao.com\/product\/selected-nut-gift-box\/#breadcrumb\"},\"inLanguage\":\"vi\",\"potentialAction\":[{\"@type\":\"ReadAction\",\"target\":[\"https:\/\/jiushidao.com\/product\/selected-nut-gift-box\/\"]}]},{\"@type\":\"ImageObject\",\"inLanguage\":\"vi\",\"@id\":\"https:\/\/jiushidao.com\/product\/selected-nut-gift-box\/#primaryimage\",\"url\":\"https:\/\/jiushidao.com\/wp-content\/uploads\/2025\/10\/30.png\",\"contentUrl\":\"https:\/\/jiushidao.com\/wp-content\/uploads\/2025\/10\/30.png\",\"width\":1280,\"height\":1280},{\"@type\":\"BreadcrumbList\",\"@id\":\"https:\/\/jiushidao.com\/product\/selected-nut-gift-box\/#breadcrumb\",\"itemListElement\":[{\"@type\":\"ListItem\",\"position\":1,\"name\":\"Home\",\"item\":\"https:\/\/jiushidao.com\/\"},{\"@type\":\"ListItem\",\"position\":2,\"name\":\"Store\",\"item\":\"https:\/\/jiushidao.com\/store\/\"},{\"@type\":\"ListItem\",\"position\":3,\"name\":\"Selected Nut Gift Box\"}]},{\"@type\":\"WebSite\",\"@id\":\"https:\/\/jiushidao.com\/#website\",\"url\":\"https:\/\/jiushidao.com\/\",\"name\":\"Jiushidao - Global Food Marketplace for Business Growth and Cosumers\",\"description\":\"Jiushidao - Global Food Marketplace for Business Growth and Cosumers\",\"potentialAction\":[{\"@type\":\"SearchAction\",\"target\":{\"@type\":\"EntryPoint\",\"urlTemplate\":\"https:\/\/jiushidao.com\/?s={search_term_string}\"},\"query-input\":{\"@type\":\"PropertyValueSpecification\",\"valueRequired\":true,\"valueName\":\"search_term_string\"}}],\"inLanguage\":\"vi\"}]}<\/script>\n<!-- \/ Yoast SEO Premium plugin. -->","yoast_head_json":{"title":"Selected Nut Gift Box - Jiushidao - Global Food Marketplace for Business Growth and Cosumers","robots":{"index":"index","follow":"follow","max-snippet":"max-snippet:-1","max-image-preview":"max-image-preview:large","max-video-preview":"max-video-preview:-1"},"canonical":"https:\/\/jiushidao.com\/vi\/san-pham\/selected-nut-gift-box\/","og_locale":"vi_VN","og_type":"article","og_title":"Selected Nut Gift Box","og_description":"Premium Mixed Nuts Selection\u200b\u200b Crafted with a gourmet blend of four premium nuts\u2014pistachios, cashews, macadamias, and pecans\u2014this expertly balanced mix delivers both exceptional taste and nutritional [\u2026]","og_url":"https:\/\/jiushidao.com\/vi\/san-pham\/selected-nut-gift-box\/","og_site_name":"Jiushidao - Global Food Marketplace for Business Growth and Cosumers","article_modified_time":"2025-10-30T10:17:14+00:00","og_image":[{"width":1280,"height":1280,"url":"https:\/\/jiushidao.com\/wp-content\/uploads\/2025\/10\/30.png","type":"image\/png"}],"twitter_card":"summary_large_image","twitter_misc":{"\u01af\u1edbc t\u00ednh th\u1eddi gian \u0111\u1ecdc":"1 ph\u00fat"},"schema":{"@context":"https:\/\/schema.org","@graph":[{"@type":"WebPage","@id":"https:\/\/jiushidao.com\/product\/selected-nut-gift-box\/","url":"https:\/\/jiushidao.com\/product\/selected-nut-gift-box\/","name":"Selected Nut Gift Box - Jiushidao - Global Food Marketplace for Business Growth and Cosumers","isPartOf":{"@id":"https:\/\/jiushidao.com\/#website"},"primaryImageOfPage":{"@id":"https:\/\/jiushidao.com\/product\/selected-nut-gift-box\/#primaryimage"},"image":{"@id":"https:\/\/jiushidao.com\/product\/selected-nut-gift-box\/#primaryimage"},"thumbnailUrl":"https:\/\/jiushidao.com\/wp-content\/uploads\/2025\/10\/30.png","datePublished":"2025-10-29T08:58:29+00:00","dateModified":"2025-10-30T10:17:14+00:00","breadcrumb":{"@id":"https:\/\/jiushidao.com\/product\/selected-nut-gift-box\/#breadcrumb"},"inLanguage":"vi","potentialAction":[{"@type":"ReadAction","target":["https:\/\/jiushidao.com\/product\/selected-nut-gift-box\/"]}]},{"@type":"ImageObject","inLanguage":"vi","@id":"https:\/\/jiushidao.com\/product\/selected-nut-gift-box\/#primaryimage","url":"https:\/\/jiushidao.com\/wp-content\/uploads\/2025\/10\/30.png","contentUrl":"https:\/\/jiushidao.com\/wp-content\/uploads\/2025\/10\/30.png","width":1280,"height":1280},{"@type":"BreadcrumbList","@id":"https:\/\/jiushidao.com\/product\/selected-nut-gift-box\/#breadcrumb","itemListElement":[{"@type":"ListItem","position":1,"name":"Home","item":"https:\/\/jiushidao.com\/"},{"@type":"ListItem","position":2,"name":"Store","item":"https:\/\/jiushidao.com\/store\/"},{"@type":"ListItem","position":3,"name":"Selected Nut Gift Box"}]},{"@type":"WebSite","@id":"https:\/\/jiushidao.com\/#website","url":"https:\/\/jiushidao.com\/","name":"Jiushidao - Global Food Marketplace for Business Growth and Cosumers","description":"Jiushidao - Global Food Marketplace for Business Growth and Cosumers","potentialAction":[{"@type":"SearchAction","target":{"@type":"EntryPoint","urlTemplate":"https:\/\/jiushidao.com\/?s={search_term_string}"},"query-input":{"@type":"PropertyValueSpecification","valueRequired":true,"valueName":"search_term_string"}}],"inLanguage":"vi"}]}},"_links":{"self":[{"href":"https:\/\/jiushidao.com\/vi\/wp-json\/wp\/v2\/product\/679","targetHints":{"allow":["GET"]}}],"collection":[{"href":"https:\/\/jiushidao.com\/vi\/wp-json\/wp\/v2\/product"}],"about":[{"href":"https:\/\/jiushidao.com\/vi\/wp-json\/wp\/v2\/types\/product"}],"replies":[{"embeddable":true,"href":"https:\/\/jiushidao.com\/vi\/wp-json\/wp\/v2\/comments?post=679"}],"version-history":[{"count":2,"href":"https:\/\/jiushidao.com\/vi\/wp-json\/wp\/v2\/product\/679\/revisions"}],"predecessor-version":[{"id":746,"href":"https:\/\/jiushidao.com\/vi\/wp-json\/wp\/v2\/product\/679\/revisions\/746"}],"wp:featuredmedia":[{"embeddable":true,"href":"https:\/\/jiushidao.com\/vi\/wp-json\/wp\/v2\/media\/680"}],"wp:attachment":[{"href":"https:\/\/jiushidao.com\/vi\/wp-json\/wp\/v2\/media?parent=679"}],"wp:term":[{"taxonomy":"product_brand","embeddable":true,"href":"https:\/\/jiushidao.com\/vi\/wp-json\/wp\/v2\/product_brand?post=679"},{"taxonomy":"product_cat","embeddable":true,"href":"https:\/\/jiushidao.com\/vi\/wp-json\/wp\/v2\/product_cat?post=679"},{"taxonomy":"product_tag","embeddable":true,"href":"https:\/\/jiushidao.com\/vi\/wp-json\/wp\/v2\/product_tag?post=679"}],"curies":[{"name":"wp","href":"https:\/\/api.w.org\/{rel}","templated":true}]}}